{"id":171609,"date":"2022-05-12T17:06:12","date_gmt":"2022-05-12T16:06:12","guid":{"rendered":"https:\/\/hobby4geek.com\/?post_type=product&#038;p=171609"},"modified":"2024-05-12T12:53:28","modified_gmt":"2024-05-12T11:53:28","slug":"3zero-transformers-revenge-of-the-fallen-dlx-optimus-prime","status":"publish","type":"product","link":"https:\/\/hobby4geek.com\/fr\/produit\/3zero-transformers-revenge-of-the-fallen-dlx-optimus-prime\/","title":{"rendered":"ThreeZero - Transformers : La Revanche des D\u00e9chus DLX Optimus Prime"},"content":{"rendered":"<p>Hasbro et threezero sont ravis de vous pr\u00e9senter Optimus Prime du film Transformers : Revenge of the Fallen en tant que prochaine figurine de la s\u00e9rie de figurines \u00e0 collectionner Transformers DLX !<\/p>\n<p>D'une hauteur de 11,4 pouces, la figurine Transformers : Revenge of the Fallen - DLX Optimus Prime Collectible Figure dispose d'environ 57 points d'articulation, d'un cadre en m\u00e9tal moul\u00e9 sous pression et d'yeux \u00e9clair\u00e9s par LED. Les accessoires incluent deux blasters ioniques, deux \u00e9p\u00e9es energiques, un visage et un masque de combat interchangeables, un total de quatre paires de mains interchangeables et un support d'action DLX pour diverses poses expressives.<\/p>\n<p>Transformers : Revenge of the Fallen - DLX Optimus Prime est con\u00e7u pour \u00eatre int\u00e9gr\u00e9 au DLX Jetfire du m\u00eame film (sortie pr\u00e9vue au 1er trimestre 2021). Ensemble, les deux figurines forment l'impressionnant DLX Jetpower.<\/p>\n<p>Les figurines de collection DLX pr\u00e9sentent des dessins complexes de Transformers \u00e0 plus petite \u00e9chelle avec une valeur de production de haute fid\u00e9lit\u00e9. Gr\u00e2ce \u00e0 sa structure unique en m\u00e9tal moul\u00e9 sous pression, DLX offre non seulement une gamme avanc\u00e9e d'articulations, mais am\u00e9liore aussi consid\u00e9rablement le poids et la durabilit\u00e9. Gr\u00e2ce \u00e0 l'application de peinture d\u00e9taill\u00e9e et alt\u00e9r\u00e9e de threezero, on obtient une ressemblance remarquable avec les personnages tels qu'ils sont vus dans les m\u00e9dias d'origine.<\/p>\n<ul>\n<li>Sous licence officielle Hasbro et TakaraTomy<\/li>\n<li>Hauteur d'environ 29,2 cm (11,4 pouces)<\/li>\n<li>Environ 57 points d'articulation<\/li>\n<li>Pi\u00e8ces m\u00e9talliques moul\u00e9es sous pression<\/li>\n<li>Yeux \u00e9clair\u00e9s par LED*<\/li>\n<li>Une partie de l'armure externe est d\u00e9tachable pour \u00eatre int\u00e9gr\u00e9e au DLX Jetfire.<\/li>\n<\/ul>\n<p><strong>Accessoires :<\/strong><\/p>\n<ul>\n<li>Un masque de combat et un visage interchangeables<\/li>\n<li>Deux lanceurs d'ions<\/li>\n<li>Deux \u00e9p\u00e9es doubles energonomiques<\/li>\n<li>Quatre paires de mains interchangeables : une paire de poings, une paire de mains d\u00e9tendues, une paire de mains d'action et une paire de mains pour tenir le blaster ionique.<\/li>\n<li>Un support d'action avec base<\/li>\n<\/ul>\n<p><strong>Remarques<\/strong><\/p>\n<p>*Les diodes \u00e9lectroluminescentes n\u00e9cessitent des piles AG13 x2 (piles non incluses).<\/p>\n<p><strong>Mat\u00e9riaux<\/strong><\/p>\n<p>Alliage de zinc moul\u00e9 sous pression, POM, ABS et PVC<\/p>","protected":false},"excerpt":{"rendered":"<ul>\n<li>Sous licence officielle Hasbro et TakaraTomy<\/li>\n<li>Hauteur d'environ 29,2 cm (11,4 pouces)<\/li>\n<li>Environ 57 points d'articulation<\/li>\n<li>Pi\u00e8ces m\u00e9talliques moul\u00e9es sous pression<\/li>\n<li>Yeux \u00e9clair\u00e9s par LED*<\/li>\n<li>Une partie de l'armure externe est d\u00e9tachable pour \u00eatre int\u00e9gr\u00e9e au DLX Jetfire.<\/li>\n<\/ul>\n<p><strong>Accessoires :<\/strong><\/p>\n<ul>\n<li>Un masque de combat et un visage interchangeables<\/li>\n<li>Deux lanceurs d'ions<\/li>\n<li>Deux \u00e9p\u00e9es doubles energonomiques<\/li>\n<li>Quatre paires de mains interchangeables : une paire de poings, une paire de mains d\u00e9tendues, une paire de mains d'action et une paire de mains pour tenir le blaster ionique.<\/li>\n<li>Un support d'action avec base<\/li>\n<\/ul>\n<p><strong>Remarques<\/strong><\/p>\n<p>*Les diodes \u00e9lectroluminescentes n\u00e9cessitent des piles AG13 x2 (piles non incluses).<\/p>\n<p><strong>Mat\u00e9riaux<\/strong><\/p>\n<p>Alliage de zinc moul\u00e9 sous pression, POM, ABS et PVC<\/p>","protected":false},"featured_media":182248,"comment_status":"open","ping_status":"closed","template":"","meta":{"inline_featured_image":false},"product_brand":[],"product_cat":[1955,68,90],"product_tag":[332,199,1976,333,334,335,1936,234,265,337,770,1975,204,2453,1638],"giftcard-category":[],"class_list":{"0":"post-171609","1":"product","2":"type-product","3":"status-publish","4":"has-post-thumbnail","6":"product_cat-transformers","7":"product_cat-hasbro","8":"product_cat-threezero","9":"product_tag-3a","10":"product_tag-autobot","11":"product_tag-collector-figures","12":"product_tag-dlx-collectible-series","13":"product_tag-film","14":"product_tag-hasbro","15":"product_tag-models-co","16":"product_tag-optimus-prime","17":"product_tag-pre-orders","18":"product_tag-threea","19":"product_tag-threezero","20":"product_tag-toys-figures","21":"product_tag-transformers","22":"product_tag-transformers-x-threezero","23":"product_tag-transformers-revenge-of-the-fallen","24":"product_shipping_class-from-china","26":"first","27":"outofstock","28":"taxable","29":"shipping-taxable","30":"purchasable","31":"product-type-simple","32":"add-to-wishlist-after_add_to_cart"},"yoast_head":"<!-- This site is optimized with the Yoast SEO Premium plugin v25.3.1 (Yoast SEO v27.2) - https:\/\/yoast.com\/product\/yoast-seo-premium-wordpress\/ -->\n<title>ThreeZero - Transformers: Revenge of the Fallen DLX Optimus Prime<\/title>\n<meta name=\"robots\" content=\"index, follow, max-snippet:-1, max-image-preview:large, max-video-preview:-1\" \/>\n<link rel=\"canonical\" href=\"https:\/\/hobby4geek.com\/fr\/produit\/3zero-transformers-revenge-of-the-fallen-dlx-optimus-prime\/\" \/>\n<meta property=\"og:locale\" content=\"fr_FR\" \/>\n<meta property=\"og:type\" content=\"article\" \/>\n<meta property=\"og:title\" content=\"ThreeZero - Transformers: Revenge of the Fallen DLX Optimus Prime\" \/>\n<meta property=\"og:description\" content=\"Officially licensed by Hasbro and TakaraTomy  Approximately 29.2 cm (11.4 inches) tall  Approximately 57 points of articulation  Die-cast metal parts  LED lighted eyes*  Part of the external armor is detachable for integration with DLX Jetfire  Accessories:   An interchangeable battle mask and face  Two ion blasters  Two Energon Dual Swords  Four pairs of interchangeable hands: a pair of fists, a pair of relaxed hands, a pair of action hands and a pair of hands to hold the Ion Blaster.  One Action stand with base  Remarks  *LED features require AG13 x2 batteries (batteries not included)  Materials  Die-cast zinc alloy, POM, ABS and PVC\" \/>\n<meta property=\"og:url\" content=\"https:\/\/hobby4geek.com\/fr\/produit\/3zero-transformers-revenge-of-the-fallen-dlx-optimus-prime\/\" \/>\n<meta property=\"og:site_name\" content=\"Hobby4Geek\" \/>\n<meta property=\"article:publisher\" content=\"https:\/\/www.facebook.com\/hobby4geek\" \/>\n<meta property=\"article:modified_time\" content=\"2024-05-12T11:53:28+00:00\" \/>\n<meta property=\"og:image\" content=\"https:\/\/hobby4geek.com\/wp-content\/uploads\/2023\/02\/threezero-transformers-revenge-of-the-fallen-dlx-optimus-prime.jpg\" \/>\n\t<meta property=\"og:image:width\" content=\"1052\" \/>\n\t<meta property=\"og:image:height\" content=\"744\" \/>\n\t<meta property=\"og:image:type\" content=\"image\/jpeg\" \/>\n<meta name=\"twitter:card\" content=\"summary_large_image\" \/>\n<meta name=\"twitter:site\" content=\"@hobby4geek\" \/>\n<script type=\"application\/ld+json\" class=\"yoast-schema-graph\">{\"@context\":\"https:\/\/schema.org\",\"@graph\":[{\"@type\":\"WebPage\",\"@id\":\"https:\/\/hobby4geek.com\/product\/3zero-transformers-revenge-of-the-fallen-dlx-optimus-prime\/\",\"url\":\"https:\/\/hobby4geek.com\/product\/3zero-transformers-revenge-of-the-fallen-dlx-optimus-prime\/\",\"name\":\"ThreeZero - Transformers: Revenge of the Fallen DLX Optimus Prime\",\"isPartOf\":{\"@id\":\"https:\/\/hobby4geek.com\/#website\"},\"primaryImageOfPage\":{\"@id\":\"https:\/\/hobby4geek.com\/product\/3zero-transformers-revenge-of-the-fallen-dlx-optimus-prime\/#primaryimage\"},\"image\":{\"@id\":\"https:\/\/hobby4geek.com\/product\/3zero-transformers-revenge-of-the-fallen-dlx-optimus-prime\/#primaryimage\"},\"thumbnailUrl\":\"https:\/\/hobby4geek.com\/wp-content\/uploads\/2023\/02\/threezero-transformers-revenge-of-the-fallen-dlx-optimus-prime.jpg\",\"datePublished\":\"2022-05-12T16:06:12+00:00\",\"dateModified\":\"2024-05-12T11:53:28+00:00\",\"breadcrumb\":{\"@id\":\"https:\/\/hobby4geek.com\/product\/3zero-transformers-revenge-of-the-fallen-dlx-optimus-prime\/#breadcrumb\"},\"inLanguage\":\"fr-FR\",\"potentialAction\":[{\"@type\":\"ReadAction\",\"target\":[\"https:\/\/hobby4geek.com\/product\/3zero-transformers-revenge-of-the-fallen-dlx-optimus-prime\/\"]}]},{\"@type\":\"ImageObject\",\"inLanguage\":\"fr-FR\",\"@id\":\"https:\/\/hobby4geek.com\/product\/3zero-transformers-revenge-of-the-fallen-dlx-optimus-prime\/#primaryimage\",\"url\":\"https:\/\/hobby4geek.com\/wp-content\/uploads\/2023\/02\/threezero-transformers-revenge-of-the-fallen-dlx-optimus-prime.jpg\",\"contentUrl\":\"https:\/\/hobby4geek.com\/wp-content\/uploads\/2023\/02\/threezero-transformers-revenge-of-the-fallen-dlx-optimus-prime.jpg\",\"width\":1052,\"height\":744,\"caption\":\"007-PO-image\"},{\"@type\":\"BreadcrumbList\",\"@id\":\"https:\/\/hobby4geek.com\/product\/3zero-transformers-revenge-of-the-fallen-dlx-optimus-prime\/#breadcrumb\",\"itemListElement\":[{\"@type\":\"ListItem\",\"position\":1,\"name\":\"Home\",\"item\":\"https:\/\/hobby4geek.com\/\"},{\"@type\":\"ListItem\",\"position\":2,\"name\":\"Shop\",\"item\":\"https:\/\/hobby4geek.com\/shop\/\"},{\"@type\":\"ListItem\",\"position\":3,\"name\":\"ThreeZero &#8211; Transformers: Revenge of the Fallen DLX Optimus Prime\"}]},{\"@type\":\"WebSite\",\"@id\":\"https:\/\/hobby4geek.com\/#website\",\"url\":\"https:\/\/hobby4geek.com\/\",\"name\":\"Hobby4Geek\",\"description\":\"Collect, Play &amp; Showcase, Embrace your Geekiness\",\"publisher\":{\"@id\":\"https:\/\/hobby4geek.com\/#organization\"},\"potentialAction\":[{\"@type\":\"SearchAction\",\"target\":{\"@type\":\"EntryPoint\",\"urlTemplate\":\"https:\/\/hobby4geek.com\/?s={search_term_string}\"},\"query-input\":{\"@type\":\"PropertyValueSpecification\",\"valueRequired\":true,\"valueName\":\"search_term_string\"}}],\"inLanguage\":\"fr-FR\"},{\"@type\":\"Organization\",\"@id\":\"https:\/\/hobby4geek.com\/#organization\",\"name\":\"Hobby4Geek\",\"url\":\"https:\/\/hobby4geek.com\/\",\"logo\":{\"@type\":\"ImageObject\",\"inLanguage\":\"fr-FR\",\"@id\":\"https:\/\/hobby4geek.com\/#\/schema\/logo\/image\/\",\"url\":\"https:\/\/hobby4geek.com\/wp-content\/uploads\/2023\/02\/default-kit.png\",\"contentUrl\":\"https:\/\/hobby4geek.com\/wp-content\/uploads\/2023\/02\/default-kit.png\",\"width\":600,\"height\":600,\"caption\":\"Hobby4Geek\"},\"image\":{\"@id\":\"https:\/\/hobby4geek.com\/#\/schema\/logo\/image\/\"},\"sameAs\":[\"https:\/\/www.facebook.com\/hobby4geek\",\"https:\/\/x.com\/hobby4geek\",\"https:\/\/www.instagram.com\/hobby4geek\/\"]}]}<\/script>\n<meta property=\"product:brand\" content=\"Transformers\" \/>\n<meta property=\"product:price:amount\" content=\"276.98\" \/>\n<meta property=\"product:price:currency\" content=\"EUR\" \/>\n<meta property=\"og:availability\" content=\"out of stock\" \/>\n<meta property=\"product:availability\" content=\"out of stock\" \/>\n<meta property=\"product:condition\" content=\"new\" \/>\n<!-- \/ Yoast SEO Premium plugin. -->","yoast_head_json":{"title":"ThreeZero - Transformers : La Revanche des D\u00e9chus DLX Optimus Prime","robots":{"index":"index","follow":"follow","max-snippet":"max-snippet:-1","max-image-preview":"max-image-preview:large","max-video-preview":"max-video-preview:-1"},"canonical":"https:\/\/hobby4geek.com\/fr\/produit\/3zero-transformers-revenge-of-the-fallen-dlx-optimus-prime\/","og_locale":"fr_FR","og_type":"article","og_title":"ThreeZero - Transformers: Revenge of the Fallen DLX Optimus Prime","og_description":"Officially licensed by Hasbro and TakaraTomy  Approximately 29.2 cm (11.4 inches) tall  Approximately 57 points of articulation  Die-cast metal parts  LED lighted eyes*  Part of the external armor is detachable for integration with DLX Jetfire  Accessories:   An interchangeable battle mask and face  Two ion blasters  Two Energon Dual Swords  Four pairs of interchangeable hands: a pair of fists, a pair of relaxed hands, a pair of action hands and a pair of hands to hold the Ion Blaster.  One Action stand with base  Remarks  *LED features require AG13 x2 batteries (batteries not included)  Materials  Die-cast zinc alloy, POM, ABS and PVC","og_url":"https:\/\/hobby4geek.com\/fr\/produit\/3zero-transformers-revenge-of-the-fallen-dlx-optimus-prime\/","og_site_name":"Hobby4Geek","article_publisher":"https:\/\/www.facebook.com\/hobby4geek","article_modified_time":"2024-05-12T11:53:28+00:00","og_image":[{"width":1052,"height":744,"url":"https:\/\/hobby4geek.com\/wp-content\/uploads\/2023\/02\/threezero-transformers-revenge-of-the-fallen-dlx-optimus-prime.jpg","type":"image\/jpeg"}],"twitter_card":"summary_large_image","twitter_site":"@hobby4geek","schema":{"@context":"https:\/\/schema.org","@graph":[{"@type":"WebPage","@id":"https:\/\/hobby4geek.com\/product\/3zero-transformers-revenge-of-the-fallen-dlx-optimus-prime\/","url":"https:\/\/hobby4geek.com\/product\/3zero-transformers-revenge-of-the-fallen-dlx-optimus-prime\/","name":"ThreeZero - Transformers : La Revanche des D\u00e9chus DLX Optimus Prime","isPartOf":{"@id":"https:\/\/hobby4geek.com\/#website"},"primaryImageOfPage":{"@id":"https:\/\/hobby4geek.com\/product\/3zero-transformers-revenge-of-the-fallen-dlx-optimus-prime\/#primaryimage"},"image":{"@id":"https:\/\/hobby4geek.com\/product\/3zero-transformers-revenge-of-the-fallen-dlx-optimus-prime\/#primaryimage"},"thumbnailUrl":"https:\/\/hobby4geek.com\/wp-content\/uploads\/2023\/02\/threezero-transformers-revenge-of-the-fallen-dlx-optimus-prime.jpg","datePublished":"2022-05-12T16:06:12+00:00","dateModified":"2024-05-12T11:53:28+00:00","breadcrumb":{"@id":"https:\/\/hobby4geek.com\/product\/3zero-transformers-revenge-of-the-fallen-dlx-optimus-prime\/#breadcrumb"},"inLanguage":"fr-FR","potentialAction":[{"@type":"ReadAction","target":["https:\/\/hobby4geek.com\/product\/3zero-transformers-revenge-of-the-fallen-dlx-optimus-prime\/"]}]},{"@type":"ImageObject","inLanguage":"fr-FR","@id":"https:\/\/hobby4geek.com\/product\/3zero-transformers-revenge-of-the-fallen-dlx-optimus-prime\/#primaryimage","url":"https:\/\/hobby4geek.com\/wp-content\/uploads\/2023\/02\/threezero-transformers-revenge-of-the-fallen-dlx-optimus-prime.jpg","contentUrl":"https:\/\/hobby4geek.com\/wp-content\/uploads\/2023\/02\/threezero-transformers-revenge-of-the-fallen-dlx-optimus-prime.jpg","width":1052,"height":744,"caption":"007-PO-image"},{"@type":"BreadcrumbList","@id":"https:\/\/hobby4geek.com\/product\/3zero-transformers-revenge-of-the-fallen-dlx-optimus-prime\/#breadcrumb","itemListElement":[{"@type":"ListItem","position":1,"name":"Home","item":"https:\/\/hobby4geek.com\/"},{"@type":"ListItem","position":2,"name":"Shop","item":"https:\/\/hobby4geek.com\/shop\/"},{"@type":"ListItem","position":3,"name":"ThreeZero &#8211; Transformers: Revenge of the Fallen DLX Optimus Prime"}]},{"@type":"WebSite","@id":"https:\/\/hobby4geek.com\/#website","url":"https:\/\/hobby4geek.com\/","name":"Hobby4Geek","description":"Collectionnez, jouez et exposez, embrassez votre geekitude","publisher":{"@id":"https:\/\/hobby4geek.com\/#organization"},"potentialAction":[{"@type":"SearchAction","target":{"@type":"EntryPoint","urlTemplate":"https:\/\/hobby4geek.com\/?s={search_term_string}"},"query-input":{"@type":"PropertyValueSpecification","valueRequired":true,"valueName":"search_term_string"}}],"inLanguage":"fr-FR"},{"@type":"Organization","@id":"https:\/\/hobby4geek.com\/#organization","name":"Hobby4Geek","url":"https:\/\/hobby4geek.com\/","logo":{"@type":"ImageObject","inLanguage":"fr-FR","@id":"https:\/\/hobby4geek.com\/#\/schema\/logo\/image\/","url":"https:\/\/hobby4geek.com\/wp-content\/uploads\/2023\/02\/default-kit.png","contentUrl":"https:\/\/hobby4geek.com\/wp-content\/uploads\/2023\/02\/default-kit.png","width":600,"height":600,"caption":"Hobby4Geek"},"image":{"@id":"https:\/\/hobby4geek.com\/#\/schema\/logo\/image\/"},"sameAs":["https:\/\/www.facebook.com\/hobby4geek","https:\/\/x.com\/hobby4geek","https:\/\/www.instagram.com\/hobby4geek\/"]}]},"product_brand":"Transformers","product_price_amount":"276.98","product_price_currency":"EUR","og_availability":"out of stock","product_availability":"out of stock","product_condition":"new"},"_links":{"self":[{"href":"https:\/\/hobby4geek.com\/fr\/wp-json\/wp\/v2\/product\/171609","targetHints":{"allow":["GET"]}}],"collection":[{"href":"https:\/\/hobby4geek.com\/fr\/wp-json\/wp\/v2\/product"}],"about":[{"href":"https:\/\/hobby4geek.com\/fr\/wp-json\/wp\/v2\/types\/product"}],"replies":[{"embeddable":true,"href":"https:\/\/hobby4geek.com\/fr\/wp-json\/wp\/v2\/comments?post=171609"}],"version-history":[{"count":0,"href":"https:\/\/hobby4geek.com\/fr\/wp-json\/wp\/v2\/product\/171609\/revisions"}],"wp:featuredmedia":[{"embeddable":true,"href":"https:\/\/hobby4geek.com\/fr\/wp-json\/wp\/v2\/media\/182248"}],"wp:attachment":[{"href":"https:\/\/hobby4geek.com\/fr\/wp-json\/wp\/v2\/media?parent=171609"}],"wp:term":[{"taxonomy":"product_brand","embeddable":true,"href":"https:\/\/hobby4geek.com\/fr\/wp-json\/wp\/v2\/product_brand?post=171609"},{"taxonomy":"product_cat","embeddable":true,"href":"https:\/\/hobby4geek.com\/fr\/wp-json\/wp\/v2\/product_cat?post=171609"},{"taxonomy":"product_tag","embeddable":true,"href":"https:\/\/hobby4geek.com\/fr\/wp-json\/wp\/v2\/product_tag?post=171609"},{"taxonomy":"giftcard-category","embeddable":true,"href":"https:\/\/hobby4geek.com\/fr\/wp-json\/wp\/v2\/giftcard-category?post=171609"}],"curies":[{"name":"wp","href":"https:\/\/api.w.org\/{rel}","templated":true}]}}