{"id":171554,"date":"2023-04-13T03:03:44","date_gmt":"2023-04-13T02:03:44","guid":{"rendered":"https:\/\/hobby4geek.com\/?post_type=product&#038;p=171554"},"modified":"2024-05-12T12:56:55","modified_gmt":"2024-05-12T11:56:55","slug":"3zero-transformers-the-last-knight-dlx-optimus-prime","status":"publish","type":"product","link":"https:\/\/hobby4geek.com\/fr\/produit\/3zero-transformers-the-last-knight-dlx-optimus-prime\/","title":{"rendered":"ThreeZero - Transformers : The Last Knight DLX Optimus Prime"},"content":{"rendered":"<p>Optimus Prime est de retour sur Cybertron et subit un lavage de cerveau de la part de la m\u00e9chante Quintessa. Quintessa dit \u00e0 Optimus Prime qu'il doit r\u00e9cup\u00e9rer son b\u00e2ton, et il manque de d\u00e9truire la Terre en r\u00e9cup\u00e9rant le b\u00e2ton qui peut absorber l'\u00e9nergie de la Terre.<\/p>\n<p>Transformers : The Last Knight - DLX Optimus Prime mesure environ 29,2 cm (11,4 pouces) et dispose d'environ 73 points d'articulation, d'un cadre en m\u00e9tal moul\u00e9 sous pression et d'yeux \u00e9clair\u00e9s par LED.<\/p>\n<p>Les accessoires comprennent un bouclier Blaster, une lame de poignet d\u00e9tachable, une \u00e9p\u00e9e de Chevalier de Cybertron, un masque de combat interchangeable, un total de quatre paires de mains interchangeables et un support d'action DLX pour diverses poses expressives.<\/p>\n<p>Les figurines de collection DLX pr\u00e9sentent des designs complexes de Transformers \u00e0 plus petite \u00e9chelle avec une valeur de production de haute fid\u00e9lit\u00e9. Gr\u00e2ce \u00e0 sa structure unique en m\u00e9tal moul\u00e9 sous pression, DLX offre non seulement une gamme avanc\u00e9e d'articulations, mais am\u00e9liore aussi consid\u00e9rablement le poids et la durabilit\u00e9. Gr\u00e2ce \u00e0 l'application de peinture d\u00e9taill\u00e9e et alt\u00e9r\u00e9e de threezero, une ressemblance remarquable est obtenue en reproduisant les personnages tels qu'ils sont vus dans les m\u00e9dias d'origine.<\/p>\n<p>TRANSFORMERS et tous les personnages associ\u00e9s sont des marques d\u00e9pos\u00e9es de Hasbro et sont utilis\u00e9s avec autorisation. \u00a92022 Hasbro. Tous droits r\u00e9serv\u00e9s. \u00a9 2022 Paramount Pictures Corporation. Tous droits r\u00e9serv\u00e9s. Sous licence Hasbro.<\/p>\n<ul>\n<li>Sous licence officielle Hasbro et TakaraTomy<\/li>\n<li>Hauteur d'environ 29,2 cm (11,4 pouces)<\/li>\n<li>Environ 73 points d'articulation<\/li>\n<li>Pi\u00e8ces m\u00e9talliques moul\u00e9es sous pression<\/li>\n<li>Yeux \u00e9clair\u00e9s par LED*<\/li>\n<\/ul>\n<p><strong>Accessoires :<\/strong><\/p>\n<ul>\n<li>Un (1) masque de combat interchangeable<\/li>\n<li>Un (1) bouclier blaster<\/li>\n<li>Une (1) lame de poignet d\u00e9tachable<\/li>\n<li>Une (1) \u00e9p\u00e9e de Cybertron<\/li>\n<li>Quatre (4) paires de mains interchangeables : une (1) paire de poings, une (1) paire de mains d\u00e9tendues, une (1) paire de mains d'action et une (1) paire de mains tenant une \u00e9p\u00e9e.<br \/>\nUn (1) support d'action DLX pour diverses poses expressives<\/li>\n<li>Un (1) support d'action DLX pour diverses poses expressives<\/li>\n<\/ul>\n<p><strong>Remarques<br \/>\n<\/strong>*Les diodes \u00e9lectroluminescentes n\u00e9cessitent des piles AG13 x2 (piles non incluses).<\/p>\n<p><strong>Mat\u00e9riaux<br \/>\n<\/strong>Alliage de zinc moul\u00e9 sous pression, POM, ABS et PVC<\/p>","protected":false},"excerpt":{"rendered":"<p>&nbsp;<\/p>\n<ul>\n<li>Sous licence officielle Hasbro et TakaraTomy<\/li>\n<li>Hauteur d'environ 29,2 cm (11,4 pouces)<\/li>\n<li>Environ 73 points d'articulation<\/li>\n<li>Pi\u00e8ces m\u00e9talliques moul\u00e9es sous pression<\/li>\n<li>Yeux \u00e9clair\u00e9s par LED*<\/li>\n<\/ul>\n<p><strong>Accessoires :<\/strong><\/p>\n<ul>\n<li>Un (1) masque de combat interchangeable<\/li>\n<li>Un (1) bouclier blaster<\/li>\n<li>Une (1) lame de poignet d\u00e9tachable<\/li>\n<li>Une (1) \u00e9p\u00e9e de Cybertron<\/li>\n<li>Quatre (4) paires de mains interchangeables : une (1) paire de poings, une (1) paire de mains d\u00e9tendues, une (1) paire de mains d'action et une (1) paire de mains tenant une \u00e9p\u00e9e.<br \/>\nUn (1) support d'action DLX pour diverses poses expressives<\/li>\n<li>Un (1) support d'action DLX pour diverses poses expressives<\/li>\n<\/ul>\n<p><strong>Remarques<br \/>\n<\/strong>*Les diodes \u00e9lectroluminescentes n\u00e9cessitent des piles AG13 x2 (piles non incluses).<\/p>\n<p><strong>Mat\u00e9riaux<br \/>\n<\/strong>Alliage de zinc moul\u00e9 sous pression, POM, ABS et PVC<\/p>","protected":false},"featured_media":182211,"comment_status":"open","ping_status":"closed","template":"","meta":{"inline_featured_image":false},"product_brand":[],"product_cat":[1955,68,90],"product_tag":[332,199,1976,333,334,335,1936,234,265,337,770,204,2453],"giftcard-category":[],"class_list":{"0":"post-171554","1":"product","2":"type-product","3":"status-publish","4":"has-post-thumbnail","6":"product_cat-transformers","7":"product_cat-hasbro","8":"product_cat-threezero","9":"product_tag-3a","10":"product_tag-autobot","11":"product_tag-collector-figures","12":"product_tag-dlx-collectible-series","13":"product_tag-film","14":"product_tag-hasbro","15":"product_tag-models-co","16":"product_tag-optimus-prime","17":"product_tag-pre-orders","18":"product_tag-threea","19":"product_tag-threezero","20":"product_tag-transformers","21":"product_tag-transformers-x-threezero","22":"product_shipping_class-free-shipping","24":"first","25":"outofstock","26":"taxable","27":"shipping-taxable","28":"purchasable","29":"product-type-simple","30":"add-to-wishlist-after_add_to_cart"},"yoast_head":"<!-- This site is optimized with the Yoast SEO Premium plugin v25.3.1 (Yoast SEO v27.2) - https:\/\/yoast.com\/product\/yoast-seo-premium-wordpress\/ -->\n<title>ThreeZero - Transformers : The Last Knight DLX Optimus Prime<\/title>\n<meta name=\"robots\" content=\"index, follow, max-snippet:-1, max-image-preview:large, max-video-preview:-1\" \/>\n<link rel=\"canonical\" href=\"https:\/\/hobby4geek.com\/fr\/produit\/3zero-transformers-the-last-knight-dlx-optimus-prime\/\" \/>\n<meta property=\"og:locale\" content=\"fr_FR\" \/>\n<meta property=\"og:type\" content=\"article\" \/>\n<meta property=\"og:title\" content=\"ThreeZero - Transformers : The Last Knight DLX Optimus Prime\" \/>\n<meta property=\"og:description\" content=\"&nbsp;   Officially licensed by Hasbro and TakaraTomy  Approximately 29.2 cm (11.4 inches) tall  Approximately 73 points of articulation  Die-cast metal parts  LED lighted eyes*  Accessories:   One (1) interchangeable combat mask  One (1) Blaster Shield  One (1) detachable wrist blade  One (1) Sword of Cybertron  Four (4) pairs of interchangeable hands: one (1) pair of fists, one (1) pair of relaxed hands, one (1) pair of action hands and one (1) pair of sword holding hands One (1) DLX action stand for various expressive poses  Un (1) support d&#039;action DLX pour diverses poses expressives  Remarks *LED features require AG13 x2 batteries (batteries not included)  Materials Die-cast zinc alloy, POM, ABS and PVC\" \/>\n<meta property=\"og:url\" content=\"https:\/\/hobby4geek.com\/fr\/produit\/3zero-transformers-the-last-knight-dlx-optimus-prime\/\" \/>\n<meta property=\"og:site_name\" content=\"Hobby4Geek\" \/>\n<meta property=\"article:publisher\" content=\"https:\/\/www.facebook.com\/hobby4geek\" \/>\n<meta property=\"article:modified_time\" content=\"2024-05-12T11:56:55+00:00\" \/>\n<meta property=\"og:image\" content=\"https:\/\/hobby4geek.com\/wp-content\/uploads\/2023\/02\/threezero-transformers-the-last-knight-dlx-optimus-prime.jpg\" \/>\n\t<meta property=\"og:image:width\" content=\"600\" \/>\n\t<meta property=\"og:image:height\" content=\"600\" \/>\n\t<meta property=\"og:image:type\" content=\"image\/jpeg\" \/>\n<meta name=\"twitter:card\" content=\"summary_large_image\" \/>\n<meta name=\"twitter:site\" content=\"@hobby4geek\" \/>\n<script type=\"application\/ld+json\" class=\"yoast-schema-graph\">{\"@context\":\"https:\/\/schema.org\",\"@graph\":[{\"@type\":\"WebPage\",\"@id\":\"https:\/\/hobby4geek.com\/es\/producto\/3zero-transformers-the-last-knight-dlx-optimus-prime\/\",\"url\":\"https:\/\/hobby4geek.com\/es\/producto\/3zero-transformers-the-last-knight-dlx-optimus-prime\/\",\"name\":\"ThreeZero - Transformers : The Last Knight DLX Optimus Prime\",\"isPartOf\":{\"@id\":\"https:\/\/hobby4geek.com\/#website\"},\"primaryImageOfPage\":{\"@id\":\"https:\/\/hobby4geek.com\/es\/producto\/3zero-transformers-the-last-knight-dlx-optimus-prime\/#primaryimage\"},\"image\":{\"@id\":\"https:\/\/hobby4geek.com\/es\/producto\/3zero-transformers-the-last-knight-dlx-optimus-prime\/#primaryimage\"},\"thumbnailUrl\":\"https:\/\/hobby4geek.com\/wp-content\/uploads\/2023\/02\/threezero-transformers-the-last-knight-dlx-optimus-prime.jpg\",\"datePublished\":\"2023-04-13T02:03:44+00:00\",\"dateModified\":\"2024-05-12T11:56:55+00:00\",\"breadcrumb\":{\"@id\":\"https:\/\/hobby4geek.com\/es\/producto\/3zero-transformers-the-last-knight-dlx-optimus-prime\/#breadcrumb\"},\"inLanguage\":\"fr-FR\",\"potentialAction\":[{\"@type\":\"ReadAction\",\"target\":[\"https:\/\/hobby4geek.com\/es\/producto\/3zero-transformers-the-last-knight-dlx-optimus-prime\/\"]}]},{\"@type\":\"ImageObject\",\"inLanguage\":\"fr-FR\",\"@id\":\"https:\/\/hobby4geek.com\/es\/producto\/3zero-transformers-the-last-knight-dlx-optimus-prime\/#primaryimage\",\"url\":\"https:\/\/hobby4geek.com\/wp-content\/uploads\/2023\/02\/threezero-transformers-the-last-knight-dlx-optimus-prime.jpg\",\"contentUrl\":\"https:\/\/hobby4geek.com\/wp-content\/uploads\/2023\/02\/threezero-transformers-the-last-knight-dlx-optimus-prime.jpg\",\"width\":600,\"height\":600,\"caption\":\"600X600\"},{\"@type\":\"BreadcrumbList\",\"@id\":\"https:\/\/hobby4geek.com\/es\/producto\/3zero-transformers-the-last-knight-dlx-optimus-prime\/#breadcrumb\",\"itemListElement\":[{\"@type\":\"ListItem\",\"position\":1,\"name\":\"Home\",\"item\":\"https:\/\/hobby4geek.com\/\"},{\"@type\":\"ListItem\",\"position\":2,\"name\":\"Shop\",\"item\":\"https:\/\/hobby4geek.com\/shop\/\"},{\"@type\":\"ListItem\",\"position\":3,\"name\":\"ThreeZero &#8211; Transformers : The Last Knight DLX Optimus Prime\"}]},{\"@type\":\"WebSite\",\"@id\":\"https:\/\/hobby4geek.com\/#website\",\"url\":\"https:\/\/hobby4geek.com\/\",\"name\":\"Hobby4Geek\",\"description\":\"Collect, Play &amp; Showcase, Embrace your Geekiness\",\"publisher\":{\"@id\":\"https:\/\/hobby4geek.com\/#organization\"},\"potentialAction\":[{\"@type\":\"SearchAction\",\"target\":{\"@type\":\"EntryPoint\",\"urlTemplate\":\"https:\/\/hobby4geek.com\/?s={search_term_string}\"},\"query-input\":{\"@type\":\"PropertyValueSpecification\",\"valueRequired\":true,\"valueName\":\"search_term_string\"}}],\"inLanguage\":\"fr-FR\"},{\"@type\":\"Organization\",\"@id\":\"https:\/\/hobby4geek.com\/#organization\",\"name\":\"Hobby4Geek\",\"url\":\"https:\/\/hobby4geek.com\/\",\"logo\":{\"@type\":\"ImageObject\",\"inLanguage\":\"fr-FR\",\"@id\":\"https:\/\/hobby4geek.com\/#\/schema\/logo\/image\/\",\"url\":\"https:\/\/hobby4geek.com\/wp-content\/uploads\/2023\/02\/default-kit.png\",\"contentUrl\":\"https:\/\/hobby4geek.com\/wp-content\/uploads\/2023\/02\/default-kit.png\",\"width\":600,\"height\":600,\"caption\":\"Hobby4Geek\"},\"image\":{\"@id\":\"https:\/\/hobby4geek.com\/#\/schema\/logo\/image\/\"},\"sameAs\":[\"https:\/\/www.facebook.com\/hobby4geek\",\"https:\/\/x.com\/hobby4geek\",\"https:\/\/www.instagram.com\/hobby4geek\/\"]}]}<\/script>\n<meta property=\"product:brand\" content=\"Transformers\" \/>\n<meta property=\"product:price:amount\" content=\"276.98\" \/>\n<meta property=\"product:price:currency\" content=\"EUR\" \/>\n<meta property=\"og:availability\" content=\"out of stock\" \/>\n<meta property=\"product:availability\" content=\"out of stock\" \/>\n<meta property=\"product:retailer_item_id\" content=\"4897056209480\" \/>\n<meta property=\"product:condition\" content=\"new\" \/>\n<!-- \/ Yoast SEO Premium plugin. -->","yoast_head_json":{"title":"ThreeZero - Transformers : The Last Knight DLX Optimus Prime","robots":{"index":"index","follow":"follow","max-snippet":"max-snippet:-1","max-image-preview":"max-image-preview:large","max-video-preview":"max-video-preview:-1"},"canonical":"https:\/\/hobby4geek.com\/fr\/produit\/3zero-transformers-the-last-knight-dlx-optimus-prime\/","og_locale":"fr_FR","og_type":"article","og_title":"ThreeZero - Transformers : The Last Knight DLX Optimus Prime","og_description":"&nbsp;   Officially licensed by Hasbro and TakaraTomy  Approximately 29.2 cm (11.4 inches) tall  Approximately 73 points of articulation  Die-cast metal parts  LED lighted eyes*  Accessories:   One (1) interchangeable combat mask  One (1) Blaster Shield  One (1) detachable wrist blade  One (1) Sword of Cybertron  Four (4) pairs of interchangeable hands: one (1) pair of fists, one (1) pair of relaxed hands, one (1) pair of action hands and one (1) pair of sword holding hands One (1) DLX action stand for various expressive poses  Un (1) support d'action DLX pour diverses poses expressives  Remarks *LED features require AG13 x2 batteries (batteries not included)  Materials Die-cast zinc alloy, POM, ABS and PVC","og_url":"https:\/\/hobby4geek.com\/fr\/produit\/3zero-transformers-the-last-knight-dlx-optimus-prime\/","og_site_name":"Hobby4Geek","article_publisher":"https:\/\/www.facebook.com\/hobby4geek","article_modified_time":"2024-05-12T11:56:55+00:00","og_image":[{"width":600,"height":600,"url":"https:\/\/hobby4geek.com\/wp-content\/uploads\/2023\/02\/threezero-transformers-the-last-knight-dlx-optimus-prime.jpg","type":"image\/jpeg"}],"twitter_card":"summary_large_image","twitter_site":"@hobby4geek","schema":{"@context":"https:\/\/schema.org","@graph":[{"@type":"WebPage","@id":"https:\/\/hobby4geek.com\/es\/producto\/3zero-transformers-the-last-knight-dlx-optimus-prime\/","url":"https:\/\/hobby4geek.com\/es\/producto\/3zero-transformers-the-last-knight-dlx-optimus-prime\/","name":"ThreeZero - Transformers : The Last Knight DLX Optimus Prime","isPartOf":{"@id":"https:\/\/hobby4geek.com\/#website"},"primaryImageOfPage":{"@id":"https:\/\/hobby4geek.com\/es\/producto\/3zero-transformers-the-last-knight-dlx-optimus-prime\/#primaryimage"},"image":{"@id":"https:\/\/hobby4geek.com\/es\/producto\/3zero-transformers-the-last-knight-dlx-optimus-prime\/#primaryimage"},"thumbnailUrl":"https:\/\/hobby4geek.com\/wp-content\/uploads\/2023\/02\/threezero-transformers-the-last-knight-dlx-optimus-prime.jpg","datePublished":"2023-04-13T02:03:44+00:00","dateModified":"2024-05-12T11:56:55+00:00","breadcrumb":{"@id":"https:\/\/hobby4geek.com\/es\/producto\/3zero-transformers-the-last-knight-dlx-optimus-prime\/#breadcrumb"},"inLanguage":"fr-FR","potentialAction":[{"@type":"ReadAction","target":["https:\/\/hobby4geek.com\/es\/producto\/3zero-transformers-the-last-knight-dlx-optimus-prime\/"]}]},{"@type":"ImageObject","inLanguage":"fr-FR","@id":"https:\/\/hobby4geek.com\/es\/producto\/3zero-transformers-the-last-knight-dlx-optimus-prime\/#primaryimage","url":"https:\/\/hobby4geek.com\/wp-content\/uploads\/2023\/02\/threezero-transformers-the-last-knight-dlx-optimus-prime.jpg","contentUrl":"https:\/\/hobby4geek.com\/wp-content\/uploads\/2023\/02\/threezero-transformers-the-last-knight-dlx-optimus-prime.jpg","width":600,"height":600,"caption":"600X600"},{"@type":"BreadcrumbList","@id":"https:\/\/hobby4geek.com\/es\/producto\/3zero-transformers-the-last-knight-dlx-optimus-prime\/#breadcrumb","itemListElement":[{"@type":"ListItem","position":1,"name":"Home","item":"https:\/\/hobby4geek.com\/"},{"@type":"ListItem","position":2,"name":"Shop","item":"https:\/\/hobby4geek.com\/shop\/"},{"@type":"ListItem","position":3,"name":"ThreeZero &#8211; Transformers : The Last Knight DLX Optimus Prime"}]},{"@type":"WebSite","@id":"https:\/\/hobby4geek.com\/#website","url":"https:\/\/hobby4geek.com\/","name":"Hobby4Geek","description":"Collectionnez, jouez et exposez, embrassez votre geekitude","publisher":{"@id":"https:\/\/hobby4geek.com\/#organization"},"potentialAction":[{"@type":"SearchAction","target":{"@type":"EntryPoint","urlTemplate":"https:\/\/hobby4geek.com\/?s={search_term_string}"},"query-input":{"@type":"PropertyValueSpecification","valueRequired":true,"valueName":"search_term_string"}}],"inLanguage":"fr-FR"},{"@type":"Organization","@id":"https:\/\/hobby4geek.com\/#organization","name":"Hobby4Geek","url":"https:\/\/hobby4geek.com\/","logo":{"@type":"ImageObject","inLanguage":"fr-FR","@id":"https:\/\/hobby4geek.com\/#\/schema\/logo\/image\/","url":"https:\/\/hobby4geek.com\/wp-content\/uploads\/2023\/02\/default-kit.png","contentUrl":"https:\/\/hobby4geek.com\/wp-content\/uploads\/2023\/02\/default-kit.png","width":600,"height":600,"caption":"Hobby4Geek"},"image":{"@id":"https:\/\/hobby4geek.com\/#\/schema\/logo\/image\/"},"sameAs":["https:\/\/www.facebook.com\/hobby4geek","https:\/\/x.com\/hobby4geek","https:\/\/www.instagram.com\/hobby4geek\/"]}]},"product_brand":"Transformers","product_price_amount":"276.98","product_price_currency":"EUR","og_availability":"out of stock","product_availability":"out of stock","product_retailer_item_id":"4897056209480","product_condition":"new"},"_links":{"self":[{"href":"https:\/\/hobby4geek.com\/fr\/wp-json\/wp\/v2\/product\/171554","targetHints":{"allow":["GET"]}}],"collection":[{"href":"https:\/\/hobby4geek.com\/fr\/wp-json\/wp\/v2\/product"}],"about":[{"href":"https:\/\/hobby4geek.com\/fr\/wp-json\/wp\/v2\/types\/product"}],"replies":[{"embeddable":true,"href":"https:\/\/hobby4geek.com\/fr\/wp-json\/wp\/v2\/comments?post=171554"}],"version-history":[{"count":0,"href":"https:\/\/hobby4geek.com\/fr\/wp-json\/wp\/v2\/product\/171554\/revisions"}],"wp:featuredmedia":[{"embeddable":true,"href":"https:\/\/hobby4geek.com\/fr\/wp-json\/wp\/v2\/media\/182211"}],"wp:attachment":[{"href":"https:\/\/hobby4geek.com\/fr\/wp-json\/wp\/v2\/media?parent=171554"}],"wp:term":[{"taxonomy":"product_brand","embeddable":true,"href":"https:\/\/hobby4geek.com\/fr\/wp-json\/wp\/v2\/product_brand?post=171554"},{"taxonomy":"product_cat","embeddable":true,"href":"https:\/\/hobby4geek.com\/fr\/wp-json\/wp\/v2\/product_cat?post=171554"},{"taxonomy":"product_tag","embeddable":true,"href":"https:\/\/hobby4geek.com\/fr\/wp-json\/wp\/v2\/product_tag?post=171554"},{"taxonomy":"giftcard-category","embeddable":true,"href":"https:\/\/hobby4geek.com\/fr\/wp-json\/wp\/v2\/giftcard-category?post=171554"}],"curies":[{"name":"wp","href":"https:\/\/api.w.org\/{rel}","templated":true}]}}