{"id":171050,"date":"2022-05-01T20:36:48","date_gmt":"2022-05-01T20:36:48","guid":{"rendered":"https:\/\/hobby4geek.com\/?post_type=product&#038;p=171050"},"modified":"2024-05-12T14:09:06","modified_gmt":"2024-05-12T13:09:06","slug":"sentinel-toys-riobot-genesis-climber-mospeada-vr-038l-bartley-houquet-1-12","status":"publish","type":"product","link":"https:\/\/hobby4geek.com\/fr\/produit\/sentinel-toys-riobot-genesis-climber-mospeada-vr-038l-bartley-houquet-1-12\/","title":{"rendered":"\u5343\u5024\u7df4 RIOBOT Genesis Climber Mospeada VR-038L Bartley Houquet (1\/12)"},"content":{"rendered":"<p>D\u00e9couvrez la toute nouvelle figurine de RIOBOT Genesis Climber Mospeada \u00e0 l'\u00e9chelle 1\/12 avec cette version VR-038L Bartley Houquet ! Non seulement elle poss\u00e8de des fonctions de transformation d'armure de robot en moto, mais elle est \u00e9galement partiellement cr\u00e9\u00e9e avec des mat\u00e9riaux moul\u00e9s sous pression pour une sensation et une durabilit\u00e9 incroyables. Ajoutez cet ensemble incroyablement facile \u00e0 poser \u00e0 votre collection d\u00e8s aujourd'hui !<\/p>\n<ul>\n<li>15cm<\/li>\n<li>\u00c9chelle 1\/12<\/li>\n<li>Bazooka automatique<\/li>\n<li>T\u00eate altern\u00e9e<\/li>\n<li>Mains<\/li>\n<li>Base<\/li>\n<\/ul>","protected":false},"excerpt":{"rendered":"<ul>\n<li>15cm<\/li>\n<li>\u00c9chelle 1\/12<\/li>\n<li>Bazooka automatique<\/li>\n<li>T\u00eate altern\u00e9e<\/li>\n<li>Mains<\/li>\n<li>Base<\/li>\n<\/ul>","protected":false},"featured_media":182187,"comment_status":"open","ping_status":"closed","template":"","meta":{"inline_featured_image":false},"product_brand":[],"product_cat":[148],"product_tag":[1628,1629,1437,1439,1440,1441,1442,1443,1630,1444,1445],"giftcard-category":[],"class_list":{"0":"post-171050","1":"product","2":"type-product","3":"status-publish","4":"has-post-thumbnail","6":"product_cat-sentinel-toys","7":"product_tag-1-12","8":"product_tag-bartley-houquet","9":"product_tag-genesis-climber-mospeada","10":"product_tag-ltd","11":"product_tag-mecha","12":"product_tag-riobot","13":"product_tag-sen-ti-nel-co","14":"product_tag-sentinel-toys","15":"product_tag-vr-038l","16":"product_tag-1444","17":"product_tag--sen-ti-nel-co","18":"product_shipping_class-from-china","19":"inventories-china-inventory","21":"first","22":"instock","23":"taxable","24":"shipping-taxable","25":"purchasable","26":"product-type-simple","27":"add-to-wishlist-after_add_to_cart"},"yoast_head":"<!-- This site is optimized with the Yoast SEO Premium plugin v25.3.1 (Yoast SEO v27.2) - https:\/\/yoast.com\/product\/yoast-seo-premium-wordpress\/ -->\n<title>\u5343\u5024\u7df4 RIOBOT Genesis Climber Mospeada VR-038L Bartley Houquet (1\/12)<\/title>\n<meta name=\"robots\" content=\"index, follow, max-snippet:-1, max-image-preview:large, max-video-preview:-1\" \/>\n<link rel=\"canonical\" href=\"https:\/\/hobby4geek.com\/fr\/produit\/sentinel-toys-riobot-genesis-climber-mospeada-vr-038l-bartley-houquet-1-12\/\" \/>\n<meta property=\"og:locale\" content=\"fr_FR\" \/>\n<meta property=\"og:type\" content=\"article\" \/>\n<meta property=\"og:title\" content=\"\u5343\u5024\u7df4 RIOBOT Genesis Climber Mospeada VR-038L Bartley Houquet (1\/12)\" \/>\n<meta property=\"og:description\" content=\"15cm  Scale 1\/12  Automatic bazooka  Alternate head  Hands  Base\" \/>\n<meta property=\"og:url\" content=\"https:\/\/hobby4geek.com\/fr\/produit\/sentinel-toys-riobot-genesis-climber-mospeada-vr-038l-bartley-houquet-1-12\/\" \/>\n<meta property=\"og:site_name\" content=\"Hobby4Geek\" \/>\n<meta property=\"article:publisher\" content=\"https:\/\/www.facebook.com\/hobby4geek\" \/>\n<meta property=\"article:modified_time\" content=\"2024-05-12T13:09:06+00:00\" \/>\n<meta property=\"og:image\" content=\"https:\/\/hobby4geek.com\/wp-content\/uploads\/2023\/02\/\u5343\u5024\u7df4-riobot-genesis-climber-mospeada-vr-038l-bartley-houquet-1-12-12.jpg\" \/>\n\t<meta property=\"og:image:width\" content=\"1351\" \/>\n\t<meta property=\"og:image:height\" content=\"1350\" \/>\n\t<meta property=\"og:image:type\" content=\"image\/jpeg\" \/>\n<meta name=\"twitter:card\" content=\"summary_large_image\" \/>\n<meta name=\"twitter:site\" content=\"@hobby4geek\" \/>\n<script type=\"application\/ld+json\" class=\"yoast-schema-graph\">{\"@context\":\"https:\/\/schema.org\",\"@graph\":[{\"@type\":\"WebPage\",\"@id\":\"https:\/\/hobby4geek.com\/product\/sentinel-toys-riobot-genesis-climber-mospeada-vr-038l-bartley-houquet-1-12\/\",\"url\":\"https:\/\/hobby4geek.com\/product\/sentinel-toys-riobot-genesis-climber-mospeada-vr-038l-bartley-houquet-1-12\/\",\"name\":\"\u5343\u5024\u7df4 RIOBOT Genesis Climber Mospeada VR-038L Bartley Houquet (1\/12)\",\"isPartOf\":{\"@id\":\"https:\/\/hobby4geek.com\/#website\"},\"primaryImageOfPage\":{\"@id\":\"https:\/\/hobby4geek.com\/product\/sentinel-toys-riobot-genesis-climber-mospeada-vr-038l-bartley-houquet-1-12\/#primaryimage\"},\"image\":{\"@id\":\"https:\/\/hobby4geek.com\/product\/sentinel-toys-riobot-genesis-climber-mospeada-vr-038l-bartley-houquet-1-12\/#primaryimage\"},\"thumbnailUrl\":\"https:\/\/hobby4geek.com\/wp-content\/uploads\/2023\/02\/\u5343\u5024\u7df4-riobot-genesis-climber-mospeada-vr-038l-bartley-houquet-1-12-12.jpg\",\"datePublished\":\"2022-05-01T20:36:48+00:00\",\"dateModified\":\"2024-05-12T13:09:06+00:00\",\"breadcrumb\":{\"@id\":\"https:\/\/hobby4geek.com\/product\/sentinel-toys-riobot-genesis-climber-mospeada-vr-038l-bartley-houquet-1-12\/#breadcrumb\"},\"inLanguage\":\"fr-FR\",\"potentialAction\":[{\"@type\":\"ReadAction\",\"target\":[\"https:\/\/hobby4geek.com\/product\/sentinel-toys-riobot-genesis-climber-mospeada-vr-038l-bartley-houquet-1-12\/\"]}]},{\"@type\":\"ImageObject\",\"inLanguage\":\"fr-FR\",\"@id\":\"https:\/\/hobby4geek.com\/product\/sentinel-toys-riobot-genesis-climber-mospeada-vr-038l-bartley-houquet-1-12\/#primaryimage\",\"url\":\"https:\/\/hobby4geek.com\/wp-content\/uploads\/2023\/02\/\u5343\u5024\u7df4-riobot-genesis-climber-mospeada-vr-038l-bartley-houquet-1-12-12.jpg\",\"contentUrl\":\"https:\/\/hobby4geek.com\/wp-content\/uploads\/2023\/02\/\u5343\u5024\u7df4-riobot-genesis-climber-mospeada-vr-038l-bartley-houquet-1-12-12.jpg\",\"width\":1351,\"height\":1350},{\"@type\":\"BreadcrumbList\",\"@id\":\"https:\/\/hobby4geek.com\/product\/sentinel-toys-riobot-genesis-climber-mospeada-vr-038l-bartley-houquet-1-12\/#breadcrumb\",\"itemListElement\":[{\"@type\":\"ListItem\",\"position\":1,\"name\":\"Home\",\"item\":\"https:\/\/hobby4geek.com\/\"},{\"@type\":\"ListItem\",\"position\":2,\"name\":\"Shop\",\"item\":\"https:\/\/hobby4geek.com\/shop\/\"},{\"@type\":\"ListItem\",\"position\":3,\"name\":\"\u5343\u5024\u7df4 RIOBOT Genesis Climber Mospeada VR-038L Bartley Houquet (1\/12)\"}]},{\"@type\":\"WebSite\",\"@id\":\"https:\/\/hobby4geek.com\/#website\",\"url\":\"https:\/\/hobby4geek.com\/\",\"name\":\"Hobby4Geek\",\"description\":\"Collect, Play &amp; Showcase, Embrace your Geekiness\",\"publisher\":{\"@id\":\"https:\/\/hobby4geek.com\/#organization\"},\"potentialAction\":[{\"@type\":\"SearchAction\",\"target\":{\"@type\":\"EntryPoint\",\"urlTemplate\":\"https:\/\/hobby4geek.com\/?s={search_term_string}\"},\"query-input\":{\"@type\":\"PropertyValueSpecification\",\"valueRequired\":true,\"valueName\":\"search_term_string\"}}],\"inLanguage\":\"fr-FR\"},{\"@type\":\"Organization\",\"@id\":\"https:\/\/hobby4geek.com\/#organization\",\"name\":\"Hobby4Geek\",\"url\":\"https:\/\/hobby4geek.com\/\",\"logo\":{\"@type\":\"ImageObject\",\"inLanguage\":\"fr-FR\",\"@id\":\"https:\/\/hobby4geek.com\/#\/schema\/logo\/image\/\",\"url\":\"https:\/\/hobby4geek.com\/wp-content\/uploads\/2023\/02\/default-kit.png\",\"contentUrl\":\"https:\/\/hobby4geek.com\/wp-content\/uploads\/2023\/02\/default-kit.png\",\"width\":600,\"height\":600,\"caption\":\"Hobby4Geek\"},\"image\":{\"@id\":\"https:\/\/hobby4geek.com\/#\/schema\/logo\/image\/\"},\"sameAs\":[\"https:\/\/www.facebook.com\/hobby4geek\",\"https:\/\/x.com\/hobby4geek\",\"https:\/\/www.instagram.com\/hobby4geek\/\"]}]}<\/script>\n<meta property=\"product:brand\" content=\"\u5343\u5024\u7df4 SEN-TI-NEL co.,ltd\" \/>\n<meta property=\"product:price:amount\" content=\"324.00\" \/>\n<meta property=\"product:price:currency\" content=\"EUR\" \/>\n<meta property=\"og:availability\" content=\"instock\" \/>\n<meta property=\"product:availability\" content=\"instock\" \/>\n<meta property=\"product:condition\" content=\"new\" \/>\n<!-- \/ Yoast SEO Premium plugin. -->","yoast_head_json":{"title":"\u5343\u5024\u7df4 RIOBOT Genesis Climber Mospeada VR-038L Bartley Houquet (1\/12)","robots":{"index":"index","follow":"follow","max-snippet":"max-snippet:-1","max-image-preview":"max-image-preview:large","max-video-preview":"max-video-preview:-1"},"canonical":"https:\/\/hobby4geek.com\/fr\/produit\/sentinel-toys-riobot-genesis-climber-mospeada-vr-038l-bartley-houquet-1-12\/","og_locale":"fr_FR","og_type":"article","og_title":"\u5343\u5024\u7df4 RIOBOT Genesis Climber Mospeada VR-038L Bartley Houquet (1\/12)","og_description":"15cm  Scale 1\/12  Automatic bazooka  Alternate head  Hands  Base","og_url":"https:\/\/hobby4geek.com\/fr\/produit\/sentinel-toys-riobot-genesis-climber-mospeada-vr-038l-bartley-houquet-1-12\/","og_site_name":"Hobby4Geek","article_publisher":"https:\/\/www.facebook.com\/hobby4geek","article_modified_time":"2024-05-12T13:09:06+00:00","og_image":[{"width":1351,"height":1350,"url":"https:\/\/hobby4geek.com\/wp-content\/uploads\/2023\/02\/\u5343\u5024\u7df4-riobot-genesis-climber-mospeada-vr-038l-bartley-houquet-1-12-12.jpg","type":"image\/jpeg"}],"twitter_card":"summary_large_image","twitter_site":"@hobby4geek","schema":{"@context":"https:\/\/schema.org","@graph":[{"@type":"WebPage","@id":"https:\/\/hobby4geek.com\/product\/sentinel-toys-riobot-genesis-climber-mospeada-vr-038l-bartley-houquet-1-12\/","url":"https:\/\/hobby4geek.com\/product\/sentinel-toys-riobot-genesis-climber-mospeada-vr-038l-bartley-houquet-1-12\/","name":"\u5343\u5024\u7df4 RIOBOT Genesis Climber Mospeada VR-038L Bartley Houquet (1\/12)","isPartOf":{"@id":"https:\/\/hobby4geek.com\/#website"},"primaryImageOfPage":{"@id":"https:\/\/hobby4geek.com\/product\/sentinel-toys-riobot-genesis-climber-mospeada-vr-038l-bartley-houquet-1-12\/#primaryimage"},"image":{"@id":"https:\/\/hobby4geek.com\/product\/sentinel-toys-riobot-genesis-climber-mospeada-vr-038l-bartley-houquet-1-12\/#primaryimage"},"thumbnailUrl":"https:\/\/hobby4geek.com\/wp-content\/uploads\/2023\/02\/\u5343\u5024\u7df4-riobot-genesis-climber-mospeada-vr-038l-bartley-houquet-1-12-12.jpg","datePublished":"2022-05-01T20:36:48+00:00","dateModified":"2024-05-12T13:09:06+00:00","breadcrumb":{"@id":"https:\/\/hobby4geek.com\/product\/sentinel-toys-riobot-genesis-climber-mospeada-vr-038l-bartley-houquet-1-12\/#breadcrumb"},"inLanguage":"fr-FR","potentialAction":[{"@type":"ReadAction","target":["https:\/\/hobby4geek.com\/product\/sentinel-toys-riobot-genesis-climber-mospeada-vr-038l-bartley-houquet-1-12\/"]}]},{"@type":"ImageObject","inLanguage":"fr-FR","@id":"https:\/\/hobby4geek.com\/product\/sentinel-toys-riobot-genesis-climber-mospeada-vr-038l-bartley-houquet-1-12\/#primaryimage","url":"https:\/\/hobby4geek.com\/wp-content\/uploads\/2023\/02\/\u5343\u5024\u7df4-riobot-genesis-climber-mospeada-vr-038l-bartley-houquet-1-12-12.jpg","contentUrl":"https:\/\/hobby4geek.com\/wp-content\/uploads\/2023\/02\/\u5343\u5024\u7df4-riobot-genesis-climber-mospeada-vr-038l-bartley-houquet-1-12-12.jpg","width":1351,"height":1350},{"@type":"BreadcrumbList","@id":"https:\/\/hobby4geek.com\/product\/sentinel-toys-riobot-genesis-climber-mospeada-vr-038l-bartley-houquet-1-12\/#breadcrumb","itemListElement":[{"@type":"ListItem","position":1,"name":"Home","item":"https:\/\/hobby4geek.com\/"},{"@type":"ListItem","position":2,"name":"Shop","item":"https:\/\/hobby4geek.com\/shop\/"},{"@type":"ListItem","position":3,"name":"\u5343\u5024\u7df4 RIOBOT Genesis Climber Mospeada VR-038L Bartley Houquet (1\/12)"}]},{"@type":"WebSite","@id":"https:\/\/hobby4geek.com\/#website","url":"https:\/\/hobby4geek.com\/","name":"Hobby4Geek","description":"Collectionnez, jouez et exposez, embrassez votre geekitude","publisher":{"@id":"https:\/\/hobby4geek.com\/#organization"},"potentialAction":[{"@type":"SearchAction","target":{"@type":"EntryPoint","urlTemplate":"https:\/\/hobby4geek.com\/?s={search_term_string}"},"query-input":{"@type":"PropertyValueSpecification","valueRequired":true,"valueName":"search_term_string"}}],"inLanguage":"fr-FR"},{"@type":"Organization","@id":"https:\/\/hobby4geek.com\/#organization","name":"Hobby4Geek","url":"https:\/\/hobby4geek.com\/","logo":{"@type":"ImageObject","inLanguage":"fr-FR","@id":"https:\/\/hobby4geek.com\/#\/schema\/logo\/image\/","url":"https:\/\/hobby4geek.com\/wp-content\/uploads\/2023\/02\/default-kit.png","contentUrl":"https:\/\/hobby4geek.com\/wp-content\/uploads\/2023\/02\/default-kit.png","width":600,"height":600,"caption":"Hobby4Geek"},"image":{"@id":"https:\/\/hobby4geek.com\/#\/schema\/logo\/image\/"},"sameAs":["https:\/\/www.facebook.com\/hobby4geek","https:\/\/x.com\/hobby4geek","https:\/\/www.instagram.com\/hobby4geek\/"]}]},"product_brand":"\u5343\u5024\u7df4 SEN-TI-NEL co.,ltd","product_price_amount":"324.00","product_price_currency":"EUR","og_availability":"instock","product_availability":"instock","product_condition":"new"},"_links":{"self":[{"href":"https:\/\/hobby4geek.com\/fr\/wp-json\/wp\/v2\/product\/171050","targetHints":{"allow":["GET"]}}],"collection":[{"href":"https:\/\/hobby4geek.com\/fr\/wp-json\/wp\/v2\/product"}],"about":[{"href":"https:\/\/hobby4geek.com\/fr\/wp-json\/wp\/v2\/types\/product"}],"replies":[{"embeddable":true,"href":"https:\/\/hobby4geek.com\/fr\/wp-json\/wp\/v2\/comments?post=171050"}],"version-history":[{"count":0,"href":"https:\/\/hobby4geek.com\/fr\/wp-json\/wp\/v2\/product\/171050\/revisions"}],"wp:featuredmedia":[{"embeddable":true,"href":"https:\/\/hobby4geek.com\/fr\/wp-json\/wp\/v2\/media\/182187"}],"wp:attachment":[{"href":"https:\/\/hobby4geek.com\/fr\/wp-json\/wp\/v2\/media?parent=171050"}],"wp:term":[{"taxonomy":"product_brand","embeddable":true,"href":"https:\/\/hobby4geek.com\/fr\/wp-json\/wp\/v2\/product_brand?post=171050"},{"taxonomy":"product_cat","embeddable":true,"href":"https:\/\/hobby4geek.com\/fr\/wp-json\/wp\/v2\/product_cat?post=171050"},{"taxonomy":"product_tag","embeddable":true,"href":"https:\/\/hobby4geek.com\/fr\/wp-json\/wp\/v2\/product_tag?post=171050"},{"taxonomy":"giftcard-category","embeddable":true,"href":"https:\/\/hobby4geek.com\/fr\/wp-json\/wp\/v2\/giftcard-category?post=171050"}],"curies":[{"name":"wp","href":"https:\/\/api.w.org\/{rel}","templated":true}]}}