{"id":168594,"date":"2023-04-16T23:59:51","date_gmt":"2023-04-16T22:59:51","guid":{"rendered":"https:\/\/hobby4geek.com\/?post_type=product&#038;p=168594"},"modified":"2024-05-12T12:55:25","modified_gmt":"2024-05-12T11:55:25","slug":"masterpiece-movie-series-mpm-13-decepticon-blackout-scorponok","status":"publish","type":"product","link":"https:\/\/hobby4geek.com\/fr\/produit\/masterpiece-movie-series-mpm-13-decepticon-blackout-scorponok\/","title":{"rendered":"Transformers : Masterpiece Movie Series MPM-13 Decepticon Blackout &amp; Scorponok"},"content":{"rendered":"<p>Pour c\u00e9l\u00e9brer le 15e anniversaire de la sortie de \"Transformers Movie 1\", Hasbro lance dans sa ligne de figurines TRANSFORMERS \"Masterpiece Movie Series\", le vertigineux et cool MPM-13 Decepticon Blackout &amp; Scorponok !<\/p>\n<p>Cette figurine TRANSFORMERS \u00e0 collectionner, inspir\u00e9e des fichiers CAO du premier film, mesure environ 29 cm (11,4 pouces) et est une figurine authentique id\u00e9ale pour les fans et les collectionneurs, avec des caract\u00e9ristiques inspir\u00e9es du film TRANSFORMERS 2007 en prise de vue r\u00e9elle.<\/p>\n<p>La figurine pr\u00e9sente le puissant DECEPTICON de l'arm\u00e9e de l'air avec une attention particuli\u00e8re aux d\u00e9tails et comprend des mains posables, un canon de poitrine rotatif, ainsi que des accessoires : deux Gatling Guns, un broyeur de lames rotatif et des effets de tir.<\/p>\n<p>Avec plus de 50 articulations mobiles et environ 200 d\u00e9tails peints, le choc visuel est toujours aussi fort !<br \/>\nLes h\u00e9lices peuvent \u00eatre tenues comme un \"broyeur de pales rotatif\", reproduisant parfaitement la forme classique du film !<\/p>\n<p>Convertissez le robot en mode Sikorsky MH-53 Pave Low III en 88 \u00e9tapes.<\/p>\n<ul>\n<li>Inspir\u00e9 du film d'action Transformers de 2007.<\/li>\n<li>Plastique et moul\u00e9<\/li>\n<li>11,4 pouces \/ 29 cm de hauteur<\/li>\n<li>Accessoires : 2 mitrailleuses, 1 broyeur \u00e0 lames rotatives, 2 effets de tir.<\/li>\n<li>Convertissez le robot en mode h\u00e9licopt\u00e8re en 88 \u00e9tapes.<\/li>\n<\/ul>\n<p>&nbsp;<\/p>","protected":false},"excerpt":{"rendered":"<ul>\n<li>Inspir\u00e9 du film d'action Transformers de 2007.<\/li>\n<li>Plastique et moul\u00e9<\/li>\n<li>11,4 pouces \/ 29 cm de hauteur<\/li>\n<li>Accessoires : 2 mitrailleuses, 1 broyeur \u00e0 lames rotatives, 2 effets de tir.<\/li>\n<li>Convertissez le robot en mode h\u00e9licopt\u00e8re en 88 \u00e9tapes.<\/li>\n<\/ul>","protected":false},"featured_media":168595,"comment_status":"open","ping_status":"closed","template":"","meta":{"inline_featured_image":false},"product_brand":[],"product_cat":[1955,68,69],"product_tag":[200,1759,256,221,202,2140,627,203,1975,204,1961],"giftcard-category":[],"class_list":{"0":"post-168594","1":"product","2":"type-product","3":"status-publish","4":"has-post-thumbnail","6":"product_cat-transformers","7":"product_cat-hasbro","8":"product_cat-takara-tomy","9":"product_tag-action-figures","10":"product_tag-action-toys","11":"product_tag-blackout","12":"product_tag-decepticon","13":"product_tag-masterpiece-movie-series","14":"product_tag-mpm-13","15":"product_tag-scorponok","16":"product_tag-takara-tomy","17":"product_tag-toys-figures","18":"product_tag-transformers","19":"product_tag-transformers-authentic","20":"product_shipping_class-medium","22":"first","23":"outofstock","24":"taxable","25":"shipping-taxable","26":"purchasable","27":"product-type-simple","28":"add-to-wishlist-after_add_to_cart"},"yoast_head":"<!-- This site is optimized with the Yoast SEO Premium plugin v25.3.1 (Yoast SEO v27.2) - https:\/\/yoast.com\/product\/yoast-seo-premium-wordpress\/ -->\n<title>Transformers: Masterpiece Movie Series MPM-13 Decepticon Blackout &amp; Scorponok<\/title>\n<meta name=\"robots\" content=\"index, follow, max-snippet:-1, max-image-preview:large, max-video-preview:-1\" \/>\n<link rel=\"canonical\" href=\"https:\/\/hobby4geek.com\/fr\/produit\/masterpiece-movie-series-mpm-13-decepticon-blackout-scorponok\/\" \/>\n<meta property=\"og:locale\" content=\"fr_FR\" \/>\n<meta property=\"og:type\" content=\"article\" \/>\n<meta property=\"og:title\" content=\"Transformers: Masterpiece Movie Series MPM-13 Decepticon Blackout &amp; Scorponok\" \/>\n<meta property=\"og:description\" content=\"Inspired by the 2007 Transformers live action movie.  Plastic and molded  11.4 inches \/ 29 cm tall  Accessories: 2x Gatling Gun, 1x Grinder with rotating blades, 2x Shooting effects.  Convert the robot to helicopter mode in 88 steps.\" \/>\n<meta property=\"og:url\" content=\"https:\/\/hobby4geek.com\/fr\/produit\/masterpiece-movie-series-mpm-13-decepticon-blackout-scorponok\/\" \/>\n<meta property=\"og:site_name\" content=\"Hobby4Geek\" \/>\n<meta property=\"article:publisher\" content=\"https:\/\/www.facebook.com\/hobby4geek\" \/>\n<meta property=\"article:modified_time\" content=\"2024-05-12T11:55:25+00:00\" \/>\n<meta property=\"og:image\" content=\"https:\/\/hobby4geek.com\/wp-content\/uploads\/2023\/02\/masterpiece-movie-series.jpg\" \/>\n\t<meta property=\"og:image:width\" content=\"900\" \/>\n\t<meta property=\"og:image:height\" content=\"900\" \/>\n\t<meta property=\"og:image:type\" content=\"image\/jpeg\" \/>\n<meta name=\"twitter:card\" content=\"summary_large_image\" \/>\n<meta name=\"twitter:site\" content=\"@hobby4geek\" \/>\n<script type=\"application\/ld+json\" class=\"yoast-schema-graph\">{\"@context\":\"https:\/\/schema.org\",\"@graph\":[{\"@type\":\"WebPage\",\"@id\":\"https:\/\/hobby4geek.com\/product\/masterpiece-movie-series-mpm-13-decepticon-blackout-scorponok\/\",\"url\":\"https:\/\/hobby4geek.com\/product\/masterpiece-movie-series-mpm-13-decepticon-blackout-scorponok\/\",\"name\":\"Transformers: Masterpiece Movie Series MPM-13 Decepticon Blackout & Scorponok\",\"isPartOf\":{\"@id\":\"https:\/\/hobby4geek.com\/#website\"},\"primaryImageOfPage\":{\"@id\":\"https:\/\/hobby4geek.com\/product\/masterpiece-movie-series-mpm-13-decepticon-blackout-scorponok\/#primaryimage\"},\"image\":{\"@id\":\"https:\/\/hobby4geek.com\/product\/masterpiece-movie-series-mpm-13-decepticon-blackout-scorponok\/#primaryimage\"},\"thumbnailUrl\":\"https:\/\/hobby4geek.com\/wp-content\/uploads\/2023\/02\/masterpiece-movie-series.jpg\",\"datePublished\":\"2023-04-16T22:59:51+00:00\",\"dateModified\":\"2024-05-12T11:55:25+00:00\",\"breadcrumb\":{\"@id\":\"https:\/\/hobby4geek.com\/product\/masterpiece-movie-series-mpm-13-decepticon-blackout-scorponok\/#breadcrumb\"},\"inLanguage\":\"fr-FR\",\"potentialAction\":[{\"@type\":\"ReadAction\",\"target\":[\"https:\/\/hobby4geek.com\/product\/masterpiece-movie-series-mpm-13-decepticon-blackout-scorponok\/\"]}]},{\"@type\":\"ImageObject\",\"inLanguage\":\"fr-FR\",\"@id\":\"https:\/\/hobby4geek.com\/product\/masterpiece-movie-series-mpm-13-decepticon-blackout-scorponok\/#primaryimage\",\"url\":\"https:\/\/hobby4geek.com\/wp-content\/uploads\/2023\/02\/masterpiece-movie-series.jpg\",\"contentUrl\":\"https:\/\/hobby4geek.com\/wp-content\/uploads\/2023\/02\/masterpiece-movie-series.jpg\",\"width\":900,\"height\":900,\"caption\":\"Masterpiece Movie Series\"},{\"@type\":\"BreadcrumbList\",\"@id\":\"https:\/\/hobby4geek.com\/product\/masterpiece-movie-series-mpm-13-decepticon-blackout-scorponok\/#breadcrumb\",\"itemListElement\":[{\"@type\":\"ListItem\",\"position\":1,\"name\":\"Home\",\"item\":\"https:\/\/hobby4geek.com\/\"},{\"@type\":\"ListItem\",\"position\":2,\"name\":\"Shop\",\"item\":\"https:\/\/hobby4geek.com\/shop\/\"},{\"@type\":\"ListItem\",\"position\":3,\"name\":\"Transformers: Masterpiece Movie Series MPM-13 Decepticon Blackout &#038; Scorponok\"}]},{\"@type\":\"WebSite\",\"@id\":\"https:\/\/hobby4geek.com\/#website\",\"url\":\"https:\/\/hobby4geek.com\/\",\"name\":\"Hobby4Geek\",\"description\":\"Collect, Play &amp; Showcase, Embrace your Geekiness\",\"publisher\":{\"@id\":\"https:\/\/hobby4geek.com\/#organization\"},\"potentialAction\":[{\"@type\":\"SearchAction\",\"target\":{\"@type\":\"EntryPoint\",\"urlTemplate\":\"https:\/\/hobby4geek.com\/?s={search_term_string}\"},\"query-input\":{\"@type\":\"PropertyValueSpecification\",\"valueRequired\":true,\"valueName\":\"search_term_string\"}}],\"inLanguage\":\"fr-FR\"},{\"@type\":\"Organization\",\"@id\":\"https:\/\/hobby4geek.com\/#organization\",\"name\":\"Hobby4Geek\",\"url\":\"https:\/\/hobby4geek.com\/\",\"logo\":{\"@type\":\"ImageObject\",\"inLanguage\":\"fr-FR\",\"@id\":\"https:\/\/hobby4geek.com\/#\/schema\/logo\/image\/\",\"url\":\"https:\/\/hobby4geek.com\/wp-content\/uploads\/2023\/02\/default-kit.png\",\"contentUrl\":\"https:\/\/hobby4geek.com\/wp-content\/uploads\/2023\/02\/default-kit.png\",\"width\":600,\"height\":600,\"caption\":\"Hobby4Geek\"},\"image\":{\"@id\":\"https:\/\/hobby4geek.com\/#\/schema\/logo\/image\/\"},\"sameAs\":[\"https:\/\/www.facebook.com\/hobby4geek\",\"https:\/\/x.com\/hobby4geek\",\"https:\/\/www.instagram.com\/hobby4geek\/\"]}]}<\/script>\n<meta property=\"product:brand\" content=\"Transformers\" \/>\n<meta property=\"product:price:amount\" content=\"188.45\" \/>\n<meta property=\"product:price:currency\" content=\"EUR\" \/>\n<meta property=\"og:availability\" content=\"out of stock\" \/>\n<meta property=\"product:availability\" content=\"out of stock\" \/>\n<meta property=\"product:retailer_item_id\" content=\"5010993977482\" \/>\n<meta property=\"product:condition\" content=\"new\" \/>\n<!-- \/ Yoast SEO Premium plugin. -->","yoast_head_json":{"title":"Transformers : Masterpiece Movie Series MPM-13 Decepticon Blackout &amp; Scorponok","robots":{"index":"index","follow":"follow","max-snippet":"max-snippet:-1","max-image-preview":"max-image-preview:large","max-video-preview":"max-video-preview:-1"},"canonical":"https:\/\/hobby4geek.com\/fr\/produit\/masterpiece-movie-series-mpm-13-decepticon-blackout-scorponok\/","og_locale":"fr_FR","og_type":"article","og_title":"Transformers: Masterpiece Movie Series MPM-13 Decepticon Blackout & Scorponok","og_description":"Inspired by the 2007 Transformers live action movie.  Plastic and molded  11.4 inches \/ 29 cm tall  Accessories: 2x Gatling Gun, 1x Grinder with rotating blades, 2x Shooting effects.  Convert the robot to helicopter mode in 88 steps.","og_url":"https:\/\/hobby4geek.com\/fr\/produit\/masterpiece-movie-series-mpm-13-decepticon-blackout-scorponok\/","og_site_name":"Hobby4Geek","article_publisher":"https:\/\/www.facebook.com\/hobby4geek","article_modified_time":"2024-05-12T11:55:25+00:00","og_image":[{"width":900,"height":900,"url":"https:\/\/hobby4geek.com\/wp-content\/uploads\/2023\/02\/masterpiece-movie-series.jpg","type":"image\/jpeg"}],"twitter_card":"summary_large_image","twitter_site":"@hobby4geek","schema":{"@context":"https:\/\/schema.org","@graph":[{"@type":"WebPage","@id":"https:\/\/hobby4geek.com\/product\/masterpiece-movie-series-mpm-13-decepticon-blackout-scorponok\/","url":"https:\/\/hobby4geek.com\/product\/masterpiece-movie-series-mpm-13-decepticon-blackout-scorponok\/","name":"Transformers : Masterpiece Movie Series MPM-13 Decepticon Blackout &amp; Scorponok","isPartOf":{"@id":"https:\/\/hobby4geek.com\/#website"},"primaryImageOfPage":{"@id":"https:\/\/hobby4geek.com\/product\/masterpiece-movie-series-mpm-13-decepticon-blackout-scorponok\/#primaryimage"},"image":{"@id":"https:\/\/hobby4geek.com\/product\/masterpiece-movie-series-mpm-13-decepticon-blackout-scorponok\/#primaryimage"},"thumbnailUrl":"https:\/\/hobby4geek.com\/wp-content\/uploads\/2023\/02\/masterpiece-movie-series.jpg","datePublished":"2023-04-16T22:59:51+00:00","dateModified":"2024-05-12T11:55:25+00:00","breadcrumb":{"@id":"https:\/\/hobby4geek.com\/product\/masterpiece-movie-series-mpm-13-decepticon-blackout-scorponok\/#breadcrumb"},"inLanguage":"fr-FR","potentialAction":[{"@type":"ReadAction","target":["https:\/\/hobby4geek.com\/product\/masterpiece-movie-series-mpm-13-decepticon-blackout-scorponok\/"]}]},{"@type":"ImageObject","inLanguage":"fr-FR","@id":"https:\/\/hobby4geek.com\/product\/masterpiece-movie-series-mpm-13-decepticon-blackout-scorponok\/#primaryimage","url":"https:\/\/hobby4geek.com\/wp-content\/uploads\/2023\/02\/masterpiece-movie-series.jpg","contentUrl":"https:\/\/hobby4geek.com\/wp-content\/uploads\/2023\/02\/masterpiece-movie-series.jpg","width":900,"height":900,"caption":"Masterpiece Movie Series"},{"@type":"BreadcrumbList","@id":"https:\/\/hobby4geek.com\/product\/masterpiece-movie-series-mpm-13-decepticon-blackout-scorponok\/#breadcrumb","itemListElement":[{"@type":"ListItem","position":1,"name":"Home","item":"https:\/\/hobby4geek.com\/"},{"@type":"ListItem","position":2,"name":"Shop","item":"https:\/\/hobby4geek.com\/shop\/"},{"@type":"ListItem","position":3,"name":"Transformers: Masterpiece Movie Series MPM-13 Decepticon Blackout &#038; Scorponok"}]},{"@type":"WebSite","@id":"https:\/\/hobby4geek.com\/#website","url":"https:\/\/hobby4geek.com\/","name":"Hobby4Geek","description":"Collectionnez, jouez et exposez, embrassez votre geekitude","publisher":{"@id":"https:\/\/hobby4geek.com\/#organization"},"potentialAction":[{"@type":"SearchAction","target":{"@type":"EntryPoint","urlTemplate":"https:\/\/hobby4geek.com\/?s={search_term_string}"},"query-input":{"@type":"PropertyValueSpecification","valueRequired":true,"valueName":"search_term_string"}}],"inLanguage":"fr-FR"},{"@type":"Organization","@id":"https:\/\/hobby4geek.com\/#organization","name":"Hobby4Geek","url":"https:\/\/hobby4geek.com\/","logo":{"@type":"ImageObject","inLanguage":"fr-FR","@id":"https:\/\/hobby4geek.com\/#\/schema\/logo\/image\/","url":"https:\/\/hobby4geek.com\/wp-content\/uploads\/2023\/02\/default-kit.png","contentUrl":"https:\/\/hobby4geek.com\/wp-content\/uploads\/2023\/02\/default-kit.png","width":600,"height":600,"caption":"Hobby4Geek"},"image":{"@id":"https:\/\/hobby4geek.com\/#\/schema\/logo\/image\/"},"sameAs":["https:\/\/www.facebook.com\/hobby4geek","https:\/\/x.com\/hobby4geek","https:\/\/www.instagram.com\/hobby4geek\/"]}]},"product_brand":"Transformers","product_price_amount":"188.45","product_price_currency":"EUR","og_availability":"out of stock","product_availability":"out of stock","product_retailer_item_id":"5010993977482","product_condition":"new"},"_links":{"self":[{"href":"https:\/\/hobby4geek.com\/fr\/wp-json\/wp\/v2\/product\/168594","targetHints":{"allow":["GET"]}}],"collection":[{"href":"https:\/\/hobby4geek.com\/fr\/wp-json\/wp\/v2\/product"}],"about":[{"href":"https:\/\/hobby4geek.com\/fr\/wp-json\/wp\/v2\/types\/product"}],"replies":[{"embeddable":true,"href":"https:\/\/hobby4geek.com\/fr\/wp-json\/wp\/v2\/comments?post=168594"}],"version-history":[{"count":0,"href":"https:\/\/hobby4geek.com\/fr\/wp-json\/wp\/v2\/product\/168594\/revisions"}],"wp:featuredmedia":[{"embeddable":true,"href":"https:\/\/hobby4geek.com\/fr\/wp-json\/wp\/v2\/media\/168595"}],"wp:attachment":[{"href":"https:\/\/hobby4geek.com\/fr\/wp-json\/wp\/v2\/media?parent=168594"}],"wp:term":[{"taxonomy":"product_brand","embeddable":true,"href":"https:\/\/hobby4geek.com\/fr\/wp-json\/wp\/v2\/product_brand?post=168594"},{"taxonomy":"product_cat","embeddable":true,"href":"https:\/\/hobby4geek.com\/fr\/wp-json\/wp\/v2\/product_cat?post=168594"},{"taxonomy":"product_tag","embeddable":true,"href":"https:\/\/hobby4geek.com\/fr\/wp-json\/wp\/v2\/product_tag?post=168594"},{"taxonomy":"giftcard-category","embeddable":true,"href":"https:\/\/hobby4geek.com\/fr\/wp-json\/wp\/v2\/giftcard-category?post=168594"}],"curies":[{"name":"wp","href":"https:\/\/api.w.org\/{rel}","templated":true}]}}