{"id":150410,"date":"2022-04-05T18:47:01","date_gmt":"2022-04-05T18:47:01","guid":{"rendered":"https:\/\/hobby4geek.com\/?post_type=product&#038;p=150410"},"modified":"2024-05-12T12:57:00","modified_gmt":"2024-05-12T11:57:00","slug":"dna-design-dk-27-upgrade-kit-for-mpm-12","status":"publish","type":"product","link":"https:\/\/hobby4geek.com\/fr\/produit\/dna-design-dk-27-upgrade-kit-for-mpm-12\/","title":{"rendered":"DNA Design - Kit de mise \u00e0 niveau DK-27 pour MPM-12"},"content":{"rendered":"<div class=\"row\">\n<div class=\"col-md-12\">\n<p>Le kit de mise \u00e0 niveau DK-27 Masterpiece Movie Series contient tout ce dont vous avez besoin pour mettre \u00e0 niveau votre Transformers Masterpiece Movie Series MPM-12 Optimus Prime !<\/p>\n<p>Les pi\u00e8ces suppl\u00e9mentaires n'interf\u00e8rent pas avec la transformation.<\/p>\n<\/div>\n<\/div>\n<h4><\/h4>\n<ul>\n<li>1 x T\u00eate sculpt\u00e9e<\/li>\n<li>2 x Extension des jambes<\/li>\n<li>2 x avant-bras avec mains<\/li>\n<li>2 x panneaux d'\u00e9paule<\/li>\n<\/ul>\n<p>* La figurine n'est pas incluse.<\/p>","protected":false},"excerpt":{"rendered":"<h4><\/h4>\n<ul>\n<li>1 x T\u00eate sculpt\u00e9e<\/li>\n<li>2 x Extension des jambes<\/li>\n<li>2 x avant-bras avec mains<\/li>\n<li>2 x panneaux d'\u00e9paule<\/li>\n<\/ul>","protected":false},"featured_media":182114,"comment_status":"open","ping_status":"closed","template":"","meta":{"inline_featured_image":false},"product_brand":[],"product_cat":[78],"product_tag":[274,199,1608,1609,276,217,231,299,233,1610,234,1975,204,442],"giftcard-category":[],"class_list":{"0":"post-150410","1":"product","2":"type-product","3":"status-publish","4":"has-post-thumbnail","6":"product_cat-dna-design","7":"product_tag-add-ons","8":"product_tag-autobot","9":"product_tag-dk-27","10":"product_tag-dk27","11":"product_tag-dna-design","12":"product_tag-ironhide","13":"product_tag-movie-masterpiece","14":"product_tag-mpm","15":"product_tag-mpm-12","16":"product_tag-mpm12","17":"product_tag-optimus-prime","18":"product_tag-toys-figures","19":"product_tag-transformers","20":"product_tag-upgrade-kit","21":"product_shipping_class-from-china","22":"inventories-china-inventory","24":"first","25":"outofstock","26":"taxable","27":"shipping-taxable","28":"purchasable","29":"product-type-simple","30":"add-to-wishlist-after_add_to_cart"},"yoast_head":"<!-- This site is optimized with the Yoast SEO Premium plugin v25.3.1 (Yoast SEO v27.2) - https:\/\/yoast.com\/product\/yoast-seo-premium-wordpress\/ -->\n<title>DNA Design - DK-27 Upgrade Kit for MPM-12<\/title>\n<meta name=\"robots\" content=\"index, follow, max-snippet:-1, max-image-preview:large, max-video-preview:-1\" \/>\n<link rel=\"canonical\" href=\"https:\/\/hobby4geek.com\/fr\/produit\/dna-design-dk-27-upgrade-kit-for-mpm-12\/\" \/>\n<meta property=\"og:locale\" content=\"fr_FR\" \/>\n<meta property=\"og:type\" content=\"article\" \/>\n<meta property=\"og:title\" content=\"DNA Design - DK-27 Upgrade Kit for MPM-12\" \/>\n<meta property=\"og:description\" content=\"1 x Carved Head  2 x Leg extensions  2 x Forearms with hands  2 x Shoulder Panels\" \/>\n<meta property=\"og:url\" content=\"https:\/\/hobby4geek.com\/fr\/produit\/dna-design-dk-27-upgrade-kit-for-mpm-12\/\" \/>\n<meta property=\"og:site_name\" content=\"Hobby4Geek\" \/>\n<meta property=\"article:publisher\" content=\"https:\/\/www.facebook.com\/hobby4geek\" \/>\n<meta property=\"article:modified_time\" content=\"2024-05-12T11:57:00+00:00\" \/>\n<meta property=\"og:image\" content=\"https:\/\/hobby4geek.com\/wp-content\/uploads\/2023\/02\/dna-design-dk-27-upgrade-kit-for-mpm-12-2.jpg\" \/>\n\t<meta property=\"og:image:width\" content=\"1368\" \/>\n\t<meta property=\"og:image:height\" content=\"1018\" \/>\n\t<meta property=\"og:image:type\" content=\"image\/jpeg\" \/>\n<meta name=\"twitter:card\" content=\"summary_large_image\" \/>\n<meta name=\"twitter:site\" content=\"@hobby4geek\" \/>\n<script type=\"application\/ld+json\" class=\"yoast-schema-graph\">{\"@context\":\"https:\/\/schema.org\",\"@graph\":[{\"@type\":\"WebPage\",\"@id\":\"https:\/\/hobby4geek.com\/product\/dna-design-dk-27-upgrade-kit-for-mpm-12\/\",\"url\":\"https:\/\/hobby4geek.com\/product\/dna-design-dk-27-upgrade-kit-for-mpm-12\/\",\"name\":\"DNA Design - DK-27 Upgrade Kit for MPM-12\",\"isPartOf\":{\"@id\":\"https:\/\/hobby4geek.com\/#website\"},\"primaryImageOfPage\":{\"@id\":\"https:\/\/hobby4geek.com\/product\/dna-design-dk-27-upgrade-kit-for-mpm-12\/#primaryimage\"},\"image\":{\"@id\":\"https:\/\/hobby4geek.com\/product\/dna-design-dk-27-upgrade-kit-for-mpm-12\/#primaryimage\"},\"thumbnailUrl\":\"https:\/\/hobby4geek.com\/wp-content\/uploads\/2023\/02\/dna-design-dk-27-upgrade-kit-for-mpm-12-2.jpg\",\"datePublished\":\"2022-04-05T18:47:01+00:00\",\"dateModified\":\"2024-05-12T11:57:00+00:00\",\"breadcrumb\":{\"@id\":\"https:\/\/hobby4geek.com\/product\/dna-design-dk-27-upgrade-kit-for-mpm-12\/#breadcrumb\"},\"inLanguage\":\"fr-FR\",\"potentialAction\":[{\"@type\":\"ReadAction\",\"target\":[\"https:\/\/hobby4geek.com\/product\/dna-design-dk-27-upgrade-kit-for-mpm-12\/\"]}]},{\"@type\":\"ImageObject\",\"inLanguage\":\"fr-FR\",\"@id\":\"https:\/\/hobby4geek.com\/product\/dna-design-dk-27-upgrade-kit-for-mpm-12\/#primaryimage\",\"url\":\"https:\/\/hobby4geek.com\/wp-content\/uploads\/2023\/02\/dna-design-dk-27-upgrade-kit-for-mpm-12-2.jpg\",\"contentUrl\":\"https:\/\/hobby4geek.com\/wp-content\/uploads\/2023\/02\/dna-design-dk-27-upgrade-kit-for-mpm-12-2.jpg\",\"width\":1368,\"height\":1018,\"caption\":\"Dna Design Dk 27 Upgrade Kit For Mpm 12 2\"},{\"@type\":\"BreadcrumbList\",\"@id\":\"https:\/\/hobby4geek.com\/product\/dna-design-dk-27-upgrade-kit-for-mpm-12\/#breadcrumb\",\"itemListElement\":[{\"@type\":\"ListItem\",\"position\":1,\"name\":\"Home\",\"item\":\"https:\/\/hobby4geek.com\/\"},{\"@type\":\"ListItem\",\"position\":2,\"name\":\"Shop\",\"item\":\"https:\/\/hobby4geek.com\/shop\/\"},{\"@type\":\"ListItem\",\"position\":3,\"name\":\"DNA Design &#8211; DK-27 Upgrade Kit for MPM-12\"}]},{\"@type\":\"WebSite\",\"@id\":\"https:\/\/hobby4geek.com\/#website\",\"url\":\"https:\/\/hobby4geek.com\/\",\"name\":\"Hobby4Geek\",\"description\":\"Collect, Play &amp; Showcase, Embrace your Geekiness\",\"publisher\":{\"@id\":\"https:\/\/hobby4geek.com\/#organization\"},\"potentialAction\":[{\"@type\":\"SearchAction\",\"target\":{\"@type\":\"EntryPoint\",\"urlTemplate\":\"https:\/\/hobby4geek.com\/?s={search_term_string}\"},\"query-input\":{\"@type\":\"PropertyValueSpecification\",\"valueRequired\":true,\"valueName\":\"search_term_string\"}}],\"inLanguage\":\"fr-FR\"},{\"@type\":\"Organization\",\"@id\":\"https:\/\/hobby4geek.com\/#organization\",\"name\":\"Hobby4Geek\",\"url\":\"https:\/\/hobby4geek.com\/\",\"logo\":{\"@type\":\"ImageObject\",\"inLanguage\":\"fr-FR\",\"@id\":\"https:\/\/hobby4geek.com\/#\/schema\/logo\/image\/\",\"url\":\"https:\/\/hobby4geek.com\/wp-content\/uploads\/2023\/02\/default-kit.png\",\"contentUrl\":\"https:\/\/hobby4geek.com\/wp-content\/uploads\/2023\/02\/default-kit.png\",\"width\":600,\"height\":600,\"caption\":\"Hobby4Geek\"},\"image\":{\"@id\":\"https:\/\/hobby4geek.com\/#\/schema\/logo\/image\/\"},\"sameAs\":[\"https:\/\/www.facebook.com\/hobby4geek\",\"https:\/\/x.com\/hobby4geek\",\"https:\/\/www.instagram.com\/hobby4geek\/\"]}]}<\/script>\n<meta property=\"product:brand\" content=\"DNA Design\" \/>\n<meta property=\"product:price:amount\" content=\"46.80\" \/>\n<meta property=\"product:price:currency\" content=\"EUR\" \/>\n<meta property=\"og:availability\" content=\"out of stock\" \/>\n<meta property=\"product:availability\" content=\"out of stock\" \/>\n<meta property=\"product:condition\" content=\"new\" \/>\n<!-- \/ Yoast SEO Premium plugin. -->","yoast_head_json":{"title":"DNA Design - Kit de mise \u00e0 niveau DK-27 pour MPM-12","robots":{"index":"index","follow":"follow","max-snippet":"max-snippet:-1","max-image-preview":"max-image-preview:large","max-video-preview":"max-video-preview:-1"},"canonical":"https:\/\/hobby4geek.com\/fr\/produit\/dna-design-dk-27-upgrade-kit-for-mpm-12\/","og_locale":"fr_FR","og_type":"article","og_title":"DNA Design - DK-27 Upgrade Kit for MPM-12","og_description":"1 x Carved Head  2 x Leg extensions  2 x Forearms with hands  2 x Shoulder Panels","og_url":"https:\/\/hobby4geek.com\/fr\/produit\/dna-design-dk-27-upgrade-kit-for-mpm-12\/","og_site_name":"Hobby4Geek","article_publisher":"https:\/\/www.facebook.com\/hobby4geek","article_modified_time":"2024-05-12T11:57:00+00:00","og_image":[{"width":1368,"height":1018,"url":"https:\/\/hobby4geek.com\/wp-content\/uploads\/2023\/02\/dna-design-dk-27-upgrade-kit-for-mpm-12-2.jpg","type":"image\/jpeg"}],"twitter_card":"summary_large_image","twitter_site":"@hobby4geek","schema":{"@context":"https:\/\/schema.org","@graph":[{"@type":"WebPage","@id":"https:\/\/hobby4geek.com\/product\/dna-design-dk-27-upgrade-kit-for-mpm-12\/","url":"https:\/\/hobby4geek.com\/product\/dna-design-dk-27-upgrade-kit-for-mpm-12\/","name":"DNA Design - Kit de mise \u00e0 niveau DK-27 pour MPM-12","isPartOf":{"@id":"https:\/\/hobby4geek.com\/#website"},"primaryImageOfPage":{"@id":"https:\/\/hobby4geek.com\/product\/dna-design-dk-27-upgrade-kit-for-mpm-12\/#primaryimage"},"image":{"@id":"https:\/\/hobby4geek.com\/product\/dna-design-dk-27-upgrade-kit-for-mpm-12\/#primaryimage"},"thumbnailUrl":"https:\/\/hobby4geek.com\/wp-content\/uploads\/2023\/02\/dna-design-dk-27-upgrade-kit-for-mpm-12-2.jpg","datePublished":"2022-04-05T18:47:01+00:00","dateModified":"2024-05-12T11:57:00+00:00","breadcrumb":{"@id":"https:\/\/hobby4geek.com\/product\/dna-design-dk-27-upgrade-kit-for-mpm-12\/#breadcrumb"},"inLanguage":"fr-FR","potentialAction":[{"@type":"ReadAction","target":["https:\/\/hobby4geek.com\/product\/dna-design-dk-27-upgrade-kit-for-mpm-12\/"]}]},{"@type":"ImageObject","inLanguage":"fr-FR","@id":"https:\/\/hobby4geek.com\/product\/dna-design-dk-27-upgrade-kit-for-mpm-12\/#primaryimage","url":"https:\/\/hobby4geek.com\/wp-content\/uploads\/2023\/02\/dna-design-dk-27-upgrade-kit-for-mpm-12-2.jpg","contentUrl":"https:\/\/hobby4geek.com\/wp-content\/uploads\/2023\/02\/dna-design-dk-27-upgrade-kit-for-mpm-12-2.jpg","width":1368,"height":1018,"caption":"Dna Design Dk 27 Upgrade Kit For Mpm 12 2"},{"@type":"BreadcrumbList","@id":"https:\/\/hobby4geek.com\/product\/dna-design-dk-27-upgrade-kit-for-mpm-12\/#breadcrumb","itemListElement":[{"@type":"ListItem","position":1,"name":"Home","item":"https:\/\/hobby4geek.com\/"},{"@type":"ListItem","position":2,"name":"Shop","item":"https:\/\/hobby4geek.com\/shop\/"},{"@type":"ListItem","position":3,"name":"DNA Design &#8211; DK-27 Upgrade Kit for MPM-12"}]},{"@type":"WebSite","@id":"https:\/\/hobby4geek.com\/#website","url":"https:\/\/hobby4geek.com\/","name":"Hobby4Geek","description":"Collectionnez, jouez et exposez, embrassez votre geekitude","publisher":{"@id":"https:\/\/hobby4geek.com\/#organization"},"potentialAction":[{"@type":"SearchAction","target":{"@type":"EntryPoint","urlTemplate":"https:\/\/hobby4geek.com\/?s={search_term_string}"},"query-input":{"@type":"PropertyValueSpecification","valueRequired":true,"valueName":"search_term_string"}}],"inLanguage":"fr-FR"},{"@type":"Organization","@id":"https:\/\/hobby4geek.com\/#organization","name":"Hobby4Geek","url":"https:\/\/hobby4geek.com\/","logo":{"@type":"ImageObject","inLanguage":"fr-FR","@id":"https:\/\/hobby4geek.com\/#\/schema\/logo\/image\/","url":"https:\/\/hobby4geek.com\/wp-content\/uploads\/2023\/02\/default-kit.png","contentUrl":"https:\/\/hobby4geek.com\/wp-content\/uploads\/2023\/02\/default-kit.png","width":600,"height":600,"caption":"Hobby4Geek"},"image":{"@id":"https:\/\/hobby4geek.com\/#\/schema\/logo\/image\/"},"sameAs":["https:\/\/www.facebook.com\/hobby4geek","https:\/\/x.com\/hobby4geek","https:\/\/www.instagram.com\/hobby4geek\/"]}]},"product_brand":"DNA Design","product_price_amount":"46.80","product_price_currency":"EUR","og_availability":"out of stock","product_availability":"out of stock","product_condition":"new"},"_links":{"self":[{"href":"https:\/\/hobby4geek.com\/fr\/wp-json\/wp\/v2\/product\/150410","targetHints":{"allow":["GET"]}}],"collection":[{"href":"https:\/\/hobby4geek.com\/fr\/wp-json\/wp\/v2\/product"}],"about":[{"href":"https:\/\/hobby4geek.com\/fr\/wp-json\/wp\/v2\/types\/product"}],"replies":[{"embeddable":true,"href":"https:\/\/hobby4geek.com\/fr\/wp-json\/wp\/v2\/comments?post=150410"}],"version-history":[{"count":0,"href":"https:\/\/hobby4geek.com\/fr\/wp-json\/wp\/v2\/product\/150410\/revisions"}],"wp:featuredmedia":[{"embeddable":true,"href":"https:\/\/hobby4geek.com\/fr\/wp-json\/wp\/v2\/media\/182114"}],"wp:attachment":[{"href":"https:\/\/hobby4geek.com\/fr\/wp-json\/wp\/v2\/media?parent=150410"}],"wp:term":[{"taxonomy":"product_brand","embeddable":true,"href":"https:\/\/hobby4geek.com\/fr\/wp-json\/wp\/v2\/product_brand?post=150410"},{"taxonomy":"product_cat","embeddable":true,"href":"https:\/\/hobby4geek.com\/fr\/wp-json\/wp\/v2\/product_cat?post=150410"},{"taxonomy":"product_tag","embeddable":true,"href":"https:\/\/hobby4geek.com\/fr\/wp-json\/wp\/v2\/product_tag?post=150410"},{"taxonomy":"giftcard-category","embeddable":true,"href":"https:\/\/hobby4geek.com\/fr\/wp-json\/wp\/v2\/giftcard-category?post=150410"}],"curies":[{"name":"wp","href":"https:\/\/api.w.org\/{rel}","templated":true}]}}