{"id":145601,"date":"2021-04-11T18:43:06","date_gmt":"2021-04-11T18:43:06","guid":{"rendered":"https:\/\/hobby4geek.com\/?post_type=product&#038;p=145601"},"modified":"2024-05-12T13:28:08","modified_gmt":"2024-05-12T12:28:08","slug":"dna-design-dk-22-gear-master-upgrade-kit-for-ss-58-63-68","status":"publish","type":"product","link":"https:\/\/hobby4geek.com\/fr\/produit\/dna-design-dk-22-gear-master-upgrade-kit-for-ss-58-63-68\/","title":{"rendered":"DNA Design - DK-22 Gear Master : Kit de mise \u00e0 niveau pour SS-58-63-68"},"content":{"rendered":"<p>Le kit de mise \u00e0 niveau \"DK-22 Gear Master\" pour le Studio Series : 58 Roadbuster, 63 Topspin et 68 Leadfoot, contient une s\u00e9lection d'accessoires compatibles et de nouvelles fixations am\u00e9lior\u00e9es.<\/p>\n<ul>\n<li>Tron\u00e7onneuse x1<\/li>\n<li>Laisse pour Steeljaw (cha\u00eene)<\/li>\n<li>Nouvelles armes<\/li>\n<li>Pieds pour Topspin<\/li>\n<li>Pince pour Topspin<\/li>\n<li>Compensation de la jambe creuse du pied de plomb<\/li>\n<\/ul>","protected":false},"excerpt":{"rendered":"<ul>\n<li>Tron\u00e7onneuse x1<\/li>\n<li>Laisse pour Steeljaw (cha\u00eene)<\/li>\n<li>Nouvelles armes<\/li>\n<li>Pieds pour Topspin<\/li>\n<li>Pince pour Topspin<\/li>\n<li>Compensation de la jambe creuse du pied de plomb<\/li>\n<\/ul>","protected":false},"featured_media":185385,"comment_status":"open","ping_status":"closed","template":"","meta":{"inline_featured_image":false},"product_brand":[],"product_cat":[78],"product_tag":[274,1273,1274,276,1275,447,450,240,453,1975,204,1276,442],"giftcard-category":[],"class_list":{"0":"post-145601","1":"product","2":"type-product","3":"status-publish","4":"has-post-thumbnail","6":"product_cat-dna-design","7":"product_tag-add-ons","8":"product_tag-dk-22","9":"product_tag-dna","10":"product_tag-dna-design","11":"product_tag-kit","12":"product_tag-leadfoot","13":"product_tag-roadbuster","14":"product_tag-studio-series","15":"product_tag-topspin","16":"product_tag-toys-figures","17":"product_tag-transformers","18":"product_tag-upgrade","19":"product_tag-upgrade-kit","20":"product_shipping_class-from-china","21":"inventories-china-inventory","23":"first","24":"outofstock","25":"taxable","26":"shipping-taxable","27":"purchasable","28":"product-type-simple","29":"add-to-wishlist-after_add_to_cart"},"yoast_head":"<!-- This site is optimized with the Yoast SEO Premium plugin v25.3.1 (Yoast SEO v27.2) - https:\/\/yoast.com\/product\/yoast-seo-premium-wordpress\/ -->\n<title>DNA Design \u2013 DK-22 Gear Master : Upgrade Kit for SS-58-63-68<\/title>\n<meta name=\"robots\" content=\"index, follow, max-snippet:-1, max-image-preview:large, max-video-preview:-1\" \/>\n<link rel=\"canonical\" href=\"https:\/\/hobby4geek.com\/fr\/produit\/dna-design-dk-22-gear-master-upgrade-kit-for-ss-58-63-68\/\" \/>\n<meta property=\"og:locale\" content=\"fr_FR\" \/>\n<meta property=\"og:type\" content=\"article\" \/>\n<meta property=\"og:title\" content=\"DNA Design \u2013 DK-22 Gear Master : Upgrade Kit for SS-58-63-68\" \/>\n<meta property=\"og:description\" content=\"Chainsaw x1  Leash for Steeljaw (chain)  New weapons  Feet for Topspin  Pliers for Topspin  Leadfoot Hollow Leg Compensation\" \/>\n<meta property=\"og:url\" content=\"https:\/\/hobby4geek.com\/fr\/produit\/dna-design-dk-22-gear-master-upgrade-kit-for-ss-58-63-68\/\" \/>\n<meta property=\"og:site_name\" content=\"Hobby4Geek\" \/>\n<meta property=\"article:publisher\" content=\"https:\/\/www.facebook.com\/hobby4geek\" \/>\n<meta property=\"article:modified_time\" content=\"2024-05-12T12:28:08+00:00\" \/>\n<meta property=\"og:image\" content=\"https:\/\/hobby4geek.com\/wp-content\/uploads\/2021\/04\/dna-design-dk-22-gear-master-upgrade-kit-for-ss-58-63-68-1.webp\" \/>\n\t<meta property=\"og:image:width\" content=\"1920\" \/>\n\t<meta property=\"og:image:height\" content=\"1428\" \/>\n\t<meta property=\"og:image:type\" content=\"image\/webp\" \/>\n<meta name=\"twitter:card\" content=\"summary_large_image\" \/>\n<meta name=\"twitter:site\" content=\"@hobby4geek\" \/>\n<script type=\"application\/ld+json\" class=\"yoast-schema-graph\">{\"@context\":\"https:\/\/schema.org\",\"@graph\":[{\"@type\":\"WebPage\",\"@id\":\"https:\/\/hobby4geek.com\/product\/dna-design-dk-22-gear-master-upgrade-kit-for-ss-58-63-68\/\",\"url\":\"https:\/\/hobby4geek.com\/product\/dna-design-dk-22-gear-master-upgrade-kit-for-ss-58-63-68\/\",\"name\":\"DNA Design \u2013 DK-22 Gear Master : Upgrade Kit for SS-58-63-68\",\"isPartOf\":{\"@id\":\"https:\/\/hobby4geek.com\/#website\"},\"primaryImageOfPage\":{\"@id\":\"https:\/\/hobby4geek.com\/product\/dna-design-dk-22-gear-master-upgrade-kit-for-ss-58-63-68\/#primaryimage\"},\"image\":{\"@id\":\"https:\/\/hobby4geek.com\/product\/dna-design-dk-22-gear-master-upgrade-kit-for-ss-58-63-68\/#primaryimage\"},\"thumbnailUrl\":\"https:\/\/hobby4geek.com\/wp-content\/uploads\/2021\/04\/dna-design-dk-22-gear-master-upgrade-kit-for-ss-58-63-68-1.webp\",\"datePublished\":\"2021-04-11T18:43:06+00:00\",\"dateModified\":\"2024-05-12T12:28:08+00:00\",\"breadcrumb\":{\"@id\":\"https:\/\/hobby4geek.com\/product\/dna-design-dk-22-gear-master-upgrade-kit-for-ss-58-63-68\/#breadcrumb\"},\"inLanguage\":\"fr-FR\",\"potentialAction\":[{\"@type\":\"ReadAction\",\"target\":[\"https:\/\/hobby4geek.com\/product\/dna-design-dk-22-gear-master-upgrade-kit-for-ss-58-63-68\/\"]}]},{\"@type\":\"ImageObject\",\"inLanguage\":\"fr-FR\",\"@id\":\"https:\/\/hobby4geek.com\/product\/dna-design-dk-22-gear-master-upgrade-kit-for-ss-58-63-68\/#primaryimage\",\"url\":\"https:\/\/hobby4geek.com\/wp-content\/uploads\/2021\/04\/dna-design-dk-22-gear-master-upgrade-kit-for-ss-58-63-68-1.webp\",\"contentUrl\":\"https:\/\/hobby4geek.com\/wp-content\/uploads\/2021\/04\/dna-design-dk-22-gear-master-upgrade-kit-for-ss-58-63-68-1.webp\",\"width\":1920,\"height\":1428},{\"@type\":\"BreadcrumbList\",\"@id\":\"https:\/\/hobby4geek.com\/product\/dna-design-dk-22-gear-master-upgrade-kit-for-ss-58-63-68\/#breadcrumb\",\"itemListElement\":[{\"@type\":\"ListItem\",\"position\":1,\"name\":\"Home\",\"item\":\"https:\/\/hobby4geek.com\/\"},{\"@type\":\"ListItem\",\"position\":2,\"name\":\"Shop\",\"item\":\"https:\/\/hobby4geek.com\/shop\/\"},{\"@type\":\"ListItem\",\"position\":3,\"name\":\"DNA Design \u2013 DK-22 Gear Master : Upgrade Kit for SS-58-63-68\"}]},{\"@type\":\"WebSite\",\"@id\":\"https:\/\/hobby4geek.com\/#website\",\"url\":\"https:\/\/hobby4geek.com\/\",\"name\":\"Hobby4Geek\",\"description\":\"Collect, Play &amp; Showcase, Embrace your Geekiness\",\"publisher\":{\"@id\":\"https:\/\/hobby4geek.com\/#organization\"},\"potentialAction\":[{\"@type\":\"SearchAction\",\"target\":{\"@type\":\"EntryPoint\",\"urlTemplate\":\"https:\/\/hobby4geek.com\/?s={search_term_string}\"},\"query-input\":{\"@type\":\"PropertyValueSpecification\",\"valueRequired\":true,\"valueName\":\"search_term_string\"}}],\"inLanguage\":\"fr-FR\"},{\"@type\":\"Organization\",\"@id\":\"https:\/\/hobby4geek.com\/#organization\",\"name\":\"Hobby4Geek\",\"url\":\"https:\/\/hobby4geek.com\/\",\"logo\":{\"@type\":\"ImageObject\",\"inLanguage\":\"fr-FR\",\"@id\":\"https:\/\/hobby4geek.com\/#\/schema\/logo\/image\/\",\"url\":\"https:\/\/hobby4geek.com\/wp-content\/uploads\/2023\/02\/default-kit.png\",\"contentUrl\":\"https:\/\/hobby4geek.com\/wp-content\/uploads\/2023\/02\/default-kit.png\",\"width\":600,\"height\":600,\"caption\":\"Hobby4Geek\"},\"image\":{\"@id\":\"https:\/\/hobby4geek.com\/#\/schema\/logo\/image\/\"},\"sameAs\":[\"https:\/\/www.facebook.com\/hobby4geek\",\"https:\/\/x.com\/hobby4geek\",\"https:\/\/www.instagram.com\/hobby4geek\/\"]}]}<\/script>\n<meta property=\"product:brand\" content=\"DNA Design\" \/>\n<meta property=\"product:price:amount\" content=\"46.80\" \/>\n<meta property=\"product:price:currency\" content=\"EUR\" \/>\n<meta property=\"og:availability\" content=\"out of stock\" \/>\n<meta property=\"product:availability\" content=\"out of stock\" \/>\n<meta property=\"product:condition\" content=\"new\" \/>\n<!-- \/ Yoast SEO Premium plugin. -->","yoast_head_json":{"title":"DNA Design - DK-22 Gear Master : Kit de mise \u00e0 niveau pour SS-58-63-68","robots":{"index":"index","follow":"follow","max-snippet":"max-snippet:-1","max-image-preview":"max-image-preview:large","max-video-preview":"max-video-preview:-1"},"canonical":"https:\/\/hobby4geek.com\/fr\/produit\/dna-design-dk-22-gear-master-upgrade-kit-for-ss-58-63-68\/","og_locale":"fr_FR","og_type":"article","og_title":"DNA Design \u2013 DK-22 Gear Master : Upgrade Kit for SS-58-63-68","og_description":"Chainsaw x1  Leash for Steeljaw (chain)  New weapons  Feet for Topspin  Pliers for Topspin  Leadfoot Hollow Leg Compensation","og_url":"https:\/\/hobby4geek.com\/fr\/produit\/dna-design-dk-22-gear-master-upgrade-kit-for-ss-58-63-68\/","og_site_name":"Hobby4Geek","article_publisher":"https:\/\/www.facebook.com\/hobby4geek","article_modified_time":"2024-05-12T12:28:08+00:00","og_image":[{"width":1920,"height":1428,"url":"https:\/\/hobby4geek.com\/wp-content\/uploads\/2021\/04\/dna-design-dk-22-gear-master-upgrade-kit-for-ss-58-63-68-1.webp","type":"image\/webp"}],"twitter_card":"summary_large_image","twitter_site":"@hobby4geek","schema":{"@context":"https:\/\/schema.org","@graph":[{"@type":"WebPage","@id":"https:\/\/hobby4geek.com\/product\/dna-design-dk-22-gear-master-upgrade-kit-for-ss-58-63-68\/","url":"https:\/\/hobby4geek.com\/product\/dna-design-dk-22-gear-master-upgrade-kit-for-ss-58-63-68\/","name":"DNA Design - DK-22 Gear Master : Kit de mise \u00e0 niveau pour SS-58-63-68","isPartOf":{"@id":"https:\/\/hobby4geek.com\/#website"},"primaryImageOfPage":{"@id":"https:\/\/hobby4geek.com\/product\/dna-design-dk-22-gear-master-upgrade-kit-for-ss-58-63-68\/#primaryimage"},"image":{"@id":"https:\/\/hobby4geek.com\/product\/dna-design-dk-22-gear-master-upgrade-kit-for-ss-58-63-68\/#primaryimage"},"thumbnailUrl":"https:\/\/hobby4geek.com\/wp-content\/uploads\/2021\/04\/dna-design-dk-22-gear-master-upgrade-kit-for-ss-58-63-68-1.webp","datePublished":"2021-04-11T18:43:06+00:00","dateModified":"2024-05-12T12:28:08+00:00","breadcrumb":{"@id":"https:\/\/hobby4geek.com\/product\/dna-design-dk-22-gear-master-upgrade-kit-for-ss-58-63-68\/#breadcrumb"},"inLanguage":"fr-FR","potentialAction":[{"@type":"ReadAction","target":["https:\/\/hobby4geek.com\/product\/dna-design-dk-22-gear-master-upgrade-kit-for-ss-58-63-68\/"]}]},{"@type":"ImageObject","inLanguage":"fr-FR","@id":"https:\/\/hobby4geek.com\/product\/dna-design-dk-22-gear-master-upgrade-kit-for-ss-58-63-68\/#primaryimage","url":"https:\/\/hobby4geek.com\/wp-content\/uploads\/2021\/04\/dna-design-dk-22-gear-master-upgrade-kit-for-ss-58-63-68-1.webp","contentUrl":"https:\/\/hobby4geek.com\/wp-content\/uploads\/2021\/04\/dna-design-dk-22-gear-master-upgrade-kit-for-ss-58-63-68-1.webp","width":1920,"height":1428},{"@type":"BreadcrumbList","@id":"https:\/\/hobby4geek.com\/product\/dna-design-dk-22-gear-master-upgrade-kit-for-ss-58-63-68\/#breadcrumb","itemListElement":[{"@type":"ListItem","position":1,"name":"Home","item":"https:\/\/hobby4geek.com\/"},{"@type":"ListItem","position":2,"name":"Shop","item":"https:\/\/hobby4geek.com\/shop\/"},{"@type":"ListItem","position":3,"name":"DNA Design \u2013 DK-22 Gear Master : Upgrade Kit for SS-58-63-68"}]},{"@type":"WebSite","@id":"https:\/\/hobby4geek.com\/#website","url":"https:\/\/hobby4geek.com\/","name":"Hobby4Geek","description":"Collectionnez, jouez et exposez, embrassez votre geekitude","publisher":{"@id":"https:\/\/hobby4geek.com\/#organization"},"potentialAction":[{"@type":"SearchAction","target":{"@type":"EntryPoint","urlTemplate":"https:\/\/hobby4geek.com\/?s={search_term_string}"},"query-input":{"@type":"PropertyValueSpecification","valueRequired":true,"valueName":"search_term_string"}}],"inLanguage":"fr-FR"},{"@type":"Organization","@id":"https:\/\/hobby4geek.com\/#organization","name":"Hobby4Geek","url":"https:\/\/hobby4geek.com\/","logo":{"@type":"ImageObject","inLanguage":"fr-FR","@id":"https:\/\/hobby4geek.com\/#\/schema\/logo\/image\/","url":"https:\/\/hobby4geek.com\/wp-content\/uploads\/2023\/02\/default-kit.png","contentUrl":"https:\/\/hobby4geek.com\/wp-content\/uploads\/2023\/02\/default-kit.png","width":600,"height":600,"caption":"Hobby4Geek"},"image":{"@id":"https:\/\/hobby4geek.com\/#\/schema\/logo\/image\/"},"sameAs":["https:\/\/www.facebook.com\/hobby4geek","https:\/\/x.com\/hobby4geek","https:\/\/www.instagram.com\/hobby4geek\/"]}]},"product_brand":"DNA Design","product_price_amount":"46.80","product_price_currency":"EUR","og_availability":"out of stock","product_availability":"out of stock","product_condition":"new"},"_links":{"self":[{"href":"https:\/\/hobby4geek.com\/fr\/wp-json\/wp\/v2\/product\/145601","targetHints":{"allow":["GET"]}}],"collection":[{"href":"https:\/\/hobby4geek.com\/fr\/wp-json\/wp\/v2\/product"}],"about":[{"href":"https:\/\/hobby4geek.com\/fr\/wp-json\/wp\/v2\/types\/product"}],"replies":[{"embeddable":true,"href":"https:\/\/hobby4geek.com\/fr\/wp-json\/wp\/v2\/comments?post=145601"}],"version-history":[{"count":0,"href":"https:\/\/hobby4geek.com\/fr\/wp-json\/wp\/v2\/product\/145601\/revisions"}],"wp:featuredmedia":[{"embeddable":true,"href":"https:\/\/hobby4geek.com\/fr\/wp-json\/wp\/v2\/media\/185385"}],"wp:attachment":[{"href":"https:\/\/hobby4geek.com\/fr\/wp-json\/wp\/v2\/media?parent=145601"}],"wp:term":[{"taxonomy":"product_brand","embeddable":true,"href":"https:\/\/hobby4geek.com\/fr\/wp-json\/wp\/v2\/product_brand?post=145601"},{"taxonomy":"product_cat","embeddable":true,"href":"https:\/\/hobby4geek.com\/fr\/wp-json\/wp\/v2\/product_cat?post=145601"},{"taxonomy":"product_tag","embeddable":true,"href":"https:\/\/hobby4geek.com\/fr\/wp-json\/wp\/v2\/product_tag?post=145601"},{"taxonomy":"giftcard-category","embeddable":true,"href":"https:\/\/hobby4geek.com\/fr\/wp-json\/wp\/v2\/giftcard-category?post=145601"}],"curies":[{"name":"wp","href":"https:\/\/api.w.org\/{rel}","templated":true}]}}