{"id":144165,"date":"2021-02-10T22:59:37","date_gmt":"2021-02-10T22:59:37","guid":{"rendered":"https:\/\/hobby4geek.com\/?post_type=product&#038;p=144165"},"modified":"2024-05-12T12:57:44","modified_gmt":"2024-05-12T11:57:44","slug":"kami-arts-transformers-megatron-statue","status":"publish","type":"product","link":"https:\/\/hobby4geek.com\/fr\/produit\/kami-arts-transformers-megatron-statue\/","title":{"rendered":"Kami-Arts - TRANSFORMERS : MEGATRON - Statue"},"content":{"rendered":"<p>D\u00e9couvrir Megatron, l'antagoniste de la licence Transformers<\/p>\n<p>Kami-Arts est fier de pr\u00e9senter cette statue spectaculaire de Megatron avec des d\u00e9tails incroyables. Il s'agit de notre premi\u00e8re r\u00e9alisation sous la licence mondiale Transformers.<br \/>\nTir\u00e9 de la sc\u00e8ne du d\u00e9sert du film Transformers 3 : Dark of the Moon, il est repr\u00e9sent\u00e9 ici dans une pose de mus\u00e9e, \u00e0 l'\u00e9chelle 1\/4 de la taille humaine. Pour plus de r\u00e9alisme et de personnalisation, la statue comprend un bras alternatif et une cape en tissu.<\/p>\n<h3>\u00c9DITION LIMIT\u00c9E \u00c0 800 EXEMPLAIRES<\/h3>\n<p><iframe title=\"MEGATRON de Kami-Arts\" width=\"800\" height=\"450\" src=\"https:\/\/www.youtube.com\/embed\/o7f3qNcAkQI?feature=oembed\" frameborder=\"0\" allow=\"accelerometer; autoplay; clipboard-write; encrypted-media; gyroscope; picture-in-picture; web-share\" referrerpolicy=\"strict-origin-when-cross-origin\" allowfullscreen><\/iframe><\/p>\n<p>Quelques mots sur le personnage<\/p>\n<p>Megatron est le grand m\u00e9chant de la licence Transformers. Il est le chef des Decepticons et l'ennemi jur\u00e9 de Optimus Prime.<br \/>\nIl est \u00e9galement le fondateur et le premier dirigeant de la plan\u00e8te des Decepticons, Cybertron. Plan\u00e8te dont il est \"l'empereur de la destruction\". Il est pass\u00e9 de mineur \u00e0 gladiateur, puis de militant \u00e0 chef de guerre, et enfin, tyran.<\/p>\n<ul>\n<li>Megatron statue du film Transformers 3<\/li>\n<li>LEDs : Yeux rouges<\/li>\n<li>Bras droit altern\u00e9<\/li>\n<li>Fusion amovible pour le fusil et le dos<\/li>\n<li>Insecticons \u00e0 poser sur toute la statue<\/li>\n<li>Manteau Manteau<\/li>\n<li>82 cm environ (de la base \u00e0 la cape)<\/li>\n<li>Licence officielle<\/li>\n<li>En r\u00e9sine<\/li>\n<li>Peinture ultra r\u00e9aliste et d\u00e9taill\u00e9e<\/li>\n<li>Base : Roche d\u00e9serte<\/li>\n<\/ul>","protected":false},"excerpt":{"rendered":"<ul>\n<li>Megatron statue du film Transformers 3<\/li>\n<li>LEDs : Yeux rouges<\/li>\n<li>Bras droit altern\u00e9<\/li>\n<li>Fusion amovible pour le fusil et le dos<\/li>\n<li>Insecticons \u00e0 poser sur toute la statue<\/li>\n<li>Manteau Manteau<\/li>\n<li>82 cm environ (de la base \u00e0 la cape)<\/li>\n<li>Licence officielle<\/li>\n<li>En r\u00e9sine<\/li>\n<li>Peinture ultra r\u00e9aliste et d\u00e9taill\u00e9e<\/li>\n<li>Base : Roche d\u00e9serte<\/li>\n<\/ul>","protected":false},"featured_media":181238,"comment_status":"open","ping_status":"closed","template":"","meta":{"inline_featured_image":false},"product_brand":[],"product_cat":[1955,68,136],"product_tag":[221,1252,1253,306,1936,1254,1255,1256,1935,1980,204,913,1257],"giftcard-category":[],"class_list":{"0":"post-144165","1":"product","2":"type-product","3":"status-publish","4":"has-post-thumbnail","6":"product_cat-transformers","7":"product_cat-hasbro","8":"product_cat-kami-arts","9":"product_tag-decepticon","10":"product_tag-insecticons","11":"product_tag-kami-arts","12":"product_tag-megatron","13":"product_tag-models-co","14":"product_tag-resine","15":"product_tag-scalpel","16":"product_tag-statue","17":"product_tag-statues","18":"product_tag-statues-co","19":"product_tag-transformers","20":"product_tag-transformers-dark-of-the-moon","21":"product_tag-1257","22":"product_shipping_class-from-china","23":"inventories-china-inventory","24":"inventories-france-inventory","26":"first","27":"instock","28":"taxable","29":"shipping-taxable","30":"purchasable","31":"product-type-simple","32":"add-to-wishlist-after_add_to_cart"},"yoast_head":"<!-- This site is optimized with the Yoast SEO Premium plugin v25.3.1 (Yoast SEO v27.2) - https:\/\/yoast.com\/product\/yoast-seo-premium-wordpress\/ -->\n<title>Kami-Arts - TRANSFORMERS : MEGATRON - Statue<\/title>\n<meta name=\"robots\" content=\"index, follow, max-snippet:-1, max-image-preview:large, max-video-preview:-1\" \/>\n<link rel=\"canonical\" href=\"https:\/\/hobby4geek.com\/fr\/produit\/kami-arts-transformers-megatron-statue\/\" \/>\n<meta property=\"og:locale\" content=\"fr_FR\" \/>\n<meta property=\"og:type\" content=\"article\" \/>\n<meta property=\"og:title\" content=\"Kami-Arts - TRANSFORMERS : MEGATRON - Statue\" \/>\n<meta property=\"og:description\" content=\"Megatron statue from the movie Transformers 3  LEDs: Red Eyes  Alternate right arm  Detachable fusion shotgun and back  Insecticons to put on the whole statue  Cloak Cloak  82 cm approximately (from the base to the cape)  Official license  Made of Resin  Ultra realistic and detailed painting  Base: Desert Rock\" \/>\n<meta property=\"og:url\" content=\"https:\/\/hobby4geek.com\/fr\/produit\/kami-arts-transformers-megatron-statue\/\" \/>\n<meta property=\"og:site_name\" content=\"Hobby4Geek\" \/>\n<meta property=\"article:publisher\" content=\"https:\/\/www.facebook.com\/hobby4geek\" \/>\n<meta property=\"article:modified_time\" content=\"2024-05-12T11:57:44+00:00\" \/>\n<meta property=\"og:image\" content=\"https:\/\/hobby4geek.com\/wp-content\/uploads\/2023\/02\/kami-arts-transformers-megatron-statue.jpg\" \/>\n\t<meta property=\"og:image:width\" content=\"1050\" \/>\n\t<meta property=\"og:image:height\" content=\"1050\" \/>\n\t<meta property=\"og:image:type\" content=\"image\/jpeg\" \/>\n<meta name=\"twitter:card\" content=\"summary_large_image\" \/>\n<meta name=\"twitter:site\" content=\"@hobby4geek\" \/>\n<script type=\"application\/ld+json\" class=\"yoast-schema-graph\">{\"@context\":\"https:\/\/schema.org\",\"@graph\":[{\"@type\":\"WebPage\",\"@id\":\"https:\/\/hobby4geek.com\/product\/kami-arts-transformers-megatron-statue\/\",\"url\":\"https:\/\/hobby4geek.com\/product\/kami-arts-transformers-megatron-statue\/\",\"name\":\"Kami-Arts - TRANSFORMERS : MEGATRON - Statue\",\"isPartOf\":{\"@id\":\"https:\/\/hobby4geek.com\/#website\"},\"primaryImageOfPage\":{\"@id\":\"https:\/\/hobby4geek.com\/product\/kami-arts-transformers-megatron-statue\/#primaryimage\"},\"image\":{\"@id\":\"https:\/\/hobby4geek.com\/product\/kami-arts-transformers-megatron-statue\/#primaryimage\"},\"thumbnailUrl\":\"https:\/\/hobby4geek.com\/wp-content\/uploads\/2023\/02\/kami-arts-transformers-megatron-statue.jpg\",\"datePublished\":\"2021-02-10T22:59:37+00:00\",\"dateModified\":\"2024-05-12T11:57:44+00:00\",\"breadcrumb\":{\"@id\":\"https:\/\/hobby4geek.com\/product\/kami-arts-transformers-megatron-statue\/#breadcrumb\"},\"inLanguage\":\"fr-FR\",\"potentialAction\":[{\"@type\":\"ReadAction\",\"target\":[\"https:\/\/hobby4geek.com\/product\/kami-arts-transformers-megatron-statue\/\"]}]},{\"@type\":\"ImageObject\",\"inLanguage\":\"fr-FR\",\"@id\":\"https:\/\/hobby4geek.com\/product\/kami-arts-transformers-megatron-statue\/#primaryimage\",\"url\":\"https:\/\/hobby4geek.com\/wp-content\/uploads\/2023\/02\/kami-arts-transformers-megatron-statue.jpg\",\"contentUrl\":\"https:\/\/hobby4geek.com\/wp-content\/uploads\/2023\/02\/kami-arts-transformers-megatron-statue.jpg\",\"width\":1050,\"height\":1050,\"caption\":\"Kami Arts Transformers Megatron Statue\"},{\"@type\":\"BreadcrumbList\",\"@id\":\"https:\/\/hobby4geek.com\/product\/kami-arts-transformers-megatron-statue\/#breadcrumb\",\"itemListElement\":[{\"@type\":\"ListItem\",\"position\":1,\"name\":\"Home\",\"item\":\"https:\/\/hobby4geek.com\/\"},{\"@type\":\"ListItem\",\"position\":2,\"name\":\"Shop\",\"item\":\"https:\/\/hobby4geek.com\/shop\/\"},{\"@type\":\"ListItem\",\"position\":3,\"name\":\"Kami-Arts &#8211; TRANSFORMERS : MEGATRON &#8211; Statue\"}]},{\"@type\":\"WebSite\",\"@id\":\"https:\/\/hobby4geek.com\/#website\",\"url\":\"https:\/\/hobby4geek.com\/\",\"name\":\"Hobby4Geek\",\"description\":\"Collect, Play &amp; Showcase, Embrace your Geekiness\",\"publisher\":{\"@id\":\"https:\/\/hobby4geek.com\/#organization\"},\"potentialAction\":[{\"@type\":\"SearchAction\",\"target\":{\"@type\":\"EntryPoint\",\"urlTemplate\":\"https:\/\/hobby4geek.com\/?s={search_term_string}\"},\"query-input\":{\"@type\":\"PropertyValueSpecification\",\"valueRequired\":true,\"valueName\":\"search_term_string\"}}],\"inLanguage\":\"fr-FR\"},{\"@type\":\"Organization\",\"@id\":\"https:\/\/hobby4geek.com\/#organization\",\"name\":\"Hobby4Geek\",\"url\":\"https:\/\/hobby4geek.com\/\",\"logo\":{\"@type\":\"ImageObject\",\"inLanguage\":\"fr-FR\",\"@id\":\"https:\/\/hobby4geek.com\/#\/schema\/logo\/image\/\",\"url\":\"https:\/\/hobby4geek.com\/wp-content\/uploads\/2023\/02\/default-kit.png\",\"contentUrl\":\"https:\/\/hobby4geek.com\/wp-content\/uploads\/2023\/02\/default-kit.png\",\"width\":600,\"height\":600,\"caption\":\"Hobby4Geek\"},\"image\":{\"@id\":\"https:\/\/hobby4geek.com\/#\/schema\/logo\/image\/\"},\"sameAs\":[\"https:\/\/www.facebook.com\/hobby4geek\",\"https:\/\/x.com\/hobby4geek\",\"https:\/\/www.instagram.com\/hobby4geek\/\"]}]}<\/script>\n<meta property=\"product:brand\" content=\"Transformers\" \/>\n<meta property=\"product:price:amount\" content=\"1986.00\" \/>\n<meta property=\"product:price:currency\" content=\"EUR\" \/>\n<meta property=\"og:availability\" content=\"instock\" \/>\n<meta property=\"product:availability\" content=\"instock\" \/>\n<meta property=\"product:condition\" content=\"new\" \/>\n<!-- \/ Yoast SEO Premium plugin. -->","yoast_head_json":{"title":"Kami-Arts - TRANSFORMERS : MEGATRON - Statue","robots":{"index":"index","follow":"follow","max-snippet":"max-snippet:-1","max-image-preview":"max-image-preview:large","max-video-preview":"max-video-preview:-1"},"canonical":"https:\/\/hobby4geek.com\/fr\/produit\/kami-arts-transformers-megatron-statue\/","og_locale":"fr_FR","og_type":"article","og_title":"Kami-Arts - TRANSFORMERS : MEGATRON - Statue","og_description":"Megatron statue from the movie Transformers 3  LEDs: Red Eyes  Alternate right arm  Detachable fusion shotgun and back  Insecticons to put on the whole statue  Cloak Cloak  82 cm approximately (from the base to the cape)  Official license  Made of Resin  Ultra realistic and detailed painting  Base: Desert Rock","og_url":"https:\/\/hobby4geek.com\/fr\/produit\/kami-arts-transformers-megatron-statue\/","og_site_name":"Hobby4Geek","article_publisher":"https:\/\/www.facebook.com\/hobby4geek","article_modified_time":"2024-05-12T11:57:44+00:00","og_image":[{"width":1050,"height":1050,"url":"https:\/\/hobby4geek.com\/wp-content\/uploads\/2023\/02\/kami-arts-transformers-megatron-statue.jpg","type":"image\/jpeg"}],"twitter_card":"summary_large_image","twitter_site":"@hobby4geek","schema":{"@context":"https:\/\/schema.org","@graph":[{"@type":"WebPage","@id":"https:\/\/hobby4geek.com\/product\/kami-arts-transformers-megatron-statue\/","url":"https:\/\/hobby4geek.com\/product\/kami-arts-transformers-megatron-statue\/","name":"Kami-Arts - TRANSFORMERS : MEGATRON - Statue","isPartOf":{"@id":"https:\/\/hobby4geek.com\/#website"},"primaryImageOfPage":{"@id":"https:\/\/hobby4geek.com\/product\/kami-arts-transformers-megatron-statue\/#primaryimage"},"image":{"@id":"https:\/\/hobby4geek.com\/product\/kami-arts-transformers-megatron-statue\/#primaryimage"},"thumbnailUrl":"https:\/\/hobby4geek.com\/wp-content\/uploads\/2023\/02\/kami-arts-transformers-megatron-statue.jpg","datePublished":"2021-02-10T22:59:37+00:00","dateModified":"2024-05-12T11:57:44+00:00","breadcrumb":{"@id":"https:\/\/hobby4geek.com\/product\/kami-arts-transformers-megatron-statue\/#breadcrumb"},"inLanguage":"fr-FR","potentialAction":[{"@type":"ReadAction","target":["https:\/\/hobby4geek.com\/product\/kami-arts-transformers-megatron-statue\/"]}]},{"@type":"ImageObject","inLanguage":"fr-FR","@id":"https:\/\/hobby4geek.com\/product\/kami-arts-transformers-megatron-statue\/#primaryimage","url":"https:\/\/hobby4geek.com\/wp-content\/uploads\/2023\/02\/kami-arts-transformers-megatron-statue.jpg","contentUrl":"https:\/\/hobby4geek.com\/wp-content\/uploads\/2023\/02\/kami-arts-transformers-megatron-statue.jpg","width":1050,"height":1050,"caption":"Kami Arts Transformers Megatron Statue"},{"@type":"BreadcrumbList","@id":"https:\/\/hobby4geek.com\/product\/kami-arts-transformers-megatron-statue\/#breadcrumb","itemListElement":[{"@type":"ListItem","position":1,"name":"Home","item":"https:\/\/hobby4geek.com\/"},{"@type":"ListItem","position":2,"name":"Shop","item":"https:\/\/hobby4geek.com\/shop\/"},{"@type":"ListItem","position":3,"name":"Kami-Arts &#8211; TRANSFORMERS : MEGATRON &#8211; Statue"}]},{"@type":"WebSite","@id":"https:\/\/hobby4geek.com\/#website","url":"https:\/\/hobby4geek.com\/","name":"Hobby4Geek","description":"Collectionnez, jouez et exposez, embrassez votre geekitude","publisher":{"@id":"https:\/\/hobby4geek.com\/#organization"},"potentialAction":[{"@type":"SearchAction","target":{"@type":"EntryPoint","urlTemplate":"https:\/\/hobby4geek.com\/?s={search_term_string}"},"query-input":{"@type":"PropertyValueSpecification","valueRequired":true,"valueName":"search_term_string"}}],"inLanguage":"fr-FR"},{"@type":"Organization","@id":"https:\/\/hobby4geek.com\/#organization","name":"Hobby4Geek","url":"https:\/\/hobby4geek.com\/","logo":{"@type":"ImageObject","inLanguage":"fr-FR","@id":"https:\/\/hobby4geek.com\/#\/schema\/logo\/image\/","url":"https:\/\/hobby4geek.com\/wp-content\/uploads\/2023\/02\/default-kit.png","contentUrl":"https:\/\/hobby4geek.com\/wp-content\/uploads\/2023\/02\/default-kit.png","width":600,"height":600,"caption":"Hobby4Geek"},"image":{"@id":"https:\/\/hobby4geek.com\/#\/schema\/logo\/image\/"},"sameAs":["https:\/\/www.facebook.com\/hobby4geek","https:\/\/x.com\/hobby4geek","https:\/\/www.instagram.com\/hobby4geek\/"]}]},"product_brand":"Transformers","product_price_amount":"1986.00","product_price_currency":"EUR","og_availability":"instock","product_availability":"instock","product_condition":"new"},"_links":{"self":[{"href":"https:\/\/hobby4geek.com\/fr\/wp-json\/wp\/v2\/product\/144165","targetHints":{"allow":["GET"]}}],"collection":[{"href":"https:\/\/hobby4geek.com\/fr\/wp-json\/wp\/v2\/product"}],"about":[{"href":"https:\/\/hobby4geek.com\/fr\/wp-json\/wp\/v2\/types\/product"}],"replies":[{"embeddable":true,"href":"https:\/\/hobby4geek.com\/fr\/wp-json\/wp\/v2\/comments?post=144165"}],"version-history":[{"count":0,"href":"https:\/\/hobby4geek.com\/fr\/wp-json\/wp\/v2\/product\/144165\/revisions"}],"wp:featuredmedia":[{"embeddable":true,"href":"https:\/\/hobby4geek.com\/fr\/wp-json\/wp\/v2\/media\/181238"}],"wp:attachment":[{"href":"https:\/\/hobby4geek.com\/fr\/wp-json\/wp\/v2\/media?parent=144165"}],"wp:term":[{"taxonomy":"product_brand","embeddable":true,"href":"https:\/\/hobby4geek.com\/fr\/wp-json\/wp\/v2\/product_brand?post=144165"},{"taxonomy":"product_cat","embeddable":true,"href":"https:\/\/hobby4geek.com\/fr\/wp-json\/wp\/v2\/product_cat?post=144165"},{"taxonomy":"product_tag","embeddable":true,"href":"https:\/\/hobby4geek.com\/fr\/wp-json\/wp\/v2\/product_tag?post=144165"},{"taxonomy":"giftcard-category","embeddable":true,"href":"https:\/\/hobby4geek.com\/fr\/wp-json\/wp\/v2\/giftcard-category?post=144165"}],"curies":[{"name":"wp","href":"https:\/\/api.w.org\/{rel}","templated":true}]}}