{"id":143714,"date":"2021-03-18T04:55:44","date_gmt":"2021-03-18T04:55:44","guid":{"rendered":"https:\/\/hobby4geek.com\/?post_type=product&#038;p=143714"},"modified":"2024-05-12T13:26:41","modified_gmt":"2024-05-12T12:26:41","slug":"transformers-x-back-to-the-futur-gigawatt-crossover-action-figure","status":"publish","type":"product","link":"https:\/\/hobby4geek.com\/fr\/produit\/transformers-x-back-to-the-futur-gigawatt-crossover-action-figure\/","title":{"rendered":"Transformers X Back to the Futur GIGAWATT Crossover Action Figure"},"content":{"rendered":"<p>Nom de Zeus !<\/p>\n<p>Deux mondes se rencontrent dans ce jouet Transformers Retour vers le futur !<\/p>\n<p>L'embl\u00e9matique machine \u00e0 voyager dans le temps du film Retour vers le futur de 1985 est devenue Gigawatt, un robot de Transformers !<\/p>\n<p>Lorsque Marty et Doc Brown ont besoin de voyager dans le temps, Gigawatt est pr\u00eat \u00e0 s'envoler !<\/p>\n<p>Cette figurine Gigawatt est inspir\u00e9e du film Retour vers le futur avec ses lunettes Doc Brown, son plastron de convecteur temporel et ses circuits temporels.<\/p>\n<p>En mode machine \u00e0 remonter le temps, les portes papillon s'ouvrent et les roues se r\u00e9tractent pour donner l'impression de voler, comme dans le film. Contient \u00e9galement un blaster et une antenne flexible.<\/p>\n<p>Se transforme de robot en machine \u00e0 voyager dans le temps en 17 \u00e9tapes.<\/p>\n<ul>\n<li>Chiffre en gigawatts<\/li>\n<li>14cm<\/li>\n<li>Conversion en 17 \u00e9tapes<\/li>\n<li>2 accessoires<\/li>\n<li>instructions<\/li>\n<\/ul>","protected":false},"excerpt":{"rendered":"<p><em>\u00a0<\/em><\/p>\n<ul>\n<li>Chiffre en gigawatts<\/li>\n<li>14cm<\/li>\n<li>Conversion en 17 \u00e9tapes<\/li>\n<li>2 accessoires<\/li>\n<li>instructions<\/li>\n<\/ul>","protected":false},"featured_media":181173,"comment_status":"open","ping_status":"closed","template":"","meta":{"inline_featured_image":false},"product_brand":[],"product_cat":[68,69,1955],"product_tag":[1759,1229,1230,1233,1189,1231,1232,1975,204],"giftcard-category":[],"class_list":{"0":"post-143714","1":"product","2":"type-product","3":"status-publish","4":"has-post-thumbnail","6":"product_cat-hasbro","7":"product_cat-takara-tomy","8":"product_cat-transformers","9":"product_tag-action-toys","10":"product_tag-back-in-time","11":"product_tag-back-to-the-futur","12":"product_tag-back-to-the-future","13":"product_tag-crossover","14":"product_tag-dolorean","15":"product_tag-gigawatt","16":"product_tag-toys-figures","17":"product_tag-transformers","18":"product_shipping_class-from-china","19":"inventories-china-inventory","21":"first","22":"outofstock","23":"taxable","24":"shipping-taxable","25":"purchasable","26":"product-type-simple","27":"add-to-wishlist-after_add_to_cart"},"yoast_head":"<!-- This site is optimized with the Yoast SEO Premium plugin v25.3.1 (Yoast SEO v27.4) - https:\/\/yoast.com\/product\/yoast-seo-premium-wordpress\/ -->\n<title>Transformers X Back to the Futur GIGAWATT Crossover Action Figure<\/title>\n<meta name=\"robots\" content=\"index, follow, max-snippet:-1, max-image-preview:large, max-video-preview:-1\" \/>\n<link rel=\"canonical\" href=\"https:\/\/hobby4geek.com\/fr\/produit\/transformers-x-back-to-the-futur-gigawatt-crossover-action-figure\/\" \/>\n<meta property=\"og:locale\" content=\"fr_FR\" \/>\n<meta property=\"og:type\" content=\"article\" \/>\n<meta property=\"og:title\" content=\"Transformers X Back to the Futur GIGAWATT Crossover Action Figure\" \/>\n<meta property=\"og:description\" content=\"\u00a0     Gigawatt Figure  14cm  Converts in 17 steps  2 accessories  instructions\" \/>\n<meta property=\"og:url\" content=\"https:\/\/hobby4geek.com\/fr\/produit\/transformers-x-back-to-the-futur-gigawatt-crossover-action-figure\/\" \/>\n<meta property=\"og:site_name\" content=\"Hobby4Geek\" \/>\n<meta property=\"article:publisher\" content=\"https:\/\/www.facebook.com\/hobby4geek\" \/>\n<meta property=\"article:modified_time\" content=\"2024-05-12T12:26:41+00:00\" \/>\n<meta property=\"og:image\" content=\"https:\/\/hobby4geek.com\/wp-content\/uploads\/2023\/02\/transformers-x-back-to-the-futur-gigawatt-crossover-action-figure.jpg\" \/>\n\t<meta property=\"og:image:width\" content=\"1500\" \/>\n\t<meta property=\"og:image:height\" content=\"1500\" \/>\n\t<meta property=\"og:image:type\" content=\"image\/jpeg\" \/>\n<meta name=\"twitter:card\" content=\"summary_large_image\" \/>\n<meta name=\"twitter:site\" content=\"@hobby4geek\" \/>\n<script type=\"application\/ld+json\" class=\"yoast-schema-graph\">{\"@context\":\"https:\\\/\\\/schema.org\",\"@graph\":[{\"@type\":\"WebPage\",\"@id\":\"https:\\\/\\\/hobby4geek.com\\\/product\\\/transformers-x-back-to-the-futur-gigawatt-crossover-action-figure\\\/\",\"url\":\"https:\\\/\\\/hobby4geek.com\\\/product\\\/transformers-x-back-to-the-futur-gigawatt-crossover-action-figure\\\/\",\"name\":\"Transformers X Back to the Futur GIGAWATT Crossover Action Figure\",\"isPartOf\":{\"@id\":\"https:\\\/\\\/hobby4geek.com\\\/#website\"},\"primaryImageOfPage\":{\"@id\":\"https:\\\/\\\/hobby4geek.com\\\/product\\\/transformers-x-back-to-the-futur-gigawatt-crossover-action-figure\\\/#primaryimage\"},\"image\":{\"@id\":\"https:\\\/\\\/hobby4geek.com\\\/product\\\/transformers-x-back-to-the-futur-gigawatt-crossover-action-figure\\\/#primaryimage\"},\"thumbnailUrl\":\"https:\\\/\\\/hobby4geek.com\\\/wp-content\\\/uploads\\\/2023\\\/02\\\/transformers-x-back-to-the-futur-gigawatt-crossover-action-figure.jpg\",\"datePublished\":\"2021-03-18T04:55:44+00:00\",\"dateModified\":\"2024-05-12T12:26:41+00:00\",\"breadcrumb\":{\"@id\":\"https:\\\/\\\/hobby4geek.com\\\/product\\\/transformers-x-back-to-the-futur-gigawatt-crossover-action-figure\\\/#breadcrumb\"},\"inLanguage\":\"fr-FR\",\"potentialAction\":[{\"@type\":\"ReadAction\",\"target\":[\"https:\\\/\\\/hobby4geek.com\\\/product\\\/transformers-x-back-to-the-futur-gigawatt-crossover-action-figure\\\/\"]}]},{\"@type\":\"ImageObject\",\"inLanguage\":\"fr-FR\",\"@id\":\"https:\\\/\\\/hobby4geek.com\\\/product\\\/transformers-x-back-to-the-futur-gigawatt-crossover-action-figure\\\/#primaryimage\",\"url\":\"https:\\\/\\\/hobby4geek.com\\\/wp-content\\\/uploads\\\/2023\\\/02\\\/transformers-x-back-to-the-futur-gigawatt-crossover-action-figure.jpg\",\"contentUrl\":\"https:\\\/\\\/hobby4geek.com\\\/wp-content\\\/uploads\\\/2023\\\/02\\\/transformers-x-back-to-the-futur-gigawatt-crossover-action-figure.jpg\",\"width\":1500,\"height\":1500,\"caption\":\"Transformers X Back To The Futur Gigawatt Crossover Action Figure\"},{\"@type\":\"BreadcrumbList\",\"@id\":\"https:\\\/\\\/hobby4geek.com\\\/product\\\/transformers-x-back-to-the-futur-gigawatt-crossover-action-figure\\\/#breadcrumb\",\"itemListElement\":[{\"@type\":\"ListItem\",\"position\":1,\"name\":\"Home\",\"item\":\"https:\\\/\\\/hobby4geek.com\\\/\"},{\"@type\":\"ListItem\",\"position\":2,\"name\":\"Shop\",\"item\":\"https:\\\/\\\/hobby4geek.com\\\/shop\\\/\"},{\"@type\":\"ListItem\",\"position\":3,\"name\":\"Transformers X Back to the Futur GIGAWATT Crossover Action Figure\"}]},{\"@type\":\"WebSite\",\"@id\":\"https:\\\/\\\/hobby4geek.com\\\/#website\",\"url\":\"https:\\\/\\\/hobby4geek.com\\\/\",\"name\":\"Hobby4Geek\",\"description\":\"Collect, Play &amp; Showcase, Embrace your Geekiness\",\"publisher\":{\"@id\":\"https:\\\/\\\/hobby4geek.com\\\/#organization\"},\"potentialAction\":[{\"@type\":\"SearchAction\",\"target\":{\"@type\":\"EntryPoint\",\"urlTemplate\":\"https:\\\/\\\/hobby4geek.com\\\/?s={search_term_string}\"},\"query-input\":{\"@type\":\"PropertyValueSpecification\",\"valueRequired\":true,\"valueName\":\"search_term_string\"}}],\"inLanguage\":\"fr-FR\"},{\"@type\":\"Organization\",\"@id\":\"https:\\\/\\\/hobby4geek.com\\\/#organization\",\"name\":\"Hobby4Geek\",\"url\":\"https:\\\/\\\/hobby4geek.com\\\/\",\"logo\":{\"@type\":\"ImageObject\",\"inLanguage\":\"fr-FR\",\"@id\":\"https:\\\/\\\/hobby4geek.com\\\/#\\\/schema\\\/logo\\\/image\\\/\",\"url\":\"https:\\\/\\\/hobby4geek.com\\\/wp-content\\\/uploads\\\/2023\\\/02\\\/default-kit.png\",\"contentUrl\":\"https:\\\/\\\/hobby4geek.com\\\/wp-content\\\/uploads\\\/2023\\\/02\\\/default-kit.png\",\"width\":600,\"height\":600,\"caption\":\"Hobby4Geek\"},\"image\":{\"@id\":\"https:\\\/\\\/hobby4geek.com\\\/#\\\/schema\\\/logo\\\/image\\\/\"},\"sameAs\":[\"https:\\\/\\\/www.facebook.com\\\/hobby4geek\",\"https:\\\/\\\/x.com\\\/hobby4geek\",\"https:\\\/\\\/www.instagram.com\\\/hobby4geek\\\/\"]}]}<\/script>\n<meta property=\"product:brand\" content=\"Hasbro\" \/>\n<meta property=\"product:price:amount\" content=\"64.00\" \/>\n<meta property=\"product:price:currency\" content=\"EUR\" \/>\n<meta property=\"og:availability\" content=\"out of stock\" \/>\n<meta property=\"product:availability\" content=\"out of stock\" \/>\n<meta property=\"product:condition\" content=\"new\" \/>\n<!-- \/ Yoast SEO Premium plugin. -->","yoast_head_json":{"title":"Transformers X Back to the Futur GIGAWATT Crossover Action Figure","robots":{"index":"index","follow":"follow","max-snippet":"max-snippet:-1","max-image-preview":"max-image-preview:large","max-video-preview":"max-video-preview:-1"},"canonical":"https:\/\/hobby4geek.com\/fr\/produit\/transformers-x-back-to-the-futur-gigawatt-crossover-action-figure\/","og_locale":"fr_FR","og_type":"article","og_title":"Transformers X Back to the Futur GIGAWATT Crossover Action Figure","og_description":"\u00a0     Gigawatt Figure  14cm  Converts in 17 steps  2 accessories  instructions","og_url":"https:\/\/hobby4geek.com\/fr\/produit\/transformers-x-back-to-the-futur-gigawatt-crossover-action-figure\/","og_site_name":"Hobby4Geek","article_publisher":"https:\/\/www.facebook.com\/hobby4geek","article_modified_time":"2024-05-12T12:26:41+00:00","og_image":[{"width":1500,"height":1500,"url":"https:\/\/hobby4geek.com\/wp-content\/uploads\/2023\/02\/transformers-x-back-to-the-futur-gigawatt-crossover-action-figure.jpg","type":"image\/jpeg"}],"twitter_card":"summary_large_image","twitter_site":"@hobby4geek","schema":{"@context":"https:\/\/schema.org","@graph":[{"@type":"WebPage","@id":"https:\/\/hobby4geek.com\/product\/transformers-x-back-to-the-futur-gigawatt-crossover-action-figure\/","url":"https:\/\/hobby4geek.com\/product\/transformers-x-back-to-the-futur-gigawatt-crossover-action-figure\/","name":"Transformers X Back to the Futur GIGAWATT Crossover Action Figure","isPartOf":{"@id":"https:\/\/hobby4geek.com\/#website"},"primaryImageOfPage":{"@id":"https:\/\/hobby4geek.com\/product\/transformers-x-back-to-the-futur-gigawatt-crossover-action-figure\/#primaryimage"},"image":{"@id":"https:\/\/hobby4geek.com\/product\/transformers-x-back-to-the-futur-gigawatt-crossover-action-figure\/#primaryimage"},"thumbnailUrl":"https:\/\/hobby4geek.com\/wp-content\/uploads\/2023\/02\/transformers-x-back-to-the-futur-gigawatt-crossover-action-figure.jpg","datePublished":"2021-03-18T04:55:44+00:00","dateModified":"2024-05-12T12:26:41+00:00","breadcrumb":{"@id":"https:\/\/hobby4geek.com\/product\/transformers-x-back-to-the-futur-gigawatt-crossover-action-figure\/#breadcrumb"},"inLanguage":"fr-FR","potentialAction":[{"@type":"ReadAction","target":["https:\/\/hobby4geek.com\/product\/transformers-x-back-to-the-futur-gigawatt-crossover-action-figure\/"]}]},{"@type":"ImageObject","inLanguage":"fr-FR","@id":"https:\/\/hobby4geek.com\/product\/transformers-x-back-to-the-futur-gigawatt-crossover-action-figure\/#primaryimage","url":"https:\/\/hobby4geek.com\/wp-content\/uploads\/2023\/02\/transformers-x-back-to-the-futur-gigawatt-crossover-action-figure.jpg","contentUrl":"https:\/\/hobby4geek.com\/wp-content\/uploads\/2023\/02\/transformers-x-back-to-the-futur-gigawatt-crossover-action-figure.jpg","width":1500,"height":1500,"caption":"Transformers X Back To The Futur Gigawatt Crossover Action Figure"},{"@type":"BreadcrumbList","@id":"https:\/\/hobby4geek.com\/product\/transformers-x-back-to-the-futur-gigawatt-crossover-action-figure\/#breadcrumb","itemListElement":[{"@type":"ListItem","position":1,"name":"Home","item":"https:\/\/hobby4geek.com\/"},{"@type":"ListItem","position":2,"name":"Shop","item":"https:\/\/hobby4geek.com\/shop\/"},{"@type":"ListItem","position":3,"name":"Transformers X Back to the Futur GIGAWATT Crossover Action Figure"}]},{"@type":"WebSite","@id":"https:\/\/hobby4geek.com\/#website","url":"https:\/\/hobby4geek.com\/","name":"Hobby4Geek","description":"Collectionnez, jouez et exposez, embrassez votre geekitude","publisher":{"@id":"https:\/\/hobby4geek.com\/#organization"},"potentialAction":[{"@type":"SearchAction","target":{"@type":"EntryPoint","urlTemplate":"https:\/\/hobby4geek.com\/?s={search_term_string}"},"query-input":{"@type":"PropertyValueSpecification","valueRequired":true,"valueName":"search_term_string"}}],"inLanguage":"fr-FR"},{"@type":"Organization","@id":"https:\/\/hobby4geek.com\/#organization","name":"Hobby4Geek","url":"https:\/\/hobby4geek.com\/","logo":{"@type":"ImageObject","inLanguage":"fr-FR","@id":"https:\/\/hobby4geek.com\/#\/schema\/logo\/image\/","url":"https:\/\/hobby4geek.com\/wp-content\/uploads\/2023\/02\/default-kit.png","contentUrl":"https:\/\/hobby4geek.com\/wp-content\/uploads\/2023\/02\/default-kit.png","width":600,"height":600,"caption":"Hobby4Geek"},"image":{"@id":"https:\/\/hobby4geek.com\/#\/schema\/logo\/image\/"},"sameAs":["https:\/\/www.facebook.com\/hobby4geek","https:\/\/x.com\/hobby4geek","https:\/\/www.instagram.com\/hobby4geek\/"]}]},"product_brand":"Hasbro","product_price_amount":"64.00","product_price_currency":"EUR","og_availability":"out of stock","product_availability":"out of stock","product_condition":"new"},"_links":{"self":[{"href":"https:\/\/hobby4geek.com\/fr\/wp-json\/wp\/v2\/product\/143714","targetHints":{"allow":["GET"]}}],"collection":[{"href":"https:\/\/hobby4geek.com\/fr\/wp-json\/wp\/v2\/product"}],"about":[{"href":"https:\/\/hobby4geek.com\/fr\/wp-json\/wp\/v2\/types\/product"}],"replies":[{"embeddable":true,"href":"https:\/\/hobby4geek.com\/fr\/wp-json\/wp\/v2\/comments?post=143714"}],"version-history":[{"count":0,"href":"https:\/\/hobby4geek.com\/fr\/wp-json\/wp\/v2\/product\/143714\/revisions"}],"wp:featuredmedia":[{"embeddable":true,"href":"https:\/\/hobby4geek.com\/fr\/wp-json\/wp\/v2\/media\/181173"}],"wp:attachment":[{"href":"https:\/\/hobby4geek.com\/fr\/wp-json\/wp\/v2\/media?parent=143714"}],"wp:term":[{"taxonomy":"product_brand","embeddable":true,"href":"https:\/\/hobby4geek.com\/fr\/wp-json\/wp\/v2\/product_brand?post=143714"},{"taxonomy":"product_cat","embeddable":true,"href":"https:\/\/hobby4geek.com\/fr\/wp-json\/wp\/v2\/product_cat?post=143714"},{"taxonomy":"product_tag","embeddable":true,"href":"https:\/\/hobby4geek.com\/fr\/wp-json\/wp\/v2\/product_tag?post=143714"},{"taxonomy":"giftcard-category","embeddable":true,"href":"https:\/\/hobby4geek.com\/fr\/wp-json\/wp\/v2\/giftcard-category?post=143714"}],"curies":[{"name":"wp","href":"https:\/\/api.w.org\/{rel}","templated":true}]}}