{"id":142390,"date":"2021-03-01T01:40:12","date_gmt":"2021-03-01T00:40:12","guid":{"rendered":"https:\/\/hobby4geek.com\/?post_type=product&#038;p=142390"},"modified":"2024-05-12T13:26:03","modified_gmt":"2024-05-12T12:26:03","slug":"tfc-toys-s-t-commander-stc-01nb-nuclear-blast-ver","status":"publish","type":"product","link":"https:\/\/hobby4geek.com\/fr\/produit\/tfc-toys-s-t-commander-stc-01nb-nuclear-blast-ver\/","title":{"rendered":"TFC Toys - S.T.Commander STC-01NB Nuclear Blast Ver."},"content":{"rendered":"<p>Le S.T.Commander STC-01NB Nuclear Blast Ver. de TFC Toys mesure environ 24 cm dans un robot assembl\u00e9 et se transforme en v\u00e9hicule de transport d'armes. La figurine S.T.Commander est tr\u00e8s facile \u00e0 poser et comporte de vrais pneus en caoutchouc et des pi\u00e8ces d'armure assorties.<\/p>\n<ul>\n<li>9.44 pouces (24cm)<\/li>\n<li>En plastique<\/li>\n<li>Chiffre de transformation des tiers<\/li>\n<li>Tr\u00e8s articul\u00e9<\/li>\n<li>Comprend de vrais pneus en caoutchouc<\/li>\n<li>Pi\u00e8ces pour la cr\u00e9ation d'une rampe de lancement de missiles<\/li>\n<li>Peut \u00eatre combin\u00e9 avec STC-01A et B pour cr\u00e9er une station de combat (chacun vendu s\u00e9par\u00e9ment)<\/li>\n<li>fusil blaster<\/li>\n<li>grande fus\u00e9e<\/li>\n<li>2 petites fus\u00e9es<\/li>\n<li>4 missiles<\/li>\n<li>18 pi\u00e8ces d'armure<\/li>\n<\/ul>","protected":false},"excerpt":{"rendered":"<ul>\n<li>9.44 pouces (24cm)<\/li>\n<li>En plastique<\/li>\n<li>Chiffre de transformation des tiers<\/li>\n<li>Tr\u00e8s articul\u00e9<\/li>\n<li>Comprend de vrais pneus en caoutchouc<\/li>\n<li>Pi\u00e8ces pour la cr\u00e9ation d'une rampe de lancement de missiles<\/li>\n<li>Peut \u00eatre combin\u00e9 avec STC-01A et B pour cr\u00e9er une station de combat (chacun vendu s\u00e9par\u00e9ment)<\/li>\n<li>fusil blaster<\/li>\n<li>grande fus\u00e9e<\/li>\n<li>2 petites fus\u00e9es<\/li>\n<li>4 missiles<\/li>\n<li>18 pi\u00e8ces d'armure<\/li>\n<\/ul>","protected":false},"featured_media":180926,"comment_status":"open","ping_status":"closed","template":"","meta":{"inline_featured_image":false},"product_brand":[],"product_cat":[132],"product_tag":[1759,1176,234,1177,1178,1150,1975],"giftcard-category":[],"class_list":{"0":"post-142390","1":"product","2":"type-product","3":"status-publish","4":"has-post-thumbnail","6":"product_cat-tfc-toys","7":"product_tag-action-toys","8":"product_tag-nuclear-blast-ver","9":"product_tag-optimus-prime","10":"product_tag-s-t-commander","11":"product_tag-stc-01nb","12":"product_tag-tfc-toys","13":"product_tag-toys-figures","14":"product_shipping_class-from-china","15":"inventories-china-inventory","17":"first","18":"instock","19":"taxable","20":"shipping-taxable","21":"purchasable","22":"product-type-simple","23":"add-to-wishlist-after_add_to_cart"},"yoast_head":"<!-- This site is optimized with the Yoast SEO Premium plugin v25.3.1 (Yoast SEO v27.2) - https:\/\/yoast.com\/product\/yoast-seo-premium-wordpress\/ -->\n<title>TFC Toys - S.T.Commander STC-01NB Nuclear Blast Ver.<\/title>\n<meta name=\"robots\" content=\"index, follow, max-snippet:-1, max-image-preview:large, max-video-preview:-1\" \/>\n<link rel=\"canonical\" href=\"https:\/\/hobby4geek.com\/fr\/produit\/tfc-toys-s-t-commander-stc-01nb-nuclear-blast-ver\/\" \/>\n<meta property=\"og:locale\" content=\"fr_FR\" \/>\n<meta property=\"og:type\" content=\"article\" \/>\n<meta property=\"og:title\" content=\"TFC Toys - S.T.Commander STC-01NB Nuclear Blast Ver.\" \/>\n<meta property=\"og:description\" content=\"9.44 inches (24cm)  In plastic  Third-party transformation figure  Highly articulated  Includes real rubber tires  Parts to create a missile launch pad  Can be combined with STC-01A and B to create a battle station (each sold separately)  blaster rifle  big rocket  2 small rockets  4 missiles  18 pieces of armor\" \/>\n<meta property=\"og:url\" content=\"https:\/\/hobby4geek.com\/fr\/produit\/tfc-toys-s-t-commander-stc-01nb-nuclear-blast-ver\/\" \/>\n<meta property=\"og:site_name\" content=\"Hobby4Geek\" \/>\n<meta property=\"article:publisher\" content=\"https:\/\/www.facebook.com\/hobby4geek\" \/>\n<meta property=\"article:modified_time\" content=\"2024-05-12T12:26:03+00:00\" \/>\n<meta property=\"og:image\" content=\"https:\/\/hobby4geek.com\/wp-content\/uploads\/2023\/02\/tfc-toys-stcommander-stc-01nb-nuclear-blast-ver.jpg\" \/>\n\t<meta property=\"og:image:width\" content=\"720\" \/>\n\t<meta property=\"og:image:height\" content=\"540\" \/>\n\t<meta property=\"og:image:type\" content=\"image\/jpeg\" \/>\n<meta name=\"twitter:card\" content=\"summary_large_image\" \/>\n<meta name=\"twitter:site\" content=\"@hobby4geek\" \/>\n<script type=\"application\/ld+json\" class=\"yoast-schema-graph\">{\"@context\":\"https:\/\/schema.org\",\"@graph\":[{\"@type\":\"WebPage\",\"@id\":\"https:\/\/hobby4geek.com\/product\/tfc-toys-s-t-commander-stc-01nb-nuclear-blast-ver\/\",\"url\":\"https:\/\/hobby4geek.com\/product\/tfc-toys-s-t-commander-stc-01nb-nuclear-blast-ver\/\",\"name\":\"TFC Toys - S.T.Commander STC-01NB Nuclear Blast Ver.\",\"isPartOf\":{\"@id\":\"https:\/\/hobby4geek.com\/#website\"},\"primaryImageOfPage\":{\"@id\":\"https:\/\/hobby4geek.com\/product\/tfc-toys-s-t-commander-stc-01nb-nuclear-blast-ver\/#primaryimage\"},\"image\":{\"@id\":\"https:\/\/hobby4geek.com\/product\/tfc-toys-s-t-commander-stc-01nb-nuclear-blast-ver\/#primaryimage\"},\"thumbnailUrl\":\"https:\/\/hobby4geek.com\/wp-content\/uploads\/2023\/02\/tfc-toys-stcommander-stc-01nb-nuclear-blast-ver.jpg\",\"datePublished\":\"2021-03-01T00:40:12+00:00\",\"dateModified\":\"2024-05-12T12:26:03+00:00\",\"breadcrumb\":{\"@id\":\"https:\/\/hobby4geek.com\/product\/tfc-toys-s-t-commander-stc-01nb-nuclear-blast-ver\/#breadcrumb\"},\"inLanguage\":\"fr-FR\",\"potentialAction\":[{\"@type\":\"ReadAction\",\"target\":[\"https:\/\/hobby4geek.com\/product\/tfc-toys-s-t-commander-stc-01nb-nuclear-blast-ver\/\"]}]},{\"@type\":\"ImageObject\",\"inLanguage\":\"fr-FR\",\"@id\":\"https:\/\/hobby4geek.com\/product\/tfc-toys-s-t-commander-stc-01nb-nuclear-blast-ver\/#primaryimage\",\"url\":\"https:\/\/hobby4geek.com\/wp-content\/uploads\/2023\/02\/tfc-toys-stcommander-stc-01nb-nuclear-blast-ver.jpg\",\"contentUrl\":\"https:\/\/hobby4geek.com\/wp-content\/uploads\/2023\/02\/tfc-toys-stcommander-stc-01nb-nuclear-blast-ver.jpg\",\"width\":720,\"height\":540,\"caption\":\"Tfc Toys Stcommander Stc 01nb Nuclear Blast Ver\"},{\"@type\":\"BreadcrumbList\",\"@id\":\"https:\/\/hobby4geek.com\/product\/tfc-toys-s-t-commander-stc-01nb-nuclear-blast-ver\/#breadcrumb\",\"itemListElement\":[{\"@type\":\"ListItem\",\"position\":1,\"name\":\"Home\",\"item\":\"https:\/\/hobby4geek.com\/\"},{\"@type\":\"ListItem\",\"position\":2,\"name\":\"Shop\",\"item\":\"https:\/\/hobby4geek.com\/shop\/\"},{\"@type\":\"ListItem\",\"position\":3,\"name\":\"TFC Toys &#8211; S.T.Commander STC-01NB Nuclear Blast Ver.\"}]},{\"@type\":\"WebSite\",\"@id\":\"https:\/\/hobby4geek.com\/#website\",\"url\":\"https:\/\/hobby4geek.com\/\",\"name\":\"Hobby4Geek\",\"description\":\"Collect, Play &amp; Showcase, Embrace your Geekiness\",\"publisher\":{\"@id\":\"https:\/\/hobby4geek.com\/#organization\"},\"potentialAction\":[{\"@type\":\"SearchAction\",\"target\":{\"@type\":\"EntryPoint\",\"urlTemplate\":\"https:\/\/hobby4geek.com\/?s={search_term_string}\"},\"query-input\":{\"@type\":\"PropertyValueSpecification\",\"valueRequired\":true,\"valueName\":\"search_term_string\"}}],\"inLanguage\":\"fr-FR\"},{\"@type\":\"Organization\",\"@id\":\"https:\/\/hobby4geek.com\/#organization\",\"name\":\"Hobby4Geek\",\"url\":\"https:\/\/hobby4geek.com\/\",\"logo\":{\"@type\":\"ImageObject\",\"inLanguage\":\"fr-FR\",\"@id\":\"https:\/\/hobby4geek.com\/#\/schema\/logo\/image\/\",\"url\":\"https:\/\/hobby4geek.com\/wp-content\/uploads\/2023\/02\/default-kit.png\",\"contentUrl\":\"https:\/\/hobby4geek.com\/wp-content\/uploads\/2023\/02\/default-kit.png\",\"width\":600,\"height\":600,\"caption\":\"Hobby4Geek\"},\"image\":{\"@id\":\"https:\/\/hobby4geek.com\/#\/schema\/logo\/image\/\"},\"sameAs\":[\"https:\/\/www.facebook.com\/hobby4geek\",\"https:\/\/x.com\/hobby4geek\",\"https:\/\/www.instagram.com\/hobby4geek\/\"]}]}<\/script>\n<meta property=\"product:brand\" content=\"TFC Toys\" \/>\n<meta property=\"product:price:amount\" content=\"331.52\" \/>\n<meta property=\"product:price:currency\" content=\"EUR\" \/>\n<meta property=\"og:availability\" content=\"instock\" \/>\n<meta property=\"product:availability\" content=\"instock\" \/>\n<meta property=\"product:condition\" content=\"new\" \/>\n<!-- \/ Yoast SEO Premium plugin. -->","yoast_head_json":{"title":"TFC Toys - S.T.Commander STC-01NB Nuclear Blast Ver.","robots":{"index":"index","follow":"follow","max-snippet":"max-snippet:-1","max-image-preview":"max-image-preview:large","max-video-preview":"max-video-preview:-1"},"canonical":"https:\/\/hobby4geek.com\/fr\/produit\/tfc-toys-s-t-commander-stc-01nb-nuclear-blast-ver\/","og_locale":"fr_FR","og_type":"article","og_title":"TFC Toys - S.T.Commander STC-01NB Nuclear Blast Ver.","og_description":"9.44 inches (24cm)  In plastic  Third-party transformation figure  Highly articulated  Includes real rubber tires  Parts to create a missile launch pad  Can be combined with STC-01A and B to create a battle station (each sold separately)  blaster rifle  big rocket  2 small rockets  4 missiles  18 pieces of armor","og_url":"https:\/\/hobby4geek.com\/fr\/produit\/tfc-toys-s-t-commander-stc-01nb-nuclear-blast-ver\/","og_site_name":"Hobby4Geek","article_publisher":"https:\/\/www.facebook.com\/hobby4geek","article_modified_time":"2024-05-12T12:26:03+00:00","og_image":[{"width":720,"height":540,"url":"https:\/\/hobby4geek.com\/wp-content\/uploads\/2023\/02\/tfc-toys-stcommander-stc-01nb-nuclear-blast-ver.jpg","type":"image\/jpeg"}],"twitter_card":"summary_large_image","twitter_site":"@hobby4geek","schema":{"@context":"https:\/\/schema.org","@graph":[{"@type":"WebPage","@id":"https:\/\/hobby4geek.com\/product\/tfc-toys-s-t-commander-stc-01nb-nuclear-blast-ver\/","url":"https:\/\/hobby4geek.com\/product\/tfc-toys-s-t-commander-stc-01nb-nuclear-blast-ver\/","name":"TFC Toys - S.T.Commander STC-01NB Nuclear Blast Ver.","isPartOf":{"@id":"https:\/\/hobby4geek.com\/#website"},"primaryImageOfPage":{"@id":"https:\/\/hobby4geek.com\/product\/tfc-toys-s-t-commander-stc-01nb-nuclear-blast-ver\/#primaryimage"},"image":{"@id":"https:\/\/hobby4geek.com\/product\/tfc-toys-s-t-commander-stc-01nb-nuclear-blast-ver\/#primaryimage"},"thumbnailUrl":"https:\/\/hobby4geek.com\/wp-content\/uploads\/2023\/02\/tfc-toys-stcommander-stc-01nb-nuclear-blast-ver.jpg","datePublished":"2021-03-01T00:40:12+00:00","dateModified":"2024-05-12T12:26:03+00:00","breadcrumb":{"@id":"https:\/\/hobby4geek.com\/product\/tfc-toys-s-t-commander-stc-01nb-nuclear-blast-ver\/#breadcrumb"},"inLanguage":"fr-FR","potentialAction":[{"@type":"ReadAction","target":["https:\/\/hobby4geek.com\/product\/tfc-toys-s-t-commander-stc-01nb-nuclear-blast-ver\/"]}]},{"@type":"ImageObject","inLanguage":"fr-FR","@id":"https:\/\/hobby4geek.com\/product\/tfc-toys-s-t-commander-stc-01nb-nuclear-blast-ver\/#primaryimage","url":"https:\/\/hobby4geek.com\/wp-content\/uploads\/2023\/02\/tfc-toys-stcommander-stc-01nb-nuclear-blast-ver.jpg","contentUrl":"https:\/\/hobby4geek.com\/wp-content\/uploads\/2023\/02\/tfc-toys-stcommander-stc-01nb-nuclear-blast-ver.jpg","width":720,"height":540,"caption":"Tfc Toys Stcommander Stc 01nb Nuclear Blast Ver"},{"@type":"BreadcrumbList","@id":"https:\/\/hobby4geek.com\/product\/tfc-toys-s-t-commander-stc-01nb-nuclear-blast-ver\/#breadcrumb","itemListElement":[{"@type":"ListItem","position":1,"name":"Home","item":"https:\/\/hobby4geek.com\/"},{"@type":"ListItem","position":2,"name":"Shop","item":"https:\/\/hobby4geek.com\/shop\/"},{"@type":"ListItem","position":3,"name":"TFC Toys &#8211; S.T.Commander STC-01NB Nuclear Blast Ver."}]},{"@type":"WebSite","@id":"https:\/\/hobby4geek.com\/#website","url":"https:\/\/hobby4geek.com\/","name":"Hobby4Geek","description":"Collectionnez, jouez et exposez, embrassez votre geekitude","publisher":{"@id":"https:\/\/hobby4geek.com\/#organization"},"potentialAction":[{"@type":"SearchAction","target":{"@type":"EntryPoint","urlTemplate":"https:\/\/hobby4geek.com\/?s={search_term_string}"},"query-input":{"@type":"PropertyValueSpecification","valueRequired":true,"valueName":"search_term_string"}}],"inLanguage":"fr-FR"},{"@type":"Organization","@id":"https:\/\/hobby4geek.com\/#organization","name":"Hobby4Geek","url":"https:\/\/hobby4geek.com\/","logo":{"@type":"ImageObject","inLanguage":"fr-FR","@id":"https:\/\/hobby4geek.com\/#\/schema\/logo\/image\/","url":"https:\/\/hobby4geek.com\/wp-content\/uploads\/2023\/02\/default-kit.png","contentUrl":"https:\/\/hobby4geek.com\/wp-content\/uploads\/2023\/02\/default-kit.png","width":600,"height":600,"caption":"Hobby4Geek"},"image":{"@id":"https:\/\/hobby4geek.com\/#\/schema\/logo\/image\/"},"sameAs":["https:\/\/www.facebook.com\/hobby4geek","https:\/\/x.com\/hobby4geek","https:\/\/www.instagram.com\/hobby4geek\/"]}]},"product_brand":"TFC Toys","product_price_amount":"331.52","product_price_currency":"EUR","og_availability":"instock","product_availability":"instock","product_condition":"new"},"_links":{"self":[{"href":"https:\/\/hobby4geek.com\/fr\/wp-json\/wp\/v2\/product\/142390","targetHints":{"allow":["GET"]}}],"collection":[{"href":"https:\/\/hobby4geek.com\/fr\/wp-json\/wp\/v2\/product"}],"about":[{"href":"https:\/\/hobby4geek.com\/fr\/wp-json\/wp\/v2\/types\/product"}],"replies":[{"embeddable":true,"href":"https:\/\/hobby4geek.com\/fr\/wp-json\/wp\/v2\/comments?post=142390"}],"version-history":[{"count":0,"href":"https:\/\/hobby4geek.com\/fr\/wp-json\/wp\/v2\/product\/142390\/revisions"}],"wp:featuredmedia":[{"embeddable":true,"href":"https:\/\/hobby4geek.com\/fr\/wp-json\/wp\/v2\/media\/180926"}],"wp:attachment":[{"href":"https:\/\/hobby4geek.com\/fr\/wp-json\/wp\/v2\/media?parent=142390"}],"wp:term":[{"taxonomy":"product_brand","embeddable":true,"href":"https:\/\/hobby4geek.com\/fr\/wp-json\/wp\/v2\/product_brand?post=142390"},{"taxonomy":"product_cat","embeddable":true,"href":"https:\/\/hobby4geek.com\/fr\/wp-json\/wp\/v2\/product_cat?post=142390"},{"taxonomy":"product_tag","embeddable":true,"href":"https:\/\/hobby4geek.com\/fr\/wp-json\/wp\/v2\/product_tag?post=142390"},{"taxonomy":"giftcard-category","embeddable":true,"href":"https:\/\/hobby4geek.com\/fr\/wp-json\/wp\/v2\/giftcard-category?post=142390"}],"curies":[{"name":"wp","href":"https:\/\/api.w.org\/{rel}","templated":true}]}}