{"id":140749,"date":"2020-08-05T16:30:23","date_gmt":"2020-08-05T16:30:23","guid":{"rendered":"https:\/\/hobby4geek.com\/?post_type=product&#038;p=140749"},"modified":"2024-05-12T12:57:42","modified_gmt":"2024-05-12T11:57:42","slug":"transformers-masterpiece-mp-49-black-convoy-nemesis-prime","status":"publish","type":"product","link":"https:\/\/hobby4geek.com\/fr\/produit\/transformers-masterpiece-mp-49-black-convoy-nemesis-prime\/","title":{"rendered":"Transformers Masterpiece MP-49 Black Convoy (Nemesis Prime)"},"content":{"rendered":"<p>Pour lutter contre Optimus Prime, voici le MP-49 Black Convoy de Transformers Masterpiece, \u00e9galement connu sous le nom de Nemesis Prime. Parfaitement adapt\u00e9 \u00e0 la gamme Transformers Masterpiece, Black Convoy est une figurine tr\u00e8s d\u00e9taill\u00e9e et posable qui peut se transformer de robot en camion. Le convoi noir comprend plusieurs pi\u00e8ces d'armes ainsi qu'une matrice qui peut \u00eatre retir\u00e9e de sa poitrine.<\/p>\n<ul>\n<li>Balance MP (Masterpiece)<\/li>\n<li>Taille : 23cm<\/li>\n<li>Matrice amovible<\/li>\n<li>Figure du convoi noir<\/li>\n<li>T\u00eate altern\u00e9e<\/li>\n<li>fusil \u00e0 pompe<\/li>\n<li>axe \u00e9nerg\u00e9tique<\/li>\n<li>effet de faisceau<\/li>\n<li>Matrice<\/li>\n<\/ul>","protected":false},"excerpt":{"rendered":"<ul>\n<li>Balance MP (Masterpiece)<\/li>\n<li>Taille : 23cm<\/li>\n<li>Matrice amovible<\/li>\n<li>Figure du convoi noir<\/li>\n<li>T\u00eate altern\u00e9e<\/li>\n<li>fusil \u00e0 pompe<\/li>\n<li>axe \u00e9nerg\u00e9tique<\/li>\n<li>effet de faisceau<\/li>\n<li>Matrice<\/li>\n<\/ul>","protected":false},"featured_media":180548,"comment_status":"open","ping_status":"closed","template":"","meta":{"inline_featured_image":false},"product_brand":[],"product_cat":[1955,68,69],"product_tag":[1759,1064,335,230,771,1047,203,1975,775],"giftcard-category":[],"class_list":{"0":"post-140749","1":"product","2":"type-product","3":"status-publish","4":"has-post-thumbnail","6":"product_cat-transformers","7":"product_cat-hasbro","8":"product_cat-takara-tomy","9":"product_tag-action-toys","10":"product_tag-black-convoy","11":"product_tag-hasbro","12":"product_tag-masterpiece","13":"product_tag-mp-49","14":"product_tag-nemesis-prime","15":"product_tag-takara-tomy","16":"product_tag-toys-figures","17":"product_tag-transformers-masterpiece","18":"product_shipping_class-from-china","19":"inventories-china-inventory","21":"first","22":"instock","23":"taxable","24":"shipping-taxable","25":"purchasable","26":"product-type-simple","27":"add-to-wishlist-after_add_to_cart"},"yoast_head":"<!-- This site is optimized with the Yoast SEO Premium plugin v25.3.1 (Yoast SEO v27.2) - https:\/\/yoast.com\/product\/yoast-seo-premium-wordpress\/ -->\n<title>Transformers Masterpiece MP-49 Black Convoy (Nemesis Prime)<\/title>\n<meta name=\"robots\" content=\"index, follow, max-snippet:-1, max-image-preview:large, max-video-preview:-1\" \/>\n<link rel=\"canonical\" href=\"https:\/\/hobby4geek.com\/fr\/produit\/transformers-masterpiece-mp-49-black-convoy-nemesis-prime\/\" \/>\n<meta property=\"og:locale\" content=\"fr_FR\" \/>\n<meta property=\"og:type\" content=\"article\" \/>\n<meta property=\"og:title\" content=\"Transformers Masterpiece MP-49 Black Convoy (Nemesis Prime)\" \/>\n<meta property=\"og:description\" content=\"MP Scale (Masterpiece)  Size: 23cm  Removable matrix  Black Convoy Figure  Alternate head  lasgun  energy ax  beam effect  Matrix\" \/>\n<meta property=\"og:url\" content=\"https:\/\/hobby4geek.com\/fr\/produit\/transformers-masterpiece-mp-49-black-convoy-nemesis-prime\/\" \/>\n<meta property=\"og:site_name\" content=\"Hobby4Geek\" \/>\n<meta property=\"article:publisher\" content=\"https:\/\/www.facebook.com\/hobby4geek\" \/>\n<meta property=\"article:modified_time\" content=\"2024-05-12T11:57:42+00:00\" \/>\n<meta property=\"og:image\" content=\"https:\/\/hobby4geek.com\/wp-content\/uploads\/2023\/02\/transformers-masterpiece-mp-49-black-convoy-nemesis-prime-2.jpg\" \/>\n\t<meta property=\"og:image:width\" content=\"450\" \/>\n\t<meta property=\"og:image:height\" content=\"450\" \/>\n\t<meta property=\"og:image:type\" content=\"image\/jpeg\" \/>\n<meta name=\"twitter:card\" content=\"summary_large_image\" \/>\n<meta name=\"twitter:site\" content=\"@hobby4geek\" \/>\n<script type=\"application\/ld+json\" class=\"yoast-schema-graph\">{\"@context\":\"https:\/\/schema.org\",\"@graph\":[{\"@type\":\"WebPage\",\"@id\":\"https:\/\/hobby4geek.com\/product\/transformers-masterpiece-mp-49-black-convoy-nemesis-prime\/\",\"url\":\"https:\/\/hobby4geek.com\/product\/transformers-masterpiece-mp-49-black-convoy-nemesis-prime\/\",\"name\":\"Transformers Masterpiece MP-49 Black Convoy (Nemesis Prime)\",\"isPartOf\":{\"@id\":\"https:\/\/hobby4geek.com\/#website\"},\"primaryImageOfPage\":{\"@id\":\"https:\/\/hobby4geek.com\/product\/transformers-masterpiece-mp-49-black-convoy-nemesis-prime\/#primaryimage\"},\"image\":{\"@id\":\"https:\/\/hobby4geek.com\/product\/transformers-masterpiece-mp-49-black-convoy-nemesis-prime\/#primaryimage\"},\"thumbnailUrl\":\"https:\/\/hobby4geek.com\/wp-content\/uploads\/2023\/02\/transformers-masterpiece-mp-49-black-convoy-nemesis-prime-2.jpg\",\"datePublished\":\"2020-08-05T16:30:23+00:00\",\"dateModified\":\"2024-05-12T11:57:42+00:00\",\"breadcrumb\":{\"@id\":\"https:\/\/hobby4geek.com\/product\/transformers-masterpiece-mp-49-black-convoy-nemesis-prime\/#breadcrumb\"},\"inLanguage\":\"fr-FR\",\"potentialAction\":[{\"@type\":\"ReadAction\",\"target\":[\"https:\/\/hobby4geek.com\/product\/transformers-masterpiece-mp-49-black-convoy-nemesis-prime\/\"]}]},{\"@type\":\"ImageObject\",\"inLanguage\":\"fr-FR\",\"@id\":\"https:\/\/hobby4geek.com\/product\/transformers-masterpiece-mp-49-black-convoy-nemesis-prime\/#primaryimage\",\"url\":\"https:\/\/hobby4geek.com\/wp-content\/uploads\/2023\/02\/transformers-masterpiece-mp-49-black-convoy-nemesis-prime-2.jpg\",\"contentUrl\":\"https:\/\/hobby4geek.com\/wp-content\/uploads\/2023\/02\/transformers-masterpiece-mp-49-black-convoy-nemesis-prime-2.jpg\",\"width\":450,\"height\":450,\"caption\":\"Transformers Masterpiece Mp 49 Black Convoy Nemesis Prime 2\"},{\"@type\":\"BreadcrumbList\",\"@id\":\"https:\/\/hobby4geek.com\/product\/transformers-masterpiece-mp-49-black-convoy-nemesis-prime\/#breadcrumb\",\"itemListElement\":[{\"@type\":\"ListItem\",\"position\":1,\"name\":\"Home\",\"item\":\"https:\/\/hobby4geek.com\/\"},{\"@type\":\"ListItem\",\"position\":2,\"name\":\"Shop\",\"item\":\"https:\/\/hobby4geek.com\/shop\/\"},{\"@type\":\"ListItem\",\"position\":3,\"name\":\"Transformers Masterpiece MP-49 Black Convoy (Nemesis Prime)\"}]},{\"@type\":\"WebSite\",\"@id\":\"https:\/\/hobby4geek.com\/#website\",\"url\":\"https:\/\/hobby4geek.com\/\",\"name\":\"Hobby4Geek\",\"description\":\"Collect, Play &amp; Showcase, Embrace your Geekiness\",\"publisher\":{\"@id\":\"https:\/\/hobby4geek.com\/#organization\"},\"potentialAction\":[{\"@type\":\"SearchAction\",\"target\":{\"@type\":\"EntryPoint\",\"urlTemplate\":\"https:\/\/hobby4geek.com\/?s={search_term_string}\"},\"query-input\":{\"@type\":\"PropertyValueSpecification\",\"valueRequired\":true,\"valueName\":\"search_term_string\"}}],\"inLanguage\":\"fr-FR\"},{\"@type\":\"Organization\",\"@id\":\"https:\/\/hobby4geek.com\/#organization\",\"name\":\"Hobby4Geek\",\"url\":\"https:\/\/hobby4geek.com\/\",\"logo\":{\"@type\":\"ImageObject\",\"inLanguage\":\"fr-FR\",\"@id\":\"https:\/\/hobby4geek.com\/#\/schema\/logo\/image\/\",\"url\":\"https:\/\/hobby4geek.com\/wp-content\/uploads\/2023\/02\/default-kit.png\",\"contentUrl\":\"https:\/\/hobby4geek.com\/wp-content\/uploads\/2023\/02\/default-kit.png\",\"width\":600,\"height\":600,\"caption\":\"Hobby4Geek\"},\"image\":{\"@id\":\"https:\/\/hobby4geek.com\/#\/schema\/logo\/image\/\"},\"sameAs\":[\"https:\/\/www.facebook.com\/hobby4geek\",\"https:\/\/x.com\/hobby4geek\",\"https:\/\/www.instagram.com\/hobby4geek\/\"]}]}<\/script>\n<meta property=\"product:brand\" content=\"Transformers\" \/>\n<meta property=\"product:price:amount\" content=\"390.86\" \/>\n<meta property=\"product:price:currency\" content=\"EUR\" \/>\n<meta property=\"og:availability\" content=\"instock\" \/>\n<meta property=\"product:availability\" content=\"instock\" \/>\n<meta property=\"product:condition\" content=\"new\" \/>\n<!-- \/ Yoast SEO Premium plugin. -->","yoast_head_json":{"title":"Transformers Masterpiece MP-49 Black Convoy (Nemesis Prime)","robots":{"index":"index","follow":"follow","max-snippet":"max-snippet:-1","max-image-preview":"max-image-preview:large","max-video-preview":"max-video-preview:-1"},"canonical":"https:\/\/hobby4geek.com\/fr\/produit\/transformers-masterpiece-mp-49-black-convoy-nemesis-prime\/","og_locale":"fr_FR","og_type":"article","og_title":"Transformers Masterpiece MP-49 Black Convoy (Nemesis Prime)","og_description":"MP Scale (Masterpiece)  Size: 23cm  Removable matrix  Black Convoy Figure  Alternate head  lasgun  energy ax  beam effect  Matrix","og_url":"https:\/\/hobby4geek.com\/fr\/produit\/transformers-masterpiece-mp-49-black-convoy-nemesis-prime\/","og_site_name":"Hobby4Geek","article_publisher":"https:\/\/www.facebook.com\/hobby4geek","article_modified_time":"2024-05-12T11:57:42+00:00","og_image":[{"width":450,"height":450,"url":"https:\/\/hobby4geek.com\/wp-content\/uploads\/2023\/02\/transformers-masterpiece-mp-49-black-convoy-nemesis-prime-2.jpg","type":"image\/jpeg"}],"twitter_card":"summary_large_image","twitter_site":"@hobby4geek","schema":{"@context":"https:\/\/schema.org","@graph":[{"@type":"WebPage","@id":"https:\/\/hobby4geek.com\/product\/transformers-masterpiece-mp-49-black-convoy-nemesis-prime\/","url":"https:\/\/hobby4geek.com\/product\/transformers-masterpiece-mp-49-black-convoy-nemesis-prime\/","name":"Transformers Masterpiece MP-49 Black Convoy (Nemesis Prime)","isPartOf":{"@id":"https:\/\/hobby4geek.com\/#website"},"primaryImageOfPage":{"@id":"https:\/\/hobby4geek.com\/product\/transformers-masterpiece-mp-49-black-convoy-nemesis-prime\/#primaryimage"},"image":{"@id":"https:\/\/hobby4geek.com\/product\/transformers-masterpiece-mp-49-black-convoy-nemesis-prime\/#primaryimage"},"thumbnailUrl":"https:\/\/hobby4geek.com\/wp-content\/uploads\/2023\/02\/transformers-masterpiece-mp-49-black-convoy-nemesis-prime-2.jpg","datePublished":"2020-08-05T16:30:23+00:00","dateModified":"2024-05-12T11:57:42+00:00","breadcrumb":{"@id":"https:\/\/hobby4geek.com\/product\/transformers-masterpiece-mp-49-black-convoy-nemesis-prime\/#breadcrumb"},"inLanguage":"fr-FR","potentialAction":[{"@type":"ReadAction","target":["https:\/\/hobby4geek.com\/product\/transformers-masterpiece-mp-49-black-convoy-nemesis-prime\/"]}]},{"@type":"ImageObject","inLanguage":"fr-FR","@id":"https:\/\/hobby4geek.com\/product\/transformers-masterpiece-mp-49-black-convoy-nemesis-prime\/#primaryimage","url":"https:\/\/hobby4geek.com\/wp-content\/uploads\/2023\/02\/transformers-masterpiece-mp-49-black-convoy-nemesis-prime-2.jpg","contentUrl":"https:\/\/hobby4geek.com\/wp-content\/uploads\/2023\/02\/transformers-masterpiece-mp-49-black-convoy-nemesis-prime-2.jpg","width":450,"height":450,"caption":"Transformers Masterpiece Mp 49 Black Convoy Nemesis Prime 2"},{"@type":"BreadcrumbList","@id":"https:\/\/hobby4geek.com\/product\/transformers-masterpiece-mp-49-black-convoy-nemesis-prime\/#breadcrumb","itemListElement":[{"@type":"ListItem","position":1,"name":"Home","item":"https:\/\/hobby4geek.com\/"},{"@type":"ListItem","position":2,"name":"Shop","item":"https:\/\/hobby4geek.com\/shop\/"},{"@type":"ListItem","position":3,"name":"Transformers Masterpiece MP-49 Black Convoy (Nemesis Prime)"}]},{"@type":"WebSite","@id":"https:\/\/hobby4geek.com\/#website","url":"https:\/\/hobby4geek.com\/","name":"Hobby4Geek","description":"Collectionnez, jouez et exposez, embrassez votre geekitude","publisher":{"@id":"https:\/\/hobby4geek.com\/#organization"},"potentialAction":[{"@type":"SearchAction","target":{"@type":"EntryPoint","urlTemplate":"https:\/\/hobby4geek.com\/?s={search_term_string}"},"query-input":{"@type":"PropertyValueSpecification","valueRequired":true,"valueName":"search_term_string"}}],"inLanguage":"fr-FR"},{"@type":"Organization","@id":"https:\/\/hobby4geek.com\/#organization","name":"Hobby4Geek","url":"https:\/\/hobby4geek.com\/","logo":{"@type":"ImageObject","inLanguage":"fr-FR","@id":"https:\/\/hobby4geek.com\/#\/schema\/logo\/image\/","url":"https:\/\/hobby4geek.com\/wp-content\/uploads\/2023\/02\/default-kit.png","contentUrl":"https:\/\/hobby4geek.com\/wp-content\/uploads\/2023\/02\/default-kit.png","width":600,"height":600,"caption":"Hobby4Geek"},"image":{"@id":"https:\/\/hobby4geek.com\/#\/schema\/logo\/image\/"},"sameAs":["https:\/\/www.facebook.com\/hobby4geek","https:\/\/x.com\/hobby4geek","https:\/\/www.instagram.com\/hobby4geek\/"]}]},"product_brand":"Transformers","product_price_amount":"390.86","product_price_currency":"EUR","og_availability":"instock","product_availability":"instock","product_condition":"new"},"_links":{"self":[{"href":"https:\/\/hobby4geek.com\/fr\/wp-json\/wp\/v2\/product\/140749","targetHints":{"allow":["GET"]}}],"collection":[{"href":"https:\/\/hobby4geek.com\/fr\/wp-json\/wp\/v2\/product"}],"about":[{"href":"https:\/\/hobby4geek.com\/fr\/wp-json\/wp\/v2\/types\/product"}],"replies":[{"embeddable":true,"href":"https:\/\/hobby4geek.com\/fr\/wp-json\/wp\/v2\/comments?post=140749"}],"version-history":[{"count":0,"href":"https:\/\/hobby4geek.com\/fr\/wp-json\/wp\/v2\/product\/140749\/revisions"}],"wp:featuredmedia":[{"embeddable":true,"href":"https:\/\/hobby4geek.com\/fr\/wp-json\/wp\/v2\/media\/180548"}],"wp:attachment":[{"href":"https:\/\/hobby4geek.com\/fr\/wp-json\/wp\/v2\/media?parent=140749"}],"wp:term":[{"taxonomy":"product_brand","embeddable":true,"href":"https:\/\/hobby4geek.com\/fr\/wp-json\/wp\/v2\/product_brand?post=140749"},{"taxonomy":"product_cat","embeddable":true,"href":"https:\/\/hobby4geek.com\/fr\/wp-json\/wp\/v2\/product_cat?post=140749"},{"taxonomy":"product_tag","embeddable":true,"href":"https:\/\/hobby4geek.com\/fr\/wp-json\/wp\/v2\/product_tag?post=140749"},{"taxonomy":"giftcard-category","embeddable":true,"href":"https:\/\/hobby4geek.com\/fr\/wp-json\/wp\/v2\/giftcard-category?post=140749"}],"curies":[{"name":"wp","href":"https:\/\/api.w.org\/{rel}","templated":true}]}}