{"id":140739,"date":"2020-09-03T02:30:20","date_gmt":"2020-09-03T02:30:20","guid":{"rendered":"https:\/\/hobby4geek.com\/?post_type=product&#038;p=140739"},"modified":"2024-05-12T13:48:31","modified_gmt":"2024-05-12T12:48:31","slug":"apc-toys-apc-002-dark-master","status":"publish","type":"product","link":"https:\/\/hobby4geek.com\/fr\/produit\/apc-toys-apc-002-dark-master\/","title":{"rendered":"Apc Toys - APC-002 Dark Master"},"content":{"rendered":"<p>Apc Toys - APC-002 Dark Master repr\u00e9sente Megatron de la s\u00e9rie anim\u00e9e Transformers Prime.<\/p>\n<p><strong>Caract\u00e9ristiques du produit :<\/strong><\/p>\n<ul>\n<li>Taille : 20cm<\/li>\n<li>Les pieds peuvent maintenant \u00eatre compl\u00e8tement ancr\u00e9s<\/li>\n<li>Le torse et la t\u00eate de la figurine ont \u00e9t\u00e9 modifi\u00e9s pour mieux correspondre \u00e0 l'image de Megatron.<\/li>\n<li>Toutes les articulations ont \u00e9t\u00e9 am\u00e9lior\u00e9es<\/li>\n<li>Lumi\u00e8res, ensemble d'accessoires<\/li>\n<li>Peinture argent m\u00e9tallis\u00e9 sur toute la carrosserie !<\/li>\n<\/ul>","protected":false},"excerpt":{"rendered":"<p><strong>Caract\u00e9ristiques du produit :<\/strong><\/p>\n<ul>\n<li>Taille : 20cm<\/li>\n<li>Les pieds peuvent maintenant \u00eatre compl\u00e8tement ancr\u00e9s<\/li>\n<li>Le torse et la t\u00eate de la figurine ont \u00e9t\u00e9 modifi\u00e9s pour mieux correspondre \u00e0 l'image de Megatron.<\/li>\n<li>Toutes les articulations ont \u00e9t\u00e9 am\u00e9lior\u00e9es<\/li>\n<li>Lumi\u00e8res, ensemble d'accessoires<\/li>\n<li>Peinture argent m\u00e9tallis\u00e9 sur toute la carrosserie !<\/li>\n<\/ul>","protected":false},"featured_media":180538,"comment_status":"open","ping_status":"closed","template":"","meta":{"inline_featured_image":false},"product_brand":[],"product_cat":[123],"product_tag":[200,1759,1069,1070,1071,306,1072,1975,204,1073],"giftcard-category":[],"class_list":{"0":"post-140739","1":"product","2":"type-product","3":"status-publish","4":"has-post-thumbnail","6":"product_cat-apc-toys","7":"product_tag-action-figures","8":"product_tag-action-toys","9":"product_tag-apc-toys","10":"product_tag-apc-02","11":"product_tag-dark-master","12":"product_tag-megatron","13":"product_tag-tfp-megatron","14":"product_tag-toys-figures","15":"product_tag-transformers","16":"product_tag-transformers-prime","17":"product_shipping_class-free-shipping","18":"inventories-china-inventory","20":"first","21":"outofstock","22":"taxable","23":"shipping-taxable","24":"purchasable","25":"product-type-simple","26":"add-to-wishlist-after_add_to_cart"},"yoast_head":"<!-- This site is optimized with the Yoast SEO Premium plugin v25.3.1 (Yoast SEO v27.2) - https:\/\/yoast.com\/product\/yoast-seo-premium-wordpress\/ -->\n<title>Apc Toys - APC-002 Dark Master<\/title>\n<meta name=\"robots\" content=\"index, follow, max-snippet:-1, max-image-preview:large, max-video-preview:-1\" \/>\n<link rel=\"canonical\" href=\"https:\/\/hobby4geek.com\/fr\/produit\/apc-toys-apc-002-dark-master\/\" \/>\n<meta property=\"og:locale\" content=\"fr_FR\" \/>\n<meta property=\"og:type\" content=\"article\" \/>\n<meta property=\"og:title\" content=\"Apc Toys - APC-002 Dark Master\" \/>\n<meta property=\"og:description\" content=\"Product Feature:   Size: 20cm  Feet can now be fully anchored  The figure&#039;s chest and head have been changed to better fit Megatron&#039;s image.  All joints have been improved  Lights, accessories set  Metallic silver paint all over the body!\" \/>\n<meta property=\"og:url\" content=\"https:\/\/hobby4geek.com\/fr\/produit\/apc-toys-apc-002-dark-master\/\" \/>\n<meta property=\"og:site_name\" content=\"Hobby4Geek\" \/>\n<meta property=\"article:publisher\" content=\"https:\/\/www.facebook.com\/hobby4geek\" \/>\n<meta property=\"article:modified_time\" content=\"2024-05-12T12:48:31+00:00\" \/>\n<meta property=\"og:image\" content=\"https:\/\/hobby4geek.com\/wp-content\/uploads\/2023\/02\/apc-toys-apc-002-dark-master.jpg\" \/>\n\t<meta property=\"og:image:width\" content=\"1440\" \/>\n\t<meta property=\"og:image:height\" content=\"1080\" \/>\n\t<meta property=\"og:image:type\" content=\"image\/jpeg\" \/>\n<meta name=\"twitter:card\" content=\"summary_large_image\" \/>\n<meta name=\"twitter:site\" content=\"@hobby4geek\" \/>\n<script type=\"application\/ld+json\" class=\"yoast-schema-graph\">{\"@context\":\"https:\/\/schema.org\",\"@graph\":[{\"@type\":\"WebPage\",\"@id\":\"https:\/\/hobby4geek.com\/product\/apc-toys-apc-002-dark-master\/\",\"url\":\"https:\/\/hobby4geek.com\/product\/apc-toys-apc-002-dark-master\/\",\"name\":\"Apc Toys - APC-002 Dark Master\",\"isPartOf\":{\"@id\":\"https:\/\/hobby4geek.com\/#website\"},\"primaryImageOfPage\":{\"@id\":\"https:\/\/hobby4geek.com\/product\/apc-toys-apc-002-dark-master\/#primaryimage\"},\"image\":{\"@id\":\"https:\/\/hobby4geek.com\/product\/apc-toys-apc-002-dark-master\/#primaryimage\"},\"thumbnailUrl\":\"https:\/\/hobby4geek.com\/wp-content\/uploads\/2023\/02\/apc-toys-apc-002-dark-master.jpg\",\"datePublished\":\"2020-09-03T02:30:20+00:00\",\"dateModified\":\"2024-05-12T12:48:31+00:00\",\"breadcrumb\":{\"@id\":\"https:\/\/hobby4geek.com\/product\/apc-toys-apc-002-dark-master\/#breadcrumb\"},\"inLanguage\":\"fr-FR\",\"potentialAction\":[{\"@type\":\"ReadAction\",\"target\":[\"https:\/\/hobby4geek.com\/product\/apc-toys-apc-002-dark-master\/\"]}]},{\"@type\":\"ImageObject\",\"inLanguage\":\"fr-FR\",\"@id\":\"https:\/\/hobby4geek.com\/product\/apc-toys-apc-002-dark-master\/#primaryimage\",\"url\":\"https:\/\/hobby4geek.com\/wp-content\/uploads\/2023\/02\/apc-toys-apc-002-dark-master.jpg\",\"contentUrl\":\"https:\/\/hobby4geek.com\/wp-content\/uploads\/2023\/02\/apc-toys-apc-002-dark-master.jpg\",\"width\":1440,\"height\":1080,\"caption\":\"Apc Toys Apc 004 Dark Master Tfp Megatron 16\"},{\"@type\":\"BreadcrumbList\",\"@id\":\"https:\/\/hobby4geek.com\/product\/apc-toys-apc-002-dark-master\/#breadcrumb\",\"itemListElement\":[{\"@type\":\"ListItem\",\"position\":1,\"name\":\"Home\",\"item\":\"https:\/\/hobby4geek.com\/\"},{\"@type\":\"ListItem\",\"position\":2,\"name\":\"Shop\",\"item\":\"https:\/\/hobby4geek.com\/shop\/\"},{\"@type\":\"ListItem\",\"position\":3,\"name\":\"Apc Toys &#8211; APC-002 Dark Master\"}]},{\"@type\":\"WebSite\",\"@id\":\"https:\/\/hobby4geek.com\/#website\",\"url\":\"https:\/\/hobby4geek.com\/\",\"name\":\"Hobby4Geek\",\"description\":\"Collect, Play &amp; Showcase, Embrace your Geekiness\",\"publisher\":{\"@id\":\"https:\/\/hobby4geek.com\/#organization\"},\"potentialAction\":[{\"@type\":\"SearchAction\",\"target\":{\"@type\":\"EntryPoint\",\"urlTemplate\":\"https:\/\/hobby4geek.com\/?s={search_term_string}\"},\"query-input\":{\"@type\":\"PropertyValueSpecification\",\"valueRequired\":true,\"valueName\":\"search_term_string\"}}],\"inLanguage\":\"fr-FR\"},{\"@type\":\"Organization\",\"@id\":\"https:\/\/hobby4geek.com\/#organization\",\"name\":\"Hobby4Geek\",\"url\":\"https:\/\/hobby4geek.com\/\",\"logo\":{\"@type\":\"ImageObject\",\"inLanguage\":\"fr-FR\",\"@id\":\"https:\/\/hobby4geek.com\/#\/schema\/logo\/image\/\",\"url\":\"https:\/\/hobby4geek.com\/wp-content\/uploads\/2023\/02\/default-kit.png\",\"contentUrl\":\"https:\/\/hobby4geek.com\/wp-content\/uploads\/2023\/02\/default-kit.png\",\"width\":600,\"height\":600,\"caption\":\"Hobby4Geek\"},\"image\":{\"@id\":\"https:\/\/hobby4geek.com\/#\/schema\/logo\/image\/\"},\"sameAs\":[\"https:\/\/www.facebook.com\/hobby4geek\",\"https:\/\/x.com\/hobby4geek\",\"https:\/\/www.instagram.com\/hobby4geek\/\"]}]}<\/script>\n<meta property=\"product:brand\" content=\"Apc Toys\" \/>\n<meta property=\"product:price:amount\" content=\"68.00\" \/>\n<meta property=\"product:price:currency\" content=\"EUR\" \/>\n<meta property=\"og:availability\" content=\"out of stock\" \/>\n<meta property=\"product:availability\" content=\"out of stock\" \/>\n<meta property=\"product:condition\" content=\"new\" \/>\n<!-- \/ Yoast SEO Premium plugin. -->","yoast_head_json":{"title":"Apc Toys - APC-002 Dark Master","robots":{"index":"index","follow":"follow","max-snippet":"max-snippet:-1","max-image-preview":"max-image-preview:large","max-video-preview":"max-video-preview:-1"},"canonical":"https:\/\/hobby4geek.com\/fr\/produit\/apc-toys-apc-002-dark-master\/","og_locale":"fr_FR","og_type":"article","og_title":"Apc Toys - APC-002 Dark Master","og_description":"Product Feature:   Size: 20cm  Feet can now be fully anchored  The figure's chest and head have been changed to better fit Megatron's image.  All joints have been improved  Lights, accessories set  Metallic silver paint all over the body!","og_url":"https:\/\/hobby4geek.com\/fr\/produit\/apc-toys-apc-002-dark-master\/","og_site_name":"Hobby4Geek","article_publisher":"https:\/\/www.facebook.com\/hobby4geek","article_modified_time":"2024-05-12T12:48:31+00:00","og_image":[{"width":1440,"height":1080,"url":"https:\/\/hobby4geek.com\/wp-content\/uploads\/2023\/02\/apc-toys-apc-002-dark-master.jpg","type":"image\/jpeg"}],"twitter_card":"summary_large_image","twitter_site":"@hobby4geek","schema":{"@context":"https:\/\/schema.org","@graph":[{"@type":"WebPage","@id":"https:\/\/hobby4geek.com\/product\/apc-toys-apc-002-dark-master\/","url":"https:\/\/hobby4geek.com\/product\/apc-toys-apc-002-dark-master\/","name":"Apc Toys - APC-002 Dark Master","isPartOf":{"@id":"https:\/\/hobby4geek.com\/#website"},"primaryImageOfPage":{"@id":"https:\/\/hobby4geek.com\/product\/apc-toys-apc-002-dark-master\/#primaryimage"},"image":{"@id":"https:\/\/hobby4geek.com\/product\/apc-toys-apc-002-dark-master\/#primaryimage"},"thumbnailUrl":"https:\/\/hobby4geek.com\/wp-content\/uploads\/2023\/02\/apc-toys-apc-002-dark-master.jpg","datePublished":"2020-09-03T02:30:20+00:00","dateModified":"2024-05-12T12:48:31+00:00","breadcrumb":{"@id":"https:\/\/hobby4geek.com\/product\/apc-toys-apc-002-dark-master\/#breadcrumb"},"inLanguage":"fr-FR","potentialAction":[{"@type":"ReadAction","target":["https:\/\/hobby4geek.com\/product\/apc-toys-apc-002-dark-master\/"]}]},{"@type":"ImageObject","inLanguage":"fr-FR","@id":"https:\/\/hobby4geek.com\/product\/apc-toys-apc-002-dark-master\/#primaryimage","url":"https:\/\/hobby4geek.com\/wp-content\/uploads\/2023\/02\/apc-toys-apc-002-dark-master.jpg","contentUrl":"https:\/\/hobby4geek.com\/wp-content\/uploads\/2023\/02\/apc-toys-apc-002-dark-master.jpg","width":1440,"height":1080,"caption":"Apc Toys Apc 004 Dark Master Tfp Megatron 16"},{"@type":"BreadcrumbList","@id":"https:\/\/hobby4geek.com\/product\/apc-toys-apc-002-dark-master\/#breadcrumb","itemListElement":[{"@type":"ListItem","position":1,"name":"Home","item":"https:\/\/hobby4geek.com\/"},{"@type":"ListItem","position":2,"name":"Shop","item":"https:\/\/hobby4geek.com\/shop\/"},{"@type":"ListItem","position":3,"name":"Apc Toys &#8211; APC-002 Dark Master"}]},{"@type":"WebSite","@id":"https:\/\/hobby4geek.com\/#website","url":"https:\/\/hobby4geek.com\/","name":"Hobby4Geek","description":"Collectionnez, jouez et exposez, embrassez votre geekitude","publisher":{"@id":"https:\/\/hobby4geek.com\/#organization"},"potentialAction":[{"@type":"SearchAction","target":{"@type":"EntryPoint","urlTemplate":"https:\/\/hobby4geek.com\/?s={search_term_string}"},"query-input":{"@type":"PropertyValueSpecification","valueRequired":true,"valueName":"search_term_string"}}],"inLanguage":"fr-FR"},{"@type":"Organization","@id":"https:\/\/hobby4geek.com\/#organization","name":"Hobby4Geek","url":"https:\/\/hobby4geek.com\/","logo":{"@type":"ImageObject","inLanguage":"fr-FR","@id":"https:\/\/hobby4geek.com\/#\/schema\/logo\/image\/","url":"https:\/\/hobby4geek.com\/wp-content\/uploads\/2023\/02\/default-kit.png","contentUrl":"https:\/\/hobby4geek.com\/wp-content\/uploads\/2023\/02\/default-kit.png","width":600,"height":600,"caption":"Hobby4Geek"},"image":{"@id":"https:\/\/hobby4geek.com\/#\/schema\/logo\/image\/"},"sameAs":["https:\/\/www.facebook.com\/hobby4geek","https:\/\/x.com\/hobby4geek","https:\/\/www.instagram.com\/hobby4geek\/"]}]},"product_brand":"Apc Toys","product_price_amount":"68.00","product_price_currency":"EUR","og_availability":"out of stock","product_availability":"out of stock","product_condition":"new"},"_links":{"self":[{"href":"https:\/\/hobby4geek.com\/fr\/wp-json\/wp\/v2\/product\/140739","targetHints":{"allow":["GET"]}}],"collection":[{"href":"https:\/\/hobby4geek.com\/fr\/wp-json\/wp\/v2\/product"}],"about":[{"href":"https:\/\/hobby4geek.com\/fr\/wp-json\/wp\/v2\/types\/product"}],"replies":[{"embeddable":true,"href":"https:\/\/hobby4geek.com\/fr\/wp-json\/wp\/v2\/comments?post=140739"}],"version-history":[{"count":0,"href":"https:\/\/hobby4geek.com\/fr\/wp-json\/wp\/v2\/product\/140739\/revisions"}],"wp:featuredmedia":[{"embeddable":true,"href":"https:\/\/hobby4geek.com\/fr\/wp-json\/wp\/v2\/media\/180538"}],"wp:attachment":[{"href":"https:\/\/hobby4geek.com\/fr\/wp-json\/wp\/v2\/media?parent=140739"}],"wp:term":[{"taxonomy":"product_brand","embeddable":true,"href":"https:\/\/hobby4geek.com\/fr\/wp-json\/wp\/v2\/product_brand?post=140739"},{"taxonomy":"product_cat","embeddable":true,"href":"https:\/\/hobby4geek.com\/fr\/wp-json\/wp\/v2\/product_cat?post=140739"},{"taxonomy":"product_tag","embeddable":true,"href":"https:\/\/hobby4geek.com\/fr\/wp-json\/wp\/v2\/product_tag?post=140739"},{"taxonomy":"giftcard-category","embeddable":true,"href":"https:\/\/hobby4geek.com\/fr\/wp-json\/wp\/v2\/giftcard-category?post=140739"}],"curies":[{"name":"wp","href":"https:\/\/api.w.org\/{rel}","templated":true}]}}