{"id":140656,"date":"2022-05-10T17:55:48","date_gmt":"2022-05-10T17:55:48","guid":{"rendered":"https:\/\/hobby4geek.com\/?post_type=product&#038;p=140656"},"modified":"2024-05-12T13:28:06","modified_gmt":"2024-05-12T12:28:06","slug":"dna-design-dk-20-upgrade-kit-with-bonus","status":"publish","type":"product","link":"https:\/\/hobby4geek.com\/fr\/produit\/dna-design-dk-20-upgrade-kit-with-bonus\/","title":{"rendered":"DNA Design - Kit de mise \u00e0 niveau DK-20 (avec bonus)"},"content":{"rendered":"<div class=\"row\">\n<div class=\"col-md-12\">\n<p>\u00cates-vous pr\u00eat \u00e0 faire passer votre collection Transformers au niveau sup\u00e9rieur ? DNA Designs a tout ce qu'il faut pour compl\u00e9ter votre assortiment de figurines Transformers avec son kit d'am\u00e9lioration DK-20. Ce kit est une mise \u00e0 jour parfaite de votre Combiner Devastator Transformers Studio Series (vendu s\u00e9par\u00e9ment) !<\/p>\n<p>Les kits de mise \u00e0 niveau DNA Designs sont con\u00e7us \u00e0 l'aide de techniques de fabrication modernes et sont fabriqu\u00e9s en plastique de qualit\u00e9 durable, parfait pour la touche de r\u00e9alisme que vous recherchez dans votre kit de mise \u00e0 niveau.<\/p>\n<p>Remarque : les figurines sont vendues s\u00e9par\u00e9ment et ne sont pas incluses.<\/p>\n<\/div>\n<\/div>\n<div id=\"pDesc\" class=\"pSection\">\n<ul>\n<li>A utiliser avec :\n<ul>\n<li>Transformers Studio Series 37 Voyager Rampage<\/li>\n<li>Transformers Studio Series 41 Ferraille de luxe<\/li>\n<li>Transformers Studio Series 42 Voyager Long Haul<\/li>\n<li>Transformers Studio Series 47 Hightower de luxe<\/li>\n<li>Transformers Studio Series 53 Voyager Mixmaster<\/li>\n<li>Transformers Studio Series 55 Leader Scavenger<\/li>\n<li>Transformers Studio Series 60 Grattoir Voyager<\/li>\n<li>Transformers Studio Series 66 Leader Surcharge<\/li>\n<li>Transformers Studio Series67 Voyager Skipjack<\/li>\n<\/ul>\n<\/li>\n<li>Toutes les figurines sont vendues s\u00e9par\u00e9ment<\/li>\n<li>Kit de mise \u00e0 niveau pour les tiers<\/li>\n<li>Les kits de mise \u00e0 niveau peuvent \u00eatre stock\u00e9s en mode v\u00e9hicule<\/li>\n<li>En plastique<\/li>\n<li>1 x pi\u00e8ce de casque<\/li>\n<li>2 portes<\/li>\n<li>1 x Accessoire moteur<\/li>\n<li>2 x accents de bras<\/li>\n<li>1 x pi\u00e8ce de ventre<\/li>\n<li>1 x baril pour Mixmaster<\/li>\n<li>Attache de crochet \u00e0 bille en prime<\/li>\n<\/ul>\n<\/div>\n<div id=\"pDesc\" class=\"pSection\"><\/div>","protected":false},"excerpt":{"rendered":"<div class=\"row\">\n<\/div>\n<div id=\"pDesc\" class=\"pSection\">\n<ul>\n<li>A utiliser avec :\n<ul>\n<li>Transformers Studio Series 37 Voyager Rampage<\/li>\n<li>Transformers Studio Series 41 Ferraille de luxe<\/li>\n<li>Transformers Studio Series 42 Voyager Long Haul<\/li>\n<li>Transformers Studio Series 47 Hightower de luxe<\/li>\n<li>Transformers Studio Series 53 Voyager Mixmaster<\/li>\n<li>Transformers Studio Series 55 Leader Scavenger<\/li>\n<li>Transformers Studio Series 60 Grattoir Voyager<\/li>\n<li>Transformers Studio Series 66 Leader Surcharge<\/li>\n<li>Transformers Studio Series67 Voyager Skipjack<\/li>\n<\/ul>\n<\/li>\n<li>Toutes les figurines sont vendues s\u00e9par\u00e9ment<\/li>\n<li>Kit de mise \u00e0 niveau pour les tiers<\/li>\n<li>Les kits de mise \u00e0 niveau peuvent \u00eatre stock\u00e9s en mode v\u00e9hicule<\/li>\n<li>En plastique<\/li>\n<li>1 x pi\u00e8ce de casque<\/li>\n<li>2 portes<\/li>\n<li>1 x Accessoire moteur<\/li>\n<li>2 x accents de bras<\/li>\n<li>1 x pi\u00e8ce de ventre<\/li>\n<li>1 x baril pour Mixmaster<\/li>\n<li>Attache de crochet \u00e0 bille en prime<\/li>\n<\/ul>\n<\/div>","protected":false},"featured_media":180500,"comment_status":"open","ping_status":"closed","template":"","meta":{"inline_featured_image":false},"product_brand":[],"product_cat":[78],"product_tag":[274,221,722,1055,276,265,240,1975,204,442],"giftcard-category":[],"class_list":{"0":"post-140656","1":"product","2":"type-product","3":"status-publish","4":"has-post-thumbnail","6":"product_cat-dna-design","7":"product_tag-add-ons","8":"product_tag-decepticon","9":"product_tag-devastator","10":"product_tag-dk-20","11":"product_tag-dna-design","12":"product_tag-pre-orders","13":"product_tag-studio-series","14":"product_tag-toys-figures","15":"product_tag-transformers","16":"product_tag-upgrade-kit","17":"product_shipping_class-from-china","18":"inventories-china-inventory","20":"first","21":"outofstock","22":"taxable","23":"shipping-taxable","24":"purchasable","25":"product-type-simple","26":"add-to-wishlist-after_add_to_cart"},"yoast_head":"<!-- This site is optimized with the Yoast SEO Premium plugin v25.3.1 (Yoast SEO v27.4) - https:\/\/yoast.com\/product\/yoast-seo-premium-wordpress\/ -->\n<title>DNA Design - DK-20 Upgrade Kit (With Bonus)<\/title>\n<meta name=\"robots\" content=\"index, follow, max-snippet:-1, max-image-preview:large, max-video-preview:-1\" \/>\n<link rel=\"canonical\" href=\"https:\/\/hobby4geek.com\/fr\/produit\/dna-design-dk-20-upgrade-kit-with-bonus\/\" \/>\n<meta property=\"og:locale\" content=\"fr_FR\" \/>\n<meta property=\"og:type\" content=\"article\" \/>\n<meta property=\"og:title\" content=\"DNA Design - DK-20 Upgrade Kit (With Bonus)\" \/>\n<meta property=\"og:description\" content=\"For use with:   Transformers Studio Series 37 Voyager Rampage  Transformers Studio Series 41 Deluxe Scrapmetal  Transformers Studio Series 42 Voyager Long Haul  Transformers Studio Series 47 Deluxe Hightower  Transformers Studio Series 53 Voyager Mixmaster  Transformers Studio Series 55 Leader Scavenger  Transformers Studio Series 60 Voyager Scraper  Transformers Studio Series 66 Leader Overload  Transformers Studio Series67 Voyager Skipjack    All figures are sold separately  Third party upgrade kit  Upgrade kits can be stored in vehicle mode  In plastic  1 x helmet piece  2x doors  1 x Motor Accessory  2 x arm accents  1 x belly piece  1 x barrel for Mixmaster  Bonus ball hook attachment\" \/>\n<meta property=\"og:url\" content=\"https:\/\/hobby4geek.com\/fr\/produit\/dna-design-dk-20-upgrade-kit-with-bonus\/\" \/>\n<meta property=\"og:site_name\" content=\"Hobby4Geek\" \/>\n<meta property=\"article:publisher\" content=\"https:\/\/www.facebook.com\/hobby4geek\" \/>\n<meta property=\"article:modified_time\" content=\"2024-05-12T12:28:06+00:00\" \/>\n<meta property=\"og:image\" content=\"https:\/\/hobby4geek.com\/wp-content\/uploads\/2023\/02\/dna-design-dk-20-upgrade-kit-with-bonus-6.jpg\" \/>\n\t<meta property=\"og:image:width\" content=\"640\" \/>\n\t<meta property=\"og:image:height\" content=\"476\" \/>\n\t<meta property=\"og:image:type\" content=\"image\/jpeg\" \/>\n<meta name=\"twitter:card\" content=\"summary_large_image\" \/>\n<meta name=\"twitter:site\" content=\"@hobby4geek\" \/>\n<script type=\"application\/ld+json\" class=\"yoast-schema-graph\">{\"@context\":\"https:\\\/\\\/schema.org\",\"@graph\":[{\"@type\":\"WebPage\",\"@id\":\"https:\\\/\\\/hobby4geek.com\\\/product\\\/dna-design-dk-20-upgrade-kit-with-bonus\\\/\",\"url\":\"https:\\\/\\\/hobby4geek.com\\\/product\\\/dna-design-dk-20-upgrade-kit-with-bonus\\\/\",\"name\":\"DNA Design - DK-20 Upgrade Kit (With Bonus)\",\"isPartOf\":{\"@id\":\"https:\\\/\\\/hobby4geek.com\\\/#website\"},\"primaryImageOfPage\":{\"@id\":\"https:\\\/\\\/hobby4geek.com\\\/product\\\/dna-design-dk-20-upgrade-kit-with-bonus\\\/#primaryimage\"},\"image\":{\"@id\":\"https:\\\/\\\/hobby4geek.com\\\/product\\\/dna-design-dk-20-upgrade-kit-with-bonus\\\/#primaryimage\"},\"thumbnailUrl\":\"https:\\\/\\\/hobby4geek.com\\\/wp-content\\\/uploads\\\/2023\\\/02\\\/dna-design-dk-20-upgrade-kit-with-bonus-6.jpg\",\"datePublished\":\"2022-05-10T17:55:48+00:00\",\"dateModified\":\"2024-05-12T12:28:06+00:00\",\"breadcrumb\":{\"@id\":\"https:\\\/\\\/hobby4geek.com\\\/product\\\/dna-design-dk-20-upgrade-kit-with-bonus\\\/#breadcrumb\"},\"inLanguage\":\"fr-FR\",\"potentialAction\":[{\"@type\":\"ReadAction\",\"target\":[\"https:\\\/\\\/hobby4geek.com\\\/product\\\/dna-design-dk-20-upgrade-kit-with-bonus\\\/\"]}]},{\"@type\":\"ImageObject\",\"inLanguage\":\"fr-FR\",\"@id\":\"https:\\\/\\\/hobby4geek.com\\\/product\\\/dna-design-dk-20-upgrade-kit-with-bonus\\\/#primaryimage\",\"url\":\"https:\\\/\\\/hobby4geek.com\\\/wp-content\\\/uploads\\\/2023\\\/02\\\/dna-design-dk-20-upgrade-kit-with-bonus-6.jpg\",\"contentUrl\":\"https:\\\/\\\/hobby4geek.com\\\/wp-content\\\/uploads\\\/2023\\\/02\\\/dna-design-dk-20-upgrade-kit-with-bonus-6.jpg\",\"width\":640,\"height\":476,\"caption\":\"Dna Design Dk 20 Upgrade Kit With Bonus 6\"},{\"@type\":\"BreadcrumbList\",\"@id\":\"https:\\\/\\\/hobby4geek.com\\\/product\\\/dna-design-dk-20-upgrade-kit-with-bonus\\\/#breadcrumb\",\"itemListElement\":[{\"@type\":\"ListItem\",\"position\":1,\"name\":\"Home\",\"item\":\"https:\\\/\\\/hobby4geek.com\\\/\"},{\"@type\":\"ListItem\",\"position\":2,\"name\":\"Shop\",\"item\":\"https:\\\/\\\/hobby4geek.com\\\/shop\\\/\"},{\"@type\":\"ListItem\",\"position\":3,\"name\":\"DNA Design &#8211; DK-20 Upgrade Kit (With Bonus)\"}]},{\"@type\":\"WebSite\",\"@id\":\"https:\\\/\\\/hobby4geek.com\\\/#website\",\"url\":\"https:\\\/\\\/hobby4geek.com\\\/\",\"name\":\"Hobby4Geek\",\"description\":\"Collect, Play &amp; Showcase, Embrace your Geekiness\",\"publisher\":{\"@id\":\"https:\\\/\\\/hobby4geek.com\\\/#organization\"},\"potentialAction\":[{\"@type\":\"SearchAction\",\"target\":{\"@type\":\"EntryPoint\",\"urlTemplate\":\"https:\\\/\\\/hobby4geek.com\\\/?s={search_term_string}\"},\"query-input\":{\"@type\":\"PropertyValueSpecification\",\"valueRequired\":true,\"valueName\":\"search_term_string\"}}],\"inLanguage\":\"fr-FR\"},{\"@type\":\"Organization\",\"@id\":\"https:\\\/\\\/hobby4geek.com\\\/#organization\",\"name\":\"Hobby4Geek\",\"url\":\"https:\\\/\\\/hobby4geek.com\\\/\",\"logo\":{\"@type\":\"ImageObject\",\"inLanguage\":\"fr-FR\",\"@id\":\"https:\\\/\\\/hobby4geek.com\\\/#\\\/schema\\\/logo\\\/image\\\/\",\"url\":\"https:\\\/\\\/hobby4geek.com\\\/wp-content\\\/uploads\\\/2023\\\/02\\\/default-kit.png\",\"contentUrl\":\"https:\\\/\\\/hobby4geek.com\\\/wp-content\\\/uploads\\\/2023\\\/02\\\/default-kit.png\",\"width\":600,\"height\":600,\"caption\":\"Hobby4Geek\"},\"image\":{\"@id\":\"https:\\\/\\\/hobby4geek.com\\\/#\\\/schema\\\/logo\\\/image\\\/\"},\"sameAs\":[\"https:\\\/\\\/www.facebook.com\\\/hobby4geek\",\"https:\\\/\\\/x.com\\\/hobby4geek\",\"https:\\\/\\\/www.instagram.com\\\/hobby4geek\\\/\"]}]}<\/script>\n<meta property=\"product:brand\" content=\"DNA Design\" \/>\n<meta property=\"product:price:amount\" content=\"46.80\" \/>\n<meta property=\"product:price:currency\" content=\"EUR\" \/>\n<meta property=\"og:availability\" content=\"out of stock\" \/>\n<meta property=\"product:availability\" content=\"out of stock\" \/>\n<meta property=\"product:condition\" content=\"new\" \/>\n<!-- \/ Yoast SEO Premium plugin. -->","yoast_head_json":{"title":"DNA Design - Kit de mise \u00e0 niveau DK-20 (avec bonus)","robots":{"index":"index","follow":"follow","max-snippet":"max-snippet:-1","max-image-preview":"max-image-preview:large","max-video-preview":"max-video-preview:-1"},"canonical":"https:\/\/hobby4geek.com\/fr\/produit\/dna-design-dk-20-upgrade-kit-with-bonus\/","og_locale":"fr_FR","og_type":"article","og_title":"DNA Design - DK-20 Upgrade Kit (With Bonus)","og_description":"For use with:   Transformers Studio Series 37 Voyager Rampage  Transformers Studio Series 41 Deluxe Scrapmetal  Transformers Studio Series 42 Voyager Long Haul  Transformers Studio Series 47 Deluxe Hightower  Transformers Studio Series 53 Voyager Mixmaster  Transformers Studio Series 55 Leader Scavenger  Transformers Studio Series 60 Voyager Scraper  Transformers Studio Series 66 Leader Overload  Transformers Studio Series67 Voyager Skipjack    All figures are sold separately  Third party upgrade kit  Upgrade kits can be stored in vehicle mode  In plastic  1 x helmet piece  2x doors  1 x Motor Accessory  2 x arm accents  1 x belly piece  1 x barrel for Mixmaster  Bonus ball hook attachment","og_url":"https:\/\/hobby4geek.com\/fr\/produit\/dna-design-dk-20-upgrade-kit-with-bonus\/","og_site_name":"Hobby4Geek","article_publisher":"https:\/\/www.facebook.com\/hobby4geek","article_modified_time":"2024-05-12T12:28:06+00:00","og_image":[{"width":640,"height":476,"url":"https:\/\/hobby4geek.com\/wp-content\/uploads\/2023\/02\/dna-design-dk-20-upgrade-kit-with-bonus-6.jpg","type":"image\/jpeg"}],"twitter_card":"summary_large_image","twitter_site":"@hobby4geek","schema":{"@context":"https:\/\/schema.org","@graph":[{"@type":"WebPage","@id":"https:\/\/hobby4geek.com\/product\/dna-design-dk-20-upgrade-kit-with-bonus\/","url":"https:\/\/hobby4geek.com\/product\/dna-design-dk-20-upgrade-kit-with-bonus\/","name":"DNA Design - Kit de mise \u00e0 niveau DK-20 (avec bonus)","isPartOf":{"@id":"https:\/\/hobby4geek.com\/#website"},"primaryImageOfPage":{"@id":"https:\/\/hobby4geek.com\/product\/dna-design-dk-20-upgrade-kit-with-bonus\/#primaryimage"},"image":{"@id":"https:\/\/hobby4geek.com\/product\/dna-design-dk-20-upgrade-kit-with-bonus\/#primaryimage"},"thumbnailUrl":"https:\/\/hobby4geek.com\/wp-content\/uploads\/2023\/02\/dna-design-dk-20-upgrade-kit-with-bonus-6.jpg","datePublished":"2022-05-10T17:55:48+00:00","dateModified":"2024-05-12T12:28:06+00:00","breadcrumb":{"@id":"https:\/\/hobby4geek.com\/product\/dna-design-dk-20-upgrade-kit-with-bonus\/#breadcrumb"},"inLanguage":"fr-FR","potentialAction":[{"@type":"ReadAction","target":["https:\/\/hobby4geek.com\/product\/dna-design-dk-20-upgrade-kit-with-bonus\/"]}]},{"@type":"ImageObject","inLanguage":"fr-FR","@id":"https:\/\/hobby4geek.com\/product\/dna-design-dk-20-upgrade-kit-with-bonus\/#primaryimage","url":"https:\/\/hobby4geek.com\/wp-content\/uploads\/2023\/02\/dna-design-dk-20-upgrade-kit-with-bonus-6.jpg","contentUrl":"https:\/\/hobby4geek.com\/wp-content\/uploads\/2023\/02\/dna-design-dk-20-upgrade-kit-with-bonus-6.jpg","width":640,"height":476,"caption":"Dna Design Dk 20 Upgrade Kit With Bonus 6"},{"@type":"BreadcrumbList","@id":"https:\/\/hobby4geek.com\/product\/dna-design-dk-20-upgrade-kit-with-bonus\/#breadcrumb","itemListElement":[{"@type":"ListItem","position":1,"name":"Home","item":"https:\/\/hobby4geek.com\/"},{"@type":"ListItem","position":2,"name":"Shop","item":"https:\/\/hobby4geek.com\/shop\/"},{"@type":"ListItem","position":3,"name":"DNA Design &#8211; DK-20 Upgrade Kit (With Bonus)"}]},{"@type":"WebSite","@id":"https:\/\/hobby4geek.com\/#website","url":"https:\/\/hobby4geek.com\/","name":"Hobby4Geek","description":"Collectionnez, jouez et exposez, embrassez votre geekitude","publisher":{"@id":"https:\/\/hobby4geek.com\/#organization"},"potentialAction":[{"@type":"SearchAction","target":{"@type":"EntryPoint","urlTemplate":"https:\/\/hobby4geek.com\/?s={search_term_string}"},"query-input":{"@type":"PropertyValueSpecification","valueRequired":true,"valueName":"search_term_string"}}],"inLanguage":"fr-FR"},{"@type":"Organization","@id":"https:\/\/hobby4geek.com\/#organization","name":"Hobby4Geek","url":"https:\/\/hobby4geek.com\/","logo":{"@type":"ImageObject","inLanguage":"fr-FR","@id":"https:\/\/hobby4geek.com\/#\/schema\/logo\/image\/","url":"https:\/\/hobby4geek.com\/wp-content\/uploads\/2023\/02\/default-kit.png","contentUrl":"https:\/\/hobby4geek.com\/wp-content\/uploads\/2023\/02\/default-kit.png","width":600,"height":600,"caption":"Hobby4Geek"},"image":{"@id":"https:\/\/hobby4geek.com\/#\/schema\/logo\/image\/"},"sameAs":["https:\/\/www.facebook.com\/hobby4geek","https:\/\/x.com\/hobby4geek","https:\/\/www.instagram.com\/hobby4geek\/"]}]},"product_brand":"DNA Design","product_price_amount":"46.80","product_price_currency":"EUR","og_availability":"out of stock","product_availability":"out of stock","product_condition":"new"},"_links":{"self":[{"href":"https:\/\/hobby4geek.com\/fr\/wp-json\/wp\/v2\/product\/140656","targetHints":{"allow":["GET"]}}],"collection":[{"href":"https:\/\/hobby4geek.com\/fr\/wp-json\/wp\/v2\/product"}],"about":[{"href":"https:\/\/hobby4geek.com\/fr\/wp-json\/wp\/v2\/types\/product"}],"replies":[{"embeddable":true,"href":"https:\/\/hobby4geek.com\/fr\/wp-json\/wp\/v2\/comments?post=140656"}],"version-history":[{"count":0,"href":"https:\/\/hobby4geek.com\/fr\/wp-json\/wp\/v2\/product\/140656\/revisions"}],"wp:featuredmedia":[{"embeddable":true,"href":"https:\/\/hobby4geek.com\/fr\/wp-json\/wp\/v2\/media\/180500"}],"wp:attachment":[{"href":"https:\/\/hobby4geek.com\/fr\/wp-json\/wp\/v2\/media?parent=140656"}],"wp:term":[{"taxonomy":"product_brand","embeddable":true,"href":"https:\/\/hobby4geek.com\/fr\/wp-json\/wp\/v2\/product_brand?post=140656"},{"taxonomy":"product_cat","embeddable":true,"href":"https:\/\/hobby4geek.com\/fr\/wp-json\/wp\/v2\/product_cat?post=140656"},{"taxonomy":"product_tag","embeddable":true,"href":"https:\/\/hobby4geek.com\/fr\/wp-json\/wp\/v2\/product_tag?post=140656"},{"taxonomy":"giftcard-category","embeddable":true,"href":"https:\/\/hobby4geek.com\/fr\/wp-json\/wp\/v2\/giftcard-category?post=140656"}],"curies":[{"name":"wp","href":"https:\/\/api.w.org\/{rel}","templated":true}]}}