{"id":140099,"date":"2020-06-13T17:28:53","date_gmt":"2020-06-13T17:28:53","guid":{"rendered":"https:\/\/hobby4geek.com\/?post_type=product&#038;p=140099"},"modified":"2024-05-12T12:58:43","modified_gmt":"2024-05-12T11:58:43","slug":"transformers-earthrise-wfc-e11-leader-optimus-prime-remorque","status":"publish","type":"product","link":"https:\/\/hobby4geek.com\/fr\/produit\/transformers-earthrise-wfc-e11-leader-optimus-prime-remorque\/","title":{"rendered":"Transformers Earthrise : WFC-E11 leader Optimus Prime + Remorque"},"content":{"rendered":"<p>Le si\u00e8ge est termin\u00e9, mais la guerre pour Cybertron ne fait que commencer. Les Autobots et les Decepticons ont quitt\u00e9 Cybertron, mais la bataille fait rage alors qu'ils traversent l'espace \u00e0 la poursuite de l'Allspark. Face aux dangers impr\u00e9vus qui les guettent et aux Decepticons qui les talonnent, la seule issue pour les Autobots est de trouver un moyen de s'\u00e9chapper. Les deux camps doivent affronter les p\u00e9rils de l'espace et s'adapter instantan\u00e9ment pour combattre n'importe o\u00f9 dans le cosmos.<\/p>\n<p>Gr\u00e2ce au syst\u00e8me de verrouillage AIR (Adaptable Interconnection Retrofitter) tr\u00e8s avanc\u00e9, les combattants ne se dirigent pas vers le champ de bataille, ils le deviennent. Les robots capables de se convertir en stations de combat modulaires peuvent s'embo\u00eeter dans des configurations personnalis\u00e9es pour r\u00e9pondre aux besoins du combat.<\/p>\n<p>Alors que la bataille fait rage dans l'espace, le succ\u00e8s d\u00e9pend de la capacit\u00e9 \u00e0 s'adapter au champ de bataille. Mais il n'y a pas que le champ de bataille qui exige de l'adaptabilit\u00e9. Les all\u00e9geances peuvent changer tout aussi rapidement, avec une nouvelle faction de mercenaires introduite dans le monde de Earthrise aux c\u00f4t\u00e9s des Autobots et des Decepticons.<\/p>\n<p><strong>PRODUIT Caract\u00e9ristiques du produit :<\/strong><\/p>\n<ul>\n<li>\u00c9chelle : classe de t\u00eate<\/li>\n<li>Taille du jouet : 7 pouces<\/li>\n<li>Les figurines Earthrise permettent aux fans de cr\u00e9er des sc\u00e8nes de bataille spatiale \u00e9piques<\/li>\n<li>Les figurines peuvent \u00eatre connect\u00e9es pour \u00e9tendre le champ de bataille<\/li>\n<li>Le Optimus Prime peut \u00eatre converti en mode station de combat modulaire<\/li>\n<li>Se convertit en mode camion G1 classique en 35 \u00e9tapes.<\/li>\n<li>En plastique<\/li>\n<li>Le produit est neuf et en parfait \u00e9tat.<\/li>\n<\/ul>","protected":false},"excerpt":{"rendered":"<p><strong>PRODUIT Caract\u00e9ristiques du produit :<\/strong><\/p>\n<ul>\n<li>\u00c9chelle : classe de t\u00eate<\/li>\n<li>Taille du jouet : 7 pouces<\/li>\n<li>Les figurines Earthrise permettent aux fans de cr\u00e9er des sc\u00e8nes de bataille spatiale \u00e9piques<\/li>\n<li>Les figurines peuvent \u00eatre connect\u00e9es pour \u00e9tendre le champ de bataille<\/li>\n<li>Le Optimus Prime peut \u00eatre converti en mode station de combat modulaire<\/li>\n<li>Se convertit en mode camion G1 classique en 35 \u00e9tapes.<\/li>\n<li>En plastique<\/li>\n<li>Le produit est neuf et en parfait \u00e9tat.<\/li>\n<\/ul>","protected":false},"featured_media":180344,"comment_status":"open","ping_status":"closed","template":"","meta":{"inline_featured_image":false},"product_brand":[],"product_cat":[1955,68,69],"product_tag":[1759,199,1003,253,234,1975,996,997,1004],"giftcard-category":[],"class_list":{"0":"post-140099","1":"product","2":"type-product","3":"status-publish","4":"has-post-thumbnail","6":"product_cat-transformers","7":"product_cat-hasbro","8":"product_cat-takara-tomy","9":"product_tag-action-toys","10":"product_tag-autobot","11":"product_tag-e11","12":"product_tag-leader","13":"product_tag-optimus-prime","14":"product_tag-toys-figures","15":"product_tag-transformers-generations-war-for-cybertron","16":"product_tag-wfc","17":"product_tag-wfc-e11","18":"product_shipping_class-from-china","19":"inventories-china-inventory","21":"first","22":"outofstock","23":"taxable","24":"shipping-taxable","25":"purchasable","26":"product-type-simple","27":"add-to-wishlist-after_add_to_cart"},"yoast_head":"<!-- This site is optimized with the Yoast SEO Premium plugin v25.3.1 (Yoast SEO v27.2) - https:\/\/yoast.com\/product\/yoast-seo-premium-wordpress\/ -->\n<title>Transformers Earthrise : WFC-E11 leader Optimus Prime + Remorque<\/title>\n<meta name=\"robots\" content=\"index, follow, max-snippet:-1, max-image-preview:large, max-video-preview:-1\" \/>\n<link rel=\"canonical\" href=\"https:\/\/hobby4geek.com\/fr\/produit\/transformers-earthrise-wfc-e11-leader-optimus-prime-remorque\/\" \/>\n<meta property=\"og:locale\" content=\"fr_FR\" \/>\n<meta property=\"og:type\" content=\"article\" \/>\n<meta property=\"og:title\" content=\"Transformers Earthrise : WFC-E11 leader Optimus Prime + Remorque\" \/>\n<meta property=\"og:description\" content=\"PRODUCT Product Features:   Scale : leading class  Toy size : 7 inches  Earthrise figures let fans build epic space battle scenes  Figures can connect to expand the battlefield  Optimus Prime can convert to Modular Battle Station mode  Converts to classic G1 truck mode in 35 steps and comes  In plastic  The product is new and in perfect condition.\" \/>\n<meta property=\"og:url\" content=\"https:\/\/hobby4geek.com\/fr\/produit\/transformers-earthrise-wfc-e11-leader-optimus-prime-remorque\/\" \/>\n<meta property=\"og:site_name\" content=\"Hobby4Geek\" \/>\n<meta property=\"article:publisher\" content=\"https:\/\/www.facebook.com\/hobby4geek\" \/>\n<meta property=\"article:modified_time\" content=\"2024-05-12T11:58:43+00:00\" \/>\n<meta property=\"og:image\" content=\"https:\/\/hobby4geek.com\/wp-content\/uploads\/2023\/02\/transformers-earthrise-wfc-e11-leader-optimus-prime-remorque-5.jpg\" \/>\n\t<meta property=\"og:image:width\" content=\"640\" \/>\n\t<meta property=\"og:image:height\" content=\"640\" \/>\n\t<meta property=\"og:image:type\" content=\"image\/jpeg\" \/>\n<meta name=\"twitter:card\" content=\"summary_large_image\" \/>\n<meta name=\"twitter:site\" content=\"@hobby4geek\" \/>\n<script type=\"application\/ld+json\" class=\"yoast-schema-graph\">{\"@context\":\"https:\/\/schema.org\",\"@graph\":[{\"@type\":\"WebPage\",\"@id\":\"https:\/\/hobby4geek.com\/product\/transformers-earthrise-wfc-e11-leader-optimus-prime-remorque\/\",\"url\":\"https:\/\/hobby4geek.com\/product\/transformers-earthrise-wfc-e11-leader-optimus-prime-remorque\/\",\"name\":\"Transformers Earthrise : WFC-E11 leader Optimus Prime + Remorque\",\"isPartOf\":{\"@id\":\"https:\/\/hobby4geek.com\/#website\"},\"primaryImageOfPage\":{\"@id\":\"https:\/\/hobby4geek.com\/product\/transformers-earthrise-wfc-e11-leader-optimus-prime-remorque\/#primaryimage\"},\"image\":{\"@id\":\"https:\/\/hobby4geek.com\/product\/transformers-earthrise-wfc-e11-leader-optimus-prime-remorque\/#primaryimage\"},\"thumbnailUrl\":\"https:\/\/hobby4geek.com\/wp-content\/uploads\/2023\/02\/transformers-earthrise-wfc-e11-leader-optimus-prime-remorque-5.jpg\",\"datePublished\":\"2020-06-13T17:28:53+00:00\",\"dateModified\":\"2024-05-12T11:58:43+00:00\",\"breadcrumb\":{\"@id\":\"https:\/\/hobby4geek.com\/product\/transformers-earthrise-wfc-e11-leader-optimus-prime-remorque\/#breadcrumb\"},\"inLanguage\":\"fr-FR\",\"potentialAction\":[{\"@type\":\"ReadAction\",\"target\":[\"https:\/\/hobby4geek.com\/product\/transformers-earthrise-wfc-e11-leader-optimus-prime-remorque\/\"]}]},{\"@type\":\"ImageObject\",\"inLanguage\":\"fr-FR\",\"@id\":\"https:\/\/hobby4geek.com\/product\/transformers-earthrise-wfc-e11-leader-optimus-prime-remorque\/#primaryimage\",\"url\":\"https:\/\/hobby4geek.com\/wp-content\/uploads\/2023\/02\/transformers-earthrise-wfc-e11-leader-optimus-prime-remorque-5.jpg\",\"contentUrl\":\"https:\/\/hobby4geek.com\/wp-content\/uploads\/2023\/02\/transformers-earthrise-wfc-e11-leader-optimus-prime-remorque-5.jpg\",\"width\":640,\"height\":640},{\"@type\":\"BreadcrumbList\",\"@id\":\"https:\/\/hobby4geek.com\/product\/transformers-earthrise-wfc-e11-leader-optimus-prime-remorque\/#breadcrumb\",\"itemListElement\":[{\"@type\":\"ListItem\",\"position\":1,\"name\":\"Home\",\"item\":\"https:\/\/hobby4geek.com\/\"},{\"@type\":\"ListItem\",\"position\":2,\"name\":\"Shop\",\"item\":\"https:\/\/hobby4geek.com\/shop\/\"},{\"@type\":\"ListItem\",\"position\":3,\"name\":\"Transformers Earthrise : WFC-E11 leader Optimus Prime + Remorque\"}]},{\"@type\":\"WebSite\",\"@id\":\"https:\/\/hobby4geek.com\/#website\",\"url\":\"https:\/\/hobby4geek.com\/\",\"name\":\"Hobby4Geek\",\"description\":\"Collect, Play &amp; Showcase, Embrace your Geekiness\",\"publisher\":{\"@id\":\"https:\/\/hobby4geek.com\/#organization\"},\"potentialAction\":[{\"@type\":\"SearchAction\",\"target\":{\"@type\":\"EntryPoint\",\"urlTemplate\":\"https:\/\/hobby4geek.com\/?s={search_term_string}\"},\"query-input\":{\"@type\":\"PropertyValueSpecification\",\"valueRequired\":true,\"valueName\":\"search_term_string\"}}],\"inLanguage\":\"fr-FR\"},{\"@type\":\"Organization\",\"@id\":\"https:\/\/hobby4geek.com\/#organization\",\"name\":\"Hobby4Geek\",\"url\":\"https:\/\/hobby4geek.com\/\",\"logo\":{\"@type\":\"ImageObject\",\"inLanguage\":\"fr-FR\",\"@id\":\"https:\/\/hobby4geek.com\/#\/schema\/logo\/image\/\",\"url\":\"https:\/\/hobby4geek.com\/wp-content\/uploads\/2023\/02\/default-kit.png\",\"contentUrl\":\"https:\/\/hobby4geek.com\/wp-content\/uploads\/2023\/02\/default-kit.png\",\"width\":600,\"height\":600,\"caption\":\"Hobby4Geek\"},\"image\":{\"@id\":\"https:\/\/hobby4geek.com\/#\/schema\/logo\/image\/\"},\"sameAs\":[\"https:\/\/www.facebook.com\/hobby4geek\",\"https:\/\/x.com\/hobby4geek\",\"https:\/\/www.instagram.com\/hobby4geek\/\"]}]}<\/script>\n<meta property=\"product:brand\" content=\"Transformers\" \/>\n<meta property=\"product:price:amount\" content=\"98.00\" \/>\n<meta property=\"product:price:currency\" content=\"EUR\" \/>\n<meta property=\"og:availability\" content=\"out of stock\" \/>\n<meta property=\"product:availability\" content=\"out of stock\" \/>\n<meta property=\"product:condition\" content=\"new\" \/>\n<!-- \/ Yoast SEO Premium plugin. -->","yoast_head_json":{"title":"Transformers Earthrise : WFC-E11 leader Optimus Prime + Remorque","robots":{"index":"index","follow":"follow","max-snippet":"max-snippet:-1","max-image-preview":"max-image-preview:large","max-video-preview":"max-video-preview:-1"},"canonical":"https:\/\/hobby4geek.com\/fr\/produit\/transformers-earthrise-wfc-e11-leader-optimus-prime-remorque\/","og_locale":"fr_FR","og_type":"article","og_title":"Transformers Earthrise : WFC-E11 leader Optimus Prime + Remorque","og_description":"PRODUCT Product Features:   Scale : leading class  Toy size : 7 inches  Earthrise figures let fans build epic space battle scenes  Figures can connect to expand the battlefield  Optimus Prime can convert to Modular Battle Station mode  Converts to classic G1 truck mode in 35 steps and comes  In plastic  The product is new and in perfect condition.","og_url":"https:\/\/hobby4geek.com\/fr\/produit\/transformers-earthrise-wfc-e11-leader-optimus-prime-remorque\/","og_site_name":"Hobby4Geek","article_publisher":"https:\/\/www.facebook.com\/hobby4geek","article_modified_time":"2024-05-12T11:58:43+00:00","og_image":[{"width":640,"height":640,"url":"https:\/\/hobby4geek.com\/wp-content\/uploads\/2023\/02\/transformers-earthrise-wfc-e11-leader-optimus-prime-remorque-5.jpg","type":"image\/jpeg"}],"twitter_card":"summary_large_image","twitter_site":"@hobby4geek","schema":{"@context":"https:\/\/schema.org","@graph":[{"@type":"WebPage","@id":"https:\/\/hobby4geek.com\/product\/transformers-earthrise-wfc-e11-leader-optimus-prime-remorque\/","url":"https:\/\/hobby4geek.com\/product\/transformers-earthrise-wfc-e11-leader-optimus-prime-remorque\/","name":"Transformers Earthrise : WFC-E11 leader Optimus Prime + Remorque","isPartOf":{"@id":"https:\/\/hobby4geek.com\/#website"},"primaryImageOfPage":{"@id":"https:\/\/hobby4geek.com\/product\/transformers-earthrise-wfc-e11-leader-optimus-prime-remorque\/#primaryimage"},"image":{"@id":"https:\/\/hobby4geek.com\/product\/transformers-earthrise-wfc-e11-leader-optimus-prime-remorque\/#primaryimage"},"thumbnailUrl":"https:\/\/hobby4geek.com\/wp-content\/uploads\/2023\/02\/transformers-earthrise-wfc-e11-leader-optimus-prime-remorque-5.jpg","datePublished":"2020-06-13T17:28:53+00:00","dateModified":"2024-05-12T11:58:43+00:00","breadcrumb":{"@id":"https:\/\/hobby4geek.com\/product\/transformers-earthrise-wfc-e11-leader-optimus-prime-remorque\/#breadcrumb"},"inLanguage":"fr-FR","potentialAction":[{"@type":"ReadAction","target":["https:\/\/hobby4geek.com\/product\/transformers-earthrise-wfc-e11-leader-optimus-prime-remorque\/"]}]},{"@type":"ImageObject","inLanguage":"fr-FR","@id":"https:\/\/hobby4geek.com\/product\/transformers-earthrise-wfc-e11-leader-optimus-prime-remorque\/#primaryimage","url":"https:\/\/hobby4geek.com\/wp-content\/uploads\/2023\/02\/transformers-earthrise-wfc-e11-leader-optimus-prime-remorque-5.jpg","contentUrl":"https:\/\/hobby4geek.com\/wp-content\/uploads\/2023\/02\/transformers-earthrise-wfc-e11-leader-optimus-prime-remorque-5.jpg","width":640,"height":640},{"@type":"BreadcrumbList","@id":"https:\/\/hobby4geek.com\/product\/transformers-earthrise-wfc-e11-leader-optimus-prime-remorque\/#breadcrumb","itemListElement":[{"@type":"ListItem","position":1,"name":"Home","item":"https:\/\/hobby4geek.com\/"},{"@type":"ListItem","position":2,"name":"Shop","item":"https:\/\/hobby4geek.com\/shop\/"},{"@type":"ListItem","position":3,"name":"Transformers Earthrise : WFC-E11 leader Optimus Prime + Remorque"}]},{"@type":"WebSite","@id":"https:\/\/hobby4geek.com\/#website","url":"https:\/\/hobby4geek.com\/","name":"Hobby4Geek","description":"Collectionnez, jouez et exposez, embrassez votre geekitude","publisher":{"@id":"https:\/\/hobby4geek.com\/#organization"},"potentialAction":[{"@type":"SearchAction","target":{"@type":"EntryPoint","urlTemplate":"https:\/\/hobby4geek.com\/?s={search_term_string}"},"query-input":{"@type":"PropertyValueSpecification","valueRequired":true,"valueName":"search_term_string"}}],"inLanguage":"fr-FR"},{"@type":"Organization","@id":"https:\/\/hobby4geek.com\/#organization","name":"Hobby4Geek","url":"https:\/\/hobby4geek.com\/","logo":{"@type":"ImageObject","inLanguage":"fr-FR","@id":"https:\/\/hobby4geek.com\/#\/schema\/logo\/image\/","url":"https:\/\/hobby4geek.com\/wp-content\/uploads\/2023\/02\/default-kit.png","contentUrl":"https:\/\/hobby4geek.com\/wp-content\/uploads\/2023\/02\/default-kit.png","width":600,"height":600,"caption":"Hobby4Geek"},"image":{"@id":"https:\/\/hobby4geek.com\/#\/schema\/logo\/image\/"},"sameAs":["https:\/\/www.facebook.com\/hobby4geek","https:\/\/x.com\/hobby4geek","https:\/\/www.instagram.com\/hobby4geek\/"]}]},"product_brand":"Transformers","product_price_amount":"98.00","product_price_currency":"EUR","og_availability":"out of stock","product_availability":"out of stock","product_condition":"new"},"_links":{"self":[{"href":"https:\/\/hobby4geek.com\/fr\/wp-json\/wp\/v2\/product\/140099","targetHints":{"allow":["GET"]}}],"collection":[{"href":"https:\/\/hobby4geek.com\/fr\/wp-json\/wp\/v2\/product"}],"about":[{"href":"https:\/\/hobby4geek.com\/fr\/wp-json\/wp\/v2\/types\/product"}],"replies":[{"embeddable":true,"href":"https:\/\/hobby4geek.com\/fr\/wp-json\/wp\/v2\/comments?post=140099"}],"version-history":[{"count":0,"href":"https:\/\/hobby4geek.com\/fr\/wp-json\/wp\/v2\/product\/140099\/revisions"}],"wp:featuredmedia":[{"embeddable":true,"href":"https:\/\/hobby4geek.com\/fr\/wp-json\/wp\/v2\/media\/180344"}],"wp:attachment":[{"href":"https:\/\/hobby4geek.com\/fr\/wp-json\/wp\/v2\/media?parent=140099"}],"wp:term":[{"taxonomy":"product_brand","embeddable":true,"href":"https:\/\/hobby4geek.com\/fr\/wp-json\/wp\/v2\/product_brand?post=140099"},{"taxonomy":"product_cat","embeddable":true,"href":"https:\/\/hobby4geek.com\/fr\/wp-json\/wp\/v2\/product_cat?post=140099"},{"taxonomy":"product_tag","embeddable":true,"href":"https:\/\/hobby4geek.com\/fr\/wp-json\/wp\/v2\/product_tag?post=140099"},{"taxonomy":"giftcard-category","embeddable":true,"href":"https:\/\/hobby4geek.com\/fr\/wp-json\/wp\/v2\/giftcard-category?post=140099"}],"curies":[{"name":"wp","href":"https:\/\/api.w.org\/{rel}","templated":true}]}}