{"id":139664,"date":"2020-11-10T00:11:17","date_gmt":"2020-11-10T00:11:17","guid":{"rendered":"https:\/\/hobby4geek.com\/?post_type=product&#038;p=139664"},"modified":"2024-05-12T12:55:26","modified_gmt":"2024-05-12T11:55:26","slug":"masterpiece-movie-series-mpm-11-autobot-ratchet","status":"publish","type":"product","link":"https:\/\/hobby4geek.com\/fr\/produit\/masterpiece-movie-series-mpm-11-autobot-ratchet\/","title":{"rendered":"Transformers : Masterpiece Movie Series MPM-11 Autobot Ratchet"},"content":{"rendered":"<p>Hasbro a sorti la nouvelle figurine de sa gamme Movie Masterpiece de figurines TRANSFORMERS - l'Autobot MPM-11 Ratchet de 17,5 cm de haut !<\/p>\n<p>Cette figurine de collection TRANSFORMERS est inspir\u00e9e des fichiers CAO du premier film Transformers et comporte des pi\u00e8ces moul\u00e9es sous pression et 150 d\u00e9tails de peinture avec plus de 35 points d'articulation. tir\u00e9 de TRANSFORMERS 2007.<\/p>\n<p>La figurine repr\u00e9sente l'Autobot Medic Ratchet avec des mains tr\u00e8s articul\u00e9es et une bouche posable.<br \/>\nComprend un canon laser, une scie circulaire et deux accessoires de fixation du bras lanceur de missiles.<\/p>\n<p>Convertissez le robot en mode v\u00e9hicule de sauvetage Hummer H2 inspir\u00e9 d'un film en 61 \u00e9tapes.<\/p>\n<p><strong><br \/>\nCaract\u00e9ristiques du produit :<\/strong><\/p>\n<ul>\n<li>Figurine authentique et ultra-premium du Docteur Ratchet !<\/li>\n<li>Inspir\u00e9 du film d'action Transformers de 2007.<\/li>\n<li>Plastique et moul\u00e9<\/li>\n<li>7 pouces \/ 17,5 cm de hauteur<\/li>\n<li>Ratchet est livr\u00e9 avec un canon laser, une scie circulaire et 2 accessoires de fixation du bras lance-missiles.<\/li>\n<li>Comprend 35 points d'articulation, y compris les mains et la bouche !<\/li>\n<li>Conversion en 61 \u00e9tapes<\/li>\n<\/ul>","protected":false},"excerpt":{"rendered":"<p>Caract\u00e9ristiques du produit :<\/p>\n<ul>\n<li>Figurine authentique et ultra-premium du Docteur Ratchet !<\/li>\n<li>Inspir\u00e9 du film d'action Transformers de 2007.<\/li>\n<li>Plastique et moul\u00e9<\/li>\n<li>7 pouces \/ 17,5 cm de hauteur<\/li>\n<li>Ratchet est livr\u00e9 avec un canon laser, une scie circulaire et 2 accessoires de fixation du bras lance-missiles.<\/li>\n<li>Comprend 35 points d'articulation, y compris les mains et la bouche !<\/li>\n<li>Conversion en 61 \u00e9tapes<\/li>\n<\/ul>","protected":false},"featured_media":180189,"comment_status":"open","ping_status":"closed","template":"","meta":{"inline_featured_image":false},"product_brand":[],"product_cat":[1955,68,69],"product_tag":[200,1759,199,202,955,265,245,203,1975,204],"giftcard-category":[],"class_list":{"0":"post-139664","1":"product","2":"type-product","3":"status-publish","4":"has-post-thumbnail","6":"product_cat-transformers","7":"product_cat-hasbro","8":"product_cat-takara-tomy","9":"product_tag-action-figures","10":"product_tag-action-toys","11":"product_tag-autobot","12":"product_tag-masterpiece-movie-series","13":"product_tag-mpm-11","14":"product_tag-pre-orders","15":"product_tag-ratchet","16":"product_tag-takara-tomy","17":"product_tag-toys-figures","18":"product_tag-transformers","19":"product_shipping_class-from-china","20":"inventories-china-inventory","22":"first","23":"outofstock","24":"taxable","25":"shipping-taxable","26":"purchasable","27":"product-type-simple","28":"add-to-wishlist-after_add_to_cart"},"yoast_head":"<!-- This site is optimized with the Yoast SEO Premium plugin v25.3.1 (Yoast SEO v27.2) - https:\/\/yoast.com\/product\/yoast-seo-premium-wordpress\/ -->\n<title>Transformers: Masterpiece Movie Series MPM-11 Autobot Ratchet<\/title>\n<meta name=\"robots\" content=\"index, follow, max-snippet:-1, max-image-preview:large, max-video-preview:-1\" \/>\n<link rel=\"canonical\" href=\"https:\/\/hobby4geek.com\/fr\/produit\/masterpiece-movie-series-mpm-11-autobot-ratchet\/\" \/>\n<meta property=\"og:locale\" content=\"fr_FR\" \/>\n<meta property=\"og:type\" content=\"article\" \/>\n<meta property=\"og:title\" content=\"Transformers: Masterpiece Movie Series MPM-11 Autobot Ratchet\" \/>\n<meta property=\"og:description\" content=\"Product Features:   Authentic and ultra-premium figurine of Doctor Ratchet!  Inspired by the 2007 Transformers live action movie.  Plastic and molded  7 inches \/ 17.5 cm tall  Ratchet comes with laser cannon, circular saw and 2 missile arm attachment accessories  Features 35 points of articulation, including hands, and mouth!  Converts in 61 steps\" \/>\n<meta property=\"og:url\" content=\"https:\/\/hobby4geek.com\/fr\/produit\/masterpiece-movie-series-mpm-11-autobot-ratchet\/\" \/>\n<meta property=\"og:site_name\" content=\"Hobby4Geek\" \/>\n<meta property=\"article:publisher\" content=\"https:\/\/www.facebook.com\/hobby4geek\" \/>\n<meta property=\"article:modified_time\" content=\"2024-05-12T11:55:26+00:00\" \/>\n<meta property=\"og:image\" content=\"https:\/\/hobby4geek.com\/wp-content\/uploads\/2023\/02\/masterpiece-movie-series-mpm-11-autobot-ratchet-18.jpg\" \/>\n\t<meta property=\"og:image:width\" content=\"900\" \/>\n\t<meta property=\"og:image:height\" content=\"900\" \/>\n\t<meta property=\"og:image:type\" content=\"image\/jpeg\" \/>\n<meta name=\"twitter:card\" content=\"summary_large_image\" \/>\n<meta name=\"twitter:site\" content=\"@hobby4geek\" \/>\n<script type=\"application\/ld+json\" class=\"yoast-schema-graph\">{\"@context\":\"https:\/\/schema.org\",\"@graph\":[{\"@type\":\"WebPage\",\"@id\":\"https:\/\/hobby4geek.com\/product\/masterpiece-movie-series-mpm-11-autobot-ratchet\/\",\"url\":\"https:\/\/hobby4geek.com\/product\/masterpiece-movie-series-mpm-11-autobot-ratchet\/\",\"name\":\"Transformers: Masterpiece Movie Series MPM-11 Autobot Ratchet\",\"isPartOf\":{\"@id\":\"https:\/\/hobby4geek.com\/#website\"},\"primaryImageOfPage\":{\"@id\":\"https:\/\/hobby4geek.com\/product\/masterpiece-movie-series-mpm-11-autobot-ratchet\/#primaryimage\"},\"image\":{\"@id\":\"https:\/\/hobby4geek.com\/product\/masterpiece-movie-series-mpm-11-autobot-ratchet\/#primaryimage\"},\"thumbnailUrl\":\"https:\/\/hobby4geek.com\/wp-content\/uploads\/2023\/02\/masterpiece-movie-series-mpm-11-autobot-ratchet-18.jpg\",\"datePublished\":\"2020-11-10T00:11:17+00:00\",\"dateModified\":\"2024-05-12T11:55:26+00:00\",\"breadcrumb\":{\"@id\":\"https:\/\/hobby4geek.com\/product\/masterpiece-movie-series-mpm-11-autobot-ratchet\/#breadcrumb\"},\"inLanguage\":\"fr-FR\",\"potentialAction\":[{\"@type\":\"ReadAction\",\"target\":[\"https:\/\/hobby4geek.com\/product\/masterpiece-movie-series-mpm-11-autobot-ratchet\/\"]}]},{\"@type\":\"ImageObject\",\"inLanguage\":\"fr-FR\",\"@id\":\"https:\/\/hobby4geek.com\/product\/masterpiece-movie-series-mpm-11-autobot-ratchet\/#primaryimage\",\"url\":\"https:\/\/hobby4geek.com\/wp-content\/uploads\/2023\/02\/masterpiece-movie-series-mpm-11-autobot-ratchet-18.jpg\",\"contentUrl\":\"https:\/\/hobby4geek.com\/wp-content\/uploads\/2023\/02\/masterpiece-movie-series-mpm-11-autobot-ratchet-18.jpg\",\"width\":900,\"height\":900,\"caption\":\"Masterpiece Movie Series Mpm 11 Autobot Ratchet 18\"},{\"@type\":\"BreadcrumbList\",\"@id\":\"https:\/\/hobby4geek.com\/product\/masterpiece-movie-series-mpm-11-autobot-ratchet\/#breadcrumb\",\"itemListElement\":[{\"@type\":\"ListItem\",\"position\":1,\"name\":\"Home\",\"item\":\"https:\/\/hobby4geek.com\/\"},{\"@type\":\"ListItem\",\"position\":2,\"name\":\"Shop\",\"item\":\"https:\/\/hobby4geek.com\/shop\/\"},{\"@type\":\"ListItem\",\"position\":3,\"name\":\"Transformers: Masterpiece Movie Series MPM-11 Autobot Ratchet\"}]},{\"@type\":\"WebSite\",\"@id\":\"https:\/\/hobby4geek.com\/#website\",\"url\":\"https:\/\/hobby4geek.com\/\",\"name\":\"Hobby4Geek\",\"description\":\"Collect, Play &amp; Showcase, Embrace your Geekiness\",\"publisher\":{\"@id\":\"https:\/\/hobby4geek.com\/#organization\"},\"potentialAction\":[{\"@type\":\"SearchAction\",\"target\":{\"@type\":\"EntryPoint\",\"urlTemplate\":\"https:\/\/hobby4geek.com\/?s={search_term_string}\"},\"query-input\":{\"@type\":\"PropertyValueSpecification\",\"valueRequired\":true,\"valueName\":\"search_term_string\"}}],\"inLanguage\":\"fr-FR\"},{\"@type\":\"Organization\",\"@id\":\"https:\/\/hobby4geek.com\/#organization\",\"name\":\"Hobby4Geek\",\"url\":\"https:\/\/hobby4geek.com\/\",\"logo\":{\"@type\":\"ImageObject\",\"inLanguage\":\"fr-FR\",\"@id\":\"https:\/\/hobby4geek.com\/#\/schema\/logo\/image\/\",\"url\":\"https:\/\/hobby4geek.com\/wp-content\/uploads\/2023\/02\/default-kit.png\",\"contentUrl\":\"https:\/\/hobby4geek.com\/wp-content\/uploads\/2023\/02\/default-kit.png\",\"width\":600,\"height\":600,\"caption\":\"Hobby4Geek\"},\"image\":{\"@id\":\"https:\/\/hobby4geek.com\/#\/schema\/logo\/image\/\"},\"sameAs\":[\"https:\/\/www.facebook.com\/hobby4geek\",\"https:\/\/x.com\/hobby4geek\",\"https:\/\/www.instagram.com\/hobby4geek\/\"]}]}<\/script>\n<meta property=\"product:brand\" content=\"Transformers\" \/>\n<meta property=\"product:price:amount\" content=\"134.00\" \/>\n<meta property=\"product:price:currency\" content=\"EUR\" \/>\n<meta property=\"og:availability\" content=\"out of stock\" \/>\n<meta property=\"product:availability\" content=\"out of stock\" \/>\n<meta property=\"product:condition\" content=\"new\" \/>\n<!-- \/ Yoast SEO Premium plugin. -->","yoast_head_json":{"title":"Transformers : Masterpiece Movie Series MPM-11 Autobot Ratchet","robots":{"index":"index","follow":"follow","max-snippet":"max-snippet:-1","max-image-preview":"max-image-preview:large","max-video-preview":"max-video-preview:-1"},"canonical":"https:\/\/hobby4geek.com\/fr\/produit\/masterpiece-movie-series-mpm-11-autobot-ratchet\/","og_locale":"fr_FR","og_type":"article","og_title":"Transformers: Masterpiece Movie Series MPM-11 Autobot Ratchet","og_description":"Product Features:   Authentic and ultra-premium figurine of Doctor Ratchet!  Inspired by the 2007 Transformers live action movie.  Plastic and molded  7 inches \/ 17.5 cm tall  Ratchet comes with laser cannon, circular saw and 2 missile arm attachment accessories  Features 35 points of articulation, including hands, and mouth!  Converts in 61 steps","og_url":"https:\/\/hobby4geek.com\/fr\/produit\/masterpiece-movie-series-mpm-11-autobot-ratchet\/","og_site_name":"Hobby4Geek","article_publisher":"https:\/\/www.facebook.com\/hobby4geek","article_modified_time":"2024-05-12T11:55:26+00:00","og_image":[{"width":900,"height":900,"url":"https:\/\/hobby4geek.com\/wp-content\/uploads\/2023\/02\/masterpiece-movie-series-mpm-11-autobot-ratchet-18.jpg","type":"image\/jpeg"}],"twitter_card":"summary_large_image","twitter_site":"@hobby4geek","schema":{"@context":"https:\/\/schema.org","@graph":[{"@type":"WebPage","@id":"https:\/\/hobby4geek.com\/product\/masterpiece-movie-series-mpm-11-autobot-ratchet\/","url":"https:\/\/hobby4geek.com\/product\/masterpiece-movie-series-mpm-11-autobot-ratchet\/","name":"Transformers : Masterpiece Movie Series MPM-11 Autobot Ratchet","isPartOf":{"@id":"https:\/\/hobby4geek.com\/#website"},"primaryImageOfPage":{"@id":"https:\/\/hobby4geek.com\/product\/masterpiece-movie-series-mpm-11-autobot-ratchet\/#primaryimage"},"image":{"@id":"https:\/\/hobby4geek.com\/product\/masterpiece-movie-series-mpm-11-autobot-ratchet\/#primaryimage"},"thumbnailUrl":"https:\/\/hobby4geek.com\/wp-content\/uploads\/2023\/02\/masterpiece-movie-series-mpm-11-autobot-ratchet-18.jpg","datePublished":"2020-11-10T00:11:17+00:00","dateModified":"2024-05-12T11:55:26+00:00","breadcrumb":{"@id":"https:\/\/hobby4geek.com\/product\/masterpiece-movie-series-mpm-11-autobot-ratchet\/#breadcrumb"},"inLanguage":"fr-FR","potentialAction":[{"@type":"ReadAction","target":["https:\/\/hobby4geek.com\/product\/masterpiece-movie-series-mpm-11-autobot-ratchet\/"]}]},{"@type":"ImageObject","inLanguage":"fr-FR","@id":"https:\/\/hobby4geek.com\/product\/masterpiece-movie-series-mpm-11-autobot-ratchet\/#primaryimage","url":"https:\/\/hobby4geek.com\/wp-content\/uploads\/2023\/02\/masterpiece-movie-series-mpm-11-autobot-ratchet-18.jpg","contentUrl":"https:\/\/hobby4geek.com\/wp-content\/uploads\/2023\/02\/masterpiece-movie-series-mpm-11-autobot-ratchet-18.jpg","width":900,"height":900,"caption":"Masterpiece Movie Series Mpm 11 Autobot Ratchet 18"},{"@type":"BreadcrumbList","@id":"https:\/\/hobby4geek.com\/product\/masterpiece-movie-series-mpm-11-autobot-ratchet\/#breadcrumb","itemListElement":[{"@type":"ListItem","position":1,"name":"Home","item":"https:\/\/hobby4geek.com\/"},{"@type":"ListItem","position":2,"name":"Shop","item":"https:\/\/hobby4geek.com\/shop\/"},{"@type":"ListItem","position":3,"name":"Transformers: Masterpiece Movie Series MPM-11 Autobot Ratchet"}]},{"@type":"WebSite","@id":"https:\/\/hobby4geek.com\/#website","url":"https:\/\/hobby4geek.com\/","name":"Hobby4Geek","description":"Collectionnez, jouez et exposez, embrassez votre geekitude","publisher":{"@id":"https:\/\/hobby4geek.com\/#organization"},"potentialAction":[{"@type":"SearchAction","target":{"@type":"EntryPoint","urlTemplate":"https:\/\/hobby4geek.com\/?s={search_term_string}"},"query-input":{"@type":"PropertyValueSpecification","valueRequired":true,"valueName":"search_term_string"}}],"inLanguage":"fr-FR"},{"@type":"Organization","@id":"https:\/\/hobby4geek.com\/#organization","name":"Hobby4Geek","url":"https:\/\/hobby4geek.com\/","logo":{"@type":"ImageObject","inLanguage":"fr-FR","@id":"https:\/\/hobby4geek.com\/#\/schema\/logo\/image\/","url":"https:\/\/hobby4geek.com\/wp-content\/uploads\/2023\/02\/default-kit.png","contentUrl":"https:\/\/hobby4geek.com\/wp-content\/uploads\/2023\/02\/default-kit.png","width":600,"height":600,"caption":"Hobby4Geek"},"image":{"@id":"https:\/\/hobby4geek.com\/#\/schema\/logo\/image\/"},"sameAs":["https:\/\/www.facebook.com\/hobby4geek","https:\/\/x.com\/hobby4geek","https:\/\/www.instagram.com\/hobby4geek\/"]}]},"product_brand":"Transformers","product_price_amount":"134.00","product_price_currency":"EUR","og_availability":"out of stock","product_availability":"out of stock","product_condition":"new"},"_links":{"self":[{"href":"https:\/\/hobby4geek.com\/fr\/wp-json\/wp\/v2\/product\/139664","targetHints":{"allow":["GET"]}}],"collection":[{"href":"https:\/\/hobby4geek.com\/fr\/wp-json\/wp\/v2\/product"}],"about":[{"href":"https:\/\/hobby4geek.com\/fr\/wp-json\/wp\/v2\/types\/product"}],"replies":[{"embeddable":true,"href":"https:\/\/hobby4geek.com\/fr\/wp-json\/wp\/v2\/comments?post=139664"}],"version-history":[{"count":0,"href":"https:\/\/hobby4geek.com\/fr\/wp-json\/wp\/v2\/product\/139664\/revisions"}],"wp:featuredmedia":[{"embeddable":true,"href":"https:\/\/hobby4geek.com\/fr\/wp-json\/wp\/v2\/media\/180189"}],"wp:attachment":[{"href":"https:\/\/hobby4geek.com\/fr\/wp-json\/wp\/v2\/media?parent=139664"}],"wp:term":[{"taxonomy":"product_brand","embeddable":true,"href":"https:\/\/hobby4geek.com\/fr\/wp-json\/wp\/v2\/product_brand?post=139664"},{"taxonomy":"product_cat","embeddable":true,"href":"https:\/\/hobby4geek.com\/fr\/wp-json\/wp\/v2\/product_cat?post=139664"},{"taxonomy":"product_tag","embeddable":true,"href":"https:\/\/hobby4geek.com\/fr\/wp-json\/wp\/v2\/product_tag?post=139664"},{"taxonomy":"giftcard-category","embeddable":true,"href":"https:\/\/hobby4geek.com\/fr\/wp-json\/wp\/v2\/giftcard-category?post=139664"}],"curies":[{"name":"wp","href":"https:\/\/api.w.org\/{rel}","templated":true}]}}