{"id":139564,"date":"2020-11-10T04:21:52","date_gmt":"2020-11-10T04:21:52","guid":{"rendered":"https:\/\/hobby4geek.com\/?post_type=product&#038;p=139564"},"modified":"2024-05-12T13:28:09","modified_gmt":"2024-05-12T12:28:09","slug":"dna-design-dk-16-gear-master-upgrade-kit-for-ss-08-ss-49-ss-61","status":"publish","type":"product","link":"https:\/\/hobby4geek.com\/fr\/produit\/dna-design-dk-16-gear-master-upgrade-kit-for-ss-08-ss-49-ss-61\/","title":{"rendered":"DNA Design - DK-16 Gear Master : Kit de mise \u00e0 niveau pour SS-08, SS-49 &amp; SS-61"},"content":{"rendered":"<p>Le kit de mise \u00e0 niveau \"DK-16 Gear Master\" pour le Studio Series : 49 Bumblebee, 61 Sentinel Prime et 08 Blackout, contient une s\u00e9lection d'accessoires compatibles et de nouvelles fixations am\u00e9lior\u00e9es.<\/p>\n<ul>\n<li>Bouclier<\/li>\n<li>2 lames<\/li>\n<li>blaster de poignet<\/li>\n<li>Nacelle de missiles<\/li>\n<li>3 Pi\u00e8ces d\u00e9tach\u00e9es automobiles<\/li>\n<li>Lames de rotor<\/li>\n<li>2 mains<\/li>\n<li>3 pistolets blasters<\/li>\n<li>blaster de poitrine<\/li>\n<\/ul>","protected":false},"excerpt":{"rendered":"<ul>\n<li>Bouclier<\/li>\n<li>2 lames<\/li>\n<li>blaster de poignet<\/li>\n<li>Nacelle de missiles<\/li>\n<li>3 Pi\u00e8ces d\u00e9tach\u00e9es automobiles<\/li>\n<li>Lames de rotor<\/li>\n<li>2 mains<\/li>\n<li>3 pistolets blasters<\/li>\n<li>blaster de poitrine<\/li>\n<li style=\"list-style-type: none;\"><\/li>\n<\/ul>","protected":false},"featured_media":180139,"comment_status":"open","ping_status":"closed","template":"","meta":{"inline_featured_image":false},"product_brand":[],"product_cat":[78],"product_tag":[274,199,256,224,221,946,947,276,265,842,948,949,950,240,1975,204,442],"giftcard-category":[],"class_list":{"0":"post-139564","1":"product","2":"type-product","3":"status-publish","4":"has-post-thumbnail","6":"product_cat-dna-design","7":"product_tag-add-ons","8":"product_tag-autobot","9":"product_tag-blackout","10":"product_tag-bumblebee","11":"product_tag-decepticon","12":"product_tag-dk-16","13":"product_tag-dk-16-gear-master","14":"product_tag-dna-design","15":"product_tag-pre-orders","16":"product_tag-sentinel-prime","17":"product_tag-ss-08","18":"product_tag-ss-49","19":"product_tag-ss-61","20":"product_tag-studio-series","21":"product_tag-toys-figures","22":"product_tag-transformers","23":"product_tag-upgrade-kit","24":"product_shipping_class-from-china","25":"inventories-china-inventory","27":"first","28":"outofstock","29":"taxable","30":"shipping-taxable","31":"purchasable","32":"product-type-simple","33":"add-to-wishlist-after_add_to_cart"},"yoast_head":"<!-- This site is optimized with the Yoast SEO Premium plugin v25.3.1 (Yoast SEO v27.2) - https:\/\/yoast.com\/product\/yoast-seo-premium-wordpress\/ -->\n<title>DNA Design - DK-16 Gear Master : Upgrade Kit for SS-08, SS-49 &amp; SS-61<\/title>\n<meta name=\"robots\" content=\"index, follow, max-snippet:-1, max-image-preview:large, max-video-preview:-1\" \/>\n<link rel=\"canonical\" href=\"https:\/\/hobby4geek.com\/fr\/produit\/dna-design-dk-16-gear-master-upgrade-kit-for-ss-08-ss-49-ss-61\/\" \/>\n<meta property=\"og:locale\" content=\"fr_FR\" \/>\n<meta property=\"og:type\" content=\"article\" \/>\n<meta property=\"og:title\" content=\"DNA Design - DK-16 Gear Master : Upgrade Kit for SS-08, SS-49 &amp; SS-61\" \/>\n<meta property=\"og:description\" content=\"Shield  2 blades  wrist blaster  Missile Pod  3 Car spare parts  Rotor blades  2 hands  3 blaster pistols  chest blaster\" \/>\n<meta property=\"og:url\" content=\"https:\/\/hobby4geek.com\/fr\/produit\/dna-design-dk-16-gear-master-upgrade-kit-for-ss-08-ss-49-ss-61\/\" \/>\n<meta property=\"og:site_name\" content=\"Hobby4Geek\" \/>\n<meta property=\"article:publisher\" content=\"https:\/\/www.facebook.com\/hobby4geek\" \/>\n<meta property=\"article:modified_time\" content=\"2024-05-12T12:28:09+00:00\" \/>\n<meta property=\"og:image\" content=\"https:\/\/hobby4geek.com\/wp-content\/uploads\/2023\/02\/dna-design-dk-16-gear-master-upgrade-kit-for-ss-08-ss-49-ss-61.jpg\" \/>\n\t<meta property=\"og:image:width\" content=\"720\" \/>\n\t<meta property=\"og:image:height\" content=\"540\" \/>\n\t<meta property=\"og:image:type\" content=\"image\/jpeg\" \/>\n<meta name=\"twitter:card\" content=\"summary_large_image\" \/>\n<meta name=\"twitter:site\" content=\"@hobby4geek\" \/>\n<script type=\"application\/ld+json\" class=\"yoast-schema-graph\">{\"@context\":\"https:\/\/schema.org\",\"@graph\":[{\"@type\":\"WebPage\",\"@id\":\"https:\/\/hobby4geek.com\/product\/dna-design-dk-16-gear-master-upgrade-kit-for-ss-08-ss-49-ss-61\/\",\"url\":\"https:\/\/hobby4geek.com\/product\/dna-design-dk-16-gear-master-upgrade-kit-for-ss-08-ss-49-ss-61\/\",\"name\":\"DNA Design - DK-16 Gear Master : Upgrade Kit for SS-08, SS-49 & SS-61\",\"isPartOf\":{\"@id\":\"https:\/\/hobby4geek.com\/#website\"},\"primaryImageOfPage\":{\"@id\":\"https:\/\/hobby4geek.com\/product\/dna-design-dk-16-gear-master-upgrade-kit-for-ss-08-ss-49-ss-61\/#primaryimage\"},\"image\":{\"@id\":\"https:\/\/hobby4geek.com\/product\/dna-design-dk-16-gear-master-upgrade-kit-for-ss-08-ss-49-ss-61\/#primaryimage\"},\"thumbnailUrl\":\"https:\/\/hobby4geek.com\/wp-content\/uploads\/2023\/02\/dna-design-dk-16-gear-master-upgrade-kit-for-ss-08-ss-49-ss-61.jpg\",\"datePublished\":\"2020-11-10T04:21:52+00:00\",\"dateModified\":\"2024-05-12T12:28:09+00:00\",\"breadcrumb\":{\"@id\":\"https:\/\/hobby4geek.com\/product\/dna-design-dk-16-gear-master-upgrade-kit-for-ss-08-ss-49-ss-61\/#breadcrumb\"},\"inLanguage\":\"fr-FR\",\"potentialAction\":[{\"@type\":\"ReadAction\",\"target\":[\"https:\/\/hobby4geek.com\/product\/dna-design-dk-16-gear-master-upgrade-kit-for-ss-08-ss-49-ss-61\/\"]}]},{\"@type\":\"ImageObject\",\"inLanguage\":\"fr-FR\",\"@id\":\"https:\/\/hobby4geek.com\/product\/dna-design-dk-16-gear-master-upgrade-kit-for-ss-08-ss-49-ss-61\/#primaryimage\",\"url\":\"https:\/\/hobby4geek.com\/wp-content\/uploads\/2023\/02\/dna-design-dk-16-gear-master-upgrade-kit-for-ss-08-ss-49-ss-61.jpg\",\"contentUrl\":\"https:\/\/hobby4geek.com\/wp-content\/uploads\/2023\/02\/dna-design-dk-16-gear-master-upgrade-kit-for-ss-08-ss-49-ss-61.jpg\",\"width\":720,\"height\":540,\"caption\":\"46c9465b 36e4 475b A0fd 16136a429fd8\"},{\"@type\":\"BreadcrumbList\",\"@id\":\"https:\/\/hobby4geek.com\/product\/dna-design-dk-16-gear-master-upgrade-kit-for-ss-08-ss-49-ss-61\/#breadcrumb\",\"itemListElement\":[{\"@type\":\"ListItem\",\"position\":1,\"name\":\"Home\",\"item\":\"https:\/\/hobby4geek.com\/\"},{\"@type\":\"ListItem\",\"position\":2,\"name\":\"Shop\",\"item\":\"https:\/\/hobby4geek.com\/shop\/\"},{\"@type\":\"ListItem\",\"position\":3,\"name\":\"DNA Design &#8211; DK-16 Gear Master : Upgrade Kit for SS-08, SS-49 &#038; SS-61\"}]},{\"@type\":\"WebSite\",\"@id\":\"https:\/\/hobby4geek.com\/#website\",\"url\":\"https:\/\/hobby4geek.com\/\",\"name\":\"Hobby4Geek\",\"description\":\"Collect, Play &amp; Showcase, Embrace your Geekiness\",\"publisher\":{\"@id\":\"https:\/\/hobby4geek.com\/#organization\"},\"potentialAction\":[{\"@type\":\"SearchAction\",\"target\":{\"@type\":\"EntryPoint\",\"urlTemplate\":\"https:\/\/hobby4geek.com\/?s={search_term_string}\"},\"query-input\":{\"@type\":\"PropertyValueSpecification\",\"valueRequired\":true,\"valueName\":\"search_term_string\"}}],\"inLanguage\":\"fr-FR\"},{\"@type\":\"Organization\",\"@id\":\"https:\/\/hobby4geek.com\/#organization\",\"name\":\"Hobby4Geek\",\"url\":\"https:\/\/hobby4geek.com\/\",\"logo\":{\"@type\":\"ImageObject\",\"inLanguage\":\"fr-FR\",\"@id\":\"https:\/\/hobby4geek.com\/#\/schema\/logo\/image\/\",\"url\":\"https:\/\/hobby4geek.com\/wp-content\/uploads\/2023\/02\/default-kit.png\",\"contentUrl\":\"https:\/\/hobby4geek.com\/wp-content\/uploads\/2023\/02\/default-kit.png\",\"width\":600,\"height\":600,\"caption\":\"Hobby4Geek\"},\"image\":{\"@id\":\"https:\/\/hobby4geek.com\/#\/schema\/logo\/image\/\"},\"sameAs\":[\"https:\/\/www.facebook.com\/hobby4geek\",\"https:\/\/x.com\/hobby4geek\",\"https:\/\/www.instagram.com\/hobby4geek\/\"]}]}<\/script>\n<meta property=\"product:brand\" content=\"DNA Design\" \/>\n<meta property=\"product:price:amount\" content=\"46.80\" \/>\n<meta property=\"product:price:currency\" content=\"EUR\" \/>\n<meta property=\"og:availability\" content=\"out of stock\" \/>\n<meta property=\"product:availability\" content=\"out of stock\" \/>\n<meta property=\"product:condition\" content=\"new\" \/>\n<!-- \/ Yoast SEO Premium plugin. -->","yoast_head_json":{"title":"DNA Design - DK-16 Gear Master : Kit de mise \u00e0 niveau pour SS-08, SS-49 &amp; SS-61","robots":{"index":"index","follow":"follow","max-snippet":"max-snippet:-1","max-image-preview":"max-image-preview:large","max-video-preview":"max-video-preview:-1"},"canonical":"https:\/\/hobby4geek.com\/fr\/produit\/dna-design-dk-16-gear-master-upgrade-kit-for-ss-08-ss-49-ss-61\/","og_locale":"fr_FR","og_type":"article","og_title":"DNA Design - DK-16 Gear Master : Upgrade Kit for SS-08, SS-49 & SS-61","og_description":"Shield  2 blades  wrist blaster  Missile Pod  3 Car spare parts  Rotor blades  2 hands  3 blaster pistols  chest blaster","og_url":"https:\/\/hobby4geek.com\/fr\/produit\/dna-design-dk-16-gear-master-upgrade-kit-for-ss-08-ss-49-ss-61\/","og_site_name":"Hobby4Geek","article_publisher":"https:\/\/www.facebook.com\/hobby4geek","article_modified_time":"2024-05-12T12:28:09+00:00","og_image":[{"width":720,"height":540,"url":"https:\/\/hobby4geek.com\/wp-content\/uploads\/2023\/02\/dna-design-dk-16-gear-master-upgrade-kit-for-ss-08-ss-49-ss-61.jpg","type":"image\/jpeg"}],"twitter_card":"summary_large_image","twitter_site":"@hobby4geek","schema":{"@context":"https:\/\/schema.org","@graph":[{"@type":"WebPage","@id":"https:\/\/hobby4geek.com\/product\/dna-design-dk-16-gear-master-upgrade-kit-for-ss-08-ss-49-ss-61\/","url":"https:\/\/hobby4geek.com\/product\/dna-design-dk-16-gear-master-upgrade-kit-for-ss-08-ss-49-ss-61\/","name":"DNA Design - DK-16 Gear Master : Kit de mise \u00e0 niveau pour SS-08, SS-49 &amp; SS-61","isPartOf":{"@id":"https:\/\/hobby4geek.com\/#website"},"primaryImageOfPage":{"@id":"https:\/\/hobby4geek.com\/product\/dna-design-dk-16-gear-master-upgrade-kit-for-ss-08-ss-49-ss-61\/#primaryimage"},"image":{"@id":"https:\/\/hobby4geek.com\/product\/dna-design-dk-16-gear-master-upgrade-kit-for-ss-08-ss-49-ss-61\/#primaryimage"},"thumbnailUrl":"https:\/\/hobby4geek.com\/wp-content\/uploads\/2023\/02\/dna-design-dk-16-gear-master-upgrade-kit-for-ss-08-ss-49-ss-61.jpg","datePublished":"2020-11-10T04:21:52+00:00","dateModified":"2024-05-12T12:28:09+00:00","breadcrumb":{"@id":"https:\/\/hobby4geek.com\/product\/dna-design-dk-16-gear-master-upgrade-kit-for-ss-08-ss-49-ss-61\/#breadcrumb"},"inLanguage":"fr-FR","potentialAction":[{"@type":"ReadAction","target":["https:\/\/hobby4geek.com\/product\/dna-design-dk-16-gear-master-upgrade-kit-for-ss-08-ss-49-ss-61\/"]}]},{"@type":"ImageObject","inLanguage":"fr-FR","@id":"https:\/\/hobby4geek.com\/product\/dna-design-dk-16-gear-master-upgrade-kit-for-ss-08-ss-49-ss-61\/#primaryimage","url":"https:\/\/hobby4geek.com\/wp-content\/uploads\/2023\/02\/dna-design-dk-16-gear-master-upgrade-kit-for-ss-08-ss-49-ss-61.jpg","contentUrl":"https:\/\/hobby4geek.com\/wp-content\/uploads\/2023\/02\/dna-design-dk-16-gear-master-upgrade-kit-for-ss-08-ss-49-ss-61.jpg","width":720,"height":540,"caption":"46c9465b 36e4 475b A0fd 16136a429fd8"},{"@type":"BreadcrumbList","@id":"https:\/\/hobby4geek.com\/product\/dna-design-dk-16-gear-master-upgrade-kit-for-ss-08-ss-49-ss-61\/#breadcrumb","itemListElement":[{"@type":"ListItem","position":1,"name":"Home","item":"https:\/\/hobby4geek.com\/"},{"@type":"ListItem","position":2,"name":"Shop","item":"https:\/\/hobby4geek.com\/shop\/"},{"@type":"ListItem","position":3,"name":"DNA Design &#8211; DK-16 Gear Master : Upgrade Kit for SS-08, SS-49 &#038; SS-61"}]},{"@type":"WebSite","@id":"https:\/\/hobby4geek.com\/#website","url":"https:\/\/hobby4geek.com\/","name":"Hobby4Geek","description":"Collectionnez, jouez et exposez, embrassez votre geekitude","publisher":{"@id":"https:\/\/hobby4geek.com\/#organization"},"potentialAction":[{"@type":"SearchAction","target":{"@type":"EntryPoint","urlTemplate":"https:\/\/hobby4geek.com\/?s={search_term_string}"},"query-input":{"@type":"PropertyValueSpecification","valueRequired":true,"valueName":"search_term_string"}}],"inLanguage":"fr-FR"},{"@type":"Organization","@id":"https:\/\/hobby4geek.com\/#organization","name":"Hobby4Geek","url":"https:\/\/hobby4geek.com\/","logo":{"@type":"ImageObject","inLanguage":"fr-FR","@id":"https:\/\/hobby4geek.com\/#\/schema\/logo\/image\/","url":"https:\/\/hobby4geek.com\/wp-content\/uploads\/2023\/02\/default-kit.png","contentUrl":"https:\/\/hobby4geek.com\/wp-content\/uploads\/2023\/02\/default-kit.png","width":600,"height":600,"caption":"Hobby4Geek"},"image":{"@id":"https:\/\/hobby4geek.com\/#\/schema\/logo\/image\/"},"sameAs":["https:\/\/www.facebook.com\/hobby4geek","https:\/\/x.com\/hobby4geek","https:\/\/www.instagram.com\/hobby4geek\/"]}]},"product_brand":"DNA Design","product_price_amount":"46.80","product_price_currency":"EUR","og_availability":"out of stock","product_availability":"out of stock","product_condition":"new"},"_links":{"self":[{"href":"https:\/\/hobby4geek.com\/fr\/wp-json\/wp\/v2\/product\/139564","targetHints":{"allow":["GET"]}}],"collection":[{"href":"https:\/\/hobby4geek.com\/fr\/wp-json\/wp\/v2\/product"}],"about":[{"href":"https:\/\/hobby4geek.com\/fr\/wp-json\/wp\/v2\/types\/product"}],"replies":[{"embeddable":true,"href":"https:\/\/hobby4geek.com\/fr\/wp-json\/wp\/v2\/comments?post=139564"}],"version-history":[{"count":0,"href":"https:\/\/hobby4geek.com\/fr\/wp-json\/wp\/v2\/product\/139564\/revisions"}],"wp:featuredmedia":[{"embeddable":true,"href":"https:\/\/hobby4geek.com\/fr\/wp-json\/wp\/v2\/media\/180139"}],"wp:attachment":[{"href":"https:\/\/hobby4geek.com\/fr\/wp-json\/wp\/v2\/media?parent=139564"}],"wp:term":[{"taxonomy":"product_brand","embeddable":true,"href":"https:\/\/hobby4geek.com\/fr\/wp-json\/wp\/v2\/product_brand?post=139564"},{"taxonomy":"product_cat","embeddable":true,"href":"https:\/\/hobby4geek.com\/fr\/wp-json\/wp\/v2\/product_cat?post=139564"},{"taxonomy":"product_tag","embeddable":true,"href":"https:\/\/hobby4geek.com\/fr\/wp-json\/wp\/v2\/product_tag?post=139564"},{"taxonomy":"giftcard-category","embeddable":true,"href":"https:\/\/hobby4geek.com\/fr\/wp-json\/wp\/v2\/giftcard-category?post=139564"}],"curies":[{"name":"wp","href":"https:\/\/api.w.org\/{rel}","templated":true}]}}