{"id":1372,"date":"2019-05-24T07:46:10","date_gmt":"2019-05-24T07:46:10","guid":{"rendered":"https:\/\/hobby4geek.com\/?post_type=product&#038;p=1372"},"modified":"2024-05-12T12:56:38","modified_gmt":"2024-05-12T11:56:38","slug":"dna-design-dk11-upgrade-kit-jetfire-optimus","status":"publish","type":"product","link":"https:\/\/hobby4geek.com\/fr\/produit\/dna-design-dk11-upgrade-kit-jetfire-optimus\/","title":{"rendered":"DNA Design - DK11 - Kit de mise \u00e0 niveau (SS32 &amp; SS35 Jetfire &amp; Optimus)"},"content":{"rendered":"<p>Le DNA - DK-11 SS-32 et SS-35 Studio Series Jetfire &amp; Optimus Design Upgrade Kit est le kit d'extension ultime pour le Transformers Studio Series SS-35 Jetfire et le SS-32 Optimus Prime ! Les pi\u00e8ces ajout\u00e9es \u00e0 Jetfire et Optimus qui, une fois combin\u00e9es, forment Optimus en mode camion.<\/p>\n<p>Fabriqu\u00e9 en PVC, POM et ABS.<br \/>\nLes figurines SS-32 Optimus et SS-35 Jetfire sont vendues s\u00e9par\u00e9ment.<\/p>\n<ul>\n<li>Compatible avec SS-35 Jetfire et SS-32 Optimus Prime<\/li>\n<li>Pi\u00e8ces ajout\u00e9es au Jetfire et au Optimus Prime<\/li>\n<li>Kit de mise \u00e0 niveau ultime !<\/li>\n<\/ul>","protected":false},"excerpt":{"rendered":"<ul>\n<li>Compatible avec SS-35 Jetfire et SS-32 Optimus Prime<\/li>\n<li>Pi\u00e8ces ajout\u00e9es au Jetfire et au Optimus Prime<\/li>\n<li>Kit de mise \u00e0 niveau ultime !<\/li>\n<\/ul>","protected":false},"featured_media":178530,"comment_status":"open","ping_status":"closed","template":"","meta":{"inline_featured_image":false},"product_brand":[],"product_cat":[78],"product_tag":[274,276,364,234,365,366,240,1975,204,442],"giftcard-category":[],"class_list":{"0":"post-1372","1":"product","2":"type-product","3":"status-publish","4":"has-post-thumbnail","6":"product_cat-dna-design","7":"product_tag-add-ons","8":"product_tag-dna-design","9":"product_tag-jetfire","10":"product_tag-optimus-prime","11":"product_tag-ss-32","12":"product_tag-ss-35","13":"product_tag-studio-series","14":"product_tag-toys-figures","15":"product_tag-transformers","16":"product_tag-upgrade-kit","17":"product_shipping_class-from-china","18":"inventories-china-inventory","20":"first","21":"outofstock","22":"taxable","23":"shipping-taxable","24":"purchasable","25":"product-type-simple","26":"add-to-wishlist-after_add_to_cart"},"yoast_head":"<!-- This site is optimized with the Yoast SEO Premium plugin v25.3.1 (Yoast SEO v27.2) - https:\/\/yoast.com\/product\/yoast-seo-premium-wordpress\/ -->\n<title>DNA Design - DK11 - Upgrade Kit (SS32 &amp; SS35 Jetfire &amp; Optimus)<\/title>\n<meta name=\"robots\" content=\"index, follow, max-snippet:-1, max-image-preview:large, max-video-preview:-1\" \/>\n<link rel=\"canonical\" href=\"https:\/\/hobby4geek.com\/fr\/produit\/dna-design-dk11-upgrade-kit-jetfire-optimus\/\" \/>\n<meta property=\"og:locale\" content=\"fr_FR\" \/>\n<meta property=\"og:type\" content=\"article\" \/>\n<meta property=\"og:title\" content=\"DNA Design - DK11 - Upgrade Kit (SS32 &amp; SS35 Jetfire &amp; Optimus)\" \/>\n<meta property=\"og:description\" content=\"Compatible with SS-35 Jetfire and SS-32 Optimus Prime  Parts added to Jetfire and Optimus Prime  Ultimate Upgrade Kit!\" \/>\n<meta property=\"og:url\" content=\"https:\/\/hobby4geek.com\/fr\/produit\/dna-design-dk11-upgrade-kit-jetfire-optimus\/\" \/>\n<meta property=\"og:site_name\" content=\"Hobby4Geek\" \/>\n<meta property=\"article:publisher\" content=\"https:\/\/www.facebook.com\/hobby4geek\" \/>\n<meta property=\"article:modified_time\" content=\"2024-05-12T11:56:38+00:00\" \/>\n<meta property=\"og:image\" content=\"https:\/\/hobby4geek.com\/wp-content\/uploads\/2023\/02\/dna-design-dk11-upgrade-kit-ss32-ss35-jetfire-optimus-1.jpg\" \/>\n\t<meta property=\"og:image:width\" content=\"900\" \/>\n\t<meta property=\"og:image:height\" content=\"670\" \/>\n\t<meta property=\"og:image:type\" content=\"image\/jpeg\" \/>\n<meta name=\"twitter:card\" content=\"summary_large_image\" \/>\n<meta name=\"twitter:site\" content=\"@hobby4geek\" \/>\n<script type=\"application\/ld+json\" class=\"yoast-schema-graph\">{\"@context\":\"https:\/\/schema.org\",\"@graph\":[{\"@type\":\"WebPage\",\"@id\":\"https:\/\/hobby4geek.com\/product\/dna-design-dk11-upgrade-kit-jetfire-optimus\/\",\"url\":\"https:\/\/hobby4geek.com\/product\/dna-design-dk11-upgrade-kit-jetfire-optimus\/\",\"name\":\"DNA Design - DK11 - Upgrade Kit (SS32 & SS35 Jetfire & Optimus)\",\"isPartOf\":{\"@id\":\"https:\/\/hobby4geek.com\/#website\"},\"primaryImageOfPage\":{\"@id\":\"https:\/\/hobby4geek.com\/product\/dna-design-dk11-upgrade-kit-jetfire-optimus\/#primaryimage\"},\"image\":{\"@id\":\"https:\/\/hobby4geek.com\/product\/dna-design-dk11-upgrade-kit-jetfire-optimus\/#primaryimage\"},\"thumbnailUrl\":\"https:\/\/hobby4geek.com\/wp-content\/uploads\/2023\/02\/dna-design-dk11-upgrade-kit-ss32-ss35-jetfire-optimus-1.jpg\",\"datePublished\":\"2019-05-24T07:46:10+00:00\",\"dateModified\":\"2024-05-12T11:56:38+00:00\",\"breadcrumb\":{\"@id\":\"https:\/\/hobby4geek.com\/product\/dna-design-dk11-upgrade-kit-jetfire-optimus\/#breadcrumb\"},\"inLanguage\":\"fr-FR\",\"potentialAction\":[{\"@type\":\"ReadAction\",\"target\":[\"https:\/\/hobby4geek.com\/product\/dna-design-dk11-upgrade-kit-jetfire-optimus\/\"]}]},{\"@type\":\"ImageObject\",\"inLanguage\":\"fr-FR\",\"@id\":\"https:\/\/hobby4geek.com\/product\/dna-design-dk11-upgrade-kit-jetfire-optimus\/#primaryimage\",\"url\":\"https:\/\/hobby4geek.com\/wp-content\/uploads\/2023\/02\/dna-design-dk11-upgrade-kit-ss32-ss35-jetfire-optimus-1.jpg\",\"contentUrl\":\"https:\/\/hobby4geek.com\/wp-content\/uploads\/2023\/02\/dna-design-dk11-upgrade-kit-ss32-ss35-jetfire-optimus-1.jpg\",\"width\":900,\"height\":670},{\"@type\":\"BreadcrumbList\",\"@id\":\"https:\/\/hobby4geek.com\/product\/dna-design-dk11-upgrade-kit-jetfire-optimus\/#breadcrumb\",\"itemListElement\":[{\"@type\":\"ListItem\",\"position\":1,\"name\":\"Home\",\"item\":\"https:\/\/hobby4geek.com\/\"},{\"@type\":\"ListItem\",\"position\":2,\"name\":\"Shop\",\"item\":\"https:\/\/hobby4geek.com\/shop\/\"},{\"@type\":\"ListItem\",\"position\":3,\"name\":\"DNA Design &#8211; DK11 &#8211; Upgrade Kit (SS32 &#038; SS35 Jetfire &#038; Optimus)\"}]},{\"@type\":\"WebSite\",\"@id\":\"https:\/\/hobby4geek.com\/#website\",\"url\":\"https:\/\/hobby4geek.com\/\",\"name\":\"Hobby4Geek\",\"description\":\"Collect, Play &amp; Showcase, Embrace your Geekiness\",\"publisher\":{\"@id\":\"https:\/\/hobby4geek.com\/#organization\"},\"potentialAction\":[{\"@type\":\"SearchAction\",\"target\":{\"@type\":\"EntryPoint\",\"urlTemplate\":\"https:\/\/hobby4geek.com\/?s={search_term_string}\"},\"query-input\":{\"@type\":\"PropertyValueSpecification\",\"valueRequired\":true,\"valueName\":\"search_term_string\"}}],\"inLanguage\":\"fr-FR\"},{\"@type\":\"Organization\",\"@id\":\"https:\/\/hobby4geek.com\/#organization\",\"name\":\"Hobby4Geek\",\"url\":\"https:\/\/hobby4geek.com\/\",\"logo\":{\"@type\":\"ImageObject\",\"inLanguage\":\"fr-FR\",\"@id\":\"https:\/\/hobby4geek.com\/#\/schema\/logo\/image\/\",\"url\":\"https:\/\/hobby4geek.com\/wp-content\/uploads\/2023\/02\/default-kit.png\",\"contentUrl\":\"https:\/\/hobby4geek.com\/wp-content\/uploads\/2023\/02\/default-kit.png\",\"width\":600,\"height\":600,\"caption\":\"Hobby4Geek\"},\"image\":{\"@id\":\"https:\/\/hobby4geek.com\/#\/schema\/logo\/image\/\"},\"sameAs\":[\"https:\/\/www.facebook.com\/hobby4geek\",\"https:\/\/x.com\/hobby4geek\",\"https:\/\/www.instagram.com\/hobby4geek\/\"]}]}<\/script>\n<meta property=\"product:brand\" content=\"DNA Design\" \/>\n<meta property=\"product:price:amount\" content=\"46.80\" \/>\n<meta property=\"product:price:currency\" content=\"EUR\" \/>\n<meta property=\"og:availability\" content=\"out of stock\" \/>\n<meta property=\"product:availability\" content=\"out of stock\" \/>\n<meta property=\"product:retailer_item_id\" content=\"dna-design-dk11UpgradeKit\" \/>\n<meta property=\"product:condition\" content=\"new\" \/>\n<!-- \/ Yoast SEO Premium plugin. -->","yoast_head_json":{"title":"DNA Design - DK11 - Kit de mise \u00e0 niveau (SS32 &amp; SS35 Jetfire &amp; Optimus)","robots":{"index":"index","follow":"follow","max-snippet":"max-snippet:-1","max-image-preview":"max-image-preview:large","max-video-preview":"max-video-preview:-1"},"canonical":"https:\/\/hobby4geek.com\/fr\/produit\/dna-design-dk11-upgrade-kit-jetfire-optimus\/","og_locale":"fr_FR","og_type":"article","og_title":"DNA Design - DK11 - Upgrade Kit (SS32 & SS35 Jetfire & Optimus)","og_description":"Compatible with SS-35 Jetfire and SS-32 Optimus Prime  Parts added to Jetfire and Optimus Prime  Ultimate Upgrade Kit!","og_url":"https:\/\/hobby4geek.com\/fr\/produit\/dna-design-dk11-upgrade-kit-jetfire-optimus\/","og_site_name":"Hobby4Geek","article_publisher":"https:\/\/www.facebook.com\/hobby4geek","article_modified_time":"2024-05-12T11:56:38+00:00","og_image":[{"width":900,"height":670,"url":"https:\/\/hobby4geek.com\/wp-content\/uploads\/2023\/02\/dna-design-dk11-upgrade-kit-ss32-ss35-jetfire-optimus-1.jpg","type":"image\/jpeg"}],"twitter_card":"summary_large_image","twitter_site":"@hobby4geek","schema":{"@context":"https:\/\/schema.org","@graph":[{"@type":"WebPage","@id":"https:\/\/hobby4geek.com\/product\/dna-design-dk11-upgrade-kit-jetfire-optimus\/","url":"https:\/\/hobby4geek.com\/product\/dna-design-dk11-upgrade-kit-jetfire-optimus\/","name":"DNA Design - DK11 - Kit de mise \u00e0 niveau (SS32 &amp; SS35 Jetfire &amp; Optimus)","isPartOf":{"@id":"https:\/\/hobby4geek.com\/#website"},"primaryImageOfPage":{"@id":"https:\/\/hobby4geek.com\/product\/dna-design-dk11-upgrade-kit-jetfire-optimus\/#primaryimage"},"image":{"@id":"https:\/\/hobby4geek.com\/product\/dna-design-dk11-upgrade-kit-jetfire-optimus\/#primaryimage"},"thumbnailUrl":"https:\/\/hobby4geek.com\/wp-content\/uploads\/2023\/02\/dna-design-dk11-upgrade-kit-ss32-ss35-jetfire-optimus-1.jpg","datePublished":"2019-05-24T07:46:10+00:00","dateModified":"2024-05-12T11:56:38+00:00","breadcrumb":{"@id":"https:\/\/hobby4geek.com\/product\/dna-design-dk11-upgrade-kit-jetfire-optimus\/#breadcrumb"},"inLanguage":"fr-FR","potentialAction":[{"@type":"ReadAction","target":["https:\/\/hobby4geek.com\/product\/dna-design-dk11-upgrade-kit-jetfire-optimus\/"]}]},{"@type":"ImageObject","inLanguage":"fr-FR","@id":"https:\/\/hobby4geek.com\/product\/dna-design-dk11-upgrade-kit-jetfire-optimus\/#primaryimage","url":"https:\/\/hobby4geek.com\/wp-content\/uploads\/2023\/02\/dna-design-dk11-upgrade-kit-ss32-ss35-jetfire-optimus-1.jpg","contentUrl":"https:\/\/hobby4geek.com\/wp-content\/uploads\/2023\/02\/dna-design-dk11-upgrade-kit-ss32-ss35-jetfire-optimus-1.jpg","width":900,"height":670},{"@type":"BreadcrumbList","@id":"https:\/\/hobby4geek.com\/product\/dna-design-dk11-upgrade-kit-jetfire-optimus\/#breadcrumb","itemListElement":[{"@type":"ListItem","position":1,"name":"Home","item":"https:\/\/hobby4geek.com\/"},{"@type":"ListItem","position":2,"name":"Shop","item":"https:\/\/hobby4geek.com\/shop\/"},{"@type":"ListItem","position":3,"name":"DNA Design &#8211; DK11 &#8211; Upgrade Kit (SS32 &#038; SS35 Jetfire &#038; Optimus)"}]},{"@type":"WebSite","@id":"https:\/\/hobby4geek.com\/#website","url":"https:\/\/hobby4geek.com\/","name":"Hobby4Geek","description":"Collectionnez, jouez et exposez, embrassez votre geekitude","publisher":{"@id":"https:\/\/hobby4geek.com\/#organization"},"potentialAction":[{"@type":"SearchAction","target":{"@type":"EntryPoint","urlTemplate":"https:\/\/hobby4geek.com\/?s={search_term_string}"},"query-input":{"@type":"PropertyValueSpecification","valueRequired":true,"valueName":"search_term_string"}}],"inLanguage":"fr-FR"},{"@type":"Organization","@id":"https:\/\/hobby4geek.com\/#organization","name":"Hobby4Geek","url":"https:\/\/hobby4geek.com\/","logo":{"@type":"ImageObject","inLanguage":"fr-FR","@id":"https:\/\/hobby4geek.com\/#\/schema\/logo\/image\/","url":"https:\/\/hobby4geek.com\/wp-content\/uploads\/2023\/02\/default-kit.png","contentUrl":"https:\/\/hobby4geek.com\/wp-content\/uploads\/2023\/02\/default-kit.png","width":600,"height":600,"caption":"Hobby4Geek"},"image":{"@id":"https:\/\/hobby4geek.com\/#\/schema\/logo\/image\/"},"sameAs":["https:\/\/www.facebook.com\/hobby4geek","https:\/\/x.com\/hobby4geek","https:\/\/www.instagram.com\/hobby4geek\/"]}]},"product_brand":"DNA Design","product_price_amount":"46.80","product_price_currency":"EUR","og_availability":"out of stock","product_availability":"out of stock","product_retailer_item_id":"dna-design-dk11UpgradeKit","product_condition":"new"},"_links":{"self":[{"href":"https:\/\/hobby4geek.com\/fr\/wp-json\/wp\/v2\/product\/1372","targetHints":{"allow":["GET"]}}],"collection":[{"href":"https:\/\/hobby4geek.com\/fr\/wp-json\/wp\/v2\/product"}],"about":[{"href":"https:\/\/hobby4geek.com\/fr\/wp-json\/wp\/v2\/types\/product"}],"replies":[{"embeddable":true,"href":"https:\/\/hobby4geek.com\/fr\/wp-json\/wp\/v2\/comments?post=1372"}],"version-history":[{"count":0,"href":"https:\/\/hobby4geek.com\/fr\/wp-json\/wp\/v2\/product\/1372\/revisions"}],"wp:featuredmedia":[{"embeddable":true,"href":"https:\/\/hobby4geek.com\/fr\/wp-json\/wp\/v2\/media\/178530"}],"wp:attachment":[{"href":"https:\/\/hobby4geek.com\/fr\/wp-json\/wp\/v2\/media?parent=1372"}],"wp:term":[{"taxonomy":"product_brand","embeddable":true,"href":"https:\/\/hobby4geek.com\/fr\/wp-json\/wp\/v2\/product_brand?post=1372"},{"taxonomy":"product_cat","embeddable":true,"href":"https:\/\/hobby4geek.com\/fr\/wp-json\/wp\/v2\/product_cat?post=1372"},{"taxonomy":"product_tag","embeddable":true,"href":"https:\/\/hobby4geek.com\/fr\/wp-json\/wp\/v2\/product_tag?post=1372"},{"taxonomy":"giftcard-category","embeddable":true,"href":"https:\/\/hobby4geek.com\/fr\/wp-json\/wp\/v2\/giftcard-category?post=1372"}],"curies":[{"name":"wp","href":"https:\/\/api.w.org\/{rel}","templated":true}]}}