{"id":118473,"date":"2020-08-01T00:01:08","date_gmt":"2020-08-01T00:01:08","guid":{"rendered":"https:\/\/hobby4geek.com\/?post_type=product&#038;p=118473"},"modified":"2024-05-12T12:55:28","modified_gmt":"2024-05-12T11:55:28","slug":"masterpiece-movie-series-mpm-10-starscream","status":"publish","type":"product","link":"https:\/\/hobby4geek.com\/fr\/produit\/masterpiece-movie-series-mpm-10-starscream\/","title":{"rendered":"Transformers : Masterpiece Movie Series MPM-10 Starscream"},"content":{"rendered":"<p>Hasbro a sorti la derni\u00e8re figurine de sa gamme Movie Masterpiece de figurines TRANSFORMERS - la MPM-10 Starscream !<\/p>\n<p>Cette figurine TRANSFORMERS de collection, inspir\u00e9e des fichiers CAO du premier film, mesure environ 27,5 cm (11 pouces). Il s'agit d'une figurine authentique id\u00e9ale pour les fans et les collectionneurs, avec des caract\u00e9ristiques inspir\u00e9es du film TRANSFORMERS 2007 en prise de vue r\u00e9elle.<\/p>\n<p>La figurine met en sc\u00e8ne le perfide commandant de l'arm\u00e9e de l'air des DECEPTICONS avec un grand souci du d\u00e9tail et comprend des mains et une bouche posables, des d\u00e9tails moul\u00e9s, ainsi que des accessoires : la mitrailleuse, la scie circulaire et le lance-missiles.<\/p>\n<p>Vous pouvez faire pivoter la t\u00eate, le cou, la bouche, les sacs de saut, les ailes, les poignets et les chevilles et bien plus encore gr\u00e2ce \u00e0 ses 50 points d'articulation pour des positions r\u00e9alistes.<\/p>\n<p>Convertissez votre robot en mode Jet Lockheed Martin F-22 Raptor en 63 \u00e9tapes.<\/p>\n<ul>\n<li>Figurine authentique et de qualit\u00e9 sup\u00e9rieure du perfide Decepticon !<\/li>\n<li>Inspir\u00e9 du film d'action Transformers de 2007.<\/li>\n<li>Plastique et moul\u00e9<\/li>\n<li>Hauteur : 27,5 cm<\/li>\n<li>Starscream est livr\u00e9 avec une mitrailleuse, une scie circulaire et un lance-missiles.<\/li>\n<li>Comprend 50 points d'articulation, y compris les mains et la bouche !<\/li>\n<\/ul>\n<p><iframe title=\"MPM-10 Masterpiece Movie STARSCREAM : EmGo&#039;s Transformers Reviews N&#039; Stuff\" width=\"800\" height=\"450\" src=\"https:\/\/www.youtube.com\/embed\/ZTeE7o1r7M8?feature=oembed\" frameborder=\"0\" allow=\"accelerometer; autoplay; clipboard-write; encrypted-media; gyroscope; picture-in-picture; web-share\" referrerpolicy=\"strict-origin-when-cross-origin\" allowfullscreen><\/iframe><\/p>","protected":false},"excerpt":{"rendered":"<ul>\n<li>Figurine authentique et de qualit\u00e9 sup\u00e9rieure du perfide Decepticon !<\/li>\n<li>Inspir\u00e9 du film d'action Transformers de 2007.<\/li>\n<li>Plastique et moul\u00e9<\/li>\n<li>Hauteur : 27,5 cm<\/li>\n<li>Starscream est livr\u00e9 avec une mitrailleuse, une scie circulaire et un lance-missiles.<\/li>\n<li>Comprend 50 points d'articulation, y compris les mains et la bouche !<\/li>\n<\/ul>","protected":false},"featured_media":179887,"comment_status":"open","ping_status":"closed","template":"","meta":{"inline_featured_image":false},"product_brand":[],"product_cat":[1955,68,69],"product_tag":[200,1759,221,202,836,250,203,1975,204],"giftcard-category":[],"class_list":{"0":"post-118473","1":"product","2":"type-product","3":"status-publish","4":"has-post-thumbnail","6":"product_cat-transformers","7":"product_cat-hasbro","8":"product_cat-takara-tomy","9":"product_tag-action-figures","10":"product_tag-action-toys","11":"product_tag-decepticon","12":"product_tag-masterpiece-movie-series","13":"product_tag-mpm-10","14":"product_tag-starscream","15":"product_tag-takara-tomy","16":"product_tag-toys-figures","17":"product_tag-transformers","18":"product_shipping_class-from-china","19":"inventories-china-inventory","21":"first","22":"outofstock","23":"taxable","24":"shipping-taxable","25":"purchasable","26":"product-type-simple","27":"add-to-wishlist-after_add_to_cart"},"yoast_head":"<!-- This site is optimized with the Yoast SEO Premium plugin v25.3.1 (Yoast SEO v27.2) - https:\/\/yoast.com\/product\/yoast-seo-premium-wordpress\/ -->\n<title>Transformers: Masterpiece Movie Series MPM-10 Starscream<\/title>\n<meta name=\"robots\" content=\"index, follow, max-snippet:-1, max-image-preview:large, max-video-preview:-1\" \/>\n<link rel=\"canonical\" href=\"https:\/\/hobby4geek.com\/fr\/produit\/masterpiece-movie-series-mpm-10-starscream\/\" \/>\n<meta property=\"og:locale\" content=\"fr_FR\" \/>\n<meta property=\"og:type\" content=\"article\" \/>\n<meta property=\"og:title\" content=\"Transformers: Masterpiece Movie Series MPM-10 Starscream\" \/>\n<meta property=\"og:description\" content=\"Authentic and ultra-premium figurine of the treacherous Decepticon!  Inspired by the 2007 Transformers live action movie.  Plastic and molded  11inches \/ 27.5cm tall  Starscream comes with a Gatling Gun, a Circular Saw and a Missile Launcher.  Features 50 points of articulation, including hands, and mouth!\" \/>\n<meta property=\"og:url\" content=\"https:\/\/hobby4geek.com\/fr\/produit\/masterpiece-movie-series-mpm-10-starscream\/\" \/>\n<meta property=\"og:site_name\" content=\"Hobby4Geek\" \/>\n<meta property=\"article:publisher\" content=\"https:\/\/www.facebook.com\/hobby4geek\" \/>\n<meta property=\"article:modified_time\" content=\"2024-05-12T11:55:28+00:00\" \/>\n<meta property=\"og:image\" content=\"https:\/\/hobby4geek.com\/wp-content\/uploads\/2023\/02\/masterpiece-movie-series-mpm-10-starscream.jpg\" \/>\n\t<meta property=\"og:image:width\" content=\"904\" \/>\n\t<meta property=\"og:image:height\" content=\"1024\" \/>\n\t<meta property=\"og:image:type\" content=\"image\/jpeg\" \/>\n<meta name=\"twitter:card\" content=\"summary_large_image\" \/>\n<meta name=\"twitter:site\" content=\"@hobby4geek\" \/>\n<script type=\"application\/ld+json\" class=\"yoast-schema-graph\">{\"@context\":\"https:\/\/schema.org\",\"@graph\":[{\"@type\":\"WebPage\",\"@id\":\"https:\/\/hobby4geek.com\/product\/masterpiece-movie-series-mpm-10-starscream\/\",\"url\":\"https:\/\/hobby4geek.com\/product\/masterpiece-movie-series-mpm-10-starscream\/\",\"name\":\"Transformers: Masterpiece Movie Series MPM-10 Starscream\",\"isPartOf\":{\"@id\":\"https:\/\/hobby4geek.com\/#website\"},\"primaryImageOfPage\":{\"@id\":\"https:\/\/hobby4geek.com\/product\/masterpiece-movie-series-mpm-10-starscream\/#primaryimage\"},\"image\":{\"@id\":\"https:\/\/hobby4geek.com\/product\/masterpiece-movie-series-mpm-10-starscream\/#primaryimage\"},\"thumbnailUrl\":\"https:\/\/hobby4geek.com\/wp-content\/uploads\/2023\/02\/masterpiece-movie-series-mpm-10-starscream.jpg\",\"datePublished\":\"2020-08-01T00:01:08+00:00\",\"dateModified\":\"2024-05-12T11:55:28+00:00\",\"breadcrumb\":{\"@id\":\"https:\/\/hobby4geek.com\/product\/masterpiece-movie-series-mpm-10-starscream\/#breadcrumb\"},\"inLanguage\":\"fr-FR\",\"potentialAction\":[{\"@type\":\"ReadAction\",\"target\":[\"https:\/\/hobby4geek.com\/product\/masterpiece-movie-series-mpm-10-starscream\/\"]}]},{\"@type\":\"ImageObject\",\"inLanguage\":\"fr-FR\",\"@id\":\"https:\/\/hobby4geek.com\/product\/masterpiece-movie-series-mpm-10-starscream\/#primaryimage\",\"url\":\"https:\/\/hobby4geek.com\/wp-content\/uploads\/2023\/02\/masterpiece-movie-series-mpm-10-starscream.jpg\",\"contentUrl\":\"https:\/\/hobby4geek.com\/wp-content\/uploads\/2023\/02\/masterpiece-movie-series-mpm-10-starscream.jpg\",\"width\":904,\"height\":1024},{\"@type\":\"BreadcrumbList\",\"@id\":\"https:\/\/hobby4geek.com\/product\/masterpiece-movie-series-mpm-10-starscream\/#breadcrumb\",\"itemListElement\":[{\"@type\":\"ListItem\",\"position\":1,\"name\":\"Home\",\"item\":\"https:\/\/hobby4geek.com\/\"},{\"@type\":\"ListItem\",\"position\":2,\"name\":\"Shop\",\"item\":\"https:\/\/hobby4geek.com\/shop\/\"},{\"@type\":\"ListItem\",\"position\":3,\"name\":\"Transformers: Masterpiece Movie Series MPM-10 Starscream\"}]},{\"@type\":\"WebSite\",\"@id\":\"https:\/\/hobby4geek.com\/#website\",\"url\":\"https:\/\/hobby4geek.com\/\",\"name\":\"Hobby4Geek\",\"description\":\"Collect, Play &amp; Showcase, Embrace your Geekiness\",\"publisher\":{\"@id\":\"https:\/\/hobby4geek.com\/#organization\"},\"potentialAction\":[{\"@type\":\"SearchAction\",\"target\":{\"@type\":\"EntryPoint\",\"urlTemplate\":\"https:\/\/hobby4geek.com\/?s={search_term_string}\"},\"query-input\":{\"@type\":\"PropertyValueSpecification\",\"valueRequired\":true,\"valueName\":\"search_term_string\"}}],\"inLanguage\":\"fr-FR\"},{\"@type\":\"Organization\",\"@id\":\"https:\/\/hobby4geek.com\/#organization\",\"name\":\"Hobby4Geek\",\"url\":\"https:\/\/hobby4geek.com\/\",\"logo\":{\"@type\":\"ImageObject\",\"inLanguage\":\"fr-FR\",\"@id\":\"https:\/\/hobby4geek.com\/#\/schema\/logo\/image\/\",\"url\":\"https:\/\/hobby4geek.com\/wp-content\/uploads\/2023\/02\/default-kit.png\",\"contentUrl\":\"https:\/\/hobby4geek.com\/wp-content\/uploads\/2023\/02\/default-kit.png\",\"width\":600,\"height\":600,\"caption\":\"Hobby4Geek\"},\"image\":{\"@id\":\"https:\/\/hobby4geek.com\/#\/schema\/logo\/image\/\"},\"sameAs\":[\"https:\/\/www.facebook.com\/hobby4geek\",\"https:\/\/x.com\/hobby4geek\",\"https:\/\/www.instagram.com\/hobby4geek\/\"]}]}<\/script>\n<meta property=\"product:brand\" content=\"Transformers\" \/>\n<meta property=\"product:price:amount\" content=\"169.00\" \/>\n<meta property=\"product:price:currency\" content=\"EUR\" \/>\n<meta property=\"og:availability\" content=\"out of stock\" \/>\n<meta property=\"product:availability\" content=\"out of stock\" \/>\n<meta property=\"product:condition\" content=\"new\" \/>\n<!-- \/ Yoast SEO Premium plugin. -->","yoast_head_json":{"title":"Transformers : Masterpiece Movie Series MPM-10 Starscream","robots":{"index":"index","follow":"follow","max-snippet":"max-snippet:-1","max-image-preview":"max-image-preview:large","max-video-preview":"max-video-preview:-1"},"canonical":"https:\/\/hobby4geek.com\/fr\/produit\/masterpiece-movie-series-mpm-10-starscream\/","og_locale":"fr_FR","og_type":"article","og_title":"Transformers: Masterpiece Movie Series MPM-10 Starscream","og_description":"Authentic and ultra-premium figurine of the treacherous Decepticon!  Inspired by the 2007 Transformers live action movie.  Plastic and molded  11inches \/ 27.5cm tall  Starscream comes with a Gatling Gun, a Circular Saw and a Missile Launcher.  Features 50 points of articulation, including hands, and mouth!","og_url":"https:\/\/hobby4geek.com\/fr\/produit\/masterpiece-movie-series-mpm-10-starscream\/","og_site_name":"Hobby4Geek","article_publisher":"https:\/\/www.facebook.com\/hobby4geek","article_modified_time":"2024-05-12T11:55:28+00:00","og_image":[{"width":904,"height":1024,"url":"https:\/\/hobby4geek.com\/wp-content\/uploads\/2023\/02\/masterpiece-movie-series-mpm-10-starscream.jpg","type":"image\/jpeg"}],"twitter_card":"summary_large_image","twitter_site":"@hobby4geek","schema":{"@context":"https:\/\/schema.org","@graph":[{"@type":"WebPage","@id":"https:\/\/hobby4geek.com\/product\/masterpiece-movie-series-mpm-10-starscream\/","url":"https:\/\/hobby4geek.com\/product\/masterpiece-movie-series-mpm-10-starscream\/","name":"Transformers : Masterpiece Movie Series MPM-10 Starscream","isPartOf":{"@id":"https:\/\/hobby4geek.com\/#website"},"primaryImageOfPage":{"@id":"https:\/\/hobby4geek.com\/product\/masterpiece-movie-series-mpm-10-starscream\/#primaryimage"},"image":{"@id":"https:\/\/hobby4geek.com\/product\/masterpiece-movie-series-mpm-10-starscream\/#primaryimage"},"thumbnailUrl":"https:\/\/hobby4geek.com\/wp-content\/uploads\/2023\/02\/masterpiece-movie-series-mpm-10-starscream.jpg","datePublished":"2020-08-01T00:01:08+00:00","dateModified":"2024-05-12T11:55:28+00:00","breadcrumb":{"@id":"https:\/\/hobby4geek.com\/product\/masterpiece-movie-series-mpm-10-starscream\/#breadcrumb"},"inLanguage":"fr-FR","potentialAction":[{"@type":"ReadAction","target":["https:\/\/hobby4geek.com\/product\/masterpiece-movie-series-mpm-10-starscream\/"]}]},{"@type":"ImageObject","inLanguage":"fr-FR","@id":"https:\/\/hobby4geek.com\/product\/masterpiece-movie-series-mpm-10-starscream\/#primaryimage","url":"https:\/\/hobby4geek.com\/wp-content\/uploads\/2023\/02\/masterpiece-movie-series-mpm-10-starscream.jpg","contentUrl":"https:\/\/hobby4geek.com\/wp-content\/uploads\/2023\/02\/masterpiece-movie-series-mpm-10-starscream.jpg","width":904,"height":1024},{"@type":"BreadcrumbList","@id":"https:\/\/hobby4geek.com\/product\/masterpiece-movie-series-mpm-10-starscream\/#breadcrumb","itemListElement":[{"@type":"ListItem","position":1,"name":"Home","item":"https:\/\/hobby4geek.com\/"},{"@type":"ListItem","position":2,"name":"Shop","item":"https:\/\/hobby4geek.com\/shop\/"},{"@type":"ListItem","position":3,"name":"Transformers: Masterpiece Movie Series MPM-10 Starscream"}]},{"@type":"WebSite","@id":"https:\/\/hobby4geek.com\/#website","url":"https:\/\/hobby4geek.com\/","name":"Hobby4Geek","description":"Collectionnez, jouez et exposez, embrassez votre geekitude","publisher":{"@id":"https:\/\/hobby4geek.com\/#organization"},"potentialAction":[{"@type":"SearchAction","target":{"@type":"EntryPoint","urlTemplate":"https:\/\/hobby4geek.com\/?s={search_term_string}"},"query-input":{"@type":"PropertyValueSpecification","valueRequired":true,"valueName":"search_term_string"}}],"inLanguage":"fr-FR"},{"@type":"Organization","@id":"https:\/\/hobby4geek.com\/#organization","name":"Hobby4Geek","url":"https:\/\/hobby4geek.com\/","logo":{"@type":"ImageObject","inLanguage":"fr-FR","@id":"https:\/\/hobby4geek.com\/#\/schema\/logo\/image\/","url":"https:\/\/hobby4geek.com\/wp-content\/uploads\/2023\/02\/default-kit.png","contentUrl":"https:\/\/hobby4geek.com\/wp-content\/uploads\/2023\/02\/default-kit.png","width":600,"height":600,"caption":"Hobby4Geek"},"image":{"@id":"https:\/\/hobby4geek.com\/#\/schema\/logo\/image\/"},"sameAs":["https:\/\/www.facebook.com\/hobby4geek","https:\/\/x.com\/hobby4geek","https:\/\/www.instagram.com\/hobby4geek\/"]}]},"product_brand":"Transformers","product_price_amount":"169.00","product_price_currency":"EUR","og_availability":"out of stock","product_availability":"out of stock","product_condition":"new"},"_links":{"self":[{"href":"https:\/\/hobby4geek.com\/fr\/wp-json\/wp\/v2\/product\/118473","targetHints":{"allow":["GET"]}}],"collection":[{"href":"https:\/\/hobby4geek.com\/fr\/wp-json\/wp\/v2\/product"}],"about":[{"href":"https:\/\/hobby4geek.com\/fr\/wp-json\/wp\/v2\/types\/product"}],"replies":[{"embeddable":true,"href":"https:\/\/hobby4geek.com\/fr\/wp-json\/wp\/v2\/comments?post=118473"}],"version-history":[{"count":0,"href":"https:\/\/hobby4geek.com\/fr\/wp-json\/wp\/v2\/product\/118473\/revisions"}],"wp:featuredmedia":[{"embeddable":true,"href":"https:\/\/hobby4geek.com\/fr\/wp-json\/wp\/v2\/media\/179887"}],"wp:attachment":[{"href":"https:\/\/hobby4geek.com\/fr\/wp-json\/wp\/v2\/media?parent=118473"}],"wp:term":[{"taxonomy":"product_brand","embeddable":true,"href":"https:\/\/hobby4geek.com\/fr\/wp-json\/wp\/v2\/product_brand?post=118473"},{"taxonomy":"product_cat","embeddable":true,"href":"https:\/\/hobby4geek.com\/fr\/wp-json\/wp\/v2\/product_cat?post=118473"},{"taxonomy":"product_tag","embeddable":true,"href":"https:\/\/hobby4geek.com\/fr\/wp-json\/wp\/v2\/product_tag?post=118473"},{"taxonomy":"giftcard-category","embeddable":true,"href":"https:\/\/hobby4geek.com\/fr\/wp-json\/wp\/v2\/giftcard-category?post=118473"}],"curies":[{"name":"wp","href":"https:\/\/api.w.org\/{rel}","templated":true}]}}