{"id":110828,"date":"2020-10-24T06:55:52","date_gmt":"2020-10-24T06:55:52","guid":{"rendered":"https:\/\/hobby4geek.com\/?post_type=product&#038;p=110828"},"modified":"2024-05-12T12:58:35","modified_gmt":"2024-05-12T11:58:35","slug":"transformers-masterpiece-mp-50-beast-wars-tigatron","status":"publish","type":"product","link":"https:\/\/hobby4geek.com\/fr\/produit\/transformers-masterpiece-mp-50-beast-wars-tigatron\/","title":{"rendered":"Transformers Masterpiece MP-50 Beast Wars Tigatron"},"content":{"rendered":"<p>Un autre personnage cl\u00e9 de \"Transformers : Beast Wars\" est \u00e9dit\u00e9 en Masterpiece par Takara Tomy - l'\u00e9claireur polaire Tigatron ! Le courageux guerrier Maximal pr\u00e9sente un design pr\u00e9cis et se transforme facilement de sa forme de robot \u00e0 sa forme de tigre blanc de Sib\u00e9rie et est enti\u00e8rement posable dans les deux formes. Il est livr\u00e9 avec quatre expressions faciales interchangeables, des yeux alternatifs pour son mode B\u00eate, et ses armes Tiger Shot et Tiger Cannon, ainsi qu'un c\u00e2ble de piratage et la t\u00eate de Megatron en tant que puzzle de type \"Rubik's Cube\" ! Passez votre commande d\u00e8s aujourd'hui !<\/p>\n<ul>\n<li>La guerre des b\u00eates<\/li>\n<li>enti\u00e8rement articul\u00e9<\/li>\n<li>La bouche du tigre peut s'ouvrir et se fermer<\/li>\n<li>4 expressions faciales interchangeables<\/li>\n<li>Tir du tigre<\/li>\n<li>canon tigre<\/li>\n<li>Dispositif de piratage<\/li>\n<li>Megatron type de t\u00eate cube<\/li>\n<li>affichage<\/li>\n<li>Adaptateur d'affichage<\/li>\n<li>carte de personnage<\/li>\n<\/ul>","protected":false},"excerpt":{"rendered":"<ul>\n<li>La guerre des b\u00eates<\/li>\n<li>enti\u00e8rement articul\u00e9<\/li>\n<li>La bouche du tigre peut s'ouvrir et se fermer<\/li>\n<li>4 expressions faciales interchangeables<\/li>\n<li>Tir du tigre<\/li>\n<li>canon tigre<\/li>\n<li>Dispositif de piratage<\/li>\n<li>Megatron type de t\u00eate cube<\/li>\n<li>affichage<\/li>\n<li>Adaptateur d'affichage<\/li>\n<li>carte de personnage<\/li>\n<\/ul>","protected":false},"featured_media":179862,"comment_status":"open","ping_status":"closed","template":"","meta":{"inline_featured_image":false},"product_brand":[],"product_cat":[1955,68,69],"product_tag":[1759,199,557,230,561,830,265,831,1975,204],"giftcard-category":[],"class_list":{"0":"post-110828","1":"product","2":"type-product","3":"status-publish","4":"has-post-thumbnail","6":"product_cat-transformers","7":"product_cat-hasbro","8":"product_cat-takara-tomy","9":"product_tag-action-toys","10":"product_tag-autobot","11":"product_tag-beast-wars","12":"product_tag-masterpiece","13":"product_tag-maximal","14":"product_tag-mp-50","15":"product_tag-pre-orders","16":"product_tag-tigatron","17":"product_tag-toys-figures","18":"product_tag-transformers","19":"product_shipping_class-from-china","20":"inventories-china-inventory","22":"first","23":"instock","24":"taxable","25":"shipping-taxable","26":"purchasable","27":"product-type-simple","28":"add-to-wishlist-after_add_to_cart"},"yoast_head":"<!-- This site is optimized with the Yoast SEO Premium plugin v25.3.1 (Yoast SEO v27.2) - https:\/\/yoast.com\/product\/yoast-seo-premium-wordpress\/ -->\n<title>Transformers Masterpiece MP-50 Beast Wars Tigatron<\/title>\n<meta name=\"robots\" content=\"index, follow, max-snippet:-1, max-image-preview:large, max-video-preview:-1\" \/>\n<link rel=\"canonical\" href=\"https:\/\/hobby4geek.com\/fr\/produit\/transformers-masterpiece-mp-50-beast-wars-tigatron\/\" \/>\n<meta property=\"og:locale\" content=\"fr_FR\" \/>\n<meta property=\"og:type\" content=\"article\" \/>\n<meta property=\"og:title\" content=\"Transformers Masterpiece MP-50 Beast Wars Tigatron\" \/>\n<meta property=\"og:description\" content=\"Beast Wars  fully articulated  The tiger&#039;s mouth can open and close  4 interchangeable facial expressions  Tiger Shot  tiger cannon  Hacking device  Megatron head type cube  display  Display adapter  character card\" \/>\n<meta property=\"og:url\" content=\"https:\/\/hobby4geek.com\/fr\/produit\/transformers-masterpiece-mp-50-beast-wars-tigatron\/\" \/>\n<meta property=\"og:site_name\" content=\"Hobby4Geek\" \/>\n<meta property=\"article:publisher\" content=\"https:\/\/www.facebook.com\/hobby4geek\" \/>\n<meta property=\"article:modified_time\" content=\"2024-05-12T11:58:35+00:00\" \/>\n<meta property=\"og:image\" content=\"https:\/\/hobby4geek.com\/wp-content\/uploads\/2023\/02\/transformers-masterpiece-mp-50-beast-wars-tigatron.jpg\" \/>\n\t<meta property=\"og:image:width\" content=\"640\" \/>\n\t<meta property=\"og:image:height\" content=\"818\" \/>\n\t<meta property=\"og:image:type\" content=\"image\/jpeg\" \/>\n<meta name=\"twitter:card\" content=\"summary_large_image\" \/>\n<meta name=\"twitter:site\" content=\"@hobby4geek\" \/>\n<script type=\"application\/ld+json\" class=\"yoast-schema-graph\">{\"@context\":\"https:\/\/schema.org\",\"@graph\":[{\"@type\":\"WebPage\",\"@id\":\"https:\/\/hobby4geek.com\/product\/transformers-masterpiece-mp-50-beast-wars-tigatron\/\",\"url\":\"https:\/\/hobby4geek.com\/product\/transformers-masterpiece-mp-50-beast-wars-tigatron\/\",\"name\":\"Transformers Masterpiece MP-50 Beast Wars Tigatron\",\"isPartOf\":{\"@id\":\"https:\/\/hobby4geek.com\/#website\"},\"primaryImageOfPage\":{\"@id\":\"https:\/\/hobby4geek.com\/product\/transformers-masterpiece-mp-50-beast-wars-tigatron\/#primaryimage\"},\"image\":{\"@id\":\"https:\/\/hobby4geek.com\/product\/transformers-masterpiece-mp-50-beast-wars-tigatron\/#primaryimage\"},\"thumbnailUrl\":\"https:\/\/hobby4geek.com\/wp-content\/uploads\/2023\/02\/transformers-masterpiece-mp-50-beast-wars-tigatron.jpg\",\"datePublished\":\"2020-10-24T06:55:52+00:00\",\"dateModified\":\"2024-05-12T11:58:35+00:00\",\"breadcrumb\":{\"@id\":\"https:\/\/hobby4geek.com\/product\/transformers-masterpiece-mp-50-beast-wars-tigatron\/#breadcrumb\"},\"inLanguage\":\"fr-FR\",\"potentialAction\":[{\"@type\":\"ReadAction\",\"target\":[\"https:\/\/hobby4geek.com\/product\/transformers-masterpiece-mp-50-beast-wars-tigatron\/\"]}]},{\"@type\":\"ImageObject\",\"inLanguage\":\"fr-FR\",\"@id\":\"https:\/\/hobby4geek.com\/product\/transformers-masterpiece-mp-50-beast-wars-tigatron\/#primaryimage\",\"url\":\"https:\/\/hobby4geek.com\/wp-content\/uploads\/2023\/02\/transformers-masterpiece-mp-50-beast-wars-tigatron.jpg\",\"contentUrl\":\"https:\/\/hobby4geek.com\/wp-content\/uploads\/2023\/02\/transformers-masterpiece-mp-50-beast-wars-tigatron.jpg\",\"width\":640,\"height\":818,\"caption\":\"Reduced Image 16814 0 1583426404\"},{\"@type\":\"BreadcrumbList\",\"@id\":\"https:\/\/hobby4geek.com\/product\/transformers-masterpiece-mp-50-beast-wars-tigatron\/#breadcrumb\",\"itemListElement\":[{\"@type\":\"ListItem\",\"position\":1,\"name\":\"Home\",\"item\":\"https:\/\/hobby4geek.com\/\"},{\"@type\":\"ListItem\",\"position\":2,\"name\":\"Shop\",\"item\":\"https:\/\/hobby4geek.com\/shop\/\"},{\"@type\":\"ListItem\",\"position\":3,\"name\":\"Transformers Masterpiece MP-50 Beast Wars Tigatron\"}]},{\"@type\":\"WebSite\",\"@id\":\"https:\/\/hobby4geek.com\/#website\",\"url\":\"https:\/\/hobby4geek.com\/\",\"name\":\"Hobby4Geek\",\"description\":\"Collect, Play &amp; Showcase, Embrace your Geekiness\",\"publisher\":{\"@id\":\"https:\/\/hobby4geek.com\/#organization\"},\"potentialAction\":[{\"@type\":\"SearchAction\",\"target\":{\"@type\":\"EntryPoint\",\"urlTemplate\":\"https:\/\/hobby4geek.com\/?s={search_term_string}\"},\"query-input\":{\"@type\":\"PropertyValueSpecification\",\"valueRequired\":true,\"valueName\":\"search_term_string\"}}],\"inLanguage\":\"fr-FR\"},{\"@type\":\"Organization\",\"@id\":\"https:\/\/hobby4geek.com\/#organization\",\"name\":\"Hobby4Geek\",\"url\":\"https:\/\/hobby4geek.com\/\",\"logo\":{\"@type\":\"ImageObject\",\"inLanguage\":\"fr-FR\",\"@id\":\"https:\/\/hobby4geek.com\/#\/schema\/logo\/image\/\",\"url\":\"https:\/\/hobby4geek.com\/wp-content\/uploads\/2023\/02\/default-kit.png\",\"contentUrl\":\"https:\/\/hobby4geek.com\/wp-content\/uploads\/2023\/02\/default-kit.png\",\"width\":600,\"height\":600,\"caption\":\"Hobby4Geek\"},\"image\":{\"@id\":\"https:\/\/hobby4geek.com\/#\/schema\/logo\/image\/\"},\"sameAs\":[\"https:\/\/www.facebook.com\/hobby4geek\",\"https:\/\/x.com\/hobby4geek\",\"https:\/\/www.instagram.com\/hobby4geek\/\"]}]}<\/script>\n<meta property=\"product:brand\" content=\"Transformers\" \/>\n<meta property=\"product:price:amount\" content=\"294.09\" \/>\n<meta property=\"product:price:currency\" content=\"EUR\" \/>\n<meta property=\"og:availability\" content=\"instock\" \/>\n<meta property=\"product:availability\" content=\"instock\" \/>\n<meta property=\"product:retailer_item_id\" content=\"MP-50-BeastWarsTigatron\" \/>\n<meta property=\"product:condition\" content=\"new\" \/>\n<!-- \/ Yoast SEO Premium plugin. -->","yoast_head_json":{"title":"Transformers Masterpiece MP-50 Beast Wars Tigatron","robots":{"index":"index","follow":"follow","max-snippet":"max-snippet:-1","max-image-preview":"max-image-preview:large","max-video-preview":"max-video-preview:-1"},"canonical":"https:\/\/hobby4geek.com\/fr\/produit\/transformers-masterpiece-mp-50-beast-wars-tigatron\/","og_locale":"fr_FR","og_type":"article","og_title":"Transformers Masterpiece MP-50 Beast Wars Tigatron","og_description":"Beast Wars  fully articulated  The tiger's mouth can open and close  4 interchangeable facial expressions  Tiger Shot  tiger cannon  Hacking device  Megatron head type cube  display  Display adapter  character card","og_url":"https:\/\/hobby4geek.com\/fr\/produit\/transformers-masterpiece-mp-50-beast-wars-tigatron\/","og_site_name":"Hobby4Geek","article_publisher":"https:\/\/www.facebook.com\/hobby4geek","article_modified_time":"2024-05-12T11:58:35+00:00","og_image":[{"width":640,"height":818,"url":"https:\/\/hobby4geek.com\/wp-content\/uploads\/2023\/02\/transformers-masterpiece-mp-50-beast-wars-tigatron.jpg","type":"image\/jpeg"}],"twitter_card":"summary_large_image","twitter_site":"@hobby4geek","schema":{"@context":"https:\/\/schema.org","@graph":[{"@type":"WebPage","@id":"https:\/\/hobby4geek.com\/product\/transformers-masterpiece-mp-50-beast-wars-tigatron\/","url":"https:\/\/hobby4geek.com\/product\/transformers-masterpiece-mp-50-beast-wars-tigatron\/","name":"Transformers Masterpiece MP-50 Beast Wars Tigatron","isPartOf":{"@id":"https:\/\/hobby4geek.com\/#website"},"primaryImageOfPage":{"@id":"https:\/\/hobby4geek.com\/product\/transformers-masterpiece-mp-50-beast-wars-tigatron\/#primaryimage"},"image":{"@id":"https:\/\/hobby4geek.com\/product\/transformers-masterpiece-mp-50-beast-wars-tigatron\/#primaryimage"},"thumbnailUrl":"https:\/\/hobby4geek.com\/wp-content\/uploads\/2023\/02\/transformers-masterpiece-mp-50-beast-wars-tigatron.jpg","datePublished":"2020-10-24T06:55:52+00:00","dateModified":"2024-05-12T11:58:35+00:00","breadcrumb":{"@id":"https:\/\/hobby4geek.com\/product\/transformers-masterpiece-mp-50-beast-wars-tigatron\/#breadcrumb"},"inLanguage":"fr-FR","potentialAction":[{"@type":"ReadAction","target":["https:\/\/hobby4geek.com\/product\/transformers-masterpiece-mp-50-beast-wars-tigatron\/"]}]},{"@type":"ImageObject","inLanguage":"fr-FR","@id":"https:\/\/hobby4geek.com\/product\/transformers-masterpiece-mp-50-beast-wars-tigatron\/#primaryimage","url":"https:\/\/hobby4geek.com\/wp-content\/uploads\/2023\/02\/transformers-masterpiece-mp-50-beast-wars-tigatron.jpg","contentUrl":"https:\/\/hobby4geek.com\/wp-content\/uploads\/2023\/02\/transformers-masterpiece-mp-50-beast-wars-tigatron.jpg","width":640,"height":818,"caption":"Reduced Image 16814 0 1583426404"},{"@type":"BreadcrumbList","@id":"https:\/\/hobby4geek.com\/product\/transformers-masterpiece-mp-50-beast-wars-tigatron\/#breadcrumb","itemListElement":[{"@type":"ListItem","position":1,"name":"Home","item":"https:\/\/hobby4geek.com\/"},{"@type":"ListItem","position":2,"name":"Shop","item":"https:\/\/hobby4geek.com\/shop\/"},{"@type":"ListItem","position":3,"name":"Transformers Masterpiece MP-50 Beast Wars Tigatron"}]},{"@type":"WebSite","@id":"https:\/\/hobby4geek.com\/#website","url":"https:\/\/hobby4geek.com\/","name":"Hobby4Geek","description":"Collectionnez, jouez et exposez, embrassez votre geekitude","publisher":{"@id":"https:\/\/hobby4geek.com\/#organization"},"potentialAction":[{"@type":"SearchAction","target":{"@type":"EntryPoint","urlTemplate":"https:\/\/hobby4geek.com\/?s={search_term_string}"},"query-input":{"@type":"PropertyValueSpecification","valueRequired":true,"valueName":"search_term_string"}}],"inLanguage":"fr-FR"},{"@type":"Organization","@id":"https:\/\/hobby4geek.com\/#organization","name":"Hobby4Geek","url":"https:\/\/hobby4geek.com\/","logo":{"@type":"ImageObject","inLanguage":"fr-FR","@id":"https:\/\/hobby4geek.com\/#\/schema\/logo\/image\/","url":"https:\/\/hobby4geek.com\/wp-content\/uploads\/2023\/02\/default-kit.png","contentUrl":"https:\/\/hobby4geek.com\/wp-content\/uploads\/2023\/02\/default-kit.png","width":600,"height":600,"caption":"Hobby4Geek"},"image":{"@id":"https:\/\/hobby4geek.com\/#\/schema\/logo\/image\/"},"sameAs":["https:\/\/www.facebook.com\/hobby4geek","https:\/\/x.com\/hobby4geek","https:\/\/www.instagram.com\/hobby4geek\/"]}]},"product_brand":"Transformers","product_price_amount":"294.09","product_price_currency":"EUR","og_availability":"instock","product_availability":"instock","product_retailer_item_id":"MP-50-BeastWarsTigatron","product_condition":"new"},"_links":{"self":[{"href":"https:\/\/hobby4geek.com\/fr\/wp-json\/wp\/v2\/product\/110828","targetHints":{"allow":["GET"]}}],"collection":[{"href":"https:\/\/hobby4geek.com\/fr\/wp-json\/wp\/v2\/product"}],"about":[{"href":"https:\/\/hobby4geek.com\/fr\/wp-json\/wp\/v2\/types\/product"}],"replies":[{"embeddable":true,"href":"https:\/\/hobby4geek.com\/fr\/wp-json\/wp\/v2\/comments?post=110828"}],"version-history":[{"count":0,"href":"https:\/\/hobby4geek.com\/fr\/wp-json\/wp\/v2\/product\/110828\/revisions"}],"wp:featuredmedia":[{"embeddable":true,"href":"https:\/\/hobby4geek.com\/fr\/wp-json\/wp\/v2\/media\/179862"}],"wp:attachment":[{"href":"https:\/\/hobby4geek.com\/fr\/wp-json\/wp\/v2\/media?parent=110828"}],"wp:term":[{"taxonomy":"product_brand","embeddable":true,"href":"https:\/\/hobby4geek.com\/fr\/wp-json\/wp\/v2\/product_brand?post=110828"},{"taxonomy":"product_cat","embeddable":true,"href":"https:\/\/hobby4geek.com\/fr\/wp-json\/wp\/v2\/product_cat?post=110828"},{"taxonomy":"product_tag","embeddable":true,"href":"https:\/\/hobby4geek.com\/fr\/wp-json\/wp\/v2\/product_tag?post=110828"},{"taxonomy":"giftcard-category","embeddable":true,"href":"https:\/\/hobby4geek.com\/fr\/wp-json\/wp\/v2\/giftcard-category?post=110828"}],"curies":[{"name":"wp","href":"https:\/\/api.w.org\/{rel}","templated":true}]}}