{"id":105149,"date":"2019-12-30T01:31:12","date_gmt":"2019-12-30T00:31:12","guid":{"rendered":"https:\/\/hobby4geek.com\/?post_type=product&#038;p=105149"},"modified":"2024-05-12T12:55:06","modified_gmt":"2024-05-12T11:55:06","slug":"transformers-studio-series-58-deluxe-class-roadbuster","status":"publish","type":"product","link":"https:\/\/hobby4geek.com\/fr\/produit\/transformers-studio-series-58-deluxe-class-roadbuster\/","title":{"rendered":"Transformers Studio Series - 58 Deluxe Class Roadbuster"},"content":{"rendered":"<p>Con\u00e7ues dans le style des personnages de l'univers Transformers, les figurines Studio Series (vendues s\u00e9par\u00e9ment) s'inspirent de sc\u00e8nes embl\u00e9matiques des films. De plus, elles sont id\u00e9ales pour cr\u00e9er une superbe collection Transformers.<\/p>\n<p>Dans la sc\u00e8ne de la bataille de Chicago de Transformers : Dark of the Moon, Roadbuster et les Wreckers transforment les Decepticons en tas de ferraille.<\/p>\n<p>Cette figurine Roadbuster Studio Series 58 de la classe Deluxe pr\u00e9sente une d\u00e9coration inspir\u00e9e du film et se convertit du mode robot au mode Chevrolet Impala en 23 \u00e9tapes. Il suffit de retirer la toile de fond de l'emballage pour pr\u00e9senter Roadbuster dans la sc\u00e8ne de la bataille de Chicago. Vendu avec une arme r\u00e9aliste.<\/p>\n<ul>\n<li>4,50 pouces (11,43 cm)<\/li>\n<li>Taille de luxe<\/li>\n<li>En plastique<\/li>\n<li>Bas\u00e9 sur le film Transformers<\/li>\n<li>Passer du mode robot au mode voiture en 23 \u00e9tapes<\/li>\n<li>Chiffre de la prime<\/li>\n<li>Fond amovible inspir\u00e9 d'une sc\u00e8ne embl\u00e9matique de Transformers : Dark of the Moon<\/li>\n<li>Arm\u00e9<\/li>\n<\/ul>","protected":false},"excerpt":{"rendered":"<ul>\n<li>4,50 pouces (11,43 cm)<\/li>\n<li>Taille de luxe<\/li>\n<li>En plastique<\/li>\n<li>Bas\u00e9 sur le film Transformers<\/li>\n<li>Passer du mode robot au mode voiture en 23 \u00e9tapes<\/li>\n<li>Chiffre de la prime<\/li>\n<li>Fond amovible inspir\u00e9 d'une sc\u00e8ne embl\u00e9matique de Transformers : Dark of the Moon<\/li>\n<li>Arm\u00e9<\/li>\n<\/ul>","protected":false},"featured_media":179701,"comment_status":"open","ping_status":"closed","template":"","meta":{"inline_featured_image":false},"product_brand":[],"product_cat":[1955,68,69,1960],"product_tag":[778,200,1759,199,661,239,647,450,655,779,240,203,1975,204],"giftcard-category":[],"class_list":{"0":"post-105149","1":"product","2":"type-product","3":"status-publish","4":"has-post-thumbnail","6":"product_cat-transformers","7":"product_cat-hasbro","8":"product_cat-takara-tomy","9":"product_cat-transformers-generations","10":"product_tag-778","11":"product_tag-action-figures","12":"product_tag-action-toys","13":"product_tag-autobot","14":"product_tag-dark-of-the-moon","15":"product_tag-deluxe","16":"product_tag-dotm","17":"product_tag-roadbuster","18":"product_tag-ss","19":"product_tag-ss58","20":"product_tag-studio-series","21":"product_tag-takara-tomy","22":"product_tag-toys-figures","23":"product_tag-transformers","24":"inventories-china-inventory","26":"first","27":"outofstock","28":"taxable","29":"shipping-taxable","30":"purchasable","31":"product-type-simple","32":"add-to-wishlist-after_add_to_cart"},"yoast_head":"<!-- This site is optimized with the Yoast SEO Premium plugin v25.3.1 (Yoast SEO v27.2) - https:\/\/yoast.com\/product\/yoast-seo-premium-wordpress\/ -->\n<title>Transformers Studio Series - 58 Deluxe Class Roadbuster<\/title>\n<meta name=\"robots\" content=\"index, follow, max-snippet:-1, max-image-preview:large, max-video-preview:-1\" \/>\n<link rel=\"canonical\" href=\"https:\/\/hobby4geek.com\/fr\/produit\/transformers-studio-series-58-deluxe-class-roadbuster\/\" \/>\n<meta property=\"og:locale\" content=\"fr_FR\" \/>\n<meta property=\"og:type\" content=\"article\" \/>\n<meta property=\"og:title\" content=\"Transformers Studio Series - 58 Deluxe Class Roadbuster\" \/>\n<meta property=\"og:description\" content=\"4.50 inches (11.43cm)  Deluxe Size  In plastic  Based on the Transformers movie  Convert from robot mode to car mode in 23 steps  Premium figure  Removable bottom inspired by an iconic scene from Transformers: Dark of the Moon  Armed\" \/>\n<meta property=\"og:url\" content=\"https:\/\/hobby4geek.com\/fr\/produit\/transformers-studio-series-58-deluxe-class-roadbuster\/\" \/>\n<meta property=\"og:site_name\" content=\"Hobby4Geek\" \/>\n<meta property=\"article:publisher\" content=\"https:\/\/www.facebook.com\/hobby4geek\" \/>\n<meta property=\"article:modified_time\" content=\"2024-05-12T11:55:06+00:00\" \/>\n<meta property=\"og:image\" content=\"https:\/\/hobby4geek.com\/wp-content\/uploads\/2023\/02\/transformers-studio-series-58-deluxe-class-roadbuster-1.jpg\" \/>\n\t<meta property=\"og:image:width\" content=\"1024\" \/>\n\t<meta property=\"og:image:height\" content=\"1024\" \/>\n\t<meta property=\"og:image:type\" content=\"image\/jpeg\" \/>\n<meta name=\"twitter:card\" content=\"summary_large_image\" \/>\n<meta name=\"twitter:site\" content=\"@hobby4geek\" \/>\n<script type=\"application\/ld+json\" class=\"yoast-schema-graph\">{\"@context\":\"https:\/\/schema.org\",\"@graph\":[{\"@type\":\"WebPage\",\"@id\":\"https:\/\/hobby4geek.com\/product\/transformers-studio-series-58-deluxe-class-roadbuster\/\",\"url\":\"https:\/\/hobby4geek.com\/product\/transformers-studio-series-58-deluxe-class-roadbuster\/\",\"name\":\"Transformers Studio Series - 58 Deluxe Class Roadbuster\",\"isPartOf\":{\"@id\":\"https:\/\/hobby4geek.com\/#website\"},\"primaryImageOfPage\":{\"@id\":\"https:\/\/hobby4geek.com\/product\/transformers-studio-series-58-deluxe-class-roadbuster\/#primaryimage\"},\"image\":{\"@id\":\"https:\/\/hobby4geek.com\/product\/transformers-studio-series-58-deluxe-class-roadbuster\/#primaryimage\"},\"thumbnailUrl\":\"https:\/\/hobby4geek.com\/wp-content\/uploads\/2023\/02\/transformers-studio-series-58-deluxe-class-roadbuster-1.jpg\",\"datePublished\":\"2019-12-30T00:31:12+00:00\",\"dateModified\":\"2024-05-12T11:55:06+00:00\",\"breadcrumb\":{\"@id\":\"https:\/\/hobby4geek.com\/product\/transformers-studio-series-58-deluxe-class-roadbuster\/#breadcrumb\"},\"inLanguage\":\"fr-FR\",\"potentialAction\":[{\"@type\":\"ReadAction\",\"target\":[\"https:\/\/hobby4geek.com\/product\/transformers-studio-series-58-deluxe-class-roadbuster\/\"]}]},{\"@type\":\"ImageObject\",\"inLanguage\":\"fr-FR\",\"@id\":\"https:\/\/hobby4geek.com\/product\/transformers-studio-series-58-deluxe-class-roadbuster\/#primaryimage\",\"url\":\"https:\/\/hobby4geek.com\/wp-content\/uploads\/2023\/02\/transformers-studio-series-58-deluxe-class-roadbuster-1.jpg\",\"contentUrl\":\"https:\/\/hobby4geek.com\/wp-content\/uploads\/2023\/02\/transformers-studio-series-58-deluxe-class-roadbuster-1.jpg\",\"width\":1024,\"height\":1024},{\"@type\":\"BreadcrumbList\",\"@id\":\"https:\/\/hobby4geek.com\/product\/transformers-studio-series-58-deluxe-class-roadbuster\/#breadcrumb\",\"itemListElement\":[{\"@type\":\"ListItem\",\"position\":1,\"name\":\"Home\",\"item\":\"https:\/\/hobby4geek.com\/\"},{\"@type\":\"ListItem\",\"position\":2,\"name\":\"Shop\",\"item\":\"https:\/\/hobby4geek.com\/shop\/\"},{\"@type\":\"ListItem\",\"position\":3,\"name\":\"Transformers Studio Series &#8211; 58 Deluxe Class Roadbuster\"}]},{\"@type\":\"WebSite\",\"@id\":\"https:\/\/hobby4geek.com\/#website\",\"url\":\"https:\/\/hobby4geek.com\/\",\"name\":\"Hobby4Geek\",\"description\":\"Collect, Play &amp; Showcase, Embrace your Geekiness\",\"publisher\":{\"@id\":\"https:\/\/hobby4geek.com\/#organization\"},\"potentialAction\":[{\"@type\":\"SearchAction\",\"target\":{\"@type\":\"EntryPoint\",\"urlTemplate\":\"https:\/\/hobby4geek.com\/?s={search_term_string}\"},\"query-input\":{\"@type\":\"PropertyValueSpecification\",\"valueRequired\":true,\"valueName\":\"search_term_string\"}}],\"inLanguage\":\"fr-FR\"},{\"@type\":\"Organization\",\"@id\":\"https:\/\/hobby4geek.com\/#organization\",\"name\":\"Hobby4Geek\",\"url\":\"https:\/\/hobby4geek.com\/\",\"logo\":{\"@type\":\"ImageObject\",\"inLanguage\":\"fr-FR\",\"@id\":\"https:\/\/hobby4geek.com\/#\/schema\/logo\/image\/\",\"url\":\"https:\/\/hobby4geek.com\/wp-content\/uploads\/2023\/02\/default-kit.png\",\"contentUrl\":\"https:\/\/hobby4geek.com\/wp-content\/uploads\/2023\/02\/default-kit.png\",\"width\":600,\"height\":600,\"caption\":\"Hobby4Geek\"},\"image\":{\"@id\":\"https:\/\/hobby4geek.com\/#\/schema\/logo\/image\/\"},\"sameAs\":[\"https:\/\/www.facebook.com\/hobby4geek\",\"https:\/\/x.com\/hobby4geek\",\"https:\/\/www.instagram.com\/hobby4geek\/\"]}]}<\/script>\n<meta property=\"product:brand\" content=\"Transformers\" \/>\n<meta property=\"product:price:amount\" content=\"29.00\" \/>\n<meta property=\"product:price:currency\" content=\"EUR\" \/>\n<meta property=\"og:availability\" content=\"out of stock\" \/>\n<meta property=\"product:availability\" content=\"out of stock\" \/>\n<meta property=\"product:retailer_item_id\" content=\"studioseries058\" \/>\n<meta property=\"product:condition\" content=\"new\" \/>\n<!-- \/ Yoast SEO Premium plugin. -->","yoast_head_json":{"title":"Transformers Studio Series - 58 Deluxe Class Roadbuster","robots":{"index":"index","follow":"follow","max-snippet":"max-snippet:-1","max-image-preview":"max-image-preview:large","max-video-preview":"max-video-preview:-1"},"canonical":"https:\/\/hobby4geek.com\/fr\/produit\/transformers-studio-series-58-deluxe-class-roadbuster\/","og_locale":"fr_FR","og_type":"article","og_title":"Transformers Studio Series - 58 Deluxe Class Roadbuster","og_description":"4.50 inches (11.43cm)  Deluxe Size  In plastic  Based on the Transformers movie  Convert from robot mode to car mode in 23 steps  Premium figure  Removable bottom inspired by an iconic scene from Transformers: Dark of the Moon  Armed","og_url":"https:\/\/hobby4geek.com\/fr\/produit\/transformers-studio-series-58-deluxe-class-roadbuster\/","og_site_name":"Hobby4Geek","article_publisher":"https:\/\/www.facebook.com\/hobby4geek","article_modified_time":"2024-05-12T11:55:06+00:00","og_image":[{"width":1024,"height":1024,"url":"https:\/\/hobby4geek.com\/wp-content\/uploads\/2023\/02\/transformers-studio-series-58-deluxe-class-roadbuster-1.jpg","type":"image\/jpeg"}],"twitter_card":"summary_large_image","twitter_site":"@hobby4geek","schema":{"@context":"https:\/\/schema.org","@graph":[{"@type":"WebPage","@id":"https:\/\/hobby4geek.com\/product\/transformers-studio-series-58-deluxe-class-roadbuster\/","url":"https:\/\/hobby4geek.com\/product\/transformers-studio-series-58-deluxe-class-roadbuster\/","name":"Transformers Studio Series - 58 Deluxe Class Roadbuster","isPartOf":{"@id":"https:\/\/hobby4geek.com\/#website"},"primaryImageOfPage":{"@id":"https:\/\/hobby4geek.com\/product\/transformers-studio-series-58-deluxe-class-roadbuster\/#primaryimage"},"image":{"@id":"https:\/\/hobby4geek.com\/product\/transformers-studio-series-58-deluxe-class-roadbuster\/#primaryimage"},"thumbnailUrl":"https:\/\/hobby4geek.com\/wp-content\/uploads\/2023\/02\/transformers-studio-series-58-deluxe-class-roadbuster-1.jpg","datePublished":"2019-12-30T00:31:12+00:00","dateModified":"2024-05-12T11:55:06+00:00","breadcrumb":{"@id":"https:\/\/hobby4geek.com\/product\/transformers-studio-series-58-deluxe-class-roadbuster\/#breadcrumb"},"inLanguage":"fr-FR","potentialAction":[{"@type":"ReadAction","target":["https:\/\/hobby4geek.com\/product\/transformers-studio-series-58-deluxe-class-roadbuster\/"]}]},{"@type":"ImageObject","inLanguage":"fr-FR","@id":"https:\/\/hobby4geek.com\/product\/transformers-studio-series-58-deluxe-class-roadbuster\/#primaryimage","url":"https:\/\/hobby4geek.com\/wp-content\/uploads\/2023\/02\/transformers-studio-series-58-deluxe-class-roadbuster-1.jpg","contentUrl":"https:\/\/hobby4geek.com\/wp-content\/uploads\/2023\/02\/transformers-studio-series-58-deluxe-class-roadbuster-1.jpg","width":1024,"height":1024},{"@type":"BreadcrumbList","@id":"https:\/\/hobby4geek.com\/product\/transformers-studio-series-58-deluxe-class-roadbuster\/#breadcrumb","itemListElement":[{"@type":"ListItem","position":1,"name":"Home","item":"https:\/\/hobby4geek.com\/"},{"@type":"ListItem","position":2,"name":"Shop","item":"https:\/\/hobby4geek.com\/shop\/"},{"@type":"ListItem","position":3,"name":"Transformers Studio Series &#8211; 58 Deluxe Class Roadbuster"}]},{"@type":"WebSite","@id":"https:\/\/hobby4geek.com\/#website","url":"https:\/\/hobby4geek.com\/","name":"Hobby4Geek","description":"Collectionnez, jouez et exposez, embrassez votre geekitude","publisher":{"@id":"https:\/\/hobby4geek.com\/#organization"},"potentialAction":[{"@type":"SearchAction","target":{"@type":"EntryPoint","urlTemplate":"https:\/\/hobby4geek.com\/?s={search_term_string}"},"query-input":{"@type":"PropertyValueSpecification","valueRequired":true,"valueName":"search_term_string"}}],"inLanguage":"fr-FR"},{"@type":"Organization","@id":"https:\/\/hobby4geek.com\/#organization","name":"Hobby4Geek","url":"https:\/\/hobby4geek.com\/","logo":{"@type":"ImageObject","inLanguage":"fr-FR","@id":"https:\/\/hobby4geek.com\/#\/schema\/logo\/image\/","url":"https:\/\/hobby4geek.com\/wp-content\/uploads\/2023\/02\/default-kit.png","contentUrl":"https:\/\/hobby4geek.com\/wp-content\/uploads\/2023\/02\/default-kit.png","width":600,"height":600,"caption":"Hobby4Geek"},"image":{"@id":"https:\/\/hobby4geek.com\/#\/schema\/logo\/image\/"},"sameAs":["https:\/\/www.facebook.com\/hobby4geek","https:\/\/x.com\/hobby4geek","https:\/\/www.instagram.com\/hobby4geek\/"]}]},"product_brand":"Transformers","product_price_amount":"29.00","product_price_currency":"EUR","og_availability":"out of stock","product_availability":"out of stock","product_retailer_item_id":"studioseries058","product_condition":"new"},"_links":{"self":[{"href":"https:\/\/hobby4geek.com\/fr\/wp-json\/wp\/v2\/product\/105149","targetHints":{"allow":["GET"]}}],"collection":[{"href":"https:\/\/hobby4geek.com\/fr\/wp-json\/wp\/v2\/product"}],"about":[{"href":"https:\/\/hobby4geek.com\/fr\/wp-json\/wp\/v2\/types\/product"}],"replies":[{"embeddable":true,"href":"https:\/\/hobby4geek.com\/fr\/wp-json\/wp\/v2\/comments?post=105149"}],"version-history":[{"count":0,"href":"https:\/\/hobby4geek.com\/fr\/wp-json\/wp\/v2\/product\/105149\/revisions"}],"wp:featuredmedia":[{"embeddable":true,"href":"https:\/\/hobby4geek.com\/fr\/wp-json\/wp\/v2\/media\/179701"}],"wp:attachment":[{"href":"https:\/\/hobby4geek.com\/fr\/wp-json\/wp\/v2\/media?parent=105149"}],"wp:term":[{"taxonomy":"product_brand","embeddable":true,"href":"https:\/\/hobby4geek.com\/fr\/wp-json\/wp\/v2\/product_brand?post=105149"},{"taxonomy":"product_cat","embeddable":true,"href":"https:\/\/hobby4geek.com\/fr\/wp-json\/wp\/v2\/product_cat?post=105149"},{"taxonomy":"product_tag","embeddable":true,"href":"https:\/\/hobby4geek.com\/fr\/wp-json\/wp\/v2\/product_tag?post=105149"},{"taxonomy":"giftcard-category","embeddable":true,"href":"https:\/\/hobby4geek.com\/fr\/wp-json\/wp\/v2\/giftcard-category?post=105149"}],"curies":[{"name":"wp","href":"https:\/\/api.w.org\/{rel}","templated":true}]}}