{"id":186181,"date":"2023-04-07T01:15:52","date_gmt":"2023-04-07T00:15:52","guid":{"rendered":"https:\/\/hobby4geek.com\/?page_id=186181"},"modified":"2024-06-01T12:26:36","modified_gmt":"2024-06-01T11:26:36","slug":"faq","status":"publish","type":"page","link":"https:\/\/hobby4geek.com\/fr\/faq\/","title":{"rendered":"Questions fr\u00e9quemment pos\u00e9es"},"content":{"rendered":"<div class=\"yith-faqs\">\n\t\t\t\t\n\t\t\t\t\t<ul class=\"yith-faqs-categories minimal\">\n\t\t\t\t\t\t<li>\n\t\t\t\t\t\t\t<a href=\"?term_id=all\" class=\"active\">Tous<\/a>\n\t\t\t\t\t\t<\/li>\n\t\t\t\t\t\t\t\t\t\t\t\t\t<li>\n\t\t\t\t\t\t\t\t<a href=\"?term_id=2003\" class=\"\">Exp\u00e9dition<\/a>\n\t\t\t\t\t\t\t<\/li>\n\t\t\t\t\t\t\t\t\t\t\t\t\t<li>\n\t\t\t\t\t\t\t\t<a href=\"?term_id=2561\" class=\"\">\u00c0 propos de nous<\/a>\n\t\t\t\t\t\t\t<\/li>\n\t\t\t\t\t\t\t\t\t\t\t\t\t<li>\n\t\t\t\t\t\t\t\t<a href=\"?term_id=2562\" class=\"\">Paiements<\/a>\n\t\t\t\t\t\t\t<\/li>\n\t\t\t\t\t\t\t\t\t\t\t\t\t<li>\n\t\t\t\t\t\t\t\t<a href=\"?term_id=2563\" class=\"\">Produits<\/a>\n\t\t\t\t\t\t\t<\/li>\n\t\t\t\t\t\t\t\t\t\t\t<\/ul>\n\n\t\t\t\t\t\t\t\t<div id=\"yith-faqs-container\" class=\"yith-faqs-container yith-faq-type-toggle minimal yith-faqs-paged  default-loader\" style=\"--ywfp-icon-font-size: 14px;\">\n\n\t\t\t\t\t\n\t\t\t\t\t\n\t\t\t\t\t\t\t\t\t\t\t\t<div id=\"faq-197609\" class=\"yith-faqs-item icon-right\">\n\t\t\t\t\t\t\t<div class=\"yith-faqs-title\">\n\t\t\t\t\t\t\t\t\t\t\t\t\t\t\t\t\t<div class=\"icon yfwp-plus\"><\/div>\n\t\t\t\t\t\t\t\t\t\t\t\t\t\t\t\t<b>Pr\u00e9-commande ? D\u00e9p\u00f4t ? qu'est-ce que c'est ?<\/b>\n\t\t\t\t\t\t\t<\/div>\n\t\t\t\t\t\t\t<div class=\"yith-faqs-content-wrapper\">\n\t\t\t\t\t\t\t\t<div class=\"yith-faqs-content\">\n\t\t\t\t\t\t\t\t\t<strong>Qu'en est-il des pr\u00e9commandes ?<\/strong>\r\n<ul>\r\n \t<li>Vous avez d\u00e9j\u00e0 r\u00eav\u00e9 d'\u00eatre l'ultime cr\u00e9ateur de tendances, de vous procurer les articles les plus en vogue avant m\u00eame qu'ils n'arrivent sur les \u00e9tag\u00e8res ? C'est ce que signifie une pr\u00e9commande ! Vous bloquez vos produits pr\u00e9f\u00e9r\u00e9s avant le reste du peloton et vous vous assurez de faire l'envie de tous les geeks du quartier.<\/li>\r\n<\/ul>\r\n<strong>Pourquoi devrais-je prendre le train des pr\u00e9commandes ?<\/strong>\r\n<ul>\r\n \t<li>Imaginez : c'est comme si vous d\u00e9bloquiez un super pouvoir dans le monde du shopping ! Dites \"bye-bye\" au redoutable message \"en rupture de stock\" et \"bonjour\" \u00e0 la possibilit\u00e9 d'obtenir exactement ce que vous voulez, avant qu'il ne disparaisse. De plus, la pr\u00e9commande est souvent synonyme d'offres sp\u00e9ciales et d'offres exclusives.<\/li>\r\n<\/ul>\r\n<strong>Qu'est-ce qu'un d\u00e9p\u00f4t et pourquoi en ai-je besoin ?<\/strong>\r\n<ul>\r\n \t<li>Consid\u00e9rez cela comme un acompte sur le bonheur ! Lorsque vous pr\u00e9commandez un article, vous versez un peu d'argent \u00e0 l'avance pour garantir votre r\u00e9servation. C'est comme si vous disposiez d'un billet VIP personnel qui vous garantit que vous ne manquerez pas l'article qui vous fait saliver.<\/li>\r\n<\/ul>\r\n<strong>Pourquoi le versement d'un acompte est-il si important ?<\/strong>\r\n<ul>\r\n \t<li>C'est plus cool qu'un ours polaire faisant le cha-cha ! Non seulement vous vous procurez votre article indispensable, mais vous vous d\u00e9tendez l'esprit tranquille en sachant qu'il vous attendra d\u00e8s qu'il sera sur les \u00e9tag\u00e8res, pr\u00eat \u00e0 \u00eatre achet\u00e9 par vous seul. - pas de soucis, que du plaisir !<\/li>\r\n<\/ul>\r\n<strong>Quels sont les avantages de la pr\u00e9commande et du d\u00e9p\u00f4t chez Hobby4Geek ?<\/strong>\r\n<ul>\r\n \t<li>En plus de vous assurer une longueur d'avance, chez Hobby4Geek, nous aimons traiter nos acheteurs avis\u00e9s ! Pensez \u00e0 des remises sp\u00e9ciales, des offres exclusives, et m\u00eame des surprises lorsque vous pr\u00e9commandez et payez un acompte. Alors pourquoi attendre ? R\u00e9servez vos produits pr\u00e9f\u00e9r\u00e9s !<\/li>\r\n<\/ul>\t\t\t\t\t\t\t\t<\/div>\n\t\t\t\t\t\t\t\t\t\t\t\t\t\t\t\t\t<div class=\"yith-faqs-link\">\n\t\t\t\t\t\t\t\t\t\t<a class=\"yith-faqs-copy\" href=\"#\" data-faq=\"https:\/\/hobby4geek.com\/fr\/faq\/#faq-197609\">\n\t\t\t\t\t\t\t\t\t\t\t<span class=\"hover-text\">Copier le lien<\/span>\n\t\t\t\t\t\t\t\t\t\t\t<span class=\"success-text\">Copi\u00e9 !<\/span>\n\t\t\t\t\t\t\t\t\t\t<\/a>\n\t\t\t\t\t\t\t\t\t<\/div>\n\t\t\t\t\t\t\t\t\t\t\t\t\t\t\t<\/div>\n\t\t\t\t\t\t<\/div>\n\n\t\t\t\t\t\n\t\t\t\t\t\t\t\t\t\t\t\t<div id=\"faq-197605\" class=\"yith-faqs-item icon-right\">\n\t\t\t\t\t\t\t<div class=\"yith-faqs-title\">\n\t\t\t\t\t\t\t\t\t\t\t\t\t\t\t\t\t<div class=\"icon yfwp-plus\"><\/div>\n\t\t\t\t\t\t\t\t\t\t\t\t\t\t\t\t<b>Comment gagner des points Geek et pourquoi ?<\/b>\n\t\t\t\t\t\t\t<\/div>\n\t\t\t\t\t\t\t<div class=\"yith-faqs-content-wrapper\">\n\t\t\t\t\t\t\t\t<div class=\"yith-faqs-content\">\n\t\t\t\t\t\t\t\t\t<p>Avec Hobby4Geek, accumuler des points Geek est un jeu d'enfant ! Pour chaque article que vous achetez, vous accumulez ces pr\u00e9cieux points - consid\u00e9rez-les comme vos compagnons de shopping qui vous encouragent !<\/p>\n<blockquote><p>En gros, vous obtenez un point Geek pour chaque 5,51 \u20ac d\u00e9pens\u00e9s. Et voici la partie la plus amusante : chaque Geek Point a un certain poids, puisqu'il p\u00e8se environ 0,08 \u20ac !<\/p><\/blockquote>\n<p>Et devinez quoi ? Vous pouvez \u00e9changer ces tr\u00e9sors num\u00e9riques contre des r\u00e9ductions int\u00e9ressantes lorsque vous \u00eates pr\u00eat \u00e0 passer \u00e0 la caisse.<\/p>\n<blockquote><p>Imaginez un peu : vous avez trouv\u00e9 ce <a href=\"https:\/\/hobby4geek.com\/fr\/produit\/newage-xm-2-duel\/\" target=\"_blank\" rel=\"noopener\">article g\u00e9nial<\/a> pour 297,60 \u20ac (TVA incluse), et boum - 59 Geek Points atterrissent sur votre compte, pour un total de 4,72 \u20ac.<\/p><\/blockquote>\n<p>C'est comme une petite danse de la victoire pour s'\u00eatre offert un petit extra ! Oh, et voici la recette secr\u00e8te en coulisses : \"Points Geek = Montant du produit \/ 5,51\". Facile, non ? Bon shopping, chers geeks !<\/p>\n\t\t\t\t\t\t\t\t<\/div>\n\t\t\t\t\t\t\t\t\t\t\t\t\t\t\t\t\t<div class=\"yith-faqs-link\">\n\t\t\t\t\t\t\t\t\t\t<a class=\"yith-faqs-copy\" href=\"#\" data-faq=\"https:\/\/hobby4geek.com\/fr\/faq\/#faq-197605\">\n\t\t\t\t\t\t\t\t\t\t\t<span class=\"hover-text\">Copier le lien<\/span>\n\t\t\t\t\t\t\t\t\t\t\t<span class=\"success-text\">Copi\u00e9 !<\/span>\n\t\t\t\t\t\t\t\t\t\t<\/a>\n\t\t\t\t\t\t\t\t\t<\/div>\n\t\t\t\t\t\t\t\t\t\t\t\t\t\t\t<\/div>\n\t\t\t\t\t\t<\/div>\n\n\t\t\t\t\t\n\t\t\t\t\t\t\t\t\t\t\t\t<div id=\"faq-197601\" class=\"yith-faqs-item icon-right\">\n\t\t\t\t\t\t\t<div class=\"yith-faqs-title\">\n\t\t\t\t\t\t\t\t\t\t\t\t\t\t\t\t\t<div class=\"icon yfwp-plus\"><\/div>\n\t\t\t\t\t\t\t\t\t\t\t\t\t\t\t\t<b>Quelles sont les diff\u00e9rences entre \"KO\", \"3rd Party\", \"4th Party\" et sous licence officielle ?<\/b>\n\t\t\t\t\t\t\t<\/div>\n\t\t\t\t\t\t\t<div class=\"yith-faqs-content-wrapper\">\n\t\t\t\t\t\t\t\t<div class=\"yith-faqs-content\">\n\t\t\t\t\t\t\t\t\t<blockquote><p>Les termes \"Knock Off\" (KO), \"Third Party\" (3rd Party), \"Fourth Party\" (4th Party) et \"Official\" (Licensed) sont couramment utilis\u00e9s dans le contexte des produits d\u00e9riv\u00e9s, en particulier dans l'industrie des jouets et des objets de collection. Voici leurs diff\u00e9rences :<\/p><\/blockquote>\n<ul>\n<li><strong>\"Knock Off\" (KO)<\/strong>: Les Knock Offs, souvent abr\u00e9g\u00e9s en KO, sont des produits sans licence qui imitent intentionnellement les produits officiels, mais qui sont g\u00e9n\u00e9ralement de qualit\u00e9 inf\u00e9rieure et moins chers.<\/li>\n<li><strong>\"Tierce partie\" (3rd Party)<\/strong>: Third Party d\u00e9signe les fabricants qui produisent leurs propres produits sans licence, inspir\u00e9s par des personnages sous licence, mais con\u00e7us pour \u00eatre compatibles avec les gammes existantes de produits sous licence. Par exemple, dans l'industrie du jouet Transformers, les fabricants tiers produisent souvent des figurines et des accessoires compatibles avec les lignes de jouets officielles, mais qui ne sont pas produits par Hasbro ou Takara Tomy.<\/li>\n<li><strong>\"Quatri\u00e8me partie\" (4th Party)<\/strong>: Le terme \"quatri\u00e8me partie\" n'est pas aussi courant que les autres et peut ne pas \u00eatre universellement reconnu dans tous les contextes. Toutefois, dans certains secteurs, ce terme peut d\u00e9signer des entreprises ou des personnes qui fournissent des services ou des produits \u00e0 des tiers (tierces parties), souvent dans le cadre de contrats ou d'accords complexes impliquant plusieurs parties. La distinction entre tiers et quatri\u00e8me partie peut varier en fonction du contexte sp\u00e9cifique.<\/li>\n<li><strong>Officiel (sous licence)<\/strong>: Les produits sous licence, \u00e9galement appel\u00e9s produits officiels, sont ceux qui sont autoris\u00e9s par le d\u00e9tenteur des droits. Cela signifie que le fabricant a obtenu les droits l\u00e9gaux de produire et de vendre des produits bas\u00e9s sur une franchise, un personnage ou une propri\u00e9t\u00e9 intellectuelle sp\u00e9cifique. Les produits sous licence sont g\u00e9n\u00e9ralement de meilleure qualit\u00e9 et b\u00e9n\u00e9ficient du soutien du d\u00e9tenteur des droits. Par exemple, les jouets Marvel ou Star Wars fabriqu\u00e9s par Hasbro sont des produits officiels sous licence.<\/li>\n<\/ul>\n\t\t\t\t\t\t\t\t<\/div>\n\t\t\t\t\t\t\t\t\t\t\t\t\t\t\t\t\t<div class=\"yith-faqs-link\">\n\t\t\t\t\t\t\t\t\t\t<a class=\"yith-faqs-copy\" href=\"#\" data-faq=\"https:\/\/hobby4geek.com\/fr\/faq\/#faq-197601\">\n\t\t\t\t\t\t\t\t\t\t\t<span class=\"hover-text\">Copier le lien<\/span>\n\t\t\t\t\t\t\t\t\t\t\t<span class=\"success-text\">Copi\u00e9 !<\/span>\n\t\t\t\t\t\t\t\t\t\t<\/a>\n\t\t\t\t\t\t\t\t\t<\/div>\n\t\t\t\t\t\t\t\t\t\t\t\t\t\t\t<\/div>\n\t\t\t\t\t\t<\/div>\n\n\t\t\t\t\t\n\t\t\t\t\t\t\t\t\t\t\t\t<div id=\"faq-197599\" class=\"yith-faqs-item icon-right\">\n\t\t\t\t\t\t\t<div class=\"yith-faqs-title\">\n\t\t\t\t\t\t\t\t\t\t\t\t\t\t\t\t\t<div class=\"icon yfwp-plus\"><\/div>\n\t\t\t\t\t\t\t\t\t\t\t\t\t\t\t\t<b>Comment Hobby4Geek a-t-il vu le jour ?<\/b>\n\t\t\t\t\t\t\t<\/div>\n\t\t\t\t\t\t\t<div class=\"yith-faqs-content-wrapper\">\n\t\t\t\t\t\t\t\t<div class=\"yith-faqs-content\">\n\t\t\t\t\t\t\t\t\t<blockquote><p>HOBBY4GEEK a \u00e9t\u00e9 fond\u00e9 le 8 f\u00e9vrier 2023. Il est n\u00e9 d'une pure passion pour Transformers et tout ce qui concerne les geeks ! Imaginez un endroit o\u00f9 les fans des robots m\u00e9tamorphes les plus cool de l'univers peuvent se rassembler et trouver toutes les figurines de leurs r\u00eaves. C'est exactement ce que nous avons cr\u00e9\u00e9 ! Notre boutique en ligne est le havre ultime pour les aficionados de Transformers, o\u00f9 vous pouvez explorer un univers infini de jouets, d'\u00e9ditions sp\u00e9ciales et d'objets \u00e0 collectionner.<\/p><\/blockquote>\n<blockquote><p>Nous avons eu cette id\u00e9e lumineuse apr\u00e8s avoir r\u00e9alis\u00e9 qu'il n'existait pas vraiment de boutique en ligne enti\u00e8rement consacr\u00e9e \u00e0 ces super-h\u00e9ros en m\u00e9tal. Nous avons donc d\u00e9cid\u00e9 de prendre les choses en main et de construire le temple du Transformers sur le web ! Notre mission ? Vous proposer le plus grand choix de figurines Transformers, des classiques aux derni\u00e8res nouveaut\u00e9s en passant par des mod\u00e8les ultra rares que vous ne trouverez nulle part ailleurs.<\/p><\/blockquote>\n<blockquote><p>Chez HOBBY4GEEK, nous ne plaisantons pas lorsqu'il s'agit de Transformers. Nous sommes l\u00e0 pour vous offrir une exp\u00e9rience d'achat aussi \u00e9pique que la bataille entre Autobots et Decepticons ! Alors, pr\u00e9parez-vous \u00e0 embarquer dans un voyage o\u00f9 chaque clic vous rapproche de votre prochaine figurine pr\u00e9f\u00e9r\u00e9e. Rejoignez-nous et plongez dans l'action avec HOBBY4GEEK - o\u00f9 la passion pour les jouets devient une aventure en soi !<\/p><\/blockquote>\n\t\t\t\t\t\t\t\t<\/div>\n\t\t\t\t\t\t\t\t\t\t\t\t\t\t\t\t\t<div class=\"yith-faqs-link\">\n\t\t\t\t\t\t\t\t\t\t<a class=\"yith-faqs-copy\" href=\"#\" data-faq=\"https:\/\/hobby4geek.com\/fr\/faq\/#faq-197599\">\n\t\t\t\t\t\t\t\t\t\t\t<span class=\"hover-text\">Copier le lien<\/span>\n\t\t\t\t\t\t\t\t\t\t\t<span class=\"success-text\">Copi\u00e9 !<\/span>\n\t\t\t\t\t\t\t\t\t\t<\/a>\n\t\t\t\t\t\t\t\t\t<\/div>\n\t\t\t\t\t\t\t\t\t\t\t\t\t\t\t<\/div>\n\t\t\t\t\t\t<\/div>\n\n\t\t\t\t\t\n\t\t\t\t\t\t\t\t\t\t\t\t<div id=\"faq-197596\" class=\"yith-faqs-item icon-right\">\n\t\t\t\t\t\t\t<div class=\"yith-faqs-title\">\n\t\t\t\t\t\t\t\t\t\t\t\t\t\t\t\t\t<div class=\"icon yfwp-plus\"><\/div>\n\t\t\t\t\t\t\t\t\t\t\t\t\t\t\t\t<b>Quels sont les modes de paiement accept\u00e9s sur Hobby4geek.com ?<\/b>\n\t\t\t\t\t\t\t<\/div>\n\t\t\t\t\t\t\t<div class=\"yith-faqs-content-wrapper\">\n\t\t\t\t\t\t\t\t<div class=\"yith-faqs-content\">\n\t\t\t\t\t\t\t\t\t<p>Le Client s\u00e9lectionne son mode de paiement \u00e0 la fin de sa commande et a la possibilit\u00e9 de payer par :<\/p>\n<ul>\n<li>Paiement ult\u00e9rieur \/ paiement en 3 fois (par Klarna)<\/li>\n<li>Carte de cr\u00e9dit \/ Carte de d\u00e9bit (par Stripe)<\/li>\n<li>Compte Paypal \/ Cartes de cr\u00e9dit (par PayPal)<\/li>\n<li>Paiement en 4 fois (par PayPal)<\/li>\n<li>Paiement bancaire instantan\u00e9 (par Fintecture)<\/li>\n<li>Virement bancaire (par Wise)<\/li>\n<li>ApplePay<\/li>\n<li>GooglePay<\/li>\n<li>Bancontact<\/li>\n<li>EPS<\/li>\n<li>Giropay<\/li>\n<li>iDEAL<\/li>\n<li>Sofort<\/li>\n<li>Przelewy24 (P24)<\/li>\n<\/ul>\n\t\t\t\t\t\t\t\t<\/div>\n\t\t\t\t\t\t\t\t\t\t\t\t\t\t\t\t\t<div class=\"yith-faqs-link\">\n\t\t\t\t\t\t\t\t\t\t<a class=\"yith-faqs-copy\" href=\"#\" data-faq=\"https:\/\/hobby4geek.com\/fr\/faq\/#faq-197596\">\n\t\t\t\t\t\t\t\t\t\t\t<span class=\"hover-text\">Copier le lien<\/span>\n\t\t\t\t\t\t\t\t\t\t\t<span class=\"success-text\">Copi\u00e9 !<\/span>\n\t\t\t\t\t\t\t\t\t\t<\/a>\n\t\t\t\t\t\t\t\t\t<\/div>\n\t\t\t\t\t\t\t\t\t\t\t\t\t\t\t<\/div>\n\t\t\t\t\t\t<\/div>\n\n\t\t\t\t\t\n\t\t\t\t\t\t\t\t\t\t\t\t<div id=\"faq-197592\" class=\"yith-faqs-item icon-right\">\n\t\t\t\t\t\t\t<div class=\"yith-faqs-title\">\n\t\t\t\t\t\t\t\t\t\t\t\t\t\t\t\t\t<div class=\"icon yfwp-plus\"><\/div>\n\t\t\t\t\t\t\t\t\t\t\t\t\t\t\t\t<b>Quelle est la signification du nom Hobby4Geek ?<\/b>\n\t\t\t\t\t\t\t<\/div>\n\t\t\t\t\t\t\t<div class=\"yith-faqs-content-wrapper\">\n\t\t\t\t\t\t\t\t<div class=\"yith-faqs-content\">\n\t\t\t\t\t\t\t\t\t<p>Le nom \"Hobby4Geek\" combine \"Hobby\", qui d\u00e9signe une activit\u00e9 pratiqu\u00e9e r\u00e9guli\u00e8rement pour le plaisir, et \"Geek\", qui d\u00e9signe une personne ayant une passion et des connaissances approfondies dans des domaines sp\u00e9cifiques tels que la technologie, la science-fiction et les jeux. Plus pr\u00e9cis\u00e9ment, Hobby4Geek.com se concentre sur les jouets et les figurines de collection, et plus particuli\u00e8rement sur Transformers.<\/p>\n\t\t\t\t\t\t\t\t<\/div>\n\t\t\t\t\t\t\t\t\t\t\t\t\t\t\t\t\t<div class=\"yith-faqs-link\">\n\t\t\t\t\t\t\t\t\t\t<a class=\"yith-faqs-copy\" href=\"#\" data-faq=\"https:\/\/hobby4geek.com\/fr\/faq\/#faq-197592\">\n\t\t\t\t\t\t\t\t\t\t\t<span class=\"hover-text\">Copier le lien<\/span>\n\t\t\t\t\t\t\t\t\t\t\t<span class=\"success-text\">Copi\u00e9 !<\/span>\n\t\t\t\t\t\t\t\t\t\t<\/a>\n\t\t\t\t\t\t\t\t\t<\/div>\n\t\t\t\t\t\t\t\t\t\t\t\t\t\t\t<\/div>\n\t\t\t\t\t\t<\/div>\n\n\t\t\t\t\t\n\t\t\t\t\t\t\t\t\t\t\t\t<div id=\"faq-186180\" class=\"yith-faqs-item icon-right\">\n\t\t\t\t\t\t\t<div class=\"yith-faqs-title\">\n\t\t\t\t\t\t\t\t\t\t\t\t\t\t\t\t\t<div class=\"icon yfwp-plus\"><\/div>\n\t\t\t\t\t\t\t\t\t\t\t\t\t\t\t\t<b>Origine des colis et frais d'exp\u00e9dition ?<\/b>\n\t\t\t\t\t\t\t<\/div>\n\t\t\t\t\t\t\t<div class=\"yith-faqs-content-wrapper\">\n\t\t\t\t\t\t\t\t<div class=\"yith-faqs-content\">\n\t\t\t\t\t\t\t\t\t<ul>\n<li>Nos colis sont exp\u00e9di\u00e9s depuis la France ou la Chine, en fonction de votre localisation et du produit que vous choisissez. Sur chaque page produit, vous pouvez v\u00e9rifier la disponibilit\u00e9 de l'envoi depuis la France ou la Chine.<\/li>\n<\/ul>\n<p>&nbsp;<\/p>\n<ul>\n<li>Les envois en provenance de Chine b\u00e9n\u00e9ficient g\u00e9n\u00e9ralement d'une livraison gratuite dans la quasi-totalit\u00e9 du monde.<\/li>\n<\/ul>\n<p>&nbsp;<\/p>\n<ul>\n<li>Pour les produits exp\u00e9di\u00e9s depuis la France, des frais de port peuvent \u00eatre appliqu\u00e9s en fonction de votre destination. Toutefois, la livraison est gratuite en Europe \u00e0 partir de 70\u20ac d'achat et \u00e0 l'international \u00e0 partir de 150\u20ac d'achat.<\/li>\n<\/ul>\n\t\t\t\t\t\t\t\t<\/div>\n\t\t\t\t\t\t\t\t\t\t\t\t\t\t\t\t\t<div class=\"yith-faqs-link\">\n\t\t\t\t\t\t\t\t\t\t<a class=\"yith-faqs-copy\" href=\"#\" data-faq=\"https:\/\/hobby4geek.com\/fr\/faq\/#faq-186180\">\n\t\t\t\t\t\t\t\t\t\t\t<span class=\"hover-text\">Copier le lien<\/span>\n\t\t\t\t\t\t\t\t\t\t\t<span class=\"success-text\">Copi\u00e9 !<\/span>\n\t\t\t\t\t\t\t\t\t\t<\/a>\n\t\t\t\t\t\t\t\t\t<\/div>\n\t\t\t\t\t\t\t\t\t\t\t\t\t\t\t<\/div>\n\t\t\t\t\t\t<\/div>\n\n\t\t\t\t\t\n\t\t\t\t<\/div>\n\t\t\t\t\t\t\t<\/div>","protected":false},"excerpt":{"rendered":"","protected":false},"author":1,"featured_media":0,"parent":0,"menu_order":0,"comment_status":"closed","ping_status":"closed","template":"","meta":{"inline_featured_image":false,"footnotes":""},"class_list":["post-186181","page","type-page","status-publish","hentry"],"yoast_head":"<!-- This site is optimized with the Yoast SEO Premium plugin v25.3.1 (Yoast SEO v27.2) - https:\/\/yoast.com\/product\/yoast-seo-premium-wordpress\/ -->\n<title>Frequently asked questions<\/title>\n<meta name=\"robots\" content=\"index, follow, max-snippet:-1, max-image-preview:large, max-video-preview:-1\" \/>\n<link rel=\"canonical\" href=\"https:\/\/hobby4geek.com\/fr\/faq\/\" \/>\n<meta property=\"og:locale\" content=\"fr_FR\" \/>\n<meta property=\"og:type\" content=\"article\" \/>\n<meta property=\"og:title\" content=\"Frequently asked questions\" \/>\n<meta property=\"og:url\" content=\"https:\/\/hobby4geek.com\/fr\/faq\/\" \/>\n<meta property=\"og:site_name\" content=\"Hobby4Geek\" \/>\n<meta property=\"article:publisher\" content=\"https:\/\/www.facebook.com\/hobby4geek\" \/>\n<meta property=\"article:modified_time\" content=\"2024-06-01T11:26:36+00:00\" \/>\n<meta name=\"twitter:card\" content=\"summary_large_image\" \/>\n<meta name=\"twitter:site\" content=\"@hobby4geek\" \/>\n<script type=\"application\/ld+json\" class=\"yoast-schema-graph\">{\"@context\":\"https:\/\/schema.org\",\"@graph\":[{\"@type\":\"WebPage\",\"@id\":\"https:\/\/hobby4geek.com\/faq\/\",\"url\":\"https:\/\/hobby4geek.com\/faq\/\",\"name\":\"Frequently asked questions\",\"isPartOf\":{\"@id\":\"https:\/\/hobby4geek.com\/#website\"},\"datePublished\":\"2023-04-07T00:15:52+00:00\",\"dateModified\":\"2024-06-01T11:26:36+00:00\",\"breadcrumb\":{\"@id\":\"https:\/\/hobby4geek.com\/faq\/#breadcrumb\"},\"inLanguage\":\"fr-FR\",\"potentialAction\":[{\"@type\":\"ReadAction\",\"target\":[\"https:\/\/hobby4geek.com\/faq\/\"]}]},{\"@type\":\"BreadcrumbList\",\"@id\":\"https:\/\/hobby4geek.com\/faq\/#breadcrumb\",\"itemListElement\":[{\"@type\":\"ListItem\",\"position\":1,\"name\":\"Home\",\"item\":\"https:\/\/hobby4geek.com\/\"},{\"@type\":\"ListItem\",\"position\":2,\"name\":\"Frequently asked questions\"}]},{\"@type\":\"WebSite\",\"@id\":\"https:\/\/hobby4geek.com\/#website\",\"url\":\"https:\/\/hobby4geek.com\/\",\"name\":\"Hobby4Geek\",\"description\":\"Collect, Play &amp; Showcase, Embrace your Geekiness\",\"publisher\":{\"@id\":\"https:\/\/hobby4geek.com\/#organization\"},\"potentialAction\":[{\"@type\":\"SearchAction\",\"target\":{\"@type\":\"EntryPoint\",\"urlTemplate\":\"https:\/\/hobby4geek.com\/?s={search_term_string}\"},\"query-input\":{\"@type\":\"PropertyValueSpecification\",\"valueRequired\":true,\"valueName\":\"search_term_string\"}}],\"inLanguage\":\"fr-FR\"},{\"@type\":\"Organization\",\"@id\":\"https:\/\/hobby4geek.com\/#organization\",\"name\":\"Hobby4Geek\",\"url\":\"https:\/\/hobby4geek.com\/\",\"logo\":{\"@type\":\"ImageObject\",\"inLanguage\":\"fr-FR\",\"@id\":\"https:\/\/hobby4geek.com\/#\/schema\/logo\/image\/\",\"url\":\"https:\/\/hobby4geek.com\/wp-content\/uploads\/2023\/02\/default-kit.png\",\"contentUrl\":\"https:\/\/hobby4geek.com\/wp-content\/uploads\/2023\/02\/default-kit.png\",\"width\":600,\"height\":600,\"caption\":\"Hobby4Geek\"},\"image\":{\"@id\":\"https:\/\/hobby4geek.com\/#\/schema\/logo\/image\/\"},\"sameAs\":[\"https:\/\/www.facebook.com\/hobby4geek\",\"https:\/\/x.com\/hobby4geek\",\"https:\/\/www.instagram.com\/hobby4geek\/\"]}]}<\/script>\n<!-- \/ Yoast SEO Premium plugin. -->","yoast_head_json":{"title":"Questions fr\u00e9quemment pos\u00e9es","robots":{"index":"index","follow":"follow","max-snippet":"max-snippet:-1","max-image-preview":"max-image-preview:large","max-video-preview":"max-video-preview:-1"},"canonical":"https:\/\/hobby4geek.com\/fr\/faq\/","og_locale":"fr_FR","og_type":"article","og_title":"Frequently asked questions","og_url":"https:\/\/hobby4geek.com\/fr\/faq\/","og_site_name":"Hobby4Geek","article_publisher":"https:\/\/www.facebook.com\/hobby4geek","article_modified_time":"2024-06-01T11:26:36+00:00","twitter_card":"summary_large_image","twitter_site":"@hobby4geek","schema":{"@context":"https:\/\/schema.org","@graph":[{"@type":"WebPage","@id":"https:\/\/hobby4geek.com\/faq\/","url":"https:\/\/hobby4geek.com\/faq\/","name":"Questions fr\u00e9quemment pos\u00e9es","isPartOf":{"@id":"https:\/\/hobby4geek.com\/#website"},"datePublished":"2023-04-07T00:15:52+00:00","dateModified":"2024-06-01T11:26:36+00:00","breadcrumb":{"@id":"https:\/\/hobby4geek.com\/faq\/#breadcrumb"},"inLanguage":"fr-FR","potentialAction":[{"@type":"ReadAction","target":["https:\/\/hobby4geek.com\/faq\/"]}]},{"@type":"BreadcrumbList","@id":"https:\/\/hobby4geek.com\/faq\/#breadcrumb","itemListElement":[{"@type":"ListItem","position":1,"name":"Home","item":"https:\/\/hobby4geek.com\/"},{"@type":"ListItem","position":2,"name":"Frequently asked questions"}]},{"@type":"WebSite","@id":"https:\/\/hobby4geek.com\/#website","url":"https:\/\/hobby4geek.com\/","name":"Hobby4Geek","description":"Collectionnez, jouez et exposez, embrassez votre geekitude","publisher":{"@id":"https:\/\/hobby4geek.com\/#organization"},"potentialAction":[{"@type":"SearchAction","target":{"@type":"EntryPoint","urlTemplate":"https:\/\/hobby4geek.com\/?s={search_term_string}"},"query-input":{"@type":"PropertyValueSpecification","valueRequired":true,"valueName":"search_term_string"}}],"inLanguage":"fr-FR"},{"@type":"Organization","@id":"https:\/\/hobby4geek.com\/#organization","name":"Hobby4Geek","url":"https:\/\/hobby4geek.com\/","logo":{"@type":"ImageObject","inLanguage":"fr-FR","@id":"https:\/\/hobby4geek.com\/#\/schema\/logo\/image\/","url":"https:\/\/hobby4geek.com\/wp-content\/uploads\/2023\/02\/default-kit.png","contentUrl":"https:\/\/hobby4geek.com\/wp-content\/uploads\/2023\/02\/default-kit.png","width":600,"height":600,"caption":"Hobby4Geek"},"image":{"@id":"https:\/\/hobby4geek.com\/#\/schema\/logo\/image\/"},"sameAs":["https:\/\/www.facebook.com\/hobby4geek","https:\/\/x.com\/hobby4geek","https:\/\/www.instagram.com\/hobby4geek\/"]}]}},"_links":{"self":[{"href":"https:\/\/hobby4geek.com\/fr\/wp-json\/wp\/v2\/pages\/186181","targetHints":{"allow":["GET"]}}],"collection":[{"href":"https:\/\/hobby4geek.com\/fr\/wp-json\/wp\/v2\/pages"}],"about":[{"href":"https:\/\/hobby4geek.com\/fr\/wp-json\/wp\/v2\/types\/page"}],"author":[{"embeddable":true,"href":"https:\/\/hobby4geek.com\/fr\/wp-json\/wp\/v2\/users\/1"}],"replies":[{"embeddable":true,"href":"https:\/\/hobby4geek.com\/fr\/wp-json\/wp\/v2\/comments?post=186181"}],"version-history":[{"count":0,"href":"https:\/\/hobby4geek.com\/fr\/wp-json\/wp\/v2\/pages\/186181\/revisions"}],"wp:attachment":[{"href":"https:\/\/hobby4geek.com\/fr\/wp-json\/wp\/v2\/media?parent=186181"}],"curies":[{"name":"wp","href":"https:\/\/api.w.org\/{rel}","templated":true}]}}