{"id":85028,"date":"2019-10-10T03:14:25","date_gmt":"2019-10-10T02:14:25","guid":{"rendered":"https:\/\/hobby4geek.com\/?post_type=product&#038;p=85028"},"modified":"2024-05-12T13:04:29","modified_gmt":"2024-05-12T12:04:29","slug":"transformers-studio-series-51-deluxe-soundwave","status":"publish","type":"product","link":"https:\/\/hobby4geek.com\/es\/producto\/transformers-studio-series-51-deluxe-soundwave\/","title":{"rendered":"Transformers Studio Series - 51 Deluxe Soundwave"},"content":{"rendered":"<p>Con un tama\u00f1o proporcional a los personajes del universo Transformers, las figuras Studio Series y su decoraci\u00f3n est\u00e1n inspiradas en personajes y escenas ic\u00f3nicas de la pel\u00edcula. Adem\u00e1s, estas figuras son ideales para construir una impresionante colecci\u00f3n Transformers.<\/p>\n<p>En la escena de la Guarida del Serengeti de Transformers: Dark of the Moon, Soundwave y Laserbeak esperan pacientemente las \u00f3rdenes de Megatron.<\/p>\n<p>Esta figura Soundwave Studio Series 51 Deluxe cuenta con una v\u00edvida decoraci\u00f3n inspirada en las pel\u00edculas y se convierte del modo robot al modo coche en 19 pasos. Retira el fondo para mostrar a Soundwave en la escena de la Guarida del Serengeti. Incluye un detallado accesorio de la minifigura Laserbeak que se fija a su brazo.<\/p>\n<ul>\n<li>11,43 cm (4,50 pulgadas)<\/li>\n<li>Tama\u00f1o Deluxe<\/li>\n<li>En pl\u00e1stico<\/li>\n<li>Basado en la pel\u00edcula Transformers: Dark of the Moon<\/li>\n<li>Pasa del modo robot al modo coche en 19 pasos<\/li>\n<li>Cifra Premium<\/li>\n<li>Fondo extra\u00edble inspirado en una escena ic\u00f3nica de la pel\u00edcula Transformers<\/li>\n<li>Armas y Lazerbeak<\/li>\n<\/ul>","protected":false},"excerpt":{"rendered":"<ul>\n<li>11,43 cm (4,50 pulgadas)<\/li>\n<li>Tama\u00f1o Deluxe<\/li>\n<li>En pl\u00e1stico<\/li>\n<li>Basado en la pel\u00edcula Transformers: Dark of the Moon<\/li>\n<li>Pasa del modo robot al modo coche en 19 pasos<\/li>\n<li>Cifra Premium<\/li>\n<li>Fondo extra\u00edble inspirado en una escena ic\u00f3nica de la pel\u00edcula Transformers<\/li>\n<li>Armas y Lazerbeak<\/li>\n<\/ul>","protected":false},"featured_media":179425,"comment_status":"open","ping_status":"closed","template":"","meta":{"inline_featured_image":false},"product_brand":[],"product_cat":[1955,68,69,1960],"product_tag":[660,200,1759,661,221,239,647,582,583,655,662,240,203,1975,204],"giftcard-category":[],"class_list":{"0":"post-85028","1":"product","2":"type-product","3":"status-publish","4":"has-post-thumbnail","6":"product_cat-transformers","7":"product_cat-hasbro","8":"product_cat-takara-tomy","9":"product_cat-transformers-generations","10":"product_tag-660","11":"product_tag-action-figures","12":"product_tag-action-toys","13":"product_tag-dark-of-the-moon","14":"product_tag-decepticon","15":"product_tag-deluxe","16":"product_tag-dotm","17":"product_tag-laserbeak","18":"product_tag-soundwave","19":"product_tag-ss","20":"product_tag-ss51","21":"product_tag-studio-series","22":"product_tag-takara-tomy","23":"product_tag-toys-figures","24":"product_tag-transformers","25":"inventories-china-inventory","27":"first","28":"outofstock","29":"taxable","30":"shipping-taxable","31":"purchasable","32":"product-type-simple","33":"add-to-wishlist-after_add_to_cart"},"yoast_head":"<!-- This site is optimized with the Yoast SEO Premium plugin v25.3.1 (Yoast SEO v27.2) - https:\/\/yoast.com\/product\/yoast-seo-premium-wordpress\/ -->\n<title>Transformers Studio Series - 51 Deluxe Soundwave<\/title>\n<meta name=\"robots\" content=\"index, follow, max-snippet:-1, max-image-preview:large, max-video-preview:-1\" \/>\n<link rel=\"canonical\" href=\"https:\/\/hobby4geek.com\/es\/producto\/transformers-studio-series-51-deluxe-soundwave\/\" \/>\n<meta property=\"og:locale\" content=\"es_ES\" \/>\n<meta property=\"og:type\" content=\"article\" \/>\n<meta property=\"og:title\" content=\"Transformers Studio Series - 51 Deluxe Soundwave\" \/>\n<meta property=\"og:description\" content=\"4.50 inches (11.43cm)  Deluxe Size  In plastic  Based on the movie Transformers: Dark of the Moon  Convert from robot mode to car mode in 19 steps  Premium figure  Removable bottom inspired by an iconic scene from the Transformers movie  Weapons &amp; Lazerbeak\" \/>\n<meta property=\"og:url\" content=\"https:\/\/hobby4geek.com\/es\/producto\/transformers-studio-series-51-deluxe-soundwave\/\" \/>\n<meta property=\"og:site_name\" content=\"Hobby4Geek\" \/>\n<meta property=\"article:publisher\" content=\"https:\/\/www.facebook.com\/hobby4geek\" \/>\n<meta property=\"article:modified_time\" content=\"2024-05-12T12:04:29+00:00\" \/>\n<meta property=\"og:image\" content=\"https:\/\/hobby4geek.com\/wp-content\/uploads\/2023\/02\/transformers-studio-series-51-deluxe-soundwave-2-1.jpg\" \/>\n\t<meta property=\"og:image:width\" content=\"560\" \/>\n\t<meta property=\"og:image:height\" content=\"515\" \/>\n\t<meta property=\"og:image:type\" content=\"image\/jpeg\" \/>\n<meta name=\"twitter:card\" content=\"summary_large_image\" \/>\n<meta name=\"twitter:site\" content=\"@hobby4geek\" \/>\n<script type=\"application\/ld+json\" class=\"yoast-schema-graph\">{\"@context\":\"https:\/\/schema.org\",\"@graph\":[{\"@type\":\"WebPage\",\"@id\":\"https:\/\/hobby4geek.com\/product\/transformers-studio-series-51-deluxe-soundwave\/\",\"url\":\"https:\/\/hobby4geek.com\/product\/transformers-studio-series-51-deluxe-soundwave\/\",\"name\":\"Transformers Studio Series - 51 Deluxe Soundwave\",\"isPartOf\":{\"@id\":\"https:\/\/hobby4geek.com\/#website\"},\"primaryImageOfPage\":{\"@id\":\"https:\/\/hobby4geek.com\/product\/transformers-studio-series-51-deluxe-soundwave\/#primaryimage\"},\"image\":{\"@id\":\"https:\/\/hobby4geek.com\/product\/transformers-studio-series-51-deluxe-soundwave\/#primaryimage\"},\"thumbnailUrl\":\"https:\/\/hobby4geek.com\/wp-content\/uploads\/2023\/02\/transformers-studio-series-51-deluxe-soundwave-2-1.jpg\",\"datePublished\":\"2019-10-10T02:14:25+00:00\",\"dateModified\":\"2024-05-12T12:04:29+00:00\",\"breadcrumb\":{\"@id\":\"https:\/\/hobby4geek.com\/product\/transformers-studio-series-51-deluxe-soundwave\/#breadcrumb\"},\"inLanguage\":\"es\",\"potentialAction\":[{\"@type\":\"ReadAction\",\"target\":[\"https:\/\/hobby4geek.com\/product\/transformers-studio-series-51-deluxe-soundwave\/\"]}]},{\"@type\":\"ImageObject\",\"inLanguage\":\"es\",\"@id\":\"https:\/\/hobby4geek.com\/product\/transformers-studio-series-51-deluxe-soundwave\/#primaryimage\",\"url\":\"https:\/\/hobby4geek.com\/wp-content\/uploads\/2023\/02\/transformers-studio-series-51-deluxe-soundwave-2-1.jpg\",\"contentUrl\":\"https:\/\/hobby4geek.com\/wp-content\/uploads\/2023\/02\/transformers-studio-series-51-deluxe-soundwave-2-1.jpg\",\"width\":560,\"height\":515},{\"@type\":\"BreadcrumbList\",\"@id\":\"https:\/\/hobby4geek.com\/product\/transformers-studio-series-51-deluxe-soundwave\/#breadcrumb\",\"itemListElement\":[{\"@type\":\"ListItem\",\"position\":1,\"name\":\"Home\",\"item\":\"https:\/\/hobby4geek.com\/\"},{\"@type\":\"ListItem\",\"position\":2,\"name\":\"Shop\",\"item\":\"https:\/\/hobby4geek.com\/shop\/\"},{\"@type\":\"ListItem\",\"position\":3,\"name\":\"Transformers Studio Series &#8211; 51 Deluxe Soundwave\"}]},{\"@type\":\"WebSite\",\"@id\":\"https:\/\/hobby4geek.com\/#website\",\"url\":\"https:\/\/hobby4geek.com\/\",\"name\":\"Hobby4Geek\",\"description\":\"Collect, Play &amp; Showcase, Embrace your Geekiness\",\"publisher\":{\"@id\":\"https:\/\/hobby4geek.com\/#organization\"},\"potentialAction\":[{\"@type\":\"SearchAction\",\"target\":{\"@type\":\"EntryPoint\",\"urlTemplate\":\"https:\/\/hobby4geek.com\/?s={search_term_string}\"},\"query-input\":{\"@type\":\"PropertyValueSpecification\",\"valueRequired\":true,\"valueName\":\"search_term_string\"}}],\"inLanguage\":\"es\"},{\"@type\":\"Organization\",\"@id\":\"https:\/\/hobby4geek.com\/#organization\",\"name\":\"Hobby4Geek\",\"url\":\"https:\/\/hobby4geek.com\/\",\"logo\":{\"@type\":\"ImageObject\",\"inLanguage\":\"es\",\"@id\":\"https:\/\/hobby4geek.com\/#\/schema\/logo\/image\/\",\"url\":\"https:\/\/hobby4geek.com\/wp-content\/uploads\/2023\/02\/default-kit.png\",\"contentUrl\":\"https:\/\/hobby4geek.com\/wp-content\/uploads\/2023\/02\/default-kit.png\",\"width\":600,\"height\":600,\"caption\":\"Hobby4Geek\"},\"image\":{\"@id\":\"https:\/\/hobby4geek.com\/#\/schema\/logo\/image\/\"},\"sameAs\":[\"https:\/\/www.facebook.com\/hobby4geek\",\"https:\/\/x.com\/hobby4geek\",\"https:\/\/www.instagram.com\/hobby4geek\/\"]}]}<\/script>\n<meta property=\"product:brand\" content=\"Transformers\" \/>\n<meta property=\"product:price:amount\" content=\"32.00\" \/>\n<meta property=\"product:price:currency\" content=\"EUR\" \/>\n<meta property=\"og:availability\" content=\"out of stock\" \/>\n<meta property=\"product:availability\" content=\"out of stock\" \/>\n<meta property=\"product:retailer_item_id\" content=\"studioseries051\" \/>\n<meta property=\"product:condition\" content=\"new\" \/>\n<!-- \/ Yoast SEO Premium plugin. -->","yoast_head_json":{"title":"Transformers Studio Series - 51 Deluxe Soundwave","robots":{"index":"index","follow":"follow","max-snippet":"max-snippet:-1","max-image-preview":"max-image-preview:large","max-video-preview":"max-video-preview:-1"},"canonical":"https:\/\/hobby4geek.com\/es\/producto\/transformers-studio-series-51-deluxe-soundwave\/","og_locale":"es_ES","og_type":"article","og_title":"Transformers Studio Series - 51 Deluxe Soundwave","og_description":"4.50 inches (11.43cm)  Deluxe Size  In plastic  Based on the movie Transformers: Dark of the Moon  Convert from robot mode to car mode in 19 steps  Premium figure  Removable bottom inspired by an iconic scene from the Transformers movie  Weapons &amp; Lazerbeak","og_url":"https:\/\/hobby4geek.com\/es\/producto\/transformers-studio-series-51-deluxe-soundwave\/","og_site_name":"Hobby4Geek","article_publisher":"https:\/\/www.facebook.com\/hobby4geek","article_modified_time":"2024-05-12T12:04:29+00:00","og_image":[{"width":560,"height":515,"url":"https:\/\/hobby4geek.com\/wp-content\/uploads\/2023\/02\/transformers-studio-series-51-deluxe-soundwave-2-1.jpg","type":"image\/jpeg"}],"twitter_card":"summary_large_image","twitter_site":"@hobby4geek","schema":{"@context":"https:\/\/schema.org","@graph":[{"@type":"WebPage","@id":"https:\/\/hobby4geek.com\/product\/transformers-studio-series-51-deluxe-soundwave\/","url":"https:\/\/hobby4geek.com\/product\/transformers-studio-series-51-deluxe-soundwave\/","name":"Transformers Studio Series - 51 Deluxe Soundwave","isPartOf":{"@id":"https:\/\/hobby4geek.com\/#website"},"primaryImageOfPage":{"@id":"https:\/\/hobby4geek.com\/product\/transformers-studio-series-51-deluxe-soundwave\/#primaryimage"},"image":{"@id":"https:\/\/hobby4geek.com\/product\/transformers-studio-series-51-deluxe-soundwave\/#primaryimage"},"thumbnailUrl":"https:\/\/hobby4geek.com\/wp-content\/uploads\/2023\/02\/transformers-studio-series-51-deluxe-soundwave-2-1.jpg","datePublished":"2019-10-10T02:14:25+00:00","dateModified":"2024-05-12T12:04:29+00:00","breadcrumb":{"@id":"https:\/\/hobby4geek.com\/product\/transformers-studio-series-51-deluxe-soundwave\/#breadcrumb"},"inLanguage":"es","potentialAction":[{"@type":"ReadAction","target":["https:\/\/hobby4geek.com\/product\/transformers-studio-series-51-deluxe-soundwave\/"]}]},{"@type":"ImageObject","inLanguage":"es","@id":"https:\/\/hobby4geek.com\/product\/transformers-studio-series-51-deluxe-soundwave\/#primaryimage","url":"https:\/\/hobby4geek.com\/wp-content\/uploads\/2023\/02\/transformers-studio-series-51-deluxe-soundwave-2-1.jpg","contentUrl":"https:\/\/hobby4geek.com\/wp-content\/uploads\/2023\/02\/transformers-studio-series-51-deluxe-soundwave-2-1.jpg","width":560,"height":515},{"@type":"BreadcrumbList","@id":"https:\/\/hobby4geek.com\/product\/transformers-studio-series-51-deluxe-soundwave\/#breadcrumb","itemListElement":[{"@type":"ListItem","position":1,"name":"Home","item":"https:\/\/hobby4geek.com\/"},{"@type":"ListItem","position":2,"name":"Shop","item":"https:\/\/hobby4geek.com\/shop\/"},{"@type":"ListItem","position":3,"name":"Transformers Studio Series &#8211; 51 Deluxe Soundwave"}]},{"@type":"WebSite","@id":"https:\/\/hobby4geek.com\/#website","url":"https:\/\/hobby4geek.com\/","name":"Hobby4Geek","description":"Coleccionar, jugar y exhibir, abrazar su frikismo","publisher":{"@id":"https:\/\/hobby4geek.com\/#organization"},"potentialAction":[{"@type":"SearchAction","target":{"@type":"EntryPoint","urlTemplate":"https:\/\/hobby4geek.com\/?s={search_term_string}"},"query-input":{"@type":"PropertyValueSpecification","valueRequired":true,"valueName":"search_term_string"}}],"inLanguage":"es"},{"@type":"Organization","@id":"https:\/\/hobby4geek.com\/#organization","name":"Hobby4Geek","url":"https:\/\/hobby4geek.com\/","logo":{"@type":"ImageObject","inLanguage":"es","@id":"https:\/\/hobby4geek.com\/#\/schema\/logo\/image\/","url":"https:\/\/hobby4geek.com\/wp-content\/uploads\/2023\/02\/default-kit.png","contentUrl":"https:\/\/hobby4geek.com\/wp-content\/uploads\/2023\/02\/default-kit.png","width":600,"height":600,"caption":"Hobby4Geek"},"image":{"@id":"https:\/\/hobby4geek.com\/#\/schema\/logo\/image\/"},"sameAs":["https:\/\/www.facebook.com\/hobby4geek","https:\/\/x.com\/hobby4geek","https:\/\/www.instagram.com\/hobby4geek\/"]}]},"product_brand":"Transformers","product_price_amount":"32.00","product_price_currency":"EUR","og_availability":"out of stock","product_availability":"out of stock","product_retailer_item_id":"studioseries051","product_condition":"new"},"_links":{"self":[{"href":"https:\/\/hobby4geek.com\/es\/wp-json\/wp\/v2\/product\/85028","targetHints":{"allow":["GET"]}}],"collection":[{"href":"https:\/\/hobby4geek.com\/es\/wp-json\/wp\/v2\/product"}],"about":[{"href":"https:\/\/hobby4geek.com\/es\/wp-json\/wp\/v2\/types\/product"}],"replies":[{"embeddable":true,"href":"https:\/\/hobby4geek.com\/es\/wp-json\/wp\/v2\/comments?post=85028"}],"version-history":[{"count":0,"href":"https:\/\/hobby4geek.com\/es\/wp-json\/wp\/v2\/product\/85028\/revisions"}],"wp:featuredmedia":[{"embeddable":true,"href":"https:\/\/hobby4geek.com\/es\/wp-json\/wp\/v2\/media\/179425"}],"wp:attachment":[{"href":"https:\/\/hobby4geek.com\/es\/wp-json\/wp\/v2\/media?parent=85028"}],"wp:term":[{"taxonomy":"product_brand","embeddable":true,"href":"https:\/\/hobby4geek.com\/es\/wp-json\/wp\/v2\/product_brand?post=85028"},{"taxonomy":"product_cat","embeddable":true,"href":"https:\/\/hobby4geek.com\/es\/wp-json\/wp\/v2\/product_cat?post=85028"},{"taxonomy":"product_tag","embeddable":true,"href":"https:\/\/hobby4geek.com\/es\/wp-json\/wp\/v2\/product_tag?post=85028"},{"taxonomy":"giftcard-category","embeddable":true,"href":"https:\/\/hobby4geek.com\/es\/wp-json\/wp\/v2\/giftcard-category?post=85028"}],"curies":[{"name":"wp","href":"https:\/\/api.w.org\/{rel}","templated":true}]}}