{"id":80994,"date":"2019-08-08T16:20:41","date_gmt":"2019-08-08T16:20:41","guid":{"rendered":"https:\/\/hobby4geek.com\/?post_type=product&#038;p=80994"},"modified":"2024-05-12T13:03:01","modified_gmt":"2024-05-12T12:03:01","slug":"transformers-masterpiece-mp-46-beast-wars-blackarachnia","status":"publish","type":"product","link":"https:\/\/hobby4geek.com\/es\/producto\/transformers-masterpiece-mp-46-beast-wars-blackarachnia\/","title":{"rendered":"Transformers Masterpiece MP-46 Beast Wars Blackarachnia"},"content":{"rendered":"<p>\u00a1Transformers Masterpiece MP-46 Blackarachnia pertenece a la serie Beast Wars! Para celebrar el 20\u00ba aniversario de Beast Wars, Takara rinde homenaje a la serie Beast con el MP-46 Masterpiece Blackarachnia \u00a1que se transforma en una temible ara\u00f1a! Blackarachnia incluye su base tal y como se muestra, adem\u00e1s de otras partes de la cara, misiles venenosos, \u00a1y mucho m\u00e1s!<\/p>\n<p>Basada en su aparici\u00f3n inicial en el legendario dibujo animado Beast Wars, la protoforma Maximal convertida en Predacon convertida en simpatizante de Maximal nunca tuvo mejor aspecto. Tiene caras intercambiables en modo robot grit\u00f3n y sonriente. Tiene una base de exposici\u00f3n con brazos opcionales y telara\u00f1as de Energon para que puedas exhibirla en modo robot o ar\u00e1cnido. Tiene un ancla de veneno, un misil ancla, su visor con cable, etc. Incluso incluye una tarjeta de personaje e instrucciones. Los fieles hombres de confianza de Megatron han sido fielmente recreados por Hasbro y Takara-Tomy, convirti\u00e9ndose en una magn\u00edfica adici\u00f3n a tu colecci\u00f3n Best Wars con patas totalmente articuladas en ambos modos.<\/p>\n<ul>\n<li>2 placas frontales<\/li>\n<li>Ancla venenosa<\/li>\n<li>Anclaje de misiles<\/li>\n<li>Visor<\/li>\n<li>Cable - Visor<\/li>\n<li>Codificado<\/li>\n<li>4 telara\u00f1as<\/li>\n<li>2 adaptadores de brazo<\/li>\n<li>ficha de personaje<\/li>\n<\/ul>","protected":false},"excerpt":{"rendered":"<ul>\n<li>2 placas frontales<\/li>\n<li>Ancla venenosa<\/li>\n<li>Anclaje de misiles<\/li>\n<li>Visor<\/li>\n<li>Cable - Visor<\/li>\n<li>Codificado<\/li>\n<li>4 telara\u00f1as<\/li>\n<li>2 adaptadores de brazo<\/li>\n<li>ficha de personaje<\/li>\n<\/ul>","protected":false},"featured_media":179137,"comment_status":"open","ping_status":"closed","template":"","meta":{"inline_featured_image":false},"product_brand":[],"product_cat":[68,69,1955],"product_tag":[1759,557,572,573,221,230,574,559,1975,204],"giftcard-category":[],"class_list":{"0":"post-80994","1":"product","2":"type-product","3":"status-publish","4":"has-post-thumbnail","6":"product_cat-hasbro","7":"product_cat-takara-tomy","8":"product_cat-transformers","9":"product_tag-action-toys","10":"product_tag-beast-wars","11":"product_tag-blackarachnia","12":"product_tag-blackwidow","13":"product_tag-decepticon","14":"product_tag-masterpiece","15":"product_tag-mp-46","16":"product_tag-predacon","17":"product_tag-toys-figures","18":"product_tag-transformers","19":"product_shipping_class-from-china","20":"inventories-china-inventory","22":"first","23":"outofstock","24":"taxable","25":"shipping-taxable","26":"purchasable","27":"product-type-simple","28":"add-to-wishlist-after_add_to_cart"},"yoast_head":"<!-- This site is optimized with the Yoast SEO Premium plugin v25.3.1 (Yoast SEO v27.4) - https:\/\/yoast.com\/product\/yoast-seo-premium-wordpress\/ -->\n<title>Transformers Masterpiece MP-46 Beast Wars Blackarachnia<\/title>\n<meta name=\"robots\" content=\"index, follow, max-snippet:-1, max-image-preview:large, max-video-preview:-1\" \/>\n<link rel=\"canonical\" href=\"https:\/\/hobby4geek.com\/es\/producto\/transformers-masterpiece-mp-46-beast-wars-blackarachnia\/\" \/>\n<meta property=\"og:locale\" content=\"es_ES\" \/>\n<meta property=\"og:type\" content=\"article\" \/>\n<meta property=\"og:title\" content=\"Transformers Masterpiece MP-46 Beast Wars Blackarachnia\" \/>\n<meta property=\"og:description\" content=\"2 Faceplates  Poison anchor  Missile-anchor  Viewfinder  Cable - Viewfinder  Coded  4 spider webs  2 arm adapters  character card\" \/>\n<meta property=\"og:url\" content=\"https:\/\/hobby4geek.com\/es\/producto\/transformers-masterpiece-mp-46-beast-wars-blackarachnia\/\" \/>\n<meta property=\"og:site_name\" content=\"Hobby4Geek\" \/>\n<meta property=\"article:publisher\" content=\"https:\/\/www.facebook.com\/hobby4geek\" \/>\n<meta property=\"article:modified_time\" content=\"2024-05-12T12:03:01+00:00\" \/>\n<meta property=\"og:image\" content=\"https:\/\/hobby4geek.com\/wp-content\/uploads\/2023\/02\/transformers-masterpiece-mp-46-beast-wars-blackarachnia.jpg\" \/>\n\t<meta property=\"og:image:width\" content=\"750\" \/>\n\t<meta property=\"og:image:height\" content=\"749\" \/>\n\t<meta property=\"og:image:type\" content=\"image\/jpeg\" \/>\n<meta name=\"twitter:card\" content=\"summary_large_image\" \/>\n<meta name=\"twitter:site\" content=\"@hobby4geek\" \/>\n<script type=\"application\/ld+json\" class=\"yoast-schema-graph\">{\"@context\":\"https:\\\/\\\/schema.org\",\"@graph\":[{\"@type\":\"WebPage\",\"@id\":\"https:\\\/\\\/hobby4geek.com\\\/product\\\/transformers-masterpiece-mp-46-beast-wars-blackarachnia\\\/\",\"url\":\"https:\\\/\\\/hobby4geek.com\\\/product\\\/transformers-masterpiece-mp-46-beast-wars-blackarachnia\\\/\",\"name\":\"Transformers Masterpiece MP-46 Beast Wars Blackarachnia\",\"isPartOf\":{\"@id\":\"https:\\\/\\\/hobby4geek.com\\\/#website\"},\"primaryImageOfPage\":{\"@id\":\"https:\\\/\\\/hobby4geek.com\\\/product\\\/transformers-masterpiece-mp-46-beast-wars-blackarachnia\\\/#primaryimage\"},\"image\":{\"@id\":\"https:\\\/\\\/hobby4geek.com\\\/product\\\/transformers-masterpiece-mp-46-beast-wars-blackarachnia\\\/#primaryimage\"},\"thumbnailUrl\":\"https:\\\/\\\/hobby4geek.com\\\/wp-content\\\/uploads\\\/2023\\\/02\\\/transformers-masterpiece-mp-46-beast-wars-blackarachnia.jpg\",\"datePublished\":\"2019-08-08T16:20:41+00:00\",\"dateModified\":\"2024-05-12T12:03:01+00:00\",\"breadcrumb\":{\"@id\":\"https:\\\/\\\/hobby4geek.com\\\/product\\\/transformers-masterpiece-mp-46-beast-wars-blackarachnia\\\/#breadcrumb\"},\"inLanguage\":\"es\",\"potentialAction\":[{\"@type\":\"ReadAction\",\"target\":[\"https:\\\/\\\/hobby4geek.com\\\/product\\\/transformers-masterpiece-mp-46-beast-wars-blackarachnia\\\/\"]}]},{\"@type\":\"ImageObject\",\"inLanguage\":\"es\",\"@id\":\"https:\\\/\\\/hobby4geek.com\\\/product\\\/transformers-masterpiece-mp-46-beast-wars-blackarachnia\\\/#primaryimage\",\"url\":\"https:\\\/\\\/hobby4geek.com\\\/wp-content\\\/uploads\\\/2023\\\/02\\\/transformers-masterpiece-mp-46-beast-wars-blackarachnia.jpg\",\"contentUrl\":\"https:\\\/\\\/hobby4geek.com\\\/wp-content\\\/uploads\\\/2023\\\/02\\\/transformers-masterpiece-mp-46-beast-wars-blackarachnia.jpg\",\"width\":750,\"height\":749},{\"@type\":\"BreadcrumbList\",\"@id\":\"https:\\\/\\\/hobby4geek.com\\\/product\\\/transformers-masterpiece-mp-46-beast-wars-blackarachnia\\\/#breadcrumb\",\"itemListElement\":[{\"@type\":\"ListItem\",\"position\":1,\"name\":\"Home\",\"item\":\"https:\\\/\\\/hobby4geek.com\\\/\"},{\"@type\":\"ListItem\",\"position\":2,\"name\":\"Shop\",\"item\":\"https:\\\/\\\/hobby4geek.com\\\/shop\\\/\"},{\"@type\":\"ListItem\",\"position\":3,\"name\":\"Transformers Masterpiece MP-46 Beast Wars Blackarachnia\"}]},{\"@type\":\"WebSite\",\"@id\":\"https:\\\/\\\/hobby4geek.com\\\/#website\",\"url\":\"https:\\\/\\\/hobby4geek.com\\\/\",\"name\":\"Hobby4Geek\",\"description\":\"Collect, Play &amp; Showcase, Embrace your Geekiness\",\"publisher\":{\"@id\":\"https:\\\/\\\/hobby4geek.com\\\/#organization\"},\"potentialAction\":[{\"@type\":\"SearchAction\",\"target\":{\"@type\":\"EntryPoint\",\"urlTemplate\":\"https:\\\/\\\/hobby4geek.com\\\/?s={search_term_string}\"},\"query-input\":{\"@type\":\"PropertyValueSpecification\",\"valueRequired\":true,\"valueName\":\"search_term_string\"}}],\"inLanguage\":\"es\"},{\"@type\":\"Organization\",\"@id\":\"https:\\\/\\\/hobby4geek.com\\\/#organization\",\"name\":\"Hobby4Geek\",\"url\":\"https:\\\/\\\/hobby4geek.com\\\/\",\"logo\":{\"@type\":\"ImageObject\",\"inLanguage\":\"es\",\"@id\":\"https:\\\/\\\/hobby4geek.com\\\/#\\\/schema\\\/logo\\\/image\\\/\",\"url\":\"https:\\\/\\\/hobby4geek.com\\\/wp-content\\\/uploads\\\/2023\\\/02\\\/default-kit.png\",\"contentUrl\":\"https:\\\/\\\/hobby4geek.com\\\/wp-content\\\/uploads\\\/2023\\\/02\\\/default-kit.png\",\"width\":600,\"height\":600,\"caption\":\"Hobby4Geek\"},\"image\":{\"@id\":\"https:\\\/\\\/hobby4geek.com\\\/#\\\/schema\\\/logo\\\/image\\\/\"},\"sameAs\":[\"https:\\\/\\\/www.facebook.com\\\/hobby4geek\",\"https:\\\/\\\/x.com\\\/hobby4geek\",\"https:\\\/\\\/www.instagram.com\\\/hobby4geek\\\/\"]}]}<\/script>\n<meta property=\"product:brand\" content=\"Hasbro\" \/>\n<meta property=\"product:price:amount\" content=\"186.23\" \/>\n<meta property=\"product:price:currency\" content=\"EUR\" \/>\n<meta property=\"og:availability\" content=\"out of stock\" \/>\n<meta property=\"product:availability\" content=\"out of stock\" \/>\n<meta property=\"product:retailer_item_id\" content=\"MP-46-BeastWarsBlackwidow\" \/>\n<meta property=\"product:condition\" content=\"new\" \/>\n<!-- \/ Yoast SEO Premium plugin. -->","yoast_head_json":{"title":"Transformers Masterpiece MP-46 Beast Wars Blackarachnia","robots":{"index":"index","follow":"follow","max-snippet":"max-snippet:-1","max-image-preview":"max-image-preview:large","max-video-preview":"max-video-preview:-1"},"canonical":"https:\/\/hobby4geek.com\/es\/producto\/transformers-masterpiece-mp-46-beast-wars-blackarachnia\/","og_locale":"es_ES","og_type":"article","og_title":"Transformers Masterpiece MP-46 Beast Wars Blackarachnia","og_description":"2 Faceplates  Poison anchor  Missile-anchor  Viewfinder  Cable - Viewfinder  Coded  4 spider webs  2 arm adapters  character card","og_url":"https:\/\/hobby4geek.com\/es\/producto\/transformers-masterpiece-mp-46-beast-wars-blackarachnia\/","og_site_name":"Hobby4Geek","article_publisher":"https:\/\/www.facebook.com\/hobby4geek","article_modified_time":"2024-05-12T12:03:01+00:00","og_image":[{"width":750,"height":749,"url":"https:\/\/hobby4geek.com\/wp-content\/uploads\/2023\/02\/transformers-masterpiece-mp-46-beast-wars-blackarachnia.jpg","type":"image\/jpeg"}],"twitter_card":"summary_large_image","twitter_site":"@hobby4geek","schema":{"@context":"https:\/\/schema.org","@graph":[{"@type":"WebPage","@id":"https:\/\/hobby4geek.com\/product\/transformers-masterpiece-mp-46-beast-wars-blackarachnia\/","url":"https:\/\/hobby4geek.com\/product\/transformers-masterpiece-mp-46-beast-wars-blackarachnia\/","name":"Transformers Masterpiece MP-46 Beast Wars Blackarachnia","isPartOf":{"@id":"https:\/\/hobby4geek.com\/#website"},"primaryImageOfPage":{"@id":"https:\/\/hobby4geek.com\/product\/transformers-masterpiece-mp-46-beast-wars-blackarachnia\/#primaryimage"},"image":{"@id":"https:\/\/hobby4geek.com\/product\/transformers-masterpiece-mp-46-beast-wars-blackarachnia\/#primaryimage"},"thumbnailUrl":"https:\/\/hobby4geek.com\/wp-content\/uploads\/2023\/02\/transformers-masterpiece-mp-46-beast-wars-blackarachnia.jpg","datePublished":"2019-08-08T16:20:41+00:00","dateModified":"2024-05-12T12:03:01+00:00","breadcrumb":{"@id":"https:\/\/hobby4geek.com\/product\/transformers-masterpiece-mp-46-beast-wars-blackarachnia\/#breadcrumb"},"inLanguage":"es","potentialAction":[{"@type":"ReadAction","target":["https:\/\/hobby4geek.com\/product\/transformers-masterpiece-mp-46-beast-wars-blackarachnia\/"]}]},{"@type":"ImageObject","inLanguage":"es","@id":"https:\/\/hobby4geek.com\/product\/transformers-masterpiece-mp-46-beast-wars-blackarachnia\/#primaryimage","url":"https:\/\/hobby4geek.com\/wp-content\/uploads\/2023\/02\/transformers-masterpiece-mp-46-beast-wars-blackarachnia.jpg","contentUrl":"https:\/\/hobby4geek.com\/wp-content\/uploads\/2023\/02\/transformers-masterpiece-mp-46-beast-wars-blackarachnia.jpg","width":750,"height":749},{"@type":"BreadcrumbList","@id":"https:\/\/hobby4geek.com\/product\/transformers-masterpiece-mp-46-beast-wars-blackarachnia\/#breadcrumb","itemListElement":[{"@type":"ListItem","position":1,"name":"Home","item":"https:\/\/hobby4geek.com\/"},{"@type":"ListItem","position":2,"name":"Shop","item":"https:\/\/hobby4geek.com\/shop\/"},{"@type":"ListItem","position":3,"name":"Transformers Masterpiece MP-46 Beast Wars Blackarachnia"}]},{"@type":"WebSite","@id":"https:\/\/hobby4geek.com\/#website","url":"https:\/\/hobby4geek.com\/","name":"Hobby4Geek","description":"Coleccionar, jugar y exhibir, abrazar su frikismo","publisher":{"@id":"https:\/\/hobby4geek.com\/#organization"},"potentialAction":[{"@type":"SearchAction","target":{"@type":"EntryPoint","urlTemplate":"https:\/\/hobby4geek.com\/?s={search_term_string}"},"query-input":{"@type":"PropertyValueSpecification","valueRequired":true,"valueName":"search_term_string"}}],"inLanguage":"es"},{"@type":"Organization","@id":"https:\/\/hobby4geek.com\/#organization","name":"Hobby4Geek","url":"https:\/\/hobby4geek.com\/","logo":{"@type":"ImageObject","inLanguage":"es","@id":"https:\/\/hobby4geek.com\/#\/schema\/logo\/image\/","url":"https:\/\/hobby4geek.com\/wp-content\/uploads\/2023\/02\/default-kit.png","contentUrl":"https:\/\/hobby4geek.com\/wp-content\/uploads\/2023\/02\/default-kit.png","width":600,"height":600,"caption":"Hobby4Geek"},"image":{"@id":"https:\/\/hobby4geek.com\/#\/schema\/logo\/image\/"},"sameAs":["https:\/\/www.facebook.com\/hobby4geek","https:\/\/x.com\/hobby4geek","https:\/\/www.instagram.com\/hobby4geek\/"]}]},"product_brand":"Hasbro","product_price_amount":"186.23","product_price_currency":"EUR","og_availability":"out of stock","product_availability":"out of stock","product_retailer_item_id":"MP-46-BeastWarsBlackwidow","product_condition":"new"},"_links":{"self":[{"href":"https:\/\/hobby4geek.com\/es\/wp-json\/wp\/v2\/product\/80994","targetHints":{"allow":["GET"]}}],"collection":[{"href":"https:\/\/hobby4geek.com\/es\/wp-json\/wp\/v2\/product"}],"about":[{"href":"https:\/\/hobby4geek.com\/es\/wp-json\/wp\/v2\/types\/product"}],"replies":[{"embeddable":true,"href":"https:\/\/hobby4geek.com\/es\/wp-json\/wp\/v2\/comments?post=80994"}],"version-history":[{"count":0,"href":"https:\/\/hobby4geek.com\/es\/wp-json\/wp\/v2\/product\/80994\/revisions"}],"wp:featuredmedia":[{"embeddable":true,"href":"https:\/\/hobby4geek.com\/es\/wp-json\/wp\/v2\/media\/179137"}],"wp:attachment":[{"href":"https:\/\/hobby4geek.com\/es\/wp-json\/wp\/v2\/media?parent=80994"}],"wp:term":[{"taxonomy":"product_brand","embeddable":true,"href":"https:\/\/hobby4geek.com\/es\/wp-json\/wp\/v2\/product_brand?post=80994"},{"taxonomy":"product_cat","embeddable":true,"href":"https:\/\/hobby4geek.com\/es\/wp-json\/wp\/v2\/product_cat?post=80994"},{"taxonomy":"product_tag","embeddable":true,"href":"https:\/\/hobby4geek.com\/es\/wp-json\/wp\/v2\/product_tag?post=80994"},{"taxonomy":"giftcard-category","embeddable":true,"href":"https:\/\/hobby4geek.com\/es\/wp-json\/wp\/v2\/giftcard-category?post=80994"}],"curies":[{"name":"wp","href":"https:\/\/api.w.org\/{rel}","templated":true}]}}