{"id":80937,"date":"2022-04-22T09:06:32","date_gmt":"2022-04-22T09:06:32","guid":{"rendered":"https:\/\/hobby4geek.com\/?post_type=product&#038;p=80937"},"modified":"2024-05-12T13:26:39","modified_gmt":"2024-05-12T12:26:39","slug":"transformers-masterpiece-mp-43-beast-wars-megatron","status":"publish","type":"product","link":"https:\/\/hobby4geek.com\/es\/producto\/transformers-masterpiece-mp-43-beast-wars-megatron\/","title":{"rendered":"Transformers Masterpiece MP-43 Beast Wars Megatron"},"content":{"rendered":"<p>\u00a1Transformers Masterpiece MP-43 Beast Wars Megatron no es otro que el Megatron de la serie Beast Wars! Para celebrar el 20 aniversario de Beast Wars, Takara rinde homenaje a la serie con el MP-43 Masterpiece Megatron \u00a1que se transforma en un temible Tiranosaurio Rex!<\/p>\n<p>La figura incluye m\u00faltiples caras alternativas, escopeta, efecto de disparo de energ\u00eda l\u00e1ser, base de exposici\u00f3n e incluso un cepillo de dientes. La figura tambi\u00e9n cuenta con m\u00faltiples piezas de armadura desmontables, as\u00ed como la capacidad de cambiar los ojos de un iris a una mirada en blanco, \u00a1m\u00e1s feroz que nunca!<\/p>\n<ul>\n<li>1x Megatron<\/li>\n<li>2 x caras alternas (sonrisa\/serio)<\/li>\n<li>1 escopeta - como se ve en el episodio \"La llamada de lo salvaje\"<\/li>\n<li>1 x efecto de descarga l\u00e1ser - para T-Rex mano \/ boca<\/li>\n<li>1 cepillo de dientes Los fans de Beast Wars deben recordar que Megatron se cepillaba de vez en cuando los dientes de su T-Rex en la serie.<\/li>\n<li>1 x Base de exposici\u00f3n adicional<\/li>\n<\/ul>","protected":false},"excerpt":{"rendered":"<ul>\n<li>1x Megatron<\/li>\n<li>2 x caras alternas (sonrisa\/serio)<\/li>\n<li>1 escopeta - como se ve en el episodio \"La llamada de lo salvaje\"<\/li>\n<li>1 x efecto de descarga l\u00e1ser - para T-Rex mano \/ boca<\/li>\n<li>1 cepillo de dientes Los fans de Beast Wars deben recordar que Megatron se cepillaba de vez en cuando los dientes de su T-Rex en la serie.<\/li>\n<li>1 x Base de exposici\u00f3n adicional<\/li>\n<\/ul>","protected":false},"featured_media":185379,"comment_status":"open","ping_status":"closed","template":"","meta":{"inline_featured_image":false},"product_brand":[],"product_cat":[68,69,1955],"product_tag":[1759,557,221,230,306,558,559,1975,204],"giftcard-category":[],"class_list":{"0":"post-80937","1":"product","2":"type-product","3":"status-publish","4":"has-post-thumbnail","6":"product_cat-hasbro","7":"product_cat-takara-tomy","8":"product_cat-transformers","9":"product_tag-action-toys","10":"product_tag-beast-wars","11":"product_tag-decepticon","12":"product_tag-masterpiece","13":"product_tag-megatron","14":"product_tag-mp-43","15":"product_tag-predacon","16":"product_tag-toys-figures","17":"product_tag-transformers","18":"product_shipping_class-from-china","19":"inventories-china-inventory","21":"first","22":"outofstock","23":"sold-individually","24":"taxable","25":"shipping-taxable","26":"purchasable","27":"product-type-simple","28":"add-to-wishlist-after_add_to_cart"},"yoast_head":"<!-- This site is optimized with the Yoast SEO Premium plugin v25.3.1 (Yoast SEO v27.4) - https:\/\/yoast.com\/product\/yoast-seo-premium-wordpress\/ -->\n<title>Transformers Masterpiece MP-43 Beast Wars Megatron<\/title>\n<meta name=\"robots\" content=\"index, follow, max-snippet:-1, max-image-preview:large, max-video-preview:-1\" \/>\n<link rel=\"canonical\" href=\"https:\/\/hobby4geek.com\/es\/producto\/transformers-masterpiece-mp-43-beast-wars-megatron\/\" \/>\n<meta property=\"og:locale\" content=\"es_ES\" \/>\n<meta property=\"og:type\" content=\"article\" \/>\n<meta property=\"og:title\" content=\"Transformers Masterpiece MP-43 Beast Wars Megatron\" \/>\n<meta property=\"og:description\" content=\"1x Megatron  2 x alternate faces (smile\/serious)  1 shotgun - as seen in the episode &quot;The Call of the Wild&quot;  1 x laser discharge effect - for T-Rex hand \/ mouth  1 x toothbrush! Beast Wars fans should remember that Megatron occasionally brushed his T-Rex&#039;s teeth in the series.  1 x The extra display base\" \/>\n<meta property=\"og:url\" content=\"https:\/\/hobby4geek.com\/es\/producto\/transformers-masterpiece-mp-43-beast-wars-megatron\/\" \/>\n<meta property=\"og:site_name\" content=\"Hobby4Geek\" \/>\n<meta property=\"article:publisher\" content=\"https:\/\/www.facebook.com\/hobby4geek\" \/>\n<meta property=\"article:modified_time\" content=\"2024-05-12T12:26:39+00:00\" \/>\n<meta property=\"og:image\" content=\"https:\/\/hobby4geek.com\/wp-content\/uploads\/2022\/04\/transformers-masterpiece-mp-43-beast-wars-megatron.webp\" \/>\n\t<meta property=\"og:image:width\" content=\"600\" \/>\n\t<meta property=\"og:image:height\" content=\"600\" \/>\n\t<meta property=\"og:image:type\" content=\"image\/webp\" \/>\n<meta name=\"twitter:card\" content=\"summary_large_image\" \/>\n<meta name=\"twitter:site\" content=\"@hobby4geek\" \/>\n<script type=\"application\/ld+json\" class=\"yoast-schema-graph\">{\"@context\":\"https:\\\/\\\/schema.org\",\"@graph\":[{\"@type\":\"WebPage\",\"@id\":\"https:\\\/\\\/hobby4geek.com\\\/product\\\/transformers-masterpiece-mp-43-beast-wars-megatron\\\/\",\"url\":\"https:\\\/\\\/hobby4geek.com\\\/product\\\/transformers-masterpiece-mp-43-beast-wars-megatron\\\/\",\"name\":\"Transformers Masterpiece MP-43 Beast Wars Megatron\",\"isPartOf\":{\"@id\":\"https:\\\/\\\/hobby4geek.com\\\/#website\"},\"primaryImageOfPage\":{\"@id\":\"https:\\\/\\\/hobby4geek.com\\\/product\\\/transformers-masterpiece-mp-43-beast-wars-megatron\\\/#primaryimage\"},\"image\":{\"@id\":\"https:\\\/\\\/hobby4geek.com\\\/product\\\/transformers-masterpiece-mp-43-beast-wars-megatron\\\/#primaryimage\"},\"thumbnailUrl\":\"https:\\\/\\\/hobby4geek.com\\\/wp-content\\\/uploads\\\/2022\\\/04\\\/transformers-masterpiece-mp-43-beast-wars-megatron.webp\",\"datePublished\":\"2022-04-22T09:06:32+00:00\",\"dateModified\":\"2024-05-12T12:26:39+00:00\",\"breadcrumb\":{\"@id\":\"https:\\\/\\\/hobby4geek.com\\\/product\\\/transformers-masterpiece-mp-43-beast-wars-megatron\\\/#breadcrumb\"},\"inLanguage\":\"es\",\"potentialAction\":[{\"@type\":\"ReadAction\",\"target\":[\"https:\\\/\\\/hobby4geek.com\\\/product\\\/transformers-masterpiece-mp-43-beast-wars-megatron\\\/\"]}]},{\"@type\":\"ImageObject\",\"inLanguage\":\"es\",\"@id\":\"https:\\\/\\\/hobby4geek.com\\\/product\\\/transformers-masterpiece-mp-43-beast-wars-megatron\\\/#primaryimage\",\"url\":\"https:\\\/\\\/hobby4geek.com\\\/wp-content\\\/uploads\\\/2022\\\/04\\\/transformers-masterpiece-mp-43-beast-wars-megatron.webp\",\"contentUrl\":\"https:\\\/\\\/hobby4geek.com\\\/wp-content\\\/uploads\\\/2022\\\/04\\\/transformers-masterpiece-mp-43-beast-wars-megatron.webp\",\"width\":600,\"height\":600},{\"@type\":\"BreadcrumbList\",\"@id\":\"https:\\\/\\\/hobby4geek.com\\\/product\\\/transformers-masterpiece-mp-43-beast-wars-megatron\\\/#breadcrumb\",\"itemListElement\":[{\"@type\":\"ListItem\",\"position\":1,\"name\":\"Home\",\"item\":\"https:\\\/\\\/hobby4geek.com\\\/\"},{\"@type\":\"ListItem\",\"position\":2,\"name\":\"Shop\",\"item\":\"https:\\\/\\\/hobby4geek.com\\\/shop\\\/\"},{\"@type\":\"ListItem\",\"position\":3,\"name\":\"Transformers Masterpiece MP-43 Beast Wars Megatron\"}]},{\"@type\":\"WebSite\",\"@id\":\"https:\\\/\\\/hobby4geek.com\\\/#website\",\"url\":\"https:\\\/\\\/hobby4geek.com\\\/\",\"name\":\"Hobby4Geek\",\"description\":\"Collect, Play &amp; Showcase, Embrace your Geekiness\",\"publisher\":{\"@id\":\"https:\\\/\\\/hobby4geek.com\\\/#organization\"},\"potentialAction\":[{\"@type\":\"SearchAction\",\"target\":{\"@type\":\"EntryPoint\",\"urlTemplate\":\"https:\\\/\\\/hobby4geek.com\\\/?s={search_term_string}\"},\"query-input\":{\"@type\":\"PropertyValueSpecification\",\"valueRequired\":true,\"valueName\":\"search_term_string\"}}],\"inLanguage\":\"es\"},{\"@type\":\"Organization\",\"@id\":\"https:\\\/\\\/hobby4geek.com\\\/#organization\",\"name\":\"Hobby4Geek\",\"url\":\"https:\\\/\\\/hobby4geek.com\\\/\",\"logo\":{\"@type\":\"ImageObject\",\"inLanguage\":\"es\",\"@id\":\"https:\\\/\\\/hobby4geek.com\\\/#\\\/schema\\\/logo\\\/image\\\/\",\"url\":\"https:\\\/\\\/hobby4geek.com\\\/wp-content\\\/uploads\\\/2023\\\/02\\\/default-kit.png\",\"contentUrl\":\"https:\\\/\\\/hobby4geek.com\\\/wp-content\\\/uploads\\\/2023\\\/02\\\/default-kit.png\",\"width\":600,\"height\":600,\"caption\":\"Hobby4Geek\"},\"image\":{\"@id\":\"https:\\\/\\\/hobby4geek.com\\\/#\\\/schema\\\/logo\\\/image\\\/\"},\"sameAs\":[\"https:\\\/\\\/www.facebook.com\\\/hobby4geek\",\"https:\\\/\\\/x.com\\\/hobby4geek\",\"https:\\\/\\\/www.instagram.com\\\/hobby4geek\\\/\"]}]}<\/script>\n<meta property=\"product:brand\" content=\"Hasbro\" \/>\n<meta property=\"product:price:amount\" content=\"286.00\" \/>\n<meta property=\"product:price:currency\" content=\"EUR\" \/>\n<meta property=\"og:availability\" content=\"out of stock\" \/>\n<meta property=\"product:availability\" content=\"out of stock\" \/>\n<meta property=\"product:retailer_item_id\" content=\"MP-43-BeastWarsMegatron\" \/>\n<meta property=\"product:condition\" content=\"new\" \/>\n<!-- \/ Yoast SEO Premium plugin. -->","yoast_head_json":{"title":"Transformers Masterpiece MP-43 Beast Wars Megatron","robots":{"index":"index","follow":"follow","max-snippet":"max-snippet:-1","max-image-preview":"max-image-preview:large","max-video-preview":"max-video-preview:-1"},"canonical":"https:\/\/hobby4geek.com\/es\/producto\/transformers-masterpiece-mp-43-beast-wars-megatron\/","og_locale":"es_ES","og_type":"article","og_title":"Transformers Masterpiece MP-43 Beast Wars Megatron","og_description":"1x Megatron  2 x alternate faces (smile\/serious)  1 shotgun - as seen in the episode \"The Call of the Wild\"  1 x laser discharge effect - for T-Rex hand \/ mouth  1 x toothbrush! Beast Wars fans should remember that Megatron occasionally brushed his T-Rex's teeth in the series.  1 x The extra display base","og_url":"https:\/\/hobby4geek.com\/es\/producto\/transformers-masterpiece-mp-43-beast-wars-megatron\/","og_site_name":"Hobby4Geek","article_publisher":"https:\/\/www.facebook.com\/hobby4geek","article_modified_time":"2024-05-12T12:26:39+00:00","og_image":[{"width":600,"height":600,"url":"https:\/\/hobby4geek.com\/wp-content\/uploads\/2022\/04\/transformers-masterpiece-mp-43-beast-wars-megatron.webp","type":"image\/webp"}],"twitter_card":"summary_large_image","twitter_site":"@hobby4geek","schema":{"@context":"https:\/\/schema.org","@graph":[{"@type":"WebPage","@id":"https:\/\/hobby4geek.com\/product\/transformers-masterpiece-mp-43-beast-wars-megatron\/","url":"https:\/\/hobby4geek.com\/product\/transformers-masterpiece-mp-43-beast-wars-megatron\/","name":"Transformers Masterpiece MP-43 Beast Wars Megatron","isPartOf":{"@id":"https:\/\/hobby4geek.com\/#website"},"primaryImageOfPage":{"@id":"https:\/\/hobby4geek.com\/product\/transformers-masterpiece-mp-43-beast-wars-megatron\/#primaryimage"},"image":{"@id":"https:\/\/hobby4geek.com\/product\/transformers-masterpiece-mp-43-beast-wars-megatron\/#primaryimage"},"thumbnailUrl":"https:\/\/hobby4geek.com\/wp-content\/uploads\/2022\/04\/transformers-masterpiece-mp-43-beast-wars-megatron.webp","datePublished":"2022-04-22T09:06:32+00:00","dateModified":"2024-05-12T12:26:39+00:00","breadcrumb":{"@id":"https:\/\/hobby4geek.com\/product\/transformers-masterpiece-mp-43-beast-wars-megatron\/#breadcrumb"},"inLanguage":"es","potentialAction":[{"@type":"ReadAction","target":["https:\/\/hobby4geek.com\/product\/transformers-masterpiece-mp-43-beast-wars-megatron\/"]}]},{"@type":"ImageObject","inLanguage":"es","@id":"https:\/\/hobby4geek.com\/product\/transformers-masterpiece-mp-43-beast-wars-megatron\/#primaryimage","url":"https:\/\/hobby4geek.com\/wp-content\/uploads\/2022\/04\/transformers-masterpiece-mp-43-beast-wars-megatron.webp","contentUrl":"https:\/\/hobby4geek.com\/wp-content\/uploads\/2022\/04\/transformers-masterpiece-mp-43-beast-wars-megatron.webp","width":600,"height":600},{"@type":"BreadcrumbList","@id":"https:\/\/hobby4geek.com\/product\/transformers-masterpiece-mp-43-beast-wars-megatron\/#breadcrumb","itemListElement":[{"@type":"ListItem","position":1,"name":"Home","item":"https:\/\/hobby4geek.com\/"},{"@type":"ListItem","position":2,"name":"Shop","item":"https:\/\/hobby4geek.com\/shop\/"},{"@type":"ListItem","position":3,"name":"Transformers Masterpiece MP-43 Beast Wars Megatron"}]},{"@type":"WebSite","@id":"https:\/\/hobby4geek.com\/#website","url":"https:\/\/hobby4geek.com\/","name":"Hobby4Geek","description":"Coleccionar, jugar y exhibir, abrazar su frikismo","publisher":{"@id":"https:\/\/hobby4geek.com\/#organization"},"potentialAction":[{"@type":"SearchAction","target":{"@type":"EntryPoint","urlTemplate":"https:\/\/hobby4geek.com\/?s={search_term_string}"},"query-input":{"@type":"PropertyValueSpecification","valueRequired":true,"valueName":"search_term_string"}}],"inLanguage":"es"},{"@type":"Organization","@id":"https:\/\/hobby4geek.com\/#organization","name":"Hobby4Geek","url":"https:\/\/hobby4geek.com\/","logo":{"@type":"ImageObject","inLanguage":"es","@id":"https:\/\/hobby4geek.com\/#\/schema\/logo\/image\/","url":"https:\/\/hobby4geek.com\/wp-content\/uploads\/2023\/02\/default-kit.png","contentUrl":"https:\/\/hobby4geek.com\/wp-content\/uploads\/2023\/02\/default-kit.png","width":600,"height":600,"caption":"Hobby4Geek"},"image":{"@id":"https:\/\/hobby4geek.com\/#\/schema\/logo\/image\/"},"sameAs":["https:\/\/www.facebook.com\/hobby4geek","https:\/\/x.com\/hobby4geek","https:\/\/www.instagram.com\/hobby4geek\/"]}]},"product_brand":"Hasbro","product_price_amount":"286.00","product_price_currency":"EUR","og_availability":"out of stock","product_availability":"out of stock","product_retailer_item_id":"MP-43-BeastWarsMegatron","product_condition":"new"},"_links":{"self":[{"href":"https:\/\/hobby4geek.com\/es\/wp-json\/wp\/v2\/product\/80937","targetHints":{"allow":["GET"]}}],"collection":[{"href":"https:\/\/hobby4geek.com\/es\/wp-json\/wp\/v2\/product"}],"about":[{"href":"https:\/\/hobby4geek.com\/es\/wp-json\/wp\/v2\/types\/product"}],"replies":[{"embeddable":true,"href":"https:\/\/hobby4geek.com\/es\/wp-json\/wp\/v2\/comments?post=80937"}],"version-history":[{"count":0,"href":"https:\/\/hobby4geek.com\/es\/wp-json\/wp\/v2\/product\/80937\/revisions"}],"wp:featuredmedia":[{"embeddable":true,"href":"https:\/\/hobby4geek.com\/es\/wp-json\/wp\/v2\/media\/185379"}],"wp:attachment":[{"href":"https:\/\/hobby4geek.com\/es\/wp-json\/wp\/v2\/media?parent=80937"}],"wp:term":[{"taxonomy":"product_brand","embeddable":true,"href":"https:\/\/hobby4geek.com\/es\/wp-json\/wp\/v2\/product_brand?post=80937"},{"taxonomy":"product_cat","embeddable":true,"href":"https:\/\/hobby4geek.com\/es\/wp-json\/wp\/v2\/product_cat?post=80937"},{"taxonomy":"product_tag","embeddable":true,"href":"https:\/\/hobby4geek.com\/es\/wp-json\/wp\/v2\/product_tag?post=80937"},{"taxonomy":"giftcard-category","embeddable":true,"href":"https:\/\/hobby4geek.com\/es\/wp-json\/wp\/v2\/giftcard-category?post=80937"}],"curies":[{"name":"wp","href":"https:\/\/api.w.org\/{rel}","templated":true}]}}