{"id":199697,"date":"2025-02-22T16:11:13","date_gmt":"2025-02-22T15:11:13","guid":{"rendered":"https:\/\/hobby4geek.com\/?post_type=product&#038;p=199697"},"modified":"2025-06-08T20:21:45","modified_gmt":"2025-06-08T19:21:45","slug":"heatboys-teenage-mutant-ninja-turtles-tmnt-hb0015-donatello","status":"publish","type":"product","link":"https:\/\/hobby4geek.com\/es\/producto\/heatboys-teenage-mutant-ninja-turtles-tmnt-hb0015-donatello\/","title":{"rendered":"HeatBoys Teenage Mutant Ninja Turtles TMNT HB0015 Donatello"},"content":{"rendered":"<p>Descubre la encarnaci\u00f3n del ingenio con Donatello, \u00a1reimaginado en exclusiva para los entusiastas de Hobby4Geek!<\/p>\n<p><strong>Una historia de genio y aventura<\/strong><br \/>\nDonatello blande con delicadeza su bast\u00f3n de samur\u00e1i, s\u00edmbolo de su pasi\u00f3n por la invenci\u00f3n y la innovaci\u00f3n mec\u00e1nica. Maestro de la inform\u00e1tica y la fabricaci\u00f3n, nunca pierde la oportunidad de sorprender a sus hermanos tortuga y ser m\u00e1s astuto que sus adversarios. Pilotando su TMNT-04 -con sus excepcionales capacidades de largo alcance- proporciona un apoyo t\u00e1ctico inigualable en la lucha contra el mal.<\/p>\n<p><strong>La innovaci\u00f3n se une al realismo<\/strong><br \/>\nEn esta versi\u00f3n \u00fanica, Donatello ha incorporado ingeniosamente un mecanismo de expulsi\u00f3n de proyectiles a su rifle de francotirador, imitando a la perfecci\u00f3n el dramatismo visual de los casquillos de bala volando en combate real. Para un efecto a\u00fan m\u00e1s espectacular, el rifle de francotirador puede combinarse con un ca\u00f1\u00f3n de riel magn\u00e9tico compuesto que utiliza efectos de iluminaci\u00f3n din\u00e1micos para simular varios modos de disparo. La pregunta sigue siendo: \u00bfcontinuar\u00e1 este Donatello reimaginado asombrando a los fans de TMNT?<\/p>\n<p><strong>Sum\u00e9rgete en el universo TMNT<\/strong><br \/>\nCreada por las leyendas del c\u00f3mic Kevin Eastman y Peter Laird, la franquicia Teenage Mutant Ninja Turtles sigue a cuatro tortugas mutantes -Leonardo, Donatello, Raphael y Michelangelo- entrenadas por su sabia rata mentora, Splinter. Durante d\u00e9cadas, estos h\u00e9roes ninja han protegido la ciudad de Nueva York de las fuerzas del mal, cautivando a los fans a trav\u00e9s de series de animaci\u00f3n, c\u00f3mics y juegos.<\/p>\n<p>Disponible en exclusiva en Hobby4Geek, este Donatello reimaginado es imprescindible para los coleccionistas y entusiastas de los accesorios de alta tecnolog\u00eda inspirados en los frikis. \u00bfListo para elevar tu colecci\u00f3n? \u00a1Experimenta la emoci\u00f3n hoy mismo!<\/p>","protected":false},"excerpt":{"rendered":"<p><strong>Caracter\u00edsticas del producto<\/strong><\/p>\n<ul>\n<li><strong>Altura:<\/strong> 23 cm (9,05 pulgadas)<\/li>\n<li><strong>Materiales:<\/strong> ABS, POM, PVC y aleaci\u00f3n<\/li>\n<li><strong>Tema:<\/strong> Basado en el ic\u00f3nico universo de las Tortugas Ninja.<\/li>\n<li><strong>Articulaci\u00f3n:<\/strong> M\u00faltiples puntos de articulaci\u00f3n para posturas din\u00e1micas<\/li>\n<li><strong>Accesorios:<\/strong> Piezas intercambiables para una personalizaci\u00f3n infinita<\/li>\n<li><strong>Requisitos de alimentaci\u00f3n:<\/strong> Funciona con 2 pilas LR621 y 3 pilas A76 (no incluidas)<\/li>\n<li><strong>Bono de pre-pedido de la primera tirada:<\/strong> Piezas verdes transparentes del coche del Conductor y la Tortuga (requiere montaje)<\/li>\n<\/ul>\n<p>&nbsp;<\/p>\n<p><strong>Contenido de la caja<\/strong><\/p>\n<ul>\n<li>Figura de Donatello<\/li>\n<li>Dispositivo de visi\u00f3n nocturna multifuncional montado en la cabeza<\/li>\n<li>Capa t\u00e1ctica de camuflaje \u00f3ptico<\/li>\n<li>Drone aut\u00f3nomo de reconocimiento<\/li>\n<li>Radar cu\u00e1ntico<\/li>\n<li>Brazo mec\u00e1nico multifuncional<\/li>\n<li>Cargador recargable<\/li>\n<li>Ca\u00f1\u00f3n t\u00e1ctico de brazo<\/li>\n<li>2 cargadores no recargables<\/li>\n<li>Garra de gancho t\u00e1ctica<\/li>\n<li>Rifle de francotirador de largo alcance<\/li>\n<li>Pistola magn\u00e9tica<\/li>\n<li>Escopeta<\/li>\n<li>Componentes para Conductor Don y Veh\u00edculo Tortuga (amarillo)<\/li>\n<li>Pizza mec\u00e1nica<\/li>\n<li>LED controlado magn\u00e9ticamente<\/li>\n<li>Personal de aleaci\u00f3n<\/li>\n<li>Soporte magn\u00e9tico para ca\u00f1\u00f3n de riel<\/li>\n<li>Montura para rifle de francotirador<\/li>\n<li>Conector del bast\u00f3n de aleaci\u00f3n<\/li>\n<li>Conector magn\u00e9tico para pistola de riel<\/li>\n<li>Montura de escopeta<\/li>\n<li>Conector del brazo<\/li>\n<li>Soporte para mochila<\/li>\n<li>2 Conectores de cargador<\/li>\n<li>2 Conectores de armas<\/li>\n<li>Soporte largo de acero<\/li>\n<li>Soporte corto de acero<\/li>\n<li>2 Conectores de soporte<\/li>\n<li>Base multifuncional<\/li>\n<li><strong>Bono de pre-pedido de la primera tirada:<\/strong> Coche conductor y tortuga verde transparente<\/li>\n<\/ul>","protected":false},"featured_media":199711,"comment_status":"open","ping_status":"closed","template":"","meta":{"inline_featured_image":false},"product_brand":[],"product_cat":[198,1967,1966],"product_tag":[1759,1976,2690,2689,1918,1920,1921,1923,1924,1925,1975],"giftcard-category":[],"class_list":{"0":"post-199697","1":"product","2":"type-product","3":"status-publish","4":"has-post-thumbnail","6":"product_cat-heatboys","7":"product_cat-nickelodeon","8":"product_cat-tmnt","9":"product_tag-action-toys","10":"product_tag-collector-figures","11":"product_tag-donatello","12":"product_tag-hb0015","13":"product_tag-heatboys","14":"product_tag-nickelodeon","15":"product_tag-ninja-turtle","16":"product_tag-teenage-mutant-ninja-turtles","17":"product_tag-tmnt","18":"product_tag-tortues-ninja","19":"product_tag-toys-figures","20":"product_shipping_class-free-shipping","21":"inventories-china-inventory","23":"first","24":"instock","25":"taxable","26":"shipping-taxable","27":"purchasable","28":"product-type-simple","29":"add-to-wishlist-after_add_to_cart"},"yoast_head":"<!-- This site is optimized with the Yoast SEO Premium plugin v25.3.1 (Yoast SEO v27.2) - https:\/\/yoast.com\/product\/yoast-seo-premium-wordpress\/ -->\n<title>HeatBoys Teenage Mutant Ninja Turtles TMNT HB0015 Donatello<\/title>\n<meta name=\"robots\" content=\"index, follow, max-snippet:-1, max-image-preview:large, max-video-preview:-1\" \/>\n<link rel=\"canonical\" href=\"https:\/\/hobby4geek.com\/es\/producto\/heatboys-teenage-mutant-ninja-turtles-tmnt-hb0015-donatello\/\" \/>\n<meta property=\"og:locale\" content=\"es_ES\" \/>\n<meta property=\"og:type\" content=\"article\" \/>\n<meta property=\"og:title\" content=\"HeatBoys Teenage Mutant Ninja Turtles TMNT HB0015 Donatello\" \/>\n<meta property=\"og:description\" content=\"Product Features   Height: 23 cm (9.05 inches)  Materials: ABS, POM, PVC, and alloy  Theme: Based on the iconic Teenage Mutant Ninja Turtles universe  Articulation: Multiple points of articulation for dynamic poses  Accessories: Interchangeable parts for endless customization  Power Requirements: Requires 2 LR621 and 3 A76 batteries (not included)  First Run Pre-Order Bonus: Transparent green Driver and Turtle car parts (assembly required)  &nbsp;  Box Contents   Donatello figure  Head-mounted multifunctional night vision device  Optical camouflage tactical cloak  Autonomous reconnaissance drone  Quantum radar  Multifunctional mechanical arm  Rechargeable magazine  Tactical arm cannon  2 Non-rechargeable magazines  Tactical hook claw  Long-range sniper rifle  Magnetic rail gun  Shotgun  Components for Driver Don and Turtle Vehicle (yellow)  Mechanical pizza  Magnetically controlled LED  Alloy staff  Magnetic rail gun mount  Sniper rifle mount  Alloy staff connector  Magnetic rail gun connector  Shotgun mount  Arm connector  Backpack stand  2 Magazine connectors  2 Weapon connectors  Long steel stand  Short steel stand  2 Stand connectors  Multifunctional base  First Run Pre-Order Bonus: Transparent green Driver and Turtle car\" \/>\n<meta property=\"og:url\" content=\"https:\/\/hobby4geek.com\/es\/producto\/heatboys-teenage-mutant-ninja-turtles-tmnt-hb0015-donatello\/\" \/>\n<meta property=\"og:site_name\" content=\"Hobby4Geek\" \/>\n<meta property=\"article:publisher\" content=\"https:\/\/www.facebook.com\/hobby4geek\" \/>\n<meta property=\"article:modified_time\" content=\"2025-06-08T19:21:45+00:00\" \/>\n<meta property=\"og:image\" content=\"https:\/\/hobby4geek.com\/wp-content\/uploads\/2025\/02\/984c6b9560.webp\" \/>\n\t<meta property=\"og:image:width\" content=\"750\" \/>\n\t<meta property=\"og:image:height\" content=\"1125\" \/>\n\t<meta property=\"og:image:type\" content=\"image\/webp\" \/>\n<meta name=\"twitter:card\" content=\"summary_large_image\" \/>\n<meta name=\"twitter:site\" content=\"@hobby4geek\" \/>\n<script type=\"application\/ld+json\" class=\"yoast-schema-graph\">{\"@context\":\"https:\/\/schema.org\",\"@graph\":[{\"@type\":\"WebPage\",\"@id\":\"https:\/\/hobby4geek.com\/product\/heatboys-teenage-mutant-ninja-turtles-tmnt-hb0015-donatello\/\",\"url\":\"https:\/\/hobby4geek.com\/product\/heatboys-teenage-mutant-ninja-turtles-tmnt-hb0015-donatello\/\",\"name\":\"HeatBoys Teenage Mutant Ninja Turtles TMNT HB0015 Donatello\",\"isPartOf\":{\"@id\":\"https:\/\/hobby4geek.com\/#website\"},\"primaryImageOfPage\":{\"@id\":\"https:\/\/hobby4geek.com\/product\/heatboys-teenage-mutant-ninja-turtles-tmnt-hb0015-donatello\/#primaryimage\"},\"image\":{\"@id\":\"https:\/\/hobby4geek.com\/product\/heatboys-teenage-mutant-ninja-turtles-tmnt-hb0015-donatello\/#primaryimage\"},\"thumbnailUrl\":\"https:\/\/hobby4geek.com\/wp-content\/uploads\/2025\/02\/984c6b9560.webp\",\"datePublished\":\"2025-02-22T15:11:13+00:00\",\"dateModified\":\"2025-06-08T19:21:45+00:00\",\"breadcrumb\":{\"@id\":\"https:\/\/hobby4geek.com\/product\/heatboys-teenage-mutant-ninja-turtles-tmnt-hb0015-donatello\/#breadcrumb\"},\"inLanguage\":\"es\",\"potentialAction\":[{\"@type\":\"ReadAction\",\"target\":[\"https:\/\/hobby4geek.com\/product\/heatboys-teenage-mutant-ninja-turtles-tmnt-hb0015-donatello\/\"]}]},{\"@type\":\"ImageObject\",\"inLanguage\":\"es\",\"@id\":\"https:\/\/hobby4geek.com\/product\/heatboys-teenage-mutant-ninja-turtles-tmnt-hb0015-donatello\/#primaryimage\",\"url\":\"https:\/\/hobby4geek.com\/wp-content\/uploads\/2025\/02\/984c6b9560.webp\",\"contentUrl\":\"https:\/\/hobby4geek.com\/wp-content\/uploads\/2025\/02\/984c6b9560.webp\",\"width\":750,\"height\":1125},{\"@type\":\"BreadcrumbList\",\"@id\":\"https:\/\/hobby4geek.com\/product\/heatboys-teenage-mutant-ninja-turtles-tmnt-hb0015-donatello\/#breadcrumb\",\"itemListElement\":[{\"@type\":\"ListItem\",\"position\":1,\"name\":\"Home\",\"item\":\"https:\/\/hobby4geek.com\/\"},{\"@type\":\"ListItem\",\"position\":2,\"name\":\"Shop\",\"item\":\"https:\/\/hobby4geek.com\/shop\/\"},{\"@type\":\"ListItem\",\"position\":3,\"name\":\"HeatBoys Teenage Mutant Ninja Turtles TMNT HB0015 Donatello\"}]},{\"@type\":\"WebSite\",\"@id\":\"https:\/\/hobby4geek.com\/#website\",\"url\":\"https:\/\/hobby4geek.com\/\",\"name\":\"Hobby4Geek\",\"description\":\"Collect, Play &amp; Showcase, Embrace your Geekiness\",\"publisher\":{\"@id\":\"https:\/\/hobby4geek.com\/#organization\"},\"potentialAction\":[{\"@type\":\"SearchAction\",\"target\":{\"@type\":\"EntryPoint\",\"urlTemplate\":\"https:\/\/hobby4geek.com\/?s={search_term_string}\"},\"query-input\":{\"@type\":\"PropertyValueSpecification\",\"valueRequired\":true,\"valueName\":\"search_term_string\"}}],\"inLanguage\":\"es\"},{\"@type\":\"Organization\",\"@id\":\"https:\/\/hobby4geek.com\/#organization\",\"name\":\"Hobby4Geek\",\"url\":\"https:\/\/hobby4geek.com\/\",\"logo\":{\"@type\":\"ImageObject\",\"inLanguage\":\"es\",\"@id\":\"https:\/\/hobby4geek.com\/#\/schema\/logo\/image\/\",\"url\":\"https:\/\/hobby4geek.com\/wp-content\/uploads\/2023\/02\/default-kit.png\",\"contentUrl\":\"https:\/\/hobby4geek.com\/wp-content\/uploads\/2023\/02\/default-kit.png\",\"width\":600,\"height\":600,\"caption\":\"Hobby4Geek\"},\"image\":{\"@id\":\"https:\/\/hobby4geek.com\/#\/schema\/logo\/image\/\"},\"sameAs\":[\"https:\/\/www.facebook.com\/hobby4geek\",\"https:\/\/x.com\/hobby4geek\",\"https:\/\/www.instagram.com\/hobby4geek\/\"]}]}<\/script>\n<meta property=\"product:brand\" content=\"HeatBoys\" \/>\n<meta property=\"product:price:amount\" content=\"226.90\" \/>\n<meta property=\"product:price:currency\" content=\"EUR\" \/>\n<meta property=\"og:availability\" content=\"instock\" \/>\n<meta property=\"product:availability\" content=\"instock\" \/>\n<meta property=\"product:condition\" content=\"new\" \/>\n<!-- \/ Yoast SEO Premium plugin. -->","yoast_head_json":{"title":"HeatBoys Teenage Mutant Ninja Turtles TMNT HB0015 Donatello","robots":{"index":"index","follow":"follow","max-snippet":"max-snippet:-1","max-image-preview":"max-image-preview:large","max-video-preview":"max-video-preview:-1"},"canonical":"https:\/\/hobby4geek.com\/es\/producto\/heatboys-teenage-mutant-ninja-turtles-tmnt-hb0015-donatello\/","og_locale":"es_ES","og_type":"article","og_title":"HeatBoys Teenage Mutant Ninja Turtles TMNT HB0015 Donatello","og_description":"Product Features   Height: 23 cm (9.05 inches)  Materials: ABS, POM, PVC, and alloy  Theme: Based on the iconic Teenage Mutant Ninja Turtles universe  Articulation: Multiple points of articulation for dynamic poses  Accessories: Interchangeable parts for endless customization  Power Requirements: Requires 2 LR621 and 3 A76 batteries (not included)  First Run Pre-Order Bonus: Transparent green Driver and Turtle car parts (assembly required)  &nbsp;  Box Contents   Donatello figure  Head-mounted multifunctional night vision device  Optical camouflage tactical cloak  Autonomous reconnaissance drone  Quantum radar  Multifunctional mechanical arm  Rechargeable magazine  Tactical arm cannon  2 Non-rechargeable magazines  Tactical hook claw  Long-range sniper rifle  Magnetic rail gun  Shotgun  Components for Driver Don and Turtle Vehicle (yellow)  Mechanical pizza  Magnetically controlled LED  Alloy staff  Magnetic rail gun mount  Sniper rifle mount  Alloy staff connector  Magnetic rail gun connector  Shotgun mount  Arm connector  Backpack stand  2 Magazine connectors  2 Weapon connectors  Long steel stand  Short steel stand  2 Stand connectors  Multifunctional base  First Run Pre-Order Bonus: Transparent green Driver and Turtle car","og_url":"https:\/\/hobby4geek.com\/es\/producto\/heatboys-teenage-mutant-ninja-turtles-tmnt-hb0015-donatello\/","og_site_name":"Hobby4Geek","article_publisher":"https:\/\/www.facebook.com\/hobby4geek","article_modified_time":"2025-06-08T19:21:45+00:00","og_image":[{"width":750,"height":1125,"url":"https:\/\/hobby4geek.com\/wp-content\/uploads\/2025\/02\/984c6b9560.webp","type":"image\/webp"}],"twitter_card":"summary_large_image","twitter_site":"@hobby4geek","schema":{"@context":"https:\/\/schema.org","@graph":[{"@type":"WebPage","@id":"https:\/\/hobby4geek.com\/product\/heatboys-teenage-mutant-ninja-turtles-tmnt-hb0015-donatello\/","url":"https:\/\/hobby4geek.com\/product\/heatboys-teenage-mutant-ninja-turtles-tmnt-hb0015-donatello\/","name":"HeatBoys Teenage Mutant Ninja Turtles TMNT HB0015 Donatello","isPartOf":{"@id":"https:\/\/hobby4geek.com\/#website"},"primaryImageOfPage":{"@id":"https:\/\/hobby4geek.com\/product\/heatboys-teenage-mutant-ninja-turtles-tmnt-hb0015-donatello\/#primaryimage"},"image":{"@id":"https:\/\/hobby4geek.com\/product\/heatboys-teenage-mutant-ninja-turtles-tmnt-hb0015-donatello\/#primaryimage"},"thumbnailUrl":"https:\/\/hobby4geek.com\/wp-content\/uploads\/2025\/02\/984c6b9560.webp","datePublished":"2025-02-22T15:11:13+00:00","dateModified":"2025-06-08T19:21:45+00:00","breadcrumb":{"@id":"https:\/\/hobby4geek.com\/product\/heatboys-teenage-mutant-ninja-turtles-tmnt-hb0015-donatello\/#breadcrumb"},"inLanguage":"es","potentialAction":[{"@type":"ReadAction","target":["https:\/\/hobby4geek.com\/product\/heatboys-teenage-mutant-ninja-turtles-tmnt-hb0015-donatello\/"]}]},{"@type":"ImageObject","inLanguage":"es","@id":"https:\/\/hobby4geek.com\/product\/heatboys-teenage-mutant-ninja-turtles-tmnt-hb0015-donatello\/#primaryimage","url":"https:\/\/hobby4geek.com\/wp-content\/uploads\/2025\/02\/984c6b9560.webp","contentUrl":"https:\/\/hobby4geek.com\/wp-content\/uploads\/2025\/02\/984c6b9560.webp","width":750,"height":1125},{"@type":"BreadcrumbList","@id":"https:\/\/hobby4geek.com\/product\/heatboys-teenage-mutant-ninja-turtles-tmnt-hb0015-donatello\/#breadcrumb","itemListElement":[{"@type":"ListItem","position":1,"name":"Home","item":"https:\/\/hobby4geek.com\/"},{"@type":"ListItem","position":2,"name":"Shop","item":"https:\/\/hobby4geek.com\/shop\/"},{"@type":"ListItem","position":3,"name":"HeatBoys Teenage Mutant Ninja Turtles TMNT HB0015 Donatello"}]},{"@type":"WebSite","@id":"https:\/\/hobby4geek.com\/#website","url":"https:\/\/hobby4geek.com\/","name":"Hobby4Geek","description":"Coleccionar, jugar y exhibir, abrazar su frikismo","publisher":{"@id":"https:\/\/hobby4geek.com\/#organization"},"potentialAction":[{"@type":"SearchAction","target":{"@type":"EntryPoint","urlTemplate":"https:\/\/hobby4geek.com\/?s={search_term_string}"},"query-input":{"@type":"PropertyValueSpecification","valueRequired":true,"valueName":"search_term_string"}}],"inLanguage":"es"},{"@type":"Organization","@id":"https:\/\/hobby4geek.com\/#organization","name":"Hobby4Geek","url":"https:\/\/hobby4geek.com\/","logo":{"@type":"ImageObject","inLanguage":"es","@id":"https:\/\/hobby4geek.com\/#\/schema\/logo\/image\/","url":"https:\/\/hobby4geek.com\/wp-content\/uploads\/2023\/02\/default-kit.png","contentUrl":"https:\/\/hobby4geek.com\/wp-content\/uploads\/2023\/02\/default-kit.png","width":600,"height":600,"caption":"Hobby4Geek"},"image":{"@id":"https:\/\/hobby4geek.com\/#\/schema\/logo\/image\/"},"sameAs":["https:\/\/www.facebook.com\/hobby4geek","https:\/\/x.com\/hobby4geek","https:\/\/www.instagram.com\/hobby4geek\/"]}]},"product_brand":"HeatBoys","product_price_amount":"226.90","product_price_currency":"EUR","og_availability":"instock","product_availability":"instock","product_condition":"new"},"_links":{"self":[{"href":"https:\/\/hobby4geek.com\/es\/wp-json\/wp\/v2\/product\/199697","targetHints":{"allow":["GET"]}}],"collection":[{"href":"https:\/\/hobby4geek.com\/es\/wp-json\/wp\/v2\/product"}],"about":[{"href":"https:\/\/hobby4geek.com\/es\/wp-json\/wp\/v2\/types\/product"}],"replies":[{"embeddable":true,"href":"https:\/\/hobby4geek.com\/es\/wp-json\/wp\/v2\/comments?post=199697"}],"version-history":[{"count":0,"href":"https:\/\/hobby4geek.com\/es\/wp-json\/wp\/v2\/product\/199697\/revisions"}],"wp:featuredmedia":[{"embeddable":true,"href":"https:\/\/hobby4geek.com\/es\/wp-json\/wp\/v2\/media\/199711"}],"wp:attachment":[{"href":"https:\/\/hobby4geek.com\/es\/wp-json\/wp\/v2\/media?parent=199697"}],"wp:term":[{"taxonomy":"product_brand","embeddable":true,"href":"https:\/\/hobby4geek.com\/es\/wp-json\/wp\/v2\/product_brand?post=199697"},{"taxonomy":"product_cat","embeddable":true,"href":"https:\/\/hobby4geek.com\/es\/wp-json\/wp\/v2\/product_cat?post=199697"},{"taxonomy":"product_tag","embeddable":true,"href":"https:\/\/hobby4geek.com\/es\/wp-json\/wp\/v2\/product_tag?post=199697"},{"taxonomy":"giftcard-category","embeddable":true,"href":"https:\/\/hobby4geek.com\/es\/wp-json\/wp\/v2\/giftcard-category?post=199697"}],"curies":[{"name":"wp","href":"https:\/\/api.w.org\/{rel}","templated":true}]}}