{"id":198936,"date":"2024-08-23T10:49:03","date_gmt":"2024-08-23T09:49:03","guid":{"rendered":"https:\/\/hobby4geek.com\/?post_type=product&#038;p=198936"},"modified":"2024-12-16T09:22:57","modified_gmt":"2024-12-16T08:22:57","slug":"transformers-generations-selects-legacy-united-go-bot-guardians-3-pack","status":"publish","type":"product","link":"https:\/\/hobby4geek.com\/es\/producto\/transformers-generations-selects-legacy-united-go-bot-guardians-3-pack\/","title":{"rendered":"Transformers Generations Selects Legacy United Go-Bot Guardians Paquete de 3"},"content":{"rendered":"<p style=\"font-weight: 400;\"><span data-contrast=\"auto\">Lleva tu colecci\u00f3n de figuras Transformers al siguiente nivel con el pack de 3 figuras Transformers Generations Selects Deluxe Class Go-Bot Guardians. Los coleccionables para adultos Generations Selects son una l\u00ednea de figuras dedicada a los fans que incluye a los personajes favoritos de los fans en ediciones especiales que no puedes encontrar en la l\u00ednea principal. Este multipack incluye las figuras de acci\u00f3n Go-Bot Pathfinder, Go-Bot Smallfoot y Go-Bot Treds. Go-Bot Pathfinder puede cambiar entre el modo robot y el modo nave espacial. Go-Bot Smallfoot cambia entre el modo robot y el modo cami\u00f3n. Go-Bot Treds se convierte entre el modo robot y el modo tanque. Posa a tus anchas con los accesorios blaster incluidos que se acoplan en ambos modos. Los Go-Bot Guardianes son poderosos robots y poderosos veh\u00edculos que act\u00faan como fuerza de paz en el mundo de Gobotron.\u00a0<\/span><\/p>\n<p><span data-contrast=\"auto\">Incluye 3 figuras, 4 accesorios e instrucciones.\u00a0<\/span><\/p>\n<ul>\n<li><span data-contrast=\"none\">AMPL\u00cdA TU COLECCI\u00d3N CON FIGURAS DE EDICI\u00d3N ESPECIAL: Transformers Generations Selects es una l\u00ednea de figuras dedicada a los fans con personajes de edici\u00f3n especial que no se pueden encontrar en la l\u00ednea principal.<\/span><span data-ccp-props=\"{}\">\u00a0<\/span><\/li>\n<\/ul>\n<ul>\n<li><span data-contrast=\"auto\">PAQUETE DE 3 GUARDIANES GO-BOT: Este multipaquete incluye 3 figuras de acci\u00f3n de 14 cm (5,5 pulgadas): Go-Bot Pathfinder, Go-Bot Smallfoot y Go-Bot Treds<\/span><span data-ccp-props=\"{}\">\u00a0<\/span><\/li>\n<\/ul>\n<ul>\n<li><span data-contrast=\"auto\">CONVERSI\u00d3N DE TRANSFORMADORES CL\u00c1SICOS:\u00a0<\/span><span data-contrast=\"auto\">Cada figura Transformers incluida se convierte de modo robot a modo alt.<\/span><span data-ccp-props=\"{}\">\u00a0<\/span><\/li>\n<\/ul>\n<ul>\n<li><span data-contrast=\"none\">ACCESORIOS INCRE\u00cdBLES:\u00a0<\/span><span data-contrast=\"none\">Este paquete de 3 Transformers<\/span><span data-contrast=\"none\">\u00a0viene con\u00a0<\/span><span data-contrast=\"none\">4 accesorios<\/span><span data-contrast=\"none\">. Los accesorios se fijan al\u00a0<\/span><span data-contrast=\"none\">cifras<\/span><span data-contrast=\"none\">\u00a0en ambos modos<\/span><span data-ccp-props=\"{}\">\u00a0<\/span><\/li>\n<\/ul>\n<ul>\n<li><span data-contrast=\"none\">ARTICULADAS PARA JUGAR Y REPRODUCIR: las figuras Transformers cuentan con cabezas, brazos y piernas articulados para poses de acci\u00f3n.<\/span><span data-ccp-props=\"{}\">\u00a0<\/span><\/li>\n<\/ul>\n<ul>\n<li><span data-contrast=\"none\">REGALO COLECCIONES TRANSFORMERS: Este\u00a0<\/span><span data-contrast=\"none\">Lote de 3 figuras de acci\u00f3n Autobot<\/span><span data-contrast=\"none\">\u00a0un estupendo regalo de colecci\u00f3n para cualquier fan de Transformers<\/span><span data-ccp-props=\"{}\">\u00a0<\/span><\/li>\n<\/ul>\n<p><span data-ccp-props=\"{}\">\u00a0<\/span><span data-contrast=\"none\">A partir de 8 a\u00f1os<\/span><span data-ccp-props=\"{}\">\u00a0<\/span><\/p>\n<p><span data-contrast=\"auto\">Advertencia: Peligro de asfixia - Piezas peque\u00f1as. No apto para ni\u00f1os menores de 3 a\u00f1os.<\/span><span data-ccp-props=\"{}\">\u00a0<\/span><\/p>","protected":false},"excerpt":{"rendered":"<ul>\n<li>Tama\u00f1o de las figuras: 14 cm<\/li>\n<li>Incluye 3 figuras<\/li>\n<li>Accesorios<\/li>\n<li>Instrucciones<\/li>\n<\/ul>","protected":false},"featured_media":198939,"comment_status":"open","ping_status":"closed","template":"","meta":{"inline_featured_image":false},"product_brand":[],"product_cat":[68,1955,1960],"product_tag":[663,1759,199,2430,2660,2656,2661,335,2400,2657,2658,1975,204,1962,2659],"giftcard-category":[],"class_list":{"0":"post-198936","1":"product","2":"type-product","3":"status-publish","4":"has-post-thumbnail","6":"product_cat-hasbro","7":"product_cat-transformers","8":"product_cat-transformers-generations","9":"product_tag-3-pack","10":"product_tag-action-toys","11":"product_tag-autobot","12":"product_tag-generations-selects","13":"product_tag-go-bot","14":"product_tag-go-bot-guardians","15":"product_tag-go-bots","16":"product_tag-hasbro","17":"product_tag-legacy-united","18":"product_tag-pathfinder","19":"product_tag-smallfoot","20":"product_tag-toys-figures","21":"product_tag-transformers","22":"product_tag-transformers-generations","23":"product_tag-treds","24":"product_shipping_class-standard","25":"inventories-france-inventory","27":"first","28":"instock","29":"taxable","30":"shipping-taxable","31":"purchasable","32":"product-type-simple","33":"add-to-wishlist-after_add_to_cart"},"yoast_head":"<!-- This site is optimized with the Yoast SEO Premium plugin v25.3.1 (Yoast SEO v27.4) - https:\/\/yoast.com\/product\/yoast-seo-premium-wordpress\/ -->\n<title>Transformers Generations Selects Legacy United Go-Bot Guardians 3-Pack<\/title>\n<meta name=\"robots\" content=\"index, follow, max-snippet:-1, max-image-preview:large, max-video-preview:-1\" \/>\n<link rel=\"canonical\" href=\"https:\/\/hobby4geek.com\/es\/producto\/transformers-generations-selects-legacy-united-go-bot-guardians-3-pack\/\" \/>\n<meta property=\"og:locale\" content=\"es_ES\" \/>\n<meta property=\"og:type\" content=\"article\" \/>\n<meta property=\"og:title\" content=\"Transformers Generations Selects Legacy United Go-Bot Guardians 3-Pack\" \/>\n<meta property=\"og:description\" content=\"Figures size: 14 cm  Includes 3 figures  Accessories  Instructions\" \/>\n<meta property=\"og:url\" content=\"https:\/\/hobby4geek.com\/es\/producto\/transformers-generations-selects-legacy-united-go-bot-guardians-3-pack\/\" \/>\n<meta property=\"og:site_name\" content=\"Hobby4Geek\" \/>\n<meta property=\"article:publisher\" content=\"https:\/\/www.facebook.com\/hobby4geek\" \/>\n<meta property=\"article:modified_time\" content=\"2024-12-16T08:22:57+00:00\" \/>\n<meta property=\"og:image\" content=\"https:\/\/hobby4geek.com\/wp-content\/uploads\/2024\/08\/hr_hasf9650.jpg\" \/>\n\t<meta property=\"og:image:width\" content=\"2000\" \/>\n\t<meta property=\"og:image:height\" content=\"2000\" \/>\n\t<meta property=\"og:image:type\" content=\"image\/jpeg\" \/>\n<meta name=\"twitter:card\" content=\"summary_large_image\" \/>\n<meta name=\"twitter:site\" content=\"@hobby4geek\" \/>\n<script type=\"application\/ld+json\" class=\"yoast-schema-graph\">{\"@context\":\"https:\\\/\\\/schema.org\",\"@graph\":[{\"@type\":\"WebPage\",\"@id\":\"https:\\\/\\\/hobby4geek.com\\\/product\\\/transformers-generations-selects-legacy-united-go-bot-guardians-3-pack\\\/\",\"url\":\"https:\\\/\\\/hobby4geek.com\\\/product\\\/transformers-generations-selects-legacy-united-go-bot-guardians-3-pack\\\/\",\"name\":\"Transformers Generations Selects Legacy United Go-Bot Guardians 3-Pack\",\"isPartOf\":{\"@id\":\"https:\\\/\\\/hobby4geek.com\\\/#website\"},\"primaryImageOfPage\":{\"@id\":\"https:\\\/\\\/hobby4geek.com\\\/product\\\/transformers-generations-selects-legacy-united-go-bot-guardians-3-pack\\\/#primaryimage\"},\"image\":{\"@id\":\"https:\\\/\\\/hobby4geek.com\\\/product\\\/transformers-generations-selects-legacy-united-go-bot-guardians-3-pack\\\/#primaryimage\"},\"thumbnailUrl\":\"https:\\\/\\\/hobby4geek.com\\\/wp-content\\\/uploads\\\/2024\\\/08\\\/hr_hasf9650.jpg\",\"datePublished\":\"2024-08-23T09:49:03+00:00\",\"dateModified\":\"2024-12-16T08:22:57+00:00\",\"breadcrumb\":{\"@id\":\"https:\\\/\\\/hobby4geek.com\\\/product\\\/transformers-generations-selects-legacy-united-go-bot-guardians-3-pack\\\/#breadcrumb\"},\"inLanguage\":\"es\",\"potentialAction\":[{\"@type\":\"ReadAction\",\"target\":[\"https:\\\/\\\/hobby4geek.com\\\/product\\\/transformers-generations-selects-legacy-united-go-bot-guardians-3-pack\\\/\"]}]},{\"@type\":\"ImageObject\",\"inLanguage\":\"es\",\"@id\":\"https:\\\/\\\/hobby4geek.com\\\/product\\\/transformers-generations-selects-legacy-united-go-bot-guardians-3-pack\\\/#primaryimage\",\"url\":\"https:\\\/\\\/hobby4geek.com\\\/wp-content\\\/uploads\\\/2024\\\/08\\\/hr_hasf9650.jpg\",\"contentUrl\":\"https:\\\/\\\/hobby4geek.com\\\/wp-content\\\/uploads\\\/2024\\\/08\\\/hr_hasf9650.jpg\",\"width\":2000,\"height\":2000},{\"@type\":\"BreadcrumbList\",\"@id\":\"https:\\\/\\\/hobby4geek.com\\\/product\\\/transformers-generations-selects-legacy-united-go-bot-guardians-3-pack\\\/#breadcrumb\",\"itemListElement\":[{\"@type\":\"ListItem\",\"position\":1,\"name\":\"Home\",\"item\":\"https:\\\/\\\/hobby4geek.com\\\/\"},{\"@type\":\"ListItem\",\"position\":2,\"name\":\"Shop\",\"item\":\"https:\\\/\\\/hobby4geek.com\\\/shop\\\/\"},{\"@type\":\"ListItem\",\"position\":3,\"name\":\"Transformers Generations Selects Legacy United Go-Bot Guardians 3-Pack\"}]},{\"@type\":\"WebSite\",\"@id\":\"https:\\\/\\\/hobby4geek.com\\\/#website\",\"url\":\"https:\\\/\\\/hobby4geek.com\\\/\",\"name\":\"Hobby4Geek\",\"description\":\"Collect, Play &amp; Showcase, Embrace your Geekiness\",\"publisher\":{\"@id\":\"https:\\\/\\\/hobby4geek.com\\\/#organization\"},\"potentialAction\":[{\"@type\":\"SearchAction\",\"target\":{\"@type\":\"EntryPoint\",\"urlTemplate\":\"https:\\\/\\\/hobby4geek.com\\\/?s={search_term_string}\"},\"query-input\":{\"@type\":\"PropertyValueSpecification\",\"valueRequired\":true,\"valueName\":\"search_term_string\"}}],\"inLanguage\":\"es\"},{\"@type\":\"Organization\",\"@id\":\"https:\\\/\\\/hobby4geek.com\\\/#organization\",\"name\":\"Hobby4Geek\",\"url\":\"https:\\\/\\\/hobby4geek.com\\\/\",\"logo\":{\"@type\":\"ImageObject\",\"inLanguage\":\"es\",\"@id\":\"https:\\\/\\\/hobby4geek.com\\\/#\\\/schema\\\/logo\\\/image\\\/\",\"url\":\"https:\\\/\\\/hobby4geek.com\\\/wp-content\\\/uploads\\\/2023\\\/02\\\/default-kit.png\",\"contentUrl\":\"https:\\\/\\\/hobby4geek.com\\\/wp-content\\\/uploads\\\/2023\\\/02\\\/default-kit.png\",\"width\":600,\"height\":600,\"caption\":\"Hobby4Geek\"},\"image\":{\"@id\":\"https:\\\/\\\/hobby4geek.com\\\/#\\\/schema\\\/logo\\\/image\\\/\"},\"sameAs\":[\"https:\\\/\\\/www.facebook.com\\\/hobby4geek\",\"https:\\\/\\\/x.com\\\/hobby4geek\",\"https:\\\/\\\/www.instagram.com\\\/hobby4geek\\\/\"]}]}<\/script>\n<meta property=\"product:brand\" content=\"Hasbro\" \/>\n<meta property=\"product:price:amount\" content=\"84.60\" \/>\n<meta property=\"product:price:currency\" content=\"EUR\" \/>\n<meta property=\"og:availability\" content=\"instock\" \/>\n<meta property=\"product:availability\" content=\"instock\" \/>\n<meta property=\"product:retailer_item_id\" content=\"5010996232366\" \/>\n<meta property=\"product:condition\" content=\"new\" \/>\n<!-- \/ Yoast SEO Premium plugin. -->","yoast_head_json":{"title":"Transformers Generations Selects Legacy United Go-Bot Guardians Paquete de 3","robots":{"index":"index","follow":"follow","max-snippet":"max-snippet:-1","max-image-preview":"max-image-preview:large","max-video-preview":"max-video-preview:-1"},"canonical":"https:\/\/hobby4geek.com\/es\/producto\/transformers-generations-selects-legacy-united-go-bot-guardians-3-pack\/","og_locale":"es_ES","og_type":"article","og_title":"Transformers Generations Selects Legacy United Go-Bot Guardians 3-Pack","og_description":"Figures size: 14 cm  Includes 3 figures  Accessories  Instructions","og_url":"https:\/\/hobby4geek.com\/es\/producto\/transformers-generations-selects-legacy-united-go-bot-guardians-3-pack\/","og_site_name":"Hobby4Geek","article_publisher":"https:\/\/www.facebook.com\/hobby4geek","article_modified_time":"2024-12-16T08:22:57+00:00","og_image":[{"width":2000,"height":2000,"url":"https:\/\/hobby4geek.com\/wp-content\/uploads\/2024\/08\/hr_hasf9650.jpg","type":"image\/jpeg"}],"twitter_card":"summary_large_image","twitter_site":"@hobby4geek","schema":{"@context":"https:\/\/schema.org","@graph":[{"@type":"WebPage","@id":"https:\/\/hobby4geek.com\/product\/transformers-generations-selects-legacy-united-go-bot-guardians-3-pack\/","url":"https:\/\/hobby4geek.com\/product\/transformers-generations-selects-legacy-united-go-bot-guardians-3-pack\/","name":"Transformers Generations Selects Legacy United Go-Bot Guardians Paquete de 3","isPartOf":{"@id":"https:\/\/hobby4geek.com\/#website"},"primaryImageOfPage":{"@id":"https:\/\/hobby4geek.com\/product\/transformers-generations-selects-legacy-united-go-bot-guardians-3-pack\/#primaryimage"},"image":{"@id":"https:\/\/hobby4geek.com\/product\/transformers-generations-selects-legacy-united-go-bot-guardians-3-pack\/#primaryimage"},"thumbnailUrl":"https:\/\/hobby4geek.com\/wp-content\/uploads\/2024\/08\/hr_hasf9650.jpg","datePublished":"2024-08-23T09:49:03+00:00","dateModified":"2024-12-16T08:22:57+00:00","breadcrumb":{"@id":"https:\/\/hobby4geek.com\/product\/transformers-generations-selects-legacy-united-go-bot-guardians-3-pack\/#breadcrumb"},"inLanguage":"es","potentialAction":[{"@type":"ReadAction","target":["https:\/\/hobby4geek.com\/product\/transformers-generations-selects-legacy-united-go-bot-guardians-3-pack\/"]}]},{"@type":"ImageObject","inLanguage":"es","@id":"https:\/\/hobby4geek.com\/product\/transformers-generations-selects-legacy-united-go-bot-guardians-3-pack\/#primaryimage","url":"https:\/\/hobby4geek.com\/wp-content\/uploads\/2024\/08\/hr_hasf9650.jpg","contentUrl":"https:\/\/hobby4geek.com\/wp-content\/uploads\/2024\/08\/hr_hasf9650.jpg","width":2000,"height":2000},{"@type":"BreadcrumbList","@id":"https:\/\/hobby4geek.com\/product\/transformers-generations-selects-legacy-united-go-bot-guardians-3-pack\/#breadcrumb","itemListElement":[{"@type":"ListItem","position":1,"name":"Home","item":"https:\/\/hobby4geek.com\/"},{"@type":"ListItem","position":2,"name":"Shop","item":"https:\/\/hobby4geek.com\/shop\/"},{"@type":"ListItem","position":3,"name":"Transformers Generations Selects Legacy United Go-Bot Guardians 3-Pack"}]},{"@type":"WebSite","@id":"https:\/\/hobby4geek.com\/#website","url":"https:\/\/hobby4geek.com\/","name":"Hobby4Geek","description":"Coleccionar, jugar y exhibir, abrazar su frikismo","publisher":{"@id":"https:\/\/hobby4geek.com\/#organization"},"potentialAction":[{"@type":"SearchAction","target":{"@type":"EntryPoint","urlTemplate":"https:\/\/hobby4geek.com\/?s={search_term_string}"},"query-input":{"@type":"PropertyValueSpecification","valueRequired":true,"valueName":"search_term_string"}}],"inLanguage":"es"},{"@type":"Organization","@id":"https:\/\/hobby4geek.com\/#organization","name":"Hobby4Geek","url":"https:\/\/hobby4geek.com\/","logo":{"@type":"ImageObject","inLanguage":"es","@id":"https:\/\/hobby4geek.com\/#\/schema\/logo\/image\/","url":"https:\/\/hobby4geek.com\/wp-content\/uploads\/2023\/02\/default-kit.png","contentUrl":"https:\/\/hobby4geek.com\/wp-content\/uploads\/2023\/02\/default-kit.png","width":600,"height":600,"caption":"Hobby4Geek"},"image":{"@id":"https:\/\/hobby4geek.com\/#\/schema\/logo\/image\/"},"sameAs":["https:\/\/www.facebook.com\/hobby4geek","https:\/\/x.com\/hobby4geek","https:\/\/www.instagram.com\/hobby4geek\/"]}]},"product_brand":"Hasbro","product_price_amount":"84.60","product_price_currency":"EUR","og_availability":"instock","product_availability":"instock","product_retailer_item_id":"5010996232366","product_condition":"new"},"_links":{"self":[{"href":"https:\/\/hobby4geek.com\/es\/wp-json\/wp\/v2\/product\/198936","targetHints":{"allow":["GET"]}}],"collection":[{"href":"https:\/\/hobby4geek.com\/es\/wp-json\/wp\/v2\/product"}],"about":[{"href":"https:\/\/hobby4geek.com\/es\/wp-json\/wp\/v2\/types\/product"}],"replies":[{"embeddable":true,"href":"https:\/\/hobby4geek.com\/es\/wp-json\/wp\/v2\/comments?post=198936"}],"version-history":[{"count":0,"href":"https:\/\/hobby4geek.com\/es\/wp-json\/wp\/v2\/product\/198936\/revisions"}],"wp:featuredmedia":[{"embeddable":true,"href":"https:\/\/hobby4geek.com\/es\/wp-json\/wp\/v2\/media\/198939"}],"wp:attachment":[{"href":"https:\/\/hobby4geek.com\/es\/wp-json\/wp\/v2\/media?parent=198936"}],"wp:term":[{"taxonomy":"product_brand","embeddable":true,"href":"https:\/\/hobby4geek.com\/es\/wp-json\/wp\/v2\/product_brand?post=198936"},{"taxonomy":"product_cat","embeddable":true,"href":"https:\/\/hobby4geek.com\/es\/wp-json\/wp\/v2\/product_cat?post=198936"},{"taxonomy":"product_tag","embeddable":true,"href":"https:\/\/hobby4geek.com\/es\/wp-json\/wp\/v2\/product_tag?post=198936"},{"taxonomy":"giftcard-category","embeddable":true,"href":"https:\/\/hobby4geek.com\/es\/wp-json\/wp\/v2\/giftcard-category?post=198936"}],"curies":[{"name":"wp","href":"https:\/\/api.w.org\/{rel}","templated":true}]}}