{"id":198497,"date":"2024-08-04T16:32:05","date_gmt":"2024-08-04T15:32:05","guid":{"rendered":"https:\/\/hobby4geek.com\/?post_type=product&#038;p=198497"},"modified":"2024-08-04T17:16:26","modified_gmt":"2024-08-04T16:16:26","slug":"threezero-transformers-the-last-knight-dlx-nemesis-prime","status":"publish","type":"product","link":"https:\/\/hobby4geek.com\/es\/producto\/threezero-transformers-the-last-knight-dlx-nemesis-prime\/","title":{"rendered":"ThreeZero - Transformers: El \u00daltimo Caballero DLX Nemesis Prime"},"content":{"rendered":"<p>Presentamos el DLX Nemesis Prime de la pel\u00edcula Transformers: El \u00faltimo caballero, \u00a1la figura coleccionable que retrata con realismo la formidable versi\u00f3n con lavado de cerebro de Optimus Prime!<\/p>\n<p>Con una altura aproximada de 28,5 cm, Transformers: The Last Knight DLX Nemesis Prime ofrece una amplia gama de poses y opciones de exposici\u00f3n con aproximadamente 73 puntos de articulaci\u00f3n en su robusta estructura de metal fundido. La escultura detallada y la aplicaci\u00f3n de pintura desgastada representan el aspecto de batalla de la pel\u00edcula.<\/p>\n<p>Transformers: The Last Knight DLX Nemesis Prime cuenta con una m\u00e1scara de batalla intercambiable. Junto con su marcado rostro carmes\u00ed y sus caracter\u00edsticos ojos p\u00farpura iluminados por LED (requiere 2 pilas AG13, pilas no incluidas), estos cautivadores rasgos enfatizan la naturaleza amenazadora de Nemesis Prime.<\/p>\n<p>Con la figura se incluyen varias armas que permiten recrear las intensas escenas de batalla de la pel\u00edcula. Transformers: El \u00daltimo Caballero DLX Nemesis Prime viene con Blaster de Iones, Escudo Blaster en Modo Blaster, cuchilla de mu\u00f1eca desmontable y Espada Cybertroniana. Adem\u00e1s, la figura incluye cuatro pares de manos intercambiables, y se completa con la inclusi\u00f3n de una base de acci\u00f3n DLX.<\/p>\n<p>TRANSFORMERS y todos los personajes relacionados son marcas registradas de Hasbro y se utilizan con permiso. \u00a92024 Hasbro. Todos los derechos reservados. 2024 Paramount Pictures Corporation. Todos los derechos reservados. Con licencia de Hasbro.<\/p>","protected":false},"excerpt":{"rendered":"<ul>\n<li>Con licencia oficial de Hasbro y TakaraTomy<\/li>\n<li>Aproximadamente 28,5 cm de alto<\/li>\n<li>Aproximadamente 73 puntos de articulaci\u00f3n<\/li>\n<li>Escultura detallada y aplicaci\u00f3n de pintura envejecida<\/li>\n<li>Ojos iluminados por LED*.<\/li>\n<li>Estructura de metal fundido a presi\u00f3n con articulaci\u00f3n avanzada<\/li>\n<\/ul>\n<p>&nbsp;<\/p>\n<p><strong>ACCESORIOS<\/strong><\/p>\n<ul>\n<li>Una (1) pieza de M\u00e1scara de Batalla Intercambiable<\/li>\n<li>Una (1) pieza de Ion Blaster<\/li>\n<li>Una (1) pieza de Blaster Shield en modo pistola<\/li>\n<li>Una (1) pieza de cuchilla de mu\u00f1eca desmontable<\/li>\n<li>Una (1) pieza de Cybertronian Sword<\/li>\n<li>Cuatro (4) pares de manos intercambiables: un (1) par de manos relajadas, un (1) par de pu\u00f1os, un (1) par de manos para sujetar la espada y un (1) par de manos para sujetar el Ion Blaster<\/li>\n<li>Una (1) pieza de soporte de acci\u00f3n DLX<\/li>\n<\/ul>\n<p>&nbsp;<\/p>\n<p><strong>CARACTER\u00cdSTICAS DE LOS LEDES<\/strong><\/p>\n<ul>\n<li>Ojos<\/li>\n<\/ul>\n<p>&nbsp;<\/p>\n<p><strong>Observaciones<\/strong><\/p>\n<p>* Requiere pilas AG13 x 2 (Pilas no incluidas)<br \/>\nMateriales<br \/>\nFundici\u00f3n inyectada de aleaci\u00f3n de zinc, POM, ABS y PVC<br \/>\nTama\u00f1o del envase<br \/>\n~(An375 x Pr320 x Al125)mm (2 kg)<\/p>","protected":false},"featured_media":198500,"comment_status":"open","ping_status":"closed","template":"","meta":{"inline_featured_image":false},"product_brand":[],"product_cat":[1955,68,90],"product_tag":[332,768,199,1976,333,2632,334,335,1936,659,337,770,280,204,2453],"giftcard-category":[],"class_list":{"0":"post-198497","1":"product","2":"type-product","3":"status-publish","4":"has-post-thumbnail","6":"product_cat-transformers","7":"product_cat-hasbro","8":"product_cat-threezero","9":"product_tag-3a","10":"product_tag-3zero","11":"product_tag-autobot","12":"product_tag-collector-figures","13":"product_tag-dlx-collectible-series","14":"product_tag-dlx-nemesis-primal","15":"product_tag-film","16":"product_tag-hasbro","17":"product_tag-models-co","18":"product_tag-the-last-knight","19":"product_tag-threea","20":"product_tag-threezero","21":"product_tag-tlk","22":"product_tag-transformers","23":"product_tag-transformers-x-threezero","24":"product_shipping_class-standard","25":"inventories-france-inventory","27":"first","28":"instock","29":"taxable","30":"shipping-taxable","31":"purchasable","32":"product-type-simple","33":"add-to-wishlist-after_add_to_cart"},"yoast_head":"<!-- This site is optimized with the Yoast SEO Premium plugin v25.3.1 (Yoast SEO v27.2) - https:\/\/yoast.com\/product\/yoast-seo-premium-wordpress\/ -->\n<title>ThreeZero - Transformers: The Last Knight DLX Nemesis Prime<\/title>\n<meta name=\"robots\" content=\"index, follow, max-snippet:-1, max-image-preview:large, max-video-preview:-1\" \/>\n<link rel=\"canonical\" href=\"https:\/\/hobby4geek.com\/es\/producto\/threezero-transformers-the-last-knight-dlx-nemesis-prime\/\" \/>\n<meta property=\"og:locale\" content=\"es_ES\" \/>\n<meta property=\"og:type\" content=\"article\" \/>\n<meta property=\"og:title\" content=\"ThreeZero - Transformers: The Last Knight DLX Nemesis Prime\" \/>\n<meta property=\"og:description\" content=\"Officially Licensed by Hasbro and TakaraTomy  Approximately 11.2 inches (~28.5cm) tall  Approximately 73 points of articulation  Detailed sculpt and weathered paint application  LED-illuminated eyes*  Die-cast metal frame design with advanced articulation range  &nbsp;  ACCESSORIES   One (1) pc of Interchangeable Battle Mask  One (1) pc of Ion Blaster  One (1) pc of Blaster Shield in Gun Mode  One (1) pc of Detachable Wrist Blade  One (1) pc of Cybertronian Sword  Four (4) pairs of interchangeable hands: one (1) pair of relaxed hands, one (1) pair of fists, one (1) pair of hands for holding the sword, and one (1) pair of hands for holding Ion Blaster  One (1) pc of DLX action stand  &nbsp;  LED FEATURES*   Eyes  &nbsp;  Remarks  * Requires AG13 batteries x 2 (Batteries Not Included) Materials Die-cast Zinc Alloy, POM, ABS, and PVC Packaging Size ~(W375 x D320 x H125)mm (2 kg)\" \/>\n<meta property=\"og:url\" content=\"https:\/\/hobby4geek.com\/es\/producto\/threezero-transformers-the-last-knight-dlx-nemesis-prime\/\" \/>\n<meta property=\"og:site_name\" content=\"Hobby4Geek\" \/>\n<meta property=\"article:publisher\" content=\"https:\/\/www.facebook.com\/hobby4geek\" \/>\n<meta property=\"article:modified_time\" content=\"2024-08-04T16:16:26+00:00\" \/>\n<meta property=\"og:image\" content=\"https:\/\/hobby4geek.com\/wp-content\/uploads\/2024\/08\/hr_3z05790w0_b-scaled.jpg\" \/>\n\t<meta property=\"og:image:width\" content=\"1638\" \/>\n\t<meta property=\"og:image:height\" content=\"2048\" \/>\n\t<meta property=\"og:image:type\" content=\"image\/jpeg\" \/>\n<meta name=\"twitter:card\" content=\"summary_large_image\" \/>\n<meta name=\"twitter:site\" content=\"@hobby4geek\" \/>\n<script type=\"application\/ld+json\" class=\"yoast-schema-graph\">{\"@context\":\"https:\/\/schema.org\",\"@graph\":[{\"@type\":\"WebPage\",\"@id\":\"https:\/\/hobby4geek.com\/product\/threezero-transformers-the-last-knight-dlx-nemesis-prime\/\",\"url\":\"https:\/\/hobby4geek.com\/product\/threezero-transformers-the-last-knight-dlx-nemesis-prime\/\",\"name\":\"ThreeZero - Transformers: The Last Knight DLX Nemesis Prime\",\"isPartOf\":{\"@id\":\"https:\/\/hobby4geek.com\/#website\"},\"primaryImageOfPage\":{\"@id\":\"https:\/\/hobby4geek.com\/product\/threezero-transformers-the-last-knight-dlx-nemesis-prime\/#primaryimage\"},\"image\":{\"@id\":\"https:\/\/hobby4geek.com\/product\/threezero-transformers-the-last-knight-dlx-nemesis-prime\/#primaryimage\"},\"thumbnailUrl\":\"https:\/\/hobby4geek.com\/wp-content\/uploads\/2024\/08\/hr_3z05790w0_b-scaled.jpg\",\"datePublished\":\"2024-08-04T15:32:05+00:00\",\"dateModified\":\"2024-08-04T16:16:26+00:00\",\"breadcrumb\":{\"@id\":\"https:\/\/hobby4geek.com\/product\/threezero-transformers-the-last-knight-dlx-nemesis-prime\/#breadcrumb\"},\"inLanguage\":\"es\",\"potentialAction\":[{\"@type\":\"ReadAction\",\"target\":[\"https:\/\/hobby4geek.com\/product\/threezero-transformers-the-last-knight-dlx-nemesis-prime\/\"]}]},{\"@type\":\"ImageObject\",\"inLanguage\":\"es\",\"@id\":\"https:\/\/hobby4geek.com\/product\/threezero-transformers-the-last-knight-dlx-nemesis-prime\/#primaryimage\",\"url\":\"https:\/\/hobby4geek.com\/wp-content\/uploads\/2024\/08\/hr_3z05790w0_b-scaled.jpg\",\"contentUrl\":\"https:\/\/hobby4geek.com\/wp-content\/uploads\/2024\/08\/hr_3z05790w0_b-scaled.jpg\",\"width\":1638,\"height\":2048},{\"@type\":\"BreadcrumbList\",\"@id\":\"https:\/\/hobby4geek.com\/product\/threezero-transformers-the-last-knight-dlx-nemesis-prime\/#breadcrumb\",\"itemListElement\":[{\"@type\":\"ListItem\",\"position\":1,\"name\":\"Home\",\"item\":\"https:\/\/hobby4geek.com\/\"},{\"@type\":\"ListItem\",\"position\":2,\"name\":\"Shop\",\"item\":\"https:\/\/hobby4geek.com\/shop\/\"},{\"@type\":\"ListItem\",\"position\":3,\"name\":\"ThreeZero &#8211; Transformers: The Last Knight DLX Nemesis Prime\"}]},{\"@type\":\"WebSite\",\"@id\":\"https:\/\/hobby4geek.com\/#website\",\"url\":\"https:\/\/hobby4geek.com\/\",\"name\":\"Hobby4Geek\",\"description\":\"Collect, Play &amp; Showcase, Embrace your Geekiness\",\"publisher\":{\"@id\":\"https:\/\/hobby4geek.com\/#organization\"},\"potentialAction\":[{\"@type\":\"SearchAction\",\"target\":{\"@type\":\"EntryPoint\",\"urlTemplate\":\"https:\/\/hobby4geek.com\/?s={search_term_string}\"},\"query-input\":{\"@type\":\"PropertyValueSpecification\",\"valueRequired\":true,\"valueName\":\"search_term_string\"}}],\"inLanguage\":\"es\"},{\"@type\":\"Organization\",\"@id\":\"https:\/\/hobby4geek.com\/#organization\",\"name\":\"Hobby4Geek\",\"url\":\"https:\/\/hobby4geek.com\/\",\"logo\":{\"@type\":\"ImageObject\",\"inLanguage\":\"es\",\"@id\":\"https:\/\/hobby4geek.com\/#\/schema\/logo\/image\/\",\"url\":\"https:\/\/hobby4geek.com\/wp-content\/uploads\/2023\/02\/default-kit.png\",\"contentUrl\":\"https:\/\/hobby4geek.com\/wp-content\/uploads\/2023\/02\/default-kit.png\",\"width\":600,\"height\":600,\"caption\":\"Hobby4Geek\"},\"image\":{\"@id\":\"https:\/\/hobby4geek.com\/#\/schema\/logo\/image\/\"},\"sameAs\":[\"https:\/\/www.facebook.com\/hobby4geek\",\"https:\/\/x.com\/hobby4geek\",\"https:\/\/www.instagram.com\/hobby4geek\/\"]}]}<\/script>\n<meta property=\"product:brand\" content=\"Transformers\" \/>\n<meta property=\"product:price:amount\" content=\"324.00\" \/>\n<meta property=\"product:price:currency\" content=\"EUR\" \/>\n<meta property=\"og:availability\" content=\"instock\" \/>\n<meta property=\"product:availability\" content=\"instock\" \/>\n<meta property=\"product:retailer_item_id\" content=\"4895250811041\" \/>\n<meta property=\"product:condition\" content=\"new\" \/>\n<!-- \/ Yoast SEO Premium plugin. -->","yoast_head_json":{"title":"ThreeZero - Transformers: El \u00daltimo Caballero DLX Nemesis Prime","robots":{"index":"index","follow":"follow","max-snippet":"max-snippet:-1","max-image-preview":"max-image-preview:large","max-video-preview":"max-video-preview:-1"},"canonical":"https:\/\/hobby4geek.com\/es\/producto\/threezero-transformers-the-last-knight-dlx-nemesis-prime\/","og_locale":"es_ES","og_type":"article","og_title":"ThreeZero - Transformers: The Last Knight DLX Nemesis Prime","og_description":"Officially Licensed by Hasbro and TakaraTomy  Approximately 11.2 inches (~28.5cm) tall  Approximately 73 points of articulation  Detailed sculpt and weathered paint application  LED-illuminated eyes*  Die-cast metal frame design with advanced articulation range  &nbsp;  ACCESSORIES   One (1) pc of Interchangeable Battle Mask  One (1) pc of Ion Blaster  One (1) pc of Blaster Shield in Gun Mode  One (1) pc of Detachable Wrist Blade  One (1) pc of Cybertronian Sword  Four (4) pairs of interchangeable hands: one (1) pair of relaxed hands, one (1) pair of fists, one (1) pair of hands for holding the sword, and one (1) pair of hands for holding Ion Blaster  One (1) pc of DLX action stand  &nbsp;  LED FEATURES*   Eyes  &nbsp;  Remarks  * Requires AG13 batteries x 2 (Batteries Not Included) Materials Die-cast Zinc Alloy, POM, ABS, and PVC Packaging Size ~(W375 x D320 x H125)mm (2 kg)","og_url":"https:\/\/hobby4geek.com\/es\/producto\/threezero-transformers-the-last-knight-dlx-nemesis-prime\/","og_site_name":"Hobby4Geek","article_publisher":"https:\/\/www.facebook.com\/hobby4geek","article_modified_time":"2024-08-04T16:16:26+00:00","og_image":[{"width":1638,"height":2048,"url":"https:\/\/hobby4geek.com\/wp-content\/uploads\/2024\/08\/hr_3z05790w0_b-scaled.jpg","type":"image\/jpeg"}],"twitter_card":"summary_large_image","twitter_site":"@hobby4geek","schema":{"@context":"https:\/\/schema.org","@graph":[{"@type":"WebPage","@id":"https:\/\/hobby4geek.com\/product\/threezero-transformers-the-last-knight-dlx-nemesis-prime\/","url":"https:\/\/hobby4geek.com\/product\/threezero-transformers-the-last-knight-dlx-nemesis-prime\/","name":"ThreeZero - Transformers: El \u00daltimo Caballero DLX Nemesis Prime","isPartOf":{"@id":"https:\/\/hobby4geek.com\/#website"},"primaryImageOfPage":{"@id":"https:\/\/hobby4geek.com\/product\/threezero-transformers-the-last-knight-dlx-nemesis-prime\/#primaryimage"},"image":{"@id":"https:\/\/hobby4geek.com\/product\/threezero-transformers-the-last-knight-dlx-nemesis-prime\/#primaryimage"},"thumbnailUrl":"https:\/\/hobby4geek.com\/wp-content\/uploads\/2024\/08\/hr_3z05790w0_b-scaled.jpg","datePublished":"2024-08-04T15:32:05+00:00","dateModified":"2024-08-04T16:16:26+00:00","breadcrumb":{"@id":"https:\/\/hobby4geek.com\/product\/threezero-transformers-the-last-knight-dlx-nemesis-prime\/#breadcrumb"},"inLanguage":"es","potentialAction":[{"@type":"ReadAction","target":["https:\/\/hobby4geek.com\/product\/threezero-transformers-the-last-knight-dlx-nemesis-prime\/"]}]},{"@type":"ImageObject","inLanguage":"es","@id":"https:\/\/hobby4geek.com\/product\/threezero-transformers-the-last-knight-dlx-nemesis-prime\/#primaryimage","url":"https:\/\/hobby4geek.com\/wp-content\/uploads\/2024\/08\/hr_3z05790w0_b-scaled.jpg","contentUrl":"https:\/\/hobby4geek.com\/wp-content\/uploads\/2024\/08\/hr_3z05790w0_b-scaled.jpg","width":1638,"height":2048},{"@type":"BreadcrumbList","@id":"https:\/\/hobby4geek.com\/product\/threezero-transformers-the-last-knight-dlx-nemesis-prime\/#breadcrumb","itemListElement":[{"@type":"ListItem","position":1,"name":"Home","item":"https:\/\/hobby4geek.com\/"},{"@type":"ListItem","position":2,"name":"Shop","item":"https:\/\/hobby4geek.com\/shop\/"},{"@type":"ListItem","position":3,"name":"ThreeZero &#8211; Transformers: The Last Knight DLX Nemesis Prime"}]},{"@type":"WebSite","@id":"https:\/\/hobby4geek.com\/#website","url":"https:\/\/hobby4geek.com\/","name":"Hobby4Geek","description":"Coleccionar, jugar y exhibir, abrazar su frikismo","publisher":{"@id":"https:\/\/hobby4geek.com\/#organization"},"potentialAction":[{"@type":"SearchAction","target":{"@type":"EntryPoint","urlTemplate":"https:\/\/hobby4geek.com\/?s={search_term_string}"},"query-input":{"@type":"PropertyValueSpecification","valueRequired":true,"valueName":"search_term_string"}}],"inLanguage":"es"},{"@type":"Organization","@id":"https:\/\/hobby4geek.com\/#organization","name":"Hobby4Geek","url":"https:\/\/hobby4geek.com\/","logo":{"@type":"ImageObject","inLanguage":"es","@id":"https:\/\/hobby4geek.com\/#\/schema\/logo\/image\/","url":"https:\/\/hobby4geek.com\/wp-content\/uploads\/2023\/02\/default-kit.png","contentUrl":"https:\/\/hobby4geek.com\/wp-content\/uploads\/2023\/02\/default-kit.png","width":600,"height":600,"caption":"Hobby4Geek"},"image":{"@id":"https:\/\/hobby4geek.com\/#\/schema\/logo\/image\/"},"sameAs":["https:\/\/www.facebook.com\/hobby4geek","https:\/\/x.com\/hobby4geek","https:\/\/www.instagram.com\/hobby4geek\/"]}]},"product_brand":"Transformers","product_price_amount":"324.00","product_price_currency":"EUR","og_availability":"instock","product_availability":"instock","product_retailer_item_id":"4895250811041","product_condition":"new"},"_links":{"self":[{"href":"https:\/\/hobby4geek.com\/es\/wp-json\/wp\/v2\/product\/198497","targetHints":{"allow":["GET"]}}],"collection":[{"href":"https:\/\/hobby4geek.com\/es\/wp-json\/wp\/v2\/product"}],"about":[{"href":"https:\/\/hobby4geek.com\/es\/wp-json\/wp\/v2\/types\/product"}],"replies":[{"embeddable":true,"href":"https:\/\/hobby4geek.com\/es\/wp-json\/wp\/v2\/comments?post=198497"}],"version-history":[{"count":0,"href":"https:\/\/hobby4geek.com\/es\/wp-json\/wp\/v2\/product\/198497\/revisions"}],"wp:featuredmedia":[{"embeddable":true,"href":"https:\/\/hobby4geek.com\/es\/wp-json\/wp\/v2\/media\/198500"}],"wp:attachment":[{"href":"https:\/\/hobby4geek.com\/es\/wp-json\/wp\/v2\/media?parent=198497"}],"wp:term":[{"taxonomy":"product_brand","embeddable":true,"href":"https:\/\/hobby4geek.com\/es\/wp-json\/wp\/v2\/product_brand?post=198497"},{"taxonomy":"product_cat","embeddable":true,"href":"https:\/\/hobby4geek.com\/es\/wp-json\/wp\/v2\/product_cat?post=198497"},{"taxonomy":"product_tag","embeddable":true,"href":"https:\/\/hobby4geek.com\/es\/wp-json\/wp\/v2\/product_tag?post=198497"},{"taxonomy":"giftcard-category","embeddable":true,"href":"https:\/\/hobby4geek.com\/es\/wp-json\/wp\/v2\/giftcard-category?post=198497"}],"curies":[{"name":"wp","href":"https:\/\/api.w.org\/{rel}","templated":true}]}}