{"id":198435,"date":"2024-08-04T15:25:08","date_gmt":"2024-08-04T14:25:08","guid":{"rendered":"https:\/\/hobby4geek.com\/?post_type=product&#038;p=198435"},"modified":"2024-08-04T17:14:57","modified_gmt":"2024-08-04T16:14:57","slug":"threezero-transformers-rise-of-the-beasts-dlx-mirage","status":"publish","type":"product","link":"https:\/\/hobby4geek.com\/es\/producto\/threezero-transformers-rise-of-the-beasts-dlx-mirage\/","title":{"rendered":"ThreeZero - Transformers: Rise of the Beasts DLX Mirage"},"content":{"rendered":"<p>Transformers: Rise of the Beasts DLX Mirage es una figura coleccionable altamente detallada y totalmente articulada del veloz Autobot Mirage. Esta figura de 8\u2033 (20,32 cm) de alto cuenta con pl\u00e1sticos de grado de ingenier\u00eda con un marco de metal fundido a presi\u00f3n que proporciona una mayor durabilidad y una incre\u00edble gama de articulaci\u00f3n, aproximadamente 61 puntos, lo que permite una postura y visualizaci\u00f3n din\u00e1micas. La aplicaci\u00f3n de pintura desgastada captura la est\u00e9tica de batalla de este heroico Autobot.<\/p>\n<p>Transformers: Rise of the Beasts DLX Mirage es la primera figura DLX de threezeo que incorpora luces LED* controladas magn\u00e9ticamente. Los LED iluminados instalados en los ojos, el Ion Blaster, el pecho y los hombros, a\u00f1aden un impresionante nivel de realismo y detalle a la figura. Se incluye una funda magn\u00e9tica con el logotipo de Autobot que controla las funciones de las luces LED colocando la funda magn\u00e9tica cerca de donde est\u00e1n instaladas las luces LED, encendi\u00e9ndolas y apag\u00e1ndolas.<\/p>\n<p>Otros accesorios incluyen un par de Ion Blasters, dos placas faciales intercambiables, que ofrecen tanto una expresi\u00f3n sonriente como una expresi\u00f3n est\u00e1ndar, y cuatro pares de manos intercambiables (pu\u00f1os, relajadas, de acci\u00f3n y apuntando).<\/p>\n<p>Adem\u00e1s, DLX Mirage viene con una figura de 4\u2033 (10,16 cm) de altura de Noah D\u00edaz en su Exo-Traje con aproximadamente 12 puntos de articulaci\u00f3n. La figura del Exo-Traje Noah D\u00edaz incluye varios accesorios, como un par de Espadas Exo-Traje y un par de Blasters de Iones Exo-Traje, que reproducen la memorable escena en la que un Mirage herido utiliza las partes de su cuerpo para convertirse en un Exo-Traje para que Noah luche junto a los Autobots.<\/p>\n<p>TRANSFORMERS y todos los personajes relacionados son marcas registradas de Hasbro y se utilizan con permiso. 2024 Hasbro. Todos los derechos reservados. 2024 Paramount Pictures Corporation. Todos los derechos reservados. Con licencia de Hasbro<\/p>","protected":false},"excerpt":{"rendered":"<ul>\n<li>Con licencia oficial de Hasbro y TakaraTomy<\/li>\n<li>Aproximadamente 20,32 cm de altura<\/li>\n<li>Incluye una figura totalmente articulada de Noah D\u00edaz con Exo-Traje de aproximadamente 10,16 cm de altura.<\/li>\n<li>Ojos, Blaster de Iones, pecho y hombros iluminados por LEDs controlados magn\u00e9ticamente*.<\/li>\n<li>Pl\u00e1sticos de ingenier\u00eda con dise\u00f1o de armaz\u00f3n de metal fundido a presi\u00f3n con aproximadamente 61 puntos de articulaci\u00f3n<\/li>\n<li>Aplicaci\u00f3n detallada de pintura envejecida<\/li>\n<li>Dos placas frontales intercambiables<\/li>\n<\/ul>\n<p>&nbsp;<\/p>\n<p><strong>ACCESORIOS<\/strong><\/p>\n<p>Para figura Mirage de 8\":<\/p>\n<ul>\n<li>Un (1) par de Ion Blasters<\/li>\n<li>Una (1) funda magn\u00e9tica para interruptor de luz LED<\/li>\n<li>Dos (2) placas frontales intercambiables: una (1) expresi\u00f3n sonriente y una (1) expresi\u00f3n est\u00e1ndar<\/li>\n<li>Cuatro (4) pares de manos intercambiables: pu\u00f1os, manos relajadas, manos de acci\u00f3n y manos que se\u00f1alan<\/li>\n<li>Un (1) soporte de acci\u00f3n DLX<\/li>\n<\/ul>\n<p>Para figura de 4\" de Noah D\u00edaz con Exo-Traje:<\/p>\n<ul>\n<li>Un (1) par de Exo-Suit Sword<\/li>\n<li>Un (1) par de Exo-Suit Ion Blaster<\/li>\n<li style=\"list-style-type: none;\">\n<ul>\n<li style=\"list-style-type: none;\"><\/li>\n<\/ul>\n<\/li>\n<\/ul>\n<p>&nbsp;<\/p>\n<p><strong>Observaciones<\/strong><\/p>\n<p>* Requiere pilas AG3 x 12 (Pilas no incluidas)<br \/>\nMateriales<br \/>\nABS, PVC, POM, aleaci\u00f3n de zinc fundido a presi\u00f3n<br \/>\nTama\u00f1o del envase<br \/>\n~ (An. 293 x Pr. 201 x Al. 100) mm (2 kg)<\/p>\n<ul>\n<li style=\"list-style-type: none;\">\n<ul>\n<li style=\"list-style-type: none;\">\n<ul>\n<li style=\"list-style-type: none;\"><\/li>\n<\/ul>\n<\/li>\n<\/ul>\n<\/li>\n<\/ul>","protected":false},"featured_media":198469,"comment_status":"open","ping_status":"closed","template":"","meta":{"inline_featured_image":false},"product_brand":[],"product_cat":[68,90,1955],"product_tag":[332,199,1976,333,334,335,2631,1936,265,1956,337,770,204,2453,2227],"giftcard-category":[],"class_list":{"0":"post-198435","1":"product","2":"type-product","3":"status-publish","4":"has-post-thumbnail","6":"product_cat-hasbro","7":"product_cat-threezero","8":"product_cat-transformers","9":"product_tag-3a","10":"product_tag-autobot","11":"product_tag-collector-figures","12":"product_tag-dlx-collectible-series","13":"product_tag-film","14":"product_tag-hasbro","15":"product_tag-mdlx-mirage","16":"product_tag-models-co","17":"product_tag-pre-orders","18":"product_tag-rise-of-the-beasts","19":"product_tag-threea","20":"product_tag-threezero","21":"product_tag-transformers","22":"product_tag-transformers-x-threezero","23":"product_tag-transformers-rise-of-the-beasts","24":"product_shipping_class-standard","25":"inventories-france-inventory","27":"first","28":"instock","29":"featured","30":"taxable","31":"shipping-taxable","32":"purchasable","33":"product-type-simple","34":"add-to-wishlist-after_add_to_cart"},"yoast_head":"<!-- This site is optimized with the Yoast SEO Premium plugin v25.3.1 (Yoast SEO v27.4) - https:\/\/yoast.com\/product\/yoast-seo-premium-wordpress\/ -->\n<title>ThreeZero \u2013 Transformers: Rise of the Beasts DLX Mirage<\/title>\n<meta name=\"robots\" content=\"index, follow, max-snippet:-1, max-image-preview:large, max-video-preview:-1\" \/>\n<link rel=\"canonical\" href=\"https:\/\/hobby4geek.com\/es\/producto\/threezero-transformers-rise-of-the-beasts-dlx-mirage\/\" \/>\n<meta property=\"og:locale\" content=\"es_ES\" \/>\n<meta property=\"og:type\" content=\"article\" \/>\n<meta property=\"og:title\" content=\"ThreeZero \u2013 Transformers: Rise of the Beasts DLX Mirage\" \/>\n<meta property=\"og:description\" content=\"Officially Licensed by Hasbro and TakaraTomy  Approximately 8 inches (20.32 cm) tall  Includes approximately 4 inches (10.16 cm) tall fully-articulated figure of Noah D\u00edaz in Exo-Suit  Magnetically controlled LED illuminated eyes, Ion Blaster, chest, and shoulders*  Engineering grade plastics with die-cast metal frame design with approximately 61 points of articulation  Detailed weathered paint application  Two interchangeable faceplates  &nbsp;  ACCESSORIES  For 8\u201d Mirage figure:   One (1) pair of Ion Blasters  One (1) Magnetic Case for LED light switch  Two (2) interchangeable faceplates: one (1) smiling expression and one (1) standard expression  Four (4) pairs of interchangeable hands: fists, relaxed hands, action hands, and pointing hands  One (1) DLX Action Stand  For 4\u201d figure of Noah D\u00edaz in Exo-Suit:   One (1) pair of Exo-Suit Sword  One (1) pair of Exo-Suit Ion Blaster         &nbsp;  Remarks  * Requires AG3 batteries x 12 (Batteries Not Included) Materials ABS, PVC, POM, die-cast zinc alloy Packaging Size ~ (W293 x D201 x H100) mm (2 kg)\" \/>\n<meta property=\"og:url\" content=\"https:\/\/hobby4geek.com\/es\/producto\/threezero-transformers-rise-of-the-beasts-dlx-mirage\/\" \/>\n<meta property=\"og:site_name\" content=\"Hobby4Geek\" \/>\n<meta property=\"article:publisher\" content=\"https:\/\/www.facebook.com\/hobby4geek\" \/>\n<meta property=\"article:modified_time\" content=\"2024-08-04T16:14:57+00:00\" \/>\n<meta property=\"og:image\" content=\"https:\/\/hobby4geek.com\/wp-content\/uploads\/2024\/08\/hr_3z05640w0_b-scaled.jpg\" \/>\n\t<meta property=\"og:image:width\" content=\"1638\" \/>\n\t<meta property=\"og:image:height\" content=\"2048\" \/>\n\t<meta property=\"og:image:type\" content=\"image\/jpeg\" \/>\n<meta name=\"twitter:card\" content=\"summary_large_image\" \/>\n<meta name=\"twitter:site\" content=\"@hobby4geek\" \/>\n<script type=\"application\/ld+json\" class=\"yoast-schema-graph\">{\"@context\":\"https:\\\/\\\/schema.org\",\"@graph\":[{\"@type\":\"WebPage\",\"@id\":\"https:\\\/\\\/hobby4geek.com\\\/product\\\/threezero-transformers-rise-of-the-beasts-dlx-mirage\\\/\",\"url\":\"https:\\\/\\\/hobby4geek.com\\\/product\\\/threezero-transformers-rise-of-the-beasts-dlx-mirage\\\/\",\"name\":\"ThreeZero \u2013 Transformers: Rise of the Beasts DLX Mirage\",\"isPartOf\":{\"@id\":\"https:\\\/\\\/hobby4geek.com\\\/#website\"},\"primaryImageOfPage\":{\"@id\":\"https:\\\/\\\/hobby4geek.com\\\/product\\\/threezero-transformers-rise-of-the-beasts-dlx-mirage\\\/#primaryimage\"},\"image\":{\"@id\":\"https:\\\/\\\/hobby4geek.com\\\/product\\\/threezero-transformers-rise-of-the-beasts-dlx-mirage\\\/#primaryimage\"},\"thumbnailUrl\":\"https:\\\/\\\/hobby4geek.com\\\/wp-content\\\/uploads\\\/2024\\\/08\\\/hr_3z05640w0_b-scaled.jpg\",\"datePublished\":\"2024-08-04T14:25:08+00:00\",\"dateModified\":\"2024-08-04T16:14:57+00:00\",\"breadcrumb\":{\"@id\":\"https:\\\/\\\/hobby4geek.com\\\/product\\\/threezero-transformers-rise-of-the-beasts-dlx-mirage\\\/#breadcrumb\"},\"inLanguage\":\"es\",\"potentialAction\":[{\"@type\":\"ReadAction\",\"target\":[\"https:\\\/\\\/hobby4geek.com\\\/product\\\/threezero-transformers-rise-of-the-beasts-dlx-mirage\\\/\"]}]},{\"@type\":\"ImageObject\",\"inLanguage\":\"es\",\"@id\":\"https:\\\/\\\/hobby4geek.com\\\/product\\\/threezero-transformers-rise-of-the-beasts-dlx-mirage\\\/#primaryimage\",\"url\":\"https:\\\/\\\/hobby4geek.com\\\/wp-content\\\/uploads\\\/2024\\\/08\\\/hr_3z05640w0_b-scaled.jpg\",\"contentUrl\":\"https:\\\/\\\/hobby4geek.com\\\/wp-content\\\/uploads\\\/2024\\\/08\\\/hr_3z05640w0_b-scaled.jpg\",\"width\":1638,\"height\":2048},{\"@type\":\"BreadcrumbList\",\"@id\":\"https:\\\/\\\/hobby4geek.com\\\/product\\\/threezero-transformers-rise-of-the-beasts-dlx-mirage\\\/#breadcrumb\",\"itemListElement\":[{\"@type\":\"ListItem\",\"position\":1,\"name\":\"Home\",\"item\":\"https:\\\/\\\/hobby4geek.com\\\/\"},{\"@type\":\"ListItem\",\"position\":2,\"name\":\"Shop\",\"item\":\"https:\\\/\\\/hobby4geek.com\\\/shop\\\/\"},{\"@type\":\"ListItem\",\"position\":3,\"name\":\"ThreeZero \u2013 Transformers: Rise of the Beasts DLX Mirage\"}]},{\"@type\":\"WebSite\",\"@id\":\"https:\\\/\\\/hobby4geek.com\\\/#website\",\"url\":\"https:\\\/\\\/hobby4geek.com\\\/\",\"name\":\"Hobby4Geek\",\"description\":\"Collect, Play &amp; Showcase, Embrace your Geekiness\",\"publisher\":{\"@id\":\"https:\\\/\\\/hobby4geek.com\\\/#organization\"},\"potentialAction\":[{\"@type\":\"SearchAction\",\"target\":{\"@type\":\"EntryPoint\",\"urlTemplate\":\"https:\\\/\\\/hobby4geek.com\\\/?s={search_term_string}\"},\"query-input\":{\"@type\":\"PropertyValueSpecification\",\"valueRequired\":true,\"valueName\":\"search_term_string\"}}],\"inLanguage\":\"es\"},{\"@type\":\"Organization\",\"@id\":\"https:\\\/\\\/hobby4geek.com\\\/#organization\",\"name\":\"Hobby4Geek\",\"url\":\"https:\\\/\\\/hobby4geek.com\\\/\",\"logo\":{\"@type\":\"ImageObject\",\"inLanguage\":\"es\",\"@id\":\"https:\\\/\\\/hobby4geek.com\\\/#\\\/schema\\\/logo\\\/image\\\/\",\"url\":\"https:\\\/\\\/hobby4geek.com\\\/wp-content\\\/uploads\\\/2023\\\/02\\\/default-kit.png\",\"contentUrl\":\"https:\\\/\\\/hobby4geek.com\\\/wp-content\\\/uploads\\\/2023\\\/02\\\/default-kit.png\",\"width\":600,\"height\":600,\"caption\":\"Hobby4Geek\"},\"image\":{\"@id\":\"https:\\\/\\\/hobby4geek.com\\\/#\\\/schema\\\/logo\\\/image\\\/\"},\"sameAs\":[\"https:\\\/\\\/www.facebook.com\\\/hobby4geek\",\"https:\\\/\\\/x.com\\\/hobby4geek\",\"https:\\\/\\\/www.instagram.com\\\/hobby4geek\\\/\"]}]}<\/script>\n<meta property=\"product:brand\" content=\"Hasbro\" \/>\n<meta property=\"product:price:amount\" content=\"228.00\" \/>\n<meta property=\"product:price:currency\" content=\"EUR\" \/>\n<meta property=\"og:availability\" content=\"instock\" \/>\n<meta property=\"product:availability\" content=\"instock\" \/>\n<meta property=\"product:retailer_item_id\" content=\"4895250813717\" \/>\n<meta property=\"product:condition\" content=\"new\" \/>\n<!-- \/ Yoast SEO Premium plugin. -->","yoast_head_json":{"title":"ThreeZero - Transformers: Rise of the Beasts DLX Mirage","robots":{"index":"index","follow":"follow","max-snippet":"max-snippet:-1","max-image-preview":"max-image-preview:large","max-video-preview":"max-video-preview:-1"},"canonical":"https:\/\/hobby4geek.com\/es\/producto\/threezero-transformers-rise-of-the-beasts-dlx-mirage\/","og_locale":"es_ES","og_type":"article","og_title":"ThreeZero \u2013 Transformers: Rise of the Beasts DLX Mirage","og_description":"Officially Licensed by Hasbro and TakaraTomy  Approximately 8 inches (20.32 cm) tall  Includes approximately 4 inches (10.16 cm) tall fully-articulated figure of Noah D\u00edaz in Exo-Suit  Magnetically controlled LED illuminated eyes, Ion Blaster, chest, and shoulders*  Engineering grade plastics with die-cast metal frame design with approximately 61 points of articulation  Detailed weathered paint application  Two interchangeable faceplates  &nbsp;  ACCESSORIES  For 8\u201d Mirage figure:   One (1) pair of Ion Blasters  One (1) Magnetic Case for LED light switch  Two (2) interchangeable faceplates: one (1) smiling expression and one (1) standard expression  Four (4) pairs of interchangeable hands: fists, relaxed hands, action hands, and pointing hands  One (1) DLX Action Stand  For 4\u201d figure of Noah D\u00edaz in Exo-Suit:   One (1) pair of Exo-Suit Sword  One (1) pair of Exo-Suit Ion Blaster         &nbsp;  Remarks  * Requires AG3 batteries x 12 (Batteries Not Included) Materials ABS, PVC, POM, die-cast zinc alloy Packaging Size ~ (W293 x D201 x H100) mm (2 kg)","og_url":"https:\/\/hobby4geek.com\/es\/producto\/threezero-transformers-rise-of-the-beasts-dlx-mirage\/","og_site_name":"Hobby4Geek","article_publisher":"https:\/\/www.facebook.com\/hobby4geek","article_modified_time":"2024-08-04T16:14:57+00:00","og_image":[{"width":1638,"height":2048,"url":"https:\/\/hobby4geek.com\/wp-content\/uploads\/2024\/08\/hr_3z05640w0_b-scaled.jpg","type":"image\/jpeg"}],"twitter_card":"summary_large_image","twitter_site":"@hobby4geek","schema":{"@context":"https:\/\/schema.org","@graph":[{"@type":"WebPage","@id":"https:\/\/hobby4geek.com\/product\/threezero-transformers-rise-of-the-beasts-dlx-mirage\/","url":"https:\/\/hobby4geek.com\/product\/threezero-transformers-rise-of-the-beasts-dlx-mirage\/","name":"ThreeZero - Transformers: Rise of the Beasts DLX Mirage","isPartOf":{"@id":"https:\/\/hobby4geek.com\/#website"},"primaryImageOfPage":{"@id":"https:\/\/hobby4geek.com\/product\/threezero-transformers-rise-of-the-beasts-dlx-mirage\/#primaryimage"},"image":{"@id":"https:\/\/hobby4geek.com\/product\/threezero-transformers-rise-of-the-beasts-dlx-mirage\/#primaryimage"},"thumbnailUrl":"https:\/\/hobby4geek.com\/wp-content\/uploads\/2024\/08\/hr_3z05640w0_b-scaled.jpg","datePublished":"2024-08-04T14:25:08+00:00","dateModified":"2024-08-04T16:14:57+00:00","breadcrumb":{"@id":"https:\/\/hobby4geek.com\/product\/threezero-transformers-rise-of-the-beasts-dlx-mirage\/#breadcrumb"},"inLanguage":"es","potentialAction":[{"@type":"ReadAction","target":["https:\/\/hobby4geek.com\/product\/threezero-transformers-rise-of-the-beasts-dlx-mirage\/"]}]},{"@type":"ImageObject","inLanguage":"es","@id":"https:\/\/hobby4geek.com\/product\/threezero-transformers-rise-of-the-beasts-dlx-mirage\/#primaryimage","url":"https:\/\/hobby4geek.com\/wp-content\/uploads\/2024\/08\/hr_3z05640w0_b-scaled.jpg","contentUrl":"https:\/\/hobby4geek.com\/wp-content\/uploads\/2024\/08\/hr_3z05640w0_b-scaled.jpg","width":1638,"height":2048},{"@type":"BreadcrumbList","@id":"https:\/\/hobby4geek.com\/product\/threezero-transformers-rise-of-the-beasts-dlx-mirage\/#breadcrumb","itemListElement":[{"@type":"ListItem","position":1,"name":"Home","item":"https:\/\/hobby4geek.com\/"},{"@type":"ListItem","position":2,"name":"Shop","item":"https:\/\/hobby4geek.com\/shop\/"},{"@type":"ListItem","position":3,"name":"ThreeZero \u2013 Transformers: Rise of the Beasts DLX Mirage"}]},{"@type":"WebSite","@id":"https:\/\/hobby4geek.com\/#website","url":"https:\/\/hobby4geek.com\/","name":"Hobby4Geek","description":"Coleccionar, jugar y exhibir, abrazar su frikismo","publisher":{"@id":"https:\/\/hobby4geek.com\/#organization"},"potentialAction":[{"@type":"SearchAction","target":{"@type":"EntryPoint","urlTemplate":"https:\/\/hobby4geek.com\/?s={search_term_string}"},"query-input":{"@type":"PropertyValueSpecification","valueRequired":true,"valueName":"search_term_string"}}],"inLanguage":"es"},{"@type":"Organization","@id":"https:\/\/hobby4geek.com\/#organization","name":"Hobby4Geek","url":"https:\/\/hobby4geek.com\/","logo":{"@type":"ImageObject","inLanguage":"es","@id":"https:\/\/hobby4geek.com\/#\/schema\/logo\/image\/","url":"https:\/\/hobby4geek.com\/wp-content\/uploads\/2023\/02\/default-kit.png","contentUrl":"https:\/\/hobby4geek.com\/wp-content\/uploads\/2023\/02\/default-kit.png","width":600,"height":600,"caption":"Hobby4Geek"},"image":{"@id":"https:\/\/hobby4geek.com\/#\/schema\/logo\/image\/"},"sameAs":["https:\/\/www.facebook.com\/hobby4geek","https:\/\/x.com\/hobby4geek","https:\/\/www.instagram.com\/hobby4geek\/"]}]},"product_brand":"Hasbro","product_price_amount":"228.00","product_price_currency":"EUR","og_availability":"instock","product_availability":"instock","product_retailer_item_id":"4895250813717","product_condition":"new"},"_links":{"self":[{"href":"https:\/\/hobby4geek.com\/es\/wp-json\/wp\/v2\/product\/198435","targetHints":{"allow":["GET"]}}],"collection":[{"href":"https:\/\/hobby4geek.com\/es\/wp-json\/wp\/v2\/product"}],"about":[{"href":"https:\/\/hobby4geek.com\/es\/wp-json\/wp\/v2\/types\/product"}],"replies":[{"embeddable":true,"href":"https:\/\/hobby4geek.com\/es\/wp-json\/wp\/v2\/comments?post=198435"}],"version-history":[{"count":0,"href":"https:\/\/hobby4geek.com\/es\/wp-json\/wp\/v2\/product\/198435\/revisions"}],"wp:featuredmedia":[{"embeddable":true,"href":"https:\/\/hobby4geek.com\/es\/wp-json\/wp\/v2\/media\/198469"}],"wp:attachment":[{"href":"https:\/\/hobby4geek.com\/es\/wp-json\/wp\/v2\/media?parent=198435"}],"wp:term":[{"taxonomy":"product_brand","embeddable":true,"href":"https:\/\/hobby4geek.com\/es\/wp-json\/wp\/v2\/product_brand?post=198435"},{"taxonomy":"product_cat","embeddable":true,"href":"https:\/\/hobby4geek.com\/es\/wp-json\/wp\/v2\/product_cat?post=198435"},{"taxonomy":"product_tag","embeddable":true,"href":"https:\/\/hobby4geek.com\/es\/wp-json\/wp\/v2\/product_tag?post=198435"},{"taxonomy":"giftcard-category","embeddable":true,"href":"https:\/\/hobby4geek.com\/es\/wp-json\/wp\/v2\/giftcard-category?post=198435"}],"curies":[{"name":"wp","href":"https:\/\/api.w.org\/{rel}","templated":true}]}}