{"id":198264,"date":"2025-05-28T12:51:06","date_gmt":"2025-05-28T11:51:06","guid":{"rendered":"https:\/\/hobby4geek.com\/?post_type=product&#038;p=198264"},"modified":"2025-05-30T10:40:57","modified_gmt":"2025-05-30T09:40:57","slug":"transformers-masterpiece-movie-series-mpm-3-bumblebee-40th-selection","status":"publish","type":"product","link":"https:\/\/hobby4geek.com\/es\/producto\/transformers-masterpiece-movie-series-mpm-3-bumblebee-40th-selection\/","title":{"rendered":"Transformers: MPM-3 Bumblebee (40TH SELECTION)"},"content":{"rendered":"<p>Para celebrar el 40 aniversario del Transformers, se reeditan productos populares del pasado en ediciones especiales.<\/p>\n<p>Bumblebee, que apareci\u00f3 en la primera pel\u00edcula \"Transformers\", ya est\u00e1 disponible como producto del 40\u00ba aniversario. No s\u00f3lo se transforma completamente de un Chevrolet Camaro a una figura de acci\u00f3n totalmente articulada, sino que tambi\u00e9n reproduce la apariencia de la pel\u00edcula principal. Esta edici\u00f3n especial presenta una especificaci\u00f3n de color totalmente nueva en comparaci\u00f3n con el popular MPM-3, centr\u00e1ndose en colores de moldeado y pintura que se ajustan m\u00e1s a la imagen en pantalla.<\/p>\n<p>MPM-3 Bumblebee incorpora un ca\u00f1\u00f3n que puede acoplarse a la figura tanto en modo robot como en modo coche e incluye la m\u00e1scara de batalla que Bumblebee utiliza en la franquicia cinematogr\u00e1fica. Bumblebee tiene licencia oficial de GM y se transforma en su legendario Chevrolet Camaro en 36 pasos.<\/p>\n<p><em>2025 DreamWorks, LLC &amp; Paramount Pictures Corporation. \u00ae y\/o TM &amp; \u00a9 2025 TOMY. <\/em><br \/>\n<em>Todos los derechos reservados. TM &amp; \u00ae denotan marcas registradas en Jap\u00f3n.<\/em><\/p>","protected":false},"excerpt":{"rendered":"<ul>\n<li>Altura: 17 cm<\/li>\n<li>Convierte en 36 pasos<\/li>\n<li>Material: Pl\u00e1stico<\/li>\n<li>Detalles moldeados<\/li>\n<li>Manos articuladas<\/li>\n<li>Incluye: M\u00e1scara de batalla y ca\u00f1\u00f3n<\/li>\n<li>Caracter\u00edsticas detalladas, incluido el interior<\/li>\n<\/ul>\n<p>&nbsp;<\/p>\n<p><strong>Dise\u00f1o y caracter\u00edsticas:<\/strong><\/p>\n<ul>\n<li>Dise\u00f1o aut\u00e9ntico de Takara Tomy<\/li>\n<li>Conversi\u00f3n precisa en pantalla<\/li>\n<li>Caracter\u00edsticas detalladas y accesorios<\/li>\n<li>Dise\u00f1o premium<\/li>\n<li>Embalaje e instrucciones originales<\/li>\n<\/ul>","protected":false},"featured_media":198268,"comment_status":"open","ping_status":"closed","template":"","meta":{"inline_featured_image":false},"product_brand":[],"product_cat":[2691,69,1955],"product_tag":[2010,2629,200,1759,224,202,825,203,1975,204,1961],"giftcard-category":[],"class_list":{"0":"post-198264","1":"product","2":"type-product","3":"status-publish","4":"has-post-thumbnail","6":"product_cat-t-spark","7":"product_cat-takara-tomy","8":"product_cat-transformers","9":"product_tag-40th-anniversary","10":"product_tag-40th-selection","11":"product_tag-action-figures","12":"product_tag-action-toys","13":"product_tag-bumblebee","14":"product_tag-masterpiece-movie-series","15":"product_tag-mpm-3","16":"product_tag-takara-tomy","17":"product_tag-toys-figures","18":"product_tag-transformers","19":"product_tag-transformers-authentic","20":"product_shipping_class-light","21":"inventories-china-inventory","23":"first","24":"instock","25":"featured","26":"taxable","27":"shipping-taxable","28":"purchasable","29":"product-type-simple","30":"add-to-wishlist-after_add_to_cart"},"yoast_head":"<!-- This site is optimized with the Yoast SEO Premium plugin v25.3.1 (Yoast SEO v27.4) - https:\/\/yoast.com\/product\/yoast-seo-premium-wordpress\/ -->\n<title>Transformers: MPM-3 Bumblebee (40TH SELECTION)<\/title>\n<meta name=\"robots\" content=\"index, follow, max-snippet:-1, max-image-preview:large, max-video-preview:-1\" \/>\n<link rel=\"canonical\" href=\"https:\/\/hobby4geek.com\/es\/producto\/transformers-masterpiece-movie-series-mpm-3-bumblebee-40th-selection\/\" \/>\n<meta property=\"og:locale\" content=\"es_ES\" \/>\n<meta property=\"og:type\" content=\"article\" \/>\n<meta property=\"og:title\" content=\"Transformers: MPM-3 Bumblebee (40TH SELECTION)\" \/>\n<meta property=\"og:description\" content=\"Height: 17 cm  Converts in 36 steps  Material: Plastic  Molded details  Articulated hands  Includes: Battle mask and cannon  Detailed features, including the interior  &nbsp;  Design and Features:   Authentic Takara Tomy design  Screen-accurate conversion  Detailed features and accessories  Premium design  Original packaging and instructions\" \/>\n<meta property=\"og:url\" content=\"https:\/\/hobby4geek.com\/es\/producto\/transformers-masterpiece-movie-series-mpm-3-bumblebee-40th-selection\/\" \/>\n<meta property=\"og:site_name\" content=\"Hobby4Geek\" \/>\n<meta property=\"article:publisher\" content=\"https:\/\/www.facebook.com\/hobby4geek\" \/>\n<meta property=\"article:modified_time\" content=\"2025-05-30T09:40:57+00:00\" \/>\n<meta name=\"twitter:card\" content=\"summary_large_image\" \/>\n<meta name=\"twitter:site\" content=\"@hobby4geek\" \/>\n<script type=\"application\/ld+json\" class=\"yoast-schema-graph\">{\"@context\":\"https:\\\/\\\/schema.org\",\"@graph\":[{\"@type\":\"WebPage\",\"@id\":\"https:\\\/\\\/hobby4geek.com\\\/product\\\/transformers-masterpiece-movie-series-mpm-3-bumblebee-40th-selection\\\/\",\"url\":\"https:\\\/\\\/hobby4geek.com\\\/product\\\/transformers-masterpiece-movie-series-mpm-3-bumblebee-40th-selection\\\/\",\"name\":\"Transformers: MPM-3 Bumblebee (40TH SELECTION)\",\"isPartOf\":{\"@id\":\"https:\\\/\\\/hobby4geek.com\\\/#website\"},\"primaryImageOfPage\":{\"@id\":\"https:\\\/\\\/hobby4geek.com\\\/product\\\/transformers-masterpiece-movie-series-mpm-3-bumblebee-40th-selection\\\/#primaryimage\"},\"image\":{\"@id\":\"https:\\\/\\\/hobby4geek.com\\\/product\\\/transformers-masterpiece-movie-series-mpm-3-bumblebee-40th-selection\\\/#primaryimage\"},\"thumbnailUrl\":\"https:\\\/\\\/hobby4geek.com\\\/wp-content\\\/uploads\\\/2024\\\/07\\\/transformers-masterpiece-movie-series-mpm-3-bumblebee-40th-selection-6.avif\",\"datePublished\":\"2025-05-28T11:51:06+00:00\",\"dateModified\":\"2025-05-30T09:40:57+00:00\",\"breadcrumb\":{\"@id\":\"https:\\\/\\\/hobby4geek.com\\\/product\\\/transformers-masterpiece-movie-series-mpm-3-bumblebee-40th-selection\\\/#breadcrumb\"},\"inLanguage\":\"es\",\"potentialAction\":[{\"@type\":\"ReadAction\",\"target\":[\"https:\\\/\\\/hobby4geek.com\\\/product\\\/transformers-masterpiece-movie-series-mpm-3-bumblebee-40th-selection\\\/\"]}]},{\"@type\":\"ImageObject\",\"inLanguage\":\"es\",\"@id\":\"https:\\\/\\\/hobby4geek.com\\\/product\\\/transformers-masterpiece-movie-series-mpm-3-bumblebee-40th-selection\\\/#primaryimage\",\"url\":\"https:\\\/\\\/hobby4geek.com\\\/wp-content\\\/uploads\\\/2024\\\/07\\\/transformers-masterpiece-movie-series-mpm-3-bumblebee-40th-selection-6.avif\",\"contentUrl\":\"https:\\\/\\\/hobby4geek.com\\\/wp-content\\\/uploads\\\/2024\\\/07\\\/transformers-masterpiece-movie-series-mpm-3-bumblebee-40th-selection-6.avif\",\"width\":1100,\"height\":1100,\"caption\":\"Transformers: Masterpiece Movie Series MPM-3 Bumblebee (40th Selection)\"},{\"@type\":\"BreadcrumbList\",\"@id\":\"https:\\\/\\\/hobby4geek.com\\\/product\\\/transformers-masterpiece-movie-series-mpm-3-bumblebee-40th-selection\\\/#breadcrumb\",\"itemListElement\":[{\"@type\":\"ListItem\",\"position\":1,\"name\":\"Home\",\"item\":\"https:\\\/\\\/hobby4geek.com\\\/\"},{\"@type\":\"ListItem\",\"position\":2,\"name\":\"Shop\",\"item\":\"https:\\\/\\\/hobby4geek.com\\\/shop\\\/\"},{\"@type\":\"ListItem\",\"position\":3,\"name\":\"Transformers: MPM-3 Bumblebee (40TH SELECTION)\"}]},{\"@type\":\"WebSite\",\"@id\":\"https:\\\/\\\/hobby4geek.com\\\/#website\",\"url\":\"https:\\\/\\\/hobby4geek.com\\\/\",\"name\":\"Hobby4Geek\",\"description\":\"Collect, Play &amp; Showcase, Embrace your Geekiness\",\"publisher\":{\"@id\":\"https:\\\/\\\/hobby4geek.com\\\/#organization\"},\"potentialAction\":[{\"@type\":\"SearchAction\",\"target\":{\"@type\":\"EntryPoint\",\"urlTemplate\":\"https:\\\/\\\/hobby4geek.com\\\/?s={search_term_string}\"},\"query-input\":{\"@type\":\"PropertyValueSpecification\",\"valueRequired\":true,\"valueName\":\"search_term_string\"}}],\"inLanguage\":\"es\"},{\"@type\":\"Organization\",\"@id\":\"https:\\\/\\\/hobby4geek.com\\\/#organization\",\"name\":\"Hobby4Geek\",\"url\":\"https:\\\/\\\/hobby4geek.com\\\/\",\"logo\":{\"@type\":\"ImageObject\",\"inLanguage\":\"es\",\"@id\":\"https:\\\/\\\/hobby4geek.com\\\/#\\\/schema\\\/logo\\\/image\\\/\",\"url\":\"https:\\\/\\\/hobby4geek.com\\\/wp-content\\\/uploads\\\/2023\\\/02\\\/default-kit.png\",\"contentUrl\":\"https:\\\/\\\/hobby4geek.com\\\/wp-content\\\/uploads\\\/2023\\\/02\\\/default-kit.png\",\"width\":600,\"height\":600,\"caption\":\"Hobby4Geek\"},\"image\":{\"@id\":\"https:\\\/\\\/hobby4geek.com\\\/#\\\/schema\\\/logo\\\/image\\\/\"},\"sameAs\":[\"https:\\\/\\\/www.facebook.com\\\/hobby4geek\",\"https:\\\/\\\/x.com\\\/hobby4geek\",\"https:\\\/\\\/www.instagram.com\\\/hobby4geek\\\/\"]}]}<\/script>\n<meta property=\"product:brand\" content=\"Takara Tomy\" \/>\n<meta property=\"product:price:amount\" content=\"146.80\" \/>\n<meta property=\"product:price:currency\" content=\"EUR\" \/>\n<meta property=\"og:availability\" content=\"instock\" \/>\n<meta property=\"product:availability\" content=\"instock\" \/>\n<meta property=\"product:retailer_item_id\" content=\"4904810948681\" \/>\n<meta property=\"product:condition\" content=\"new\" \/>\n<!-- \/ Yoast SEO Premium plugin. -->","yoast_head_json":{"title":"Transformers: MPM-3 Bumblebee (40TH SELECTION)","robots":{"index":"index","follow":"follow","max-snippet":"max-snippet:-1","max-image-preview":"max-image-preview:large","max-video-preview":"max-video-preview:-1"},"canonical":"https:\/\/hobby4geek.com\/es\/producto\/transformers-masterpiece-movie-series-mpm-3-bumblebee-40th-selection\/","og_locale":"es_ES","og_type":"article","og_title":"Transformers: MPM-3 Bumblebee (40TH SELECTION)","og_description":"Height: 17 cm  Converts in 36 steps  Material: Plastic  Molded details  Articulated hands  Includes: Battle mask and cannon  Detailed features, including the interior  &nbsp;  Design and Features:   Authentic Takara Tomy design  Screen-accurate conversion  Detailed features and accessories  Premium design  Original packaging and instructions","og_url":"https:\/\/hobby4geek.com\/es\/producto\/transformers-masterpiece-movie-series-mpm-3-bumblebee-40th-selection\/","og_site_name":"Hobby4Geek","article_publisher":"https:\/\/www.facebook.com\/hobby4geek","article_modified_time":"2025-05-30T09:40:57+00:00","twitter_card":"summary_large_image","twitter_site":"@hobby4geek","schema":{"@context":"https:\/\/schema.org","@graph":[{"@type":"WebPage","@id":"https:\/\/hobby4geek.com\/product\/transformers-masterpiece-movie-series-mpm-3-bumblebee-40th-selection\/","url":"https:\/\/hobby4geek.com\/product\/transformers-masterpiece-movie-series-mpm-3-bumblebee-40th-selection\/","name":"Transformers: MPM-3 Bumblebee (40TH SELECTION)","isPartOf":{"@id":"https:\/\/hobby4geek.com\/#website"},"primaryImageOfPage":{"@id":"https:\/\/hobby4geek.com\/product\/transformers-masterpiece-movie-series-mpm-3-bumblebee-40th-selection\/#primaryimage"},"image":{"@id":"https:\/\/hobby4geek.com\/product\/transformers-masterpiece-movie-series-mpm-3-bumblebee-40th-selection\/#primaryimage"},"thumbnailUrl":"https:\/\/hobby4geek.com\/wp-content\/uploads\/2024\/07\/transformers-masterpiece-movie-series-mpm-3-bumblebee-40th-selection-6.avif","datePublished":"2025-05-28T11:51:06+00:00","dateModified":"2025-05-30T09:40:57+00:00","breadcrumb":{"@id":"https:\/\/hobby4geek.com\/product\/transformers-masterpiece-movie-series-mpm-3-bumblebee-40th-selection\/#breadcrumb"},"inLanguage":"es","potentialAction":[{"@type":"ReadAction","target":["https:\/\/hobby4geek.com\/product\/transformers-masterpiece-movie-series-mpm-3-bumblebee-40th-selection\/"]}]},{"@type":"ImageObject","inLanguage":"es","@id":"https:\/\/hobby4geek.com\/product\/transformers-masterpiece-movie-series-mpm-3-bumblebee-40th-selection\/#primaryimage","url":"https:\/\/hobby4geek.com\/wp-content\/uploads\/2024\/07\/transformers-masterpiece-movie-series-mpm-3-bumblebee-40th-selection-6.avif","contentUrl":"https:\/\/hobby4geek.com\/wp-content\/uploads\/2024\/07\/transformers-masterpiece-movie-series-mpm-3-bumblebee-40th-selection-6.avif","width":1100,"height":1100,"caption":"Transformers: Masterpiece Movie Series MPM-3 Bumblebee (40th Selection)"},{"@type":"BreadcrumbList","@id":"https:\/\/hobby4geek.com\/product\/transformers-masterpiece-movie-series-mpm-3-bumblebee-40th-selection\/#breadcrumb","itemListElement":[{"@type":"ListItem","position":1,"name":"Home","item":"https:\/\/hobby4geek.com\/"},{"@type":"ListItem","position":2,"name":"Shop","item":"https:\/\/hobby4geek.com\/shop\/"},{"@type":"ListItem","position":3,"name":"Transformers: MPM-3 Bumblebee (40TH SELECTION)"}]},{"@type":"WebSite","@id":"https:\/\/hobby4geek.com\/#website","url":"https:\/\/hobby4geek.com\/","name":"Hobby4Geek","description":"Coleccionar, jugar y exhibir, abrazar su frikismo","publisher":{"@id":"https:\/\/hobby4geek.com\/#organization"},"potentialAction":[{"@type":"SearchAction","target":{"@type":"EntryPoint","urlTemplate":"https:\/\/hobby4geek.com\/?s={search_term_string}"},"query-input":{"@type":"PropertyValueSpecification","valueRequired":true,"valueName":"search_term_string"}}],"inLanguage":"es"},{"@type":"Organization","@id":"https:\/\/hobby4geek.com\/#organization","name":"Hobby4Geek","url":"https:\/\/hobby4geek.com\/","logo":{"@type":"ImageObject","inLanguage":"es","@id":"https:\/\/hobby4geek.com\/#\/schema\/logo\/image\/","url":"https:\/\/hobby4geek.com\/wp-content\/uploads\/2023\/02\/default-kit.png","contentUrl":"https:\/\/hobby4geek.com\/wp-content\/uploads\/2023\/02\/default-kit.png","width":600,"height":600,"caption":"Hobby4Geek"},"image":{"@id":"https:\/\/hobby4geek.com\/#\/schema\/logo\/image\/"},"sameAs":["https:\/\/www.facebook.com\/hobby4geek","https:\/\/x.com\/hobby4geek","https:\/\/www.instagram.com\/hobby4geek\/"]}]},"product_brand":"Takara Tomy","product_price_amount":"146.80","product_price_currency":"EUR","og_availability":"instock","product_availability":"instock","product_retailer_item_id":"4904810948681","product_condition":"new"},"_links":{"self":[{"href":"https:\/\/hobby4geek.com\/es\/wp-json\/wp\/v2\/product\/198264","targetHints":{"allow":["GET"]}}],"collection":[{"href":"https:\/\/hobby4geek.com\/es\/wp-json\/wp\/v2\/product"}],"about":[{"href":"https:\/\/hobby4geek.com\/es\/wp-json\/wp\/v2\/types\/product"}],"replies":[{"embeddable":true,"href":"https:\/\/hobby4geek.com\/es\/wp-json\/wp\/v2\/comments?post=198264"}],"version-history":[{"count":0,"href":"https:\/\/hobby4geek.com\/es\/wp-json\/wp\/v2\/product\/198264\/revisions"}],"wp:featuredmedia":[{"embeddable":true,"href":"https:\/\/hobby4geek.com\/es\/wp-json\/wp\/v2\/media\/198268"}],"wp:attachment":[{"href":"https:\/\/hobby4geek.com\/es\/wp-json\/wp\/v2\/media?parent=198264"}],"wp:term":[{"taxonomy":"product_brand","embeddable":true,"href":"https:\/\/hobby4geek.com\/es\/wp-json\/wp\/v2\/product_brand?post=198264"},{"taxonomy":"product_cat","embeddable":true,"href":"https:\/\/hobby4geek.com\/es\/wp-json\/wp\/v2\/product_cat?post=198264"},{"taxonomy":"product_tag","embeddable":true,"href":"https:\/\/hobby4geek.com\/es\/wp-json\/wp\/v2\/product_tag?post=198264"},{"taxonomy":"giftcard-category","embeddable":true,"href":"https:\/\/hobby4geek.com\/es\/wp-json\/wp\/v2\/giftcard-category?post=198264"}],"curies":[{"name":"wp","href":"https:\/\/api.w.org\/{rel}","templated":true}]}}