{"id":198217,"date":"2024-07-12T10:47:48","date_gmt":"2024-07-12T09:47:48","guid":{"rendered":"https:\/\/hobby4geek.com\/?post_type=product&#038;p=198217"},"modified":"2025-07-27T14:02:17","modified_gmt":"2025-07-27T13:02:17","slug":"funko-pop-transformers-rise-of-the-beasts-optimus-primal","status":"publish","type":"product","link":"https:\/\/hobby4geek.com\/es\/producto\/funko-pop-transformers-rise-of-the-beasts-optimus-primal\/","title":{"rendered":"\u00a1Funko POP! Transformers: Rise of the Beasts - Optimus Primal"},"content":{"rendered":"<p>\u00a1Transforma tu colecci\u00f3n con Pop! \u00a1Optimus Primal! Este l\u00edder de los Maximals\u2122 est\u00e1 listo para defender a la humanidad de la inminente amenaza de los Terrorcons\u2122. Habr\u00e1 m\u00e1s en tu colecci\u00f3n Transformers: Rise of the Beasts\u2122 de lo que parece con este honorable robot mientras se prepara para la acci\u00f3n en tu casa. La figura de vinilo mide aproximadamente 12,2 cm de alto.<\/p>","protected":false},"excerpt":{"rendered":"<ul>\n<li>aprox. 12,2 cm de altura<\/li>\n<li>se presenta en un envase con ventana<\/li>\n<\/ul>","protected":false},"featured_media":198219,"comment_status":"open","ping_status":"closed","template":"","meta":{"inline_featured_image":false},"product_brand":[],"product_cat":[1955,2013,2198],"product_tag":[2015,1978,562,2018,1975,204,2227],"giftcard-category":[],"class_list":{"0":"post-198217","1":"product","2":"type-product","3":"status-publish","4":"has-post-thumbnail","6":"product_cat-transformers","7":"product_cat-funko","8":"product_cat-pop","9":"product_tag-funko-pop","10":"product_tag-mini-figures","11":"product_tag-optimus-primal","12":"product_tag-pop","13":"product_tag-toys-figures","14":"product_tag-transformers","15":"product_tag-transformers-rise-of-the-beasts","16":"product_shipping_class-light","17":"inventories-france-inventory","19":"first","20":"instock","21":"taxable","22":"shipping-taxable","23":"purchasable","24":"product-type-simple","25":"add-to-wishlist-after_add_to_cart"},"yoast_head":"<!-- This site is optimized with the Yoast SEO Premium plugin v25.3.1 (Yoast SEO v27.2) - https:\/\/yoast.com\/product\/yoast-seo-premium-wordpress\/ -->\n<title>Funko POP! Transformers: Rise of the Beasts - Optimus Primal<\/title>\n<meta name=\"description\" content=\"Transform your collection with Pop! Megatron! Help this villainous leader regroup with the other Decepticons in your Transformers.\" \/>\n<meta name=\"robots\" content=\"index, follow, max-snippet:-1, max-image-preview:large, max-video-preview:-1\" \/>\n<link rel=\"canonical\" href=\"https:\/\/hobby4geek.com\/es\/producto\/funko-pop-transformers-rise-of-the-beasts-optimus-primal\/\" \/>\n<meta property=\"og:locale\" content=\"es_ES\" \/>\n<meta property=\"og:type\" content=\"article\" \/>\n<meta property=\"og:title\" content=\"Funko POP! Transformers: Rise of the Beasts - Optimus Primal\" \/>\n<meta property=\"og:description\" content=\"Transform your collection with Pop! Megatron! Help this villainous leader regroup with the other Decepticons in your Transformers.\" \/>\n<meta property=\"og:url\" content=\"https:\/\/hobby4geek.com\/es\/producto\/funko-pop-transformers-rise-of-the-beasts-optimus-primal\/\" \/>\n<meta property=\"og:site_name\" content=\"Hobby4Geek\" \/>\n<meta property=\"article:publisher\" content=\"https:\/\/www.facebook.com\/hobby4geek\" \/>\n<meta property=\"article:modified_time\" content=\"2025-07-27T13:02:17+00:00\" \/>\n<meta property=\"og:image\" content=\"https:\/\/hobby4geek.com\/wp-content\/uploads\/2024\/07\/hr_fk63957_a.jpg\" \/>\n\t<meta property=\"og:image:width\" content=\"1300\" \/>\n\t<meta property=\"og:image:height\" content=\"1300\" \/>\n\t<meta property=\"og:image:type\" content=\"image\/jpeg\" \/>\n<meta name=\"twitter:card\" content=\"summary_large_image\" \/>\n<meta name=\"twitter:site\" content=\"@hobby4geek\" \/>\n<script type=\"application\/ld+json\" class=\"yoast-schema-graph\">{\"@context\":\"https:\/\/schema.org\",\"@graph\":[{\"@type\":\"WebPage\",\"@id\":\"https:\/\/hobby4geek.com\/product\/funko-pop-transformers-rise-of-the-beasts-optimus-primal\/\",\"url\":\"https:\/\/hobby4geek.com\/product\/funko-pop-transformers-rise-of-the-beasts-optimus-primal\/\",\"name\":\"Funko POP! Transformers: Rise of the Beasts - Optimus Primal\",\"isPartOf\":{\"@id\":\"https:\/\/hobby4geek.com\/#website\"},\"primaryImageOfPage\":{\"@id\":\"https:\/\/hobby4geek.com\/product\/funko-pop-transformers-rise-of-the-beasts-optimus-primal\/#primaryimage\"},\"image\":{\"@id\":\"https:\/\/hobby4geek.com\/product\/funko-pop-transformers-rise-of-the-beasts-optimus-primal\/#primaryimage\"},\"thumbnailUrl\":\"https:\/\/hobby4geek.com\/wp-content\/uploads\/2024\/07\/hr_fk63957_a.jpg\",\"datePublished\":\"2024-07-12T09:47:48+00:00\",\"dateModified\":\"2025-07-27T13:02:17+00:00\",\"description\":\"Transform your collection with Pop! Megatron! Help this villainous leader regroup with the other Decepticons in your Transformers.\",\"breadcrumb\":{\"@id\":\"https:\/\/hobby4geek.com\/product\/funko-pop-transformers-rise-of-the-beasts-optimus-primal\/#breadcrumb\"},\"inLanguage\":\"es\",\"potentialAction\":[{\"@type\":\"ReadAction\",\"target\":[\"https:\/\/hobby4geek.com\/product\/funko-pop-transformers-rise-of-the-beasts-optimus-primal\/\"]}]},{\"@type\":\"ImageObject\",\"inLanguage\":\"es\",\"@id\":\"https:\/\/hobby4geek.com\/product\/funko-pop-transformers-rise-of-the-beasts-optimus-primal\/#primaryimage\",\"url\":\"https:\/\/hobby4geek.com\/wp-content\/uploads\/2024\/07\/hr_fk63957_a.jpg\",\"contentUrl\":\"https:\/\/hobby4geek.com\/wp-content\/uploads\/2024\/07\/hr_fk63957_a.jpg\",\"width\":1300,\"height\":1300},{\"@type\":\"BreadcrumbList\",\"@id\":\"https:\/\/hobby4geek.com\/product\/funko-pop-transformers-rise-of-the-beasts-optimus-primal\/#breadcrumb\",\"itemListElement\":[{\"@type\":\"ListItem\",\"position\":1,\"name\":\"Home\",\"item\":\"https:\/\/hobby4geek.com\/\"},{\"@type\":\"ListItem\",\"position\":2,\"name\":\"Shop\",\"item\":\"https:\/\/hobby4geek.com\/shop\/\"},{\"@type\":\"ListItem\",\"position\":3,\"name\":\"Funko POP! Transformers: Rise of the Beasts &#8211; Optimus Primal\"}]},{\"@type\":\"WebSite\",\"@id\":\"https:\/\/hobby4geek.com\/#website\",\"url\":\"https:\/\/hobby4geek.com\/\",\"name\":\"Hobby4Geek\",\"description\":\"Collect, Play &amp; Showcase, Embrace your Geekiness\",\"publisher\":{\"@id\":\"https:\/\/hobby4geek.com\/#organization\"},\"potentialAction\":[{\"@type\":\"SearchAction\",\"target\":{\"@type\":\"EntryPoint\",\"urlTemplate\":\"https:\/\/hobby4geek.com\/?s={search_term_string}\"},\"query-input\":{\"@type\":\"PropertyValueSpecification\",\"valueRequired\":true,\"valueName\":\"search_term_string\"}}],\"inLanguage\":\"es\"},{\"@type\":\"Organization\",\"@id\":\"https:\/\/hobby4geek.com\/#organization\",\"name\":\"Hobby4Geek\",\"url\":\"https:\/\/hobby4geek.com\/\",\"logo\":{\"@type\":\"ImageObject\",\"inLanguage\":\"es\",\"@id\":\"https:\/\/hobby4geek.com\/#\/schema\/logo\/image\/\",\"url\":\"https:\/\/hobby4geek.com\/wp-content\/uploads\/2023\/02\/default-kit.png\",\"contentUrl\":\"https:\/\/hobby4geek.com\/wp-content\/uploads\/2023\/02\/default-kit.png\",\"width\":600,\"height\":600,\"caption\":\"Hobby4Geek\"},\"image\":{\"@id\":\"https:\/\/hobby4geek.com\/#\/schema\/logo\/image\/\"},\"sameAs\":[\"https:\/\/www.facebook.com\/hobby4geek\",\"https:\/\/x.com\/hobby4geek\",\"https:\/\/www.instagram.com\/hobby4geek\/\"]}]}<\/script>\n<meta property=\"product:brand\" content=\"Funko\" \/>\n<meta property=\"product:price:amount\" content=\"16.80\" \/>\n<meta property=\"product:price:currency\" content=\"EUR\" \/>\n<meta property=\"og:availability\" content=\"instock\" \/>\n<meta property=\"product:availability\" content=\"instock\" \/>\n<meta property=\"product:retailer_item_id\" content=\"889698639576\" \/>\n<meta property=\"product:condition\" content=\"new\" \/>\n<!-- \/ Yoast SEO Premium plugin. -->","yoast_head_json":{"title":"\u00a1Funko POP! Transformers: Rise of the Beasts - Optimus Primal","description":"\u00a1Transforma tu colecci\u00f3n con Pop! \u00a1Megatron! Ayuda a este villano l\u00edder a reagruparse con los dem\u00e1s Decepticons en tu Transformers.","robots":{"index":"index","follow":"follow","max-snippet":"max-snippet:-1","max-image-preview":"max-image-preview:large","max-video-preview":"max-video-preview:-1"},"canonical":"https:\/\/hobby4geek.com\/es\/producto\/funko-pop-transformers-rise-of-the-beasts-optimus-primal\/","og_locale":"es_ES","og_type":"article","og_title":"Funko POP! Transformers: Rise of the Beasts - Optimus Primal","og_description":"Transform your collection with Pop! Megatron! Help this villainous leader regroup with the other Decepticons in your Transformers.","og_url":"https:\/\/hobby4geek.com\/es\/producto\/funko-pop-transformers-rise-of-the-beasts-optimus-primal\/","og_site_name":"Hobby4Geek","article_publisher":"https:\/\/www.facebook.com\/hobby4geek","article_modified_time":"2025-07-27T13:02:17+00:00","og_image":[{"width":1300,"height":1300,"url":"https:\/\/hobby4geek.com\/wp-content\/uploads\/2024\/07\/hr_fk63957_a.jpg","type":"image\/jpeg"}],"twitter_card":"summary_large_image","twitter_site":"@hobby4geek","schema":{"@context":"https:\/\/schema.org","@graph":[{"@type":"WebPage","@id":"https:\/\/hobby4geek.com\/product\/funko-pop-transformers-rise-of-the-beasts-optimus-primal\/","url":"https:\/\/hobby4geek.com\/product\/funko-pop-transformers-rise-of-the-beasts-optimus-primal\/","name":"\u00a1Funko POP! Transformers: Rise of the Beasts - Optimus Primal","isPartOf":{"@id":"https:\/\/hobby4geek.com\/#website"},"primaryImageOfPage":{"@id":"https:\/\/hobby4geek.com\/product\/funko-pop-transformers-rise-of-the-beasts-optimus-primal\/#primaryimage"},"image":{"@id":"https:\/\/hobby4geek.com\/product\/funko-pop-transformers-rise-of-the-beasts-optimus-primal\/#primaryimage"},"thumbnailUrl":"https:\/\/hobby4geek.com\/wp-content\/uploads\/2024\/07\/hr_fk63957_a.jpg","datePublished":"2024-07-12T09:47:48+00:00","dateModified":"2025-07-27T13:02:17+00:00","description":"\u00a1Transforma tu colecci\u00f3n con Pop! \u00a1Megatron! Ayuda a este villano l\u00edder a reagruparse con los dem\u00e1s Decepticons en tu Transformers.","breadcrumb":{"@id":"https:\/\/hobby4geek.com\/product\/funko-pop-transformers-rise-of-the-beasts-optimus-primal\/#breadcrumb"},"inLanguage":"es","potentialAction":[{"@type":"ReadAction","target":["https:\/\/hobby4geek.com\/product\/funko-pop-transformers-rise-of-the-beasts-optimus-primal\/"]}]},{"@type":"ImageObject","inLanguage":"es","@id":"https:\/\/hobby4geek.com\/product\/funko-pop-transformers-rise-of-the-beasts-optimus-primal\/#primaryimage","url":"https:\/\/hobby4geek.com\/wp-content\/uploads\/2024\/07\/hr_fk63957_a.jpg","contentUrl":"https:\/\/hobby4geek.com\/wp-content\/uploads\/2024\/07\/hr_fk63957_a.jpg","width":1300,"height":1300},{"@type":"BreadcrumbList","@id":"https:\/\/hobby4geek.com\/product\/funko-pop-transformers-rise-of-the-beasts-optimus-primal\/#breadcrumb","itemListElement":[{"@type":"ListItem","position":1,"name":"Home","item":"https:\/\/hobby4geek.com\/"},{"@type":"ListItem","position":2,"name":"Shop","item":"https:\/\/hobby4geek.com\/shop\/"},{"@type":"ListItem","position":3,"name":"Funko POP! Transformers: Rise of the Beasts &#8211; Optimus Primal"}]},{"@type":"WebSite","@id":"https:\/\/hobby4geek.com\/#website","url":"https:\/\/hobby4geek.com\/","name":"Hobby4Geek","description":"Coleccionar, jugar y exhibir, abrazar su frikismo","publisher":{"@id":"https:\/\/hobby4geek.com\/#organization"},"potentialAction":[{"@type":"SearchAction","target":{"@type":"EntryPoint","urlTemplate":"https:\/\/hobby4geek.com\/?s={search_term_string}"},"query-input":{"@type":"PropertyValueSpecification","valueRequired":true,"valueName":"search_term_string"}}],"inLanguage":"es"},{"@type":"Organization","@id":"https:\/\/hobby4geek.com\/#organization","name":"Hobby4Geek","url":"https:\/\/hobby4geek.com\/","logo":{"@type":"ImageObject","inLanguage":"es","@id":"https:\/\/hobby4geek.com\/#\/schema\/logo\/image\/","url":"https:\/\/hobby4geek.com\/wp-content\/uploads\/2023\/02\/default-kit.png","contentUrl":"https:\/\/hobby4geek.com\/wp-content\/uploads\/2023\/02\/default-kit.png","width":600,"height":600,"caption":"Hobby4Geek"},"image":{"@id":"https:\/\/hobby4geek.com\/#\/schema\/logo\/image\/"},"sameAs":["https:\/\/www.facebook.com\/hobby4geek","https:\/\/x.com\/hobby4geek","https:\/\/www.instagram.com\/hobby4geek\/"]}]},"product_brand":"Funko","product_price_amount":"16.80","product_price_currency":"EUR","og_availability":"instock","product_availability":"instock","product_retailer_item_id":"889698639576","product_condition":"new"},"_links":{"self":[{"href":"https:\/\/hobby4geek.com\/es\/wp-json\/wp\/v2\/product\/198217","targetHints":{"allow":["GET"]}}],"collection":[{"href":"https:\/\/hobby4geek.com\/es\/wp-json\/wp\/v2\/product"}],"about":[{"href":"https:\/\/hobby4geek.com\/es\/wp-json\/wp\/v2\/types\/product"}],"replies":[{"embeddable":true,"href":"https:\/\/hobby4geek.com\/es\/wp-json\/wp\/v2\/comments?post=198217"}],"version-history":[{"count":0,"href":"https:\/\/hobby4geek.com\/es\/wp-json\/wp\/v2\/product\/198217\/revisions"}],"wp:featuredmedia":[{"embeddable":true,"href":"https:\/\/hobby4geek.com\/es\/wp-json\/wp\/v2\/media\/198219"}],"wp:attachment":[{"href":"https:\/\/hobby4geek.com\/es\/wp-json\/wp\/v2\/media?parent=198217"}],"wp:term":[{"taxonomy":"product_brand","embeddable":true,"href":"https:\/\/hobby4geek.com\/es\/wp-json\/wp\/v2\/product_brand?post=198217"},{"taxonomy":"product_cat","embeddable":true,"href":"https:\/\/hobby4geek.com\/es\/wp-json\/wp\/v2\/product_cat?post=198217"},{"taxonomy":"product_tag","embeddable":true,"href":"https:\/\/hobby4geek.com\/es\/wp-json\/wp\/v2\/product_tag?post=198217"},{"taxonomy":"giftcard-category","embeddable":true,"href":"https:\/\/hobby4geek.com\/es\/wp-json\/wp\/v2\/giftcard-category?post=198217"}],"curies":[{"name":"wp","href":"https:\/\/api.w.org\/{rel}","templated":true}]}}