{"id":198016,"date":"2024-09-23T09:50:44","date_gmt":"2024-09-23T08:50:44","guid":{"rendered":"https:\/\/hobby4geek.com\/?post_type=product&#038;p=198016"},"modified":"2024-11-15T12:52:08","modified_gmt":"2024-11-15T11:52:08","slug":"transformers-the-movie-studio-series-86-29-bumblebee","status":"publish","type":"product","link":"https:\/\/hobby4geek.com\/es\/producto\/transformers-the-movie-studio-series-86-29-bumblebee\/","title":{"rendered":"Transformers: La pel\u00edcula - Studio Series 86-29 Bumblebee"},"content":{"rendered":"<p>Lleva la acci\u00f3n \u00e9pica de las pel\u00edculas Transformers de la gran pantalla a tu colecci\u00f3n con la figura de acci\u00f3n Transformers Studio Series Deluxe Class Bumblebee, \u00a1inspirada en La Transformers: La Pel\u00edcula! Los juguetes Transformers Studio Series son figuras de acci\u00f3n coleccionables que cuentan con detalles y accesorios inspirados en la pel\u00edcula. Convierte la figura de acci\u00f3n Studio Series Transformers del modo robot al modo minicoche en 23 pasos y coloca el juguete Bumblebee en la escena de fondo extra\u00edble Las Profundidades de Unicron incluida. Busca m\u00e1s figuras coleccionables Transformers Studio Series para crear una colecci\u00f3n inspirada en la pel\u00edcula (cada una se vende por separado, sujeto a disponibilidad).<\/p>\n<ul>\n<li>Esta figura de acci\u00f3n Transformers Studio Series 86-29 Bumblebee est\u00e1 muy bien articulada y cuenta con detalles y decoraci\u00f3n inspirados en la pel\u00edcula.<\/li>\n<li>Esta figura de acci\u00f3n coleccionable de 11,5 cm (4,5 pulgadas) est\u00e1 inspirada en escenas ic\u00f3nicas de la pel\u00edcula y dise\u00f1ada con especificaciones y detalles que reflejan el universo de la pel\u00edcula Transformers<\/li>\n<li>Este juguete Studio Series Transformers ofrece la cl\u00e1sica conversi\u00f3n entre los modos robot y mini coche en 23 pasos<\/li>\n<li>La figura Transformers viene con un accesorio blaster que se acopla en ambos modos<\/li>\n<li>Las figuras Transformers cuentan con cabezas, brazos y piernas articulados para las poses de acci\u00f3n<\/li>\n<li>El fondo extra\u00edble muestra la figura Transformers Studio Series Bumblebee en la escena Las profundidades de Unicron<\/li>\n<li>Este juguete figura de acci\u00f3n hace un gran regalo figura coleccionable para cualquier fan Transformers. Busque m\u00e1s juguetes Transformers Studio Series para construir una colecci\u00f3n (cada uno se vende por separado, sujeto a disponibilidad).<\/li>\n<\/ul>\n<p>TRANSFORMERS y HASBRO y todas las marcas y logotipos relacionados son marcas registradas de Hasbro, Inc. \u00a9 2024 Hasbro.<\/p>\n<p>Incluye figura, accesorio, tel\u00f3n de fondo desmontable e instrucciones.<\/p>\n<p>Escala de la figura: 4,5 pulgadas<\/p>\n<p>A partir de 8 a\u00f1os<br \/>\nAdvertencia: Peligro de asfixia - Piezas peque\u00f1as. No apto para ni\u00f1os menores de 3 a\u00f1os.<\/p>","protected":false},"excerpt":{"rendered":"<ul>\n<li>11 cm<\/li>\n<li>Conversi\u00f3n de robot a veh\u00edculo todoterreno<\/li>\n<li>Transformar en 23 pasos<\/li>\n<li>Tel\u00f3n de fondo extra\u00edble<\/li>\n<\/ul>\n<p><strong>Accesorios:<\/strong><\/p>\n<ul>\n<li>2 blasters<\/li>\n<li>Una espada<\/li>\n<\/ul>\n<p>&nbsp;<\/p>","protected":false},"featured_media":198025,"comment_status":"open","ping_status":"closed","template":"","meta":{"inline_featured_image":false},"product_brand":[],"product_cat":[68,1955,1960],"product_tag":[1759,199,224,1964,335,1936,2615,1994,2214],"giftcard-category":[],"class_list":{"0":"post-198016","1":"product","2":"type-product","3":"status-publish","4":"has-post-thumbnail","6":"product_cat-hasbro","7":"product_cat-transformers","8":"product_cat-transformers-generations","9":"product_tag-action-toys","10":"product_tag-autobot","11":"product_tag-bumblebee","12":"product_tag-deluxe-class","13":"product_tag-hasbro","14":"product_tag-models-co","15":"product_tag-ss86-29","16":"product_tag-transformers-studio-series","17":"product_tag-transformers-the-movie","18":"product_shipping_class-light","19":"inventories-france-inventory","21":"first","22":"instock","23":"taxable","24":"shipping-taxable","25":"purchasable","26":"product-type-simple","27":"add-to-wishlist-after_add_to_cart"},"yoast_head":"<!-- This site is optimized with the Yoast SEO Premium plugin v25.3.1 (Yoast SEO v27.4) - https:\/\/yoast.com\/product\/yoast-seo-premium-wordpress\/ -->\n<title>Transformers: The Movie - Studio Series 86-29 Bumblebee<\/title>\n<meta name=\"robots\" content=\"index, follow, max-snippet:-1, max-image-preview:large, max-video-preview:-1\" \/>\n<link rel=\"canonical\" href=\"https:\/\/hobby4geek.com\/es\/producto\/transformers-the-movie-studio-series-86-29-bumblebee\/\" \/>\n<meta property=\"og:locale\" content=\"es_ES\" \/>\n<meta property=\"og:type\" content=\"article\" \/>\n<meta property=\"og:title\" content=\"Transformers: The Movie - Studio Series 86-29 Bumblebee\" \/>\n<meta property=\"og:description\" content=\"11 cm  Convert from robot to off-road vehicle  Transform in 23 steps  Removable backdrop  Accessories:   2 blasters  A sword  &nbsp;\" \/>\n<meta property=\"og:url\" content=\"https:\/\/hobby4geek.com\/es\/producto\/transformers-the-movie-studio-series-86-29-bumblebee\/\" \/>\n<meta property=\"og:site_name\" content=\"Hobby4Geek\" \/>\n<meta property=\"article:publisher\" content=\"https:\/\/www.facebook.com\/hobby4geek\" \/>\n<meta property=\"article:modified_time\" content=\"2024-11-15T11:52:08+00:00\" \/>\n<meta property=\"og:image\" content=\"https:\/\/hobby4geek.com\/wp-content\/uploads\/2024\/07\/G02205L00_pkg_24_2000px_300DPI_2000x.webp\" \/>\n\t<meta property=\"og:image:width\" content=\"2000\" \/>\n\t<meta property=\"og:image:height\" content=\"2000\" \/>\n\t<meta property=\"og:image:type\" content=\"image\/webp\" \/>\n<meta name=\"twitter:card\" content=\"summary_large_image\" \/>\n<meta name=\"twitter:site\" content=\"@hobby4geek\" \/>\n<script type=\"application\/ld+json\" class=\"yoast-schema-graph\">{\"@context\":\"https:\\\/\\\/schema.org\",\"@graph\":[{\"@type\":\"WebPage\",\"@id\":\"https:\\\/\\\/hobby4geek.com\\\/product\\\/transformers-the-movie-studio-series-86-29-bumblebee\\\/\",\"url\":\"https:\\\/\\\/hobby4geek.com\\\/product\\\/transformers-the-movie-studio-series-86-29-bumblebee\\\/\",\"name\":\"Transformers: The Movie - Studio Series 86-29 Bumblebee\",\"isPartOf\":{\"@id\":\"https:\\\/\\\/hobby4geek.com\\\/#website\"},\"primaryImageOfPage\":{\"@id\":\"https:\\\/\\\/hobby4geek.com\\\/product\\\/transformers-the-movie-studio-series-86-29-bumblebee\\\/#primaryimage\"},\"image\":{\"@id\":\"https:\\\/\\\/hobby4geek.com\\\/product\\\/transformers-the-movie-studio-series-86-29-bumblebee\\\/#primaryimage\"},\"thumbnailUrl\":\"https:\\\/\\\/hobby4geek.com\\\/wp-content\\\/uploads\\\/2024\\\/07\\\/G02205L00_pkg_24_2000px_300DPI_2000x.webp\",\"datePublished\":\"2024-09-23T08:50:44+00:00\",\"dateModified\":\"2024-11-15T11:52:08+00:00\",\"breadcrumb\":{\"@id\":\"https:\\\/\\\/hobby4geek.com\\\/product\\\/transformers-the-movie-studio-series-86-29-bumblebee\\\/#breadcrumb\"},\"inLanguage\":\"es\",\"potentialAction\":[{\"@type\":\"ReadAction\",\"target\":[\"https:\\\/\\\/hobby4geek.com\\\/product\\\/transformers-the-movie-studio-series-86-29-bumblebee\\\/\"]}]},{\"@type\":\"ImageObject\",\"inLanguage\":\"es\",\"@id\":\"https:\\\/\\\/hobby4geek.com\\\/product\\\/transformers-the-movie-studio-series-86-29-bumblebee\\\/#primaryimage\",\"url\":\"https:\\\/\\\/hobby4geek.com\\\/wp-content\\\/uploads\\\/2024\\\/07\\\/G02205L00_pkg_24_2000px_300DPI_2000x.webp\",\"contentUrl\":\"https:\\\/\\\/hobby4geek.com\\\/wp-content\\\/uploads\\\/2024\\\/07\\\/G02205L00_pkg_24_2000px_300DPI_2000x.webp\",\"width\":2000,\"height\":2000},{\"@type\":\"BreadcrumbList\",\"@id\":\"https:\\\/\\\/hobby4geek.com\\\/product\\\/transformers-the-movie-studio-series-86-29-bumblebee\\\/#breadcrumb\",\"itemListElement\":[{\"@type\":\"ListItem\",\"position\":1,\"name\":\"Home\",\"item\":\"https:\\\/\\\/hobby4geek.com\\\/\"},{\"@type\":\"ListItem\",\"position\":2,\"name\":\"Shop\",\"item\":\"https:\\\/\\\/hobby4geek.com\\\/shop\\\/\"},{\"@type\":\"ListItem\",\"position\":3,\"name\":\"Transformers: The Movie &#8211; Studio Series 86-29 Bumblebee\"}]},{\"@type\":\"WebSite\",\"@id\":\"https:\\\/\\\/hobby4geek.com\\\/#website\",\"url\":\"https:\\\/\\\/hobby4geek.com\\\/\",\"name\":\"Hobby4Geek\",\"description\":\"Collect, Play &amp; Showcase, Embrace your Geekiness\",\"publisher\":{\"@id\":\"https:\\\/\\\/hobby4geek.com\\\/#organization\"},\"potentialAction\":[{\"@type\":\"SearchAction\",\"target\":{\"@type\":\"EntryPoint\",\"urlTemplate\":\"https:\\\/\\\/hobby4geek.com\\\/?s={search_term_string}\"},\"query-input\":{\"@type\":\"PropertyValueSpecification\",\"valueRequired\":true,\"valueName\":\"search_term_string\"}}],\"inLanguage\":\"es\"},{\"@type\":\"Organization\",\"@id\":\"https:\\\/\\\/hobby4geek.com\\\/#organization\",\"name\":\"Hobby4Geek\",\"url\":\"https:\\\/\\\/hobby4geek.com\\\/\",\"logo\":{\"@type\":\"ImageObject\",\"inLanguage\":\"es\",\"@id\":\"https:\\\/\\\/hobby4geek.com\\\/#\\\/schema\\\/logo\\\/image\\\/\",\"url\":\"https:\\\/\\\/hobby4geek.com\\\/wp-content\\\/uploads\\\/2023\\\/02\\\/default-kit.png\",\"contentUrl\":\"https:\\\/\\\/hobby4geek.com\\\/wp-content\\\/uploads\\\/2023\\\/02\\\/default-kit.png\",\"width\":600,\"height\":600,\"caption\":\"Hobby4Geek\"},\"image\":{\"@id\":\"https:\\\/\\\/hobby4geek.com\\\/#\\\/schema\\\/logo\\\/image\\\/\"},\"sameAs\":[\"https:\\\/\\\/www.facebook.com\\\/hobby4geek\",\"https:\\\/\\\/x.com\\\/hobby4geek\",\"https:\\\/\\\/www.instagram.com\\\/hobby4geek\\\/\"]}]}<\/script>\n<meta property=\"product:brand\" content=\"Hasbro\" \/>\n<meta property=\"product:price:amount\" content=\"27.80\" \/>\n<meta property=\"product:price:currency\" content=\"EUR\" \/>\n<meta property=\"og:availability\" content=\"instock\" \/>\n<meta property=\"product:availability\" content=\"instock\" \/>\n<meta property=\"product:retailer_item_id\" content=\"5010996232335\" \/>\n<meta property=\"product:condition\" content=\"new\" \/>\n<!-- \/ Yoast SEO Premium plugin. -->","yoast_head_json":{"title":"Transformers: La pel\u00edcula - Studio Series 86-29 Bumblebee","robots":{"index":"index","follow":"follow","max-snippet":"max-snippet:-1","max-image-preview":"max-image-preview:large","max-video-preview":"max-video-preview:-1"},"canonical":"https:\/\/hobby4geek.com\/es\/producto\/transformers-the-movie-studio-series-86-29-bumblebee\/","og_locale":"es_ES","og_type":"article","og_title":"Transformers: The Movie - Studio Series 86-29 Bumblebee","og_description":"11 cm  Convert from robot to off-road vehicle  Transform in 23 steps  Removable backdrop  Accessories:   2 blasters  A sword  &nbsp;","og_url":"https:\/\/hobby4geek.com\/es\/producto\/transformers-the-movie-studio-series-86-29-bumblebee\/","og_site_name":"Hobby4Geek","article_publisher":"https:\/\/www.facebook.com\/hobby4geek","article_modified_time":"2024-11-15T11:52:08+00:00","og_image":[{"width":2000,"height":2000,"url":"https:\/\/hobby4geek.com\/wp-content\/uploads\/2024\/07\/G02205L00_pkg_24_2000px_300DPI_2000x.webp","type":"image\/webp"}],"twitter_card":"summary_large_image","twitter_site":"@hobby4geek","schema":{"@context":"https:\/\/schema.org","@graph":[{"@type":"WebPage","@id":"https:\/\/hobby4geek.com\/product\/transformers-the-movie-studio-series-86-29-bumblebee\/","url":"https:\/\/hobby4geek.com\/product\/transformers-the-movie-studio-series-86-29-bumblebee\/","name":"Transformers: La pel\u00edcula - Studio Series 86-29 Bumblebee","isPartOf":{"@id":"https:\/\/hobby4geek.com\/#website"},"primaryImageOfPage":{"@id":"https:\/\/hobby4geek.com\/product\/transformers-the-movie-studio-series-86-29-bumblebee\/#primaryimage"},"image":{"@id":"https:\/\/hobby4geek.com\/product\/transformers-the-movie-studio-series-86-29-bumblebee\/#primaryimage"},"thumbnailUrl":"https:\/\/hobby4geek.com\/wp-content\/uploads\/2024\/07\/G02205L00_pkg_24_2000px_300DPI_2000x.webp","datePublished":"2024-09-23T08:50:44+00:00","dateModified":"2024-11-15T11:52:08+00:00","breadcrumb":{"@id":"https:\/\/hobby4geek.com\/product\/transformers-the-movie-studio-series-86-29-bumblebee\/#breadcrumb"},"inLanguage":"es","potentialAction":[{"@type":"ReadAction","target":["https:\/\/hobby4geek.com\/product\/transformers-the-movie-studio-series-86-29-bumblebee\/"]}]},{"@type":"ImageObject","inLanguage":"es","@id":"https:\/\/hobby4geek.com\/product\/transformers-the-movie-studio-series-86-29-bumblebee\/#primaryimage","url":"https:\/\/hobby4geek.com\/wp-content\/uploads\/2024\/07\/G02205L00_pkg_24_2000px_300DPI_2000x.webp","contentUrl":"https:\/\/hobby4geek.com\/wp-content\/uploads\/2024\/07\/G02205L00_pkg_24_2000px_300DPI_2000x.webp","width":2000,"height":2000},{"@type":"BreadcrumbList","@id":"https:\/\/hobby4geek.com\/product\/transformers-the-movie-studio-series-86-29-bumblebee\/#breadcrumb","itemListElement":[{"@type":"ListItem","position":1,"name":"Home","item":"https:\/\/hobby4geek.com\/"},{"@type":"ListItem","position":2,"name":"Shop","item":"https:\/\/hobby4geek.com\/shop\/"},{"@type":"ListItem","position":3,"name":"Transformers: The Movie &#8211; Studio Series 86-29 Bumblebee"}]},{"@type":"WebSite","@id":"https:\/\/hobby4geek.com\/#website","url":"https:\/\/hobby4geek.com\/","name":"Hobby4Geek","description":"Coleccionar, jugar y exhibir, abrazar su frikismo","publisher":{"@id":"https:\/\/hobby4geek.com\/#organization"},"potentialAction":[{"@type":"SearchAction","target":{"@type":"EntryPoint","urlTemplate":"https:\/\/hobby4geek.com\/?s={search_term_string}"},"query-input":{"@type":"PropertyValueSpecification","valueRequired":true,"valueName":"search_term_string"}}],"inLanguage":"es"},{"@type":"Organization","@id":"https:\/\/hobby4geek.com\/#organization","name":"Hobby4Geek","url":"https:\/\/hobby4geek.com\/","logo":{"@type":"ImageObject","inLanguage":"es","@id":"https:\/\/hobby4geek.com\/#\/schema\/logo\/image\/","url":"https:\/\/hobby4geek.com\/wp-content\/uploads\/2023\/02\/default-kit.png","contentUrl":"https:\/\/hobby4geek.com\/wp-content\/uploads\/2023\/02\/default-kit.png","width":600,"height":600,"caption":"Hobby4Geek"},"image":{"@id":"https:\/\/hobby4geek.com\/#\/schema\/logo\/image\/"},"sameAs":["https:\/\/www.facebook.com\/hobby4geek","https:\/\/x.com\/hobby4geek","https:\/\/www.instagram.com\/hobby4geek\/"]}]},"product_brand":"Hasbro","product_price_amount":"27.80","product_price_currency":"EUR","og_availability":"instock","product_availability":"instock","product_retailer_item_id":"5010996232335","product_condition":"new"},"_links":{"self":[{"href":"https:\/\/hobby4geek.com\/es\/wp-json\/wp\/v2\/product\/198016","targetHints":{"allow":["GET"]}}],"collection":[{"href":"https:\/\/hobby4geek.com\/es\/wp-json\/wp\/v2\/product"}],"about":[{"href":"https:\/\/hobby4geek.com\/es\/wp-json\/wp\/v2\/types\/product"}],"replies":[{"embeddable":true,"href":"https:\/\/hobby4geek.com\/es\/wp-json\/wp\/v2\/comments?post=198016"}],"version-history":[{"count":0,"href":"https:\/\/hobby4geek.com\/es\/wp-json\/wp\/v2\/product\/198016\/revisions"}],"wp:featuredmedia":[{"embeddable":true,"href":"https:\/\/hobby4geek.com\/es\/wp-json\/wp\/v2\/media\/198025"}],"wp:attachment":[{"href":"https:\/\/hobby4geek.com\/es\/wp-json\/wp\/v2\/media?parent=198016"}],"wp:term":[{"taxonomy":"product_brand","embeddable":true,"href":"https:\/\/hobby4geek.com\/es\/wp-json\/wp\/v2\/product_brand?post=198016"},{"taxonomy":"product_cat","embeddable":true,"href":"https:\/\/hobby4geek.com\/es\/wp-json\/wp\/v2\/product_cat?post=198016"},{"taxonomy":"product_tag","embeddable":true,"href":"https:\/\/hobby4geek.com\/es\/wp-json\/wp\/v2\/product_tag?post=198016"},{"taxonomy":"giftcard-category","embeddable":true,"href":"https:\/\/hobby4geek.com\/es\/wp-json\/wp\/v2\/giftcard-category?post=198016"}],"curies":[{"name":"wp","href":"https:\/\/api.w.org\/{rel}","templated":true}]}}