{"id":197988,"date":"2024-07-01T08:57:20","date_gmt":"2024-07-01T07:57:20","guid":{"rendered":"https:\/\/hobby4geek.com\/?post_type=product&#038;p=197988"},"modified":"2024-07-08T21:15:06","modified_gmt":"2024-07-08T20:15:06","slug":"transformers-war-for-cybertron-studio-series-08-decepticon-soldier-gamer-edition","status":"publish","type":"product","link":"https:\/\/hobby4geek.com\/es\/producto\/transformers-war-for-cybertron-studio-series-08-decepticon-soldier-gamer-edition\/","title":{"rendered":"Transformers: Guerra por Cybertron - Studio Series +08 Soldado Decepticon EDICI\u00d3N GAMER"},"content":{"rendered":"<p style=\"font-weight: 400;\">Lleva la \u00e9pica acci\u00f3n de los videojuegos Transformers a tu colecci\u00f3n con la figura de acci\u00f3n Transformers Studio Series Deluxe Class 08 Gamer Edition Decepticon Soldier, inspirada en los\u00a0<em>Transformers: Guerra por Cybertron\u00a0<\/em>\u00a1videojuego! Los juguetes Transformers Studio Series Gamer Edition son figuras de acci\u00f3n coleccionables con detalles y accesorios inspirados en los videojuegos. Convierte la figura de acci\u00f3n Studio Series Transformers del modo robot al modo coche deportivo Cybertroniano en 12 pasos y coloca el juguete Soldado Decepticon en la escena de fondo extra\u00edble Save Zeta Prime incluida. Busca m\u00e1s figuras coleccionables Transformers Studio Series Edici\u00f3n Gamer para crear una colecci\u00f3n inspirada en los videojuegos (cada una se vende por separado, sujeto a disponibilidad).<\/p>\n<p style=\"font-weight: 400;\">Incluye figura, accesorio, tel\u00f3n de fondo desmontable e instrucciones.<\/p>\n<ul style=\"font-weight: 400;\">\n<li>TRANSFORMERS STUDIO SERIES GAMER EDITION: \u00a1Transformers Studio Series se adentra en el universo de los videojuegos! Estas figuras de acci\u00f3n coleccionables Transformers est\u00e1n basadas en los videojuegos Transformers<\/li>\n<li><em>TRANSFORMERS: GUERRA POR CYBERTRON\u00a0<\/em>DECEPTICON SOLDIER: Esta figura de acci\u00f3n Transformers Studio Series 08 Gamer Edition Decepticon Soldier est\u00e1 muy articulada para facilitar su colocaci\u00f3n y cuenta con detalles y decoraci\u00f3n inspirados en los videojuegos.<\/li>\n<li>TRANSFORMERS TOYS STUDIO SERIES DELUXE CLASS: Estas figuras de acci\u00f3n coleccionables de 11,5 cm (4,5 pulgadas) est\u00e1n inspiradas en escenas ic\u00f3nicas de las pel\u00edculas y dise\u00f1adas con especificaciones y detalles que reflejan el universo cinematogr\u00e1fico Transformers<\/li>\n<li>2 MODOS IC\u00d3NICOS: Este juguete Studio Series Transformers ofrece la conversi\u00f3n cl\u00e1sica entre los modos robot y coche deportivo Cybertronian en 12 pasos.<\/li>\n<li>ACCESORIOS INCRE\u00cdBLES: La figura Transformers viene con un accesorio blaster de repetici\u00f3n que se acopla en ambos modos<\/li>\n<li>ARTICULADAS PARA JUGAR Y REPRODUCIR: las figuras de Transformers cuentan con cabezas, brazos y piernas articulados para adoptar posturas de acci\u00f3n.<\/li>\n<li>TEL\u00d3N DE FONDO EXTRA\u00cdBLE: Tel\u00f3n de fondo extra\u00edble que muestra la figura del Soldado Decepticon Transformers Studio Series en la escena Salvar a Zeta Prime.<\/li>\n<\/ul>\n<p style=\"font-weight: 400;\">A partir de 8 a\u00f1os<\/p>\n<p style=\"font-weight: 400;\">Advertencia: Peligro de asfixia - Piezas peque\u00f1as. No apto para ni\u00f1os menores de 3 a\u00f1os.<\/p>","protected":false},"excerpt":{"rendered":"<ul>\n<li>11 cm<\/li>\n<li>Convierte entre robot y coche Cybertroniano<\/li>\n<li>Transformarse en 12 pasos<\/li>\n<li>Tel\u00f3n de fondo extra\u00edble<\/li>\n<li>1 pistola<\/li>\n<\/ul>","protected":false},"featured_media":197993,"comment_status":"open","ping_status":"closed","template":"","meta":{"inline_featured_image":false},"product_brand":[],"product_cat":[1955,68,1960],"product_tag":[2610,1759,221,2611,1964,2170,335,393,2609,996,1994],"giftcard-category":[],"class_list":{"0":"post-197988","1":"product","2":"type-product","3":"status-publish","4":"has-post-thumbnail","6":"product_cat-transformers","7":"product_cat-hasbro","8":"product_cat-transformers-generations","9":"product_tag-2610","10":"product_tag-action-toys","11":"product_tag-decepticon","12":"product_tag-decepticon-soldier","13":"product_tag-deluxe-class","14":"product_tag-gamer-edition","15":"product_tag-hasbro","16":"product_tag-sideswipe","17":"product_tag-ss08","18":"product_tag-transformers-generations-war-for-cybertron","19":"product_tag-transformers-studio-series","20":"product_shipping_class-light","21":"inventories-france-inventory","23":"first","24":"instock","25":"taxable","26":"shipping-taxable","27":"purchasable","28":"product-type-simple","29":"add-to-wishlist-after_add_to_cart"},"yoast_head":"<!-- This site is optimized with the Yoast SEO Premium plugin v25.3.1 (Yoast SEO v27.2) - https:\/\/yoast.com\/product\/yoast-seo-premium-wordpress\/ -->\n<title>Transformers: War for Cybertron - Studio Series +08 Decepticon Soldier GAMER EDITION<\/title>\n<meta name=\"robots\" content=\"index, follow, max-snippet:-1, max-image-preview:large, max-video-preview:-1\" \/>\n<link rel=\"canonical\" href=\"https:\/\/hobby4geek.com\/es\/producto\/transformers-war-for-cybertron-studio-series-08-decepticon-soldier-gamer-edition\/\" \/>\n<meta property=\"og:locale\" content=\"es_ES\" \/>\n<meta property=\"og:type\" content=\"article\" \/>\n<meta property=\"og:title\" content=\"Transformers: War for Cybertron - Studio Series +08 Decepticon Soldier GAMER EDITION\" \/>\n<meta property=\"og:description\" content=\"11 cm  Convert \u00a0between robot and Cybertronian car  Transform in 12 steps  Removable backdrop  1 blaster\" \/>\n<meta property=\"og:url\" content=\"https:\/\/hobby4geek.com\/es\/producto\/transformers-war-for-cybertron-studio-series-08-decepticon-soldier-gamer-edition\/\" \/>\n<meta property=\"og:site_name\" content=\"Hobby4Geek\" \/>\n<meta property=\"article:publisher\" content=\"https:\/\/www.facebook.com\/hobby4geek\" \/>\n<meta property=\"article:modified_time\" content=\"2024-07-08T20:15:06+00:00\" \/>\n<meta property=\"og:image\" content=\"https:\/\/hobby4geek.com\/wp-content\/uploads\/2024\/07\/hr_hasf8763_d.jpg\" \/>\n\t<meta property=\"og:image:width\" content=\"2000\" \/>\n\t<meta property=\"og:image:height\" content=\"2000\" \/>\n\t<meta property=\"og:image:type\" content=\"image\/jpeg\" \/>\n<meta name=\"twitter:card\" content=\"summary_large_image\" \/>\n<meta name=\"twitter:site\" content=\"@hobby4geek\" \/>\n<script type=\"application\/ld+json\" class=\"yoast-schema-graph\">{\"@context\":\"https:\/\/schema.org\",\"@graph\":[{\"@type\":\"WebPage\",\"@id\":\"https:\/\/hobby4geek.com\/product\/transformers-war-for-cybertron-studio-series-08-decepticon-soldier-gamer-edition\/\",\"url\":\"https:\/\/hobby4geek.com\/product\/transformers-war-for-cybertron-studio-series-08-decepticon-soldier-gamer-edition\/\",\"name\":\"Transformers: War for Cybertron - Studio Series +08 Decepticon Soldier GAMER EDITION\",\"isPartOf\":{\"@id\":\"https:\/\/hobby4geek.com\/#website\"},\"primaryImageOfPage\":{\"@id\":\"https:\/\/hobby4geek.com\/product\/transformers-war-for-cybertron-studio-series-08-decepticon-soldier-gamer-edition\/#primaryimage\"},\"image\":{\"@id\":\"https:\/\/hobby4geek.com\/product\/transformers-war-for-cybertron-studio-series-08-decepticon-soldier-gamer-edition\/#primaryimage\"},\"thumbnailUrl\":\"https:\/\/hobby4geek.com\/wp-content\/uploads\/2024\/07\/hr_hasf8763_d.jpg\",\"datePublished\":\"2024-07-01T07:57:20+00:00\",\"dateModified\":\"2024-07-08T20:15:06+00:00\",\"breadcrumb\":{\"@id\":\"https:\/\/hobby4geek.com\/product\/transformers-war-for-cybertron-studio-series-08-decepticon-soldier-gamer-edition\/#breadcrumb\"},\"inLanguage\":\"es\",\"potentialAction\":[{\"@type\":\"ReadAction\",\"target\":[\"https:\/\/hobby4geek.com\/product\/transformers-war-for-cybertron-studio-series-08-decepticon-soldier-gamer-edition\/\"]}]},{\"@type\":\"ImageObject\",\"inLanguage\":\"es\",\"@id\":\"https:\/\/hobby4geek.com\/product\/transformers-war-for-cybertron-studio-series-08-decepticon-soldier-gamer-edition\/#primaryimage\",\"url\":\"https:\/\/hobby4geek.com\/wp-content\/uploads\/2024\/07\/hr_hasf8763_d.jpg\",\"contentUrl\":\"https:\/\/hobby4geek.com\/wp-content\/uploads\/2024\/07\/hr_hasf8763_d.jpg\",\"width\":2000,\"height\":2000},{\"@type\":\"BreadcrumbList\",\"@id\":\"https:\/\/hobby4geek.com\/product\/transformers-war-for-cybertron-studio-series-08-decepticon-soldier-gamer-edition\/#breadcrumb\",\"itemListElement\":[{\"@type\":\"ListItem\",\"position\":1,\"name\":\"Home\",\"item\":\"https:\/\/hobby4geek.com\/\"},{\"@type\":\"ListItem\",\"position\":2,\"name\":\"Shop\",\"item\":\"https:\/\/hobby4geek.com\/shop\/\"},{\"@type\":\"ListItem\",\"position\":3,\"name\":\"Transformers: War for Cybertron &#8211; Studio Series +08 Decepticon Soldier GAMER EDITION\"}]},{\"@type\":\"WebSite\",\"@id\":\"https:\/\/hobby4geek.com\/#website\",\"url\":\"https:\/\/hobby4geek.com\/\",\"name\":\"Hobby4Geek\",\"description\":\"Collect, Play &amp; Showcase, Embrace your Geekiness\",\"publisher\":{\"@id\":\"https:\/\/hobby4geek.com\/#organization\"},\"potentialAction\":[{\"@type\":\"SearchAction\",\"target\":{\"@type\":\"EntryPoint\",\"urlTemplate\":\"https:\/\/hobby4geek.com\/?s={search_term_string}\"},\"query-input\":{\"@type\":\"PropertyValueSpecification\",\"valueRequired\":true,\"valueName\":\"search_term_string\"}}],\"inLanguage\":\"es\"},{\"@type\":\"Organization\",\"@id\":\"https:\/\/hobby4geek.com\/#organization\",\"name\":\"Hobby4Geek\",\"url\":\"https:\/\/hobby4geek.com\/\",\"logo\":{\"@type\":\"ImageObject\",\"inLanguage\":\"es\",\"@id\":\"https:\/\/hobby4geek.com\/#\/schema\/logo\/image\/\",\"url\":\"https:\/\/hobby4geek.com\/wp-content\/uploads\/2023\/02\/default-kit.png\",\"contentUrl\":\"https:\/\/hobby4geek.com\/wp-content\/uploads\/2023\/02\/default-kit.png\",\"width\":600,\"height\":600,\"caption\":\"Hobby4Geek\"},\"image\":{\"@id\":\"https:\/\/hobby4geek.com\/#\/schema\/logo\/image\/\"},\"sameAs\":[\"https:\/\/www.facebook.com\/hobby4geek\",\"https:\/\/x.com\/hobby4geek\",\"https:\/\/www.instagram.com\/hobby4geek\/\"]}]}<\/script>\n<meta property=\"product:brand\" content=\"Transformers\" \/>\n<meta property=\"product:price:amount\" content=\"27.80\" \/>\n<meta property=\"product:price:currency\" content=\"EUR\" \/>\n<meta property=\"og:availability\" content=\"instock\" \/>\n<meta property=\"product:availability\" content=\"instock\" \/>\n<meta property=\"product:retailer_item_id\" content=\"5010996262394\" \/>\n<meta property=\"product:condition\" content=\"new\" \/>\n<!-- \/ Yoast SEO Premium plugin. -->","yoast_head_json":{"title":"Transformers: Guerra por Cybertron - Studio Series +08 Soldado Decepticon EDICI\u00d3N GAMER","robots":{"index":"index","follow":"follow","max-snippet":"max-snippet:-1","max-image-preview":"max-image-preview:large","max-video-preview":"max-video-preview:-1"},"canonical":"https:\/\/hobby4geek.com\/es\/producto\/transformers-war-for-cybertron-studio-series-08-decepticon-soldier-gamer-edition\/","og_locale":"es_ES","og_type":"article","og_title":"Transformers: War for Cybertron - Studio Series +08 Decepticon Soldier GAMER EDITION","og_description":"11 cm  Convert \u00a0between robot and Cybertronian car  Transform in 12 steps  Removable backdrop  1 blaster","og_url":"https:\/\/hobby4geek.com\/es\/producto\/transformers-war-for-cybertron-studio-series-08-decepticon-soldier-gamer-edition\/","og_site_name":"Hobby4Geek","article_publisher":"https:\/\/www.facebook.com\/hobby4geek","article_modified_time":"2024-07-08T20:15:06+00:00","og_image":[{"width":2000,"height":2000,"url":"https:\/\/hobby4geek.com\/wp-content\/uploads\/2024\/07\/hr_hasf8763_d.jpg","type":"image\/jpeg"}],"twitter_card":"summary_large_image","twitter_site":"@hobby4geek","schema":{"@context":"https:\/\/schema.org","@graph":[{"@type":"WebPage","@id":"https:\/\/hobby4geek.com\/product\/transformers-war-for-cybertron-studio-series-08-decepticon-soldier-gamer-edition\/","url":"https:\/\/hobby4geek.com\/product\/transformers-war-for-cybertron-studio-series-08-decepticon-soldier-gamer-edition\/","name":"Transformers: Guerra por Cybertron - Studio Series +08 Soldado Decepticon EDICI\u00d3N GAMER","isPartOf":{"@id":"https:\/\/hobby4geek.com\/#website"},"primaryImageOfPage":{"@id":"https:\/\/hobby4geek.com\/product\/transformers-war-for-cybertron-studio-series-08-decepticon-soldier-gamer-edition\/#primaryimage"},"image":{"@id":"https:\/\/hobby4geek.com\/product\/transformers-war-for-cybertron-studio-series-08-decepticon-soldier-gamer-edition\/#primaryimage"},"thumbnailUrl":"https:\/\/hobby4geek.com\/wp-content\/uploads\/2024\/07\/hr_hasf8763_d.jpg","datePublished":"2024-07-01T07:57:20+00:00","dateModified":"2024-07-08T20:15:06+00:00","breadcrumb":{"@id":"https:\/\/hobby4geek.com\/product\/transformers-war-for-cybertron-studio-series-08-decepticon-soldier-gamer-edition\/#breadcrumb"},"inLanguage":"es","potentialAction":[{"@type":"ReadAction","target":["https:\/\/hobby4geek.com\/product\/transformers-war-for-cybertron-studio-series-08-decepticon-soldier-gamer-edition\/"]}]},{"@type":"ImageObject","inLanguage":"es","@id":"https:\/\/hobby4geek.com\/product\/transformers-war-for-cybertron-studio-series-08-decepticon-soldier-gamer-edition\/#primaryimage","url":"https:\/\/hobby4geek.com\/wp-content\/uploads\/2024\/07\/hr_hasf8763_d.jpg","contentUrl":"https:\/\/hobby4geek.com\/wp-content\/uploads\/2024\/07\/hr_hasf8763_d.jpg","width":2000,"height":2000},{"@type":"BreadcrumbList","@id":"https:\/\/hobby4geek.com\/product\/transformers-war-for-cybertron-studio-series-08-decepticon-soldier-gamer-edition\/#breadcrumb","itemListElement":[{"@type":"ListItem","position":1,"name":"Home","item":"https:\/\/hobby4geek.com\/"},{"@type":"ListItem","position":2,"name":"Shop","item":"https:\/\/hobby4geek.com\/shop\/"},{"@type":"ListItem","position":3,"name":"Transformers: War for Cybertron &#8211; Studio Series +08 Decepticon Soldier GAMER EDITION"}]},{"@type":"WebSite","@id":"https:\/\/hobby4geek.com\/#website","url":"https:\/\/hobby4geek.com\/","name":"Hobby4Geek","description":"Coleccionar, jugar y exhibir, abrazar su frikismo","publisher":{"@id":"https:\/\/hobby4geek.com\/#organization"},"potentialAction":[{"@type":"SearchAction","target":{"@type":"EntryPoint","urlTemplate":"https:\/\/hobby4geek.com\/?s={search_term_string}"},"query-input":{"@type":"PropertyValueSpecification","valueRequired":true,"valueName":"search_term_string"}}],"inLanguage":"es"},{"@type":"Organization","@id":"https:\/\/hobby4geek.com\/#organization","name":"Hobby4Geek","url":"https:\/\/hobby4geek.com\/","logo":{"@type":"ImageObject","inLanguage":"es","@id":"https:\/\/hobby4geek.com\/#\/schema\/logo\/image\/","url":"https:\/\/hobby4geek.com\/wp-content\/uploads\/2023\/02\/default-kit.png","contentUrl":"https:\/\/hobby4geek.com\/wp-content\/uploads\/2023\/02\/default-kit.png","width":600,"height":600,"caption":"Hobby4Geek"},"image":{"@id":"https:\/\/hobby4geek.com\/#\/schema\/logo\/image\/"},"sameAs":["https:\/\/www.facebook.com\/hobby4geek","https:\/\/x.com\/hobby4geek","https:\/\/www.instagram.com\/hobby4geek\/"]}]},"product_brand":"Transformers","product_price_amount":"27.80","product_price_currency":"EUR","og_availability":"instock","product_availability":"instock","product_retailer_item_id":"5010996262394","product_condition":"new"},"_links":{"self":[{"href":"https:\/\/hobby4geek.com\/es\/wp-json\/wp\/v2\/product\/197988","targetHints":{"allow":["GET"]}}],"collection":[{"href":"https:\/\/hobby4geek.com\/es\/wp-json\/wp\/v2\/product"}],"about":[{"href":"https:\/\/hobby4geek.com\/es\/wp-json\/wp\/v2\/types\/product"}],"replies":[{"embeddable":true,"href":"https:\/\/hobby4geek.com\/es\/wp-json\/wp\/v2\/comments?post=197988"}],"version-history":[{"count":0,"href":"https:\/\/hobby4geek.com\/es\/wp-json\/wp\/v2\/product\/197988\/revisions"}],"wp:featuredmedia":[{"embeddable":true,"href":"https:\/\/hobby4geek.com\/es\/wp-json\/wp\/v2\/media\/197993"}],"wp:attachment":[{"href":"https:\/\/hobby4geek.com\/es\/wp-json\/wp\/v2\/media?parent=197988"}],"wp:term":[{"taxonomy":"product_brand","embeddable":true,"href":"https:\/\/hobby4geek.com\/es\/wp-json\/wp\/v2\/product_brand?post=197988"},{"taxonomy":"product_cat","embeddable":true,"href":"https:\/\/hobby4geek.com\/es\/wp-json\/wp\/v2\/product_cat?post=197988"},{"taxonomy":"product_tag","embeddable":true,"href":"https:\/\/hobby4geek.com\/es\/wp-json\/wp\/v2\/product_tag?post=197988"},{"taxonomy":"giftcard-category","embeddable":true,"href":"https:\/\/hobby4geek.com\/es\/wp-json\/wp\/v2\/giftcard-category?post=197988"}],"curies":[{"name":"wp","href":"https:\/\/api.w.org\/{rel}","templated":true}]}}