{"id":197885,"date":"2024-01-01T01:59:30","date_gmt":"2024-01-01T00:59:30","guid":{"rendered":"https:\/\/hobby4geek.com\/?post_type=product&#038;p=197885"},"modified":"2024-06-17T18:03:37","modified_gmt":"2024-06-17T17:03:37","slug":"star-wars-the-black-series-darth-vader-archive-collection","status":"publish","type":"product","link":"https:\/\/hobby4geek.com\/es\/producto\/star-wars-the-black-series-darth-vader-archive-collection\/","title":{"rendered":"Star Wars: The Black Series: Darth Vader \"Colecci\u00f3n de archivo\""},"content":{"rendered":"<p>Star Wars The Black Series incluye figuras de acci\u00f3n coleccionables de 15 cm, veh\u00edculos y art\u00edculos de rol del legado de m\u00e1s de 40 a\u00f1os de la Galaxia Star Wars. Con unas caracter\u00edsticas y una decoraci\u00f3n exquisitas, esta serie encarna la calidad y el realismo que tanto gustan a los devotos de Star Wars. \u00a1Que la Fuerza te acompa\u00f1e!<\/p>\n<ul>\n<li>LA COLECCI\u00d3N ARCHIVO DE LA SERIE NEGRA: Los fans tienen la oportunidad de coleccionar las figuras publicadas anteriormente de The Black Series, que vuelven en el embalaje de la caja de archivo.<\/li>\n<li>DISE\u00d1O Y ARTICULACI\u00d3N DE PRIMERA: los fans y coleccionistas de Star Wars pueden exhibir en sus colecciones esta figura de acci\u00f3n a escala de 15 cm, que cuenta con una decoraci\u00f3n fiel al mundo del espect\u00e1culo, un dise\u00f1o realista y una capa suave, adem\u00e1s de 29 puntos de articulaci\u00f3n.<\/li>\n<li>ACCESORIO INSPIRADO EN EL PERSONAJE: Esta figura de Darth Vader incluye un sable l\u00e1ser como accesorio.<\/li>\n<li>UNA CONSTELACI\u00d3N DE COLECCIONES: busca m\u00e1s figuras de acci\u00f3n de la Serie Negra de Star Wars para construir una galaxia en tu estanter\u00eda.<\/li>\n<li>JEDI CONVERTIDO EN SE\u00d1OR SITH: Seducido por el Lado Oscuro de la Fuerza, el Lord Sith Darth Vader lider\u00f3 la erradicaci\u00f3n de la Orden Jedi por parte del Imperio y trat\u00f3 de aplastar a la incipiente Alianza Rebelde.<\/li>\n<\/ul>\n<p>Incluye: Figura y accesorio.<\/p>\n<ul>\n<li>Escala de la figura: 15 cm<\/li>\n<li>Edades: A partir de 4 a\u00f1os<\/li>\n<li>\u26a0\ufe0fWARNING: PELIGRO DE CHOQUE - Piezas peque\u00f1as. No apto para ni\u00f1os menores de 3 a\u00f1os.<\/li>\n<\/ul>","protected":false},"excerpt":{"rendered":"<ul>\n<li>Star Wars: The Black Series<\/li>\n<li>Con detalles de primera calidad<\/li>\n<li>M\u00faltiples puntos de articulaci\u00f3n<\/li>\n<li>Escala de la figura: 15 cm<\/li>\n<\/ul>","protected":false},"featured_media":197887,"comment_status":"open","ping_status":"closed","template":"","meta":{"inline_featured_image":false},"product_brand":[],"product_cat":[68,2005],"product_tag":[1759,2599,2114,2008,2009,1975],"giftcard-category":[],"class_list":{"0":"post-197885","1":"product","2":"type-product","3":"status-publish","4":"has-post-thumbnail","6":"product_cat-hasbro","7":"product_cat-star-wars","8":"product_tag-action-toys","9":"product_tag-archive-collection","10":"product_tag-darth-vader","11":"product_tag-star-wars","12":"product_tag-the-black-series","13":"product_tag-toys-figures","14":"product_shipping_class-light","16":"first","17":"outofstock","18":"taxable","19":"shipping-taxable","20":"purchasable","21":"product-type-simple","22":"add-to-wishlist-after_add_to_cart"},"yoast_head":"<!-- This site is optimized with the Yoast SEO Premium plugin v25.3.1 (Yoast SEO v27.2) - https:\/\/yoast.com\/product\/yoast-seo-premium-wordpress\/ -->\n<title>Star Wars: The Black Series: Darth Vader &quot;Archive Collection&quot;<\/title>\n<meta name=\"robots\" content=\"index, follow, max-snippet:-1, max-image-preview:large, max-video-preview:-1\" \/>\n<link rel=\"canonical\" href=\"https:\/\/hobby4geek.com\/es\/producto\/star-wars-the-black-series-darth-vader-archive-collection\/\" \/>\n<meta property=\"og:locale\" content=\"es_ES\" \/>\n<meta property=\"og:type\" content=\"article\" \/>\n<meta property=\"og:title\" content=\"Star Wars: The Black Series: Darth Vader &quot;Archive Collection&quot;\" \/>\n<meta property=\"og:description\" content=\"Star Wars: The Black Series  Featuring premium detail  Multiple points of articulation  Figure scale: 6 inches\" \/>\n<meta property=\"og:url\" content=\"https:\/\/hobby4geek.com\/es\/producto\/star-wars-the-black-series-darth-vader-archive-collection\/\" \/>\n<meta property=\"og:site_name\" content=\"Hobby4Geek\" \/>\n<meta property=\"article:publisher\" content=\"https:\/\/www.facebook.com\/hobby4geek\" \/>\n<meta property=\"article:modified_time\" content=\"2024-06-17T17:03:37+00:00\" \/>\n<meta property=\"og:image\" content=\"https:\/\/hobby4geek.com\/wp-content\/uploads\/2024\/01\/star-wars-the-black-series-darth-vader-archive-collection-6.jpg\" \/>\n\t<meta property=\"og:image:width\" content=\"2046\" \/>\n\t<meta property=\"og:image:height\" content=\"2048\" \/>\n\t<meta property=\"og:image:type\" content=\"image\/jpeg\" \/>\n<meta name=\"twitter:card\" content=\"summary_large_image\" \/>\n<meta name=\"twitter:site\" content=\"@hobby4geek\" \/>\n<script type=\"application\/ld+json\" class=\"yoast-schema-graph\">{\"@context\":\"https:\/\/schema.org\",\"@graph\":[{\"@type\":\"WebPage\",\"@id\":\"https:\/\/hobby4geek.com\/it\/prodotto\/star-wars-the-black-series-darth-vader-archive-collection\/\",\"url\":\"https:\/\/hobby4geek.com\/it\/prodotto\/star-wars-the-black-series-darth-vader-archive-collection\/\",\"name\":\"Star Wars: The Black Series: Darth Vader \\\"Archive Collection\\\"\",\"isPartOf\":{\"@id\":\"https:\/\/hobby4geek.com\/#website\"},\"primaryImageOfPage\":{\"@id\":\"https:\/\/hobby4geek.com\/it\/prodotto\/star-wars-the-black-series-darth-vader-archive-collection\/#primaryimage\"},\"image\":{\"@id\":\"https:\/\/hobby4geek.com\/it\/prodotto\/star-wars-the-black-series-darth-vader-archive-collection\/#primaryimage\"},\"thumbnailUrl\":\"https:\/\/hobby4geek.com\/wp-content\/uploads\/2024\/01\/star-wars-the-black-series-darth-vader-archive-collection-6.jpg\",\"datePublished\":\"2024-01-01T00:59:30+00:00\",\"dateModified\":\"2024-06-17T17:03:37+00:00\",\"breadcrumb\":{\"@id\":\"https:\/\/hobby4geek.com\/it\/prodotto\/star-wars-the-black-series-darth-vader-archive-collection\/#breadcrumb\"},\"inLanguage\":\"es\",\"potentialAction\":[{\"@type\":\"ReadAction\",\"target\":[\"https:\/\/hobby4geek.com\/it\/prodotto\/star-wars-the-black-series-darth-vader-archive-collection\/\"]}]},{\"@type\":\"ImageObject\",\"inLanguage\":\"es\",\"@id\":\"https:\/\/hobby4geek.com\/it\/prodotto\/star-wars-the-black-series-darth-vader-archive-collection\/#primaryimage\",\"url\":\"https:\/\/hobby4geek.com\/wp-content\/uploads\/2024\/01\/star-wars-the-black-series-darth-vader-archive-collection-6.jpg\",\"contentUrl\":\"https:\/\/hobby4geek.com\/wp-content\/uploads\/2024\/01\/star-wars-the-black-series-darth-vader-archive-collection-6.jpg\",\"width\":2046,\"height\":2048,\"caption\":\"Star Wars: The Black Series: Darth Vader \\\"Archive Collection\\\"\"},{\"@type\":\"BreadcrumbList\",\"@id\":\"https:\/\/hobby4geek.com\/it\/prodotto\/star-wars-the-black-series-darth-vader-archive-collection\/#breadcrumb\",\"itemListElement\":[{\"@type\":\"ListItem\",\"position\":1,\"name\":\"Home\",\"item\":\"https:\/\/hobby4geek.com\/\"},{\"@type\":\"ListItem\",\"position\":2,\"name\":\"Shop\",\"item\":\"https:\/\/hobby4geek.com\/shop\/\"},{\"@type\":\"ListItem\",\"position\":3,\"name\":\"Star Wars: The Black Series: Darth Vader &#8220;Archive Collection&#8221;\"}]},{\"@type\":\"WebSite\",\"@id\":\"https:\/\/hobby4geek.com\/#website\",\"url\":\"https:\/\/hobby4geek.com\/\",\"name\":\"Hobby4Geek\",\"description\":\"Collect, Play &amp; Showcase, Embrace your Geekiness\",\"publisher\":{\"@id\":\"https:\/\/hobby4geek.com\/#organization\"},\"potentialAction\":[{\"@type\":\"SearchAction\",\"target\":{\"@type\":\"EntryPoint\",\"urlTemplate\":\"https:\/\/hobby4geek.com\/?s={search_term_string}\"},\"query-input\":{\"@type\":\"PropertyValueSpecification\",\"valueRequired\":true,\"valueName\":\"search_term_string\"}}],\"inLanguage\":\"es\"},{\"@type\":\"Organization\",\"@id\":\"https:\/\/hobby4geek.com\/#organization\",\"name\":\"Hobby4Geek\",\"url\":\"https:\/\/hobby4geek.com\/\",\"logo\":{\"@type\":\"ImageObject\",\"inLanguage\":\"es\",\"@id\":\"https:\/\/hobby4geek.com\/#\/schema\/logo\/image\/\",\"url\":\"https:\/\/hobby4geek.com\/wp-content\/uploads\/2023\/02\/default-kit.png\",\"contentUrl\":\"https:\/\/hobby4geek.com\/wp-content\/uploads\/2023\/02\/default-kit.png\",\"width\":600,\"height\":600,\"caption\":\"Hobby4Geek\"},\"image\":{\"@id\":\"https:\/\/hobby4geek.com\/#\/schema\/logo\/image\/\"},\"sameAs\":[\"https:\/\/www.facebook.com\/hobby4geek\",\"https:\/\/x.com\/hobby4geek\",\"https:\/\/www.instagram.com\/hobby4geek\/\"]}]}<\/script>\n<meta property=\"product:brand\" content=\"Hasbro\" \/>\n<meta property=\"product:price:amount\" content=\"29.80\" \/>\n<meta property=\"product:price:currency\" content=\"EUR\" \/>\n<meta property=\"og:availability\" content=\"out of stock\" \/>\n<meta property=\"product:availability\" content=\"out of stock\" \/>\n<meta property=\"product:retailer_item_id\" content=\"5010996213303\" \/>\n<meta property=\"product:condition\" content=\"new\" \/>\n<!-- \/ Yoast SEO Premium plugin. -->","yoast_head_json":{"title":"Star Wars: The Black Series: Darth Vader \"Colecci\u00f3n de archivo\"","robots":{"index":"index","follow":"follow","max-snippet":"max-snippet:-1","max-image-preview":"max-image-preview:large","max-video-preview":"max-video-preview:-1"},"canonical":"https:\/\/hobby4geek.com\/es\/producto\/star-wars-the-black-series-darth-vader-archive-collection\/","og_locale":"es_ES","og_type":"article","og_title":"Star Wars: The Black Series: Darth Vader \"Archive Collection\"","og_description":"Star Wars: The Black Series  Featuring premium detail  Multiple points of articulation  Figure scale: 6 inches","og_url":"https:\/\/hobby4geek.com\/es\/producto\/star-wars-the-black-series-darth-vader-archive-collection\/","og_site_name":"Hobby4Geek","article_publisher":"https:\/\/www.facebook.com\/hobby4geek","article_modified_time":"2024-06-17T17:03:37+00:00","og_image":[{"width":2046,"height":2048,"url":"https:\/\/hobby4geek.com\/wp-content\/uploads\/2024\/01\/star-wars-the-black-series-darth-vader-archive-collection-6.jpg","type":"image\/jpeg"}],"twitter_card":"summary_large_image","twitter_site":"@hobby4geek","schema":{"@context":"https:\/\/schema.org","@graph":[{"@type":"WebPage","@id":"https:\/\/hobby4geek.com\/it\/prodotto\/star-wars-the-black-series-darth-vader-archive-collection\/","url":"https:\/\/hobby4geek.com\/it\/prodotto\/star-wars-the-black-series-darth-vader-archive-collection\/","name":"Star Wars: The Black Series: Darth Vader \"Colecci\u00f3n de archivo\"","isPartOf":{"@id":"https:\/\/hobby4geek.com\/#website"},"primaryImageOfPage":{"@id":"https:\/\/hobby4geek.com\/it\/prodotto\/star-wars-the-black-series-darth-vader-archive-collection\/#primaryimage"},"image":{"@id":"https:\/\/hobby4geek.com\/it\/prodotto\/star-wars-the-black-series-darth-vader-archive-collection\/#primaryimage"},"thumbnailUrl":"https:\/\/hobby4geek.com\/wp-content\/uploads\/2024\/01\/star-wars-the-black-series-darth-vader-archive-collection-6.jpg","datePublished":"2024-01-01T00:59:30+00:00","dateModified":"2024-06-17T17:03:37+00:00","breadcrumb":{"@id":"https:\/\/hobby4geek.com\/it\/prodotto\/star-wars-the-black-series-darth-vader-archive-collection\/#breadcrumb"},"inLanguage":"es","potentialAction":[{"@type":"ReadAction","target":["https:\/\/hobby4geek.com\/it\/prodotto\/star-wars-the-black-series-darth-vader-archive-collection\/"]}]},{"@type":"ImageObject","inLanguage":"es","@id":"https:\/\/hobby4geek.com\/it\/prodotto\/star-wars-the-black-series-darth-vader-archive-collection\/#primaryimage","url":"https:\/\/hobby4geek.com\/wp-content\/uploads\/2024\/01\/star-wars-the-black-series-darth-vader-archive-collection-6.jpg","contentUrl":"https:\/\/hobby4geek.com\/wp-content\/uploads\/2024\/01\/star-wars-the-black-series-darth-vader-archive-collection-6.jpg","width":2046,"height":2048,"caption":"Star Wars: The Black Series: Darth Vader \"Archive Collection\""},{"@type":"BreadcrumbList","@id":"https:\/\/hobby4geek.com\/it\/prodotto\/star-wars-the-black-series-darth-vader-archive-collection\/#breadcrumb","itemListElement":[{"@type":"ListItem","position":1,"name":"Home","item":"https:\/\/hobby4geek.com\/"},{"@type":"ListItem","position":2,"name":"Shop","item":"https:\/\/hobby4geek.com\/shop\/"},{"@type":"ListItem","position":3,"name":"Star Wars: The Black Series: Darth Vader &#8220;Archive Collection&#8221;"}]},{"@type":"WebSite","@id":"https:\/\/hobby4geek.com\/#website","url":"https:\/\/hobby4geek.com\/","name":"Hobby4Geek","description":"Coleccionar, jugar y exhibir, abrazar su frikismo","publisher":{"@id":"https:\/\/hobby4geek.com\/#organization"},"potentialAction":[{"@type":"SearchAction","target":{"@type":"EntryPoint","urlTemplate":"https:\/\/hobby4geek.com\/?s={search_term_string}"},"query-input":{"@type":"PropertyValueSpecification","valueRequired":true,"valueName":"search_term_string"}}],"inLanguage":"es"},{"@type":"Organization","@id":"https:\/\/hobby4geek.com\/#organization","name":"Hobby4Geek","url":"https:\/\/hobby4geek.com\/","logo":{"@type":"ImageObject","inLanguage":"es","@id":"https:\/\/hobby4geek.com\/#\/schema\/logo\/image\/","url":"https:\/\/hobby4geek.com\/wp-content\/uploads\/2023\/02\/default-kit.png","contentUrl":"https:\/\/hobby4geek.com\/wp-content\/uploads\/2023\/02\/default-kit.png","width":600,"height":600,"caption":"Hobby4Geek"},"image":{"@id":"https:\/\/hobby4geek.com\/#\/schema\/logo\/image\/"},"sameAs":["https:\/\/www.facebook.com\/hobby4geek","https:\/\/x.com\/hobby4geek","https:\/\/www.instagram.com\/hobby4geek\/"]}]},"product_brand":"Hasbro","product_price_amount":"29.80","product_price_currency":"EUR","og_availability":"out of stock","product_availability":"out of stock","product_retailer_item_id":"5010996213303","product_condition":"new"},"_links":{"self":[{"href":"https:\/\/hobby4geek.com\/es\/wp-json\/wp\/v2\/product\/197885","targetHints":{"allow":["GET"]}}],"collection":[{"href":"https:\/\/hobby4geek.com\/es\/wp-json\/wp\/v2\/product"}],"about":[{"href":"https:\/\/hobby4geek.com\/es\/wp-json\/wp\/v2\/types\/product"}],"replies":[{"embeddable":true,"href":"https:\/\/hobby4geek.com\/es\/wp-json\/wp\/v2\/comments?post=197885"}],"version-history":[{"count":0,"href":"https:\/\/hobby4geek.com\/es\/wp-json\/wp\/v2\/product\/197885\/revisions"}],"wp:featuredmedia":[{"embeddable":true,"href":"https:\/\/hobby4geek.com\/es\/wp-json\/wp\/v2\/media\/197887"}],"wp:attachment":[{"href":"https:\/\/hobby4geek.com\/es\/wp-json\/wp\/v2\/media?parent=197885"}],"wp:term":[{"taxonomy":"product_brand","embeddable":true,"href":"https:\/\/hobby4geek.com\/es\/wp-json\/wp\/v2\/product_brand?post=197885"},{"taxonomy":"product_cat","embeddable":true,"href":"https:\/\/hobby4geek.com\/es\/wp-json\/wp\/v2\/product_cat?post=197885"},{"taxonomy":"product_tag","embeddable":true,"href":"https:\/\/hobby4geek.com\/es\/wp-json\/wp\/v2\/product_tag?post=197885"},{"taxonomy":"giftcard-category","embeddable":true,"href":"https:\/\/hobby4geek.com\/es\/wp-json\/wp\/v2\/giftcard-category?post=197885"}],"curies":[{"name":"wp","href":"https:\/\/api.w.org\/{rel}","templated":true}]}}