{"id":197831,"date":"2024-04-15T08:56:53","date_gmt":"2024-04-15T07:56:53","guid":{"rendered":"https:\/\/hobby4geek.com\/?post_type=product&#038;p=197831"},"modified":"2025-04-02T23:15:16","modified_gmt":"2025-04-02T22:15:16","slug":"masters-of-the-universe-origins-vehicle-evil-ship-of-skeletor-cartoon-collection","status":"publish","type":"product","link":"https:\/\/hobby4geek.com\/es\/producto\/masters-of-the-universe-origins-vehicle-evil-ship-of-skeletor-cartoon-collection\/","title":{"rendered":"Masters del Universo: Or\u00edgenes - Veh\u00edculo Malvado de Skeletor (Colecci\u00f3n de Dibujos Animados)"},"content":{"rendered":"<p>En su primera aparici\u00f3n como juguete de MOTU Origins, el veh\u00edculo The Collector est\u00e1 inspirado en los dibujos animados originales de los a\u00f1os 80 a escala de 5,5 pulgadas, pero con modernos acentos de dise\u00f1o y articulaci\u00f3n. La cabina del malvado dirigible de Skeletor se abre para revelar un asiento dorado especial para el Se\u00f1or de la Destrucci\u00f3n y 2 asientos adicionales. Las garras extensibles de la parte delantera pueden girar manualmente y 2 efectos de explosi\u00f3n enchufables proporcionan una potencia de fuego maligna. Este esperado veh\u00edculo est\u00e1 listo para transportar a 3 villanos de Or\u00edgenes a la batalla o crear una nefasta exhibici\u00f3n. (Las figuras se venden por separado.) Es un gran regalo para los fans de MOTU a partir de 6 a\u00f1os. Los colores y la decoraci\u00f3n pueden variar.<\/p>\n<ul>\n<li>Este veh\u00edculo de colecci\u00f3n de dibujos animados de MOTU te traer\u00e1 gratos recuerdos de la d\u00e9cada de 1980. F\u00e1cilmente reconocible, el oscuro transporte personal de Skeletor es el veh\u00edculo que los fans han estado pidiendo.<\/li>\n<li>La cabina tiene un escudo amarillo transparente en la ventana, y toda la cubierta de la cabina se levanta desde la parte delantera para permitir el asiento de 3 figuras Origins (se venden por separado). Uno de los asientos es un trono a\u00e9reo de Skeletor, con detalles de calavera y acabado met\u00e1lico.<\/li>\n<li>Los \"efectos de explosi\u00f3n\" se conectan a las garras extensibles de giro manual que salen por delante, listas para ensartar a los enemigos de Skeletor en esta malvada aeronave.<\/li>\n<li>Los fans querr\u00e1n coleccionar todos los juguetes de la Colecci\u00f3n de Dibujos Animados de Masters del Universo para formar un nost\u00e1lgico muestrario que evoque la maravilla infantil de los a\u00f1os ochenta.<\/li>\n<li>El Coleccionista es un gran regalo para los fans de MOTU a partir de 6 a\u00f1os.<\/li>\n<\/ul>","protected":false},"excerpt":{"rendered":"<ul>\n<li>El veh\u00edculo se inspira en los dibujos animados originales de los a\u00f1os 80<\/li>\n<li>De pl\u00e1stico<\/li>\n<\/ul>","protected":false},"featured_media":197837,"comment_status":"open","ping_status":"closed","template":"","meta":{"inline_featured_image":false},"product_brand":[],"product_cat":[2218,2224,2023],"product_tag":[1759,2341,2592,2591,2589,2219,2223,2225,2348,1975,2590],"giftcard-category":[],"class_list":{"0":"post-197831","1":"product","2":"type-product","3":"status-publish","4":"has-post-thumbnail","6":"product_cat-masters-of-the-universe","7":"product_cat-masters-of-the-universe-origins","8":"product_cat-mattel","9":"product_tag-action-toys","10":"product_tag-cartoon-collection","11":"product_tag-evil-ship","12":"product_tag-evil-ship-of-skeletor","13":"product_tag-htn00","14":"product_tag-masters-of-the-universe-origins","15":"product_tag-motu","16":"product_tag-origins","17":"product_tag-skeletor","18":"product_tag-toys-figures","19":"product_tag-vehicle","20":"product_shipping_class-light","22":"first","23":"outofstock","24":"taxable","25":"shipping-taxable","26":"purchasable","27":"product-type-simple","28":"add-to-wishlist-after_add_to_cart"},"yoast_head":"<!-- This site is optimized with the Yoast SEO Premium plugin v25.3.1 (Yoast SEO v27.4) - https:\/\/yoast.com\/product\/yoast-seo-premium-wordpress\/ -->\n<title>Masters of the Universe: Origins - Vehicle Evil Ship of Skeletor (Cartoon Collection)<\/title>\n<meta name=\"robots\" content=\"index, follow, max-snippet:-1, max-image-preview:large, max-video-preview:-1\" \/>\n<link rel=\"canonical\" href=\"https:\/\/hobby4geek.com\/es\/producto\/masters-of-the-universe-origins-vehicle-evil-ship-of-skeletor-cartoon-collection\/\" \/>\n<meta property=\"og:locale\" content=\"es_ES\" \/>\n<meta property=\"og:type\" content=\"article\" \/>\n<meta property=\"og:title\" content=\"Masters of the Universe: Origins - Vehicle Evil Ship of Skeletor (Cartoon Collection)\" \/>\n<meta property=\"og:description\" content=\"Vehicle is inspired by the original cartoons from the \u201980s  Made of plastic\" \/>\n<meta property=\"og:url\" content=\"https:\/\/hobby4geek.com\/es\/producto\/masters-of-the-universe-origins-vehicle-evil-ship-of-skeletor-cartoon-collection\/\" \/>\n<meta property=\"og:site_name\" content=\"Hobby4Geek\" \/>\n<meta property=\"article:publisher\" content=\"https:\/\/www.facebook.com\/hobby4geek\" \/>\n<meta property=\"article:modified_time\" content=\"2025-04-02T22:15:16+00:00\" \/>\n<meta property=\"og:image\" content=\"https:\/\/hobby4geek.com\/wp-content\/uploads\/2024\/06\/masters-of-the-universe-origins-vehicle-evil-ship-of-skeletor-cartoon-collection-2.png\" \/>\n\t<meta property=\"og:image:width\" content=\"720\" \/>\n\t<meta property=\"og:image:height\" content=\"720\" \/>\n\t<meta property=\"og:image:type\" content=\"image\/png\" \/>\n<meta name=\"twitter:card\" content=\"summary_large_image\" \/>\n<meta name=\"twitter:site\" content=\"@hobby4geek\" \/>\n<script type=\"application\/ld+json\" class=\"yoast-schema-graph\">{\"@context\":\"https:\\\/\\\/schema.org\",\"@graph\":[{\"@type\":\"WebPage\",\"@id\":\"https:\\\/\\\/hobby4geek.com\\\/product\\\/masters-of-the-universe-origins-vehicle-evil-ship-of-skeletor-cartoon-collection\\\/\",\"url\":\"https:\\\/\\\/hobby4geek.com\\\/product\\\/masters-of-the-universe-origins-vehicle-evil-ship-of-skeletor-cartoon-collection\\\/\",\"name\":\"Masters of the Universe: Origins - Vehicle Evil Ship of Skeletor (Cartoon Collection)\",\"isPartOf\":{\"@id\":\"https:\\\/\\\/hobby4geek.com\\\/#website\"},\"primaryImageOfPage\":{\"@id\":\"https:\\\/\\\/hobby4geek.com\\\/product\\\/masters-of-the-universe-origins-vehicle-evil-ship-of-skeletor-cartoon-collection\\\/#primaryimage\"},\"image\":{\"@id\":\"https:\\\/\\\/hobby4geek.com\\\/product\\\/masters-of-the-universe-origins-vehicle-evil-ship-of-skeletor-cartoon-collection\\\/#primaryimage\"},\"thumbnailUrl\":\"https:\\\/\\\/hobby4geek.com\\\/wp-content\\\/uploads\\\/2024\\\/06\\\/masters-of-the-universe-origins-vehicle-evil-ship-of-skeletor-cartoon-collection-2.png\",\"datePublished\":\"2024-04-15T07:56:53+00:00\",\"dateModified\":\"2025-04-02T22:15:16+00:00\",\"breadcrumb\":{\"@id\":\"https:\\\/\\\/hobby4geek.com\\\/product\\\/masters-of-the-universe-origins-vehicle-evil-ship-of-skeletor-cartoon-collection\\\/#breadcrumb\"},\"inLanguage\":\"es\",\"potentialAction\":[{\"@type\":\"ReadAction\",\"target\":[\"https:\\\/\\\/hobby4geek.com\\\/product\\\/masters-of-the-universe-origins-vehicle-evil-ship-of-skeletor-cartoon-collection\\\/\"]}]},{\"@type\":\"ImageObject\",\"inLanguage\":\"es\",\"@id\":\"https:\\\/\\\/hobby4geek.com\\\/product\\\/masters-of-the-universe-origins-vehicle-evil-ship-of-skeletor-cartoon-collection\\\/#primaryimage\",\"url\":\"https:\\\/\\\/hobby4geek.com\\\/wp-content\\\/uploads\\\/2024\\\/06\\\/masters-of-the-universe-origins-vehicle-evil-ship-of-skeletor-cartoon-collection-2.png\",\"contentUrl\":\"https:\\\/\\\/hobby4geek.com\\\/wp-content\\\/uploads\\\/2024\\\/06\\\/masters-of-the-universe-origins-vehicle-evil-ship-of-skeletor-cartoon-collection-2.png\",\"width\":720,\"height\":720,\"caption\":\"Masters of the Universe: Origins - Vehicle Evil Ship of Skeletor (Cartoon Collection)\"},{\"@type\":\"BreadcrumbList\",\"@id\":\"https:\\\/\\\/hobby4geek.com\\\/product\\\/masters-of-the-universe-origins-vehicle-evil-ship-of-skeletor-cartoon-collection\\\/#breadcrumb\",\"itemListElement\":[{\"@type\":\"ListItem\",\"position\":1,\"name\":\"Home\",\"item\":\"https:\\\/\\\/hobby4geek.com\\\/\"},{\"@type\":\"ListItem\",\"position\":2,\"name\":\"Shop\",\"item\":\"https:\\\/\\\/hobby4geek.com\\\/shop\\\/\"},{\"@type\":\"ListItem\",\"position\":3,\"name\":\"Masters of the Universe: Origins &#8211; Vehicle Evil Ship of Skeletor (Cartoon Collection)\"}]},{\"@type\":\"WebSite\",\"@id\":\"https:\\\/\\\/hobby4geek.com\\\/#website\",\"url\":\"https:\\\/\\\/hobby4geek.com\\\/\",\"name\":\"Hobby4Geek\",\"description\":\"Collect, Play &amp; Showcase, Embrace your Geekiness\",\"publisher\":{\"@id\":\"https:\\\/\\\/hobby4geek.com\\\/#organization\"},\"potentialAction\":[{\"@type\":\"SearchAction\",\"target\":{\"@type\":\"EntryPoint\",\"urlTemplate\":\"https:\\\/\\\/hobby4geek.com\\\/?s={search_term_string}\"},\"query-input\":{\"@type\":\"PropertyValueSpecification\",\"valueRequired\":true,\"valueName\":\"search_term_string\"}}],\"inLanguage\":\"es\"},{\"@type\":\"Organization\",\"@id\":\"https:\\\/\\\/hobby4geek.com\\\/#organization\",\"name\":\"Hobby4Geek\",\"url\":\"https:\\\/\\\/hobby4geek.com\\\/\",\"logo\":{\"@type\":\"ImageObject\",\"inLanguage\":\"es\",\"@id\":\"https:\\\/\\\/hobby4geek.com\\\/#\\\/schema\\\/logo\\\/image\\\/\",\"url\":\"https:\\\/\\\/hobby4geek.com\\\/wp-content\\\/uploads\\\/2023\\\/02\\\/default-kit.png\",\"contentUrl\":\"https:\\\/\\\/hobby4geek.com\\\/wp-content\\\/uploads\\\/2023\\\/02\\\/default-kit.png\",\"width\":600,\"height\":600,\"caption\":\"Hobby4Geek\"},\"image\":{\"@id\":\"https:\\\/\\\/hobby4geek.com\\\/#\\\/schema\\\/logo\\\/image\\\/\"},\"sameAs\":[\"https:\\\/\\\/www.facebook.com\\\/hobby4geek\",\"https:\\\/\\\/x.com\\\/hobby4geek\",\"https:\\\/\\\/www.instagram.com\\\/hobby4geek\\\/\"]}]}<\/script>\n<meta property=\"product:brand\" content=\"Masters of the Universe\" \/>\n<meta property=\"product:price:amount\" content=\"48.60\" \/>\n<meta property=\"product:price:currency\" content=\"EUR\" \/>\n<meta property=\"og:availability\" content=\"out of stock\" \/>\n<meta property=\"product:availability\" content=\"out of stock\" \/>\n<meta property=\"product:retailer_item_id\" content=\"0194735194292\" \/>\n<meta property=\"product:condition\" content=\"new\" \/>\n<!-- \/ Yoast SEO Premium plugin. -->","yoast_head_json":{"title":"Masters del Universo: Or\u00edgenes - Veh\u00edculo Malvado de Skeletor (Colecci\u00f3n de Dibujos Animados)","robots":{"index":"index","follow":"follow","max-snippet":"max-snippet:-1","max-image-preview":"max-image-preview:large","max-video-preview":"max-video-preview:-1"},"canonical":"https:\/\/hobby4geek.com\/es\/producto\/masters-of-the-universe-origins-vehicle-evil-ship-of-skeletor-cartoon-collection\/","og_locale":"es_ES","og_type":"article","og_title":"Masters of the Universe: Origins - Vehicle Evil Ship of Skeletor (Cartoon Collection)","og_description":"Vehicle is inspired by the original cartoons from the \u201980s  Made of plastic","og_url":"https:\/\/hobby4geek.com\/es\/producto\/masters-of-the-universe-origins-vehicle-evil-ship-of-skeletor-cartoon-collection\/","og_site_name":"Hobby4Geek","article_publisher":"https:\/\/www.facebook.com\/hobby4geek","article_modified_time":"2025-04-02T22:15:16+00:00","og_image":[{"width":720,"height":720,"url":"https:\/\/hobby4geek.com\/wp-content\/uploads\/2024\/06\/masters-of-the-universe-origins-vehicle-evil-ship-of-skeletor-cartoon-collection-2.png","type":"image\/png"}],"twitter_card":"summary_large_image","twitter_site":"@hobby4geek","schema":{"@context":"https:\/\/schema.org","@graph":[{"@type":"WebPage","@id":"https:\/\/hobby4geek.com\/product\/masters-of-the-universe-origins-vehicle-evil-ship-of-skeletor-cartoon-collection\/","url":"https:\/\/hobby4geek.com\/product\/masters-of-the-universe-origins-vehicle-evil-ship-of-skeletor-cartoon-collection\/","name":"Masters del Universo: Or\u00edgenes - Veh\u00edculo Malvado de Skeletor (Colecci\u00f3n de Dibujos Animados)","isPartOf":{"@id":"https:\/\/hobby4geek.com\/#website"},"primaryImageOfPage":{"@id":"https:\/\/hobby4geek.com\/product\/masters-of-the-universe-origins-vehicle-evil-ship-of-skeletor-cartoon-collection\/#primaryimage"},"image":{"@id":"https:\/\/hobby4geek.com\/product\/masters-of-the-universe-origins-vehicle-evil-ship-of-skeletor-cartoon-collection\/#primaryimage"},"thumbnailUrl":"https:\/\/hobby4geek.com\/wp-content\/uploads\/2024\/06\/masters-of-the-universe-origins-vehicle-evil-ship-of-skeletor-cartoon-collection-2.png","datePublished":"2024-04-15T07:56:53+00:00","dateModified":"2025-04-02T22:15:16+00:00","breadcrumb":{"@id":"https:\/\/hobby4geek.com\/product\/masters-of-the-universe-origins-vehicle-evil-ship-of-skeletor-cartoon-collection\/#breadcrumb"},"inLanguage":"es","potentialAction":[{"@type":"ReadAction","target":["https:\/\/hobby4geek.com\/product\/masters-of-the-universe-origins-vehicle-evil-ship-of-skeletor-cartoon-collection\/"]}]},{"@type":"ImageObject","inLanguage":"es","@id":"https:\/\/hobby4geek.com\/product\/masters-of-the-universe-origins-vehicle-evil-ship-of-skeletor-cartoon-collection\/#primaryimage","url":"https:\/\/hobby4geek.com\/wp-content\/uploads\/2024\/06\/masters-of-the-universe-origins-vehicle-evil-ship-of-skeletor-cartoon-collection-2.png","contentUrl":"https:\/\/hobby4geek.com\/wp-content\/uploads\/2024\/06\/masters-of-the-universe-origins-vehicle-evil-ship-of-skeletor-cartoon-collection-2.png","width":720,"height":720,"caption":"Masters of the Universe: Origins - Vehicle Evil Ship of Skeletor (Cartoon Collection)"},{"@type":"BreadcrumbList","@id":"https:\/\/hobby4geek.com\/product\/masters-of-the-universe-origins-vehicle-evil-ship-of-skeletor-cartoon-collection\/#breadcrumb","itemListElement":[{"@type":"ListItem","position":1,"name":"Home","item":"https:\/\/hobby4geek.com\/"},{"@type":"ListItem","position":2,"name":"Shop","item":"https:\/\/hobby4geek.com\/shop\/"},{"@type":"ListItem","position":3,"name":"Masters of the Universe: Origins &#8211; Vehicle Evil Ship of Skeletor (Cartoon Collection)"}]},{"@type":"WebSite","@id":"https:\/\/hobby4geek.com\/#website","url":"https:\/\/hobby4geek.com\/","name":"Hobby4Geek","description":"Coleccionar, jugar y exhibir, abrazar su frikismo","publisher":{"@id":"https:\/\/hobby4geek.com\/#organization"},"potentialAction":[{"@type":"SearchAction","target":{"@type":"EntryPoint","urlTemplate":"https:\/\/hobby4geek.com\/?s={search_term_string}"},"query-input":{"@type":"PropertyValueSpecification","valueRequired":true,"valueName":"search_term_string"}}],"inLanguage":"es"},{"@type":"Organization","@id":"https:\/\/hobby4geek.com\/#organization","name":"Hobby4Geek","url":"https:\/\/hobby4geek.com\/","logo":{"@type":"ImageObject","inLanguage":"es","@id":"https:\/\/hobby4geek.com\/#\/schema\/logo\/image\/","url":"https:\/\/hobby4geek.com\/wp-content\/uploads\/2023\/02\/default-kit.png","contentUrl":"https:\/\/hobby4geek.com\/wp-content\/uploads\/2023\/02\/default-kit.png","width":600,"height":600,"caption":"Hobby4Geek"},"image":{"@id":"https:\/\/hobby4geek.com\/#\/schema\/logo\/image\/"},"sameAs":["https:\/\/www.facebook.com\/hobby4geek","https:\/\/x.com\/hobby4geek","https:\/\/www.instagram.com\/hobby4geek\/"]}]},"product_brand":"Masters of the Universe","product_price_amount":"48.60","product_price_currency":"EUR","og_availability":"out of stock","product_availability":"out of stock","product_retailer_item_id":"0194735194292","product_condition":"new"},"_links":{"self":[{"href":"https:\/\/hobby4geek.com\/es\/wp-json\/wp\/v2\/product\/197831","targetHints":{"allow":["GET"]}}],"collection":[{"href":"https:\/\/hobby4geek.com\/es\/wp-json\/wp\/v2\/product"}],"about":[{"href":"https:\/\/hobby4geek.com\/es\/wp-json\/wp\/v2\/types\/product"}],"replies":[{"embeddable":true,"href":"https:\/\/hobby4geek.com\/es\/wp-json\/wp\/v2\/comments?post=197831"}],"version-history":[{"count":0,"href":"https:\/\/hobby4geek.com\/es\/wp-json\/wp\/v2\/product\/197831\/revisions"}],"wp:featuredmedia":[{"embeddable":true,"href":"https:\/\/hobby4geek.com\/es\/wp-json\/wp\/v2\/media\/197837"}],"wp:attachment":[{"href":"https:\/\/hobby4geek.com\/es\/wp-json\/wp\/v2\/media?parent=197831"}],"wp:term":[{"taxonomy":"product_brand","embeddable":true,"href":"https:\/\/hobby4geek.com\/es\/wp-json\/wp\/v2\/product_brand?post=197831"},{"taxonomy":"product_cat","embeddable":true,"href":"https:\/\/hobby4geek.com\/es\/wp-json\/wp\/v2\/product_cat?post=197831"},{"taxonomy":"product_tag","embeddable":true,"href":"https:\/\/hobby4geek.com\/es\/wp-json\/wp\/v2\/product_tag?post=197831"},{"taxonomy":"giftcard-category","embeddable":true,"href":"https:\/\/hobby4geek.com\/es\/wp-json\/wp\/v2\/giftcard-category?post=197831"}],"curies":[{"name":"wp","href":"https:\/\/api.w.org\/{rel}","templated":true}]}}