{"id":196745,"date":"2024-05-18T00:24:30","date_gmt":"2024-05-17T23:24:30","guid":{"rendered":"https:\/\/hobby4geek.com\/?post_type=product&#038;p=196745"},"modified":"2025-04-22T19:27:13","modified_gmt":"2025-04-22T18:27:13","slug":"newage-xm-2-duel","status":"publish","type":"product","link":"https:\/\/hobby4geek.com\/es\/producto\/newage-xm-2-duel\/","title":{"rendered":"NewAge Movie Series XM-2 Duel \"Megatron\" Dark of the Moon"},"content":{"rendered":"<p><b style=\"font-weight: 500;\">NewAge<\/b> presenta con orgullo el segundo personaje de su l\u00ednea \"Movie Series\": el esperad\u00edsimo <b style=\"font-weight: 500;\">Duelo XM-2<\/b> !<\/p>\n<p>Inspirado por <b style=\"font-weight: 500;\">Megatron<\/b> de la pel\u00edcula Transformers: Dark of the Moon, <b style=\"font-weight: 500;\">Duelo XM-2<\/b> est\u00e1 esculpido con evidente pasi\u00f3n, ofreciendo detalles incre\u00edbles y una pintura asombrosa, honrando fiel y espectacularmente a su hom\u00f3logo cinematogr\u00e1fico.<\/p>\n<p>Esta impresionante figura, de m\u00e1s de 35 cm de altura, encajar\u00e1 perfectamente en tu colecci\u00f3n Masterpiece Movie Series a escala 1:29. Viene con accesorios ic\u00f3nicos, incluida una capa modular (que puedes colocar como quieras), una cadena, un rifle y su montura de almacenamiento para acoplar a su espalda.<\/p>\n<p>La transformaci\u00f3n en un oxidado cami\u00f3n cisterna de combustible blindado, inspirado en el Mack Titan, es divertida con pasos sencillos e ingeniosos que har\u00e1n que quieras transformarlo una y otra vez. Las puertas pueden abrirse para revelar un volante y un asiento para colocar una minifigura en su interior (como \"Spike\" de MP-44) , lo que a\u00f1ade un llamativo toque de realismo.<\/p>\n<p>Adem\u00e1s de esta magn\u00edfica figura, NewAge Toys incluye un peque\u00f1o extra: el peque\u00f1o Igor con su boca articulada, as\u00ed como un kit de mejora para su XM-1 Mista (Soundwave). Este kit a\u00f1ade ventanas en los hombros, enriquece la cintura de la figura, y a\u00f1ade nuevas placas en los muslos, mejorando su aspecto y presencia en tu colecci\u00f3n.<\/p>\n<p>No pierda la oportunidad de a\u00f1adir <b style=\"font-weight: 500;\">Duelo XM-2<\/b> \u00a1a tu colecci\u00f3n y disfruta de estas incre\u00edbles mejoras!<\/p>","protected":false},"excerpt":{"rendered":"<ul>\n<li>Duelo XM-2<\/li>\n<li>M\u00e1s de 35 cm de altura<\/li>\n<li>Boca articulada<\/li>\n<li>Rifle<\/li>\n<li>Soporte para rifle<\/li>\n<li>Capa de tela<\/li>\n<li>Cadena<\/li>\n<li>A escala MPM (1:29)<\/li>\n<li>Bonus: Figura \"Igor<\/li>\n<li>Bonificaci\u00f3n: Kit de mejora para XM-1 Mista<\/li>\n<li>Los accesorios se pueden guardar con el modo cami\u00f3n<\/li>\n<li>Instrucciones<\/li>\n<\/ul>","protected":false},"featured_media":196750,"comment_status":"open","ping_status":"closed","template":"","meta":{"inline_featured_image":false},"product_brand":[],"product_cat":[115],"product_tag":[2393,200,1759,661,221,2555,202,306,299,1281,2394,1975,913,2554],"giftcard-category":[],"class_list":{"0":"post-196745","1":"product","2":"type-product","3":"status-publish","4":"has-post-thumbnail","6":"product_cat-new-age","7":"product_tag-3rd-party","8":"product_tag-action-figures","9":"product_tag-action-toys","10":"product_tag-dark-of-the-moon","11":"product_tag-decepticon","12":"product_tag-duel","13":"product_tag-masterpiece-movie-series","14":"product_tag-megatron","15":"product_tag-mpm","16":"product_tag-newage","17":"product_tag-third-party","18":"product_tag-toys-figures","19":"product_tag-transformers-dark-of-the-moon","20":"product_tag-xm-2","21":"product_shipping_class-free-shipping","22":"inventories-china-inventory","24":"first","25":"instock","26":"sale","27":"featured","28":"taxable","29":"shipping-taxable","30":"purchasable","31":"product-type-simple","32":"add-to-wishlist-after_add_to_cart"},"yoast_head":"<!-- This site is optimized with the Yoast SEO Premium plugin v25.3.1 (Yoast SEO v27.2) - https:\/\/yoast.com\/product\/yoast-seo-premium-wordpress\/ -->\n<title>NewAge - XM-2 Duel &quot;Megatron&quot; Dark of the Moon<\/title>\n<meta name=\"description\" content=\"NewAge XM-2 Duel: 35 cm Megatron figure, transforms into a rusty armored fuel tank truck. Includes accessories and articulated Igor. %\" \/>\n<meta name=\"robots\" content=\"index, follow, max-snippet:-1, max-image-preview:large, max-video-preview:-1\" \/>\n<link rel=\"canonical\" href=\"https:\/\/hobby4geek.com\/es\/producto\/newage-xm-2-duel\/\" \/>\n<meta property=\"og:locale\" content=\"es_ES\" \/>\n<meta property=\"og:type\" content=\"article\" \/>\n<meta property=\"og:title\" content=\"NewAge Movie Series XM-2 Duel &quot;Megatron&quot; Dark of the Moon\" \/>\n<meta property=\"og:description\" content=\"NewAge XM-2 Duel: 35 cm Megatron figure, transforms into a rusty armored fuel tank truck. Includes accessories and articulated Igor. %\" \/>\n<meta property=\"og:url\" content=\"https:\/\/hobby4geek.com\/es\/producto\/newage-xm-2-duel\/\" \/>\n<meta property=\"og:site_name\" content=\"Hobby4Geek\" \/>\n<meta property=\"article:publisher\" content=\"https:\/\/www.facebook.com\/hobby4geek\" \/>\n<meta property=\"article:modified_time\" content=\"2025-04-22T18:27:13+00:00\" \/>\n<meta property=\"og:image\" content=\"https:\/\/hobby4geek.com\/wp-content\/uploads\/2024\/05\/newage-movie-series-xm-2-duel-megatron-dark-of-the-moon-24.jpg\" \/>\n\t<meta property=\"og:image:width\" content=\"1440\" \/>\n\t<meta property=\"og:image:height\" content=\"1346\" \/>\n\t<meta property=\"og:image:type\" content=\"image\/jpeg\" \/>\n<meta name=\"twitter:card\" content=\"summary_large_image\" \/>\n<meta name=\"twitter:site\" content=\"@hobby4geek\" \/>\n<script type=\"application\/ld+json\" class=\"yoast-schema-graph\">{\"@context\":\"https:\/\/schema.org\",\"@graph\":[{\"@type\":\"WebPage\",\"@id\":\"https:\/\/hobby4geek.com\/product\/newage-xm-2-duel\/\",\"url\":\"https:\/\/hobby4geek.com\/product\/newage-xm-2-duel\/\",\"name\":\"NewAge - XM-2 Duel \\\"Megatron\\\" Dark of the Moon\",\"isPartOf\":{\"@id\":\"https:\/\/hobby4geek.com\/#website\"},\"primaryImageOfPage\":{\"@id\":\"https:\/\/hobby4geek.com\/product\/newage-xm-2-duel\/#primaryimage\"},\"image\":{\"@id\":\"https:\/\/hobby4geek.com\/product\/newage-xm-2-duel\/#primaryimage\"},\"thumbnailUrl\":\"https:\/\/hobby4geek.com\/wp-content\/uploads\/2024\/05\/newage-movie-series-xm-2-duel-megatron-dark-of-the-moon-24.jpg\",\"datePublished\":\"2024-05-17T23:24:30+00:00\",\"dateModified\":\"2025-04-22T18:27:13+00:00\",\"description\":\"NewAge XM-2 Duel: 35 cm Megatron figure, transforms into a rusty armored fuel tank truck. Includes accessories and articulated Igor. %\",\"breadcrumb\":{\"@id\":\"https:\/\/hobby4geek.com\/product\/newage-xm-2-duel\/#breadcrumb\"},\"inLanguage\":\"es\",\"potentialAction\":[{\"@type\":\"ReadAction\",\"target\":[\"https:\/\/hobby4geek.com\/product\/newage-xm-2-duel\/\"]}]},{\"@type\":\"ImageObject\",\"inLanguage\":\"es\",\"@id\":\"https:\/\/hobby4geek.com\/product\/newage-xm-2-duel\/#primaryimage\",\"url\":\"https:\/\/hobby4geek.com\/wp-content\/uploads\/2024\/05\/newage-movie-series-xm-2-duel-megatron-dark-of-the-moon-24.jpg\",\"contentUrl\":\"https:\/\/hobby4geek.com\/wp-content\/uploads\/2024\/05\/newage-movie-series-xm-2-duel-megatron-dark-of-the-moon-24.jpg\",\"width\":1440,\"height\":1346,\"caption\":\"NewAge Movie Series XM-2 Duel \\\"Megatron\\\" Dark of the Moon\"},{\"@type\":\"BreadcrumbList\",\"@id\":\"https:\/\/hobby4geek.com\/product\/newage-xm-2-duel\/#breadcrumb\",\"itemListElement\":[{\"@type\":\"ListItem\",\"position\":1,\"name\":\"Home\",\"item\":\"https:\/\/hobby4geek.com\/\"},{\"@type\":\"ListItem\",\"position\":2,\"name\":\"Shop\",\"item\":\"https:\/\/hobby4geek.com\/shop\/\"},{\"@type\":\"ListItem\",\"position\":3,\"name\":\"NewAge Movie Series XM-2 Duel &#8220;Megatron&#8221; Dark of the Moon\"}]},{\"@type\":\"WebSite\",\"@id\":\"https:\/\/hobby4geek.com\/#website\",\"url\":\"https:\/\/hobby4geek.com\/\",\"name\":\"Hobby4Geek\",\"description\":\"Collect, Play &amp; Showcase, Embrace your Geekiness\",\"publisher\":{\"@id\":\"https:\/\/hobby4geek.com\/#organization\"},\"potentialAction\":[{\"@type\":\"SearchAction\",\"target\":{\"@type\":\"EntryPoint\",\"urlTemplate\":\"https:\/\/hobby4geek.com\/?s={search_term_string}\"},\"query-input\":{\"@type\":\"PropertyValueSpecification\",\"valueRequired\":true,\"valueName\":\"search_term_string\"}}],\"inLanguage\":\"es\"},{\"@type\":\"Organization\",\"@id\":\"https:\/\/hobby4geek.com\/#organization\",\"name\":\"Hobby4Geek\",\"url\":\"https:\/\/hobby4geek.com\/\",\"logo\":{\"@type\":\"ImageObject\",\"inLanguage\":\"es\",\"@id\":\"https:\/\/hobby4geek.com\/#\/schema\/logo\/image\/\",\"url\":\"https:\/\/hobby4geek.com\/wp-content\/uploads\/2023\/02\/default-kit.png\",\"contentUrl\":\"https:\/\/hobby4geek.com\/wp-content\/uploads\/2023\/02\/default-kit.png\",\"width\":600,\"height\":600,\"caption\":\"Hobby4Geek\"},\"image\":{\"@id\":\"https:\/\/hobby4geek.com\/#\/schema\/logo\/image\/\"},\"sameAs\":[\"https:\/\/www.facebook.com\/hobby4geek\",\"https:\/\/x.com\/hobby4geek\",\"https:\/\/www.instagram.com\/hobby4geek\/\"]}]}<\/script>\n<meta property=\"product:brand\" content=\"NewAge\" \/>\n<meta property=\"product:price:amount\" content=\"297.60\" \/>\n<meta property=\"product:price:currency\" content=\"EUR\" \/>\n<meta property=\"og:availability\" content=\"instock\" \/>\n<meta property=\"product:availability\" content=\"instock\" \/>\n<meta property=\"product:condition\" content=\"new\" \/>\n<!-- \/ Yoast SEO Premium plugin. -->","yoast_head_json":{"title":"NewAge - XM-2 Duel \"Megatron\" Oscuridad de la Luna","description":"NewAge XM-2 Duel: Figura Megatron de 35 cm, se transforma en un oxidado cami\u00f3n cisterna blindado. Incluye accesorios e Igor articulado. %","robots":{"index":"index","follow":"follow","max-snippet":"max-snippet:-1","max-image-preview":"max-image-preview:large","max-video-preview":"max-video-preview:-1"},"canonical":"https:\/\/hobby4geek.com\/es\/producto\/newage-xm-2-duel\/","og_locale":"es_ES","og_type":"article","og_title":"NewAge Movie Series XM-2 Duel \"Megatron\" Dark of the Moon","og_description":"NewAge XM-2 Duel: 35 cm Megatron figure, transforms into a rusty armored fuel tank truck. Includes accessories and articulated Igor. %","og_url":"https:\/\/hobby4geek.com\/es\/producto\/newage-xm-2-duel\/","og_site_name":"Hobby4Geek","article_publisher":"https:\/\/www.facebook.com\/hobby4geek","article_modified_time":"2025-04-22T18:27:13+00:00","og_image":[{"width":1440,"height":1346,"url":"https:\/\/hobby4geek.com\/wp-content\/uploads\/2024\/05\/newage-movie-series-xm-2-duel-megatron-dark-of-the-moon-24.jpg","type":"image\/jpeg"}],"twitter_card":"summary_large_image","twitter_site":"@hobby4geek","schema":{"@context":"https:\/\/schema.org","@graph":[{"@type":"WebPage","@id":"https:\/\/hobby4geek.com\/product\/newage-xm-2-duel\/","url":"https:\/\/hobby4geek.com\/product\/newage-xm-2-duel\/","name":"NewAge - XM-2 Duel \"Megatron\" Oscuridad de la Luna","isPartOf":{"@id":"https:\/\/hobby4geek.com\/#website"},"primaryImageOfPage":{"@id":"https:\/\/hobby4geek.com\/product\/newage-xm-2-duel\/#primaryimage"},"image":{"@id":"https:\/\/hobby4geek.com\/product\/newage-xm-2-duel\/#primaryimage"},"thumbnailUrl":"https:\/\/hobby4geek.com\/wp-content\/uploads\/2024\/05\/newage-movie-series-xm-2-duel-megatron-dark-of-the-moon-24.jpg","datePublished":"2024-05-17T23:24:30+00:00","dateModified":"2025-04-22T18:27:13+00:00","description":"NewAge XM-2 Duel: Figura Megatron de 35 cm, se transforma en un oxidado cami\u00f3n cisterna blindado. Incluye accesorios e Igor articulado. %","breadcrumb":{"@id":"https:\/\/hobby4geek.com\/product\/newage-xm-2-duel\/#breadcrumb"},"inLanguage":"es","potentialAction":[{"@type":"ReadAction","target":["https:\/\/hobby4geek.com\/product\/newage-xm-2-duel\/"]}]},{"@type":"ImageObject","inLanguage":"es","@id":"https:\/\/hobby4geek.com\/product\/newage-xm-2-duel\/#primaryimage","url":"https:\/\/hobby4geek.com\/wp-content\/uploads\/2024\/05\/newage-movie-series-xm-2-duel-megatron-dark-of-the-moon-24.jpg","contentUrl":"https:\/\/hobby4geek.com\/wp-content\/uploads\/2024\/05\/newage-movie-series-xm-2-duel-megatron-dark-of-the-moon-24.jpg","width":1440,"height":1346,"caption":"NewAge Movie Series XM-2 Duel \"Megatron\" Dark of the Moon"},{"@type":"BreadcrumbList","@id":"https:\/\/hobby4geek.com\/product\/newage-xm-2-duel\/#breadcrumb","itemListElement":[{"@type":"ListItem","position":1,"name":"Home","item":"https:\/\/hobby4geek.com\/"},{"@type":"ListItem","position":2,"name":"Shop","item":"https:\/\/hobby4geek.com\/shop\/"},{"@type":"ListItem","position":3,"name":"NewAge Movie Series XM-2 Duel &#8220;Megatron&#8221; Dark of the Moon"}]},{"@type":"WebSite","@id":"https:\/\/hobby4geek.com\/#website","url":"https:\/\/hobby4geek.com\/","name":"Hobby4Geek","description":"Coleccionar, jugar y exhibir, abrazar su frikismo","publisher":{"@id":"https:\/\/hobby4geek.com\/#organization"},"potentialAction":[{"@type":"SearchAction","target":{"@type":"EntryPoint","urlTemplate":"https:\/\/hobby4geek.com\/?s={search_term_string}"},"query-input":{"@type":"PropertyValueSpecification","valueRequired":true,"valueName":"search_term_string"}}],"inLanguage":"es"},{"@type":"Organization","@id":"https:\/\/hobby4geek.com\/#organization","name":"Hobby4Geek","url":"https:\/\/hobby4geek.com\/","logo":{"@type":"ImageObject","inLanguage":"es","@id":"https:\/\/hobby4geek.com\/#\/schema\/logo\/image\/","url":"https:\/\/hobby4geek.com\/wp-content\/uploads\/2023\/02\/default-kit.png","contentUrl":"https:\/\/hobby4geek.com\/wp-content\/uploads\/2023\/02\/default-kit.png","width":600,"height":600,"caption":"Hobby4Geek"},"image":{"@id":"https:\/\/hobby4geek.com\/#\/schema\/logo\/image\/"},"sameAs":["https:\/\/www.facebook.com\/hobby4geek","https:\/\/x.com\/hobby4geek","https:\/\/www.instagram.com\/hobby4geek\/"]}]},"product_brand":"NewAge","product_price_amount":"297.60","product_price_currency":"EUR","og_availability":"instock","product_availability":"instock","product_condition":"new"},"_links":{"self":[{"href":"https:\/\/hobby4geek.com\/es\/wp-json\/wp\/v2\/product\/196745","targetHints":{"allow":["GET"]}}],"collection":[{"href":"https:\/\/hobby4geek.com\/es\/wp-json\/wp\/v2\/product"}],"about":[{"href":"https:\/\/hobby4geek.com\/es\/wp-json\/wp\/v2\/types\/product"}],"replies":[{"embeddable":true,"href":"https:\/\/hobby4geek.com\/es\/wp-json\/wp\/v2\/comments?post=196745"}],"version-history":[{"count":0,"href":"https:\/\/hobby4geek.com\/es\/wp-json\/wp\/v2\/product\/196745\/revisions"}],"wp:featuredmedia":[{"embeddable":true,"href":"https:\/\/hobby4geek.com\/es\/wp-json\/wp\/v2\/media\/196750"}],"wp:attachment":[{"href":"https:\/\/hobby4geek.com\/es\/wp-json\/wp\/v2\/media?parent=196745"}],"wp:term":[{"taxonomy":"product_brand","embeddable":true,"href":"https:\/\/hobby4geek.com\/es\/wp-json\/wp\/v2\/product_brand?post=196745"},{"taxonomy":"product_cat","embeddable":true,"href":"https:\/\/hobby4geek.com\/es\/wp-json\/wp\/v2\/product_cat?post=196745"},{"taxonomy":"product_tag","embeddable":true,"href":"https:\/\/hobby4geek.com\/es\/wp-json\/wp\/v2\/product_tag?post=196745"},{"taxonomy":"giftcard-category","embeddable":true,"href":"https:\/\/hobby4geek.com\/es\/wp-json\/wp\/v2\/giftcard-category?post=196745"}],"curies":[{"name":"wp","href":"https:\/\/api.w.org\/{rel}","templated":true}]}}