{"id":196260,"date":"2024-04-26T16:34:30","date_gmt":"2024-04-26T15:34:30","guid":{"rendered":"https:\/\/hobby4geek.com\/?post_type=product&#038;p=196260"},"modified":"2024-06-18T17:54:05","modified_gmt":"2024-06-18T16:54:05","slug":"transformers-legacy-united-cybertron-universe-hot-shot","status":"publish","type":"product","link":"https:\/\/hobby4geek.com\/es\/producto\/transformers-legacy-united-cybertron-universe-hot-shot\/","title":{"rendered":"Transformers: Legacy United - Universo Cybertron: Hot Shot"},"content":{"rendered":"<p>Une a tus personajes favoritos de todo el mundo de los robots Transformers en tu colecci\u00f3n con la figura de acci\u00f3n Transformers Legacy United Deluxe Class Cybertron Universe Hot Shot. Esta figura de acci\u00f3n de 5,5 pulgadas del Universo Cybertron Hot Shot se convierte entre los modos robot y coche deportivo en 17 pasos. Prep\u00e1rate para la batalla con el blaster y los accesorios Cyber-Key incluidos. La figura Cybertron Universe Hot Shot est\u00e1 inspirada en el personaje de la serie de animaci\u00f3n Transformers: Cybertron y cuenta con cabeza, brazos y piernas articulados para conseguir incre\u00edbles poses de acci\u00f3n. Celebra los \u00faltimos 40 a\u00f1os de historia de Transformers con las figuras de acci\u00f3n Transformers Legacy. Transformers Legacy abre el portal a un universo totalmente nuevo - M\u00e1s de lo que parece - que re\u00fane a todas las generaciones Transformers como nunca antes lo hab\u00edas visto. Colecciona y combina diferentes personajes para crear tu alineaci\u00f3n Legacy ideal.<\/p>\n<ul>\n<li>Este juguete de 14 cm (5,5 pulgadas) del Universo Cybertron Hot Shot est\u00e1 inspirado en la decoraci\u00f3n y los detalles de la serie de animaci\u00f3n Transformers: Cybertron.<\/li>\n<li>La figura de acci\u00f3n Transformers se convierte de robot de juguete a coche deportivo de juguete en 17 pasos<\/li>\n<li>Esta figura del Universo Cybertron Hot Shot Transformers viene con un blaster y accesorios Cyber-Key que se acoplan en ambos modos.<\/li>\n<li>Las figuras Transformers cuentan con cabezas, brazos y piernas articulados para las poses de acci\u00f3n<\/li>\n<li>\u00a1Transformers Legacy United rinde homenaje a los 40 a\u00f1os de historia animada de Transformers! Colecciona otras figuras de Legacy: United para unir tu colecci\u00f3n (cada una se vende por separado, sujeto a disponibilidad)<\/li>\n<li>Esta figura de acci\u00f3n del Universo Cybertron Hot Shot es un gran regalo coleccionable para cualquier fan de Transformers.<\/li>\n<\/ul>\n<p>TRANSFORMERS y HASBRO y todas las marcas y logotipos relacionados son marcas registradas de Hasbro, Inc. \u00a9 2024 Hasbro.<\/p>\n<p>Incluye figura, 2 accesorios e instrucciones.<\/p>","protected":false},"excerpt":{"rendered":"<ul>\n<li>14 cm<\/li>\n<li>Clase de Lujo<\/li>\n<li>Convierte un robot en un coche deportivo<\/li>\n<li>17 pasos<\/li>\n<\/ul>","protected":false},"featured_media":196263,"comment_status":"open","ping_status":"closed","template":"","meta":{"inline_featured_image":false},"product_brand":[],"product_cat":[68,69,1955,1960],"product_tag":[1759,2435,1964,335,2539,2400,1860,1975,204],"giftcard-category":[],"class_list":{"0":"post-196260","1":"product","2":"type-product","3":"status-publish","4":"has-post-thumbnail","6":"product_cat-hasbro","7":"product_cat-takara-tomy","8":"product_cat-transformers","9":"product_cat-transformers-generations","10":"product_tag-action-toys","11":"product_tag-cybertron-universe","12":"product_tag-deluxe-class","13":"product_tag-hasbro","14":"product_tag-hot-shot","15":"product_tag-legacy-united","16":"product_tag-takaratomy","17":"product_tag-toys-figures","18":"product_tag-transformers","19":"product_shipping_class-light","20":"inventories-france-inventory","22":"first","23":"instock","24":"taxable","25":"shipping-taxable","26":"purchasable","27":"product-type-simple","28":"add-to-wishlist-after_add_to_cart"},"yoast_head":"<!-- This site is optimized with the Yoast SEO Premium plugin v25.3.1 (Yoast SEO v27.4) - https:\/\/yoast.com\/product\/yoast-seo-premium-wordpress\/ -->\n<title>Transformers: Legacy United - Cybertron Universe: Hot Shot<\/title>\n<meta name=\"robots\" content=\"index, follow, max-snippet:-1, max-image-preview:large, max-video-preview:-1\" \/>\n<link rel=\"canonical\" href=\"https:\/\/hobby4geek.com\/es\/producto\/transformers-legacy-united-cybertron-universe-hot-shot\/\" \/>\n<meta property=\"og:locale\" content=\"es_ES\" \/>\n<meta property=\"og:type\" content=\"article\" \/>\n<meta property=\"og:title\" content=\"Transformers: Legacy United - Cybertron Universe: Hot Shot\" \/>\n<meta property=\"og:description\" content=\"14 cm  Deluxe Class  Converts robot to sports car  17 steps\" \/>\n<meta property=\"og:url\" content=\"https:\/\/hobby4geek.com\/es\/producto\/transformers-legacy-united-cybertron-universe-hot-shot\/\" \/>\n<meta property=\"og:site_name\" content=\"Hobby4Geek\" \/>\n<meta property=\"article:publisher\" content=\"https:\/\/www.facebook.com\/hobby4geek\" \/>\n<meta property=\"article:modified_time\" content=\"2024-06-18T16:54:05+00:00\" \/>\n<meta property=\"og:image\" content=\"https:\/\/hobby4geek.com\/wp-content\/uploads\/2024\/04\/transformers-legacy-united-cybertron-universe-hot-shot-15.webp\" \/>\n\t<meta property=\"og:image:width\" content=\"2000\" \/>\n\t<meta property=\"og:image:height\" content=\"2000\" \/>\n\t<meta property=\"og:image:type\" content=\"image\/webp\" \/>\n<meta name=\"twitter:card\" content=\"summary_large_image\" \/>\n<meta name=\"twitter:site\" content=\"@hobby4geek\" \/>\n<script type=\"application\/ld+json\" class=\"yoast-schema-graph\">{\"@context\":\"https:\\\/\\\/schema.org\",\"@graph\":[{\"@type\":\"WebPage\",\"@id\":\"https:\\\/\\\/hobby4geek.com\\\/product\\\/transformers-legacy-united-cybertron-universe-hot-shot\\\/\",\"url\":\"https:\\\/\\\/hobby4geek.com\\\/product\\\/transformers-legacy-united-cybertron-universe-hot-shot\\\/\",\"name\":\"Transformers: Legacy United - Cybertron Universe: Hot Shot\",\"isPartOf\":{\"@id\":\"https:\\\/\\\/hobby4geek.com\\\/#website\"},\"primaryImageOfPage\":{\"@id\":\"https:\\\/\\\/hobby4geek.com\\\/product\\\/transformers-legacy-united-cybertron-universe-hot-shot\\\/#primaryimage\"},\"image\":{\"@id\":\"https:\\\/\\\/hobby4geek.com\\\/product\\\/transformers-legacy-united-cybertron-universe-hot-shot\\\/#primaryimage\"},\"thumbnailUrl\":\"https:\\\/\\\/hobby4geek.com\\\/wp-content\\\/uploads\\\/2024\\\/04\\\/transformers-legacy-united-cybertron-universe-hot-shot-15.webp\",\"datePublished\":\"2024-04-26T15:34:30+00:00\",\"dateModified\":\"2024-06-18T16:54:05+00:00\",\"breadcrumb\":{\"@id\":\"https:\\\/\\\/hobby4geek.com\\\/product\\\/transformers-legacy-united-cybertron-universe-hot-shot\\\/#breadcrumb\"},\"inLanguage\":\"es\",\"potentialAction\":[{\"@type\":\"ReadAction\",\"target\":[\"https:\\\/\\\/hobby4geek.com\\\/product\\\/transformers-legacy-united-cybertron-universe-hot-shot\\\/\"]}]},{\"@type\":\"ImageObject\",\"inLanguage\":\"es\",\"@id\":\"https:\\\/\\\/hobby4geek.com\\\/product\\\/transformers-legacy-united-cybertron-universe-hot-shot\\\/#primaryimage\",\"url\":\"https:\\\/\\\/hobby4geek.com\\\/wp-content\\\/uploads\\\/2024\\\/04\\\/transformers-legacy-united-cybertron-universe-hot-shot-15.webp\",\"contentUrl\":\"https:\\\/\\\/hobby4geek.com\\\/wp-content\\\/uploads\\\/2024\\\/04\\\/transformers-legacy-united-cybertron-universe-hot-shot-15.webp\",\"width\":2000,\"height\":2000,\"caption\":\"Transformers Legacy United Cybertron Universe Hot Shot 15\"},{\"@type\":\"BreadcrumbList\",\"@id\":\"https:\\\/\\\/hobby4geek.com\\\/product\\\/transformers-legacy-united-cybertron-universe-hot-shot\\\/#breadcrumb\",\"itemListElement\":[{\"@type\":\"ListItem\",\"position\":1,\"name\":\"Home\",\"item\":\"https:\\\/\\\/hobby4geek.com\\\/\"},{\"@type\":\"ListItem\",\"position\":2,\"name\":\"Shop\",\"item\":\"https:\\\/\\\/hobby4geek.com\\\/shop\\\/\"},{\"@type\":\"ListItem\",\"position\":3,\"name\":\"Transformers: Legacy United &#8211; Cybertron Universe: Hot Shot\"}]},{\"@type\":\"WebSite\",\"@id\":\"https:\\\/\\\/hobby4geek.com\\\/#website\",\"url\":\"https:\\\/\\\/hobby4geek.com\\\/\",\"name\":\"Hobby4Geek\",\"description\":\"Collect, Play &amp; Showcase, Embrace your Geekiness\",\"publisher\":{\"@id\":\"https:\\\/\\\/hobby4geek.com\\\/#organization\"},\"potentialAction\":[{\"@type\":\"SearchAction\",\"target\":{\"@type\":\"EntryPoint\",\"urlTemplate\":\"https:\\\/\\\/hobby4geek.com\\\/?s={search_term_string}\"},\"query-input\":{\"@type\":\"PropertyValueSpecification\",\"valueRequired\":true,\"valueName\":\"search_term_string\"}}],\"inLanguage\":\"es\"},{\"@type\":\"Organization\",\"@id\":\"https:\\\/\\\/hobby4geek.com\\\/#organization\",\"name\":\"Hobby4Geek\",\"url\":\"https:\\\/\\\/hobby4geek.com\\\/\",\"logo\":{\"@type\":\"ImageObject\",\"inLanguage\":\"es\",\"@id\":\"https:\\\/\\\/hobby4geek.com\\\/#\\\/schema\\\/logo\\\/image\\\/\",\"url\":\"https:\\\/\\\/hobby4geek.com\\\/wp-content\\\/uploads\\\/2023\\\/02\\\/default-kit.png\",\"contentUrl\":\"https:\\\/\\\/hobby4geek.com\\\/wp-content\\\/uploads\\\/2023\\\/02\\\/default-kit.png\",\"width\":600,\"height\":600,\"caption\":\"Hobby4Geek\"},\"image\":{\"@id\":\"https:\\\/\\\/hobby4geek.com\\\/#\\\/schema\\\/logo\\\/image\\\/\"},\"sameAs\":[\"https:\\\/\\\/www.facebook.com\\\/hobby4geek\",\"https:\\\/\\\/x.com\\\/hobby4geek\",\"https:\\\/\\\/www.instagram.com\\\/hobby4geek\\\/\"]}]}<\/script>\n<meta property=\"product:brand\" content=\"Hasbro\" \/>\n<meta property=\"product:price:amount\" content=\"27.80\" \/>\n<meta property=\"product:price:currency\" content=\"EUR\" \/>\n<meta property=\"og:availability\" content=\"instock\" \/>\n<meta property=\"product:availability\" content=\"instock\" \/>\n<meta property=\"product:retailer_item_id\" content=\"5010996238900\" \/>\n<meta property=\"product:condition\" content=\"new\" \/>\n<!-- \/ Yoast SEO Premium plugin. -->","yoast_head_json":{"title":"Transformers: Legacy United - Universo Cybertron: Hot Shot","robots":{"index":"index","follow":"follow","max-snippet":"max-snippet:-1","max-image-preview":"max-image-preview:large","max-video-preview":"max-video-preview:-1"},"canonical":"https:\/\/hobby4geek.com\/es\/producto\/transformers-legacy-united-cybertron-universe-hot-shot\/","og_locale":"es_ES","og_type":"article","og_title":"Transformers: Legacy United - Cybertron Universe: Hot Shot","og_description":"14 cm  Deluxe Class  Converts robot to sports car  17 steps","og_url":"https:\/\/hobby4geek.com\/es\/producto\/transformers-legacy-united-cybertron-universe-hot-shot\/","og_site_name":"Hobby4Geek","article_publisher":"https:\/\/www.facebook.com\/hobby4geek","article_modified_time":"2024-06-18T16:54:05+00:00","og_image":[{"width":2000,"height":2000,"url":"https:\/\/hobby4geek.com\/wp-content\/uploads\/2024\/04\/transformers-legacy-united-cybertron-universe-hot-shot-15.webp","type":"image\/webp"}],"twitter_card":"summary_large_image","twitter_site":"@hobby4geek","schema":{"@context":"https:\/\/schema.org","@graph":[{"@type":"WebPage","@id":"https:\/\/hobby4geek.com\/product\/transformers-legacy-united-cybertron-universe-hot-shot\/","url":"https:\/\/hobby4geek.com\/product\/transformers-legacy-united-cybertron-universe-hot-shot\/","name":"Transformers: Legacy United - Universo Cybertron: Hot Shot","isPartOf":{"@id":"https:\/\/hobby4geek.com\/#website"},"primaryImageOfPage":{"@id":"https:\/\/hobby4geek.com\/product\/transformers-legacy-united-cybertron-universe-hot-shot\/#primaryimage"},"image":{"@id":"https:\/\/hobby4geek.com\/product\/transformers-legacy-united-cybertron-universe-hot-shot\/#primaryimage"},"thumbnailUrl":"https:\/\/hobby4geek.com\/wp-content\/uploads\/2024\/04\/transformers-legacy-united-cybertron-universe-hot-shot-15.webp","datePublished":"2024-04-26T15:34:30+00:00","dateModified":"2024-06-18T16:54:05+00:00","breadcrumb":{"@id":"https:\/\/hobby4geek.com\/product\/transformers-legacy-united-cybertron-universe-hot-shot\/#breadcrumb"},"inLanguage":"es","potentialAction":[{"@type":"ReadAction","target":["https:\/\/hobby4geek.com\/product\/transformers-legacy-united-cybertron-universe-hot-shot\/"]}]},{"@type":"ImageObject","inLanguage":"es","@id":"https:\/\/hobby4geek.com\/product\/transformers-legacy-united-cybertron-universe-hot-shot\/#primaryimage","url":"https:\/\/hobby4geek.com\/wp-content\/uploads\/2024\/04\/transformers-legacy-united-cybertron-universe-hot-shot-15.webp","contentUrl":"https:\/\/hobby4geek.com\/wp-content\/uploads\/2024\/04\/transformers-legacy-united-cybertron-universe-hot-shot-15.webp","width":2000,"height":2000,"caption":"Transformers Legacy United Cybertron Universe Hot Shot 15"},{"@type":"BreadcrumbList","@id":"https:\/\/hobby4geek.com\/product\/transformers-legacy-united-cybertron-universe-hot-shot\/#breadcrumb","itemListElement":[{"@type":"ListItem","position":1,"name":"Home","item":"https:\/\/hobby4geek.com\/"},{"@type":"ListItem","position":2,"name":"Shop","item":"https:\/\/hobby4geek.com\/shop\/"},{"@type":"ListItem","position":3,"name":"Transformers: Legacy United &#8211; Cybertron Universe: Hot Shot"}]},{"@type":"WebSite","@id":"https:\/\/hobby4geek.com\/#website","url":"https:\/\/hobby4geek.com\/","name":"Hobby4Geek","description":"Coleccionar, jugar y exhibir, abrazar su frikismo","publisher":{"@id":"https:\/\/hobby4geek.com\/#organization"},"potentialAction":[{"@type":"SearchAction","target":{"@type":"EntryPoint","urlTemplate":"https:\/\/hobby4geek.com\/?s={search_term_string}"},"query-input":{"@type":"PropertyValueSpecification","valueRequired":true,"valueName":"search_term_string"}}],"inLanguage":"es"},{"@type":"Organization","@id":"https:\/\/hobby4geek.com\/#organization","name":"Hobby4Geek","url":"https:\/\/hobby4geek.com\/","logo":{"@type":"ImageObject","inLanguage":"es","@id":"https:\/\/hobby4geek.com\/#\/schema\/logo\/image\/","url":"https:\/\/hobby4geek.com\/wp-content\/uploads\/2023\/02\/default-kit.png","contentUrl":"https:\/\/hobby4geek.com\/wp-content\/uploads\/2023\/02\/default-kit.png","width":600,"height":600,"caption":"Hobby4Geek"},"image":{"@id":"https:\/\/hobby4geek.com\/#\/schema\/logo\/image\/"},"sameAs":["https:\/\/www.facebook.com\/hobby4geek","https:\/\/x.com\/hobby4geek","https:\/\/www.instagram.com\/hobby4geek\/"]}]},"product_brand":"Hasbro","product_price_amount":"27.80","product_price_currency":"EUR","og_availability":"instock","product_availability":"instock","product_retailer_item_id":"5010996238900","product_condition":"new"},"_links":{"self":[{"href":"https:\/\/hobby4geek.com\/es\/wp-json\/wp\/v2\/product\/196260","targetHints":{"allow":["GET"]}}],"collection":[{"href":"https:\/\/hobby4geek.com\/es\/wp-json\/wp\/v2\/product"}],"about":[{"href":"https:\/\/hobby4geek.com\/es\/wp-json\/wp\/v2\/types\/product"}],"replies":[{"embeddable":true,"href":"https:\/\/hobby4geek.com\/es\/wp-json\/wp\/v2\/comments?post=196260"}],"version-history":[{"count":0,"href":"https:\/\/hobby4geek.com\/es\/wp-json\/wp\/v2\/product\/196260\/revisions"}],"wp:featuredmedia":[{"embeddable":true,"href":"https:\/\/hobby4geek.com\/es\/wp-json\/wp\/v2\/media\/196263"}],"wp:attachment":[{"href":"https:\/\/hobby4geek.com\/es\/wp-json\/wp\/v2\/media?parent=196260"}],"wp:term":[{"taxonomy":"product_brand","embeddable":true,"href":"https:\/\/hobby4geek.com\/es\/wp-json\/wp\/v2\/product_brand?post=196260"},{"taxonomy":"product_cat","embeddable":true,"href":"https:\/\/hobby4geek.com\/es\/wp-json\/wp\/v2\/product_cat?post=196260"},{"taxonomy":"product_tag","embeddable":true,"href":"https:\/\/hobby4geek.com\/es\/wp-json\/wp\/v2\/product_tag?post=196260"},{"taxonomy":"giftcard-category","embeddable":true,"href":"https:\/\/hobby4geek.com\/es\/wp-json\/wp\/v2\/giftcard-category?post=196260"}],"curies":[{"name":"wp","href":"https:\/\/api.w.org\/{rel}","templated":true}]}}