{"id":195033,"date":"2024-06-09T10:20:29","date_gmt":"2024-06-09T09:20:29","guid":{"rendered":"https:\/\/hobby4geek.com\/?post_type=product&#038;p=195033"},"modified":"2025-03-27T15:31:08","modified_gmt":"2025-03-27T14:31:08","slug":"transformers-war-for-cybertron-studio-series-07-sideswipe-gamer-edition","status":"publish","type":"product","link":"https:\/\/hobby4geek.com\/es\/producto\/transformers-war-for-cybertron-studio-series-07-sideswipe-gamer-edition\/","title":{"rendered":"Transformers: Guerra por Cybertron - Studio Series +07 Sideswipe EDICI\u00d3N GAMER"},"content":{"rendered":"<p>Lleva la acci\u00f3n \u00e9pica de los videojuegos Transformers a tu colecci\u00f3n con la figura de acci\u00f3n Transformers Studio Series Deluxe Class 07 Gamer Edition Sideswipe, inspirada en el\u00a0<em>Transformers: Guerra por Cybertron\u00a0<\/em>\u00a1videojuego! Los juguetes Transformers Studio Series Gamer Edition son figuras de acci\u00f3n coleccionables con detalles y accesorios inspirados en los videojuegos. Convierte la figura de acci\u00f3n Studio Series Transformers de robot a coche deportivo Cybertroniano en 24 pasos y coloca el juguete Sideswipe en la escena de fondo extra\u00edble Save Zeta Prime incluida. Busca m\u00e1s figuras coleccionables Transformers Studio Series Gamer Edition para crear una colecci\u00f3n inspirada en los videojuegos (cada una se vende por separado, sujeto a disponibilidad).<\/p>\n<p>Incluye figura, accesorio, tel\u00f3n de fondo desmontable e instrucciones.<\/p>\n<ul>\n<li>\u00a1Transformers Studio Series se adentra en el universo de los videojuegos! Estas figuras de acci\u00f3n coleccionables Transformers est\u00e1n basadas en los videojuegos Transformers<\/li>\n<li>Esta figura de acci\u00f3n Transformers Studio Series 07 Gamer Edition Sideswipe est\u00e1 muy articulada para facilitar su colocaci\u00f3n y cuenta con una decoraci\u00f3n y detalles inspirados en los videojuegos.<\/li>\n<li>Estas figuras de acci\u00f3n coleccionables de 11,5 cm (4,5 pulgadas) est\u00e1n inspiradas en escenas ic\u00f3nicas de las pel\u00edculas y dise\u00f1adas con especificaciones y detalles que reflejan el universo cinematogr\u00e1fico Transformers<\/li>\n<li>Este juguete Studio Series Transformers presenta la cl\u00e1sica conversi\u00f3n entre los modos robot y coche deportivo Cybertronian en 24 pasos.<\/li>\n<li>La figura Transformers incluye un accesorio bl\u00e1ster. Cambia el brazo de la figura y acopla el accesorio bl\u00e1ster como un ca\u00f1\u00f3n de brazo. Los accesorios se fijan en ambos modos<\/li>\n<li>Las figuras Transformers cuentan con cabezas, brazos y piernas articulados para las poses de acci\u00f3n<\/li>\n<li>Fondo extra\u00edble que muestra la figura Transformers Studio Series Sideswipe en la escena Salvar a Zeta Prime.<\/li>\n<\/ul>","protected":false},"excerpt":{"rendered":"<ul>\n<li>11 cm<\/li>\n<li>Convierte entre robot y coche Cybertroniano<\/li>\n<li>Transformar en 24 pasos<\/li>\n<li>Tel\u00f3n de fondo extra\u00edble<\/li>\n<li>1 pistola<\/li>\n<\/ul>","protected":false},"featured_media":195036,"comment_status":"open","ping_status":"closed","template":"","meta":{"inline_featured_image":false},"product_brand":[],"product_cat":[68,1955,1960],"product_tag":[1759,199,1964,2170,335,393,1593,996,1994],"giftcard-category":[],"class_list":{"0":"post-195033","1":"product","2":"type-product","3":"status-publish","4":"has-post-thumbnail","6":"product_cat-hasbro","7":"product_cat-transformers","8":"product_cat-transformers-generations","9":"product_tag-action-toys","10":"product_tag-autobot","11":"product_tag-deluxe-class","12":"product_tag-gamer-edition","13":"product_tag-hasbro","14":"product_tag-sideswipe","15":"product_tag-ss07","16":"product_tag-transformers-generations-war-for-cybertron","17":"product_tag-transformers-studio-series","18":"product_shipping_class-light","20":"first","21":"outofstock","22":"featured","23":"taxable","24":"shipping-taxable","25":"purchasable","26":"product-type-simple","27":"add-to-wishlist-after_add_to_cart"},"yoast_head":"<!-- This site is optimized with the Yoast SEO Premium plugin v25.3.1 (Yoast SEO v27.4) - https:\/\/yoast.com\/product\/yoast-seo-premium-wordpress\/ -->\n<title>Transformers: War for Cybertron - Studio Series +07 Sideswipe GAMER EDITION<\/title>\n<meta name=\"robots\" content=\"index, follow, max-snippet:-1, max-image-preview:large, max-video-preview:-1\" \/>\n<link rel=\"canonical\" href=\"https:\/\/hobby4geek.com\/es\/producto\/transformers-war-for-cybertron-studio-series-07-sideswipe-gamer-edition\/\" \/>\n<meta property=\"og:locale\" content=\"es_ES\" \/>\n<meta property=\"og:type\" content=\"article\" \/>\n<meta property=\"og:title\" content=\"Transformers: War for Cybertron - Studio Series +07 Sideswipe GAMER EDITION\" \/>\n<meta property=\"og:description\" content=\"11 cm  Convert \u00a0between robot and Cybertronian car  Transform in 24 steps  Removable backdrop  1 blaster\" \/>\n<meta property=\"og:url\" content=\"https:\/\/hobby4geek.com\/es\/producto\/transformers-war-for-cybertron-studio-series-07-sideswipe-gamer-edition\/\" \/>\n<meta property=\"og:site_name\" content=\"Hobby4Geek\" \/>\n<meta property=\"article:publisher\" content=\"https:\/\/www.facebook.com\/hobby4geek\" \/>\n<meta property=\"article:modified_time\" content=\"2025-03-27T14:31:08+00:00\" \/>\n<meta property=\"og:image\" content=\"https:\/\/hobby4geek.com\/wp-content\/uploads\/2024\/04\/transformers-war-for-cybertron-studio-series-07-sideswipe-gamer-edition-11.webp\" \/>\n\t<meta property=\"og:image:width\" content=\"2000\" \/>\n\t<meta property=\"og:image:height\" content=\"2000\" \/>\n\t<meta property=\"og:image:type\" content=\"image\/webp\" \/>\n<meta name=\"twitter:card\" content=\"summary_large_image\" \/>\n<meta name=\"twitter:site\" content=\"@hobby4geek\" \/>\n<script type=\"application\/ld+json\" class=\"yoast-schema-graph\">{\"@context\":\"https:\\\/\\\/schema.org\",\"@graph\":[{\"@type\":\"WebPage\",\"@id\":\"https:\\\/\\\/hobby4geek.com\\\/product\\\/transformers-war-for-cybertron-studio-series-07-sideswipe-gamer-edition\\\/\",\"url\":\"https:\\\/\\\/hobby4geek.com\\\/product\\\/transformers-war-for-cybertron-studio-series-07-sideswipe-gamer-edition\\\/\",\"name\":\"Transformers: War for Cybertron - Studio Series +07 Sideswipe GAMER EDITION\",\"isPartOf\":{\"@id\":\"https:\\\/\\\/hobby4geek.com\\\/#website\"},\"primaryImageOfPage\":{\"@id\":\"https:\\\/\\\/hobby4geek.com\\\/product\\\/transformers-war-for-cybertron-studio-series-07-sideswipe-gamer-edition\\\/#primaryimage\"},\"image\":{\"@id\":\"https:\\\/\\\/hobby4geek.com\\\/product\\\/transformers-war-for-cybertron-studio-series-07-sideswipe-gamer-edition\\\/#primaryimage\"},\"thumbnailUrl\":\"https:\\\/\\\/hobby4geek.com\\\/wp-content\\\/uploads\\\/2024\\\/04\\\/transformers-war-for-cybertron-studio-series-07-sideswipe-gamer-edition-11.webp\",\"datePublished\":\"2024-06-09T09:20:29+00:00\",\"dateModified\":\"2025-03-27T14:31:08+00:00\",\"breadcrumb\":{\"@id\":\"https:\\\/\\\/hobby4geek.com\\\/product\\\/transformers-war-for-cybertron-studio-series-07-sideswipe-gamer-edition\\\/#breadcrumb\"},\"inLanguage\":\"es\",\"potentialAction\":[{\"@type\":\"ReadAction\",\"target\":[\"https:\\\/\\\/hobby4geek.com\\\/product\\\/transformers-war-for-cybertron-studio-series-07-sideswipe-gamer-edition\\\/\"]}]},{\"@type\":\"ImageObject\",\"inLanguage\":\"es\",\"@id\":\"https:\\\/\\\/hobby4geek.com\\\/product\\\/transformers-war-for-cybertron-studio-series-07-sideswipe-gamer-edition\\\/#primaryimage\",\"url\":\"https:\\\/\\\/hobby4geek.com\\\/wp-content\\\/uploads\\\/2024\\\/04\\\/transformers-war-for-cybertron-studio-series-07-sideswipe-gamer-edition-11.webp\",\"contentUrl\":\"https:\\\/\\\/hobby4geek.com\\\/wp-content\\\/uploads\\\/2024\\\/04\\\/transformers-war-for-cybertron-studio-series-07-sideswipe-gamer-edition-11.webp\",\"width\":2000,\"height\":2000,\"caption\":\"Transformers War For Cybertron Studio Series 07 Sideswipe Gamer Edition 11\"},{\"@type\":\"BreadcrumbList\",\"@id\":\"https:\\\/\\\/hobby4geek.com\\\/product\\\/transformers-war-for-cybertron-studio-series-07-sideswipe-gamer-edition\\\/#breadcrumb\",\"itemListElement\":[{\"@type\":\"ListItem\",\"position\":1,\"name\":\"Home\",\"item\":\"https:\\\/\\\/hobby4geek.com\\\/\"},{\"@type\":\"ListItem\",\"position\":2,\"name\":\"Shop\",\"item\":\"https:\\\/\\\/hobby4geek.com\\\/shop\\\/\"},{\"@type\":\"ListItem\",\"position\":3,\"name\":\"Transformers: War for Cybertron &#8211; Studio Series +07 Sideswipe GAMER EDITION\"}]},{\"@type\":\"WebSite\",\"@id\":\"https:\\\/\\\/hobby4geek.com\\\/#website\",\"url\":\"https:\\\/\\\/hobby4geek.com\\\/\",\"name\":\"Hobby4Geek\",\"description\":\"Collect, Play &amp; Showcase, Embrace your Geekiness\",\"publisher\":{\"@id\":\"https:\\\/\\\/hobby4geek.com\\\/#organization\"},\"potentialAction\":[{\"@type\":\"SearchAction\",\"target\":{\"@type\":\"EntryPoint\",\"urlTemplate\":\"https:\\\/\\\/hobby4geek.com\\\/?s={search_term_string}\"},\"query-input\":{\"@type\":\"PropertyValueSpecification\",\"valueRequired\":true,\"valueName\":\"search_term_string\"}}],\"inLanguage\":\"es\"},{\"@type\":\"Organization\",\"@id\":\"https:\\\/\\\/hobby4geek.com\\\/#organization\",\"name\":\"Hobby4Geek\",\"url\":\"https:\\\/\\\/hobby4geek.com\\\/\",\"logo\":{\"@type\":\"ImageObject\",\"inLanguage\":\"es\",\"@id\":\"https:\\\/\\\/hobby4geek.com\\\/#\\\/schema\\\/logo\\\/image\\\/\",\"url\":\"https:\\\/\\\/hobby4geek.com\\\/wp-content\\\/uploads\\\/2023\\\/02\\\/default-kit.png\",\"contentUrl\":\"https:\\\/\\\/hobby4geek.com\\\/wp-content\\\/uploads\\\/2023\\\/02\\\/default-kit.png\",\"width\":600,\"height\":600,\"caption\":\"Hobby4Geek\"},\"image\":{\"@id\":\"https:\\\/\\\/hobby4geek.com\\\/#\\\/schema\\\/logo\\\/image\\\/\"},\"sameAs\":[\"https:\\\/\\\/www.facebook.com\\\/hobby4geek\",\"https:\\\/\\\/x.com\\\/hobby4geek\",\"https:\\\/\\\/www.instagram.com\\\/hobby4geek\\\/\"]}]}<\/script>\n<meta property=\"product:brand\" content=\"Hasbro\" \/>\n<meta property=\"product:price:amount\" content=\"27.80\" \/>\n<meta property=\"product:price:currency\" content=\"EUR\" \/>\n<meta property=\"og:availability\" content=\"out of stock\" \/>\n<meta property=\"product:availability\" content=\"out of stock\" \/>\n<meta property=\"product:retailer_item_id\" content=\"5010996241337\" \/>\n<meta property=\"product:condition\" content=\"new\" \/>\n<!-- \/ Yoast SEO Premium plugin. -->","yoast_head_json":{"title":"Transformers: Guerra por Cybertron - Studio Series +07 Sideswipe EDICI\u00d3N GAMER","robots":{"index":"index","follow":"follow","max-snippet":"max-snippet:-1","max-image-preview":"max-image-preview:large","max-video-preview":"max-video-preview:-1"},"canonical":"https:\/\/hobby4geek.com\/es\/producto\/transformers-war-for-cybertron-studio-series-07-sideswipe-gamer-edition\/","og_locale":"es_ES","og_type":"article","og_title":"Transformers: War for Cybertron - Studio Series +07 Sideswipe GAMER EDITION","og_description":"11 cm  Convert \u00a0between robot and Cybertronian car  Transform in 24 steps  Removable backdrop  1 blaster","og_url":"https:\/\/hobby4geek.com\/es\/producto\/transformers-war-for-cybertron-studio-series-07-sideswipe-gamer-edition\/","og_site_name":"Hobby4Geek","article_publisher":"https:\/\/www.facebook.com\/hobby4geek","article_modified_time":"2025-03-27T14:31:08+00:00","og_image":[{"width":2000,"height":2000,"url":"https:\/\/hobby4geek.com\/wp-content\/uploads\/2024\/04\/transformers-war-for-cybertron-studio-series-07-sideswipe-gamer-edition-11.webp","type":"image\/webp"}],"twitter_card":"summary_large_image","twitter_site":"@hobby4geek","schema":{"@context":"https:\/\/schema.org","@graph":[{"@type":"WebPage","@id":"https:\/\/hobby4geek.com\/product\/transformers-war-for-cybertron-studio-series-07-sideswipe-gamer-edition\/","url":"https:\/\/hobby4geek.com\/product\/transformers-war-for-cybertron-studio-series-07-sideswipe-gamer-edition\/","name":"Transformers: Guerra por Cybertron - Studio Series +07 Sideswipe EDICI\u00d3N GAMER","isPartOf":{"@id":"https:\/\/hobby4geek.com\/#website"},"primaryImageOfPage":{"@id":"https:\/\/hobby4geek.com\/product\/transformers-war-for-cybertron-studio-series-07-sideswipe-gamer-edition\/#primaryimage"},"image":{"@id":"https:\/\/hobby4geek.com\/product\/transformers-war-for-cybertron-studio-series-07-sideswipe-gamer-edition\/#primaryimage"},"thumbnailUrl":"https:\/\/hobby4geek.com\/wp-content\/uploads\/2024\/04\/transformers-war-for-cybertron-studio-series-07-sideswipe-gamer-edition-11.webp","datePublished":"2024-06-09T09:20:29+00:00","dateModified":"2025-03-27T14:31:08+00:00","breadcrumb":{"@id":"https:\/\/hobby4geek.com\/product\/transformers-war-for-cybertron-studio-series-07-sideswipe-gamer-edition\/#breadcrumb"},"inLanguage":"es","potentialAction":[{"@type":"ReadAction","target":["https:\/\/hobby4geek.com\/product\/transformers-war-for-cybertron-studio-series-07-sideswipe-gamer-edition\/"]}]},{"@type":"ImageObject","inLanguage":"es","@id":"https:\/\/hobby4geek.com\/product\/transformers-war-for-cybertron-studio-series-07-sideswipe-gamer-edition\/#primaryimage","url":"https:\/\/hobby4geek.com\/wp-content\/uploads\/2024\/04\/transformers-war-for-cybertron-studio-series-07-sideswipe-gamer-edition-11.webp","contentUrl":"https:\/\/hobby4geek.com\/wp-content\/uploads\/2024\/04\/transformers-war-for-cybertron-studio-series-07-sideswipe-gamer-edition-11.webp","width":2000,"height":2000,"caption":"Transformers War For Cybertron Studio Series 07 Sideswipe Gamer Edition 11"},{"@type":"BreadcrumbList","@id":"https:\/\/hobby4geek.com\/product\/transformers-war-for-cybertron-studio-series-07-sideswipe-gamer-edition\/#breadcrumb","itemListElement":[{"@type":"ListItem","position":1,"name":"Home","item":"https:\/\/hobby4geek.com\/"},{"@type":"ListItem","position":2,"name":"Shop","item":"https:\/\/hobby4geek.com\/shop\/"},{"@type":"ListItem","position":3,"name":"Transformers: War for Cybertron &#8211; Studio Series +07 Sideswipe GAMER EDITION"}]},{"@type":"WebSite","@id":"https:\/\/hobby4geek.com\/#website","url":"https:\/\/hobby4geek.com\/","name":"Hobby4Geek","description":"Coleccionar, jugar y exhibir, abrazar su frikismo","publisher":{"@id":"https:\/\/hobby4geek.com\/#organization"},"potentialAction":[{"@type":"SearchAction","target":{"@type":"EntryPoint","urlTemplate":"https:\/\/hobby4geek.com\/?s={search_term_string}"},"query-input":{"@type":"PropertyValueSpecification","valueRequired":true,"valueName":"search_term_string"}}],"inLanguage":"es"},{"@type":"Organization","@id":"https:\/\/hobby4geek.com\/#organization","name":"Hobby4Geek","url":"https:\/\/hobby4geek.com\/","logo":{"@type":"ImageObject","inLanguage":"es","@id":"https:\/\/hobby4geek.com\/#\/schema\/logo\/image\/","url":"https:\/\/hobby4geek.com\/wp-content\/uploads\/2023\/02\/default-kit.png","contentUrl":"https:\/\/hobby4geek.com\/wp-content\/uploads\/2023\/02\/default-kit.png","width":600,"height":600,"caption":"Hobby4Geek"},"image":{"@id":"https:\/\/hobby4geek.com\/#\/schema\/logo\/image\/"},"sameAs":["https:\/\/www.facebook.com\/hobby4geek","https:\/\/x.com\/hobby4geek","https:\/\/www.instagram.com\/hobby4geek\/"]}]},"product_brand":"Hasbro","product_price_amount":"27.80","product_price_currency":"EUR","og_availability":"out of stock","product_availability":"out of stock","product_retailer_item_id":"5010996241337","product_condition":"new"},"_links":{"self":[{"href":"https:\/\/hobby4geek.com\/es\/wp-json\/wp\/v2\/product\/195033","targetHints":{"allow":["GET"]}}],"collection":[{"href":"https:\/\/hobby4geek.com\/es\/wp-json\/wp\/v2\/product"}],"about":[{"href":"https:\/\/hobby4geek.com\/es\/wp-json\/wp\/v2\/types\/product"}],"replies":[{"embeddable":true,"href":"https:\/\/hobby4geek.com\/es\/wp-json\/wp\/v2\/comments?post=195033"}],"version-history":[{"count":0,"href":"https:\/\/hobby4geek.com\/es\/wp-json\/wp\/v2\/product\/195033\/revisions"}],"wp:featuredmedia":[{"embeddable":true,"href":"https:\/\/hobby4geek.com\/es\/wp-json\/wp\/v2\/media\/195036"}],"wp:attachment":[{"href":"https:\/\/hobby4geek.com\/es\/wp-json\/wp\/v2\/media?parent=195033"}],"wp:term":[{"taxonomy":"product_brand","embeddable":true,"href":"https:\/\/hobby4geek.com\/es\/wp-json\/wp\/v2\/product_brand?post=195033"},{"taxonomy":"product_cat","embeddable":true,"href":"https:\/\/hobby4geek.com\/es\/wp-json\/wp\/v2\/product_cat?post=195033"},{"taxonomy":"product_tag","embeddable":true,"href":"https:\/\/hobby4geek.com\/es\/wp-json\/wp\/v2\/product_tag?post=195033"},{"taxonomy":"giftcard-category","embeddable":true,"href":"https:\/\/hobby4geek.com\/es\/wp-json\/wp\/v2\/giftcard-category?post=195033"}],"curies":[{"name":"wp","href":"https:\/\/api.w.org\/{rel}","templated":true}]}}