{"id":194985,"date":"2024-04-11T09:18:04","date_gmt":"2024-04-11T08:18:04","guid":{"rendered":"https:\/\/hobby4geek.com\/?post_type=product&#038;p=194985"},"modified":"2025-07-25T00:14:09","modified_gmt":"2025-07-24T23:14:09","slug":"dna-design-dk-53-gear-master-accessory-series","status":"publish","type":"product","link":"https:\/\/hobby4geek.com\/es\/producto\/dna-design-dk-53-gear-master-accessory-series\/","title":{"rendered":"DNA Design - Serie de accesorios DK-53 GEAR MASTER para SS-100, SS-105, SS-108"},"content":{"rendered":"<div class=\"x11i5rnm xat24cr x1mh8g0r x1vvkbs xtlvy1s x126k92a\">\n<div dir=\"auto\">\n<div class=\"x11i5rnm xat24cr x1mh8g0r x1vvkbs xtlvy1s x126k92a\">\n<div dir=\"auto\">\n<p>DK-53, est\u00e1 meticulosamente elaborado para llevar a los personajes de la pel\u00edcula directamente a tu colecci\u00f3n. BUMBLEBEE viene equipado con una m\u00e1scara de batalla y un ca\u00f1\u00f3n en la mano izquierda, que irradia una fuerza inmensa.<\/p>\n<p>MIRAGE introduce un dise\u00f1o totalmente nuevo para sus almohadillas de los pies, ajustando las proporciones, recreando fielmente el ca\u00f1\u00f3n de una sola mano de la pel\u00edcula y presentando capacidades de transformaci\u00f3n completas, junto con dos rellenos interiores adicionales en los muslos.<\/p>\n<p>WHEELJACK muestra el ca\u00f1\u00f3n de doble mano visto en la pel\u00edcula, encarnando su destreza en combate.<\/p>\n<p><em>Noticias emocionantes! del 5 de abril<\/em>: DK-53 ahora incluir\u00e1 Transformers Studio Series Core Class Arcee - \u00a1Dual Guns!<\/p>\n<p><em>Noticias emocionantes! del 9 de abril<\/em>: DK-53 incluir\u00e1 ahora SS-100 BUMBLBEE - \u00a1Cuchillas dobles! (En respuesta a las peticiones de los fans de cuchillas oficiales sin pintura met\u00e1lica, hemos decidido proporcionar cuchillas dobles con pintura met\u00e1lica). (Tanto las cuchillas como las armas pueden retraerse completamente).<\/p>\n<p><em>Noticias emocionantes! del 11 de abril<\/em>: \u00a1Nuevo esculpido para SS-108 WHEELJACK en DK-53! Para solucionar el descontento de algunos fans con la escultura oficial de la cabeza, hemos decidido ofrecer un dise\u00f1o totalmente nuevo. Sin embargo, ten en cuenta que, dado que la escultura de la cabeza oficial est\u00e1 pegada en su sitio, para sustituirla es necesario da\u00f1ar la clavija de la estructura original. Si no se quiere romper la clavija, no se puede instalar la nueva cabeza esculpida. Esta decisi\u00f3n queda a discreci\u00f3n del coleccionista. (La nueva escultura de cabeza puede guardarse por completo).<\/p>\n<p>Esta serie se adapta a las necesidades de todos los aficionados, \u00a1haciendo que su colecci\u00f3n sea realmente \u00fanica!<\/p>\n<\/div>\n<\/div>\n<div class=\"x11i5rnm xat24cr x1mh8g0r x1vvkbs xtlvy1s x126k92a\">\n<div dir=\"auto\">DNA Design innov\u00f3 un sistema \u00fanico de almacenamiento de armas para complementar esta obra maestra, con el objetivo de cautivar el coraz\u00f3n de todo coleccionista.<\/div>\n<\/div>\n<\/div>\n<\/div>","protected":false},"excerpt":{"rendered":"<ul>\n<li>Compatible con SS-100, SS-105, SS-108 y Core Arcee<\/li>\n<li>Un arsenal de accesorios y armas para personalizar<\/li>\n<\/ul>\n<p>&nbsp;<\/p>\n<p><strong>Contenido del envase:<\/strong><\/p>\n<ul>\n<li>Parte de la mascarilla<\/li>\n<li>Par de piezas alternativas del brazo del ca\u00f1\u00f3n Blaster<\/li>\n<li>Par de piezas de mano con Blaster<\/li>\n<li>Pieza de mano de blaster alternativa<\/li>\n<li>Pieza alternativa del brazo del ca\u00f1\u00f3n bl\u00e1ster<\/li>\n<li>Par de piezas de pistola<\/li>\n<li>Armas duales para Core Arcee<\/li>\n<li>Cuchillas dobles para SS-100 Bumblebee<\/li>\n<li>Cabeza alternativa de Wheeljack<\/li>\n<\/ul>\n<p><em>Nota: Todas las figuras mostradas se venden por separado.<\/em><\/p>","protected":false},"featured_media":195014,"comment_status":"open","ping_status":"closed","template":"","meta":{"inline_featured_image":false},"product_brand":[],"product_cat":[78],"product_tag":[2474,274,665,224,2478,276,2473,423,2480,2481,2479,1975,204,1994,2227,2354,2288],"giftcard-category":[],"class_list":{"0":"post-194985","1":"product","2":"type-product","3":"status-publish","4":"has-post-thumbnail","6":"product_cat-dna-design","7":"product_tag-accessory-series","8":"product_tag-add-ons","9":"product_tag-arcee","10":"product_tag-bumblebee","11":"product_tag-dk-53","12":"product_tag-dna-design","13":"product_tag-gear-master","14":"product_tag-mirage","15":"product_tag-ss100","16":"product_tag-ss105","17":"product_tag-ss108","18":"product_tag-toys-figures","19":"product_tag-transformers","20":"product_tag-transformers-studio-series","21":"product_tag-transformers-rise-of-the-beasts","22":"product_tag-upgrade-kits","23":"product_tag-wheeljack","24":"product_shipping_class-from-china","25":"inventories-china-inventory","27":"first","28":"instock","29":"taxable","30":"shipping-taxable","31":"purchasable","32":"product-type-simple","33":"add-to-wishlist-after_add_to_cart"},"yoast_head":"<!-- This site is optimized with the Yoast SEO Premium plugin v25.3.1 (Yoast SEO v27.4) - https:\/\/yoast.com\/product\/yoast-seo-premium-wordpress\/ -->\n<title>DNA Design - DK-53 GEAR MASTER Accessory Series for SS-100, SS-105, SS-108<\/title>\n<meta name=\"robots\" content=\"index, follow, max-snippet:-1, max-image-preview:large, max-video-preview:-1\" \/>\n<link rel=\"canonical\" href=\"https:\/\/hobby4geek.com\/es\/producto\/dna-design-dk-53-gear-master-accessory-series\/\" \/>\n<meta property=\"og:locale\" content=\"es_ES\" \/>\n<meta property=\"og:type\" content=\"article\" \/>\n<meta property=\"og:title\" content=\"DNA Design - DK-53 GEAR MASTER Accessory Series for SS-100, SS-105, SS-108\" \/>\n<meta property=\"og:description\" content=\"Compatible with SS-100, SS-105, SS-108 &amp; Core Arcee  An array of accessories and weapons for customizing  &nbsp;  Packaging Contents:   Face mask part  Pair of Blaster cannon arm alternate parts  Pair of Blaster wielding hand parts  Alternate blaster hand part  Alternate blaster cannon arm part  Pair of gun parts  Dual Guns for Core Arcee  Dual Blades for SS-100 Bumblebee  Alternate Wheeljack head  Note: All figures shown sold separately.\" \/>\n<meta property=\"og:url\" content=\"https:\/\/hobby4geek.com\/es\/producto\/dna-design-dk-53-gear-master-accessory-series\/\" \/>\n<meta property=\"og:site_name\" content=\"Hobby4Geek\" \/>\n<meta property=\"article:publisher\" content=\"https:\/\/www.facebook.com\/hobby4geek\" \/>\n<meta property=\"article:modified_time\" content=\"2025-07-24T23:14:09+00:00\" \/>\n<meta property=\"og:image\" content=\"https:\/\/hobby4geek.com\/wp-content\/uploads\/2024\/04\/dna-design-dk-53-gear-master-accessory-series-for-ss-100-ss-105-ss-108-3.jpg\" \/>\n\t<meta property=\"og:image:width\" content=\"635\" \/>\n\t<meta property=\"og:image:height\" content=\"1018\" \/>\n\t<meta property=\"og:image:type\" content=\"image\/jpeg\" \/>\n<meta name=\"twitter:card\" content=\"summary_large_image\" \/>\n<meta name=\"twitter:site\" content=\"@hobby4geek\" \/>\n<script type=\"application\/ld+json\" class=\"yoast-schema-graph\">{\"@context\":\"https:\\\/\\\/schema.org\",\"@graph\":[{\"@type\":\"WebPage\",\"@id\":\"https:\\\/\\\/hobby4geek.com\\\/product\\\/dna-design-dk-53-gear-master-accessory-series\\\/\",\"url\":\"https:\\\/\\\/hobby4geek.com\\\/product\\\/dna-design-dk-53-gear-master-accessory-series\\\/\",\"name\":\"DNA Design - DK-53 GEAR MASTER Accessory Series for SS-100, SS-105, SS-108\",\"isPartOf\":{\"@id\":\"https:\\\/\\\/hobby4geek.com\\\/#website\"},\"primaryImageOfPage\":{\"@id\":\"https:\\\/\\\/hobby4geek.com\\\/product\\\/dna-design-dk-53-gear-master-accessory-series\\\/#primaryimage\"},\"image\":{\"@id\":\"https:\\\/\\\/hobby4geek.com\\\/product\\\/dna-design-dk-53-gear-master-accessory-series\\\/#primaryimage\"},\"thumbnailUrl\":\"https:\\\/\\\/hobby4geek.com\\\/wp-content\\\/uploads\\\/2024\\\/04\\\/dna-design-dk-53-gear-master-accessory-series-for-ss-100-ss-105-ss-108-3.jpg\",\"datePublished\":\"2024-04-11T08:18:04+00:00\",\"dateModified\":\"2025-07-24T23:14:09+00:00\",\"breadcrumb\":{\"@id\":\"https:\\\/\\\/hobby4geek.com\\\/product\\\/dna-design-dk-53-gear-master-accessory-series\\\/#breadcrumb\"},\"inLanguage\":\"es\",\"potentialAction\":[{\"@type\":\"ReadAction\",\"target\":[\"https:\\\/\\\/hobby4geek.com\\\/product\\\/dna-design-dk-53-gear-master-accessory-series\\\/\"]}]},{\"@type\":\"ImageObject\",\"inLanguage\":\"es\",\"@id\":\"https:\\\/\\\/hobby4geek.com\\\/product\\\/dna-design-dk-53-gear-master-accessory-series\\\/#primaryimage\",\"url\":\"https:\\\/\\\/hobby4geek.com\\\/wp-content\\\/uploads\\\/2024\\\/04\\\/dna-design-dk-53-gear-master-accessory-series-for-ss-100-ss-105-ss-108-3.jpg\",\"contentUrl\":\"https:\\\/\\\/hobby4geek.com\\\/wp-content\\\/uploads\\\/2024\\\/04\\\/dna-design-dk-53-gear-master-accessory-series-for-ss-100-ss-105-ss-108-3.jpg\",\"width\":635,\"height\":1018,\"caption\":\"Dna Design Dk 53 Gear Master Accessory Series For Ss 100 Ss 105 Ss 108 3\"},{\"@type\":\"BreadcrumbList\",\"@id\":\"https:\\\/\\\/hobby4geek.com\\\/product\\\/dna-design-dk-53-gear-master-accessory-series\\\/#breadcrumb\",\"itemListElement\":[{\"@type\":\"ListItem\",\"position\":1,\"name\":\"Home\",\"item\":\"https:\\\/\\\/hobby4geek.com\\\/\"},{\"@type\":\"ListItem\",\"position\":2,\"name\":\"Shop\",\"item\":\"https:\\\/\\\/hobby4geek.com\\\/shop\\\/\"},{\"@type\":\"ListItem\",\"position\":3,\"name\":\"DNA Design &#8211; DK-53 GEAR MASTER Accessory Series for SS-100, SS-105, SS-108\"}]},{\"@type\":\"WebSite\",\"@id\":\"https:\\\/\\\/hobby4geek.com\\\/#website\",\"url\":\"https:\\\/\\\/hobby4geek.com\\\/\",\"name\":\"Hobby4Geek\",\"description\":\"Collect, Play &amp; Showcase, Embrace your Geekiness\",\"publisher\":{\"@id\":\"https:\\\/\\\/hobby4geek.com\\\/#organization\"},\"potentialAction\":[{\"@type\":\"SearchAction\",\"target\":{\"@type\":\"EntryPoint\",\"urlTemplate\":\"https:\\\/\\\/hobby4geek.com\\\/?s={search_term_string}\"},\"query-input\":{\"@type\":\"PropertyValueSpecification\",\"valueRequired\":true,\"valueName\":\"search_term_string\"}}],\"inLanguage\":\"es\"},{\"@type\":\"Organization\",\"@id\":\"https:\\\/\\\/hobby4geek.com\\\/#organization\",\"name\":\"Hobby4Geek\",\"url\":\"https:\\\/\\\/hobby4geek.com\\\/\",\"logo\":{\"@type\":\"ImageObject\",\"inLanguage\":\"es\",\"@id\":\"https:\\\/\\\/hobby4geek.com\\\/#\\\/schema\\\/logo\\\/image\\\/\",\"url\":\"https:\\\/\\\/hobby4geek.com\\\/wp-content\\\/uploads\\\/2023\\\/02\\\/default-kit.png\",\"contentUrl\":\"https:\\\/\\\/hobby4geek.com\\\/wp-content\\\/uploads\\\/2023\\\/02\\\/default-kit.png\",\"width\":600,\"height\":600,\"caption\":\"Hobby4Geek\"},\"image\":{\"@id\":\"https:\\\/\\\/hobby4geek.com\\\/#\\\/schema\\\/logo\\\/image\\\/\"},\"sameAs\":[\"https:\\\/\\\/www.facebook.com\\\/hobby4geek\",\"https:\\\/\\\/x.com\\\/hobby4geek\",\"https:\\\/\\\/www.instagram.com\\\/hobby4geek\\\/\"]}]}<\/script>\n<meta property=\"product:brand\" content=\"DNA Design\" \/>\n<meta property=\"product:price:amount\" content=\"46.80\" \/>\n<meta property=\"product:price:currency\" content=\"EUR\" \/>\n<meta property=\"og:availability\" content=\"instock\" \/>\n<meta property=\"product:availability\" content=\"instock\" \/>\n<meta property=\"product:condition\" content=\"new\" \/>\n<!-- \/ Yoast SEO Premium plugin. -->","yoast_head_json":{"title":"DNA Design - Serie de accesorios DK-53 GEAR MASTER para SS-100, SS-105, SS-108","robots":{"index":"index","follow":"follow","max-snippet":"max-snippet:-1","max-image-preview":"max-image-preview:large","max-video-preview":"max-video-preview:-1"},"canonical":"https:\/\/hobby4geek.com\/es\/producto\/dna-design-dk-53-gear-master-accessory-series\/","og_locale":"es_ES","og_type":"article","og_title":"DNA Design - DK-53 GEAR MASTER Accessory Series for SS-100, SS-105, SS-108","og_description":"Compatible with SS-100, SS-105, SS-108 &amp; Core Arcee  An array of accessories and weapons for customizing  &nbsp;  Packaging Contents:   Face mask part  Pair of Blaster cannon arm alternate parts  Pair of Blaster wielding hand parts  Alternate blaster hand part  Alternate blaster cannon arm part  Pair of gun parts  Dual Guns for Core Arcee  Dual Blades for SS-100 Bumblebee  Alternate Wheeljack head  Note: All figures shown sold separately.","og_url":"https:\/\/hobby4geek.com\/es\/producto\/dna-design-dk-53-gear-master-accessory-series\/","og_site_name":"Hobby4Geek","article_publisher":"https:\/\/www.facebook.com\/hobby4geek","article_modified_time":"2025-07-24T23:14:09+00:00","og_image":[{"width":635,"height":1018,"url":"https:\/\/hobby4geek.com\/wp-content\/uploads\/2024\/04\/dna-design-dk-53-gear-master-accessory-series-for-ss-100-ss-105-ss-108-3.jpg","type":"image\/jpeg"}],"twitter_card":"summary_large_image","twitter_site":"@hobby4geek","schema":{"@context":"https:\/\/schema.org","@graph":[{"@type":"WebPage","@id":"https:\/\/hobby4geek.com\/product\/dna-design-dk-53-gear-master-accessory-series\/","url":"https:\/\/hobby4geek.com\/product\/dna-design-dk-53-gear-master-accessory-series\/","name":"DNA Design - Serie de accesorios DK-53 GEAR MASTER para SS-100, SS-105, SS-108","isPartOf":{"@id":"https:\/\/hobby4geek.com\/#website"},"primaryImageOfPage":{"@id":"https:\/\/hobby4geek.com\/product\/dna-design-dk-53-gear-master-accessory-series\/#primaryimage"},"image":{"@id":"https:\/\/hobby4geek.com\/product\/dna-design-dk-53-gear-master-accessory-series\/#primaryimage"},"thumbnailUrl":"https:\/\/hobby4geek.com\/wp-content\/uploads\/2024\/04\/dna-design-dk-53-gear-master-accessory-series-for-ss-100-ss-105-ss-108-3.jpg","datePublished":"2024-04-11T08:18:04+00:00","dateModified":"2025-07-24T23:14:09+00:00","breadcrumb":{"@id":"https:\/\/hobby4geek.com\/product\/dna-design-dk-53-gear-master-accessory-series\/#breadcrumb"},"inLanguage":"es","potentialAction":[{"@type":"ReadAction","target":["https:\/\/hobby4geek.com\/product\/dna-design-dk-53-gear-master-accessory-series\/"]}]},{"@type":"ImageObject","inLanguage":"es","@id":"https:\/\/hobby4geek.com\/product\/dna-design-dk-53-gear-master-accessory-series\/#primaryimage","url":"https:\/\/hobby4geek.com\/wp-content\/uploads\/2024\/04\/dna-design-dk-53-gear-master-accessory-series-for-ss-100-ss-105-ss-108-3.jpg","contentUrl":"https:\/\/hobby4geek.com\/wp-content\/uploads\/2024\/04\/dna-design-dk-53-gear-master-accessory-series-for-ss-100-ss-105-ss-108-3.jpg","width":635,"height":1018,"caption":"Dna Design Dk 53 Gear Master Accessory Series For Ss 100 Ss 105 Ss 108 3"},{"@type":"BreadcrumbList","@id":"https:\/\/hobby4geek.com\/product\/dna-design-dk-53-gear-master-accessory-series\/#breadcrumb","itemListElement":[{"@type":"ListItem","position":1,"name":"Home","item":"https:\/\/hobby4geek.com\/"},{"@type":"ListItem","position":2,"name":"Shop","item":"https:\/\/hobby4geek.com\/shop\/"},{"@type":"ListItem","position":3,"name":"DNA Design &#8211; DK-53 GEAR MASTER Accessory Series for SS-100, SS-105, SS-108"}]},{"@type":"WebSite","@id":"https:\/\/hobby4geek.com\/#website","url":"https:\/\/hobby4geek.com\/","name":"Hobby4Geek","description":"Coleccionar, jugar y exhibir, abrazar su frikismo","publisher":{"@id":"https:\/\/hobby4geek.com\/#organization"},"potentialAction":[{"@type":"SearchAction","target":{"@type":"EntryPoint","urlTemplate":"https:\/\/hobby4geek.com\/?s={search_term_string}"},"query-input":{"@type":"PropertyValueSpecification","valueRequired":true,"valueName":"search_term_string"}}],"inLanguage":"es"},{"@type":"Organization","@id":"https:\/\/hobby4geek.com\/#organization","name":"Hobby4Geek","url":"https:\/\/hobby4geek.com\/","logo":{"@type":"ImageObject","inLanguage":"es","@id":"https:\/\/hobby4geek.com\/#\/schema\/logo\/image\/","url":"https:\/\/hobby4geek.com\/wp-content\/uploads\/2023\/02\/default-kit.png","contentUrl":"https:\/\/hobby4geek.com\/wp-content\/uploads\/2023\/02\/default-kit.png","width":600,"height":600,"caption":"Hobby4Geek"},"image":{"@id":"https:\/\/hobby4geek.com\/#\/schema\/logo\/image\/"},"sameAs":["https:\/\/www.facebook.com\/hobby4geek","https:\/\/x.com\/hobby4geek","https:\/\/www.instagram.com\/hobby4geek\/"]}]},"product_brand":"DNA Design","product_price_amount":"46.80","product_price_currency":"EUR","og_availability":"instock","product_availability":"instock","product_condition":"new"},"_links":{"self":[{"href":"https:\/\/hobby4geek.com\/es\/wp-json\/wp\/v2\/product\/194985","targetHints":{"allow":["GET"]}}],"collection":[{"href":"https:\/\/hobby4geek.com\/es\/wp-json\/wp\/v2\/product"}],"about":[{"href":"https:\/\/hobby4geek.com\/es\/wp-json\/wp\/v2\/types\/product"}],"replies":[{"embeddable":true,"href":"https:\/\/hobby4geek.com\/es\/wp-json\/wp\/v2\/comments?post=194985"}],"version-history":[{"count":0,"href":"https:\/\/hobby4geek.com\/es\/wp-json\/wp\/v2\/product\/194985\/revisions"}],"wp:featuredmedia":[{"embeddable":true,"href":"https:\/\/hobby4geek.com\/es\/wp-json\/wp\/v2\/media\/195014"}],"wp:attachment":[{"href":"https:\/\/hobby4geek.com\/es\/wp-json\/wp\/v2\/media?parent=194985"}],"wp:term":[{"taxonomy":"product_brand","embeddable":true,"href":"https:\/\/hobby4geek.com\/es\/wp-json\/wp\/v2\/product_brand?post=194985"},{"taxonomy":"product_cat","embeddable":true,"href":"https:\/\/hobby4geek.com\/es\/wp-json\/wp\/v2\/product_cat?post=194985"},{"taxonomy":"product_tag","embeddable":true,"href":"https:\/\/hobby4geek.com\/es\/wp-json\/wp\/v2\/product_tag?post=194985"},{"taxonomy":"giftcard-category","embeddable":true,"href":"https:\/\/hobby4geek.com\/es\/wp-json\/wp\/v2\/giftcard-category?post=194985"}],"curies":[{"name":"wp","href":"https:\/\/api.w.org\/{rel}","templated":true}]}}