{"id":194524,"date":"2024-08-21T14:23:46","date_gmt":"2024-08-21T13:23:46","guid":{"rendered":"https:\/\/hobby4geek.com\/?post_type=product&#038;p=194524"},"modified":"2025-01-18T16:39:36","modified_gmt":"2025-01-18T15:39:36","slug":"transformers-collaborative-teenage-mutant-ninja-turtles-x-transformers-party-wallop","status":"publish","type":"product","link":"https:\/\/hobby4geek.com\/es\/producto\/transformers-collaborative-teenage-mutant-ninja-turtles-x-transformers-party-wallop\/","title":{"rendered":"Transformers X Tortugas Ninja Mutantes - Party Wallop"},"content":{"rendered":"<p>Los mundos de los robots Transformers y las Tortugas Ninja Mutantes se unen con el pack Transformers x TMNT Party Wallop. El ic\u00f3nico Party Wagon de los dibujos animados de las Tortugas Ninja es ahora un robot Transformers. Esta figura de 17,5 cm (7 pulgadas) se convierte del modo robot al modo Party Wagon alternativo inspirado en los dibujos animados y cuenta con una decoraci\u00f3n y detalles fieles a la serie de los dibujos animados cl\u00e1sicos de 1987. Este pack incluye accesorios inspirados en los dibujos animados, como espadas ninja, bastones bo, nunchakus y sai ninja para equipar a los hermanos tortuga. Tambi\u00e9n incluye 4 cabezas intercambiables y una hebilla de cintur\u00f3n giratoria para personalizar el robot como una figura de acci\u00f3n inspirada en Donatello, Michelangelo, Leonardo o Raphael. Los robots Transformers siempre han sido \"m\u00e1s de lo que parece\", pero ahora, a trav\u00e9s de Transformers Collaborative, los fans pueden experimentar a estos personajes m\u00e1s grandes que la vida real cuando se unen, se mezclan y se re\u00fanen con otros personajes, equipos y personas que comparten esta misma cualidad especial.<\/p>\n<p>Incluye 1 figuraTP15T, 12 accesorios e instrucciones.<\/p>\n<ul>\n<li>Los robots Transformers siempre han sido m\u00e1s de lo que se ve a simple vista, y ahora los fans pueden disfrutar de los personajes de Transformers mezclados con personajes emblem\u00e1ticos que comparten esta misma cualidad.<\/li>\n<li>Que empiece la fiesta con esta furgoneta que es el veh\u00edculo principal de los hermanos tortuga que luchan contra el crimen.<\/li>\n<li>La figura Party Wallop de 7 pulgadas (17,5 cm) se convierte entre el modo vag\u00f3n de fiesta y el modo robot en 20 pasos. Inspirado en el carro de fiesta como se ve en los dibujos animados de 1987 Teenage Mutant Ninja Turtles.<\/li>\n<li>Cambia al modo robot y coloca una de las 4 cabezas diferentes para crear una figura inspirada en Donatello, Miguel \u00c1ngel, Leonardo o Rafael.<\/li>\n<li>Incluye 2 espadas ninja, bast\u00f3n bo, 2 nunchakus, 2 sai ninja, hebilla de cintur\u00f3n giratoria y 4 cabezas intercambiables que se acoplan en modo robot.<\/li>\n<\/ul>\n<ul>\n<li>17,5 cm<\/li>\n<li>Convierte el robot en Party Wagon<\/li>\n<li>20 Pasos<\/li>\n<li>4 cabezas diferentes<\/li>\n<li>2 espadas ninja<\/li>\n<li>Personal de Bo<\/li>\n<li>2 Nunchakus<\/li>\n<li>2 Ninja sai<\/li>\n<li>Hebilla giratoria<\/li>\n<\/ul>","protected":false},"excerpt":{"rendered":"<ul>\n<li>17,5 cm<\/li>\n<li>Convierte el robot en Party Wagon<\/li>\n<li>20 Pasos<\/li>\n<li>4 cabezas diferentes<\/li>\n<li>2 espadas ninja<\/li>\n<li>Personal de Bo<\/li>\n<li>2 Nunchakus<\/li>\n<li>2 Ninja sai<\/li>\n<li>Hebilla giratoria<\/li>\n<\/ul>","protected":false},"featured_media":194533,"comment_status":"open","ping_status":"closed","template":"","meta":{"inline_featured_image":false},"product_brand":[],"product_cat":[1955,68,69,1966,1960],"product_tag":[1759,335,2400,2465,1923,2464,1924,1975,204,2463],"giftcard-category":[],"class_list":{"0":"post-194524","1":"product","2":"type-product","3":"status-publish","4":"has-post-thumbnail","6":"product_cat-transformers","7":"product_cat-hasbro","8":"product_cat-takara-tomy","9":"product_cat-tmnt","10":"product_cat-transformers-generations","11":"product_tag-action-toys","12":"product_tag-hasbro","13":"product_tag-legacy-united","14":"product_tag-party-wallop","15":"product_tag-teenage-mutant-ninja-turtles","16":"product_tag-teenage-mutant-ninja-turtles-x-transformers","17":"product_tag-tmnt","18":"product_tag-toys-figures","19":"product_tag-transformers","20":"product_tag-transformers-collaborative","21":"product_shipping_class-light","23":"first","24":"outofstock","25":"taxable","26":"shipping-taxable","27":"purchasable","28":"product-type-simple","29":"add-to-wishlist-after_add_to_cart"},"yoast_head":"<!-- This site is optimized with the Yoast SEO Premium plugin v25.3.1 (Yoast SEO v27.2) - https:\/\/yoast.com\/product\/yoast-seo-premium-wordpress\/ -->\n<title>Transformers X Teenage Mutant Ninja Turtles - Party Wallop<\/title>\n<meta name=\"robots\" content=\"index, follow, max-snippet:-1, max-image-preview:large, max-video-preview:-1\" \/>\n<link rel=\"canonical\" href=\"https:\/\/hobby4geek.com\/es\/producto\/transformers-collaborative-teenage-mutant-ninja-turtles-x-transformers-party-wallop\/\" \/>\n<meta property=\"og:locale\" content=\"es_ES\" \/>\n<meta property=\"og:type\" content=\"article\" \/>\n<meta property=\"og:title\" content=\"Transformers X Teenage Mutant Ninja Turtles - Party Wallop\" \/>\n<meta property=\"og:description\" content=\"17.5 cm  Converts robot to Party Wagon  20 Steps  4 Different heads  2 Ninja swords  Bo staff  2 Nunchucks  2 Ninja sai  Rotating belt buckle\" \/>\n<meta property=\"og:url\" content=\"https:\/\/hobby4geek.com\/es\/producto\/transformers-collaborative-teenage-mutant-ninja-turtles-x-transformers-party-wallop\/\" \/>\n<meta property=\"og:site_name\" content=\"Hobby4Geek\" \/>\n<meta property=\"article:publisher\" content=\"https:\/\/www.facebook.com\/hobby4geek\" \/>\n<meta property=\"article:modified_time\" content=\"2025-01-18T15:39:36+00:00\" \/>\n<meta property=\"og:image\" content=\"https:\/\/hobby4geek.com\/wp-content\/uploads\/2024\/04\/transformers-x-teenage-mutant-ninja-turtles-party-wallop-9.webp\" \/>\n\t<meta property=\"og:image:width\" content=\"2000\" \/>\n\t<meta property=\"og:image:height\" content=\"2000\" \/>\n\t<meta property=\"og:image:type\" content=\"image\/webp\" \/>\n<meta name=\"twitter:card\" content=\"summary_large_image\" \/>\n<meta name=\"twitter:site\" content=\"@hobby4geek\" \/>\n<script type=\"application\/ld+json\" class=\"yoast-schema-graph\">{\"@context\":\"https:\/\/schema.org\",\"@graph\":[{\"@type\":\"WebPage\",\"@id\":\"https:\/\/hobby4geek.com\/product\/transformers-collaborative-teenage-mutant-ninja-turtles-x-transformers-party-wallop\/\",\"url\":\"https:\/\/hobby4geek.com\/product\/transformers-collaborative-teenage-mutant-ninja-turtles-x-transformers-party-wallop\/\",\"name\":\"Transformers X Teenage Mutant Ninja Turtles - Party Wallop\",\"isPartOf\":{\"@id\":\"https:\/\/hobby4geek.com\/#website\"},\"primaryImageOfPage\":{\"@id\":\"https:\/\/hobby4geek.com\/product\/transformers-collaborative-teenage-mutant-ninja-turtles-x-transformers-party-wallop\/#primaryimage\"},\"image\":{\"@id\":\"https:\/\/hobby4geek.com\/product\/transformers-collaborative-teenage-mutant-ninja-turtles-x-transformers-party-wallop\/#primaryimage\"},\"thumbnailUrl\":\"https:\/\/hobby4geek.com\/wp-content\/uploads\/2024\/04\/transformers-x-teenage-mutant-ninja-turtles-party-wallop-9.webp\",\"datePublished\":\"2024-08-21T13:23:46+00:00\",\"dateModified\":\"2025-01-18T15:39:36+00:00\",\"breadcrumb\":{\"@id\":\"https:\/\/hobby4geek.com\/product\/transformers-collaborative-teenage-mutant-ninja-turtles-x-transformers-party-wallop\/#breadcrumb\"},\"inLanguage\":\"es\",\"potentialAction\":[{\"@type\":\"ReadAction\",\"target\":[\"https:\/\/hobby4geek.com\/product\/transformers-collaborative-teenage-mutant-ninja-turtles-x-transformers-party-wallop\/\"]}]},{\"@type\":\"ImageObject\",\"inLanguage\":\"es\",\"@id\":\"https:\/\/hobby4geek.com\/product\/transformers-collaborative-teenage-mutant-ninja-turtles-x-transformers-party-wallop\/#primaryimage\",\"url\":\"https:\/\/hobby4geek.com\/wp-content\/uploads\/2024\/04\/transformers-x-teenage-mutant-ninja-turtles-party-wallop-9.webp\",\"contentUrl\":\"https:\/\/hobby4geek.com\/wp-content\/uploads\/2024\/04\/transformers-x-teenage-mutant-ninja-turtles-party-wallop-9.webp\",\"width\":2000,\"height\":2000,\"caption\":\"Transformers X Teenage Mutant Ninja Turtles Party Wallop 9\"},{\"@type\":\"BreadcrumbList\",\"@id\":\"https:\/\/hobby4geek.com\/product\/transformers-collaborative-teenage-mutant-ninja-turtles-x-transformers-party-wallop\/#breadcrumb\",\"itemListElement\":[{\"@type\":\"ListItem\",\"position\":1,\"name\":\"Home\",\"item\":\"https:\/\/hobby4geek.com\/\"},{\"@type\":\"ListItem\",\"position\":2,\"name\":\"Shop\",\"item\":\"https:\/\/hobby4geek.com\/shop\/\"},{\"@type\":\"ListItem\",\"position\":3,\"name\":\"Transformers X Teenage Mutant Ninja Turtles &#8211; Party Wallop\"}]},{\"@type\":\"WebSite\",\"@id\":\"https:\/\/hobby4geek.com\/#website\",\"url\":\"https:\/\/hobby4geek.com\/\",\"name\":\"Hobby4Geek\",\"description\":\"Collect, Play &amp; Showcase, Embrace your Geekiness\",\"publisher\":{\"@id\":\"https:\/\/hobby4geek.com\/#organization\"},\"potentialAction\":[{\"@type\":\"SearchAction\",\"target\":{\"@type\":\"EntryPoint\",\"urlTemplate\":\"https:\/\/hobby4geek.com\/?s={search_term_string}\"},\"query-input\":{\"@type\":\"PropertyValueSpecification\",\"valueRequired\":true,\"valueName\":\"search_term_string\"}}],\"inLanguage\":\"es\"},{\"@type\":\"Organization\",\"@id\":\"https:\/\/hobby4geek.com\/#organization\",\"name\":\"Hobby4Geek\",\"url\":\"https:\/\/hobby4geek.com\/\",\"logo\":{\"@type\":\"ImageObject\",\"inLanguage\":\"es\",\"@id\":\"https:\/\/hobby4geek.com\/#\/schema\/logo\/image\/\",\"url\":\"https:\/\/hobby4geek.com\/wp-content\/uploads\/2023\/02\/default-kit.png\",\"contentUrl\":\"https:\/\/hobby4geek.com\/wp-content\/uploads\/2023\/02\/default-kit.png\",\"width\":600,\"height\":600,\"caption\":\"Hobby4Geek\"},\"image\":{\"@id\":\"https:\/\/hobby4geek.com\/#\/schema\/logo\/image\/\"},\"sameAs\":[\"https:\/\/www.facebook.com\/hobby4geek\",\"https:\/\/x.com\/hobby4geek\",\"https:\/\/www.instagram.com\/hobby4geek\/\"]}]}<\/script>\n<meta property=\"product:brand\" content=\"Transformers\" \/>\n<meta property=\"product:price:amount\" content=\"56.80\" \/>\n<meta property=\"product:price:currency\" content=\"EUR\" \/>\n<meta property=\"og:availability\" content=\"out of stock\" \/>\n<meta property=\"product:availability\" content=\"out of stock\" \/>\n<meta property=\"product:retailer_item_id\" content=\"5010996248091\" \/>\n<meta property=\"product:condition\" content=\"new\" \/>\n<!-- \/ Yoast SEO Premium plugin. -->","yoast_head_json":{"title":"Transformers X Tortugas Ninja Mutantes - Party Wallop","robots":{"index":"index","follow":"follow","max-snippet":"max-snippet:-1","max-image-preview":"max-image-preview:large","max-video-preview":"max-video-preview:-1"},"canonical":"https:\/\/hobby4geek.com\/es\/producto\/transformers-collaborative-teenage-mutant-ninja-turtles-x-transformers-party-wallop\/","og_locale":"es_ES","og_type":"article","og_title":"Transformers X Teenage Mutant Ninja Turtles - Party Wallop","og_description":"17.5 cm  Converts robot to Party Wagon  20 Steps  4 Different heads  2 Ninja swords  Bo staff  2 Nunchucks  2 Ninja sai  Rotating belt buckle","og_url":"https:\/\/hobby4geek.com\/es\/producto\/transformers-collaborative-teenage-mutant-ninja-turtles-x-transformers-party-wallop\/","og_site_name":"Hobby4Geek","article_publisher":"https:\/\/www.facebook.com\/hobby4geek","article_modified_time":"2025-01-18T15:39:36+00:00","og_image":[{"width":2000,"height":2000,"url":"https:\/\/hobby4geek.com\/wp-content\/uploads\/2024\/04\/transformers-x-teenage-mutant-ninja-turtles-party-wallop-9.webp","type":"image\/webp"}],"twitter_card":"summary_large_image","twitter_site":"@hobby4geek","schema":{"@context":"https:\/\/schema.org","@graph":[{"@type":"WebPage","@id":"https:\/\/hobby4geek.com\/product\/transformers-collaborative-teenage-mutant-ninja-turtles-x-transformers-party-wallop\/","url":"https:\/\/hobby4geek.com\/product\/transformers-collaborative-teenage-mutant-ninja-turtles-x-transformers-party-wallop\/","name":"Transformers X Tortugas Ninja Mutantes - Party Wallop","isPartOf":{"@id":"https:\/\/hobby4geek.com\/#website"},"primaryImageOfPage":{"@id":"https:\/\/hobby4geek.com\/product\/transformers-collaborative-teenage-mutant-ninja-turtles-x-transformers-party-wallop\/#primaryimage"},"image":{"@id":"https:\/\/hobby4geek.com\/product\/transformers-collaborative-teenage-mutant-ninja-turtles-x-transformers-party-wallop\/#primaryimage"},"thumbnailUrl":"https:\/\/hobby4geek.com\/wp-content\/uploads\/2024\/04\/transformers-x-teenage-mutant-ninja-turtles-party-wallop-9.webp","datePublished":"2024-08-21T13:23:46+00:00","dateModified":"2025-01-18T15:39:36+00:00","breadcrumb":{"@id":"https:\/\/hobby4geek.com\/product\/transformers-collaborative-teenage-mutant-ninja-turtles-x-transformers-party-wallop\/#breadcrumb"},"inLanguage":"es","potentialAction":[{"@type":"ReadAction","target":["https:\/\/hobby4geek.com\/product\/transformers-collaborative-teenage-mutant-ninja-turtles-x-transformers-party-wallop\/"]}]},{"@type":"ImageObject","inLanguage":"es","@id":"https:\/\/hobby4geek.com\/product\/transformers-collaborative-teenage-mutant-ninja-turtles-x-transformers-party-wallop\/#primaryimage","url":"https:\/\/hobby4geek.com\/wp-content\/uploads\/2024\/04\/transformers-x-teenage-mutant-ninja-turtles-party-wallop-9.webp","contentUrl":"https:\/\/hobby4geek.com\/wp-content\/uploads\/2024\/04\/transformers-x-teenage-mutant-ninja-turtles-party-wallop-9.webp","width":2000,"height":2000,"caption":"Transformers X Teenage Mutant Ninja Turtles Party Wallop 9"},{"@type":"BreadcrumbList","@id":"https:\/\/hobby4geek.com\/product\/transformers-collaborative-teenage-mutant-ninja-turtles-x-transformers-party-wallop\/#breadcrumb","itemListElement":[{"@type":"ListItem","position":1,"name":"Home","item":"https:\/\/hobby4geek.com\/"},{"@type":"ListItem","position":2,"name":"Shop","item":"https:\/\/hobby4geek.com\/shop\/"},{"@type":"ListItem","position":3,"name":"Transformers X Teenage Mutant Ninja Turtles &#8211; Party Wallop"}]},{"@type":"WebSite","@id":"https:\/\/hobby4geek.com\/#website","url":"https:\/\/hobby4geek.com\/","name":"Hobby4Geek","description":"Coleccionar, jugar y exhibir, abrazar su frikismo","publisher":{"@id":"https:\/\/hobby4geek.com\/#organization"},"potentialAction":[{"@type":"SearchAction","target":{"@type":"EntryPoint","urlTemplate":"https:\/\/hobby4geek.com\/?s={search_term_string}"},"query-input":{"@type":"PropertyValueSpecification","valueRequired":true,"valueName":"search_term_string"}}],"inLanguage":"es"},{"@type":"Organization","@id":"https:\/\/hobby4geek.com\/#organization","name":"Hobby4Geek","url":"https:\/\/hobby4geek.com\/","logo":{"@type":"ImageObject","inLanguage":"es","@id":"https:\/\/hobby4geek.com\/#\/schema\/logo\/image\/","url":"https:\/\/hobby4geek.com\/wp-content\/uploads\/2023\/02\/default-kit.png","contentUrl":"https:\/\/hobby4geek.com\/wp-content\/uploads\/2023\/02\/default-kit.png","width":600,"height":600,"caption":"Hobby4Geek"},"image":{"@id":"https:\/\/hobby4geek.com\/#\/schema\/logo\/image\/"},"sameAs":["https:\/\/www.facebook.com\/hobby4geek","https:\/\/x.com\/hobby4geek","https:\/\/www.instagram.com\/hobby4geek\/"]}]},"product_brand":"Transformers","product_price_amount":"56.80","product_price_currency":"EUR","og_availability":"out of stock","product_availability":"out of stock","product_retailer_item_id":"5010996248091","product_condition":"new"},"_links":{"self":[{"href":"https:\/\/hobby4geek.com\/es\/wp-json\/wp\/v2\/product\/194524","targetHints":{"allow":["GET"]}}],"collection":[{"href":"https:\/\/hobby4geek.com\/es\/wp-json\/wp\/v2\/product"}],"about":[{"href":"https:\/\/hobby4geek.com\/es\/wp-json\/wp\/v2\/types\/product"}],"replies":[{"embeddable":true,"href":"https:\/\/hobby4geek.com\/es\/wp-json\/wp\/v2\/comments?post=194524"}],"version-history":[{"count":0,"href":"https:\/\/hobby4geek.com\/es\/wp-json\/wp\/v2\/product\/194524\/revisions"}],"wp:featuredmedia":[{"embeddable":true,"href":"https:\/\/hobby4geek.com\/es\/wp-json\/wp\/v2\/media\/194533"}],"wp:attachment":[{"href":"https:\/\/hobby4geek.com\/es\/wp-json\/wp\/v2\/media?parent=194524"}],"wp:term":[{"taxonomy":"product_brand","embeddable":true,"href":"https:\/\/hobby4geek.com\/es\/wp-json\/wp\/v2\/product_brand?post=194524"},{"taxonomy":"product_cat","embeddable":true,"href":"https:\/\/hobby4geek.com\/es\/wp-json\/wp\/v2\/product_cat?post=194524"},{"taxonomy":"product_tag","embeddable":true,"href":"https:\/\/hobby4geek.com\/es\/wp-json\/wp\/v2\/product_tag?post=194524"},{"taxonomy":"giftcard-category","embeddable":true,"href":"https:\/\/hobby4geek.com\/es\/wp-json\/wp\/v2\/giftcard-category?post=194524"}],"curies":[{"name":"wp","href":"https:\/\/api.w.org\/{rel}","templated":true}]}}