{"id":192862,"date":"2024-04-16T15:40:53","date_gmt":"2024-04-16T14:40:53","guid":{"rendered":"https:\/\/hobby4geek.com\/?post_type=product&#038;p=192862"},"modified":"2024-11-08T20:19:47","modified_gmt":"2024-11-08T19:19:47","slug":"transformers-legacy-united-beast-wars-universe-silverbolt","status":"publish","type":"product","link":"https:\/\/hobby4geek.com\/es\/producto\/transformers-legacy-united-beast-wars-universe-silverbolt\/","title":{"rendered":"Transformers: Legacy United - Universo Beast Wars: Silverbolt"},"content":{"rendered":"<p>\u00a1Une a tus personajes favoritos de todo el mundo de los robots Transformers a tu colecci\u00f3n con la figura de acci\u00f3n Transformers Legacy United Voyager Class Beast Wars Universe Silverbolt!<\/p>\n<p>Esta figura de acci\u00f3n de 7 pulgadas del Universo Beast Wars convierte a Silverbolt entre los modos robot y \u00e1guila lobo en 27 pasos. Prep\u00e1rate para la batalla con los accesorios para las alas incluidos, que se pueden acoplar en ambos modos.<\/p>\n<p>La figura Beast Wars Universe Silverbolt est\u00e1 inspirada en el personaje de la serie de animaci\u00f3n,\u00a0<em>Beast Wars: Transformers<\/em>y tiene la cabeza, los brazos y las piernas articuladas para conseguir poses de acci\u00f3n incre\u00edbles.<\/p>\n<p>Celebra los \u00faltimos 40 a\u00f1os de historia de Transformers con las figuras de acci\u00f3n Transformers Legacy. Transformers Legacy abre el portal a un universo totalmente nuevo de - M\u00e1s de lo que parece - reuniendo a todas las generaciones de Transformers como nunca antes lo hab\u00edas visto. Colecciona y combina diferentes personajes para crear tu alineaci\u00f3n Legacy ideal.<\/p>\n<ul>\n<li>17,5 cm<\/li>\n<li>Clase Viajero<\/li>\n<li>Convierte un robot en un hovercoche<\/li>\n<li>32 pasos<\/li>\n<\/ul>","protected":false},"excerpt":{"rendered":"<ul>\n<li>17,5 cm<\/li>\n<li>Clase Viajero<\/li>\n<li>Convierte un robot en un h\u00edbrido de lobo y \u00e1guila<\/li>\n<li>32 pasos<\/li>\n<\/ul>","protected":false},"featured_media":192873,"comment_status":"open","ping_status":"closed","template":"","meta":{"inline_featured_image":false},"product_brand":[],"product_cat":[1955,68,69,1960],"product_tag":[1759,2401,335,2400,759,1860,1975,204,1910],"giftcard-category":[],"class_list":{"0":"post-192862","1":"product","2":"type-product","3":"status-publish","4":"has-post-thumbnail","6":"product_cat-transformers","7":"product_cat-hasbro","8":"product_cat-takara-tomy","9":"product_cat-transformers-generations","10":"product_tag-action-toys","11":"product_tag-beast-wars-universe","12":"product_tag-hasbro","13":"product_tag-legacy-united","14":"product_tag-silverbolt","15":"product_tag-takaratomy","16":"product_tag-toys-figures","17":"product_tag-transformers","18":"product_tag-voyager-class","19":"product_shipping_class-light","20":"inventories-france-inventory","22":"first","23":"instock","24":"taxable","25":"shipping-taxable","26":"purchasable","27":"product-type-simple","28":"add-to-wishlist-after_add_to_cart"},"yoast_head":"<!-- This site is optimized with the Yoast SEO Premium plugin v25.3.1 (Yoast SEO v27.2) - https:\/\/yoast.com\/product\/yoast-seo-premium-wordpress\/ -->\n<title>Transformers: Legacy United - Beast Wars Universe: Silverbolt<\/title>\n<meta name=\"robots\" content=\"index, follow, max-snippet:-1, max-image-preview:large, max-video-preview:-1\" \/>\n<link rel=\"canonical\" href=\"https:\/\/hobby4geek.com\/es\/producto\/transformers-legacy-united-beast-wars-universe-silverbolt\/\" \/>\n<meta property=\"og:locale\" content=\"es_ES\" \/>\n<meta property=\"og:type\" content=\"article\" \/>\n<meta property=\"og:title\" content=\"Transformers: Legacy United - Beast Wars Universe: Silverbolt\" \/>\n<meta property=\"og:description\" content=\"17.5 cm  Voyager Class  Converts robot to a wolf-eagle hybrid  32 steps\" \/>\n<meta property=\"og:url\" content=\"https:\/\/hobby4geek.com\/es\/producto\/transformers-legacy-united-beast-wars-universe-silverbolt\/\" \/>\n<meta property=\"og:site_name\" content=\"Hobby4Geek\" \/>\n<meta property=\"article:publisher\" content=\"https:\/\/www.facebook.com\/hobby4geek\" \/>\n<meta property=\"article:modified_time\" content=\"2024-11-08T19:19:47+00:00\" \/>\n<meta property=\"og:image\" content=\"https:\/\/hobby4geek.com\/wp-content\/uploads\/2024\/03\/transformers-legacy-united-beast-wars-universe-silverbolt.webp\" \/>\n\t<meta property=\"og:image:width\" content=\"2000\" \/>\n\t<meta property=\"og:image:height\" content=\"2000\" \/>\n\t<meta property=\"og:image:type\" content=\"image\/webp\" \/>\n<meta name=\"twitter:card\" content=\"summary_large_image\" \/>\n<meta name=\"twitter:site\" content=\"@hobby4geek\" \/>\n<script type=\"application\/ld+json\" class=\"yoast-schema-graph\">{\"@context\":\"https:\/\/schema.org\",\"@graph\":[{\"@type\":\"WebPage\",\"@id\":\"https:\/\/hobby4geek.com\/product\/transformers-legacy-united-beast-wars-universe-silverbolt\/\",\"url\":\"https:\/\/hobby4geek.com\/product\/transformers-legacy-united-beast-wars-universe-silverbolt\/\",\"name\":\"Transformers: Legacy United - Beast Wars Universe: Silverbolt\",\"isPartOf\":{\"@id\":\"https:\/\/hobby4geek.com\/#website\"},\"primaryImageOfPage\":{\"@id\":\"https:\/\/hobby4geek.com\/product\/transformers-legacy-united-beast-wars-universe-silverbolt\/#primaryimage\"},\"image\":{\"@id\":\"https:\/\/hobby4geek.com\/product\/transformers-legacy-united-beast-wars-universe-silverbolt\/#primaryimage\"},\"thumbnailUrl\":\"https:\/\/hobby4geek.com\/wp-content\/uploads\/2024\/03\/transformers-legacy-united-beast-wars-universe-silverbolt.webp\",\"datePublished\":\"2024-04-16T14:40:53+00:00\",\"dateModified\":\"2024-11-08T19:19:47+00:00\",\"breadcrumb\":{\"@id\":\"https:\/\/hobby4geek.com\/product\/transformers-legacy-united-beast-wars-universe-silverbolt\/#breadcrumb\"},\"inLanguage\":\"es\",\"potentialAction\":[{\"@type\":\"ReadAction\",\"target\":[\"https:\/\/hobby4geek.com\/product\/transformers-legacy-united-beast-wars-universe-silverbolt\/\"]}]},{\"@type\":\"ImageObject\",\"inLanguage\":\"es\",\"@id\":\"https:\/\/hobby4geek.com\/product\/transformers-legacy-united-beast-wars-universe-silverbolt\/#primaryimage\",\"url\":\"https:\/\/hobby4geek.com\/wp-content\/uploads\/2024\/03\/transformers-legacy-united-beast-wars-universe-silverbolt.webp\",\"contentUrl\":\"https:\/\/hobby4geek.com\/wp-content\/uploads\/2024\/03\/transformers-legacy-united-beast-wars-universe-silverbolt.webp\",\"width\":2000,\"height\":2000,\"caption\":\"Transformers Legacy United Beast Wars Universe Silverbolt\"},{\"@type\":\"BreadcrumbList\",\"@id\":\"https:\/\/hobby4geek.com\/product\/transformers-legacy-united-beast-wars-universe-silverbolt\/#breadcrumb\",\"itemListElement\":[{\"@type\":\"ListItem\",\"position\":1,\"name\":\"Home\",\"item\":\"https:\/\/hobby4geek.com\/\"},{\"@type\":\"ListItem\",\"position\":2,\"name\":\"Shop\",\"item\":\"https:\/\/hobby4geek.com\/shop\/\"},{\"@type\":\"ListItem\",\"position\":3,\"name\":\"Transformers: Legacy United &#8211; Beast Wars Universe: Silverbolt\"}]},{\"@type\":\"WebSite\",\"@id\":\"https:\/\/hobby4geek.com\/#website\",\"url\":\"https:\/\/hobby4geek.com\/\",\"name\":\"Hobby4Geek\",\"description\":\"Collect, Play &amp; Showcase, Embrace your Geekiness\",\"publisher\":{\"@id\":\"https:\/\/hobby4geek.com\/#organization\"},\"potentialAction\":[{\"@type\":\"SearchAction\",\"target\":{\"@type\":\"EntryPoint\",\"urlTemplate\":\"https:\/\/hobby4geek.com\/?s={search_term_string}\"},\"query-input\":{\"@type\":\"PropertyValueSpecification\",\"valueRequired\":true,\"valueName\":\"search_term_string\"}}],\"inLanguage\":\"es\"},{\"@type\":\"Organization\",\"@id\":\"https:\/\/hobby4geek.com\/#organization\",\"name\":\"Hobby4Geek\",\"url\":\"https:\/\/hobby4geek.com\/\",\"logo\":{\"@type\":\"ImageObject\",\"inLanguage\":\"es\",\"@id\":\"https:\/\/hobby4geek.com\/#\/schema\/logo\/image\/\",\"url\":\"https:\/\/hobby4geek.com\/wp-content\/uploads\/2023\/02\/default-kit.png\",\"contentUrl\":\"https:\/\/hobby4geek.com\/wp-content\/uploads\/2023\/02\/default-kit.png\",\"width\":600,\"height\":600,\"caption\":\"Hobby4Geek\"},\"image\":{\"@id\":\"https:\/\/hobby4geek.com\/#\/schema\/logo\/image\/\"},\"sameAs\":[\"https:\/\/www.facebook.com\/hobby4geek\",\"https:\/\/x.com\/hobby4geek\",\"https:\/\/www.instagram.com\/hobby4geek\/\"]}]}<\/script>\n<meta property=\"product:brand\" content=\"Transformers\" \/>\n<meta property=\"product:price:amount\" content=\"38.60\" \/>\n<meta property=\"product:price:currency\" content=\"EUR\" \/>\n<meta property=\"og:availability\" content=\"instock\" \/>\n<meta property=\"product:availability\" content=\"instock\" \/>\n<meta property=\"product:retailer_item_id\" content=\"5010996192158\" \/>\n<meta property=\"product:condition\" content=\"new\" \/>\n<!-- \/ Yoast SEO Premium plugin. -->","yoast_head_json":{"title":"Transformers: Legacy United - Universo Beast Wars: Silverbolt","robots":{"index":"index","follow":"follow","max-snippet":"max-snippet:-1","max-image-preview":"max-image-preview:large","max-video-preview":"max-video-preview:-1"},"canonical":"https:\/\/hobby4geek.com\/es\/producto\/transformers-legacy-united-beast-wars-universe-silverbolt\/","og_locale":"es_ES","og_type":"article","og_title":"Transformers: Legacy United - Beast Wars Universe: Silverbolt","og_description":"17.5 cm  Voyager Class  Converts robot to a wolf-eagle hybrid  32 steps","og_url":"https:\/\/hobby4geek.com\/es\/producto\/transformers-legacy-united-beast-wars-universe-silverbolt\/","og_site_name":"Hobby4Geek","article_publisher":"https:\/\/www.facebook.com\/hobby4geek","article_modified_time":"2024-11-08T19:19:47+00:00","og_image":[{"width":2000,"height":2000,"url":"https:\/\/hobby4geek.com\/wp-content\/uploads\/2024\/03\/transformers-legacy-united-beast-wars-universe-silverbolt.webp","type":"image\/webp"}],"twitter_card":"summary_large_image","twitter_site":"@hobby4geek","schema":{"@context":"https:\/\/schema.org","@graph":[{"@type":"WebPage","@id":"https:\/\/hobby4geek.com\/product\/transformers-legacy-united-beast-wars-universe-silverbolt\/","url":"https:\/\/hobby4geek.com\/product\/transformers-legacy-united-beast-wars-universe-silverbolt\/","name":"Transformers: Legacy United - Universo Beast Wars: Silverbolt","isPartOf":{"@id":"https:\/\/hobby4geek.com\/#website"},"primaryImageOfPage":{"@id":"https:\/\/hobby4geek.com\/product\/transformers-legacy-united-beast-wars-universe-silverbolt\/#primaryimage"},"image":{"@id":"https:\/\/hobby4geek.com\/product\/transformers-legacy-united-beast-wars-universe-silverbolt\/#primaryimage"},"thumbnailUrl":"https:\/\/hobby4geek.com\/wp-content\/uploads\/2024\/03\/transformers-legacy-united-beast-wars-universe-silverbolt.webp","datePublished":"2024-04-16T14:40:53+00:00","dateModified":"2024-11-08T19:19:47+00:00","breadcrumb":{"@id":"https:\/\/hobby4geek.com\/product\/transformers-legacy-united-beast-wars-universe-silverbolt\/#breadcrumb"},"inLanguage":"es","potentialAction":[{"@type":"ReadAction","target":["https:\/\/hobby4geek.com\/product\/transformers-legacy-united-beast-wars-universe-silverbolt\/"]}]},{"@type":"ImageObject","inLanguage":"es","@id":"https:\/\/hobby4geek.com\/product\/transformers-legacy-united-beast-wars-universe-silverbolt\/#primaryimage","url":"https:\/\/hobby4geek.com\/wp-content\/uploads\/2024\/03\/transformers-legacy-united-beast-wars-universe-silverbolt.webp","contentUrl":"https:\/\/hobby4geek.com\/wp-content\/uploads\/2024\/03\/transformers-legacy-united-beast-wars-universe-silverbolt.webp","width":2000,"height":2000,"caption":"Transformers Legacy United Beast Wars Universe Silverbolt"},{"@type":"BreadcrumbList","@id":"https:\/\/hobby4geek.com\/product\/transformers-legacy-united-beast-wars-universe-silverbolt\/#breadcrumb","itemListElement":[{"@type":"ListItem","position":1,"name":"Home","item":"https:\/\/hobby4geek.com\/"},{"@type":"ListItem","position":2,"name":"Shop","item":"https:\/\/hobby4geek.com\/shop\/"},{"@type":"ListItem","position":3,"name":"Transformers: Legacy United &#8211; Beast Wars Universe: Silverbolt"}]},{"@type":"WebSite","@id":"https:\/\/hobby4geek.com\/#website","url":"https:\/\/hobby4geek.com\/","name":"Hobby4Geek","description":"Coleccionar, jugar y exhibir, abrazar su frikismo","publisher":{"@id":"https:\/\/hobby4geek.com\/#organization"},"potentialAction":[{"@type":"SearchAction","target":{"@type":"EntryPoint","urlTemplate":"https:\/\/hobby4geek.com\/?s={search_term_string}"},"query-input":{"@type":"PropertyValueSpecification","valueRequired":true,"valueName":"search_term_string"}}],"inLanguage":"es"},{"@type":"Organization","@id":"https:\/\/hobby4geek.com\/#organization","name":"Hobby4Geek","url":"https:\/\/hobby4geek.com\/","logo":{"@type":"ImageObject","inLanguage":"es","@id":"https:\/\/hobby4geek.com\/#\/schema\/logo\/image\/","url":"https:\/\/hobby4geek.com\/wp-content\/uploads\/2023\/02\/default-kit.png","contentUrl":"https:\/\/hobby4geek.com\/wp-content\/uploads\/2023\/02\/default-kit.png","width":600,"height":600,"caption":"Hobby4Geek"},"image":{"@id":"https:\/\/hobby4geek.com\/#\/schema\/logo\/image\/"},"sameAs":["https:\/\/www.facebook.com\/hobby4geek","https:\/\/x.com\/hobby4geek","https:\/\/www.instagram.com\/hobby4geek\/"]}]},"product_brand":"Transformers","product_price_amount":"38.60","product_price_currency":"EUR","og_availability":"instock","product_availability":"instock","product_retailer_item_id":"5010996192158","product_condition":"new"},"_links":{"self":[{"href":"https:\/\/hobby4geek.com\/es\/wp-json\/wp\/v2\/product\/192862","targetHints":{"allow":["GET"]}}],"collection":[{"href":"https:\/\/hobby4geek.com\/es\/wp-json\/wp\/v2\/product"}],"about":[{"href":"https:\/\/hobby4geek.com\/es\/wp-json\/wp\/v2\/types\/product"}],"replies":[{"embeddable":true,"href":"https:\/\/hobby4geek.com\/es\/wp-json\/wp\/v2\/comments?post=192862"}],"version-history":[{"count":0,"href":"https:\/\/hobby4geek.com\/es\/wp-json\/wp\/v2\/product\/192862\/revisions"}],"wp:featuredmedia":[{"embeddable":true,"href":"https:\/\/hobby4geek.com\/es\/wp-json\/wp\/v2\/media\/192873"}],"wp:attachment":[{"href":"https:\/\/hobby4geek.com\/es\/wp-json\/wp\/v2\/media?parent=192862"}],"wp:term":[{"taxonomy":"product_brand","embeddable":true,"href":"https:\/\/hobby4geek.com\/es\/wp-json\/wp\/v2\/product_brand?post=192862"},{"taxonomy":"product_cat","embeddable":true,"href":"https:\/\/hobby4geek.com\/es\/wp-json\/wp\/v2\/product_cat?post=192862"},{"taxonomy":"product_tag","embeddable":true,"href":"https:\/\/hobby4geek.com\/es\/wp-json\/wp\/v2\/product_tag?post=192862"},{"taxonomy":"giftcard-category","embeddable":true,"href":"https:\/\/hobby4geek.com\/es\/wp-json\/wp\/v2\/giftcard-category?post=192862"}],"curies":[{"name":"wp","href":"https:\/\/api.w.org\/{rel}","templated":true}]}}