{"id":192521,"date":"2024-03-05T10:19:17","date_gmt":"2024-03-05T09:19:17","guid":{"rendered":"https:\/\/hobby4geek.com\/?post_type=product&#038;p=192521"},"modified":"2024-05-12T12:53:33","modified_gmt":"2024-05-12T11:53:33","slug":"transformers-missing-link-c-01-convoy","status":"publish","type":"product","link":"https:\/\/hobby4geek.com\/es\/producto\/transformers-missing-link-c-01-convoy\/","title":{"rendered":"Transformers Eslab\u00f3n Perdido C-01 Convoy"},"content":{"rendered":"<p>TAKARA TOMY Celebra el 40 aniversario de Transformers con la serie Missing Link, una reedici\u00f3n virtual que evoca la esencia de la \u00e9poca. Esta interpretaci\u00f3n del Convoy original encarna el tama\u00f1o, la textura y la nostalgia al tiempo que introduce una posabilidad mejorada y caracter\u00edsticas animadas actualizadas.<\/p>\n<p>Las aleaciones fundidas a presi\u00f3n mantienen la transformaci\u00f3n cl\u00e1sica, y las articulaciones m\u00f3viles aportan una flexibilidad sin precedentes, permitiendo poses ic\u00f3nicas.<\/p>\n<p>El embalaje y los accesorios rinden homenaje a la emoci\u00f3n de los 80, superando a las reediciones. La mec\u00e1nica mejorada de los pu\u00f1os permite una transformaci\u00f3n perfecta, y la matriz, el hacha de energ\u00eda y el ca\u00f1\u00f3n antia\u00e9reo presentan interacciones aut\u00e9nticas.<\/p>\n<p>Una pel\u00edcula secreta a\u00f1ade intriga, y el emblema secreto reacciona al calor. Un soporte, pegatinas de usuario y una nueva tarjeta de colecci\u00f3n realzan esta joya de coleccionista.<\/p>\n<p>&nbsp;<\/p>\n<ul>\n<li>Robot<\/li>\n<li>Pieza del contenedor<\/li>\n<li>Hacha de energ\u00eda<\/li>\n<li>Rifle l\u00e1ser<\/li>\n<li>Manguera<\/li>\n<li>Bomba de suministro de energ\u00eda<\/li>\n<li>Adaptador de alimentaci\u00f3n<\/li>\n<li>Rodillo<\/li>\n<li>Neum\u00e1tico de rodillo (pat\u00edn)<\/li>\n<li>Misil (corredor)<\/li>\n<li>Matriz<\/li>\n<li>Pegatina<\/li>\n<li>Pel\u00edcula secreta<\/li>\n<li>Tarjeta de colecci\u00f3n<\/li>\n<li>Papel de instrucciones<\/li>\n<li>Folleto<\/li>\n<\/ul>","protected":false},"excerpt":{"rendered":"<ul>\n<li>Robot<\/li>\n<li>Pieza del contenedor<\/li>\n<li>Hacha de energ\u00eda<\/li>\n<li>Rifle l\u00e1ser<\/li>\n<li>Manguera<\/li>\n<li>Bomba de suministro de energ\u00eda<\/li>\n<li>Adaptador de alimentaci\u00f3n<\/li>\n<li>Rodillo<\/li>\n<li>Neum\u00e1tico de rodillo (pat\u00edn)<\/li>\n<li>Misil (corredor)<\/li>\n<li>Matriz<\/li>\n<li>Pegatina<\/li>\n<li>Pel\u00edcula secreta<\/li>\n<li>Tarjeta de colecci\u00f3n<\/li>\n<li>Papel de instrucciones<\/li>\n<li>Folleto<\/li>\n<\/ul>","protected":false},"featured_media":192530,"comment_status":"open","ping_status":"closed","template":"","meta":{"inline_featured_image":false},"product_brand":[],"product_cat":[69],"product_tag":[1759,199,2434,505,1975,204,2432],"giftcard-category":[],"class_list":{"0":"post-192521","1":"product","2":"type-product","3":"status-publish","4":"has-post-thumbnail","6":"product_cat-takara-tomy","7":"product_tag-action-toys","8":"product_tag-autobot","9":"product_tag-c-01","10":"product_tag-convoy","11":"product_tag-toys-figures","12":"product_tag-transformers","13":"product_tag-transformers-missing-link","14":"product_shipping_class-free-shipping","16":"first","17":"instock","18":"taxable","19":"shipping-taxable","20":"purchasable","21":"product-type-simple","22":"add-to-wishlist-after_add_to_cart"},"yoast_head":"<!-- This site is optimized with the Yoast SEO Premium plugin v25.3.1 (Yoast SEO v27.2) - https:\/\/yoast.com\/product\/yoast-seo-premium-wordpress\/ -->\n<title>Transformers Missing Link C-01 Convoy<\/title>\n<meta name=\"robots\" content=\"index, follow, max-snippet:-1, max-image-preview:large, max-video-preview:-1\" \/>\n<link rel=\"canonical\" href=\"https:\/\/hobby4geek.com\/es\/producto\/transformers-missing-link-c-01-convoy\/\" \/>\n<meta property=\"og:locale\" content=\"es_ES\" \/>\n<meta property=\"og:type\" content=\"article\" \/>\n<meta property=\"og:title\" content=\"Transformers Missing Link C-01 Convoy\" \/>\n<meta property=\"og:description\" content=\"Robot  Container part  Energy ax  Laser rifle  Hose  Energy supply pump  Energy supply adapter  Roller  Roller tire (runner)  Missile (runner)  Matrix  Sticker  Secret film  Collection card  Instruction paper  Leaflet\" \/>\n<meta property=\"og:url\" content=\"https:\/\/hobby4geek.com\/es\/producto\/transformers-missing-link-c-01-convoy\/\" \/>\n<meta property=\"og:site_name\" content=\"Hobby4Geek\" \/>\n<meta property=\"article:publisher\" content=\"https:\/\/www.facebook.com\/hobby4geek\" \/>\n<meta property=\"article:modified_time\" content=\"2024-05-12T11:53:33+00:00\" \/>\n<meta property=\"og:image\" content=\"https:\/\/hobby4geek.com\/wp-content\/uploads\/2024\/03\/transformers-missing-link-c-01-convoy-3.jpg\" \/>\n\t<meta property=\"og:image:width\" content=\"1959\" \/>\n\t<meta property=\"og:image:height\" content=\"1974\" \/>\n\t<meta property=\"og:image:type\" content=\"image\/jpeg\" \/>\n<meta name=\"twitter:card\" content=\"summary_large_image\" \/>\n<meta name=\"twitter:site\" content=\"@hobby4geek\" \/>\n<script type=\"application\/ld+json\" class=\"yoast-schema-graph\">{\"@context\":\"https:\/\/schema.org\",\"@graph\":[{\"@type\":\"WebPage\",\"@id\":\"https:\/\/hobby4geek.com\/it\/prodotto\/transformers-missing-link-c-01-convoy\/\",\"url\":\"https:\/\/hobby4geek.com\/it\/prodotto\/transformers-missing-link-c-01-convoy\/\",\"name\":\"Transformers Missing Link C-01 Convoy\",\"isPartOf\":{\"@id\":\"https:\/\/hobby4geek.com\/#website\"},\"primaryImageOfPage\":{\"@id\":\"https:\/\/hobby4geek.com\/it\/prodotto\/transformers-missing-link-c-01-convoy\/#primaryimage\"},\"image\":{\"@id\":\"https:\/\/hobby4geek.com\/it\/prodotto\/transformers-missing-link-c-01-convoy\/#primaryimage\"},\"thumbnailUrl\":\"https:\/\/hobby4geek.com\/wp-content\/uploads\/2024\/03\/transformers-missing-link-c-01-convoy-3.jpg\",\"datePublished\":\"2024-03-05T09:19:17+00:00\",\"dateModified\":\"2024-05-12T11:53:33+00:00\",\"breadcrumb\":{\"@id\":\"https:\/\/hobby4geek.com\/it\/prodotto\/transformers-missing-link-c-01-convoy\/#breadcrumb\"},\"inLanguage\":\"es\",\"potentialAction\":[{\"@type\":\"ReadAction\",\"target\":[\"https:\/\/hobby4geek.com\/it\/prodotto\/transformers-missing-link-c-01-convoy\/\"]}]},{\"@type\":\"ImageObject\",\"inLanguage\":\"es\",\"@id\":\"https:\/\/hobby4geek.com\/it\/prodotto\/transformers-missing-link-c-01-convoy\/#primaryimage\",\"url\":\"https:\/\/hobby4geek.com\/wp-content\/uploads\/2024\/03\/transformers-missing-link-c-01-convoy-3.jpg\",\"contentUrl\":\"https:\/\/hobby4geek.com\/wp-content\/uploads\/2024\/03\/transformers-missing-link-c-01-convoy-3.jpg\",\"width\":1959,\"height\":1974,\"caption\":\"Transformers Missing Link C 01 Convoy 3\"},{\"@type\":\"BreadcrumbList\",\"@id\":\"https:\/\/hobby4geek.com\/it\/prodotto\/transformers-missing-link-c-01-convoy\/#breadcrumb\",\"itemListElement\":[{\"@type\":\"ListItem\",\"position\":1,\"name\":\"Home\",\"item\":\"https:\/\/hobby4geek.com\/\"},{\"@type\":\"ListItem\",\"position\":2,\"name\":\"Shop\",\"item\":\"https:\/\/hobby4geek.com\/shop\/\"},{\"@type\":\"ListItem\",\"position\":3,\"name\":\"Transformers Missing Link C-01 Convoy\"}]},{\"@type\":\"WebSite\",\"@id\":\"https:\/\/hobby4geek.com\/#website\",\"url\":\"https:\/\/hobby4geek.com\/\",\"name\":\"Hobby4Geek\",\"description\":\"Collect, Play &amp; Showcase, Embrace your Geekiness\",\"publisher\":{\"@id\":\"https:\/\/hobby4geek.com\/#organization\"},\"potentialAction\":[{\"@type\":\"SearchAction\",\"target\":{\"@type\":\"EntryPoint\",\"urlTemplate\":\"https:\/\/hobby4geek.com\/?s={search_term_string}\"},\"query-input\":{\"@type\":\"PropertyValueSpecification\",\"valueRequired\":true,\"valueName\":\"search_term_string\"}}],\"inLanguage\":\"es\"},{\"@type\":\"Organization\",\"@id\":\"https:\/\/hobby4geek.com\/#organization\",\"name\":\"Hobby4Geek\",\"url\":\"https:\/\/hobby4geek.com\/\",\"logo\":{\"@type\":\"ImageObject\",\"inLanguage\":\"es\",\"@id\":\"https:\/\/hobby4geek.com\/#\/schema\/logo\/image\/\",\"url\":\"https:\/\/hobby4geek.com\/wp-content\/uploads\/2023\/02\/default-kit.png\",\"contentUrl\":\"https:\/\/hobby4geek.com\/wp-content\/uploads\/2023\/02\/default-kit.png\",\"width\":600,\"height\":600,\"caption\":\"Hobby4Geek\"},\"image\":{\"@id\":\"https:\/\/hobby4geek.com\/#\/schema\/logo\/image\/\"},\"sameAs\":[\"https:\/\/www.facebook.com\/hobby4geek\",\"https:\/\/x.com\/hobby4geek\",\"https:\/\/www.instagram.com\/hobby4geek\/\"]}]}<\/script>\n<meta property=\"product:brand\" content=\"Takara Tomy\" \/>\n<meta property=\"product:price:amount\" content=\"224.80\" \/>\n<meta property=\"product:price:currency\" content=\"EUR\" \/>\n<meta property=\"og:availability\" content=\"instock\" \/>\n<meta property=\"product:availability\" content=\"instock\" \/>\n<meta property=\"product:retailer_item_id\" content=\"4904810905899\" \/>\n<meta property=\"product:condition\" content=\"new\" \/>\n<!-- \/ Yoast SEO Premium plugin. -->","yoast_head_json":{"title":"Transformers Eslab\u00f3n Perdido C-01 Convoy","robots":{"index":"index","follow":"follow","max-snippet":"max-snippet:-1","max-image-preview":"max-image-preview:large","max-video-preview":"max-video-preview:-1"},"canonical":"https:\/\/hobby4geek.com\/es\/producto\/transformers-missing-link-c-01-convoy\/","og_locale":"es_ES","og_type":"article","og_title":"Transformers Missing Link C-01 Convoy","og_description":"Robot  Container part  Energy ax  Laser rifle  Hose  Energy supply pump  Energy supply adapter  Roller  Roller tire (runner)  Missile (runner)  Matrix  Sticker  Secret film  Collection card  Instruction paper  Leaflet","og_url":"https:\/\/hobby4geek.com\/es\/producto\/transformers-missing-link-c-01-convoy\/","og_site_name":"Hobby4Geek","article_publisher":"https:\/\/www.facebook.com\/hobby4geek","article_modified_time":"2024-05-12T11:53:33+00:00","og_image":[{"width":1959,"height":1974,"url":"https:\/\/hobby4geek.com\/wp-content\/uploads\/2024\/03\/transformers-missing-link-c-01-convoy-3.jpg","type":"image\/jpeg"}],"twitter_card":"summary_large_image","twitter_site":"@hobby4geek","schema":{"@context":"https:\/\/schema.org","@graph":[{"@type":"WebPage","@id":"https:\/\/hobby4geek.com\/it\/prodotto\/transformers-missing-link-c-01-convoy\/","url":"https:\/\/hobby4geek.com\/it\/prodotto\/transformers-missing-link-c-01-convoy\/","name":"Transformers Eslab\u00f3n Perdido C-01 Convoy","isPartOf":{"@id":"https:\/\/hobby4geek.com\/#website"},"primaryImageOfPage":{"@id":"https:\/\/hobby4geek.com\/it\/prodotto\/transformers-missing-link-c-01-convoy\/#primaryimage"},"image":{"@id":"https:\/\/hobby4geek.com\/it\/prodotto\/transformers-missing-link-c-01-convoy\/#primaryimage"},"thumbnailUrl":"https:\/\/hobby4geek.com\/wp-content\/uploads\/2024\/03\/transformers-missing-link-c-01-convoy-3.jpg","datePublished":"2024-03-05T09:19:17+00:00","dateModified":"2024-05-12T11:53:33+00:00","breadcrumb":{"@id":"https:\/\/hobby4geek.com\/it\/prodotto\/transformers-missing-link-c-01-convoy\/#breadcrumb"},"inLanguage":"es","potentialAction":[{"@type":"ReadAction","target":["https:\/\/hobby4geek.com\/it\/prodotto\/transformers-missing-link-c-01-convoy\/"]}]},{"@type":"ImageObject","inLanguage":"es","@id":"https:\/\/hobby4geek.com\/it\/prodotto\/transformers-missing-link-c-01-convoy\/#primaryimage","url":"https:\/\/hobby4geek.com\/wp-content\/uploads\/2024\/03\/transformers-missing-link-c-01-convoy-3.jpg","contentUrl":"https:\/\/hobby4geek.com\/wp-content\/uploads\/2024\/03\/transformers-missing-link-c-01-convoy-3.jpg","width":1959,"height":1974,"caption":"Transformers Missing Link C 01 Convoy 3"},{"@type":"BreadcrumbList","@id":"https:\/\/hobby4geek.com\/it\/prodotto\/transformers-missing-link-c-01-convoy\/#breadcrumb","itemListElement":[{"@type":"ListItem","position":1,"name":"Home","item":"https:\/\/hobby4geek.com\/"},{"@type":"ListItem","position":2,"name":"Shop","item":"https:\/\/hobby4geek.com\/shop\/"},{"@type":"ListItem","position":3,"name":"Transformers Missing Link C-01 Convoy"}]},{"@type":"WebSite","@id":"https:\/\/hobby4geek.com\/#website","url":"https:\/\/hobby4geek.com\/","name":"Hobby4Geek","description":"Coleccionar, jugar y exhibir, abrazar su frikismo","publisher":{"@id":"https:\/\/hobby4geek.com\/#organization"},"potentialAction":[{"@type":"SearchAction","target":{"@type":"EntryPoint","urlTemplate":"https:\/\/hobby4geek.com\/?s={search_term_string}"},"query-input":{"@type":"PropertyValueSpecification","valueRequired":true,"valueName":"search_term_string"}}],"inLanguage":"es"},{"@type":"Organization","@id":"https:\/\/hobby4geek.com\/#organization","name":"Hobby4Geek","url":"https:\/\/hobby4geek.com\/","logo":{"@type":"ImageObject","inLanguage":"es","@id":"https:\/\/hobby4geek.com\/#\/schema\/logo\/image\/","url":"https:\/\/hobby4geek.com\/wp-content\/uploads\/2023\/02\/default-kit.png","contentUrl":"https:\/\/hobby4geek.com\/wp-content\/uploads\/2023\/02\/default-kit.png","width":600,"height":600,"caption":"Hobby4Geek"},"image":{"@id":"https:\/\/hobby4geek.com\/#\/schema\/logo\/image\/"},"sameAs":["https:\/\/www.facebook.com\/hobby4geek","https:\/\/x.com\/hobby4geek","https:\/\/www.instagram.com\/hobby4geek\/"]}]},"product_brand":"Takara Tomy","product_price_amount":"224.80","product_price_currency":"EUR","og_availability":"instock","product_availability":"instock","product_retailer_item_id":"4904810905899","product_condition":"new"},"_links":{"self":[{"href":"https:\/\/hobby4geek.com\/es\/wp-json\/wp\/v2\/product\/192521","targetHints":{"allow":["GET"]}}],"collection":[{"href":"https:\/\/hobby4geek.com\/es\/wp-json\/wp\/v2\/product"}],"about":[{"href":"https:\/\/hobby4geek.com\/es\/wp-json\/wp\/v2\/types\/product"}],"replies":[{"embeddable":true,"href":"https:\/\/hobby4geek.com\/es\/wp-json\/wp\/v2\/comments?post=192521"}],"version-history":[{"count":0,"href":"https:\/\/hobby4geek.com\/es\/wp-json\/wp\/v2\/product\/192521\/revisions"}],"wp:featuredmedia":[{"embeddable":true,"href":"https:\/\/hobby4geek.com\/es\/wp-json\/wp\/v2\/media\/192530"}],"wp:attachment":[{"href":"https:\/\/hobby4geek.com\/es\/wp-json\/wp\/v2\/media?parent=192521"}],"wp:term":[{"taxonomy":"product_brand","embeddable":true,"href":"https:\/\/hobby4geek.com\/es\/wp-json\/wp\/v2\/product_brand?post=192521"},{"taxonomy":"product_cat","embeddable":true,"href":"https:\/\/hobby4geek.com\/es\/wp-json\/wp\/v2\/product_cat?post=192521"},{"taxonomy":"product_tag","embeddable":true,"href":"https:\/\/hobby4geek.com\/es\/wp-json\/wp\/v2\/product_tag?post=192521"},{"taxonomy":"giftcard-category","embeddable":true,"href":"https:\/\/hobby4geek.com\/es\/wp-json\/wp\/v2\/giftcard-category?post=192521"}],"curies":[{"name":"wp","href":"https:\/\/api.w.org\/{rel}","templated":true}]}}