{"id":191566,"date":"2023-12-16T02:50:09","date_gmt":"2023-12-16T01:50:09","guid":{"rendered":"https:\/\/hobby4geek.com\/?post_type=product&#038;p=191566"},"modified":"2024-12-01T22:52:55","modified_gmt":"2024-12-01T21:52:55","slug":"transformers-legacy-united-deluxe-class-infernac-universe-magneous","status":"publish","type":"product","link":"https:\/\/hobby4geek.com\/es\/producto\/transformers-legacy-united-deluxe-class-infernac-universe-magneous\/","title":{"rendered":"Transformers: Legacy United - Clase Deluxe - Universo Infernac: Magneous"},"content":{"rendered":"<p>\u00a1Une a tus personajes favoritos de todo el mundo de los robots Transformers en tu colecci\u00f3n con la figura de acci\u00f3n Transformers Legacy United Deluxe Class Infernac Universe Magneous! Esta figura de acci\u00f3n de 5,5 pulgadas de Infernac Universe Magneous es un Armorizer, \u00a1una criatura hecha de rocas y minerales vivos de otros planetas! Combina este Armorizer con otras figuras Transformers para crear armaduras y armas de roca. La figura tambi\u00e9n cambia entre los modos de criatura rocosa y veh\u00edculo todoterreno en 10 pasos. Prep\u00e1rate para la batalla con el hacha de roca y el escudo incluidos. Celebra los \u00faltimos 40 a\u00f1os de historia de Transformers con las figuras de acci\u00f3n Transformers Legacy. Transformers Legacy abre el portal a todo un nuevo universo de - M\u00e1s de lo que parece - reuniendo a todas las generaciones de Transformers como nunca antes lo hab\u00edas visto. Colecciona y combina diferentes personajes para crear tu alineaci\u00f3n Legacy ideal.<\/p>\n<ul>\n<li>14 cm<\/li>\n<li>Clase de Lujo<\/li>\n<li>Convierte el robot en un juguete Armorizer<\/li>\n<li>10 pasos<\/li>\n<\/ul>","protected":false},"excerpt":{"rendered":"<ul>\n<li>14 cm<\/li>\n<li>Clase de Lujo<\/li>\n<li>Convierte el robot en un juguete Armorizer<\/li>\n<li>10 pasos<\/li>\n<li style=\"list-style-type: none;\"><\/li>\n<\/ul>","protected":false},"featured_media":191576,"comment_status":"open","ping_status":"closed","template":"","meta":{"inline_featured_image":false},"product_brand":[],"product_cat":[68,69,1955,1960],"product_tag":[1759,1964,335,2405,2400,2408,1860,1975,204],"giftcard-category":[],"class_list":{"0":"post-191566","1":"product","2":"type-product","3":"status-publish","4":"has-post-thumbnail","6":"product_cat-hasbro","7":"product_cat-takara-tomy","8":"product_cat-transformers","9":"product_cat-transformers-generations","10":"product_tag-action-toys","11":"product_tag-deluxe-class","12":"product_tag-hasbro","13":"product_tag-infernac-universe","14":"product_tag-legacy-united","15":"product_tag-magneous","16":"product_tag-takaratomy","17":"product_tag-toys-figures","18":"product_tag-transformers","19":"product_shipping_class-light","20":"inventories-france-inventory","22":"first","23":"instock","24":"featured","25":"taxable","26":"shipping-taxable","27":"purchasable","28":"product-type-simple","29":"add-to-wishlist-after_add_to_cart"},"yoast_head":"<!-- This site is optimized with the Yoast SEO Premium plugin v25.3.1 (Yoast SEO v27.4) - https:\/\/yoast.com\/product\/yoast-seo-premium-wordpress\/ -->\n<title>Transformers: Legacy United - Deluxe Class - Infernac Universe: Magneous<\/title>\n<meta name=\"robots\" content=\"index, follow, max-snippet:-1, max-image-preview:large, max-video-preview:-1\" \/>\n<link rel=\"canonical\" href=\"https:\/\/hobby4geek.com\/es\/producto\/transformers-legacy-united-deluxe-class-infernac-universe-magneous\/\" \/>\n<meta property=\"og:locale\" content=\"es_ES\" \/>\n<meta property=\"og:type\" content=\"article\" \/>\n<meta property=\"og:title\" content=\"Transformers: Legacy United - Deluxe Class - Infernac Universe: Magneous\" \/>\n<meta property=\"og:description\" content=\"14 cm  Deluxe Class  Converts robot to Armorizer toy  10 steps\" \/>\n<meta property=\"og:url\" content=\"https:\/\/hobby4geek.com\/es\/producto\/transformers-legacy-united-deluxe-class-infernac-universe-magneous\/\" \/>\n<meta property=\"og:site_name\" content=\"Hobby4Geek\" \/>\n<meta property=\"article:publisher\" content=\"https:\/\/www.facebook.com\/hobby4geek\" \/>\n<meta property=\"article:modified_time\" content=\"2024-12-01T21:52:55+00:00\" \/>\n<meta property=\"og:image\" content=\"https:\/\/hobby4geek.com\/wp-content\/uploads\/2023\/12\/transformers-legacy-united-deluxe-class-infernac-universe-magneous-9.webp\" \/>\n\t<meta property=\"og:image:width\" content=\"2000\" \/>\n\t<meta property=\"og:image:height\" content=\"2000\" \/>\n\t<meta property=\"og:image:type\" content=\"image\/webp\" \/>\n<meta name=\"twitter:card\" content=\"summary_large_image\" \/>\n<meta name=\"twitter:site\" content=\"@hobby4geek\" \/>\n<script type=\"application\/ld+json\" class=\"yoast-schema-graph\">{\"@context\":\"https:\\\/\\\/schema.org\",\"@graph\":[{\"@type\":\"WebPage\",\"@id\":\"https:\\\/\\\/hobby4geek.com\\\/product\\\/transformers-legacy-united-deluxe-class-infernac-universe-magneous\\\/\",\"url\":\"https:\\\/\\\/hobby4geek.com\\\/product\\\/transformers-legacy-united-deluxe-class-infernac-universe-magneous\\\/\",\"name\":\"Transformers: Legacy United - Deluxe Class - Infernac Universe: Magneous\",\"isPartOf\":{\"@id\":\"https:\\\/\\\/hobby4geek.com\\\/#website\"},\"primaryImageOfPage\":{\"@id\":\"https:\\\/\\\/hobby4geek.com\\\/product\\\/transformers-legacy-united-deluxe-class-infernac-universe-magneous\\\/#primaryimage\"},\"image\":{\"@id\":\"https:\\\/\\\/hobby4geek.com\\\/product\\\/transformers-legacy-united-deluxe-class-infernac-universe-magneous\\\/#primaryimage\"},\"thumbnailUrl\":\"https:\\\/\\\/hobby4geek.com\\\/wp-content\\\/uploads\\\/2023\\\/12\\\/transformers-legacy-united-deluxe-class-infernac-universe-magneous-9.webp\",\"datePublished\":\"2023-12-16T01:50:09+00:00\",\"dateModified\":\"2024-12-01T21:52:55+00:00\",\"breadcrumb\":{\"@id\":\"https:\\\/\\\/hobby4geek.com\\\/product\\\/transformers-legacy-united-deluxe-class-infernac-universe-magneous\\\/#breadcrumb\"},\"inLanguage\":\"es\",\"potentialAction\":[{\"@type\":\"ReadAction\",\"target\":[\"https:\\\/\\\/hobby4geek.com\\\/product\\\/transformers-legacy-united-deluxe-class-infernac-universe-magneous\\\/\"]}]},{\"@type\":\"ImageObject\",\"inLanguage\":\"es\",\"@id\":\"https:\\\/\\\/hobby4geek.com\\\/product\\\/transformers-legacy-united-deluxe-class-infernac-universe-magneous\\\/#primaryimage\",\"url\":\"https:\\\/\\\/hobby4geek.com\\\/wp-content\\\/uploads\\\/2023\\\/12\\\/transformers-legacy-united-deluxe-class-infernac-universe-magneous-9.webp\",\"contentUrl\":\"https:\\\/\\\/hobby4geek.com\\\/wp-content\\\/uploads\\\/2023\\\/12\\\/transformers-legacy-united-deluxe-class-infernac-universe-magneous-9.webp\",\"width\":2000,\"height\":2000,\"caption\":\"Transformers Legacy United Deluxe Class Infernac Universe Magneous\"},{\"@type\":\"BreadcrumbList\",\"@id\":\"https:\\\/\\\/hobby4geek.com\\\/product\\\/transformers-legacy-united-deluxe-class-infernac-universe-magneous\\\/#breadcrumb\",\"itemListElement\":[{\"@type\":\"ListItem\",\"position\":1,\"name\":\"Home\",\"item\":\"https:\\\/\\\/hobby4geek.com\\\/\"},{\"@type\":\"ListItem\",\"position\":2,\"name\":\"Shop\",\"item\":\"https:\\\/\\\/hobby4geek.com\\\/shop\\\/\"},{\"@type\":\"ListItem\",\"position\":3,\"name\":\"Transformers: Legacy United &#8211; Deluxe Class &#8211; Infernac Universe: Magneous\"}]},{\"@type\":\"WebSite\",\"@id\":\"https:\\\/\\\/hobby4geek.com\\\/#website\",\"url\":\"https:\\\/\\\/hobby4geek.com\\\/\",\"name\":\"Hobby4Geek\",\"description\":\"Collect, Play &amp; Showcase, Embrace your Geekiness\",\"publisher\":{\"@id\":\"https:\\\/\\\/hobby4geek.com\\\/#organization\"},\"potentialAction\":[{\"@type\":\"SearchAction\",\"target\":{\"@type\":\"EntryPoint\",\"urlTemplate\":\"https:\\\/\\\/hobby4geek.com\\\/?s={search_term_string}\"},\"query-input\":{\"@type\":\"PropertyValueSpecification\",\"valueRequired\":true,\"valueName\":\"search_term_string\"}}],\"inLanguage\":\"es\"},{\"@type\":\"Organization\",\"@id\":\"https:\\\/\\\/hobby4geek.com\\\/#organization\",\"name\":\"Hobby4Geek\",\"url\":\"https:\\\/\\\/hobby4geek.com\\\/\",\"logo\":{\"@type\":\"ImageObject\",\"inLanguage\":\"es\",\"@id\":\"https:\\\/\\\/hobby4geek.com\\\/#\\\/schema\\\/logo\\\/image\\\/\",\"url\":\"https:\\\/\\\/hobby4geek.com\\\/wp-content\\\/uploads\\\/2023\\\/02\\\/default-kit.png\",\"contentUrl\":\"https:\\\/\\\/hobby4geek.com\\\/wp-content\\\/uploads\\\/2023\\\/02\\\/default-kit.png\",\"width\":600,\"height\":600,\"caption\":\"Hobby4Geek\"},\"image\":{\"@id\":\"https:\\\/\\\/hobby4geek.com\\\/#\\\/schema\\\/logo\\\/image\\\/\"},\"sameAs\":[\"https:\\\/\\\/www.facebook.com\\\/hobby4geek\",\"https:\\\/\\\/x.com\\\/hobby4geek\",\"https:\\\/\\\/www.instagram.com\\\/hobby4geek\\\/\"]}]}<\/script>\n<meta property=\"product:brand\" content=\"Hasbro\" \/>\n<meta property=\"product:price:amount\" content=\"27.80\" \/>\n<meta property=\"product:price:currency\" content=\"EUR\" \/>\n<meta property=\"og:availability\" content=\"instock\" \/>\n<meta property=\"product:availability\" content=\"instock\" \/>\n<meta property=\"product:retailer_item_id\" content=\"5010996195968\" \/>\n<meta property=\"product:condition\" content=\"new\" \/>\n<!-- \/ Yoast SEO Premium plugin. -->","yoast_head_json":{"title":"Transformers: Legacy United - Clase Deluxe - Universo Infernac: Magneous","robots":{"index":"index","follow":"follow","max-snippet":"max-snippet:-1","max-image-preview":"max-image-preview:large","max-video-preview":"max-video-preview:-1"},"canonical":"https:\/\/hobby4geek.com\/es\/producto\/transformers-legacy-united-deluxe-class-infernac-universe-magneous\/","og_locale":"es_ES","og_type":"article","og_title":"Transformers: Legacy United - Deluxe Class - Infernac Universe: Magneous","og_description":"14 cm  Deluxe Class  Converts robot to Armorizer toy  10 steps","og_url":"https:\/\/hobby4geek.com\/es\/producto\/transformers-legacy-united-deluxe-class-infernac-universe-magneous\/","og_site_name":"Hobby4Geek","article_publisher":"https:\/\/www.facebook.com\/hobby4geek","article_modified_time":"2024-12-01T21:52:55+00:00","og_image":[{"width":2000,"height":2000,"url":"https:\/\/hobby4geek.com\/wp-content\/uploads\/2023\/12\/transformers-legacy-united-deluxe-class-infernac-universe-magneous-9.webp","type":"image\/webp"}],"twitter_card":"summary_large_image","twitter_site":"@hobby4geek","schema":{"@context":"https:\/\/schema.org","@graph":[{"@type":"WebPage","@id":"https:\/\/hobby4geek.com\/product\/transformers-legacy-united-deluxe-class-infernac-universe-magneous\/","url":"https:\/\/hobby4geek.com\/product\/transformers-legacy-united-deluxe-class-infernac-universe-magneous\/","name":"Transformers: Legacy United - Clase Deluxe - Universo Infernac: Magneous","isPartOf":{"@id":"https:\/\/hobby4geek.com\/#website"},"primaryImageOfPage":{"@id":"https:\/\/hobby4geek.com\/product\/transformers-legacy-united-deluxe-class-infernac-universe-magneous\/#primaryimage"},"image":{"@id":"https:\/\/hobby4geek.com\/product\/transformers-legacy-united-deluxe-class-infernac-universe-magneous\/#primaryimage"},"thumbnailUrl":"https:\/\/hobby4geek.com\/wp-content\/uploads\/2023\/12\/transformers-legacy-united-deluxe-class-infernac-universe-magneous-9.webp","datePublished":"2023-12-16T01:50:09+00:00","dateModified":"2024-12-01T21:52:55+00:00","breadcrumb":{"@id":"https:\/\/hobby4geek.com\/product\/transformers-legacy-united-deluxe-class-infernac-universe-magneous\/#breadcrumb"},"inLanguage":"es","potentialAction":[{"@type":"ReadAction","target":["https:\/\/hobby4geek.com\/product\/transformers-legacy-united-deluxe-class-infernac-universe-magneous\/"]}]},{"@type":"ImageObject","inLanguage":"es","@id":"https:\/\/hobby4geek.com\/product\/transformers-legacy-united-deluxe-class-infernac-universe-magneous\/#primaryimage","url":"https:\/\/hobby4geek.com\/wp-content\/uploads\/2023\/12\/transformers-legacy-united-deluxe-class-infernac-universe-magneous-9.webp","contentUrl":"https:\/\/hobby4geek.com\/wp-content\/uploads\/2023\/12\/transformers-legacy-united-deluxe-class-infernac-universe-magneous-9.webp","width":2000,"height":2000,"caption":"Transformers Legacy United Deluxe Class Infernac Universe Magneous"},{"@type":"BreadcrumbList","@id":"https:\/\/hobby4geek.com\/product\/transformers-legacy-united-deluxe-class-infernac-universe-magneous\/#breadcrumb","itemListElement":[{"@type":"ListItem","position":1,"name":"Home","item":"https:\/\/hobby4geek.com\/"},{"@type":"ListItem","position":2,"name":"Shop","item":"https:\/\/hobby4geek.com\/shop\/"},{"@type":"ListItem","position":3,"name":"Transformers: Legacy United &#8211; Deluxe Class &#8211; Infernac Universe: Magneous"}]},{"@type":"WebSite","@id":"https:\/\/hobby4geek.com\/#website","url":"https:\/\/hobby4geek.com\/","name":"Hobby4Geek","description":"Coleccionar, jugar y exhibir, abrazar su frikismo","publisher":{"@id":"https:\/\/hobby4geek.com\/#organization"},"potentialAction":[{"@type":"SearchAction","target":{"@type":"EntryPoint","urlTemplate":"https:\/\/hobby4geek.com\/?s={search_term_string}"},"query-input":{"@type":"PropertyValueSpecification","valueRequired":true,"valueName":"search_term_string"}}],"inLanguage":"es"},{"@type":"Organization","@id":"https:\/\/hobby4geek.com\/#organization","name":"Hobby4Geek","url":"https:\/\/hobby4geek.com\/","logo":{"@type":"ImageObject","inLanguage":"es","@id":"https:\/\/hobby4geek.com\/#\/schema\/logo\/image\/","url":"https:\/\/hobby4geek.com\/wp-content\/uploads\/2023\/02\/default-kit.png","contentUrl":"https:\/\/hobby4geek.com\/wp-content\/uploads\/2023\/02\/default-kit.png","width":600,"height":600,"caption":"Hobby4Geek"},"image":{"@id":"https:\/\/hobby4geek.com\/#\/schema\/logo\/image\/"},"sameAs":["https:\/\/www.facebook.com\/hobby4geek","https:\/\/x.com\/hobby4geek","https:\/\/www.instagram.com\/hobby4geek\/"]}]},"product_brand":"Hasbro","product_price_amount":"27.80","product_price_currency":"EUR","og_availability":"instock","product_availability":"instock","product_retailer_item_id":"5010996195968","product_condition":"new"},"_links":{"self":[{"href":"https:\/\/hobby4geek.com\/es\/wp-json\/wp\/v2\/product\/191566","targetHints":{"allow":["GET"]}}],"collection":[{"href":"https:\/\/hobby4geek.com\/es\/wp-json\/wp\/v2\/product"}],"about":[{"href":"https:\/\/hobby4geek.com\/es\/wp-json\/wp\/v2\/types\/product"}],"replies":[{"embeddable":true,"href":"https:\/\/hobby4geek.com\/es\/wp-json\/wp\/v2\/comments?post=191566"}],"version-history":[{"count":0,"href":"https:\/\/hobby4geek.com\/es\/wp-json\/wp\/v2\/product\/191566\/revisions"}],"wp:featuredmedia":[{"embeddable":true,"href":"https:\/\/hobby4geek.com\/es\/wp-json\/wp\/v2\/media\/191576"}],"wp:attachment":[{"href":"https:\/\/hobby4geek.com\/es\/wp-json\/wp\/v2\/media?parent=191566"}],"wp:term":[{"taxonomy":"product_brand","embeddable":true,"href":"https:\/\/hobby4geek.com\/es\/wp-json\/wp\/v2\/product_brand?post=191566"},{"taxonomy":"product_cat","embeddable":true,"href":"https:\/\/hobby4geek.com\/es\/wp-json\/wp\/v2\/product_cat?post=191566"},{"taxonomy":"product_tag","embeddable":true,"href":"https:\/\/hobby4geek.com\/es\/wp-json\/wp\/v2\/product_tag?post=191566"},{"taxonomy":"giftcard-category","embeddable":true,"href":"https:\/\/hobby4geek.com\/es\/wp-json\/wp\/v2\/giftcard-category?post=191566"}],"curies":[{"name":"wp","href":"https:\/\/api.w.org\/{rel}","templated":true}]}}