{"id":191034,"date":"2023-08-03T17:35:00","date_gmt":"2023-08-03T15:35:00","guid":{"rendered":"https:\/\/hobby4geek.com\/?post_type=product&#038;p=191034"},"modified":"2024-08-11T12:46:39","modified_gmt":"2024-08-11T11:46:39","slug":"ravensburger-puzzle-pokemon-pikachu-friends-2x24-pieces","status":"publish","type":"product","link":"https:\/\/hobby4geek.com\/es\/producto\/ravensburger-puzzle-pokemon-pikachu-friends-2x24-pieces\/","title":{"rendered":"Puzzle Ravensburger - Pok\u00e9mon: Pikachu &amp; Friends (2\u00d724 Piezas)"},"content":{"rendered":"<p>Una actividad tranquila, divertida y educativa con Pikachu, Squirtle y Charizard del universo Pok\u00e9mon.<\/p>\n<p>Esta caja contiene 2 puzzles de 24 piezas cada uno, as\u00ed como p\u00f3sters a tama\u00f1o real. El n\u00famero y el tama\u00f1o de las piezas est\u00e1n pensados para que los ni\u00f1os a partir de 4 a\u00f1os puedan montar sus puzles, \u00a1en el mundo de sus h\u00e9roes favoritos!<\/p>\n<p>Buscar las piezas, unirlas y disfrutar viendo c\u00f3mo la imagen se hace cada vez m\u00e1s grande: \u00a1en eso consiste hacer puzzles! Por eso a los ni\u00f1os les encanta montar las piezas del puzzle una y otra vez para crear sus dise\u00f1os favoritos. Pero los puzzles ofrecen mucho m\u00e1s que juego: al montar un puzzle de la dificultad adecuada, los ni\u00f1os de todas las edades experimentan retos, aprenden a ser m\u00e1s pacientes y refuerzan su confianza en s\u00ed mismos. Todos encontrar\u00e1n el puzzle que les guste entre nuestro amplio surtido de puzzles infantiles Ravensburger, de 2 a 300 piezas, ilustrados con los dise\u00f1os favoritos de los ni\u00f1os. Damos gran importancia a la elecci\u00f3n de los dise\u00f1os y a la alta calidad de nuestros puzzles infantiles. Por eso, la seguridad de todos los materiales est\u00e1 certificada por un instituto independiente. Llevamos m\u00e1s de 100 a\u00f1os desarrollando puzzles como les gustan a los ni\u00f1os: el dise\u00f1o, el n\u00famero de piezas y el tama\u00f1o de las mismas se adaptan a su edad.<\/p>\n<ul>\n<li>Puzzle<\/li>\n<li>Con licencia oficial<\/li>\n<li>2 x 24 piezas<\/li>\n<li>Dimensiones: 26 x 18 cm sobre<\/li>\n<\/ul>","protected":false},"excerpt":{"rendered":"<ul>\n<li>Puzzle<\/li>\n<li>Con licencia oficial<\/li>\n<li>2 x 24 piezas<\/li>\n<li>Dimensiones: 26 x 18 cm sobre<\/li>\n<\/ul>","protected":false},"featured_media":191035,"comment_status":"open","ping_status":"closed","template":"","meta":{"inline_featured_image":false},"product_brand":[],"product_cat":[2012,2265],"product_tag":[2384,1968,2021,2016,2383,1971,2266],"giftcard-category":[],"class_list":{"0":"post-191034","1":"product","2":"type-product","3":"status-publish","4":"has-post-thumbnail","6":"product_cat-pokemon","7":"product_cat-ravensburger","8":"product_tag-2x24-piecess","9":"product_tag-games","10":"product_tag-pikachu","11":"product_tag-pokemon","12":"product_tag-pokemon-pikachu-friends","13":"product_tag-puzzle","14":"product_tag-ravensbuger","15":"product_shipping_class-standard","17":"first","18":"outofstock","19":"taxable","20":"shipping-taxable","21":"purchasable","22":"product-type-simple","23":"add-to-wishlist-after_add_to_cart"},"yoast_head":"<!-- This site is optimized with the Yoast SEO Premium plugin v25.3.1 (Yoast SEO v27.2) - https:\/\/yoast.com\/product\/yoast-seo-premium-wordpress\/ -->\n<title>Ravensburger Puzzle - Pok\u00e9mon: Pikachu &amp; Friends (2x24 Pieces)<\/title>\n<meta name=\"robots\" content=\"index, follow, max-snippet:-1, max-image-preview:large, max-video-preview:-1\" \/>\n<link rel=\"canonical\" href=\"https:\/\/hobby4geek.com\/es\/producto\/ravensburger-puzzle-pokemon-pikachu-friends-2x24-pieces\/\" \/>\n<meta property=\"og:locale\" content=\"es_ES\" \/>\n<meta property=\"og:type\" content=\"article\" \/>\n<meta property=\"og:title\" content=\"Ravensburger Puzzle - Pok\u00e9mon: Pikachu &amp; Friends (2x24 Pieces)\" \/>\n<meta property=\"og:description\" content=\"Puzzle  Officially licensed  2 x 24 pieces  Dimensions: 26 x 18 cm over\" \/>\n<meta property=\"og:url\" content=\"https:\/\/hobby4geek.com\/es\/producto\/ravensburger-puzzle-pokemon-pikachu-friends-2x24-pieces\/\" \/>\n<meta property=\"og:site_name\" content=\"Hobby4Geek\" \/>\n<meta property=\"article:publisher\" content=\"https:\/\/www.facebook.com\/hobby4geek\" \/>\n<meta property=\"article:modified_time\" content=\"2024-08-11T11:46:39+00:00\" \/>\n<meta property=\"og:image\" content=\"https:\/\/hobby4geek.com\/wp-content\/uploads\/2023\/12\/ravensburger-puzzle-pokemon-pikachu-friends-2x24-pieces.jpg\" \/>\n\t<meta property=\"og:image:width\" content=\"1024\" \/>\n\t<meta property=\"og:image:height\" content=\"789\" \/>\n\t<meta property=\"og:image:type\" content=\"image\/jpeg\" \/>\n<meta name=\"twitter:card\" content=\"summary_large_image\" \/>\n<meta name=\"twitter:site\" content=\"@hobby4geek\" \/>\n<script type=\"application\/ld+json\" class=\"yoast-schema-graph\">{\"@context\":\"https:\/\/schema.org\",\"@graph\":[{\"@type\":\"WebPage\",\"@id\":\"https:\/\/hobby4geek.com\/product\/ravensburger-puzzle-pokemon-pikachu-friends-2x24-pieces\/\",\"url\":\"https:\/\/hobby4geek.com\/product\/ravensburger-puzzle-pokemon-pikachu-friends-2x24-pieces\/\",\"name\":\"Ravensburger Puzzle - Pok\u00e9mon: Pikachu & Friends (2x24 Pieces)\",\"isPartOf\":{\"@id\":\"https:\/\/hobby4geek.com\/#website\"},\"primaryImageOfPage\":{\"@id\":\"https:\/\/hobby4geek.com\/product\/ravensburger-puzzle-pokemon-pikachu-friends-2x24-pieces\/#primaryimage\"},\"image\":{\"@id\":\"https:\/\/hobby4geek.com\/product\/ravensburger-puzzle-pokemon-pikachu-friends-2x24-pieces\/#primaryimage\"},\"thumbnailUrl\":\"https:\/\/hobby4geek.com\/wp-content\/uploads\/2023\/12\/ravensburger-puzzle-pokemon-pikachu-friends-2x24-pieces.jpg\",\"datePublished\":\"2023-08-03T15:35:00+00:00\",\"dateModified\":\"2024-08-11T11:46:39+00:00\",\"breadcrumb\":{\"@id\":\"https:\/\/hobby4geek.com\/product\/ravensburger-puzzle-pokemon-pikachu-friends-2x24-pieces\/#breadcrumb\"},\"inLanguage\":\"es\",\"potentialAction\":[{\"@type\":\"ReadAction\",\"target\":[\"https:\/\/hobby4geek.com\/product\/ravensburger-puzzle-pokemon-pikachu-friends-2x24-pieces\/\"]}]},{\"@type\":\"ImageObject\",\"inLanguage\":\"es\",\"@id\":\"https:\/\/hobby4geek.com\/product\/ravensburger-puzzle-pokemon-pikachu-friends-2x24-pieces\/#primaryimage\",\"url\":\"https:\/\/hobby4geek.com\/wp-content\/uploads\/2023\/12\/ravensburger-puzzle-pokemon-pikachu-friends-2x24-pieces.jpg\",\"contentUrl\":\"https:\/\/hobby4geek.com\/wp-content\/uploads\/2023\/12\/ravensburger-puzzle-pokemon-pikachu-friends-2x24-pieces.jpg\",\"width\":1024,\"height\":789},{\"@type\":\"BreadcrumbList\",\"@id\":\"https:\/\/hobby4geek.com\/product\/ravensburger-puzzle-pokemon-pikachu-friends-2x24-pieces\/#breadcrumb\",\"itemListElement\":[{\"@type\":\"ListItem\",\"position\":1,\"name\":\"Home\",\"item\":\"https:\/\/hobby4geek.com\/\"},{\"@type\":\"ListItem\",\"position\":2,\"name\":\"Shop\",\"item\":\"https:\/\/hobby4geek.com\/shop\/\"},{\"@type\":\"ListItem\",\"position\":3,\"name\":\"Ravensburger Puzzle &#8211; Pok\u00e9mon: Pikachu &#038; Friends (2&#215;24 Pieces)\"}]},{\"@type\":\"WebSite\",\"@id\":\"https:\/\/hobby4geek.com\/#website\",\"url\":\"https:\/\/hobby4geek.com\/\",\"name\":\"Hobby4Geek\",\"description\":\"Collect, Play &amp; Showcase, Embrace your Geekiness\",\"publisher\":{\"@id\":\"https:\/\/hobby4geek.com\/#organization\"},\"potentialAction\":[{\"@type\":\"SearchAction\",\"target\":{\"@type\":\"EntryPoint\",\"urlTemplate\":\"https:\/\/hobby4geek.com\/?s={search_term_string}\"},\"query-input\":{\"@type\":\"PropertyValueSpecification\",\"valueRequired\":true,\"valueName\":\"search_term_string\"}}],\"inLanguage\":\"es\"},{\"@type\":\"Organization\",\"@id\":\"https:\/\/hobby4geek.com\/#organization\",\"name\":\"Hobby4Geek\",\"url\":\"https:\/\/hobby4geek.com\/\",\"logo\":{\"@type\":\"ImageObject\",\"inLanguage\":\"es\",\"@id\":\"https:\/\/hobby4geek.com\/#\/schema\/logo\/image\/\",\"url\":\"https:\/\/hobby4geek.com\/wp-content\/uploads\/2023\/02\/default-kit.png\",\"contentUrl\":\"https:\/\/hobby4geek.com\/wp-content\/uploads\/2023\/02\/default-kit.png\",\"width\":600,\"height\":600,\"caption\":\"Hobby4Geek\"},\"image\":{\"@id\":\"https:\/\/hobby4geek.com\/#\/schema\/logo\/image\/\"},\"sameAs\":[\"https:\/\/www.facebook.com\/hobby4geek\",\"https:\/\/x.com\/hobby4geek\",\"https:\/\/www.instagram.com\/hobby4geek\/\"]}]}<\/script>\n<meta property=\"product:brand\" content=\"Pok\u00e9mon\" \/>\n<meta property=\"product:price:amount\" content=\"12.80\" \/>\n<meta property=\"product:price:currency\" content=\"EUR\" \/>\n<meta property=\"og:availability\" content=\"out of stock\" \/>\n<meta property=\"product:availability\" content=\"out of stock\" \/>\n<meta property=\"product:retailer_item_id\" content=\"4005556056682\" \/>\n<meta property=\"product:condition\" content=\"new\" \/>\n<!-- \/ Yoast SEO Premium plugin. -->","yoast_head_json":{"title":"Puzzle Ravensburger - Pok\u00e9mon: Pikachu &amp; Friends (2x24 Piezas)","robots":{"index":"index","follow":"follow","max-snippet":"max-snippet:-1","max-image-preview":"max-image-preview:large","max-video-preview":"max-video-preview:-1"},"canonical":"https:\/\/hobby4geek.com\/es\/producto\/ravensburger-puzzle-pokemon-pikachu-friends-2x24-pieces\/","og_locale":"es_ES","og_type":"article","og_title":"Ravensburger Puzzle - Pok\u00e9mon: Pikachu & Friends (2x24 Pieces)","og_description":"Puzzle  Officially licensed  2 x 24 pieces  Dimensions: 26 x 18 cm over","og_url":"https:\/\/hobby4geek.com\/es\/producto\/ravensburger-puzzle-pokemon-pikachu-friends-2x24-pieces\/","og_site_name":"Hobby4Geek","article_publisher":"https:\/\/www.facebook.com\/hobby4geek","article_modified_time":"2024-08-11T11:46:39+00:00","og_image":[{"width":1024,"height":789,"url":"https:\/\/hobby4geek.com\/wp-content\/uploads\/2023\/12\/ravensburger-puzzle-pokemon-pikachu-friends-2x24-pieces.jpg","type":"image\/jpeg"}],"twitter_card":"summary_large_image","twitter_site":"@hobby4geek","schema":{"@context":"https:\/\/schema.org","@graph":[{"@type":"WebPage","@id":"https:\/\/hobby4geek.com\/product\/ravensburger-puzzle-pokemon-pikachu-friends-2x24-pieces\/","url":"https:\/\/hobby4geek.com\/product\/ravensburger-puzzle-pokemon-pikachu-friends-2x24-pieces\/","name":"Puzzle Ravensburger - Pok\u00e9mon: Pikachu &amp; Friends (2x24 Piezas)","isPartOf":{"@id":"https:\/\/hobby4geek.com\/#website"},"primaryImageOfPage":{"@id":"https:\/\/hobby4geek.com\/product\/ravensburger-puzzle-pokemon-pikachu-friends-2x24-pieces\/#primaryimage"},"image":{"@id":"https:\/\/hobby4geek.com\/product\/ravensburger-puzzle-pokemon-pikachu-friends-2x24-pieces\/#primaryimage"},"thumbnailUrl":"https:\/\/hobby4geek.com\/wp-content\/uploads\/2023\/12\/ravensburger-puzzle-pokemon-pikachu-friends-2x24-pieces.jpg","datePublished":"2023-08-03T15:35:00+00:00","dateModified":"2024-08-11T11:46:39+00:00","breadcrumb":{"@id":"https:\/\/hobby4geek.com\/product\/ravensburger-puzzle-pokemon-pikachu-friends-2x24-pieces\/#breadcrumb"},"inLanguage":"es","potentialAction":[{"@type":"ReadAction","target":["https:\/\/hobby4geek.com\/product\/ravensburger-puzzle-pokemon-pikachu-friends-2x24-pieces\/"]}]},{"@type":"ImageObject","inLanguage":"es","@id":"https:\/\/hobby4geek.com\/product\/ravensburger-puzzle-pokemon-pikachu-friends-2x24-pieces\/#primaryimage","url":"https:\/\/hobby4geek.com\/wp-content\/uploads\/2023\/12\/ravensburger-puzzle-pokemon-pikachu-friends-2x24-pieces.jpg","contentUrl":"https:\/\/hobby4geek.com\/wp-content\/uploads\/2023\/12\/ravensburger-puzzle-pokemon-pikachu-friends-2x24-pieces.jpg","width":1024,"height":789},{"@type":"BreadcrumbList","@id":"https:\/\/hobby4geek.com\/product\/ravensburger-puzzle-pokemon-pikachu-friends-2x24-pieces\/#breadcrumb","itemListElement":[{"@type":"ListItem","position":1,"name":"Home","item":"https:\/\/hobby4geek.com\/"},{"@type":"ListItem","position":2,"name":"Shop","item":"https:\/\/hobby4geek.com\/shop\/"},{"@type":"ListItem","position":3,"name":"Ravensburger Puzzle &#8211; Pok\u00e9mon: Pikachu &#038; Friends (2&#215;24 Pieces)"}]},{"@type":"WebSite","@id":"https:\/\/hobby4geek.com\/#website","url":"https:\/\/hobby4geek.com\/","name":"Hobby4Geek","description":"Coleccionar, jugar y exhibir, abrazar su frikismo","publisher":{"@id":"https:\/\/hobby4geek.com\/#organization"},"potentialAction":[{"@type":"SearchAction","target":{"@type":"EntryPoint","urlTemplate":"https:\/\/hobby4geek.com\/?s={search_term_string}"},"query-input":{"@type":"PropertyValueSpecification","valueRequired":true,"valueName":"search_term_string"}}],"inLanguage":"es"},{"@type":"Organization","@id":"https:\/\/hobby4geek.com\/#organization","name":"Hobby4Geek","url":"https:\/\/hobby4geek.com\/","logo":{"@type":"ImageObject","inLanguage":"es","@id":"https:\/\/hobby4geek.com\/#\/schema\/logo\/image\/","url":"https:\/\/hobby4geek.com\/wp-content\/uploads\/2023\/02\/default-kit.png","contentUrl":"https:\/\/hobby4geek.com\/wp-content\/uploads\/2023\/02\/default-kit.png","width":600,"height":600,"caption":"Hobby4Geek"},"image":{"@id":"https:\/\/hobby4geek.com\/#\/schema\/logo\/image\/"},"sameAs":["https:\/\/www.facebook.com\/hobby4geek","https:\/\/x.com\/hobby4geek","https:\/\/www.instagram.com\/hobby4geek\/"]}]},"product_brand":"Pok\u00e9mon","product_price_amount":"12.80","product_price_currency":"EUR","og_availability":"out of stock","product_availability":"out of stock","product_retailer_item_id":"4005556056682","product_condition":"new"},"_links":{"self":[{"href":"https:\/\/hobby4geek.com\/es\/wp-json\/wp\/v2\/product\/191034","targetHints":{"allow":["GET"]}}],"collection":[{"href":"https:\/\/hobby4geek.com\/es\/wp-json\/wp\/v2\/product"}],"about":[{"href":"https:\/\/hobby4geek.com\/es\/wp-json\/wp\/v2\/types\/product"}],"replies":[{"embeddable":true,"href":"https:\/\/hobby4geek.com\/es\/wp-json\/wp\/v2\/comments?post=191034"}],"version-history":[{"count":0,"href":"https:\/\/hobby4geek.com\/es\/wp-json\/wp\/v2\/product\/191034\/revisions"}],"wp:featuredmedia":[{"embeddable":true,"href":"https:\/\/hobby4geek.com\/es\/wp-json\/wp\/v2\/media\/191035"}],"wp:attachment":[{"href":"https:\/\/hobby4geek.com\/es\/wp-json\/wp\/v2\/media?parent=191034"}],"wp:term":[{"taxonomy":"product_brand","embeddable":true,"href":"https:\/\/hobby4geek.com\/es\/wp-json\/wp\/v2\/product_brand?post=191034"},{"taxonomy":"product_cat","embeddable":true,"href":"https:\/\/hobby4geek.com\/es\/wp-json\/wp\/v2\/product_cat?post=191034"},{"taxonomy":"product_tag","embeddable":true,"href":"https:\/\/hobby4geek.com\/es\/wp-json\/wp\/v2\/product_tag?post=191034"},{"taxonomy":"giftcard-category","embeddable":true,"href":"https:\/\/hobby4geek.com\/es\/wp-json\/wp\/v2\/giftcard-category?post=191034"}],"curies":[{"name":"wp","href":"https:\/\/api.w.org\/{rel}","templated":true}]}}