{"id":190742,"date":"2023-10-19T23:57:10","date_gmt":"2023-10-19T21:57:10","guid":{"rendered":"https:\/\/hobby4geek.com\/?post_type=product&#038;p=190742"},"modified":"2024-05-12T12:57:33","modified_gmt":"2024-05-12T11:57:33","slug":"fanstoys-ft-54-warthog","status":"publish","type":"product","link":"https:\/\/hobby4geek.com\/es\/producto\/fanstoys-ft-54-warthog\/","title":{"rendered":"FansToys FT-54 Warthog"},"content":{"rendered":"<p>FT-54 Warthog lleva tu colecci\u00f3n al siguiente nivel con esta figura transformable a escala Masterpiece y altamente articulada de 3rd Party. FT-54 Warthog est\u00e1 escalado a Masterpiece y se adaptar\u00e1 a otras figuras de la serie Transformers Masterpiece de Takara Tomy, a figuras escaladas a Masterpiece de terceros y a otros art\u00edculos de Fans Toys que ya tengas en tu colecci\u00f3n.<\/p>\n<p>Fans Toys crea algunas de las figuras premium 3rd Party m\u00e1s populares, chulas y creativas del mercado.  Fans Toys produce figuras a escala Masterpiece que est\u00e1n llenas de detalles y son el coleccionable ideal para el coleccionista serio.  Cada figura 3rd Party de Fans Toys est\u00e1 fabricada con los m\u00e1s altos est\u00e1ndares. La mayor\u00eda de las figuras contienen piezas de fundici\u00f3n a presi\u00f3n muy detalladas y son vers\u00e1tiles, articuladas y duraderas.<\/p>\n<ul>\n<li>Tama\u00f1o: 16 cm<\/li>\n<li>Escala: Masterpiece<\/li>\n<li>Modo Alt: Jet<\/li>\n<li>Cambio de modo robot a modo avi\u00f3n<\/li>\n<li>Arma<\/li>\n<li style=\"list-style-type: none;\"><\/li>\n<\/ul>","protected":false},"excerpt":{"rendered":"<ul>\n<li>Tama\u00f1o: 16 cm<\/li>\n<li>Escala: Masterpiece<\/li>\n<li>Modo Alt: Jet<\/li>\n<li>Cambio de modo robot a modo avi\u00f3n<\/li>\n<li>Arma<\/li>\n<\/ul>","protected":false},"featured_media":190744,"comment_status":"open","ping_status":"closed","template":"","meta":{"inline_featured_image":false},"product_brand":[],"product_cat":[104],"product_tag":[200,735,1270,2376,230,1975,2377],"giftcard-category":[],"class_list":{"0":"post-190742","1":"product","2":"type-product","3":"status-publish","4":"has-post-thumbnail","6":"product_cat-fans-toys","7":"product_tag-action-figures","8":"product_tag-fans-toys","9":"product_tag-fanstoys","10":"product_tag-ft-54","11":"product_tag-masterpiece","12":"product_tag-toys-figures","13":"product_tag-warthog","14":"product_shipping_class-free-shipping","15":"inventories-china-inventory","17":"first","18":"instock","19":"taxable","20":"shipping-taxable","21":"purchasable","22":"product-type-simple","23":"add-to-wishlist-after_add_to_cart"},"yoast_head":"<!-- This site is optimized with the Yoast SEO Premium plugin v25.3.1 (Yoast SEO v27.4) - https:\/\/yoast.com\/product\/yoast-seo-premium-wordpress\/ -->\n<title>FansToys FT-54 Warthog<\/title>\n<meta name=\"robots\" content=\"index, follow, max-snippet:-1, max-image-preview:large, max-video-preview:-1\" \/>\n<link rel=\"canonical\" href=\"https:\/\/hobby4geek.com\/es\/producto\/fanstoys-ft-54-warthog\/\" \/>\n<meta property=\"og:locale\" content=\"es_ES\" \/>\n<meta property=\"og:type\" content=\"article\" \/>\n<meta property=\"og:title\" content=\"FansToys FT-54 Warthog\" \/>\n<meta property=\"og:description\" content=\"Size: 6.3 inches \/ 16 cm  Scale: Masterpiece  Alt Mode: Jet  Changes from robot to jet mode  Weapon\" \/>\n<meta property=\"og:url\" content=\"https:\/\/hobby4geek.com\/es\/producto\/fanstoys-ft-54-warthog\/\" \/>\n<meta property=\"og:site_name\" content=\"Hobby4Geek\" \/>\n<meta property=\"article:publisher\" content=\"https:\/\/www.facebook.com\/hobby4geek\" \/>\n<meta property=\"article:modified_time\" content=\"2024-05-12T11:57:33+00:00\" \/>\n<meta property=\"og:image\" content=\"https:\/\/hobby4geek.com\/wp-content\/uploads\/2023\/11\/fanstoys-ft-54-warthog-2.jpg\" \/>\n\t<meta property=\"og:image:width\" content=\"499\" \/>\n\t<meta property=\"og:image:height\" content=\"750\" \/>\n\t<meta property=\"og:image:type\" content=\"image\/jpeg\" \/>\n<meta name=\"twitter:card\" content=\"summary_large_image\" \/>\n<meta name=\"twitter:site\" content=\"@hobby4geek\" \/>\n<script type=\"application\/ld+json\" class=\"yoast-schema-graph\">{\"@context\":\"https:\\\/\\\/schema.org\",\"@graph\":[{\"@type\":\"WebPage\",\"@id\":\"https:\\\/\\\/hobby4geek.com\\\/product\\\/fanstoys-ft-54-warthog\\\/\",\"url\":\"https:\\\/\\\/hobby4geek.com\\\/product\\\/fanstoys-ft-54-warthog\\\/\",\"name\":\"FansToys FT-54 Warthog\",\"isPartOf\":{\"@id\":\"https:\\\/\\\/hobby4geek.com\\\/#website\"},\"primaryImageOfPage\":{\"@id\":\"https:\\\/\\\/hobby4geek.com\\\/product\\\/fanstoys-ft-54-warthog\\\/#primaryimage\"},\"image\":{\"@id\":\"https:\\\/\\\/hobby4geek.com\\\/product\\\/fanstoys-ft-54-warthog\\\/#primaryimage\"},\"thumbnailUrl\":\"https:\\\/\\\/hobby4geek.com\\\/wp-content\\\/uploads\\\/2023\\\/11\\\/fanstoys-ft-54-warthog-2.jpg\",\"datePublished\":\"2023-10-19T21:57:10+00:00\",\"dateModified\":\"2024-05-12T11:57:33+00:00\",\"breadcrumb\":{\"@id\":\"https:\\\/\\\/hobby4geek.com\\\/product\\\/fanstoys-ft-54-warthog\\\/#breadcrumb\"},\"inLanguage\":\"es\",\"potentialAction\":[{\"@type\":\"ReadAction\",\"target\":[\"https:\\\/\\\/hobby4geek.com\\\/product\\\/fanstoys-ft-54-warthog\\\/\"]}]},{\"@type\":\"ImageObject\",\"inLanguage\":\"es\",\"@id\":\"https:\\\/\\\/hobby4geek.com\\\/product\\\/fanstoys-ft-54-warthog\\\/#primaryimage\",\"url\":\"https:\\\/\\\/hobby4geek.com\\\/wp-content\\\/uploads\\\/2023\\\/11\\\/fanstoys-ft-54-warthog-2.jpg\",\"contentUrl\":\"https:\\\/\\\/hobby4geek.com\\\/wp-content\\\/uploads\\\/2023\\\/11\\\/fanstoys-ft-54-warthog-2.jpg\",\"width\":499,\"height\":750},{\"@type\":\"BreadcrumbList\",\"@id\":\"https:\\\/\\\/hobby4geek.com\\\/product\\\/fanstoys-ft-54-warthog\\\/#breadcrumb\",\"itemListElement\":[{\"@type\":\"ListItem\",\"position\":1,\"name\":\"Home\",\"item\":\"https:\\\/\\\/hobby4geek.com\\\/\"},{\"@type\":\"ListItem\",\"position\":2,\"name\":\"Shop\",\"item\":\"https:\\\/\\\/hobby4geek.com\\\/shop\\\/\"},{\"@type\":\"ListItem\",\"position\":3,\"name\":\"FansToys FT-54 Warthog\"}]},{\"@type\":\"WebSite\",\"@id\":\"https:\\\/\\\/hobby4geek.com\\\/#website\",\"url\":\"https:\\\/\\\/hobby4geek.com\\\/\",\"name\":\"Hobby4Geek\",\"description\":\"Collect, Play &amp; Showcase, Embrace your Geekiness\",\"publisher\":{\"@id\":\"https:\\\/\\\/hobby4geek.com\\\/#organization\"},\"potentialAction\":[{\"@type\":\"SearchAction\",\"target\":{\"@type\":\"EntryPoint\",\"urlTemplate\":\"https:\\\/\\\/hobby4geek.com\\\/?s={search_term_string}\"},\"query-input\":{\"@type\":\"PropertyValueSpecification\",\"valueRequired\":true,\"valueName\":\"search_term_string\"}}],\"inLanguage\":\"es\"},{\"@type\":\"Organization\",\"@id\":\"https:\\\/\\\/hobby4geek.com\\\/#organization\",\"name\":\"Hobby4Geek\",\"url\":\"https:\\\/\\\/hobby4geek.com\\\/\",\"logo\":{\"@type\":\"ImageObject\",\"inLanguage\":\"es\",\"@id\":\"https:\\\/\\\/hobby4geek.com\\\/#\\\/schema\\\/logo\\\/image\\\/\",\"url\":\"https:\\\/\\\/hobby4geek.com\\\/wp-content\\\/uploads\\\/2023\\\/02\\\/default-kit.png\",\"contentUrl\":\"https:\\\/\\\/hobby4geek.com\\\/wp-content\\\/uploads\\\/2023\\\/02\\\/default-kit.png\",\"width\":600,\"height\":600,\"caption\":\"Hobby4Geek\"},\"image\":{\"@id\":\"https:\\\/\\\/hobby4geek.com\\\/#\\\/schema\\\/logo\\\/image\\\/\"},\"sameAs\":[\"https:\\\/\\\/www.facebook.com\\\/hobby4geek\",\"https:\\\/\\\/x.com\\\/hobby4geek\",\"https:\\\/\\\/www.instagram.com\\\/hobby4geek\\\/\"]}]}<\/script>\n<meta property=\"product:brand\" content=\"Fans Toys\" \/>\n<meta property=\"product:price:amount\" content=\"148.00\" \/>\n<meta property=\"product:price:currency\" content=\"EUR\" \/>\n<meta property=\"og:availability\" content=\"instock\" \/>\n<meta property=\"product:availability\" content=\"instock\" \/>\n<meta property=\"product:condition\" content=\"new\" \/>\n<!-- \/ Yoast SEO Premium plugin. -->","yoast_head_json":{"title":"FansToys FT-54 Warthog","robots":{"index":"index","follow":"follow","max-snippet":"max-snippet:-1","max-image-preview":"max-image-preview:large","max-video-preview":"max-video-preview:-1"},"canonical":"https:\/\/hobby4geek.com\/es\/producto\/fanstoys-ft-54-warthog\/","og_locale":"es_ES","og_type":"article","og_title":"FansToys FT-54 Warthog","og_description":"Size: 6.3 inches \/ 16 cm  Scale: Masterpiece  Alt Mode: Jet  Changes from robot to jet mode  Weapon","og_url":"https:\/\/hobby4geek.com\/es\/producto\/fanstoys-ft-54-warthog\/","og_site_name":"Hobby4Geek","article_publisher":"https:\/\/www.facebook.com\/hobby4geek","article_modified_time":"2024-05-12T11:57:33+00:00","og_image":[{"width":499,"height":750,"url":"https:\/\/hobby4geek.com\/wp-content\/uploads\/2023\/11\/fanstoys-ft-54-warthog-2.jpg","type":"image\/jpeg"}],"twitter_card":"summary_large_image","twitter_site":"@hobby4geek","schema":{"@context":"https:\/\/schema.org","@graph":[{"@type":"WebPage","@id":"https:\/\/hobby4geek.com\/product\/fanstoys-ft-54-warthog\/","url":"https:\/\/hobby4geek.com\/product\/fanstoys-ft-54-warthog\/","name":"FansToys FT-54 Warthog","isPartOf":{"@id":"https:\/\/hobby4geek.com\/#website"},"primaryImageOfPage":{"@id":"https:\/\/hobby4geek.com\/product\/fanstoys-ft-54-warthog\/#primaryimage"},"image":{"@id":"https:\/\/hobby4geek.com\/product\/fanstoys-ft-54-warthog\/#primaryimage"},"thumbnailUrl":"https:\/\/hobby4geek.com\/wp-content\/uploads\/2023\/11\/fanstoys-ft-54-warthog-2.jpg","datePublished":"2023-10-19T21:57:10+00:00","dateModified":"2024-05-12T11:57:33+00:00","breadcrumb":{"@id":"https:\/\/hobby4geek.com\/product\/fanstoys-ft-54-warthog\/#breadcrumb"},"inLanguage":"es","potentialAction":[{"@type":"ReadAction","target":["https:\/\/hobby4geek.com\/product\/fanstoys-ft-54-warthog\/"]}]},{"@type":"ImageObject","inLanguage":"es","@id":"https:\/\/hobby4geek.com\/product\/fanstoys-ft-54-warthog\/#primaryimage","url":"https:\/\/hobby4geek.com\/wp-content\/uploads\/2023\/11\/fanstoys-ft-54-warthog-2.jpg","contentUrl":"https:\/\/hobby4geek.com\/wp-content\/uploads\/2023\/11\/fanstoys-ft-54-warthog-2.jpg","width":499,"height":750},{"@type":"BreadcrumbList","@id":"https:\/\/hobby4geek.com\/product\/fanstoys-ft-54-warthog\/#breadcrumb","itemListElement":[{"@type":"ListItem","position":1,"name":"Home","item":"https:\/\/hobby4geek.com\/"},{"@type":"ListItem","position":2,"name":"Shop","item":"https:\/\/hobby4geek.com\/shop\/"},{"@type":"ListItem","position":3,"name":"FansToys FT-54 Warthog"}]},{"@type":"WebSite","@id":"https:\/\/hobby4geek.com\/#website","url":"https:\/\/hobby4geek.com\/","name":"Hobby4Geek","description":"Coleccionar, jugar y exhibir, abrazar su frikismo","publisher":{"@id":"https:\/\/hobby4geek.com\/#organization"},"potentialAction":[{"@type":"SearchAction","target":{"@type":"EntryPoint","urlTemplate":"https:\/\/hobby4geek.com\/?s={search_term_string}"},"query-input":{"@type":"PropertyValueSpecification","valueRequired":true,"valueName":"search_term_string"}}],"inLanguage":"es"},{"@type":"Organization","@id":"https:\/\/hobby4geek.com\/#organization","name":"Hobby4Geek","url":"https:\/\/hobby4geek.com\/","logo":{"@type":"ImageObject","inLanguage":"es","@id":"https:\/\/hobby4geek.com\/#\/schema\/logo\/image\/","url":"https:\/\/hobby4geek.com\/wp-content\/uploads\/2023\/02\/default-kit.png","contentUrl":"https:\/\/hobby4geek.com\/wp-content\/uploads\/2023\/02\/default-kit.png","width":600,"height":600,"caption":"Hobby4Geek"},"image":{"@id":"https:\/\/hobby4geek.com\/#\/schema\/logo\/image\/"},"sameAs":["https:\/\/www.facebook.com\/hobby4geek","https:\/\/x.com\/hobby4geek","https:\/\/www.instagram.com\/hobby4geek\/"]}]},"product_brand":"Fans Toys","product_price_amount":"148.00","product_price_currency":"EUR","og_availability":"instock","product_availability":"instock","product_condition":"new"},"_links":{"self":[{"href":"https:\/\/hobby4geek.com\/es\/wp-json\/wp\/v2\/product\/190742","targetHints":{"allow":["GET"]}}],"collection":[{"href":"https:\/\/hobby4geek.com\/es\/wp-json\/wp\/v2\/product"}],"about":[{"href":"https:\/\/hobby4geek.com\/es\/wp-json\/wp\/v2\/types\/product"}],"replies":[{"embeddable":true,"href":"https:\/\/hobby4geek.com\/es\/wp-json\/wp\/v2\/comments?post=190742"}],"version-history":[{"count":0,"href":"https:\/\/hobby4geek.com\/es\/wp-json\/wp\/v2\/product\/190742\/revisions"}],"wp:featuredmedia":[{"embeddable":true,"href":"https:\/\/hobby4geek.com\/es\/wp-json\/wp\/v2\/media\/190744"}],"wp:attachment":[{"href":"https:\/\/hobby4geek.com\/es\/wp-json\/wp\/v2\/media?parent=190742"}],"wp:term":[{"taxonomy":"product_brand","embeddable":true,"href":"https:\/\/hobby4geek.com\/es\/wp-json\/wp\/v2\/product_brand?post=190742"},{"taxonomy":"product_cat","embeddable":true,"href":"https:\/\/hobby4geek.com\/es\/wp-json\/wp\/v2\/product_cat?post=190742"},{"taxonomy":"product_tag","embeddable":true,"href":"https:\/\/hobby4geek.com\/es\/wp-json\/wp\/v2\/product_tag?post=190742"},{"taxonomy":"giftcard-category","embeddable":true,"href":"https:\/\/hobby4geek.com\/es\/wp-json\/wp\/v2\/giftcard-category?post=190742"}],"curies":[{"name":"wp","href":"https:\/\/api.w.org\/{rel}","templated":true}]}}