{"id":190365,"date":"2023-10-24T16:26:59","date_gmt":"2023-10-24T14:26:59","guid":{"rendered":"https:\/\/hobby4geek.com\/?post_type=product&#038;p=190365"},"modified":"2024-06-15T13:25:04","modified_gmt":"2024-06-15T12:25:04","slug":"amos-del-universo-origenes-he-man-coleccion-de-dibujos-animados","status":"publish","type":"product","link":"https:\/\/hobby4geek.com\/es\/producto\/amos-del-universo-origenes-he-man-coleccion-de-dibujos-animados\/","title":{"rendered":"Masters del Universo: Or\u00edgenes - He-Man (Cartoon Collection)"},"content":{"rendered":"<p>\u00a1Es un momento emocionante para ser fan de Masters del Universo! Para los fans de toda la vida y para una nueva generaci\u00f3n de ni\u00f1os amantes de la acci\u00f3n y la aventura, ha llegado la hora de vivir la emocionante acci\u00f3n y las aventuras de He-Man, Skeletor, los secretos del Castillo Grayskull y mucho m\u00e1s. Las figuras de esta colecci\u00f3n miden 8,5 cm de alto y tienen 16 articulaciones m\u00f3viles, por lo que son muy f\u00e1ciles de posar para divertirse con imaginaci\u00f3n y acci\u00f3n, \u00a1al estilo Masters del Universo! Los fans m\u00e1s veteranos apreciar\u00e1n tanto los detalles de dise\u00f1o vintage que honran la herencia de esta querida franquicia de aventuras como las actualizaciones de dise\u00f1o que a\u00f1aden una emocionante mirada al futuro.<\/p>\n<p>Cada figura viene con un accesorio de batalla y un minic\u00f3mic de una serie que explora nuevas l\u00edneas argumentales y presenta a h\u00e9roes, villanos y aliados en la eterna batalla entre el bien y el mal. A los aficionados les encantar\u00e1 el embalaje retro de estilo cl\u00e1sico. No pierdas de vista a los nuevos personajes que est\u00e1n por llegar y hazte con una colecci\u00f3n para jugar e intercambiar.<\/p>\n<ul>\n<li>13,97 cm (5,50 pulgadas)<\/li>\n<li>De pl\u00e1stico<\/li>\n<li>Dise\u00f1o cl\u00e1sico inspirado en los dibujos animados de Masters del Universo<\/li>\n<li>Hasta 16 puntos de articulaci\u00f3n<\/li>\n<li>Embalaje de estilo retro<\/li>\n<\/ul>","protected":false},"excerpt":{"rendered":"<ul>\n<li>13,97 cm (5,50 pulgadas)<\/li>\n<li>De pl\u00e1stico<\/li>\n<li>Dise\u00f1o cl\u00e1sico inspirado en los dibujos animados de Masters del Universo<\/li>\n<li>Hasta 16 puntos de articulaci\u00f3n<\/li>\n<li>Embalaje de estilo retro<\/li>\n<\/ul>","protected":false},"featured_media":190368,"comment_status":"open","ping_status":"closed","template":"","meta":{"inline_featured_image":false},"product_brand":[],"product_cat":[2218,2224,2023],"product_tag":[1759,2341,2350,2351,2219,2223,2225,1975],"giftcard-category":[],"class_list":{"0":"post-190365","1":"product","2":"type-product","3":"status-publish","4":"has-post-thumbnail","6":"product_cat-masters-of-the-universe","7":"product_cat-masters-of-the-universe-origins","8":"product_cat-mattel","9":"product_tag-action-toys","10":"product_tag-cartoon-collection","11":"product_tag-he-man","12":"product_tag-hyd17","13":"product_tag-masters-of-the-universe-origins","14":"product_tag-motu","15":"product_tag-origins","16":"product_tag-toys-figures","17":"product_shipping_class-light","19":"first","20":"outofstock","21":"taxable","22":"shipping-taxable","23":"purchasable","24":"product-type-simple","25":"add-to-wishlist-after_add_to_cart"},"yoast_head":"<!-- This site is optimized with the Yoast SEO Premium plugin v25.3.1 (Yoast SEO v27.2) - https:\/\/yoast.com\/product\/yoast-seo-premium-wordpress\/ -->\n<title>Masters of the Universe: Origins - He-Man (Cartoon Collection)<\/title>\n<meta name=\"robots\" content=\"index, follow, max-snippet:-1, max-image-preview:large, max-video-preview:-1\" \/>\n<link rel=\"canonical\" href=\"https:\/\/hobby4geek.com\/es\/producto\/amos-del-universo-origenes-he-man-coleccion-de-dibujos-animados\/\" \/>\n<meta property=\"og:locale\" content=\"es_ES\" \/>\n<meta property=\"og:type\" content=\"article\" \/>\n<meta property=\"og:title\" content=\"Masters of the Universe: Origins - He-Man (Cartoon Collection)\" \/>\n<meta property=\"og:description\" content=\"5.50 inches (13.97cm)  Made of plastic  Classic Masters of the Universe cartoon inspired design  Up to 16 points of articulation  Retro-style packaging\" \/>\n<meta property=\"og:url\" content=\"https:\/\/hobby4geek.com\/es\/producto\/amos-del-universo-origenes-he-man-coleccion-de-dibujos-animados\/\" \/>\n<meta property=\"og:site_name\" content=\"Hobby4Geek\" \/>\n<meta property=\"article:publisher\" content=\"https:\/\/www.facebook.com\/hobby4geek\" \/>\n<meta property=\"article:modified_time\" content=\"2024-06-15T12:25:04+00:00\" \/>\n<meta property=\"og:image\" content=\"https:\/\/hobby4geek.com\/wp-content\/uploads\/2023\/11\/masters-of-the-universe-origins-he-man-cartoon-collection-3.webp\" \/>\n\t<meta property=\"og:image:width\" content=\"1000\" \/>\n\t<meta property=\"og:image:height\" content=\"1000\" \/>\n\t<meta property=\"og:image:type\" content=\"image\/webp\" \/>\n<meta name=\"twitter:card\" content=\"summary_large_image\" \/>\n<meta name=\"twitter:site\" content=\"@hobby4geek\" \/>\n<script type=\"application\/ld+json\" class=\"yoast-schema-graph\">{\"@context\":\"https:\/\/schema.org\",\"@graph\":[{\"@type\":\"WebPage\",\"@id\":\"https:\/\/hobby4geek.com\/product\/masters-of-the-universe-origins-he-man-cartoon-collection\/\",\"url\":\"https:\/\/hobby4geek.com\/product\/masters-of-the-universe-origins-he-man-cartoon-collection\/\",\"name\":\"Masters of the Universe: Origins - He-Man (Cartoon Collection)\",\"isPartOf\":{\"@id\":\"https:\/\/hobby4geek.com\/#website\"},\"primaryImageOfPage\":{\"@id\":\"https:\/\/hobby4geek.com\/product\/masters-of-the-universe-origins-he-man-cartoon-collection\/#primaryimage\"},\"image\":{\"@id\":\"https:\/\/hobby4geek.com\/product\/masters-of-the-universe-origins-he-man-cartoon-collection\/#primaryimage\"},\"thumbnailUrl\":\"https:\/\/hobby4geek.com\/wp-content\/uploads\/2023\/11\/masters-of-the-universe-origins-he-man-cartoon-collection-3.webp\",\"datePublished\":\"2023-10-24T14:26:59+00:00\",\"dateModified\":\"2024-06-15T12:25:04+00:00\",\"breadcrumb\":{\"@id\":\"https:\/\/hobby4geek.com\/product\/masters-of-the-universe-origins-he-man-cartoon-collection\/#breadcrumb\"},\"inLanguage\":\"es\",\"potentialAction\":[{\"@type\":\"ReadAction\",\"target\":[\"https:\/\/hobby4geek.com\/product\/masters-of-the-universe-origins-he-man-cartoon-collection\/\"]}]},{\"@type\":\"ImageObject\",\"inLanguage\":\"es\",\"@id\":\"https:\/\/hobby4geek.com\/product\/masters-of-the-universe-origins-he-man-cartoon-collection\/#primaryimage\",\"url\":\"https:\/\/hobby4geek.com\/wp-content\/uploads\/2023\/11\/masters-of-the-universe-origins-he-man-cartoon-collection-3.webp\",\"contentUrl\":\"https:\/\/hobby4geek.com\/wp-content\/uploads\/2023\/11\/masters-of-the-universe-origins-he-man-cartoon-collection-3.webp\",\"width\":1000,\"height\":1000},{\"@type\":\"BreadcrumbList\",\"@id\":\"https:\/\/hobby4geek.com\/product\/masters-of-the-universe-origins-he-man-cartoon-collection\/#breadcrumb\",\"itemListElement\":[{\"@type\":\"ListItem\",\"position\":1,\"name\":\"Home\",\"item\":\"https:\/\/hobby4geek.com\/\"},{\"@type\":\"ListItem\",\"position\":2,\"name\":\"Shop\",\"item\":\"https:\/\/hobby4geek.com\/shop\/\"},{\"@type\":\"ListItem\",\"position\":3,\"name\":\"Masters of the Universe: Origins &#8211; He-Man (Cartoon Collection)\"}]},{\"@type\":\"WebSite\",\"@id\":\"https:\/\/hobby4geek.com\/#website\",\"url\":\"https:\/\/hobby4geek.com\/\",\"name\":\"Hobby4Geek\",\"description\":\"Collect, Play &amp; Showcase, Embrace your Geekiness\",\"publisher\":{\"@id\":\"https:\/\/hobby4geek.com\/#organization\"},\"potentialAction\":[{\"@type\":\"SearchAction\",\"target\":{\"@type\":\"EntryPoint\",\"urlTemplate\":\"https:\/\/hobby4geek.com\/?s={search_term_string}\"},\"query-input\":{\"@type\":\"PropertyValueSpecification\",\"valueRequired\":true,\"valueName\":\"search_term_string\"}}],\"inLanguage\":\"es\"},{\"@type\":\"Organization\",\"@id\":\"https:\/\/hobby4geek.com\/#organization\",\"name\":\"Hobby4Geek\",\"url\":\"https:\/\/hobby4geek.com\/\",\"logo\":{\"@type\":\"ImageObject\",\"inLanguage\":\"es\",\"@id\":\"https:\/\/hobby4geek.com\/#\/schema\/logo\/image\/\",\"url\":\"https:\/\/hobby4geek.com\/wp-content\/uploads\/2023\/02\/default-kit.png\",\"contentUrl\":\"https:\/\/hobby4geek.com\/wp-content\/uploads\/2023\/02\/default-kit.png\",\"width\":600,\"height\":600,\"caption\":\"Hobby4Geek\"},\"image\":{\"@id\":\"https:\/\/hobby4geek.com\/#\/schema\/logo\/image\/\"},\"sameAs\":[\"https:\/\/www.facebook.com\/hobby4geek\",\"https:\/\/x.com\/hobby4geek\",\"https:\/\/www.instagram.com\/hobby4geek\/\"]}]}<\/script>\n<meta property=\"product:brand\" content=\"Masters of the Universe\" \/>\n<meta property=\"product:price:amount\" content=\"22.60\" \/>\n<meta property=\"product:price:currency\" content=\"EUR\" \/>\n<meta property=\"og:availability\" content=\"out of stock\" \/>\n<meta property=\"product:availability\" content=\"out of stock\" \/>\n<meta property=\"product:retailer_item_id\" content=\"194735244249\" \/>\n<meta property=\"product:condition\" content=\"new\" \/>\n<!-- \/ Yoast SEO Premium plugin. -->","yoast_head_json":{"title":"Masters del Universo: Or\u00edgenes - He-Man (Cartoon Collection)","robots":{"index":"index","follow":"follow","max-snippet":"max-snippet:-1","max-image-preview":"max-image-preview:large","max-video-preview":"max-video-preview:-1"},"canonical":"https:\/\/hobby4geek.com\/es\/producto\/amos-del-universo-origenes-he-man-coleccion-de-dibujos-animados\/","og_locale":"es_ES","og_type":"article","og_title":"Masters of the Universe: Origins - He-Man (Cartoon Collection)","og_description":"5.50 inches (13.97cm)  Made of plastic  Classic Masters of the Universe cartoon inspired design  Up to 16 points of articulation  Retro-style packaging","og_url":"https:\/\/hobby4geek.com\/es\/producto\/amos-del-universo-origenes-he-man-coleccion-de-dibujos-animados\/","og_site_name":"Hobby4Geek","article_publisher":"https:\/\/www.facebook.com\/hobby4geek","article_modified_time":"2024-06-15T12:25:04+00:00","og_image":[{"width":1000,"height":1000,"url":"https:\/\/hobby4geek.com\/wp-content\/uploads\/2023\/11\/masters-of-the-universe-origins-he-man-cartoon-collection-3.webp","type":"image\/webp"}],"twitter_card":"summary_large_image","twitter_site":"@hobby4geek","schema":{"@context":"https:\/\/schema.org","@graph":[{"@type":"WebPage","@id":"https:\/\/hobby4geek.com\/product\/masters-of-the-universe-origins-he-man-cartoon-collection\/","url":"https:\/\/hobby4geek.com\/product\/masters-of-the-universe-origins-he-man-cartoon-collection\/","name":"Masters del Universo: Or\u00edgenes - He-Man (Cartoon Collection)","isPartOf":{"@id":"https:\/\/hobby4geek.com\/#website"},"primaryImageOfPage":{"@id":"https:\/\/hobby4geek.com\/product\/masters-of-the-universe-origins-he-man-cartoon-collection\/#primaryimage"},"image":{"@id":"https:\/\/hobby4geek.com\/product\/masters-of-the-universe-origins-he-man-cartoon-collection\/#primaryimage"},"thumbnailUrl":"https:\/\/hobby4geek.com\/wp-content\/uploads\/2023\/11\/masters-of-the-universe-origins-he-man-cartoon-collection-3.webp","datePublished":"2023-10-24T14:26:59+00:00","dateModified":"2024-06-15T12:25:04+00:00","breadcrumb":{"@id":"https:\/\/hobby4geek.com\/product\/masters-of-the-universe-origins-he-man-cartoon-collection\/#breadcrumb"},"inLanguage":"es","potentialAction":[{"@type":"ReadAction","target":["https:\/\/hobby4geek.com\/product\/masters-of-the-universe-origins-he-man-cartoon-collection\/"]}]},{"@type":"ImageObject","inLanguage":"es","@id":"https:\/\/hobby4geek.com\/product\/masters-of-the-universe-origins-he-man-cartoon-collection\/#primaryimage","url":"https:\/\/hobby4geek.com\/wp-content\/uploads\/2023\/11\/masters-of-the-universe-origins-he-man-cartoon-collection-3.webp","contentUrl":"https:\/\/hobby4geek.com\/wp-content\/uploads\/2023\/11\/masters-of-the-universe-origins-he-man-cartoon-collection-3.webp","width":1000,"height":1000},{"@type":"BreadcrumbList","@id":"https:\/\/hobby4geek.com\/product\/masters-of-the-universe-origins-he-man-cartoon-collection\/#breadcrumb","itemListElement":[{"@type":"ListItem","position":1,"name":"Home","item":"https:\/\/hobby4geek.com\/"},{"@type":"ListItem","position":2,"name":"Shop","item":"https:\/\/hobby4geek.com\/shop\/"},{"@type":"ListItem","position":3,"name":"Masters of the Universe: Origins &#8211; He-Man (Cartoon Collection)"}]},{"@type":"WebSite","@id":"https:\/\/hobby4geek.com\/#website","url":"https:\/\/hobby4geek.com\/","name":"Hobby4Geek","description":"Coleccionar, jugar y exhibir, abrazar su frikismo","publisher":{"@id":"https:\/\/hobby4geek.com\/#organization"},"potentialAction":[{"@type":"SearchAction","target":{"@type":"EntryPoint","urlTemplate":"https:\/\/hobby4geek.com\/?s={search_term_string}"},"query-input":{"@type":"PropertyValueSpecification","valueRequired":true,"valueName":"search_term_string"}}],"inLanguage":"es"},{"@type":"Organization","@id":"https:\/\/hobby4geek.com\/#organization","name":"Hobby4Geek","url":"https:\/\/hobby4geek.com\/","logo":{"@type":"ImageObject","inLanguage":"es","@id":"https:\/\/hobby4geek.com\/#\/schema\/logo\/image\/","url":"https:\/\/hobby4geek.com\/wp-content\/uploads\/2023\/02\/default-kit.png","contentUrl":"https:\/\/hobby4geek.com\/wp-content\/uploads\/2023\/02\/default-kit.png","width":600,"height":600,"caption":"Hobby4Geek"},"image":{"@id":"https:\/\/hobby4geek.com\/#\/schema\/logo\/image\/"},"sameAs":["https:\/\/www.facebook.com\/hobby4geek","https:\/\/x.com\/hobby4geek","https:\/\/www.instagram.com\/hobby4geek\/"]}]},"product_brand":"Masters of the Universe","product_price_amount":"22.60","product_price_currency":"EUR","og_availability":"out of stock","product_availability":"out of stock","product_retailer_item_id":"194735244249","product_condition":"new"},"_links":{"self":[{"href":"https:\/\/hobby4geek.com\/es\/wp-json\/wp\/v2\/product\/190365","targetHints":{"allow":["GET"]}}],"collection":[{"href":"https:\/\/hobby4geek.com\/es\/wp-json\/wp\/v2\/product"}],"about":[{"href":"https:\/\/hobby4geek.com\/es\/wp-json\/wp\/v2\/types\/product"}],"replies":[{"embeddable":true,"href":"https:\/\/hobby4geek.com\/es\/wp-json\/wp\/v2\/comments?post=190365"}],"version-history":[{"count":0,"href":"https:\/\/hobby4geek.com\/es\/wp-json\/wp\/v2\/product\/190365\/revisions"}],"wp:featuredmedia":[{"embeddable":true,"href":"https:\/\/hobby4geek.com\/es\/wp-json\/wp\/v2\/media\/190368"}],"wp:attachment":[{"href":"https:\/\/hobby4geek.com\/es\/wp-json\/wp\/v2\/media?parent=190365"}],"wp:term":[{"taxonomy":"product_brand","embeddable":true,"href":"https:\/\/hobby4geek.com\/es\/wp-json\/wp\/v2\/product_brand?post=190365"},{"taxonomy":"product_cat","embeddable":true,"href":"https:\/\/hobby4geek.com\/es\/wp-json\/wp\/v2\/product_cat?post=190365"},{"taxonomy":"product_tag","embeddable":true,"href":"https:\/\/hobby4geek.com\/es\/wp-json\/wp\/v2\/product_tag?post=190365"},{"taxonomy":"giftcard-category","embeddable":true,"href":"https:\/\/hobby4geek.com\/es\/wp-json\/wp\/v2\/giftcard-category?post=190365"}],"curies":[{"name":"wp","href":"https:\/\/api.w.org\/{rel}","templated":true}]}}