{"id":190025,"date":"2024-03-07T12:48:37","date_gmt":"2024-03-07T11:48:37","guid":{"rendered":"https:\/\/hobby4geek.com\/?post_type=product&#038;p=190025"},"modified":"2024-10-27T15:35:38","modified_gmt":"2024-10-27T14:35:38","slug":"transformers-rise-of-the-beasts-studio-series-108-deluxe-class-wheeljack","status":"publish","type":"product","link":"https:\/\/hobby4geek.com\/es\/producto\/transformers-rise-of-the-beasts-studio-series-108-deluxe-class-wheeljack\/","title":{"rendered":"Transformers: Rise of the Beasts - Studio Series 108 - Wheeljack"},"content":{"rendered":"<p>Lleva la acci\u00f3n \u00e9pica de las pel\u00edculas de la gran pantalla Transformers a tu colecci\u00f3n con la figura de acci\u00f3n Transformers Studio Series Deluxe Class Wheeljack, inspirada en\u00a0<em>Transformers: Rise of the Beasts<\/em>\u00a1! Los juguetes Transformers Studio Series son figuras de acci\u00f3n coleccionables con detalles y accesorios inspirados en las pel\u00edculas. Convierte la figura de acci\u00f3n Studio Series Transformers de robot a microb\u00fas Volkswagen Tipo 2 con licencia en 28 pasos y coloca el juguete Wheeljack en la escena de fondo extra\u00edble Cliffside Chase incluida. Busca m\u00e1s figuras coleccionables Transformers Studio Series para crear una colecci\u00f3n inspirada en la pel\u00edcula (cada una se vende por separado, sujeto a disponibilidad).<\/p>\n<p>Incluye figura, accesorio, tel\u00f3n de fondo desmontable e instrucciones.<\/p>\n<ul>\n<li><em>TRANSFORMADORES: RISE OF THE BEASTS\u00a0<\/em>WHEELJACK: Esta figura de acci\u00f3n Transformers Studio Series 108 de Wheeljack est\u00e1 muy articulada para facilitar su colocaci\u00f3n y cuenta con una decoraci\u00f3n y detalles inspirados en la pel\u00edcula.<\/li>\n<li>TRANSFORMERS TOYS STUDIO SERIES DELUXE CLASS: Estas figuras de acci\u00f3n coleccionables de 11,5 cm (4,5 pulgadas) est\u00e1n inspiradas en escenas ic\u00f3nicas de las pel\u00edculas y dise\u00f1adas con especificaciones y detalles que reflejan el universo cinematogr\u00e1fico Transformers<\/li>\n<li>2 MODOS IC\u00d3NICOS: Este juguete Studio Series Transformers ofrece la conversi\u00f3n cl\u00e1sica entre los modos robot y microb\u00fas Volkswagen Tipo 2 con licencia en 28 pasos<\/li>\n<li>ACCESORIOS INCRE\u00cdBLES: La figura Transformers viene con un accesorio que se acopla en ambos modos<\/li>\n<li>ARTICULADAS PARA JUGAR Y REPRODUCIR: las figuras de Transformers cuentan con cabezas, brazos y piernas articulados para adoptar posturas de acci\u00f3n.<\/li>\n<li>TEL\u00d3N DE FONDO EXTRA\u00cdBLE: El tel\u00f3n de fondo extra\u00edble muestra la figura Transformers Studio Series Wheeljack en la escena Cliffside Chase<\/li>\n<li>COLECCIONAR FIGURAS DE PEL\u00cdCULAS DE LA SERIE DE ESTUDIO: Este juguete figura de acci\u00f3n hace un gran regalo figura coleccionable para cualquier fan Transformers. Busque m\u00e1s juguetes Transformers Studio Series para construir una colecci\u00f3n (cada uno se vende por separado, sujeto a disponibilidad).<\/li>\n<\/ul>\n<ul>\n<li>11 cm<\/li>\n<li>Clase de Lujo<\/li>\n<li>28 Pasos<\/li>\n<li>Convertir Robot en Volkswagen Tipo 2<\/li>\n<li>Tel\u00f3n de fondo extra\u00edble<\/li>\n<\/ul>","protected":false},"excerpt":{"rendered":"<ul>\n<li>11 cm<\/li>\n<li>Clase de Lujo<\/li>\n<li>28 Pasos<\/li>\n<li>Convertir Robot en Volkswagen Tipo 2<\/li>\n<li>Tel\u00f3n de fondo extra\u00edble<\/li>\n<\/ul>","protected":false},"featured_media":190030,"comment_status":"open","ping_status":"closed","template":"","meta":{"inline_featured_image":false},"product_brand":[],"product_cat":[1955,68,69,1960],"product_tag":[1759,1964,335,1956,1957,240,203,1975,204,1961,1962,1994,2227,2288],"giftcard-category":[],"class_list":{"0":"post-190025","1":"product","2":"type-product","3":"status-publish","4":"has-post-thumbnail","6":"product_cat-transformers","7":"product_cat-hasbro","8":"product_cat-takara-tomy","9":"product_cat-transformers-generations","10":"product_tag-action-toys","11":"product_tag-deluxe-class","12":"product_tag-hasbro","13":"product_tag-rise-of-the-beasts","14":"product_tag-rotb","15":"product_tag-studio-series","16":"product_tag-takara-tomy","17":"product_tag-toys-figures","18":"product_tag-transformers","19":"product_tag-transformers-authentic","20":"product_tag-transformers-generations","21":"product_tag-transformers-studio-series","22":"product_tag-transformers-rise-of-the-beasts","23":"product_tag-wheeljack","24":"product_shipping_class-light","25":"inventories-france-inventory","27":"first","28":"instock","29":"featured","30":"taxable","31":"shipping-taxable","32":"purchasable","33":"product-type-simple","34":"add-to-wishlist-after_add_to_cart"},"yoast_head":"<!-- This site is optimized with the Yoast SEO Premium plugin v25.3.1 (Yoast SEO v27.2) - https:\/\/yoast.com\/product\/yoast-seo-premium-wordpress\/ -->\n<title>Transformers: Rise of the Beasts - Studio Series 108 - Wheeljack<\/title>\n<meta name=\"robots\" content=\"index, follow, max-snippet:-1, max-image-preview:large, max-video-preview:-1\" \/>\n<link rel=\"canonical\" href=\"https:\/\/hobby4geek.com\/es\/producto\/transformers-rise-of-the-beasts-studio-series-108-deluxe-class-wheeljack\/\" \/>\n<meta property=\"og:locale\" content=\"es_ES\" \/>\n<meta property=\"og:type\" content=\"article\" \/>\n<meta property=\"og:title\" content=\"Transformers: Rise of the Beasts - Studio Series 108 - Wheeljack\" \/>\n<meta property=\"og:description\" content=\"11 cm  Deluxe Class  28 Steps  Convert Robot to Volkswagen Type 2  Removable Backdrop\" \/>\n<meta property=\"og:url\" content=\"https:\/\/hobby4geek.com\/es\/producto\/transformers-rise-of-the-beasts-studio-series-108-deluxe-class-wheeljack\/\" \/>\n<meta property=\"og:site_name\" content=\"Hobby4Geek\" \/>\n<meta property=\"article:publisher\" content=\"https:\/\/www.facebook.com\/hobby4geek\" \/>\n<meta property=\"article:modified_time\" content=\"2024-10-27T14:35:38+00:00\" \/>\n<meta property=\"og:image\" content=\"https:\/\/hobby4geek.com\/wp-content\/uploads\/2023\/11\/transformers-rise-of-the-beasts-studio-series-108-wheeljack-5.webp\" \/>\n\t<meta property=\"og:image:width\" content=\"2000\" \/>\n\t<meta property=\"og:image:height\" content=\"2000\" \/>\n\t<meta property=\"og:image:type\" content=\"image\/webp\" \/>\n<meta name=\"twitter:card\" content=\"summary_large_image\" \/>\n<meta name=\"twitter:site\" content=\"@hobby4geek\" \/>\n<script type=\"application\/ld+json\" class=\"yoast-schema-graph\">{\"@context\":\"https:\/\/schema.org\",\"@graph\":[{\"@type\":\"WebPage\",\"@id\":\"https:\/\/hobby4geek.com\/product\/transformers-rise-of-the-beasts-studio-series-108-deluxe-class-wheeljack\/\",\"url\":\"https:\/\/hobby4geek.com\/product\/transformers-rise-of-the-beasts-studio-series-108-deluxe-class-wheeljack\/\",\"name\":\"Transformers: Rise of the Beasts - Studio Series 108 - Wheeljack\",\"isPartOf\":{\"@id\":\"https:\/\/hobby4geek.com\/#website\"},\"primaryImageOfPage\":{\"@id\":\"https:\/\/hobby4geek.com\/product\/transformers-rise-of-the-beasts-studio-series-108-deluxe-class-wheeljack\/#primaryimage\"},\"image\":{\"@id\":\"https:\/\/hobby4geek.com\/product\/transformers-rise-of-the-beasts-studio-series-108-deluxe-class-wheeljack\/#primaryimage\"},\"thumbnailUrl\":\"https:\/\/hobby4geek.com\/wp-content\/uploads\/2023\/11\/transformers-rise-of-the-beasts-studio-series-108-wheeljack-5.webp\",\"datePublished\":\"2024-03-07T11:48:37+00:00\",\"dateModified\":\"2024-10-27T14:35:38+00:00\",\"breadcrumb\":{\"@id\":\"https:\/\/hobby4geek.com\/product\/transformers-rise-of-the-beasts-studio-series-108-deluxe-class-wheeljack\/#breadcrumb\"},\"inLanguage\":\"es\",\"potentialAction\":[{\"@type\":\"ReadAction\",\"target\":[\"https:\/\/hobby4geek.com\/product\/transformers-rise-of-the-beasts-studio-series-108-deluxe-class-wheeljack\/\"]}]},{\"@type\":\"ImageObject\",\"inLanguage\":\"es\",\"@id\":\"https:\/\/hobby4geek.com\/product\/transformers-rise-of-the-beasts-studio-series-108-deluxe-class-wheeljack\/#primaryimage\",\"url\":\"https:\/\/hobby4geek.com\/wp-content\/uploads\/2023\/11\/transformers-rise-of-the-beasts-studio-series-108-wheeljack-5.webp\",\"contentUrl\":\"https:\/\/hobby4geek.com\/wp-content\/uploads\/2023\/11\/transformers-rise-of-the-beasts-studio-series-108-wheeljack-5.webp\",\"width\":2000,\"height\":2000},{\"@type\":\"BreadcrumbList\",\"@id\":\"https:\/\/hobby4geek.com\/product\/transformers-rise-of-the-beasts-studio-series-108-deluxe-class-wheeljack\/#breadcrumb\",\"itemListElement\":[{\"@type\":\"ListItem\",\"position\":1,\"name\":\"Home\",\"item\":\"https:\/\/hobby4geek.com\/\"},{\"@type\":\"ListItem\",\"position\":2,\"name\":\"Shop\",\"item\":\"https:\/\/hobby4geek.com\/shop\/\"},{\"@type\":\"ListItem\",\"position\":3,\"name\":\"Transformers: Rise of the Beasts &#8211; Studio Series 108 &#8211; Wheeljack\"}]},{\"@type\":\"WebSite\",\"@id\":\"https:\/\/hobby4geek.com\/#website\",\"url\":\"https:\/\/hobby4geek.com\/\",\"name\":\"Hobby4Geek\",\"description\":\"Collect, Play &amp; Showcase, Embrace your Geekiness\",\"publisher\":{\"@id\":\"https:\/\/hobby4geek.com\/#organization\"},\"potentialAction\":[{\"@type\":\"SearchAction\",\"target\":{\"@type\":\"EntryPoint\",\"urlTemplate\":\"https:\/\/hobby4geek.com\/?s={search_term_string}\"},\"query-input\":{\"@type\":\"PropertyValueSpecification\",\"valueRequired\":true,\"valueName\":\"search_term_string\"}}],\"inLanguage\":\"es\"},{\"@type\":\"Organization\",\"@id\":\"https:\/\/hobby4geek.com\/#organization\",\"name\":\"Hobby4Geek\",\"url\":\"https:\/\/hobby4geek.com\/\",\"logo\":{\"@type\":\"ImageObject\",\"inLanguage\":\"es\",\"@id\":\"https:\/\/hobby4geek.com\/#\/schema\/logo\/image\/\",\"url\":\"https:\/\/hobby4geek.com\/wp-content\/uploads\/2023\/02\/default-kit.png\",\"contentUrl\":\"https:\/\/hobby4geek.com\/wp-content\/uploads\/2023\/02\/default-kit.png\",\"width\":600,\"height\":600,\"caption\":\"Hobby4Geek\"},\"image\":{\"@id\":\"https:\/\/hobby4geek.com\/#\/schema\/logo\/image\/\"},\"sameAs\":[\"https:\/\/www.facebook.com\/hobby4geek\",\"https:\/\/x.com\/hobby4geek\",\"https:\/\/www.instagram.com\/hobby4geek\/\"]}]}<\/script>\n<meta property=\"product:brand\" content=\"Transformers\" \/>\n<meta property=\"product:price:amount\" content=\"27.80\" \/>\n<meta property=\"product:price:currency\" content=\"EUR\" \/>\n<meta property=\"og:availability\" content=\"instock\" \/>\n<meta property=\"product:availability\" content=\"instock\" \/>\n<meta property=\"product:retailer_item_id\" content=\"5010996165763\" \/>\n<meta property=\"product:condition\" content=\"new\" \/>\n<!-- \/ Yoast SEO Premium plugin. -->","yoast_head_json":{"title":"Transformers: Rise of the Beasts - Studio Series 108 - Gato de rueda","robots":{"index":"index","follow":"follow","max-snippet":"max-snippet:-1","max-image-preview":"max-image-preview:large","max-video-preview":"max-video-preview:-1"},"canonical":"https:\/\/hobby4geek.com\/es\/producto\/transformers-rise-of-the-beasts-studio-series-108-deluxe-class-wheeljack\/","og_locale":"es_ES","og_type":"article","og_title":"Transformers: Rise of the Beasts - Studio Series 108 - Wheeljack","og_description":"11 cm  Deluxe Class  28 Steps  Convert Robot to Volkswagen Type 2  Removable Backdrop","og_url":"https:\/\/hobby4geek.com\/es\/producto\/transformers-rise-of-the-beasts-studio-series-108-deluxe-class-wheeljack\/","og_site_name":"Hobby4Geek","article_publisher":"https:\/\/www.facebook.com\/hobby4geek","article_modified_time":"2024-10-27T14:35:38+00:00","og_image":[{"width":2000,"height":2000,"url":"https:\/\/hobby4geek.com\/wp-content\/uploads\/2023\/11\/transformers-rise-of-the-beasts-studio-series-108-wheeljack-5.webp","type":"image\/webp"}],"twitter_card":"summary_large_image","twitter_site":"@hobby4geek","schema":{"@context":"https:\/\/schema.org","@graph":[{"@type":"WebPage","@id":"https:\/\/hobby4geek.com\/product\/transformers-rise-of-the-beasts-studio-series-108-deluxe-class-wheeljack\/","url":"https:\/\/hobby4geek.com\/product\/transformers-rise-of-the-beasts-studio-series-108-deluxe-class-wheeljack\/","name":"Transformers: Rise of the Beasts - Studio Series 108 - Gato de rueda","isPartOf":{"@id":"https:\/\/hobby4geek.com\/#website"},"primaryImageOfPage":{"@id":"https:\/\/hobby4geek.com\/product\/transformers-rise-of-the-beasts-studio-series-108-deluxe-class-wheeljack\/#primaryimage"},"image":{"@id":"https:\/\/hobby4geek.com\/product\/transformers-rise-of-the-beasts-studio-series-108-deluxe-class-wheeljack\/#primaryimage"},"thumbnailUrl":"https:\/\/hobby4geek.com\/wp-content\/uploads\/2023\/11\/transformers-rise-of-the-beasts-studio-series-108-wheeljack-5.webp","datePublished":"2024-03-07T11:48:37+00:00","dateModified":"2024-10-27T14:35:38+00:00","breadcrumb":{"@id":"https:\/\/hobby4geek.com\/product\/transformers-rise-of-the-beasts-studio-series-108-deluxe-class-wheeljack\/#breadcrumb"},"inLanguage":"es","potentialAction":[{"@type":"ReadAction","target":["https:\/\/hobby4geek.com\/product\/transformers-rise-of-the-beasts-studio-series-108-deluxe-class-wheeljack\/"]}]},{"@type":"ImageObject","inLanguage":"es","@id":"https:\/\/hobby4geek.com\/product\/transformers-rise-of-the-beasts-studio-series-108-deluxe-class-wheeljack\/#primaryimage","url":"https:\/\/hobby4geek.com\/wp-content\/uploads\/2023\/11\/transformers-rise-of-the-beasts-studio-series-108-wheeljack-5.webp","contentUrl":"https:\/\/hobby4geek.com\/wp-content\/uploads\/2023\/11\/transformers-rise-of-the-beasts-studio-series-108-wheeljack-5.webp","width":2000,"height":2000},{"@type":"BreadcrumbList","@id":"https:\/\/hobby4geek.com\/product\/transformers-rise-of-the-beasts-studio-series-108-deluxe-class-wheeljack\/#breadcrumb","itemListElement":[{"@type":"ListItem","position":1,"name":"Home","item":"https:\/\/hobby4geek.com\/"},{"@type":"ListItem","position":2,"name":"Shop","item":"https:\/\/hobby4geek.com\/shop\/"},{"@type":"ListItem","position":3,"name":"Transformers: Rise of the Beasts &#8211; Studio Series 108 &#8211; Wheeljack"}]},{"@type":"WebSite","@id":"https:\/\/hobby4geek.com\/#website","url":"https:\/\/hobby4geek.com\/","name":"Hobby4Geek","description":"Coleccionar, jugar y exhibir, abrazar su frikismo","publisher":{"@id":"https:\/\/hobby4geek.com\/#organization"},"potentialAction":[{"@type":"SearchAction","target":{"@type":"EntryPoint","urlTemplate":"https:\/\/hobby4geek.com\/?s={search_term_string}"},"query-input":{"@type":"PropertyValueSpecification","valueRequired":true,"valueName":"search_term_string"}}],"inLanguage":"es"},{"@type":"Organization","@id":"https:\/\/hobby4geek.com\/#organization","name":"Hobby4Geek","url":"https:\/\/hobby4geek.com\/","logo":{"@type":"ImageObject","inLanguage":"es","@id":"https:\/\/hobby4geek.com\/#\/schema\/logo\/image\/","url":"https:\/\/hobby4geek.com\/wp-content\/uploads\/2023\/02\/default-kit.png","contentUrl":"https:\/\/hobby4geek.com\/wp-content\/uploads\/2023\/02\/default-kit.png","width":600,"height":600,"caption":"Hobby4Geek"},"image":{"@id":"https:\/\/hobby4geek.com\/#\/schema\/logo\/image\/"},"sameAs":["https:\/\/www.facebook.com\/hobby4geek","https:\/\/x.com\/hobby4geek","https:\/\/www.instagram.com\/hobby4geek\/"]}]},"product_brand":"Transformers","product_price_amount":"27.80","product_price_currency":"EUR","og_availability":"instock","product_availability":"instock","product_retailer_item_id":"5010996165763","product_condition":"new"},"_links":{"self":[{"href":"https:\/\/hobby4geek.com\/es\/wp-json\/wp\/v2\/product\/190025","targetHints":{"allow":["GET"]}}],"collection":[{"href":"https:\/\/hobby4geek.com\/es\/wp-json\/wp\/v2\/product"}],"about":[{"href":"https:\/\/hobby4geek.com\/es\/wp-json\/wp\/v2\/types\/product"}],"replies":[{"embeddable":true,"href":"https:\/\/hobby4geek.com\/es\/wp-json\/wp\/v2\/comments?post=190025"}],"version-history":[{"count":0,"href":"https:\/\/hobby4geek.com\/es\/wp-json\/wp\/v2\/product\/190025\/revisions"}],"wp:featuredmedia":[{"embeddable":true,"href":"https:\/\/hobby4geek.com\/es\/wp-json\/wp\/v2\/media\/190030"}],"wp:attachment":[{"href":"https:\/\/hobby4geek.com\/es\/wp-json\/wp\/v2\/media?parent=190025"}],"wp:term":[{"taxonomy":"product_brand","embeddable":true,"href":"https:\/\/hobby4geek.com\/es\/wp-json\/wp\/v2\/product_brand?post=190025"},{"taxonomy":"product_cat","embeddable":true,"href":"https:\/\/hobby4geek.com\/es\/wp-json\/wp\/v2\/product_cat?post=190025"},{"taxonomy":"product_tag","embeddable":true,"href":"https:\/\/hobby4geek.com\/es\/wp-json\/wp\/v2\/product_tag?post=190025"},{"taxonomy":"giftcard-category","embeddable":true,"href":"https:\/\/hobby4geek.com\/es\/wp-json\/wp\/v2\/giftcard-category?post=190025"}],"curies":[{"name":"wp","href":"https:\/\/api.w.org\/{rel}","templated":true}]}}