{"id":189987,"date":"2024-01-01T19:27:03","date_gmt":"2024-01-01T18:27:03","guid":{"rendered":"https:\/\/hobby4geek.com\/?post_type=product&#038;p=189987"},"modified":"2025-03-31T09:28:28","modified_gmt":"2025-03-31T08:28:28","slug":"transformers-the-last-knight-studio-series-core-class-mohawk","status":"publish","type":"product","link":"https:\/\/hobby4geek.com\/es\/producto\/transformers-the-last-knight-studio-series-core-class-mohawk\/","title":{"rendered":"Transformers: El \u00faltimo caballero - Studio Series - Core Class Mohawk"},"content":{"rendered":"<p>Lleva la acci\u00f3n \u00e9pica de las pel\u00edculas Transformers de la gran pantalla a tu colecci\u00f3n con la figura de acci\u00f3n Transformers Studio Series Core Class Decepticon Mohawk, inspirada en\u00a0<em>Transformers: El \u00faltimo caballero<\/em>!<\/p>\n<p>Los juguetes Transformers Studio Series son figuras de acci\u00f3n coleccionables con detalles y accesorios inspirados en las pel\u00edculas.<\/p>\n<p>Convierte la figura de acci\u00f3n Studio Series Transformers de robot a modo motocicleta en 13 pasos y posa con el accesorio cuchillo incluido. Busca m\u00e1s figuras coleccionables Transformers Studio Series para crear una colecci\u00f3n inspirada en las pel\u00edculas (cada una se vende por separado, sujeto a disponibilidad).<\/p>\n<p>Incluye figura, accesorio e instrucciones.<\/p>\n<ul>\n<li><em>TRANSFORMERS: EL \u00daLTIMO CABALLERO\u00a0<\/em>DECEPTICON MOHAWK: Esta figura de acci\u00f3n Decepticon Transformers Studio Series Mohawk est\u00e1 muy articulada para facilitar su colocaci\u00f3n y cuenta con detalles y decoraci\u00f3n inspirados en la pel\u00edcula.<\/li>\n<li>TRANSFORMERS TOYS STUDIO SERIES CORE CLASS: Estas figuras de acci\u00f3n coleccionables de 8,9 cm (3,5 pulgadas) est\u00e1n muy articuladas para facilitar su colocaci\u00f3n y dise\u00f1adas con especificaciones y detalles que reflejan el universo de la pel\u00edcula Transformers.<\/li>\n<li>2 MODOS IC\u00d3NICOS: Este juguete Studio Series Transformers ofrece la conversi\u00f3n cl\u00e1sica entre los modos robot y moto en 13 pasos<\/li>\n<li>ACCESORIOS INCRE\u00cdBLES: La figura Transformers viene con un accesorio de cuchillo que se acopla en ambos modos<\/li>\n<li>ARTICULADAS PARA JUGAR Y REPRODUCIR: las figuras de Transformers cuentan con cabezas, brazos y piernas articulados para adoptar posturas de acci\u00f3n.<\/li>\n<li>COLECCIONAR FIGURAS DE PEL\u00cdCULAS DE LA SERIE DE ESTUDIO: Este juguete figura de acci\u00f3n hace un gran regalo figura coleccionable para cualquier fan Transformers. Busque m\u00e1s juguetes Transformers Studio Series para construir una colecci\u00f3n (cada uno se vende por separado, sujeto a disponibilidad).<\/li>\n<\/ul>","protected":false},"excerpt":{"rendered":"<ul>\n<li>8,9 cm<\/li>\n<li>Clase N\u00facleo<\/li>\n<li>Tranformar en 13 pasos<\/li>\n<li>Convertir un robot en una moto<\/li>\n<\/ul>","protected":false},"featured_media":189994,"comment_status":"open","ping_status":"closed","template":"","meta":{"inline_featured_image":false},"product_brand":[],"product_cat":[1955,68,69,1960],"product_tag":[1759,2109,221,335,586,240,203,659,1975,204,1961,1962,1994],"giftcard-category":[],"class_list":{"0":"post-189987","1":"product","2":"type-product","3":"status-publish","4":"has-post-thumbnail","6":"product_cat-transformers","7":"product_cat-hasbro","8":"product_cat-takara-tomy","9":"product_cat-transformers-generations","10":"product_tag-action-toys","11":"product_tag-core-class","12":"product_tag-decepticon","13":"product_tag-hasbro","14":"product_tag-mohawk","15":"product_tag-studio-series","16":"product_tag-takara-tomy","17":"product_tag-the-last-knight","18":"product_tag-toys-figures","19":"product_tag-transformers","20":"product_tag-transformers-authentic","21":"product_tag-transformers-generations","22":"product_tag-transformers-studio-series","23":"product_shipping_class-light","24":"inventories-france-inventory","26":"first","27":"instock","28":"featured","29":"taxable","30":"shipping-taxable","31":"purchasable","32":"product-type-simple","33":"add-to-wishlist-after_add_to_cart"},"yoast_head":"<!-- This site is optimized with the Yoast SEO Premium plugin v25.3.1 (Yoast SEO v27.2) - https:\/\/yoast.com\/product\/yoast-seo-premium-wordpress\/ -->\n<title>Transformers: The Last Knight - Studio Series - Core Class Mohawk<\/title>\n<meta name=\"robots\" content=\"index, follow, max-snippet:-1, max-image-preview:large, max-video-preview:-1\" \/>\n<link rel=\"canonical\" href=\"https:\/\/hobby4geek.com\/es\/producto\/transformers-the-last-knight-studio-series-core-class-mohawk\/\" \/>\n<meta property=\"og:locale\" content=\"es_ES\" \/>\n<meta property=\"og:type\" content=\"article\" \/>\n<meta property=\"og:title\" content=\"Transformers: The Last Knight - Studio Series - Core Class Mohawk\" \/>\n<meta property=\"og:description\" content=\"8,9 cm  Core Class  Tranform in 13 steps  Convert robot to motorcycle\" \/>\n<meta property=\"og:url\" content=\"https:\/\/hobby4geek.com\/es\/producto\/transformers-the-last-knight-studio-series-core-class-mohawk\/\" \/>\n<meta property=\"og:site_name\" content=\"Hobby4Geek\" \/>\n<meta property=\"article:publisher\" content=\"https:\/\/www.facebook.com\/hobby4geek\" \/>\n<meta property=\"article:modified_time\" content=\"2025-03-31T08:28:28+00:00\" \/>\n<meta property=\"og:image\" content=\"https:\/\/hobby4geek.com\/wp-content\/uploads\/2023\/11\/transformers-the-last-knight-studio-series-core-class-mohawk-5.webp\" \/>\n\t<meta property=\"og:image:width\" content=\"2000\" \/>\n\t<meta property=\"og:image:height\" content=\"2000\" \/>\n\t<meta property=\"og:image:type\" content=\"image\/webp\" \/>\n<meta name=\"twitter:card\" content=\"summary_large_image\" \/>\n<meta name=\"twitter:site\" content=\"@hobby4geek\" \/>\n<script type=\"application\/ld+json\" class=\"yoast-schema-graph\">{\"@context\":\"https:\/\/schema.org\",\"@graph\":[{\"@type\":\"WebPage\",\"@id\":\"https:\/\/hobby4geek.com\/product\/transformers-the-last-knight-studio-series-core-class-mohawk\/\",\"url\":\"https:\/\/hobby4geek.com\/product\/transformers-the-last-knight-studio-series-core-class-mohawk\/\",\"name\":\"Transformers: The Last Knight - Studio Series - Core Class Mohawk\",\"isPartOf\":{\"@id\":\"https:\/\/hobby4geek.com\/#website\"},\"primaryImageOfPage\":{\"@id\":\"https:\/\/hobby4geek.com\/product\/transformers-the-last-knight-studio-series-core-class-mohawk\/#primaryimage\"},\"image\":{\"@id\":\"https:\/\/hobby4geek.com\/product\/transformers-the-last-knight-studio-series-core-class-mohawk\/#primaryimage\"},\"thumbnailUrl\":\"https:\/\/hobby4geek.com\/wp-content\/uploads\/2023\/11\/transformers-the-last-knight-studio-series-core-class-mohawk-5.webp\",\"datePublished\":\"2024-01-01T18:27:03+00:00\",\"dateModified\":\"2025-03-31T08:28:28+00:00\",\"breadcrumb\":{\"@id\":\"https:\/\/hobby4geek.com\/product\/transformers-the-last-knight-studio-series-core-class-mohawk\/#breadcrumb\"},\"inLanguage\":\"es\",\"potentialAction\":[{\"@type\":\"ReadAction\",\"target\":[\"https:\/\/hobby4geek.com\/product\/transformers-the-last-knight-studio-series-core-class-mohawk\/\"]}]},{\"@type\":\"ImageObject\",\"inLanguage\":\"es\",\"@id\":\"https:\/\/hobby4geek.com\/product\/transformers-the-last-knight-studio-series-core-class-mohawk\/#primaryimage\",\"url\":\"https:\/\/hobby4geek.com\/wp-content\/uploads\/2023\/11\/transformers-the-last-knight-studio-series-core-class-mohawk-5.webp\",\"contentUrl\":\"https:\/\/hobby4geek.com\/wp-content\/uploads\/2023\/11\/transformers-the-last-knight-studio-series-core-class-mohawk-5.webp\",\"width\":2000,\"height\":2000},{\"@type\":\"BreadcrumbList\",\"@id\":\"https:\/\/hobby4geek.com\/product\/transformers-the-last-knight-studio-series-core-class-mohawk\/#breadcrumb\",\"itemListElement\":[{\"@type\":\"ListItem\",\"position\":1,\"name\":\"Home\",\"item\":\"https:\/\/hobby4geek.com\/\"},{\"@type\":\"ListItem\",\"position\":2,\"name\":\"Shop\",\"item\":\"https:\/\/hobby4geek.com\/shop\/\"},{\"@type\":\"ListItem\",\"position\":3,\"name\":\"Transformers: The Last Knight &#8211; Studio Series &#8211; Core Class Mohawk\"}]},{\"@type\":\"WebSite\",\"@id\":\"https:\/\/hobby4geek.com\/#website\",\"url\":\"https:\/\/hobby4geek.com\/\",\"name\":\"Hobby4Geek\",\"description\":\"Collect, Play &amp; Showcase, Embrace your Geekiness\",\"publisher\":{\"@id\":\"https:\/\/hobby4geek.com\/#organization\"},\"potentialAction\":[{\"@type\":\"SearchAction\",\"target\":{\"@type\":\"EntryPoint\",\"urlTemplate\":\"https:\/\/hobby4geek.com\/?s={search_term_string}\"},\"query-input\":{\"@type\":\"PropertyValueSpecification\",\"valueRequired\":true,\"valueName\":\"search_term_string\"}}],\"inLanguage\":\"es\"},{\"@type\":\"Organization\",\"@id\":\"https:\/\/hobby4geek.com\/#organization\",\"name\":\"Hobby4Geek\",\"url\":\"https:\/\/hobby4geek.com\/\",\"logo\":{\"@type\":\"ImageObject\",\"inLanguage\":\"es\",\"@id\":\"https:\/\/hobby4geek.com\/#\/schema\/logo\/image\/\",\"url\":\"https:\/\/hobby4geek.com\/wp-content\/uploads\/2023\/02\/default-kit.png\",\"contentUrl\":\"https:\/\/hobby4geek.com\/wp-content\/uploads\/2023\/02\/default-kit.png\",\"width\":600,\"height\":600,\"caption\":\"Hobby4Geek\"},\"image\":{\"@id\":\"https:\/\/hobby4geek.com\/#\/schema\/logo\/image\/\"},\"sameAs\":[\"https:\/\/www.facebook.com\/hobby4geek\",\"https:\/\/x.com\/hobby4geek\",\"https:\/\/www.instagram.com\/hobby4geek\/\"]}]}<\/script>\n<meta property=\"product:brand\" content=\"Transformers\" \/>\n<meta property=\"product:price:amount\" content=\"14.80\" \/>\n<meta property=\"product:price:currency\" content=\"EUR\" \/>\n<meta property=\"og:availability\" content=\"instock\" \/>\n<meta property=\"product:availability\" content=\"instock\" \/>\n<meta property=\"product:retailer_item_id\" content=\"5010996208309\" \/>\n<meta property=\"product:condition\" content=\"new\" \/>\n<!-- \/ Yoast SEO Premium plugin. -->","yoast_head_json":{"title":"Transformers: El \u00daltimo Caballero - Studio Series - Clase Principal Mohawk","robots":{"index":"index","follow":"follow","max-snippet":"max-snippet:-1","max-image-preview":"max-image-preview:large","max-video-preview":"max-video-preview:-1"},"canonical":"https:\/\/hobby4geek.com\/es\/producto\/transformers-the-last-knight-studio-series-core-class-mohawk\/","og_locale":"es_ES","og_type":"article","og_title":"Transformers: The Last Knight - Studio Series - Core Class Mohawk","og_description":"8,9 cm  Core Class  Tranform in 13 steps  Convert robot to motorcycle","og_url":"https:\/\/hobby4geek.com\/es\/producto\/transformers-the-last-knight-studio-series-core-class-mohawk\/","og_site_name":"Hobby4Geek","article_publisher":"https:\/\/www.facebook.com\/hobby4geek","article_modified_time":"2025-03-31T08:28:28+00:00","og_image":[{"width":2000,"height":2000,"url":"https:\/\/hobby4geek.com\/wp-content\/uploads\/2023\/11\/transformers-the-last-knight-studio-series-core-class-mohawk-5.webp","type":"image\/webp"}],"twitter_card":"summary_large_image","twitter_site":"@hobby4geek","schema":{"@context":"https:\/\/schema.org","@graph":[{"@type":"WebPage","@id":"https:\/\/hobby4geek.com\/product\/transformers-the-last-knight-studio-series-core-class-mohawk\/","url":"https:\/\/hobby4geek.com\/product\/transformers-the-last-knight-studio-series-core-class-mohawk\/","name":"Transformers: El \u00daltimo Caballero - Studio Series - Clase Principal Mohawk","isPartOf":{"@id":"https:\/\/hobby4geek.com\/#website"},"primaryImageOfPage":{"@id":"https:\/\/hobby4geek.com\/product\/transformers-the-last-knight-studio-series-core-class-mohawk\/#primaryimage"},"image":{"@id":"https:\/\/hobby4geek.com\/product\/transformers-the-last-knight-studio-series-core-class-mohawk\/#primaryimage"},"thumbnailUrl":"https:\/\/hobby4geek.com\/wp-content\/uploads\/2023\/11\/transformers-the-last-knight-studio-series-core-class-mohawk-5.webp","datePublished":"2024-01-01T18:27:03+00:00","dateModified":"2025-03-31T08:28:28+00:00","breadcrumb":{"@id":"https:\/\/hobby4geek.com\/product\/transformers-the-last-knight-studio-series-core-class-mohawk\/#breadcrumb"},"inLanguage":"es","potentialAction":[{"@type":"ReadAction","target":["https:\/\/hobby4geek.com\/product\/transformers-the-last-knight-studio-series-core-class-mohawk\/"]}]},{"@type":"ImageObject","inLanguage":"es","@id":"https:\/\/hobby4geek.com\/product\/transformers-the-last-knight-studio-series-core-class-mohawk\/#primaryimage","url":"https:\/\/hobby4geek.com\/wp-content\/uploads\/2023\/11\/transformers-the-last-knight-studio-series-core-class-mohawk-5.webp","contentUrl":"https:\/\/hobby4geek.com\/wp-content\/uploads\/2023\/11\/transformers-the-last-knight-studio-series-core-class-mohawk-5.webp","width":2000,"height":2000},{"@type":"BreadcrumbList","@id":"https:\/\/hobby4geek.com\/product\/transformers-the-last-knight-studio-series-core-class-mohawk\/#breadcrumb","itemListElement":[{"@type":"ListItem","position":1,"name":"Home","item":"https:\/\/hobby4geek.com\/"},{"@type":"ListItem","position":2,"name":"Shop","item":"https:\/\/hobby4geek.com\/shop\/"},{"@type":"ListItem","position":3,"name":"Transformers: The Last Knight &#8211; Studio Series &#8211; Core Class Mohawk"}]},{"@type":"WebSite","@id":"https:\/\/hobby4geek.com\/#website","url":"https:\/\/hobby4geek.com\/","name":"Hobby4Geek","description":"Coleccionar, jugar y exhibir, abrazar su frikismo","publisher":{"@id":"https:\/\/hobby4geek.com\/#organization"},"potentialAction":[{"@type":"SearchAction","target":{"@type":"EntryPoint","urlTemplate":"https:\/\/hobby4geek.com\/?s={search_term_string}"},"query-input":{"@type":"PropertyValueSpecification","valueRequired":true,"valueName":"search_term_string"}}],"inLanguage":"es"},{"@type":"Organization","@id":"https:\/\/hobby4geek.com\/#organization","name":"Hobby4Geek","url":"https:\/\/hobby4geek.com\/","logo":{"@type":"ImageObject","inLanguage":"es","@id":"https:\/\/hobby4geek.com\/#\/schema\/logo\/image\/","url":"https:\/\/hobby4geek.com\/wp-content\/uploads\/2023\/02\/default-kit.png","contentUrl":"https:\/\/hobby4geek.com\/wp-content\/uploads\/2023\/02\/default-kit.png","width":600,"height":600,"caption":"Hobby4Geek"},"image":{"@id":"https:\/\/hobby4geek.com\/#\/schema\/logo\/image\/"},"sameAs":["https:\/\/www.facebook.com\/hobby4geek","https:\/\/x.com\/hobby4geek","https:\/\/www.instagram.com\/hobby4geek\/"]}]},"product_brand":"Transformers","product_price_amount":"14.80","product_price_currency":"EUR","og_availability":"instock","product_availability":"instock","product_retailer_item_id":"5010996208309","product_condition":"new"},"_links":{"self":[{"href":"https:\/\/hobby4geek.com\/es\/wp-json\/wp\/v2\/product\/189987","targetHints":{"allow":["GET"]}}],"collection":[{"href":"https:\/\/hobby4geek.com\/es\/wp-json\/wp\/v2\/product"}],"about":[{"href":"https:\/\/hobby4geek.com\/es\/wp-json\/wp\/v2\/types\/product"}],"replies":[{"embeddable":true,"href":"https:\/\/hobby4geek.com\/es\/wp-json\/wp\/v2\/comments?post=189987"}],"version-history":[{"count":0,"href":"https:\/\/hobby4geek.com\/es\/wp-json\/wp\/v2\/product\/189987\/revisions"}],"wp:featuredmedia":[{"embeddable":true,"href":"https:\/\/hobby4geek.com\/es\/wp-json\/wp\/v2\/media\/189994"}],"wp:attachment":[{"href":"https:\/\/hobby4geek.com\/es\/wp-json\/wp\/v2\/media?parent=189987"}],"wp:term":[{"taxonomy":"product_brand","embeddable":true,"href":"https:\/\/hobby4geek.com\/es\/wp-json\/wp\/v2\/product_brand?post=189987"},{"taxonomy":"product_cat","embeddable":true,"href":"https:\/\/hobby4geek.com\/es\/wp-json\/wp\/v2\/product_cat?post=189987"},{"taxonomy":"product_tag","embeddable":true,"href":"https:\/\/hobby4geek.com\/es\/wp-json\/wp\/v2\/product_tag?post=189987"},{"taxonomy":"giftcard-category","embeddable":true,"href":"https:\/\/hobby4geek.com\/es\/wp-json\/wp\/v2\/giftcard-category?post=189987"}],"curies":[{"name":"wp","href":"https:\/\/api.w.org\/{rel}","templated":true}]}}