{"id":189977,"date":"2024-03-05T15:21:35","date_gmt":"2024-03-05T14:21:35","guid":{"rendered":"https:\/\/hobby4geek.com\/?post_type=product&#038;p=189977"},"modified":"2024-06-11T20:39:57","modified_gmt":"2024-06-11T19:39:57","slug":"transformers-bumblebee-studio-serie-109-concept-art-megatron","status":"publish","type":"product","link":"https:\/\/hobby4geek.com\/es\/producto\/transformers-bumblebee-studio-serie-109-concept-art-megatron\/","title":{"rendered":"Transformers: Bumblebee - Studio Series 109 - Concept Art Megatron"},"content":{"rendered":"<p>Lleva la acci\u00f3n \u00e9pica de las pel\u00edculas Transformers de la gran pantalla a tu colecci\u00f3n con la figura de acci\u00f3n Transformers Studio Series Leader Class Concept Art Megatron, inspirada en el arte conceptual de\u00a0<em>Transformers: \u00a1Bumblebee!<\/em><\/p>\n<p>Los juguetes Transformers Studio Series son figuras de acci\u00f3n coleccionables con detalles y accesorios inspirados en las pel\u00edculas. Convierte la figura de acci\u00f3n Studio Series Transformers de robot a modo tanque Cybertroniano en 32 pasos, y luego a modo jet Cybertroniano en 39 pasos. Coloca el juguete Concept Art Megatron en la escena de fondo extra\u00edble Cybertron Falls incluida.<\/p>\n<p>Busca m\u00e1s figuras coleccionables Transformers Studio Series para crear una colecci\u00f3n inspirada en la pel\u00edcula (cada una se vende por separado, sujeto a disponibilidad).<\/p>\n<p>Incluye figura, accesorio, tel\u00f3n de fondo desmontable e instrucciones.<\/p>\n<ul>\n<li>TRANSFORMERS: BUMBLEBEE CONCEPT ART MEGATRON: Esta figura de acci\u00f3n Transformers Studio Series 109 Concept Art Megatron est\u00e1 inspirada en el concept art de Megatron que se plane\u00f3 pero nunca se utiliz\u00f3 en la pel\u00edcula Transformers: Bumblebee<\/li>\n<li>TRANSFORMERS TOYS STUDIO SERIES LEADER CLASS: Esta figura de acci\u00f3n coleccionable de 21,6 cm (8,5 pulgadas) est\u00e1 altamente articulada para facilitar su colocaci\u00f3n y dise\u00f1ada con especificaciones y detalles que reflejan el universo de la pel\u00edcula Transformers.<\/li>\n<li>3 MODOS IC\u00d3NICOS: Este juguete Studio Series Transformers es un Cambiador Triple, con 3 modos de conversi\u00f3n de robot a tanque Cybertroniano en 32 pasos, y luego a jet Cybertroniano en 39 pasos.<\/li>\n<li>ACCESORIOS INCRE\u00cdBLES: La figura Transformers viene con un accesorio de ca\u00f1\u00f3n de fusi\u00f3n que se acopla en ambos modos<\/li>\n<li>ARTICULADAS PARA JUGAR Y REPRODUCIR: las figuras de Transformers cuentan con cabezas, brazos y piernas articulados para adoptar posturas de acci\u00f3n.<\/li>\n<\/ul>\n<ul>\n<li>TEL\u00d3N DE FONDO EXTRA\u00cdBLE: Tel\u00f3n de fondo extra\u00edble muestra la figura Transformers Studio Series Concept Art Megatron en la escena Cybertron Falls.<\/li>\n<li>COLECCIONAR FIGURAS DE PEL\u00cdCULAS DE LA SERIE DE ESTUDIO: Este juguete figura de acci\u00f3n hace un gran regalo figura coleccionable para cualquier fan Transformers. Busque m\u00e1s juguetes Transformers Studio Series para construir una colecci\u00f3n (cada uno se vende por separado, sujeto a disponibilidad).<\/li>\n<\/ul>\n<p dir=\"ltr\" data-placeholder=\"Traduction\"><strong>Caracter\u00edsticas del producto:<\/strong><\/p>\n<ul>\n<li dir=\"ltr\" data-placeholder=\"Traduction\">Clase L\u00edder<\/li>\n<li dir=\"ltr\" data-placeholder=\"Traduction\">Tama\u00f1o: 22 cm<\/li>\n<li dir=\"ltr\" data-placeholder=\"Traduction\">Transformar en 32 pasos<\/li>\n<li dir=\"ltr\" data-placeholder=\"Traduction\">Convierte de robot a Tank y Jet<\/li>\n<\/ul>","protected":false},"excerpt":{"rendered":"<ul>\n<li dir=\"ltr\" data-placeholder=\"Traduction\">Clase L\u00edder<\/li>\n<li dir=\"ltr\" data-placeholder=\"Traduction\">Tama\u00f1o: 22 cm<\/li>\n<li dir=\"ltr\" data-placeholder=\"Traduction\">Transformar en 32 pasos<\/li>\n<li dir=\"ltr\" data-placeholder=\"Traduction\">Convierte de robot a Cybertronian Tank y Cybertronien Jet<\/li>\n<\/ul>","protected":false},"featured_media":189982,"comment_status":"open","ping_status":"closed","template":"","meta":{"inline_featured_image":false},"product_brand":[],"product_cat":[1955,68,69,1960],"product_tag":[1759,221,2330,335,1903,306,203,1975,204,1961,1962,1994],"giftcard-category":[],"class_list":{"0":"post-189977","1":"product","2":"type-product","3":"status-publish","4":"has-post-thumbnail","6":"product_cat-transformers","7":"product_cat-hasbro","8":"product_cat-takara-tomy","9":"product_cat-transformers-generations","10":"product_tag-action-toys","11":"product_tag-decepticon","12":"product_tag-figurine-concept-art","13":"product_tag-hasbro","14":"product_tag-leader-class","15":"product_tag-megatron","16":"product_tag-takara-tomy","17":"product_tag-toys-figures","18":"product_tag-transformers","19":"product_tag-transformers-authentic","20":"product_tag-transformers-generations","21":"product_tag-transformers-studio-series","22":"product_shipping_class-standard","24":"first","25":"outofstock","26":"taxable","27":"shipping-taxable","28":"purchasable","29":"product-type-simple","30":"add-to-wishlist-after_add_to_cart"},"yoast_head":"<!-- This site is optimized with the Yoast SEO Premium plugin v25.3.1 (Yoast SEO v27.2) - https:\/\/yoast.com\/product\/yoast-seo-premium-wordpress\/ -->\n<title>Transformers: Bumblebee - Studio Series 109 - Concept Art Megatron<\/title>\n<meta name=\"robots\" content=\"index, follow, max-snippet:-1, max-image-preview:large, max-video-preview:-1\" \/>\n<link rel=\"canonical\" href=\"https:\/\/hobby4geek.com\/es\/producto\/transformers-bumblebee-studio-serie-109-concept-art-megatron\/\" \/>\n<meta property=\"og:locale\" content=\"es_ES\" \/>\n<meta property=\"og:type\" content=\"article\" \/>\n<meta property=\"og:title\" content=\"Transformers: Bumblebee - Studio Series 109 - Concept Art Megatron\" \/>\n<meta property=\"og:description\" content=\"Leader Class  Size: 22 cm  Transform in 32 steps  Converts from robot to Cybertronian Tank and Cybertronien Jet\" \/>\n<meta property=\"og:url\" content=\"https:\/\/hobby4geek.com\/es\/producto\/transformers-bumblebee-studio-serie-109-concept-art-megatron\/\" \/>\n<meta property=\"og:site_name\" content=\"Hobby4Geek\" \/>\n<meta property=\"article:publisher\" content=\"https:\/\/www.facebook.com\/hobby4geek\" \/>\n<meta property=\"article:modified_time\" content=\"2024-06-11T19:39:57+00:00\" \/>\n<meta property=\"og:image\" content=\"https:\/\/hobby4geek.com\/wp-content\/uploads\/2023\/11\/transformers-bumblebee-studio-series-109-concept-art-megatron-5.webp\" \/>\n\t<meta property=\"og:image:width\" content=\"2000\" \/>\n\t<meta property=\"og:image:height\" content=\"2000\" \/>\n\t<meta property=\"og:image:type\" content=\"image\/webp\" \/>\n<meta name=\"twitter:card\" content=\"summary_large_image\" \/>\n<meta name=\"twitter:site\" content=\"@hobby4geek\" \/>\n<script type=\"application\/ld+json\" class=\"yoast-schema-graph\">{\"@context\":\"https:\/\/schema.org\",\"@graph\":[{\"@type\":\"WebPage\",\"@id\":\"https:\/\/hobby4geek.com\/product\/transformers-bumblebee-studio-series-109-concept-art-megatron\/\",\"url\":\"https:\/\/hobby4geek.com\/product\/transformers-bumblebee-studio-series-109-concept-art-megatron\/\",\"name\":\"Transformers: Bumblebee - Studio Series 109 - Concept Art Megatron\",\"isPartOf\":{\"@id\":\"https:\/\/hobby4geek.com\/#website\"},\"primaryImageOfPage\":{\"@id\":\"https:\/\/hobby4geek.com\/product\/transformers-bumblebee-studio-series-109-concept-art-megatron\/#primaryimage\"},\"image\":{\"@id\":\"https:\/\/hobby4geek.com\/product\/transformers-bumblebee-studio-series-109-concept-art-megatron\/#primaryimage\"},\"thumbnailUrl\":\"https:\/\/hobby4geek.com\/wp-content\/uploads\/2023\/11\/transformers-bumblebee-studio-series-109-concept-art-megatron-5.webp\",\"datePublished\":\"2024-03-05T14:21:35+00:00\",\"dateModified\":\"2024-06-11T19:39:57+00:00\",\"breadcrumb\":{\"@id\":\"https:\/\/hobby4geek.com\/product\/transformers-bumblebee-studio-series-109-concept-art-megatron\/#breadcrumb\"},\"inLanguage\":\"es\",\"potentialAction\":[{\"@type\":\"ReadAction\",\"target\":[\"https:\/\/hobby4geek.com\/product\/transformers-bumblebee-studio-series-109-concept-art-megatron\/\"]}]},{\"@type\":\"ImageObject\",\"inLanguage\":\"es\",\"@id\":\"https:\/\/hobby4geek.com\/product\/transformers-bumblebee-studio-series-109-concept-art-megatron\/#primaryimage\",\"url\":\"https:\/\/hobby4geek.com\/wp-content\/uploads\/2023\/11\/transformers-bumblebee-studio-series-109-concept-art-megatron-5.webp\",\"contentUrl\":\"https:\/\/hobby4geek.com\/wp-content\/uploads\/2023\/11\/transformers-bumblebee-studio-series-109-concept-art-megatron-5.webp\",\"width\":2000,\"height\":2000},{\"@type\":\"BreadcrumbList\",\"@id\":\"https:\/\/hobby4geek.com\/product\/transformers-bumblebee-studio-series-109-concept-art-megatron\/#breadcrumb\",\"itemListElement\":[{\"@type\":\"ListItem\",\"position\":1,\"name\":\"Home\",\"item\":\"https:\/\/hobby4geek.com\/\"},{\"@type\":\"ListItem\",\"position\":2,\"name\":\"Shop\",\"item\":\"https:\/\/hobby4geek.com\/shop\/\"},{\"@type\":\"ListItem\",\"position\":3,\"name\":\"Transformers: Bumblebee &#8211; Studio Series 109 &#8211; Concept Art Megatron\"}]},{\"@type\":\"WebSite\",\"@id\":\"https:\/\/hobby4geek.com\/#website\",\"url\":\"https:\/\/hobby4geek.com\/\",\"name\":\"Hobby4Geek\",\"description\":\"Collect, Play &amp; Showcase, Embrace your Geekiness\",\"publisher\":{\"@id\":\"https:\/\/hobby4geek.com\/#organization\"},\"potentialAction\":[{\"@type\":\"SearchAction\",\"target\":{\"@type\":\"EntryPoint\",\"urlTemplate\":\"https:\/\/hobby4geek.com\/?s={search_term_string}\"},\"query-input\":{\"@type\":\"PropertyValueSpecification\",\"valueRequired\":true,\"valueName\":\"search_term_string\"}}],\"inLanguage\":\"es\"},{\"@type\":\"Organization\",\"@id\":\"https:\/\/hobby4geek.com\/#organization\",\"name\":\"Hobby4Geek\",\"url\":\"https:\/\/hobby4geek.com\/\",\"logo\":{\"@type\":\"ImageObject\",\"inLanguage\":\"es\",\"@id\":\"https:\/\/hobby4geek.com\/#\/schema\/logo\/image\/\",\"url\":\"https:\/\/hobby4geek.com\/wp-content\/uploads\/2023\/02\/default-kit.png\",\"contentUrl\":\"https:\/\/hobby4geek.com\/wp-content\/uploads\/2023\/02\/default-kit.png\",\"width\":600,\"height\":600,\"caption\":\"Hobby4Geek\"},\"image\":{\"@id\":\"https:\/\/hobby4geek.com\/#\/schema\/logo\/image\/\"},\"sameAs\":[\"https:\/\/www.facebook.com\/hobby4geek\",\"https:\/\/x.com\/hobby4geek\",\"https:\/\/www.instagram.com\/hobby4geek\/\"]}]}<\/script>\n<meta property=\"product:brand\" content=\"Transformers\" \/>\n<meta property=\"product:price:amount\" content=\"54.80\" \/>\n<meta property=\"product:price:currency\" content=\"EUR\" \/>\n<meta property=\"og:availability\" content=\"out of stock\" \/>\n<meta property=\"product:availability\" content=\"out of stock\" \/>\n<meta property=\"product:retailer_item_id\" content=\"195166246062\" \/>\n<meta property=\"product:condition\" content=\"new\" \/>\n<!-- \/ Yoast SEO Premium plugin. -->","yoast_head_json":{"title":"Transformers: Bumblebee - Studio Series 109 - Concept Art Megatron","robots":{"index":"index","follow":"follow","max-snippet":"max-snippet:-1","max-image-preview":"max-image-preview:large","max-video-preview":"max-video-preview:-1"},"canonical":"https:\/\/hobby4geek.com\/es\/producto\/transformers-bumblebee-studio-serie-109-concept-art-megatron\/","og_locale":"es_ES","og_type":"article","og_title":"Transformers: Bumblebee - Studio Series 109 - Concept Art Megatron","og_description":"Leader Class  Size: 22 cm  Transform in 32 steps  Converts from robot to Cybertronian Tank and Cybertronien Jet","og_url":"https:\/\/hobby4geek.com\/es\/producto\/transformers-bumblebee-studio-serie-109-concept-art-megatron\/","og_site_name":"Hobby4Geek","article_publisher":"https:\/\/www.facebook.com\/hobby4geek","article_modified_time":"2024-06-11T19:39:57+00:00","og_image":[{"width":2000,"height":2000,"url":"https:\/\/hobby4geek.com\/wp-content\/uploads\/2023\/11\/transformers-bumblebee-studio-series-109-concept-art-megatron-5.webp","type":"image\/webp"}],"twitter_card":"summary_large_image","twitter_site":"@hobby4geek","schema":{"@context":"https:\/\/schema.org","@graph":[{"@type":"WebPage","@id":"https:\/\/hobby4geek.com\/product\/transformers-bumblebee-studio-series-109-concept-art-megatron\/","url":"https:\/\/hobby4geek.com\/product\/transformers-bumblebee-studio-series-109-concept-art-megatron\/","name":"Transformers: Bumblebee - Studio Series 109 - Concept Art Megatron","isPartOf":{"@id":"https:\/\/hobby4geek.com\/#website"},"primaryImageOfPage":{"@id":"https:\/\/hobby4geek.com\/product\/transformers-bumblebee-studio-series-109-concept-art-megatron\/#primaryimage"},"image":{"@id":"https:\/\/hobby4geek.com\/product\/transformers-bumblebee-studio-series-109-concept-art-megatron\/#primaryimage"},"thumbnailUrl":"https:\/\/hobby4geek.com\/wp-content\/uploads\/2023\/11\/transformers-bumblebee-studio-series-109-concept-art-megatron-5.webp","datePublished":"2024-03-05T14:21:35+00:00","dateModified":"2024-06-11T19:39:57+00:00","breadcrumb":{"@id":"https:\/\/hobby4geek.com\/product\/transformers-bumblebee-studio-series-109-concept-art-megatron\/#breadcrumb"},"inLanguage":"es","potentialAction":[{"@type":"ReadAction","target":["https:\/\/hobby4geek.com\/product\/transformers-bumblebee-studio-series-109-concept-art-megatron\/"]}]},{"@type":"ImageObject","inLanguage":"es","@id":"https:\/\/hobby4geek.com\/product\/transformers-bumblebee-studio-series-109-concept-art-megatron\/#primaryimage","url":"https:\/\/hobby4geek.com\/wp-content\/uploads\/2023\/11\/transformers-bumblebee-studio-series-109-concept-art-megatron-5.webp","contentUrl":"https:\/\/hobby4geek.com\/wp-content\/uploads\/2023\/11\/transformers-bumblebee-studio-series-109-concept-art-megatron-5.webp","width":2000,"height":2000},{"@type":"BreadcrumbList","@id":"https:\/\/hobby4geek.com\/product\/transformers-bumblebee-studio-series-109-concept-art-megatron\/#breadcrumb","itemListElement":[{"@type":"ListItem","position":1,"name":"Home","item":"https:\/\/hobby4geek.com\/"},{"@type":"ListItem","position":2,"name":"Shop","item":"https:\/\/hobby4geek.com\/shop\/"},{"@type":"ListItem","position":3,"name":"Transformers: Bumblebee &#8211; Studio Series 109 &#8211; Concept Art Megatron"}]},{"@type":"WebSite","@id":"https:\/\/hobby4geek.com\/#website","url":"https:\/\/hobby4geek.com\/","name":"Hobby4Geek","description":"Coleccionar, jugar y exhibir, abrazar su frikismo","publisher":{"@id":"https:\/\/hobby4geek.com\/#organization"},"potentialAction":[{"@type":"SearchAction","target":{"@type":"EntryPoint","urlTemplate":"https:\/\/hobby4geek.com\/?s={search_term_string}"},"query-input":{"@type":"PropertyValueSpecification","valueRequired":true,"valueName":"search_term_string"}}],"inLanguage":"es"},{"@type":"Organization","@id":"https:\/\/hobby4geek.com\/#organization","name":"Hobby4Geek","url":"https:\/\/hobby4geek.com\/","logo":{"@type":"ImageObject","inLanguage":"es","@id":"https:\/\/hobby4geek.com\/#\/schema\/logo\/image\/","url":"https:\/\/hobby4geek.com\/wp-content\/uploads\/2023\/02\/default-kit.png","contentUrl":"https:\/\/hobby4geek.com\/wp-content\/uploads\/2023\/02\/default-kit.png","width":600,"height":600,"caption":"Hobby4Geek"},"image":{"@id":"https:\/\/hobby4geek.com\/#\/schema\/logo\/image\/"},"sameAs":["https:\/\/www.facebook.com\/hobby4geek","https:\/\/x.com\/hobby4geek","https:\/\/www.instagram.com\/hobby4geek\/"]}]},"product_brand":"Transformers","product_price_amount":"54.80","product_price_currency":"EUR","og_availability":"out of stock","product_availability":"out of stock","product_retailer_item_id":"195166246062","product_condition":"new"},"_links":{"self":[{"href":"https:\/\/hobby4geek.com\/es\/wp-json\/wp\/v2\/product\/189977","targetHints":{"allow":["GET"]}}],"collection":[{"href":"https:\/\/hobby4geek.com\/es\/wp-json\/wp\/v2\/product"}],"about":[{"href":"https:\/\/hobby4geek.com\/es\/wp-json\/wp\/v2\/types\/product"}],"replies":[{"embeddable":true,"href":"https:\/\/hobby4geek.com\/es\/wp-json\/wp\/v2\/comments?post=189977"}],"version-history":[{"count":0,"href":"https:\/\/hobby4geek.com\/es\/wp-json\/wp\/v2\/product\/189977\/revisions"}],"wp:featuredmedia":[{"embeddable":true,"href":"https:\/\/hobby4geek.com\/es\/wp-json\/wp\/v2\/media\/189982"}],"wp:attachment":[{"href":"https:\/\/hobby4geek.com\/es\/wp-json\/wp\/v2\/media?parent=189977"}],"wp:term":[{"taxonomy":"product_brand","embeddable":true,"href":"https:\/\/hobby4geek.com\/es\/wp-json\/wp\/v2\/product_brand?post=189977"},{"taxonomy":"product_cat","embeddable":true,"href":"https:\/\/hobby4geek.com\/es\/wp-json\/wp\/v2\/product_cat?post=189977"},{"taxonomy":"product_tag","embeddable":true,"href":"https:\/\/hobby4geek.com\/es\/wp-json\/wp\/v2\/product_tag?post=189977"},{"taxonomy":"giftcard-category","embeddable":true,"href":"https:\/\/hobby4geek.com\/es\/wp-json\/wp\/v2\/giftcard-category?post=189977"}],"curies":[{"name":"wp","href":"https:\/\/api.w.org\/{rel}","templated":true}]}}