{"id":189915,"date":"2023-10-30T10:46:19","date_gmt":"2023-10-30T08:46:19","guid":{"rendered":"https:\/\/hobby4geek.com\/?post_type=product&#038;p=189915"},"modified":"2025-05-20T15:33:15","modified_gmt":"2025-05-20T14:33:15","slug":"dreamstartoys-dst01-001-tirachinas","status":"publish","type":"product","link":"https:\/\/hobby4geek.com\/es\/producto\/dreamstartoys-dst01-001-tirachinas\/","title":{"rendered":"DREAM STAR TOYS \u65e0\u754f\u6218\u795e DST01-001 \u9e5e\u5f0f\u6218\u8005 TIRACHINAS"},"content":{"rendered":"<p>\u00a1Dream Star Toys presenta su DST01-001 Slingshoot!<\/p>\n<p>Se trata de un dise\u00f1o muy estilizado, con una elecci\u00f3n de escultura diferente en comparaci\u00f3n con la moda y la exactitud anime de los dise\u00f1os de personajes recientes. Slingshoot tiene un buen nivel de posabilidad en modo robot y un modo alt s\u00f3lido y realista.<\/p>\n<p>DST01-001 Slingshoot est\u00e1 en escala Masterpiece y mide casi 22 cm de altura en modo robot. \u00a1Esta figura es la primera de las 5 figuras del combiner de Dream Star Toys llamado Encourager!<\/p>\n<p>annons de la primera pel\u00edcula (2007), sino tambi\u00e9n sus ametralladoras de la tercera pel\u00edcula (2011). Las ametralladoras pueden acoplarse a la parte trasera de la figura, \u00a1sus 4 armas tambi\u00e9n forman parte de la transformaci\u00f3n en modo veh\u00edculo!<\/p>\n<p><strong>Caracter\u00edsticas:<br \/>\n<\/strong><\/p>\n<ul>\n<li id=\"specs-toy_size-data\">Tama\u00f1o: 22 cm<\/li>\n<li id=\"specs-scale-data\">Escala: Masterpiece<\/li>\n<li id=\"specs-altMode-data\">Modo alternativo: avi\u00f3n de combate<\/li>\n<li>Parte del combinador Dream Star Toys Encourager<\/li>\n<li>De pl\u00e1stico y fundici\u00f3n a presi\u00f3n<\/li>\n<\/ul>","protected":false},"excerpt":{"rendered":"<ul>\n<li id=\"specs-toy_size-data\">Tama\u00f1o: 22 cm<\/li>\n<li id=\"specs-scale-data\">Escala: Masterpiece<\/li>\n<li id=\"specs-altMode-data\">Modo alternativo: avi\u00f3n de combate<\/li>\n<li>Parte del combinador Dream Star Toys Encourager<\/li>\n<li>De pl\u00e1stico y fundici\u00f3n a presi\u00f3n<\/li>\n<\/ul>","protected":false},"featured_media":189916,"comment_status":"open","ping_status":"closed","template":"","meta":{"inline_featured_image":false},"product_brand":[],"product_cat":[170],"product_tag":[200,1759,199,2327,1663,1664,230,1665,1666,1975,204,1667,1668],"giftcard-category":[],"class_list":{"0":"post-189915","1":"product","2":"type-product","3":"status-publish","4":"has-post-thumbnail","6":"product_cat-dream-star-toys","7":"product_tag-action-figures","8":"product_tag-action-toys","9":"product_tag-autobot","10":"product_tag-combine","11":"product_tag-dream-star-toys","12":"product_tag-dst01-001","13":"product_tag-masterpiece","14":"product_tag-slingshoot","15":"product_tag-slingshot","16":"product_tag-toys-figures","17":"product_tag-transformers","18":"product_tag-1667","19":"product_tag-1668","20":"product_shipping_class-free-shipping","21":"inventories-china-inventory","23":"first","24":"instock","25":"taxable","26":"shipping-taxable","27":"purchasable","28":"product-type-simple","29":"add-to-wishlist-after_add_to_cart"},"yoast_head":"<!-- This site is optimized with the Yoast SEO Premium plugin v25.3.1 (Yoast SEO v27.2) - https:\/\/yoast.com\/product\/yoast-seo-premium-wordpress\/ -->\n<title>DREAM STAR TOYS \u65e0\u754f\u6218\u795e DST01-001 \u9e5e\u5f0f\u6218\u8005 SLINGSHOOT<\/title>\n<meta name=\"robots\" content=\"index, follow, max-snippet:-1, max-image-preview:large, max-video-preview:-1\" \/>\n<link rel=\"canonical\" href=\"https:\/\/hobby4geek.com\/es\/producto\/dreamstartoys-dst01-001-tirachinas\/\" \/>\n<meta property=\"og:locale\" content=\"es_ES\" \/>\n<meta property=\"og:type\" content=\"article\" \/>\n<meta property=\"og:title\" content=\"DREAM STAR TOYS \u65e0\u754f\u6218\u795e DST01-001 \u9e5e\u5f0f\u6218\u8005 SLINGSHOOT\" \/>\n<meta property=\"og:description\" content=\"Size: 22 cm \/ 8.7 inches  Scale: Masterpiece  Alternate mode: fighter plane  Part of the Dream Star Toys Encourager combiner  Made of plastic and die-cast\" \/>\n<meta property=\"og:url\" content=\"https:\/\/hobby4geek.com\/es\/producto\/dreamstartoys-dst01-001-tirachinas\/\" \/>\n<meta property=\"og:site_name\" content=\"Hobby4Geek\" \/>\n<meta property=\"article:publisher\" content=\"https:\/\/www.facebook.com\/hobby4geek\" \/>\n<meta property=\"article:modified_time\" content=\"2025-05-20T14:33:15+00:00\" \/>\n<meta property=\"og:image\" content=\"https:\/\/hobby4geek.com\/wp-content\/uploads\/2023\/10\/dream-star-toys-\u65e0\u754f\u6218\u795e-dst01-001-\u9e5e\u5f0f\u6218\u8005-slingshoot-8.webp\" \/>\n\t<meta property=\"og:image:width\" content=\"1000\" \/>\n\t<meta property=\"og:image:height\" content=\"1000\" \/>\n\t<meta property=\"og:image:type\" content=\"image\/webp\" \/>\n<meta name=\"twitter:card\" content=\"summary_large_image\" \/>\n<meta name=\"twitter:site\" content=\"@hobby4geek\" \/>\n<script type=\"application\/ld+json\" class=\"yoast-schema-graph\">{\"@context\":\"https:\/\/schema.org\",\"@graph\":[{\"@type\":\"WebPage\",\"@id\":\"https:\/\/hobby4geek.com\/product\/dreamstartoys-dst01-001-slingshoot\/\",\"url\":\"https:\/\/hobby4geek.com\/product\/dreamstartoys-dst01-001-slingshoot\/\",\"name\":\"DREAM STAR TOYS \u65e0\u754f\u6218\u795e DST01-001 \u9e5e\u5f0f\u6218\u8005 SLINGSHOOT\",\"isPartOf\":{\"@id\":\"https:\/\/hobby4geek.com\/#website\"},\"primaryImageOfPage\":{\"@id\":\"https:\/\/hobby4geek.com\/product\/dreamstartoys-dst01-001-slingshoot\/#primaryimage\"},\"image\":{\"@id\":\"https:\/\/hobby4geek.com\/product\/dreamstartoys-dst01-001-slingshoot\/#primaryimage\"},\"thumbnailUrl\":\"https:\/\/hobby4geek.com\/wp-content\/uploads\/2023\/10\/dream-star-toys-\u65e0\u754f\u6218\u795e-dst01-001-\u9e5e\u5f0f\u6218\u8005-slingshoot-8.webp\",\"datePublished\":\"2023-10-30T08:46:19+00:00\",\"dateModified\":\"2025-05-20T14:33:15+00:00\",\"breadcrumb\":{\"@id\":\"https:\/\/hobby4geek.com\/product\/dreamstartoys-dst01-001-slingshoot\/#breadcrumb\"},\"inLanguage\":\"es\",\"potentialAction\":[{\"@type\":\"ReadAction\",\"target\":[\"https:\/\/hobby4geek.com\/product\/dreamstartoys-dst01-001-slingshoot\/\"]}]},{\"@type\":\"ImageObject\",\"inLanguage\":\"es\",\"@id\":\"https:\/\/hobby4geek.com\/product\/dreamstartoys-dst01-001-slingshoot\/#primaryimage\",\"url\":\"https:\/\/hobby4geek.com\/wp-content\/uploads\/2023\/10\/dream-star-toys-\u65e0\u754f\u6218\u795e-dst01-001-\u9e5e\u5f0f\u6218\u8005-slingshoot-8.webp\",\"contentUrl\":\"https:\/\/hobby4geek.com\/wp-content\/uploads\/2023\/10\/dream-star-toys-\u65e0\u754f\u6218\u795e-dst01-001-\u9e5e\u5f0f\u6218\u8005-slingshoot-8.webp\",\"width\":1000,\"height\":1000},{\"@type\":\"BreadcrumbList\",\"@id\":\"https:\/\/hobby4geek.com\/product\/dreamstartoys-dst01-001-slingshoot\/#breadcrumb\",\"itemListElement\":[{\"@type\":\"ListItem\",\"position\":1,\"name\":\"Home\",\"item\":\"https:\/\/hobby4geek.com\/\"},{\"@type\":\"ListItem\",\"position\":2,\"name\":\"Shop\",\"item\":\"https:\/\/hobby4geek.com\/shop\/\"},{\"@type\":\"ListItem\",\"position\":3,\"name\":\"DREAM STAR TOYS \u65e0\u754f\u6218\u795e DST01-001 \u9e5e\u5f0f\u6218\u8005 SLINGSHOOT\"}]},{\"@type\":\"WebSite\",\"@id\":\"https:\/\/hobby4geek.com\/#website\",\"url\":\"https:\/\/hobby4geek.com\/\",\"name\":\"Hobby4Geek\",\"description\":\"Collect, Play &amp; Showcase, Embrace your Geekiness\",\"publisher\":{\"@id\":\"https:\/\/hobby4geek.com\/#organization\"},\"potentialAction\":[{\"@type\":\"SearchAction\",\"target\":{\"@type\":\"EntryPoint\",\"urlTemplate\":\"https:\/\/hobby4geek.com\/?s={search_term_string}\"},\"query-input\":{\"@type\":\"PropertyValueSpecification\",\"valueRequired\":true,\"valueName\":\"search_term_string\"}}],\"inLanguage\":\"es\"},{\"@type\":\"Organization\",\"@id\":\"https:\/\/hobby4geek.com\/#organization\",\"name\":\"Hobby4Geek\",\"url\":\"https:\/\/hobby4geek.com\/\",\"logo\":{\"@type\":\"ImageObject\",\"inLanguage\":\"es\",\"@id\":\"https:\/\/hobby4geek.com\/#\/schema\/logo\/image\/\",\"url\":\"https:\/\/hobby4geek.com\/wp-content\/uploads\/2023\/02\/default-kit.png\",\"contentUrl\":\"https:\/\/hobby4geek.com\/wp-content\/uploads\/2023\/02\/default-kit.png\",\"width\":600,\"height\":600,\"caption\":\"Hobby4Geek\"},\"image\":{\"@id\":\"https:\/\/hobby4geek.com\/#\/schema\/logo\/image\/\"},\"sameAs\":[\"https:\/\/www.facebook.com\/hobby4geek\",\"https:\/\/x.com\/hobby4geek\",\"https:\/\/www.instagram.com\/hobby4geek\/\"]}]}<\/script>\n<meta property=\"product:brand\" content=\"DREAM STAR TOYS\" \/>\n<meta property=\"product:price:amount\" content=\"149.80\" \/>\n<meta property=\"product:price:currency\" content=\"EUR\" \/>\n<meta property=\"og:availability\" content=\"instock\" \/>\n<meta property=\"product:availability\" content=\"instock\" \/>\n<meta property=\"product:condition\" content=\"new\" \/>\n<!-- \/ Yoast SEO Premium plugin. -->","yoast_head_json":{"title":"DREAM STAR TOYS \u65e0\u754f\u6218\u795e DST01-001 \u9e5e\u5f0f\u6218\u8005 TIRACHINAS","robots":{"index":"index","follow":"follow","max-snippet":"max-snippet:-1","max-image-preview":"max-image-preview:large","max-video-preview":"max-video-preview:-1"},"canonical":"https:\/\/hobby4geek.com\/es\/producto\/dreamstartoys-dst01-001-tirachinas\/","og_locale":"es_ES","og_type":"article","og_title":"DREAM STAR TOYS \u65e0\u754f\u6218\u795e DST01-001 \u9e5e\u5f0f\u6218\u8005 SLINGSHOOT","og_description":"Size: 22 cm \/ 8.7 inches  Scale: Masterpiece  Alternate mode: fighter plane  Part of the Dream Star Toys Encourager combiner  Made of plastic and die-cast","og_url":"https:\/\/hobby4geek.com\/es\/producto\/dreamstartoys-dst01-001-tirachinas\/","og_site_name":"Hobby4Geek","article_publisher":"https:\/\/www.facebook.com\/hobby4geek","article_modified_time":"2025-05-20T14:33:15+00:00","og_image":[{"width":1000,"height":1000,"url":"https:\/\/hobby4geek.com\/wp-content\/uploads\/2023\/10\/dream-star-toys-\u65e0\u754f\u6218\u795e-dst01-001-\u9e5e\u5f0f\u6218\u8005-slingshoot-8.webp","type":"image\/webp"}],"twitter_card":"summary_large_image","twitter_site":"@hobby4geek","schema":{"@context":"https:\/\/schema.org","@graph":[{"@type":"WebPage","@id":"https:\/\/hobby4geek.com\/product\/dreamstartoys-dst01-001-slingshoot\/","url":"https:\/\/hobby4geek.com\/product\/dreamstartoys-dst01-001-slingshoot\/","name":"DREAM STAR TOYS \u65e0\u754f\u6218\u795e DST01-001 \u9e5e\u5f0f\u6218\u8005 TIRACHINAS","isPartOf":{"@id":"https:\/\/hobby4geek.com\/#website"},"primaryImageOfPage":{"@id":"https:\/\/hobby4geek.com\/product\/dreamstartoys-dst01-001-slingshoot\/#primaryimage"},"image":{"@id":"https:\/\/hobby4geek.com\/product\/dreamstartoys-dst01-001-slingshoot\/#primaryimage"},"thumbnailUrl":"https:\/\/hobby4geek.com\/wp-content\/uploads\/2023\/10\/dream-star-toys-\u65e0\u754f\u6218\u795e-dst01-001-\u9e5e\u5f0f\u6218\u8005-slingshoot-8.webp","datePublished":"2023-10-30T08:46:19+00:00","dateModified":"2025-05-20T14:33:15+00:00","breadcrumb":{"@id":"https:\/\/hobby4geek.com\/product\/dreamstartoys-dst01-001-slingshoot\/#breadcrumb"},"inLanguage":"es","potentialAction":[{"@type":"ReadAction","target":["https:\/\/hobby4geek.com\/product\/dreamstartoys-dst01-001-slingshoot\/"]}]},{"@type":"ImageObject","inLanguage":"es","@id":"https:\/\/hobby4geek.com\/product\/dreamstartoys-dst01-001-slingshoot\/#primaryimage","url":"https:\/\/hobby4geek.com\/wp-content\/uploads\/2023\/10\/dream-star-toys-\u65e0\u754f\u6218\u795e-dst01-001-\u9e5e\u5f0f\u6218\u8005-slingshoot-8.webp","contentUrl":"https:\/\/hobby4geek.com\/wp-content\/uploads\/2023\/10\/dream-star-toys-\u65e0\u754f\u6218\u795e-dst01-001-\u9e5e\u5f0f\u6218\u8005-slingshoot-8.webp","width":1000,"height":1000},{"@type":"BreadcrumbList","@id":"https:\/\/hobby4geek.com\/product\/dreamstartoys-dst01-001-slingshoot\/#breadcrumb","itemListElement":[{"@type":"ListItem","position":1,"name":"Home","item":"https:\/\/hobby4geek.com\/"},{"@type":"ListItem","position":2,"name":"Shop","item":"https:\/\/hobby4geek.com\/shop\/"},{"@type":"ListItem","position":3,"name":"DREAM STAR TOYS \u65e0\u754f\u6218\u795e DST01-001 \u9e5e\u5f0f\u6218\u8005 SLINGSHOOT"}]},{"@type":"WebSite","@id":"https:\/\/hobby4geek.com\/#website","url":"https:\/\/hobby4geek.com\/","name":"Hobby4Geek","description":"Coleccionar, jugar y exhibir, abrazar su frikismo","publisher":{"@id":"https:\/\/hobby4geek.com\/#organization"},"potentialAction":[{"@type":"SearchAction","target":{"@type":"EntryPoint","urlTemplate":"https:\/\/hobby4geek.com\/?s={search_term_string}"},"query-input":{"@type":"PropertyValueSpecification","valueRequired":true,"valueName":"search_term_string"}}],"inLanguage":"es"},{"@type":"Organization","@id":"https:\/\/hobby4geek.com\/#organization","name":"Hobby4Geek","url":"https:\/\/hobby4geek.com\/","logo":{"@type":"ImageObject","inLanguage":"es","@id":"https:\/\/hobby4geek.com\/#\/schema\/logo\/image\/","url":"https:\/\/hobby4geek.com\/wp-content\/uploads\/2023\/02\/default-kit.png","contentUrl":"https:\/\/hobby4geek.com\/wp-content\/uploads\/2023\/02\/default-kit.png","width":600,"height":600,"caption":"Hobby4Geek"},"image":{"@id":"https:\/\/hobby4geek.com\/#\/schema\/logo\/image\/"},"sameAs":["https:\/\/www.facebook.com\/hobby4geek","https:\/\/x.com\/hobby4geek","https:\/\/www.instagram.com\/hobby4geek\/"]}]},"product_brand":"DREAM STAR TOYS","product_price_amount":"149.80","product_price_currency":"EUR","og_availability":"instock","product_availability":"instock","product_condition":"new"},"_links":{"self":[{"href":"https:\/\/hobby4geek.com\/es\/wp-json\/wp\/v2\/product\/189915","targetHints":{"allow":["GET"]}}],"collection":[{"href":"https:\/\/hobby4geek.com\/es\/wp-json\/wp\/v2\/product"}],"about":[{"href":"https:\/\/hobby4geek.com\/es\/wp-json\/wp\/v2\/types\/product"}],"replies":[{"embeddable":true,"href":"https:\/\/hobby4geek.com\/es\/wp-json\/wp\/v2\/comments?post=189915"}],"version-history":[{"count":0,"href":"https:\/\/hobby4geek.com\/es\/wp-json\/wp\/v2\/product\/189915\/revisions"}],"wp:featuredmedia":[{"embeddable":true,"href":"https:\/\/hobby4geek.com\/es\/wp-json\/wp\/v2\/media\/189916"}],"wp:attachment":[{"href":"https:\/\/hobby4geek.com\/es\/wp-json\/wp\/v2\/media?parent=189915"}],"wp:term":[{"taxonomy":"product_brand","embeddable":true,"href":"https:\/\/hobby4geek.com\/es\/wp-json\/wp\/v2\/product_brand?post=189915"},{"taxonomy":"product_cat","embeddable":true,"href":"https:\/\/hobby4geek.com\/es\/wp-json\/wp\/v2\/product_cat?post=189915"},{"taxonomy":"product_tag","embeddable":true,"href":"https:\/\/hobby4geek.com\/es\/wp-json\/wp\/v2\/product_tag?post=189915"},{"taxonomy":"giftcard-category","embeddable":true,"href":"https:\/\/hobby4geek.com\/es\/wp-json\/wp\/v2\/giftcard-category?post=189915"}],"curies":[{"name":"wp","href":"https:\/\/api.w.org\/{rel}","templated":true}]}}