{"id":189874,"date":"2023-12-18T17:11:41","date_gmt":"2023-12-18T16:11:41","guid":{"rendered":"https:\/\/hobby4geek.com\/?post_type=product&#038;p=189874"},"modified":"2024-05-12T12:57:15","modified_gmt":"2024-05-12T11:57:15","slug":"transformers-legacy-united-beast-wars-ii-universe-tasmania-kid","status":"publish","type":"product","link":"https:\/\/hobby4geek.com\/es\/producto\/transformers-legacy-united-beast-wars-ii-universe-tasmania-kid\/","title":{"rendered":"Transformers: Legacy United - Universo Beast Wars II: Tasmania Kid"},"content":{"rendered":"<p>Re\u00fane a tus personajes favoritos de todo el mundo de los robots Transformers en tu colecci\u00f3n con la figura de acci\u00f3n Transformers Legacy United Core Class Beast Wars II Universe Tasmania Kid. Esta figura de acci\u00f3n de 3,5 pulgadas de Beast Wars II Universe Tasmania Kid se convierte entre los modos robot y demonio de Tasmania en 20 pasos. Prep\u00e1rate para la batalla con el accesorio de ca\u00f1\u00f3n de cola incluido que se acopla en ambos modos. La figura Beast Wars II Universe Tasmania Kid est\u00e1 inspirada en el personaje de la serie de animaci\u00f3n,\u00a0<em>Beast Wars II: Superforma de vida Transformers<\/em>y cuenta con cabeza, brazos y piernas articulados para lograr incre\u00edbles poses de acci\u00f3n. Celebra los \u00faltimos 40 a\u00f1os de historia de Transformers con las figuras de acci\u00f3n Transformers Legacy. Transformers Legacy abre el portal a un universo totalmente nuevo - M\u00e1s de lo que parece - que re\u00fane a todas las generaciones de Transformers como nunca antes lo hab\u00edas visto. Colecciona y combina diferentes personajes para crear tu alineaci\u00f3n Legacy ideal.<\/p>\n<ul>\n<li>8,89 cm<\/li>\n<li>Clase N\u00facleo<\/li>\n<li>Convierte un robot en demonio de Tasmania<\/li>\n<li>20 pasos<\/li>\n<\/ul>","protected":false},"excerpt":{"rendered":"<ul>\n<li>8,89 cm<\/li>\n<li>Clase N\u00facleo<\/li>\n<li>Convierte un robot en demonio de Tasmania<\/li>\n<li>20 pasos<\/li>\n<li style=\"list-style-type: none;\"><\/li>\n<\/ul>","protected":false},"featured_media":189879,"comment_status":"open","ping_status":"closed","template":"","meta":{"inline_featured_image":false},"product_brand":[],"product_cat":[1955,68,69,1960],"product_tag":[1759,2321,2399,2109,335,2400,1860,2322,1975,204],"giftcard-category":[],"class_list":{"0":"post-189874","1":"product","2":"type-product","3":"status-publish","4":"has-post-thumbnail","6":"product_cat-transformers","7":"product_cat-hasbro","8":"product_cat-takara-tomy","9":"product_cat-transformers-generations","10":"product_tag-action-toys","11":"product_tag-beast-wars-ii","12":"product_tag-beast-wars-ii-universe","13":"product_tag-core-class","14":"product_tag-hasbro","15":"product_tag-legacy-united","16":"product_tag-takaratomy","17":"product_tag-tasmania-kid","18":"product_tag-toys-figures","19":"product_tag-transformers","20":"product_shipping_class-light","22":"first","23":"outofstock","24":"taxable","25":"shipping-taxable","26":"purchasable","27":"product-type-simple","28":"add-to-wishlist-after_add_to_cart"},"yoast_head":"<!-- This site is optimized with the Yoast SEO Premium plugin v25.3.1 (Yoast SEO v27.2) - https:\/\/yoast.com\/product\/yoast-seo-premium-wordpress\/ -->\n<title>Transformers: Legacy United - Beast Wars II Universe: Tasmania Kid<\/title>\n<meta name=\"robots\" content=\"index, follow, max-snippet:-1, max-image-preview:large, max-video-preview:-1\" \/>\n<link rel=\"canonical\" href=\"https:\/\/hobby4geek.com\/es\/producto\/transformers-legacy-united-beast-wars-ii-universe-tasmania-kid\/\" \/>\n<meta property=\"og:locale\" content=\"es_ES\" \/>\n<meta property=\"og:type\" content=\"article\" \/>\n<meta property=\"og:title\" content=\"Transformers: Legacy United - Beast Wars II Universe: Tasmania Kid\" \/>\n<meta property=\"og:description\" content=\"8,89 cm  Core Class  Converts robot to Tasmanian devil  20 steps\" \/>\n<meta property=\"og:url\" content=\"https:\/\/hobby4geek.com\/es\/producto\/transformers-legacy-united-beast-wars-ii-universe-tasmania-kid\/\" \/>\n<meta property=\"og:site_name\" content=\"Hobby4Geek\" \/>\n<meta property=\"article:publisher\" content=\"https:\/\/www.facebook.com\/hobby4geek\" \/>\n<meta property=\"article:modified_time\" content=\"2024-05-12T11:57:15+00:00\" \/>\n<meta property=\"og:image\" content=\"https:\/\/hobby4geek.com\/wp-content\/uploads\/2023\/10\/transformers-legacy-united-core-class-beast-wars-ii-universe-tasmania-kid-5.webp\" \/>\n\t<meta property=\"og:image:width\" content=\"2000\" \/>\n\t<meta property=\"og:image:height\" content=\"2000\" \/>\n\t<meta property=\"og:image:type\" content=\"image\/webp\" \/>\n<meta name=\"twitter:card\" content=\"summary_large_image\" \/>\n<meta name=\"twitter:site\" content=\"@hobby4geek\" \/>\n<script type=\"application\/ld+json\" class=\"yoast-schema-graph\">{\"@context\":\"https:\/\/schema.org\",\"@graph\":[{\"@type\":\"WebPage\",\"@id\":\"https:\/\/hobby4geek.com\/nl\/product\/transformers-legacy-united-beast-wars-ii-universe-tasmania-kid\/\",\"url\":\"https:\/\/hobby4geek.com\/nl\/product\/transformers-legacy-united-beast-wars-ii-universe-tasmania-kid\/\",\"name\":\"Transformers: Legacy United - Beast Wars II Universe: Tasmania Kid\",\"isPartOf\":{\"@id\":\"https:\/\/hobby4geek.com\/#website\"},\"primaryImageOfPage\":{\"@id\":\"https:\/\/hobby4geek.com\/nl\/product\/transformers-legacy-united-beast-wars-ii-universe-tasmania-kid\/#primaryimage\"},\"image\":{\"@id\":\"https:\/\/hobby4geek.com\/nl\/product\/transformers-legacy-united-beast-wars-ii-universe-tasmania-kid\/#primaryimage\"},\"thumbnailUrl\":\"https:\/\/hobby4geek.com\/wp-content\/uploads\/2023\/10\/transformers-legacy-united-core-class-beast-wars-ii-universe-tasmania-kid-5.webp\",\"datePublished\":\"2023-12-18T16:11:41+00:00\",\"dateModified\":\"2024-05-12T11:57:15+00:00\",\"breadcrumb\":{\"@id\":\"https:\/\/hobby4geek.com\/nl\/product\/transformers-legacy-united-beast-wars-ii-universe-tasmania-kid\/#breadcrumb\"},\"inLanguage\":\"es\",\"potentialAction\":[{\"@type\":\"ReadAction\",\"target\":[\"https:\/\/hobby4geek.com\/nl\/product\/transformers-legacy-united-beast-wars-ii-universe-tasmania-kid\/\"]}]},{\"@type\":\"ImageObject\",\"inLanguage\":\"es\",\"@id\":\"https:\/\/hobby4geek.com\/nl\/product\/transformers-legacy-united-beast-wars-ii-universe-tasmania-kid\/#primaryimage\",\"url\":\"https:\/\/hobby4geek.com\/wp-content\/uploads\/2023\/10\/transformers-legacy-united-core-class-beast-wars-ii-universe-tasmania-kid-5.webp\",\"contentUrl\":\"https:\/\/hobby4geek.com\/wp-content\/uploads\/2023\/10\/transformers-legacy-united-core-class-beast-wars-ii-universe-tasmania-kid-5.webp\",\"width\":2000,\"height\":2000},{\"@type\":\"BreadcrumbList\",\"@id\":\"https:\/\/hobby4geek.com\/nl\/product\/transformers-legacy-united-beast-wars-ii-universe-tasmania-kid\/#breadcrumb\",\"itemListElement\":[{\"@type\":\"ListItem\",\"position\":1,\"name\":\"Home\",\"item\":\"https:\/\/hobby4geek.com\/\"},{\"@type\":\"ListItem\",\"position\":2,\"name\":\"Shop\",\"item\":\"https:\/\/hobby4geek.com\/shop\/\"},{\"@type\":\"ListItem\",\"position\":3,\"name\":\"Transformers: Legacy United &#8211; Beast Wars II Universe: Tasmania Kid\"}]},{\"@type\":\"WebSite\",\"@id\":\"https:\/\/hobby4geek.com\/#website\",\"url\":\"https:\/\/hobby4geek.com\/\",\"name\":\"Hobby4Geek\",\"description\":\"Collect, Play &amp; Showcase, Embrace your Geekiness\",\"publisher\":{\"@id\":\"https:\/\/hobby4geek.com\/#organization\"},\"potentialAction\":[{\"@type\":\"SearchAction\",\"target\":{\"@type\":\"EntryPoint\",\"urlTemplate\":\"https:\/\/hobby4geek.com\/?s={search_term_string}\"},\"query-input\":{\"@type\":\"PropertyValueSpecification\",\"valueRequired\":true,\"valueName\":\"search_term_string\"}}],\"inLanguage\":\"es\"},{\"@type\":\"Organization\",\"@id\":\"https:\/\/hobby4geek.com\/#organization\",\"name\":\"Hobby4Geek\",\"url\":\"https:\/\/hobby4geek.com\/\",\"logo\":{\"@type\":\"ImageObject\",\"inLanguage\":\"es\",\"@id\":\"https:\/\/hobby4geek.com\/#\/schema\/logo\/image\/\",\"url\":\"https:\/\/hobby4geek.com\/wp-content\/uploads\/2023\/02\/default-kit.png\",\"contentUrl\":\"https:\/\/hobby4geek.com\/wp-content\/uploads\/2023\/02\/default-kit.png\",\"width\":600,\"height\":600,\"caption\":\"Hobby4Geek\"},\"image\":{\"@id\":\"https:\/\/hobby4geek.com\/#\/schema\/logo\/image\/\"},\"sameAs\":[\"https:\/\/www.facebook.com\/hobby4geek\",\"https:\/\/x.com\/hobby4geek\",\"https:\/\/www.instagram.com\/hobby4geek\/\"]}]}<\/script>\n<meta property=\"product:brand\" content=\"Transformers\" \/>\n<meta property=\"product:price:amount\" content=\"14.80\" \/>\n<meta property=\"product:price:currency\" content=\"EUR\" \/>\n<meta property=\"og:availability\" content=\"out of stock\" \/>\n<meta property=\"product:availability\" content=\"out of stock\" \/>\n<meta property=\"product:retailer_item_id\" content=\"5010996195104\" \/>\n<meta property=\"product:condition\" content=\"new\" \/>\n<!-- \/ Yoast SEO Premium plugin. -->","yoast_head_json":{"title":"Transformers: Legacy United - Universo Beast Wars II: Tasmania Kid","robots":{"index":"index","follow":"follow","max-snippet":"max-snippet:-1","max-image-preview":"max-image-preview:large","max-video-preview":"max-video-preview:-1"},"canonical":"https:\/\/hobby4geek.com\/es\/producto\/transformers-legacy-united-beast-wars-ii-universe-tasmania-kid\/","og_locale":"es_ES","og_type":"article","og_title":"Transformers: Legacy United - Beast Wars II Universe: Tasmania Kid","og_description":"8,89 cm  Core Class  Converts robot to Tasmanian devil  20 steps","og_url":"https:\/\/hobby4geek.com\/es\/producto\/transformers-legacy-united-beast-wars-ii-universe-tasmania-kid\/","og_site_name":"Hobby4Geek","article_publisher":"https:\/\/www.facebook.com\/hobby4geek","article_modified_time":"2024-05-12T11:57:15+00:00","og_image":[{"width":2000,"height":2000,"url":"https:\/\/hobby4geek.com\/wp-content\/uploads\/2023\/10\/transformers-legacy-united-core-class-beast-wars-ii-universe-tasmania-kid-5.webp","type":"image\/webp"}],"twitter_card":"summary_large_image","twitter_site":"@hobby4geek","schema":{"@context":"https:\/\/schema.org","@graph":[{"@type":"WebPage","@id":"https:\/\/hobby4geek.com\/nl\/product\/transformers-legacy-united-beast-wars-ii-universe-tasmania-kid\/","url":"https:\/\/hobby4geek.com\/nl\/product\/transformers-legacy-united-beast-wars-ii-universe-tasmania-kid\/","name":"Transformers: Legacy United - Universo Beast Wars II: Tasmania Kid","isPartOf":{"@id":"https:\/\/hobby4geek.com\/#website"},"primaryImageOfPage":{"@id":"https:\/\/hobby4geek.com\/nl\/product\/transformers-legacy-united-beast-wars-ii-universe-tasmania-kid\/#primaryimage"},"image":{"@id":"https:\/\/hobby4geek.com\/nl\/product\/transformers-legacy-united-beast-wars-ii-universe-tasmania-kid\/#primaryimage"},"thumbnailUrl":"https:\/\/hobby4geek.com\/wp-content\/uploads\/2023\/10\/transformers-legacy-united-core-class-beast-wars-ii-universe-tasmania-kid-5.webp","datePublished":"2023-12-18T16:11:41+00:00","dateModified":"2024-05-12T11:57:15+00:00","breadcrumb":{"@id":"https:\/\/hobby4geek.com\/nl\/product\/transformers-legacy-united-beast-wars-ii-universe-tasmania-kid\/#breadcrumb"},"inLanguage":"es","potentialAction":[{"@type":"ReadAction","target":["https:\/\/hobby4geek.com\/nl\/product\/transformers-legacy-united-beast-wars-ii-universe-tasmania-kid\/"]}]},{"@type":"ImageObject","inLanguage":"es","@id":"https:\/\/hobby4geek.com\/nl\/product\/transformers-legacy-united-beast-wars-ii-universe-tasmania-kid\/#primaryimage","url":"https:\/\/hobby4geek.com\/wp-content\/uploads\/2023\/10\/transformers-legacy-united-core-class-beast-wars-ii-universe-tasmania-kid-5.webp","contentUrl":"https:\/\/hobby4geek.com\/wp-content\/uploads\/2023\/10\/transformers-legacy-united-core-class-beast-wars-ii-universe-tasmania-kid-5.webp","width":2000,"height":2000},{"@type":"BreadcrumbList","@id":"https:\/\/hobby4geek.com\/nl\/product\/transformers-legacy-united-beast-wars-ii-universe-tasmania-kid\/#breadcrumb","itemListElement":[{"@type":"ListItem","position":1,"name":"Home","item":"https:\/\/hobby4geek.com\/"},{"@type":"ListItem","position":2,"name":"Shop","item":"https:\/\/hobby4geek.com\/shop\/"},{"@type":"ListItem","position":3,"name":"Transformers: Legacy United &#8211; Beast Wars II Universe: Tasmania Kid"}]},{"@type":"WebSite","@id":"https:\/\/hobby4geek.com\/#website","url":"https:\/\/hobby4geek.com\/","name":"Hobby4Geek","description":"Coleccionar, jugar y exhibir, abrazar su frikismo","publisher":{"@id":"https:\/\/hobby4geek.com\/#organization"},"potentialAction":[{"@type":"SearchAction","target":{"@type":"EntryPoint","urlTemplate":"https:\/\/hobby4geek.com\/?s={search_term_string}"},"query-input":{"@type":"PropertyValueSpecification","valueRequired":true,"valueName":"search_term_string"}}],"inLanguage":"es"},{"@type":"Organization","@id":"https:\/\/hobby4geek.com\/#organization","name":"Hobby4Geek","url":"https:\/\/hobby4geek.com\/","logo":{"@type":"ImageObject","inLanguage":"es","@id":"https:\/\/hobby4geek.com\/#\/schema\/logo\/image\/","url":"https:\/\/hobby4geek.com\/wp-content\/uploads\/2023\/02\/default-kit.png","contentUrl":"https:\/\/hobby4geek.com\/wp-content\/uploads\/2023\/02\/default-kit.png","width":600,"height":600,"caption":"Hobby4Geek"},"image":{"@id":"https:\/\/hobby4geek.com\/#\/schema\/logo\/image\/"},"sameAs":["https:\/\/www.facebook.com\/hobby4geek","https:\/\/x.com\/hobby4geek","https:\/\/www.instagram.com\/hobby4geek\/"]}]},"product_brand":"Transformers","product_price_amount":"14.80","product_price_currency":"EUR","og_availability":"out of stock","product_availability":"out of stock","product_retailer_item_id":"5010996195104","product_condition":"new"},"_links":{"self":[{"href":"https:\/\/hobby4geek.com\/es\/wp-json\/wp\/v2\/product\/189874","targetHints":{"allow":["GET"]}}],"collection":[{"href":"https:\/\/hobby4geek.com\/es\/wp-json\/wp\/v2\/product"}],"about":[{"href":"https:\/\/hobby4geek.com\/es\/wp-json\/wp\/v2\/types\/product"}],"replies":[{"embeddable":true,"href":"https:\/\/hobby4geek.com\/es\/wp-json\/wp\/v2\/comments?post=189874"}],"version-history":[{"count":0,"href":"https:\/\/hobby4geek.com\/es\/wp-json\/wp\/v2\/product\/189874\/revisions"}],"wp:featuredmedia":[{"embeddable":true,"href":"https:\/\/hobby4geek.com\/es\/wp-json\/wp\/v2\/media\/189879"}],"wp:attachment":[{"href":"https:\/\/hobby4geek.com\/es\/wp-json\/wp\/v2\/media?parent=189874"}],"wp:term":[{"taxonomy":"product_brand","embeddable":true,"href":"https:\/\/hobby4geek.com\/es\/wp-json\/wp\/v2\/product_brand?post=189874"},{"taxonomy":"product_cat","embeddable":true,"href":"https:\/\/hobby4geek.com\/es\/wp-json\/wp\/v2\/product_cat?post=189874"},{"taxonomy":"product_tag","embeddable":true,"href":"https:\/\/hobby4geek.com\/es\/wp-json\/wp\/v2\/product_tag?post=189874"},{"taxonomy":"giftcard-category","embeddable":true,"href":"https:\/\/hobby4geek.com\/es\/wp-json\/wp\/v2\/giftcard-category?post=189874"}],"curies":[{"name":"wp","href":"https:\/\/api.w.org\/{rel}","templated":true}]}}