{"id":189862,"date":"2023-10-09T16:08:38","date_gmt":"2023-10-09T14:08:38","guid":{"rendered":"https:\/\/hobby4geek.com\/?post_type=product&#038;p=189862"},"modified":"2024-05-12T12:54:20","modified_gmt":"2024-05-12T11:54:20","slug":"maestros-del-universo-revelacion-masterverso-hombre-de-armas","status":"publish","type":"product","link":"https:\/\/hobby4geek.com\/es\/producto\/maestros-del-universo-revelacion-masterverso-hombre-de-armas\/","title":{"rendered":"Masters del Universo: Revelation - Masterverse - Man-At-Arms"},"content":{"rendered":"<p>Este Masterverse\u2122 Man-at-Arms\u2122 es una figura de acci\u00f3n de lujo inspirada en Masters of the Universe\u2122: Revelation\u2122. Mide 20 cm y est\u00e1 dise\u00f1ada con un alto nivel de detalle que encantar\u00e1 a los fans. Esta figura del personaje de Duncan tiene 30 puntos de articulaci\u00f3n y viene con una incre\u00edble variedad de accesorios de ropa, armaduras y armas, \u00a1incluida una capa de peluche extra\u00edble, para contar y mostrar historias \u00e9picas! Es un gran regalo para aumentar cualquier colecci\u00f3n de MOTU\u2122. Los colores y las decoraciones pueden variar.<\/p>\n<ul>\n<li>Este MOTU\u2122 Origins Snake Mountain Playset est\u00e1 listo para las historias del lado oscuro de Eternia\u2122 con m\u00faltiples caracter\u00edsticas y un dise\u00f1o aut\u00e9ntico que es un retroceso al aspecto de los a\u00f1os 80.<\/li>\n<li>Delante, la cabeza de Lobo gira y la puerta se abre. La serpiente de la parte superior puede coger con la boca una figura de Or\u00edgenes a escala de 5,5 pulgadas o derribarla de la plataforma superior. Las figuras de Origins se venden por separado, sujetas a disponibilidad.<\/li>\n<li>Cuando una figura suba por las escaleras y atraviese la puerta superior... \u00a1BAM! Caer\u00e1 por la trampilla hasta la jaula. La jaula puede trasladarse a la mazmorra bajo el trono de Skeletor\u2122 para su custodia.<\/li>\n<li>Para llegar al trono, las figuras deben pasar junto a la cabeza de lobo y la intimidante ara\u00f1a. Para salir, deben tener cuidado con la \"piscina de \u00e1cido\" en el camino hacia el t\u00fanel de escape oculto.<\/li>\n<li>Acomoda figuras MOTU\u2122 Origins a escala de 5,5 pulgadas. Las figuras se venden por separado y est\u00e1n sujetas a disponibilidad.<\/li>\n<li>Es un regalo estupendo para ampliar cualquier colecci\u00f3n de MOTU\u2122 Origins para fans a partir de 6 a\u00f1os.<\/li>\n<\/ul>","protected":false},"excerpt":{"rendered":"<ul>\n<li>18 cm<\/li>\n<li>Desde el lado oscuro de Eternia\u2122<\/li>\n<li>La jaula puede trasladarse a la mazmorra bajo el trono de Skeletor\u2122.<\/li>\n<\/ul>\n<p><strong>Accesorios:<\/strong><\/p>\n<ul>\n<li>El manto blando<\/li>\n<li>As\u00ed como cintur\u00f3n<\/li>\n<li>Bufanda<\/li>\n<li>\u00a0Armadura de piernas<\/li>\n<li>Brazo blaster<\/li>\n<li>Ca\u00f1\u00f3n l\u00e1ser<\/li>\n<li>Armadura de pecho<\/li>\n<\/ul>","protected":false},"featured_media":189863,"comment_status":"open","ping_status":"closed","template":"","meta":{"inline_featured_image":false},"product_brand":[],"product_cat":[2218,2455,2023],"product_tag":[1759,2222,2318,2319,2457,2456,2223,1975],"giftcard-category":[],"class_list":{"0":"post-189862","1":"product","2":"type-product","3":"status-publish","4":"has-post-thumbnail","6":"product_cat-masters-of-the-universe","7":"product_cat-masters-of-the-universe-revelation","8":"product_cat-mattel","9":"product_tag-action-toys","10":"product_tag-dark-side-of-eternia","11":"product_tag-eternia-masterverse","12":"product_tag-man-at-arms","13":"product_tag-masters-of-the-universe","14":"product_tag-masters-of-the-universe-revelation","15":"product_tag-motu","16":"product_tag-toys-figures","17":"product_shipping_class-light","19":"first","20":"outofstock","21":"taxable","22":"shipping-taxable","23":"purchasable","24":"product-type-simple","25":"add-to-wishlist-after_add_to_cart"},"yoast_head":"<!-- This site is optimized with the Yoast SEO Premium plugin v25.3.1 (Yoast SEO v27.2) - https:\/\/yoast.com\/product\/yoast-seo-premium-wordpress\/ -->\n<title>Masters of the Universe: Revelation - Masterverse - Man-At-Arms<\/title>\n<meta name=\"robots\" content=\"index, follow, max-snippet:-1, max-image-preview:large, max-video-preview:-1\" \/>\n<link rel=\"canonical\" href=\"https:\/\/hobby4geek.com\/es\/producto\/maestros-del-universo-revelacion-masterverso-hombre-de-armas\/\" \/>\n<meta property=\"og:locale\" content=\"es_ES\" \/>\n<meta property=\"og:type\" content=\"article\" \/>\n<meta property=\"og:title\" content=\"Masters of the Universe: Revelation - Masterverse - Man-At-Arms\" \/>\n<meta property=\"og:description\" content=\"18 cm  From the Dark side of Eternia\u2122  The cage can move to the dungeon underneath the throne of Skeletor\u2122  Accessories:   The soft goods cloak  As well as belt  Scarf  \u00a0Leg armor  Arm blaster  Laser cannon  Chest armor\" \/>\n<meta property=\"og:url\" content=\"https:\/\/hobby4geek.com\/es\/producto\/maestros-del-universo-revelacion-masterverso-hombre-de-armas\/\" \/>\n<meta property=\"og:site_name\" content=\"Hobby4Geek\" \/>\n<meta property=\"article:publisher\" content=\"https:\/\/www.facebook.com\/hobby4geek\" \/>\n<meta property=\"article:modified_time\" content=\"2024-05-12T11:54:20+00:00\" \/>\n<meta property=\"og:image\" content=\"https:\/\/hobby4geek.com\/wp-content\/uploads\/2023\/10\/masters-of-the-universe-revelation-masterverse-man-at-arms.jpg\" \/>\n\t<meta property=\"og:image:width\" content=\"720\" \/>\n\t<meta property=\"og:image:height\" content=\"720\" \/>\n\t<meta property=\"og:image:type\" content=\"image\/jpeg\" \/>\n<meta name=\"twitter:card\" content=\"summary_large_image\" \/>\n<meta name=\"twitter:site\" content=\"@hobby4geek\" \/>\n<script type=\"application\/ld+json\" class=\"yoast-schema-graph\">{\"@context\":\"https:\/\/schema.org\",\"@graph\":[{\"@type\":\"WebPage\",\"@id\":\"https:\/\/hobby4geek.com\/product\/masters-of-the-universe-revelation-masterverse-man-at-arms\/\",\"url\":\"https:\/\/hobby4geek.com\/product\/masters-of-the-universe-revelation-masterverse-man-at-arms\/\",\"name\":\"Masters of the Universe: Revelation - Masterverse - Man-At-Arms\",\"isPartOf\":{\"@id\":\"https:\/\/hobby4geek.com\/#website\"},\"primaryImageOfPage\":{\"@id\":\"https:\/\/hobby4geek.com\/product\/masters-of-the-universe-revelation-masterverse-man-at-arms\/#primaryimage\"},\"image\":{\"@id\":\"https:\/\/hobby4geek.com\/product\/masters-of-the-universe-revelation-masterverse-man-at-arms\/#primaryimage\"},\"thumbnailUrl\":\"https:\/\/hobby4geek.com\/wp-content\/uploads\/2023\/10\/masters-of-the-universe-revelation-masterverse-man-at-arms.jpg\",\"datePublished\":\"2023-10-09T14:08:38+00:00\",\"dateModified\":\"2024-05-12T11:54:20+00:00\",\"breadcrumb\":{\"@id\":\"https:\/\/hobby4geek.com\/product\/masters-of-the-universe-revelation-masterverse-man-at-arms\/#breadcrumb\"},\"inLanguage\":\"es\",\"potentialAction\":[{\"@type\":\"ReadAction\",\"target\":[\"https:\/\/hobby4geek.com\/product\/masters-of-the-universe-revelation-masterverse-man-at-arms\/\"]}]},{\"@type\":\"ImageObject\",\"inLanguage\":\"es\",\"@id\":\"https:\/\/hobby4geek.com\/product\/masters-of-the-universe-revelation-masterverse-man-at-arms\/#primaryimage\",\"url\":\"https:\/\/hobby4geek.com\/wp-content\/uploads\/2023\/10\/masters-of-the-universe-revelation-masterverse-man-at-arms.jpg\",\"contentUrl\":\"https:\/\/hobby4geek.com\/wp-content\/uploads\/2023\/10\/masters-of-the-universe-revelation-masterverse-man-at-arms.jpg\",\"width\":720,\"height\":720},{\"@type\":\"BreadcrumbList\",\"@id\":\"https:\/\/hobby4geek.com\/product\/masters-of-the-universe-revelation-masterverse-man-at-arms\/#breadcrumb\",\"itemListElement\":[{\"@type\":\"ListItem\",\"position\":1,\"name\":\"Home\",\"item\":\"https:\/\/hobby4geek.com\/\"},{\"@type\":\"ListItem\",\"position\":2,\"name\":\"Shop\",\"item\":\"https:\/\/hobby4geek.com\/shop\/\"},{\"@type\":\"ListItem\",\"position\":3,\"name\":\"Masters of the Universe: Revelation &#8211; Masterverse &#8211; Man-At-Arms\"}]},{\"@type\":\"WebSite\",\"@id\":\"https:\/\/hobby4geek.com\/#website\",\"url\":\"https:\/\/hobby4geek.com\/\",\"name\":\"Hobby4Geek\",\"description\":\"Collect, Play &amp; Showcase, Embrace your Geekiness\",\"publisher\":{\"@id\":\"https:\/\/hobby4geek.com\/#organization\"},\"potentialAction\":[{\"@type\":\"SearchAction\",\"target\":{\"@type\":\"EntryPoint\",\"urlTemplate\":\"https:\/\/hobby4geek.com\/?s={search_term_string}\"},\"query-input\":{\"@type\":\"PropertyValueSpecification\",\"valueRequired\":true,\"valueName\":\"search_term_string\"}}],\"inLanguage\":\"es\"},{\"@type\":\"Organization\",\"@id\":\"https:\/\/hobby4geek.com\/#organization\",\"name\":\"Hobby4Geek\",\"url\":\"https:\/\/hobby4geek.com\/\",\"logo\":{\"@type\":\"ImageObject\",\"inLanguage\":\"es\",\"@id\":\"https:\/\/hobby4geek.com\/#\/schema\/logo\/image\/\",\"url\":\"https:\/\/hobby4geek.com\/wp-content\/uploads\/2023\/02\/default-kit.png\",\"contentUrl\":\"https:\/\/hobby4geek.com\/wp-content\/uploads\/2023\/02\/default-kit.png\",\"width\":600,\"height\":600,\"caption\":\"Hobby4Geek\"},\"image\":{\"@id\":\"https:\/\/hobby4geek.com\/#\/schema\/logo\/image\/\"},\"sameAs\":[\"https:\/\/www.facebook.com\/hobby4geek\",\"https:\/\/x.com\/hobby4geek\",\"https:\/\/www.instagram.com\/hobby4geek\/\"]}]}<\/script>\n<meta property=\"product:brand\" content=\"Masters of the Universe\" \/>\n<meta property=\"product:price:amount\" content=\"31.80\" \/>\n<meta property=\"product:price:currency\" content=\"EUR\" \/>\n<meta property=\"og:availability\" content=\"out of stock\" \/>\n<meta property=\"product:availability\" content=\"out of stock\" \/>\n<meta property=\"product:retailer_item_id\" content=\"0194735243563\" \/>\n<meta property=\"product:condition\" content=\"new\" \/>\n<!-- \/ Yoast SEO Premium plugin. -->","yoast_head_json":{"title":"Masters del Universo: Revelation - Masterverse - Man-At-Arms","robots":{"index":"index","follow":"follow","max-snippet":"max-snippet:-1","max-image-preview":"max-image-preview:large","max-video-preview":"max-video-preview:-1"},"canonical":"https:\/\/hobby4geek.com\/es\/producto\/maestros-del-universo-revelacion-masterverso-hombre-de-armas\/","og_locale":"es_ES","og_type":"article","og_title":"Masters of the Universe: Revelation - Masterverse - Man-At-Arms","og_description":"18 cm  From the Dark side of Eternia\u2122  The cage can move to the dungeon underneath the throne of Skeletor\u2122  Accessories:   The soft goods cloak  As well as belt  Scarf  \u00a0Leg armor  Arm blaster  Laser cannon  Chest armor","og_url":"https:\/\/hobby4geek.com\/es\/producto\/maestros-del-universo-revelacion-masterverso-hombre-de-armas\/","og_site_name":"Hobby4Geek","article_publisher":"https:\/\/www.facebook.com\/hobby4geek","article_modified_time":"2024-05-12T11:54:20+00:00","og_image":[{"width":720,"height":720,"url":"https:\/\/hobby4geek.com\/wp-content\/uploads\/2023\/10\/masters-of-the-universe-revelation-masterverse-man-at-arms.jpg","type":"image\/jpeg"}],"twitter_card":"summary_large_image","twitter_site":"@hobby4geek","schema":{"@context":"https:\/\/schema.org","@graph":[{"@type":"WebPage","@id":"https:\/\/hobby4geek.com\/product\/masters-of-the-universe-revelation-masterverse-man-at-arms\/","url":"https:\/\/hobby4geek.com\/product\/masters-of-the-universe-revelation-masterverse-man-at-arms\/","name":"Masters del Universo: Revelation - Masterverse - Man-At-Arms","isPartOf":{"@id":"https:\/\/hobby4geek.com\/#website"},"primaryImageOfPage":{"@id":"https:\/\/hobby4geek.com\/product\/masters-of-the-universe-revelation-masterverse-man-at-arms\/#primaryimage"},"image":{"@id":"https:\/\/hobby4geek.com\/product\/masters-of-the-universe-revelation-masterverse-man-at-arms\/#primaryimage"},"thumbnailUrl":"https:\/\/hobby4geek.com\/wp-content\/uploads\/2023\/10\/masters-of-the-universe-revelation-masterverse-man-at-arms.jpg","datePublished":"2023-10-09T14:08:38+00:00","dateModified":"2024-05-12T11:54:20+00:00","breadcrumb":{"@id":"https:\/\/hobby4geek.com\/product\/masters-of-the-universe-revelation-masterverse-man-at-arms\/#breadcrumb"},"inLanguage":"es","potentialAction":[{"@type":"ReadAction","target":["https:\/\/hobby4geek.com\/product\/masters-of-the-universe-revelation-masterverse-man-at-arms\/"]}]},{"@type":"ImageObject","inLanguage":"es","@id":"https:\/\/hobby4geek.com\/product\/masters-of-the-universe-revelation-masterverse-man-at-arms\/#primaryimage","url":"https:\/\/hobby4geek.com\/wp-content\/uploads\/2023\/10\/masters-of-the-universe-revelation-masterverse-man-at-arms.jpg","contentUrl":"https:\/\/hobby4geek.com\/wp-content\/uploads\/2023\/10\/masters-of-the-universe-revelation-masterverse-man-at-arms.jpg","width":720,"height":720},{"@type":"BreadcrumbList","@id":"https:\/\/hobby4geek.com\/product\/masters-of-the-universe-revelation-masterverse-man-at-arms\/#breadcrumb","itemListElement":[{"@type":"ListItem","position":1,"name":"Home","item":"https:\/\/hobby4geek.com\/"},{"@type":"ListItem","position":2,"name":"Shop","item":"https:\/\/hobby4geek.com\/shop\/"},{"@type":"ListItem","position":3,"name":"Masters of the Universe: Revelation &#8211; Masterverse &#8211; Man-At-Arms"}]},{"@type":"WebSite","@id":"https:\/\/hobby4geek.com\/#website","url":"https:\/\/hobby4geek.com\/","name":"Hobby4Geek","description":"Coleccionar, jugar y exhibir, abrazar su frikismo","publisher":{"@id":"https:\/\/hobby4geek.com\/#organization"},"potentialAction":[{"@type":"SearchAction","target":{"@type":"EntryPoint","urlTemplate":"https:\/\/hobby4geek.com\/?s={search_term_string}"},"query-input":{"@type":"PropertyValueSpecification","valueRequired":true,"valueName":"search_term_string"}}],"inLanguage":"es"},{"@type":"Organization","@id":"https:\/\/hobby4geek.com\/#organization","name":"Hobby4Geek","url":"https:\/\/hobby4geek.com\/","logo":{"@type":"ImageObject","inLanguage":"es","@id":"https:\/\/hobby4geek.com\/#\/schema\/logo\/image\/","url":"https:\/\/hobby4geek.com\/wp-content\/uploads\/2023\/02\/default-kit.png","contentUrl":"https:\/\/hobby4geek.com\/wp-content\/uploads\/2023\/02\/default-kit.png","width":600,"height":600,"caption":"Hobby4Geek"},"image":{"@id":"https:\/\/hobby4geek.com\/#\/schema\/logo\/image\/"},"sameAs":["https:\/\/www.facebook.com\/hobby4geek","https:\/\/x.com\/hobby4geek","https:\/\/www.instagram.com\/hobby4geek\/"]}]},"product_brand":"Masters of the Universe","product_price_amount":"31.80","product_price_currency":"EUR","og_availability":"out of stock","product_availability":"out of stock","product_retailer_item_id":"0194735243563","product_condition":"new"},"_links":{"self":[{"href":"https:\/\/hobby4geek.com\/es\/wp-json\/wp\/v2\/product\/189862","targetHints":{"allow":["GET"]}}],"collection":[{"href":"https:\/\/hobby4geek.com\/es\/wp-json\/wp\/v2\/product"}],"about":[{"href":"https:\/\/hobby4geek.com\/es\/wp-json\/wp\/v2\/types\/product"}],"replies":[{"embeddable":true,"href":"https:\/\/hobby4geek.com\/es\/wp-json\/wp\/v2\/comments?post=189862"}],"version-history":[{"count":0,"href":"https:\/\/hobby4geek.com\/es\/wp-json\/wp\/v2\/product\/189862\/revisions"}],"wp:featuredmedia":[{"embeddable":true,"href":"https:\/\/hobby4geek.com\/es\/wp-json\/wp\/v2\/media\/189863"}],"wp:attachment":[{"href":"https:\/\/hobby4geek.com\/es\/wp-json\/wp\/v2\/media?parent=189862"}],"wp:term":[{"taxonomy":"product_brand","embeddable":true,"href":"https:\/\/hobby4geek.com\/es\/wp-json\/wp\/v2\/product_brand?post=189862"},{"taxonomy":"product_cat","embeddable":true,"href":"https:\/\/hobby4geek.com\/es\/wp-json\/wp\/v2\/product_cat?post=189862"},{"taxonomy":"product_tag","embeddable":true,"href":"https:\/\/hobby4geek.com\/es\/wp-json\/wp\/v2\/product_tag?post=189862"},{"taxonomy":"giftcard-category","embeddable":true,"href":"https:\/\/hobby4geek.com\/es\/wp-json\/wp\/v2\/giftcard-category?post=189862"}],"curies":[{"name":"wp","href":"https:\/\/api.w.org\/{rel}","templated":true}]}}